{"id":703,"date":"2019-03-28T11:41:12","date_gmt":"2019-03-28T11:41:12","guid":{"rendered":"http:\/\/icrpolska.e-ksperci.pl\/?page_id=703"},"modified":"2022-09-07T23:30:55","modified_gmt":"2022-09-07T21:30:55","slug":"badania-emc-i-red","status":"publish","type":"page","link":"https:\/\/icrturkey.com\/tr\/badania-wyrobow\/badania-emc-i-red\/","title":{"rendered":"LVD, EMC ve RED testleri"},"content":{"rendered":"<p><span style=\"font-weight: 400;\">Elektrikli ve elektronik ekipmanlar\u0131 LVD, EMC ve RED direktifleri ile uyumlu standartlar\u0131n gerekliliklerine g\u00f6re test ediyoruz. Hem ortak kullan\u0131m ekipmanlar\u0131n\u0131 hem de otomasyon bile\u015fenlerini, \u00f6l\u00e7\u00fcm sistemlerini veya t\u0131bbi cihazlar\u0131 test ediyoruz.<\/span><\/p>\r\n<p><span style=\"font-weight: 400;\">LVD, EMC ve RED direktifleri kapsam\u0131ndaki akreditasyonumuz kapsam\u0131nda elektrikli ve elektronik \u00fcr\u00fcnlerin testlerini, di\u011ferlerinin yan\u0131 s\u0131ra a\u015fa\u011f\u0131daki \u00fcr\u00fcn gruplar\u0131 i\u00e7in de ger\u00e7ekle\u015ftiriyoruz:<\/span><\/p>\r\n<ul>\r\n<li style=\"font-weight: 400;\"><span style=\"font-weight: 400;\">ayd\u0131nlatma ekipman\u0131;<\/span><\/li>\r\n<li style=\"font-weight: 400;\"><span style=\"font-weight: 400;\">t\u00fcketici elektroni\u011fi ve beyaz e\u015fya;<\/span><\/li>\r\n<li style=\"font-weight: 400;\"><span style=\"font-weight: 400;\">in vitro diagnostik dahil t\u0131bbi cihazlar;<\/span><\/li>\r\n<li style=\"font-weight: 400;\"><span style=\"font-weight: 400;\">radyo ekipman\u0131 da dahil olmak \u00fczere, ofis ve BT ekipmanlar\u0131;<\/span><\/li>\r\n<li style=\"font-weight: 400;\"><span style=\"font-weight: 400;\">ev otomasyonu radyo ekipman\u0131;<\/span><\/li>\r\n<li style=\"font-weight: 400;\"><span style=\"font-weight: 400;\">otomatik elektrikli ve elektronik kontrol\u00f6rler;<\/span><\/li>\r\n<li style=\"font-weight: 400;\"><span style=\"font-weight: 400;\">elektronik \u00f6l\u00e7\u00fcm cihazlar\u0131;<\/span><\/li>\r\n<li style=\"font-weight: 400;\"><span style=\"font-weight: 400;\">end\u00fcstriyel su ve alan \u0131s\u0131tma ve so\u011futma ekipmanlar\u0131;<\/span><\/li>\r\n<li style=\"font-weight: 400;\"><span style=\"font-weight: 400;\">hava temizleme, nemlendirme ve iklimlendirme ekipmanlar\u0131;<\/span><\/li>\r\n<li style=\"font-weight: 400;\"><span style=\"font-weight: 400;\">ki\u015fisel bak\u0131m cihazlar\u0131;<\/span><\/li>\r\n<li style=\"font-weight: 400;\"><span style=\"font-weight: 400;\">elektrikli aletler;<\/span><\/li>\r\n<li style=\"font-weight: 400;\"><span style=\"font-weight: 400;\">potansiyel olarak patlay\u0131c\u0131 ortamlarda kullan\u0131lmas\u0131 ama\u00e7lanan elektrikli ve elektriksiz ekipmanlar, bile\u015fenler ve sistemler;<\/span><\/li>\r\n<li style=\"font-weight: 400;\"><span style=\"font-weight: 400;\">otomotiv end\u00fcstrisi i\u00e7in elektrikli ve elektronik ekipman (otomotiv).<\/span><\/li>\r\n<\/ul>\r\n\r\n<ul class=\"wp-block-gallery columns-3 is-cropped wp-block-gallery-1 is-layout-flex wp-block-gallery-is-layout-flex\">\r\n<li class=\"blocks-gallery-item\">\r\n<figure><a href=\"http:\/\/nowa.icrpolska.com\/wp-content\/uploads\/2019\/05\/icr-badania-LVD-EMC-RED-1.jpeg\"><img fetchpriority=\"high\" decoding=\"async\" class=\"alignnone wp-image-2170\" src=\"http:\/\/nowa.icrpolska.com\/wp-content\/uploads\/2019\/05\/icr-badania-LVD-EMC-RED-1.jpeg\" alt=\"LVD, EMC ve RED testleri\" width=\"768\" height=\"515\" data-id=\"2170\" data-link=\"http:\/\/nowa.icrpolska.com\/badania\/icr-badania-lvd-emc-red-1\/\" srcset=\"https:\/\/icrturkey.com\/wp-content\/uploads\/2019\/05\/icr-badania-LVD-EMC-RED-1.jpeg 768w, https:\/\/icrturkey.com\/wp-content\/uploads\/2019\/05\/icr-badania-LVD-EMC-RED-1-300x201.jpeg 300w\" sizes=\"(max-width: 768px) 100vw, 768px\" \/><\/a><\/figure>\r\n<\/li>\r\n<li class=\"blocks-gallery-item\">\r\n<figure><a href=\"http:\/\/nowa.icrpolska.com\/wp-content\/uploads\/2019\/05\/icr-badania-LVD-EMC-RED-2.jpg\"><img decoding=\"async\" class=\"alignnone wp-image-2171\" src=\"http:\/\/nowa.icrpolska.com\/wp-content\/uploads\/2019\/05\/icr-badania-LVD-EMC-RED-2.jpg\" alt=\"LVD, EMC ve RED testleri\" width=\"768\" height=\"513\" data-id=\"2171\" data-link=\"http:\/\/nowa.icrpolska.com\/badania\/icr-badania-lvd-emc-red-2\/\" srcset=\"https:\/\/icrturkey.com\/wp-content\/uploads\/2019\/05\/icr-badania-LVD-EMC-RED-2.jpg 768w, https:\/\/icrturkey.com\/wp-content\/uploads\/2019\/05\/icr-badania-LVD-EMC-RED-2-300x200.jpg 300w\" sizes=\"(max-width: 768px) 100vw, 768px\" \/><\/a><\/figure>\r\n<\/li>\r\n<li class=\"blocks-gallery-item\">\r\n<figure><a href=\"http:\/\/nowa.icrpolska.com\/wp-content\/uploads\/2019\/05\/icr-badania-LVD-EMC-RED-3.jpg\"><img decoding=\"async\" class=\"alignnone wp-image-2172\" src=\"http:\/\/nowa.icrpolska.com\/wp-content\/uploads\/2019\/05\/icr-badania-LVD-EMC-RED-3.jpg\" alt=\"LVD, EMC ve RED testleri\" width=\"768\" height=\"513\" data-id=\"2172\" data-link=\"http:\/\/nowa.icrpolska.com\/badania\/icr-badania-lvd-emc-red-3\/\" srcset=\"https:\/\/icrturkey.com\/wp-content\/uploads\/2019\/05\/icr-badania-LVD-EMC-RED-3.jpg 768w, https:\/\/icrturkey.com\/wp-content\/uploads\/2019\/05\/icr-badania-LVD-EMC-RED-3-300x200.jpg 300w\" sizes=\"(max-width: 768px) 100vw, 768px\" \/><\/a><\/figure>\r\n<\/li>\r\n<li class=\"blocks-gallery-item\">\r\n<figure><a href=\"http:\/\/nowa.icrpolska.com\/wp-content\/uploads\/2019\/05\/icr-badania-LVD-EMC-RED-4.jpg\"><img loading=\"lazy\" decoding=\"async\" class=\"alignnone wp-image-2173\" src=\"http:\/\/nowa.icrpolska.com\/wp-content\/uploads\/2019\/05\/icr-badania-LVD-EMC-RED-4.jpg\" alt=\"LVD, EMC ve RED testleri\" width=\"768\" height=\"513\" data-id=\"2173\" data-link=\"http:\/\/nowa.icrpolska.com\/badania\/icr-badania-lvd-emc-red-4\/\" srcset=\"https:\/\/icrturkey.com\/wp-content\/uploads\/2019\/05\/icr-badania-LVD-EMC-RED-4.jpg 768w, https:\/\/icrturkey.com\/wp-content\/uploads\/2019\/05\/icr-badania-LVD-EMC-RED-4-300x200.jpg 300w\" sizes=\"(max-width: 768px) 100vw, 768px\" \/><\/a><\/figure>\r\n<\/li>\r\n<\/ul>","protected":false},"excerpt":{"rendered":"<p>Elektrikli ve elektronik ekipmanlar\u0131 LVD, EMC ve RED direktifleri ile uyumlu standartlar\u0131n gerekliliklerine g\u00f6re test ediyoruz. Hem ortak kullan\u0131m ekipmanlar\u0131n\u0131 hem de otomasyon bile\u015fenlerini, \u00f6l\u00e7\u00fcm sistemlerini veya t\u0131bbi cihazlar\u0131 test ediyoruz. LVD, EMC ve RED direktifleri kapsam\u0131ndaki akreditasyonumuz kapsam\u0131nda elektrikli ve elektronik \u00fcr\u00fcnlerin testlerini, di\u011ferlerinin yan\u0131 s\u0131ra a\u015fa\u011f\u0131daki \u00fcr\u00fcn gruplar\u0131 i\u00e7in ger\u00e7ekle\u015ftiriyoruz:...&nbsp;<a href=\"https:\/\/icrturkey.com\/tr\/badania-wyrobow\/badania-emc-i-red\/\" rel=\"bookmark\">Daha fazlas\u0131n\u0131 oku \"<span class=\"screen-reader-text\">LVD, EMC ve RED testleri<\/span><\/a><\/p>","protected":false},"author":1,"featured_media":0,"parent":979,"menu_order":0,"comment_status":"closed","ping_status":"closed","template":"","meta":{"neve_meta_sidebar":"","neve_meta_container":"","neve_meta_enable_content_width":"off","neve_meta_content_width":70,"neve_meta_title_alignment":"","neve_meta_author_avatar":"","neve_post_elements_order":"","neve_meta_disable_header":"","neve_meta_disable_footer":"","neve_meta_disable_title":"","footnotes":""},"class_list":["post-703","page","type-page","status-publish","hentry"],"yoast_head":"<!-- This site is optimized with the Yoast SEO plugin v27.3 - https:\/\/yoast.com\/product\/yoast-seo-wordpress\/ -->\n<title>Badania LVD, EMC i RED - ICR TURKEY - tests and certification<\/title>\n<meta name=\"robots\" content=\"index, follow, max-snippet:-1, max-image-preview:large, max-video-preview:-1\" \/>\n<link rel=\"canonical\" href=\"https:\/\/icrturkey.com\/tr\/badania-wyrobow\/badania-emc-i-red\/\" \/>\n<meta property=\"og:locale\" content=\"tr_TR\" \/>\n<meta property=\"og:type\" content=\"article\" \/>\n<meta property=\"og:title\" content=\"Badania LVD, EMC i RED - ICR TURKEY - tests and certification\" \/>\n<meta property=\"og:description\" content=\"Wykonujemy badania urz\u0105dze\u0144 elektrycznych i elektronicznych zgodnie z wymaganiami norm zharmonizowanych z dyrektywami LVD, EMC oraz RED. Badamy zar\u00f3wno sprz\u0119t powszechnego u\u017cytku, jak i elementy automatyki, systemy pomiarowe lub wyroby medyczne. Wykonujemy badania wyrob\u00f3w elektrycznych i elektronicznych w zakresie posiadanej akredytacji w zakresie obj\u0119tym dyrektywami LVD, EMC oraz RED mi\u0119dzy innymi dla nast\u0119puj\u0105cych grup wyrob\u00f3w:&hellip;&nbsp;Daha fazlas\u0131n\u0131 oku &raquo;Badania LVD, EMC i RED\" \/>\n<meta property=\"og:url\" content=\"https:\/\/icrturkey.com\/tr\/badania-wyrobow\/badania-emc-i-red\/\" \/>\n<meta property=\"og:site_name\" content=\"ICR TURKEY - tests and certification\" \/>\n<meta property=\"article:modified_time\" content=\"2022-09-07T21:30:55+00:00\" \/>\n<meta property=\"og:image\" content=\"http:\/\/nowa.icrpolska.com\/wp-content\/uploads\/2019\/05\/icr-badania-LVD-EMC-RED-1.jpeg\" \/>\n<meta name=\"twitter:card\" content=\"summary_large_image\" \/>\n<meta name=\"twitter:label1\" content=\"Tahmini okuma s\u00fcresi\" \/>\n\t<meta name=\"twitter:data1\" content=\"2 dakika\" \/>\n<script type=\"application\/ld+json\" class=\"yoast-schema-graph\">{\"@context\":\"https:\\\/\\\/schema.org\",\"@graph\":[{\"@type\":\"WebPage\",\"@id\":\"https:\\\/\\\/icrturkey.com\\\/badania-wyrobow\\\/badania-emc-i-red\\\/\",\"url\":\"https:\\\/\\\/icrturkey.com\\\/badania-wyrobow\\\/badania-emc-i-red\\\/\",\"name\":\"Badania LVD, EMC i RED - ICR TURKEY - tests and certification\",\"isPartOf\":{\"@id\":\"https:\\\/\\\/icrturkey.com\\\/#website\"},\"primaryImageOfPage\":{\"@id\":\"https:\\\/\\\/icrturkey.com\\\/badania-wyrobow\\\/badania-emc-i-red\\\/#primaryimage\"},\"image\":{\"@id\":\"https:\\\/\\\/icrturkey.com\\\/badania-wyrobow\\\/badania-emc-i-red\\\/#primaryimage\"},\"thumbnailUrl\":\"http:\\\/\\\/nowa.icrpolska.com\\\/wp-content\\\/uploads\\\/2019\\\/05\\\/icr-badania-LVD-EMC-RED-1.jpeg\",\"datePublished\":\"2019-03-28T11:41:12+00:00\",\"dateModified\":\"2022-09-07T21:30:55+00:00\",\"breadcrumb\":{\"@id\":\"https:\\\/\\\/icrturkey.com\\\/badania-wyrobow\\\/badania-emc-i-red\\\/#breadcrumb\"},\"inLanguage\":\"tr\",\"potentialAction\":[{\"@type\":\"ReadAction\",\"target\":[\"https:\\\/\\\/icrturkey.com\\\/badania-wyrobow\\\/badania-emc-i-red\\\/\"]}]},{\"@type\":\"ImageObject\",\"inLanguage\":\"tr\",\"@id\":\"https:\\\/\\\/icrturkey.com\\\/badania-wyrobow\\\/badania-emc-i-red\\\/#primaryimage\",\"url\":\"http:\\\/\\\/nowa.icrpolska.com\\\/wp-content\\\/uploads\\\/2019\\\/05\\\/icr-badania-LVD-EMC-RED-1.jpeg\",\"contentUrl\":\"http:\\\/\\\/nowa.icrpolska.com\\\/wp-content\\\/uploads\\\/2019\\\/05\\\/icr-badania-LVD-EMC-RED-1.jpeg\"},{\"@type\":\"BreadcrumbList\",\"@id\":\"https:\\\/\\\/icrturkey.com\\\/badania-wyrobow\\\/badania-emc-i-red\\\/#breadcrumb\",\"itemListElement\":[{\"@type\":\"ListItem\",\"position\":1,\"name\":\"Strona g\u0142\u00f3wna\",\"item\":\"https:\\\/\\\/icrturkey.com\\\/\"},{\"@type\":\"ListItem\",\"position\":2,\"name\":\"Badania wyrob\u00f3w\",\"item\":\"https:\\\/\\\/icrturkey.com\\\/badania-wyrobow\\\/\"},{\"@type\":\"ListItem\",\"position\":3,\"name\":\"Badania LVD, EMC i RED\"}]},{\"@type\":\"WebSite\",\"@id\":\"https:\\\/\\\/icrturkey.com\\\/#website\",\"url\":\"https:\\\/\\\/icrturkey.com\\\/\",\"name\":\"ICR TURKEY - tests and certification\",\"description\":\"CE certification, CE certificate, ISO certificate, RED testing, product testing and certification, electrical product testing, medical device testing, ATEX, IECEx, FCC, product certification, EMC testing, machinery certification, CE machines, training, electronic product testing, testing 2014\\\/53\\\/EU, drone certification, ISO 13485 certificate, ISO 9001 certificate, NC RfG\",\"publisher\":{\"@id\":\"https:\\\/\\\/icrturkey.com\\\/#\\\/schema\\\/person\\\/43aa01c7e4d61d03230a6e3e9d4e7ef2\"},\"potentialAction\":[{\"@type\":\"SearchAction\",\"target\":{\"@type\":\"EntryPoint\",\"urlTemplate\":\"https:\\\/\\\/icrturkey.com\\\/?s={search_term_string}\"},\"query-input\":{\"@type\":\"PropertyValueSpecification\",\"valueRequired\":true,\"valueName\":\"search_term_string\"}}],\"inLanguage\":\"tr\"},{\"@type\":[\"Person\",\"Organization\"],\"@id\":\"https:\\\/\\\/icrturkey.com\\\/#\\\/schema\\\/person\\\/43aa01c7e4d61d03230a6e3e9d4e7ef2\",\"name\":\"admin\",\"image\":{\"@type\":\"ImageObject\",\"inLanguage\":\"tr\",\"@id\":\"https:\\\/\\\/icrturkey.com\\\/wp-content\\\/uploads\\\/2019\\\/05\\\/cropped-logo-icr.32f04ad5-1-1.png\",\"url\":\"https:\\\/\\\/icrturkey.com\\\/wp-content\\\/uploads\\\/2019\\\/05\\\/cropped-logo-icr.32f04ad5-1-1.png\",\"contentUrl\":\"https:\\\/\\\/icrturkey.com\\\/wp-content\\\/uploads\\\/2019\\\/05\\\/cropped-logo-icr.32f04ad5-1-1.png\",\"width\":400,\"height\":148,\"caption\":\"admin\"},\"logo\":{\"@id\":\"https:\\\/\\\/icrturkey.com\\\/wp-content\\\/uploads\\\/2019\\\/05\\\/cropped-logo-icr.32f04ad5-1-1.png\"}}]}<\/script>\n<!-- \/ Yoast SEO plugin. -->","yoast_head_json":{"title":"LVD, EMC ve RED testleri - ICR TURKEY - testler ve belgelendirme","robots":{"index":"index","follow":"follow","max-snippet":"max-snippet:-1","max-image-preview":"max-image-preview:large","max-video-preview":"max-video-preview:-1"},"canonical":"https:\/\/icrturkey.com\/tr\/badania-wyrobow\/badania-emc-i-red\/","og_locale":"tr_TR","og_type":"article","og_title":"Badania LVD, EMC i RED - ICR TURKEY - tests and certification","og_description":"Wykonujemy badania urz\u0105dze\u0144 elektrycznych i elektronicznych zgodnie z wymaganiami norm zharmonizowanych z dyrektywami LVD, EMC oraz RED. Badamy zar\u00f3wno sprz\u0119t powszechnego u\u017cytku, jak i elementy automatyki, systemy pomiarowe lub wyroby medyczne. Wykonujemy badania wyrob\u00f3w elektrycznych i elektronicznych w zakresie posiadanej akredytacji w zakresie obj\u0119tym dyrektywami LVD, EMC oraz RED mi\u0119dzy innymi dla nast\u0119puj\u0105cych grup wyrob\u00f3w:&hellip;&nbsp;Daha fazlas\u0131n\u0131 oku &raquo;Badania LVD, EMC i RED","og_url":"https:\/\/icrturkey.com\/tr\/badania-wyrobow\/badania-emc-i-red\/","og_site_name":"ICR TURKEY - tests and certification","article_modified_time":"2022-09-07T21:30:55+00:00","og_image":[{"url":"http:\/\/nowa.icrpolska.com\/wp-content\/uploads\/2019\/05\/icr-badania-LVD-EMC-RED-1.jpeg","type":"","width":"","height":""}],"twitter_card":"summary_large_image","twitter_misc":{"Tahmini okuma s\u00fcresi":"2 dakika"},"schema":{"@context":"https:\/\/schema.org","@graph":[{"@type":"WebPage","@id":"https:\/\/icrturkey.com\/badania-wyrobow\/badania-emc-i-red\/","url":"https:\/\/icrturkey.com\/badania-wyrobow\/badania-emc-i-red\/","name":"LVD, EMC ve RED testleri - ICR TURKEY - testler ve belgelendirme","isPartOf":{"@id":"https:\/\/icrturkey.com\/#website"},"primaryImageOfPage":{"@id":"https:\/\/icrturkey.com\/badania-wyrobow\/badania-emc-i-red\/#primaryimage"},"image":{"@id":"https:\/\/icrturkey.com\/badania-wyrobow\/badania-emc-i-red\/#primaryimage"},"thumbnailUrl":"http:\/\/nowa.icrpolska.com\/wp-content\/uploads\/2019\/05\/icr-badania-LVD-EMC-RED-1.jpeg","datePublished":"2019-03-28T11:41:12+00:00","dateModified":"2022-09-07T21:30:55+00:00","breadcrumb":{"@id":"https:\/\/icrturkey.com\/badania-wyrobow\/badania-emc-i-red\/#breadcrumb"},"inLanguage":"tr","potentialAction":[{"@type":"ReadAction","target":["https:\/\/icrturkey.com\/badania-wyrobow\/badania-emc-i-red\/"]}]},{"@type":"ImageObject","inLanguage":"tr","@id":"https:\/\/icrturkey.com\/badania-wyrobow\/badania-emc-i-red\/#primaryimage","url":"http:\/\/nowa.icrpolska.com\/wp-content\/uploads\/2019\/05\/icr-badania-LVD-EMC-RED-1.jpeg","contentUrl":"http:\/\/nowa.icrpolska.com\/wp-content\/uploads\/2019\/05\/icr-badania-LVD-EMC-RED-1.jpeg"},{"@type":"BreadcrumbList","@id":"https:\/\/icrturkey.com\/badania-wyrobow\/badania-emc-i-red\/#breadcrumb","itemListElement":[{"@type":"ListItem","position":1,"name":"Strona g\u0142\u00f3wna","item":"https:\/\/icrturkey.com\/"},{"@type":"ListItem","position":2,"name":"Badania wyrob\u00f3w","item":"https:\/\/icrturkey.com\/badania-wyrobow\/"},{"@type":"ListItem","position":3,"name":"Badania LVD, EMC i RED"}]},{"@type":"WebSite","@id":"https:\/\/icrturkey.com\/#website","url":"https:\/\/icrturkey.com\/","name":"ICR T\u00dcRK\u0130YE - testler ve belgelendirme","description":"CE sertifikas\u0131, CE sertifikas\u0131, ISO sertifikas\u0131, RED testi, \u00fcr\u00fcn testi ve sertifikasyonu, elektrikli \u00fcr\u00fcn testi, t\u0131bbi cihaz testi, ATEX, IECEx, FCC, \u00fcr\u00fcn sertifikasyonu, EMC testi, makine sertifikasyonu, CE makineleri, e\u011fitim, elektronik \u00fcr\u00fcn testi, 2014\/53\/EU testi, drone sertifikasyonu, ISO 13485 sertifikas\u0131, ISO 9001 sertifikas\u0131, NC RfG","publisher":{"@id":"https:\/\/icrturkey.com\/#\/schema\/person\/43aa01c7e4d61d03230a6e3e9d4e7ef2"},"potentialAction":[{"@type":"SearchAction","target":{"@type":"EntryPoint","urlTemplate":"https:\/\/icrturkey.com\/?s={search_term_string}"},"query-input":{"@type":"PropertyValueSpecification","valueRequired":true,"valueName":"search_term_string"}}],"inLanguage":"tr"},{"@type":["Person","Organization"],"@id":"https:\/\/icrturkey.com\/#\/schema\/person\/43aa01c7e4d61d03230a6e3e9d4e7ef2","name":"Y\u00f6netici","image":{"@type":"ImageObject","inLanguage":"tr","@id":"https:\/\/icrturkey.com\/wp-content\/uploads\/2019\/05\/cropped-logo-icr.32f04ad5-1-1.png","url":"https:\/\/icrturkey.com\/wp-content\/uploads\/2019\/05\/cropped-logo-icr.32f04ad5-1-1.png","contentUrl":"https:\/\/icrturkey.com\/wp-content\/uploads\/2019\/05\/cropped-logo-icr.32f04ad5-1-1.png","width":400,"height":148,"caption":"admin"},"logo":{"@id":"https:\/\/icrturkey.com\/wp-content\/uploads\/2019\/05\/cropped-logo-icr.32f04ad5-1-1.png"}}]}},"_links":{"self":[{"href":"https:\/\/icrturkey.com\/tr\/wp-json\/wp\/v2\/pages\/703","targetHints":{"allow":["GET"]}}],"collection":[{"href":"https:\/\/icrturkey.com\/tr\/wp-json\/wp\/v2\/pages"}],"about":[{"href":"https:\/\/icrturkey.com\/tr\/wp-json\/wp\/v2\/types\/page"}],"author":[{"embeddable":true,"href":"https:\/\/icrturkey.com\/tr\/wp-json\/wp\/v2\/users\/1"}],"replies":[{"embeddable":true,"href":"https:\/\/icrturkey.com\/tr\/wp-json\/wp\/v2\/comments?post=703"}],"version-history":[{"count":4,"href":"https:\/\/icrturkey.com\/tr\/wp-json\/wp\/v2\/pages\/703\/revisions"}],"predecessor-version":[{"id":4762,"href":"https:\/\/icrturkey.com\/tr\/wp-json\/wp\/v2\/pages\/703\/revisions\/4762"}],"up":[{"embeddable":true,"href":"https:\/\/icrturkey.com\/tr\/wp-json\/wp\/v2\/pages\/979"}],"wp:attachment":[{"href":"https:\/\/icrturkey.com\/tr\/wp-json\/wp\/v2\/media?parent=703"}],"curies":[{"name":"wp","href":"https:\/\/api.w.org\/{rel}","templated":true}]}}