{"id":5813,"date":"2022-09-09T10:02:22","date_gmt":"2022-09-09T08:02:22","guid":{"rendered":"https:\/\/icrpolska.com\/?page_id=5813"},"modified":"2022-09-13T14:13:43","modified_gmt":"2022-09-13T12:13:43","slug":"ukca","status":"publish","type":"page","link":"https:\/\/icrturkey.com\/tr\/ukca\/","title":{"rendered":"UKCA"},"content":{"rendered":"<div data-elementor-type=\"wp-page\" data-elementor-id=\"5813\" class=\"elementor elementor-5813\">\n\t\t\t\t\t\t<section class=\"elementor-section elementor-top-section elementor-element elementor-element-6c3c88be elementor-section-boxed elementor-section-height-default elementor-section-height-default\" data-id=\"6c3c88be\" data-element_type=\"section\" data-e-type=\"section\">\n\t\t\t\t\t\t<div class=\"elementor-container elementor-column-gap-default\">\n\t\t\t\t\t<div class=\"elementor-column elementor-col-100 elementor-top-column elementor-element elementor-element-79a24622\" data-id=\"79a24622\" data-element_type=\"column\" data-e-type=\"column\">\n\t\t\t<div class=\"elementor-widget-wrap elementor-element-populated\">\n\t\t\t\t\t\t<div class=\"elementor-element elementor-element-4f7d662f elementor-widget elementor-widget-text-editor\" data-id=\"4f7d662f\" data-element_type=\"widget\" data-e-type=\"widget\" data-widget_type=\"text-editor.default\">\n\t\t\t\t<div class=\"elementor-widget-container\">\n\t\t\t\t\t\t\t\t\t<img fetchpriority=\"high\" decoding=\"async\" class=\"size-full wp-image-5870 alignleft\" src=\"https:\/\/icrturkey.com\/wp-content\/uploads\/2022\/09\/ukca-mark.webp\" alt=\"\" width=\"240\" height=\"240\" srcset=\"https:\/\/icrturkey.com\/wp-content\/uploads\/2022\/09\/ukca-mark.webp 240w, https:\/\/icrturkey.com\/wp-content\/uploads\/2022\/09\/ukca-mark-150x150.webp 150w, https:\/\/icrturkey.com\/wp-content\/uploads\/2022\/09\/ukca-mark-12x12.webp 12w\" sizes=\"(max-width: 240px) 100vw, 240px\" \/><p>UKCA, Birle\u015fik Krall\u0131k'ta (\u0130ngiltere, \u0130sko\u00e7ya ve Galler) pazarlanan \u00fcr\u00fcnler i\u00e7in kullan\u0131lan bir tan\u0131mlamad\u0131r.<\/p>\n<p>UKCA i\u015fareti, daha \u00f6nce CE i\u015faretine tabi olan \u00e7o\u011fu \u00fcr\u00fcn i\u00e7in ge\u00e7erlidir. UKCA i\u015faretlemesi i\u00e7in kar\u015f\u0131lanmas\u0131 gereken teknik gereklilikler (bazen 'temel gereklilikler' olarak da adland\u0131r\u0131l\u0131r) \u00fcr\u00fcne \u00f6zg\u00fc mevzuata ba\u011fl\u0131d\u0131r.<\/p>\n<p>Bu gerekliliklere uyum, belirlenmi\u015f standartlar\u0131n (Birle\u015fik Krall\u0131k'\u0131n uyumla\u015ft\u0131r\u0131lm\u0131\u015f AB standartlar\u0131n\u0131n yerini almak \u00fczere uygulamaya koydu\u011fu) kullan\u0131lmas\u0131 yoluyla da sa\u011flanabilir.<\/p>\n<p>\u00dcreticiler, belirlenen standartlara ba\u011fl\u0131 kalarak, \u00fcr\u00fcnleri i\u00e7in ge\u00e7erli olan ilgili temel gerekliliklere 'uygunluk karinesi' talep edebilirler.<\/p>\n<p>UKCA i\u015fareti \u015fimdi kullan\u0131labilir. Bununla birlikte, \u015firketlere uyum sa\u011flamalar\u0131 i\u00e7in zaman tan\u0131mak amac\u0131yla, \u00e7o\u011fu durumda CE i\u015faretinin 31 Aral\u0131k 2022 saat 23:00'e kadar kullan\u0131lmas\u0131 m\u00fcmk\u00fcn olacakt\u0131r.<\/p>\n<p>Di\u011ferlerinin yan\u0131 s\u0131ra a\u015fa\u011f\u0131daki y\u00f6netmelikler i\u00e7in Birle\u015fik Krall\u0131k i\u00e7in tan\u0131nm\u0131\u015f ve onaylanm\u0131\u015f bir Kurulu\u015f (UKCA) ile birlikte size \u00fcr\u00fcn uygunluk de\u011ferlendirmeleri sunuyoruz:<\/p>\n<p>- Birle\u015fik Krall\u0131k Telsiz Y\u00f6netmeli\u011fi - SI 2017\/1206<\/p>\n<p>- Birle\u015fik Krall\u0131k EMC Y\u00f6netmelikleri - SI 2016\/1091<\/p>\t\t\t\t\t\t\t\t<\/div>\n\t\t\t\t<\/div>\n\t\t\t\t\t<\/div>\n\t\t<\/div>\n\t\t\t\t\t<\/div>\n\t\t<\/section>\n\t\t\t\t<\/div>","protected":false},"excerpt":{"rendered":"<p>UKCA, Birle\u015fik Krall\u0131k'ta (\u0130ngiltere, \u0130sko\u00e7ya ve Galler) pazarlanan \u00fcr\u00fcnler i\u00e7in bir i\u015farettir. UKCA i\u015fareti, daha \u00f6nce CE i\u015faretine tabi olan \u00e7o\u011fu \u00fcr\u00fcn i\u00e7in ge\u00e7erlidir. UKCA i\u015faretlemesi i\u00e7in kar\u015f\u0131lanmas\u0131 gereken teknik gereklilikler (bazen 'temel gereklilikler' olarak da adland\u0131r\u0131l\u0131r) \u00fcr\u00fcne \u00f6zg\u00fc mevzuata ba\u011fl\u0131d\u0131r. Bu gerekliliklere uygunluk.... belirlenmi\u015f standartlar\u0131n kullan\u0131lmas\u0131yla da sa\u011flanabilir.&nbsp;<a href=\"https:\/\/icrturkey.com\/tr\/ukca\/\" rel=\"bookmark\">Daha fazlas\u0131n\u0131 oku \"<span class=\"screen-reader-text\">UKCA<\/span><\/a><\/p>","protected":false},"author":2,"featured_media":0,"parent":0,"menu_order":0,"comment_status":"closed","ping_status":"closed","template":"","meta":{"neve_meta_sidebar":"","neve_meta_container":"","neve_meta_enable_content_width":"off","neve_meta_content_width":70,"neve_meta_title_alignment":"","neve_meta_author_avatar":"","neve_post_elements_order":"","neve_meta_disable_header":"","neve_meta_disable_footer":"","neve_meta_disable_title":"","footnotes":""},"class_list":["post-5813","page","type-page","status-publish","hentry"],"yoast_head":"<!-- This site is optimized with the Yoast SEO plugin v27.3 - https:\/\/yoast.com\/product\/yoast-seo-wordpress\/ -->\n<title>UKCA - ICR TURKEY - tests and certification<\/title>\n<meta name=\"robots\" content=\"index, follow, max-snippet:-1, max-image-preview:large, max-video-preview:-1\" \/>\n<link rel=\"canonical\" href=\"https:\/\/icrturkey.com\/tr\/ukca\/\" \/>\n<meta property=\"og:locale\" content=\"tr_TR\" \/>\n<meta property=\"og:type\" content=\"article\" \/>\n<meta property=\"og:title\" content=\"UKCA - ICR TURKEY - tests and certification\" \/>\n<meta property=\"og:description\" content=\"UKCA\u00a0jest oznaczeniem produkt\u00f3w wprowadzanych na rynek w Wielkiej Brytanii (Anglii, Szkocji i Walii). Oznakowanie UKCA ma zastosowanie do wi\u0119kszo\u015bci produkt\u00f3w wcze\u015bniej podlegaj\u0105cych oznakowaniu CE. Wymagania techniczne (czasami okre\u015blane jako &#8222;zasadnicze wymagania&#8221;), kt\u00f3re musz\u0105 by\u0107 spe\u0142nione dla oznakowania UKCA zale\u017c\u0105 od przepis\u00f3w dotycz\u0105cych konkretnego produktu. Zgodno\u015b\u0107 z tymi wymaganiami mo\u017cna r\u00f3wnie\u017c osi\u0105gn\u0105\u0107 poprzez zastosowanie wyznaczonych norm&hellip;&nbsp;Daha fazlas\u0131n\u0131 oku &raquo;UKCA\" \/>\n<meta property=\"og:url\" content=\"https:\/\/icrturkey.com\/tr\/ukca\/\" \/>\n<meta property=\"og:site_name\" content=\"ICR TURKEY - tests and certification\" \/>\n<meta property=\"article:modified_time\" content=\"2022-09-13T12:13:43+00:00\" \/>\n<meta property=\"og:image\" content=\"https:\/\/icrturkey.com\/wp-content\/uploads\/2022\/09\/ukca-mark.webp\" \/>\n<meta name=\"twitter:card\" content=\"summary_large_image\" \/>\n<meta name=\"twitter:label1\" content=\"Tahmini okuma s\u00fcresi\" \/>\n\t<meta name=\"twitter:data1\" content=\"2 dakika\" \/>\n<script type=\"application\/ld+json\" class=\"yoast-schema-graph\">{\"@context\":\"https:\\\/\\\/schema.org\",\"@graph\":[{\"@type\":\"WebPage\",\"@id\":\"https:\\\/\\\/icrturkey.com\\\/ukca\\\/\",\"url\":\"https:\\\/\\\/icrturkey.com\\\/ukca\\\/\",\"name\":\"UKCA - ICR TURKEY - tests and certification\",\"isPartOf\":{\"@id\":\"https:\\\/\\\/icrturkey.com\\\/#website\"},\"primaryImageOfPage\":{\"@id\":\"https:\\\/\\\/icrturkey.com\\\/ukca\\\/#primaryimage\"},\"image\":{\"@id\":\"https:\\\/\\\/icrturkey.com\\\/ukca\\\/#primaryimage\"},\"thumbnailUrl\":\"https:\\\/\\\/icrturkey.com\\\/wp-content\\\/uploads\\\/2022\\\/09\\\/ukca-mark.webp\",\"datePublished\":\"2022-09-09T08:02:22+00:00\",\"dateModified\":\"2022-09-13T12:13:43+00:00\",\"breadcrumb\":{\"@id\":\"https:\\\/\\\/icrturkey.com\\\/ukca\\\/#breadcrumb\"},\"inLanguage\":\"tr\",\"potentialAction\":[{\"@type\":\"ReadAction\",\"target\":[\"https:\\\/\\\/icrturkey.com\\\/ukca\\\/\"]}]},{\"@type\":\"ImageObject\",\"inLanguage\":\"tr\",\"@id\":\"https:\\\/\\\/icrturkey.com\\\/ukca\\\/#primaryimage\",\"url\":\"https:\\\/\\\/icrturkey.com\\\/wp-content\\\/uploads\\\/2022\\\/09\\\/ukca-mark.webp\",\"contentUrl\":\"https:\\\/\\\/icrturkey.com\\\/wp-content\\\/uploads\\\/2022\\\/09\\\/ukca-mark.webp\"},{\"@type\":\"BreadcrumbList\",\"@id\":\"https:\\\/\\\/icrturkey.com\\\/ukca\\\/#breadcrumb\",\"itemListElement\":[{\"@type\":\"ListItem\",\"position\":1,\"name\":\"Strona g\u0142\u00f3wna\",\"item\":\"https:\\\/\\\/icrturkey.com\\\/\"},{\"@type\":\"ListItem\",\"position\":2,\"name\":\"UKCA\"}]},{\"@type\":\"WebSite\",\"@id\":\"https:\\\/\\\/icrturkey.com\\\/#website\",\"url\":\"https:\\\/\\\/icrturkey.com\\\/\",\"name\":\"ICR TURKEY - tests and certification\",\"description\":\"CE certification, CE certificate, ISO certificate, RED testing, product testing and certification, electrical product testing, medical device testing, ATEX, IECEx, FCC, product certification, EMC testing, machinery certification, CE machines, training, electronic product testing, testing 2014\\\/53\\\/EU, drone certification, ISO 13485 certificate, ISO 9001 certificate, NC RfG\",\"publisher\":{\"@id\":\"https:\\\/\\\/icrturkey.com\\\/#\\\/schema\\\/person\\\/43aa01c7e4d61d03230a6e3e9d4e7ef2\"},\"potentialAction\":[{\"@type\":\"SearchAction\",\"target\":{\"@type\":\"EntryPoint\",\"urlTemplate\":\"https:\\\/\\\/icrturkey.com\\\/?s={search_term_string}\"},\"query-input\":{\"@type\":\"PropertyValueSpecification\",\"valueRequired\":true,\"valueName\":\"search_term_string\"}}],\"inLanguage\":\"tr\"},{\"@type\":[\"Person\",\"Organization\"],\"@id\":\"https:\\\/\\\/icrturkey.com\\\/#\\\/schema\\\/person\\\/43aa01c7e4d61d03230a6e3e9d4e7ef2\",\"name\":\"admin\",\"image\":{\"@type\":\"ImageObject\",\"inLanguage\":\"tr\",\"@id\":\"https:\\\/\\\/icrturkey.com\\\/wp-content\\\/uploads\\\/2019\\\/05\\\/cropped-logo-icr.32f04ad5-1-1.png\",\"url\":\"https:\\\/\\\/icrturkey.com\\\/wp-content\\\/uploads\\\/2019\\\/05\\\/cropped-logo-icr.32f04ad5-1-1.png\",\"contentUrl\":\"https:\\\/\\\/icrturkey.com\\\/wp-content\\\/uploads\\\/2019\\\/05\\\/cropped-logo-icr.32f04ad5-1-1.png\",\"width\":400,\"height\":148,\"caption\":\"admin\"},\"logo\":{\"@id\":\"https:\\\/\\\/icrturkey.com\\\/wp-content\\\/uploads\\\/2019\\\/05\\\/cropped-logo-icr.32f04ad5-1-1.png\"}}]}<\/script>\n<!-- \/ Yoast SEO plugin. -->","yoast_head_json":{"title":"UKCA - ICR T\u00dcRK\u0130YE - testler ve belgelendirme","robots":{"index":"index","follow":"follow","max-snippet":"max-snippet:-1","max-image-preview":"max-image-preview:large","max-video-preview":"max-video-preview:-1"},"canonical":"https:\/\/icrturkey.com\/tr\/ukca\/","og_locale":"tr_TR","og_type":"article","og_title":"UKCA - ICR TURKEY - tests and certification","og_description":"UKCA\u00a0jest oznaczeniem produkt\u00f3w wprowadzanych na rynek w Wielkiej Brytanii (Anglii, Szkocji i Walii). Oznakowanie UKCA ma zastosowanie do wi\u0119kszo\u015bci produkt\u00f3w wcze\u015bniej podlegaj\u0105cych oznakowaniu CE. Wymagania techniczne (czasami okre\u015blane jako &#8222;zasadnicze wymagania&#8221;), kt\u00f3re musz\u0105 by\u0107 spe\u0142nione dla oznakowania UKCA zale\u017c\u0105 od przepis\u00f3w dotycz\u0105cych konkretnego produktu. Zgodno\u015b\u0107 z tymi wymaganiami mo\u017cna r\u00f3wnie\u017c osi\u0105gn\u0105\u0107 poprzez zastosowanie wyznaczonych norm&hellip;&nbsp;Daha fazlas\u0131n\u0131 oku &raquo;UKCA","og_url":"https:\/\/icrturkey.com\/tr\/ukca\/","og_site_name":"ICR TURKEY - tests and certification","article_modified_time":"2022-09-13T12:13:43+00:00","og_image":[{"url":"https:\/\/icrturkey.com\/wp-content\/uploads\/2022\/09\/ukca-mark.webp","type":"","width":"","height":""}],"twitter_card":"summary_large_image","twitter_misc":{"Tahmini okuma s\u00fcresi":"2 dakika"},"schema":{"@context":"https:\/\/schema.org","@graph":[{"@type":"WebPage","@id":"https:\/\/icrturkey.com\/ukca\/","url":"https:\/\/icrturkey.com\/ukca\/","name":"UKCA - ICR T\u00dcRK\u0130YE - testler ve belgelendirme","isPartOf":{"@id":"https:\/\/icrturkey.com\/#website"},"primaryImageOfPage":{"@id":"https:\/\/icrturkey.com\/ukca\/#primaryimage"},"image":{"@id":"https:\/\/icrturkey.com\/ukca\/#primaryimage"},"thumbnailUrl":"https:\/\/icrturkey.com\/wp-content\/uploads\/2022\/09\/ukca-mark.webp","datePublished":"2022-09-09T08:02:22+00:00","dateModified":"2022-09-13T12:13:43+00:00","breadcrumb":{"@id":"https:\/\/icrturkey.com\/ukca\/#breadcrumb"},"inLanguage":"tr","potentialAction":[{"@type":"ReadAction","target":["https:\/\/icrturkey.com\/ukca\/"]}]},{"@type":"ImageObject","inLanguage":"tr","@id":"https:\/\/icrturkey.com\/ukca\/#primaryimage","url":"https:\/\/icrturkey.com\/wp-content\/uploads\/2022\/09\/ukca-mark.webp","contentUrl":"https:\/\/icrturkey.com\/wp-content\/uploads\/2022\/09\/ukca-mark.webp"},{"@type":"BreadcrumbList","@id":"https:\/\/icrturkey.com\/ukca\/#breadcrumb","itemListElement":[{"@type":"ListItem","position":1,"name":"Strona g\u0142\u00f3wna","item":"https:\/\/icrturkey.com\/"},{"@type":"ListItem","position":2,"name":"UKCA"}]},{"@type":"WebSite","@id":"https:\/\/icrturkey.com\/#website","url":"https:\/\/icrturkey.com\/","name":"ICR T\u00dcRK\u0130YE - testler ve belgelendirme","description":"CE sertifikas\u0131, CE sertifikas\u0131, ISO sertifikas\u0131, RED testi, \u00fcr\u00fcn testi ve sertifikasyonu, elektrikli \u00fcr\u00fcn testi, t\u0131bbi cihaz testi, ATEX, IECEx, FCC, \u00fcr\u00fcn sertifikasyonu, EMC testi, makine sertifikasyonu, CE makineleri, e\u011fitim, elektronik \u00fcr\u00fcn testi, 2014\/53\/EU testi, drone sertifikasyonu, ISO 13485 sertifikas\u0131, ISO 9001 sertifikas\u0131, NC RfG","publisher":{"@id":"https:\/\/icrturkey.com\/#\/schema\/person\/43aa01c7e4d61d03230a6e3e9d4e7ef2"},"potentialAction":[{"@type":"SearchAction","target":{"@type":"EntryPoint","urlTemplate":"https:\/\/icrturkey.com\/?s={search_term_string}"},"query-input":{"@type":"PropertyValueSpecification","valueRequired":true,"valueName":"search_term_string"}}],"inLanguage":"tr"},{"@type":["Person","Organization"],"@id":"https:\/\/icrturkey.com\/#\/schema\/person\/43aa01c7e4d61d03230a6e3e9d4e7ef2","name":"Y\u00f6netici","image":{"@type":"ImageObject","inLanguage":"tr","@id":"https:\/\/icrturkey.com\/wp-content\/uploads\/2019\/05\/cropped-logo-icr.32f04ad5-1-1.png","url":"https:\/\/icrturkey.com\/wp-content\/uploads\/2019\/05\/cropped-logo-icr.32f04ad5-1-1.png","contentUrl":"https:\/\/icrturkey.com\/wp-content\/uploads\/2019\/05\/cropped-logo-icr.32f04ad5-1-1.png","width":400,"height":148,"caption":"admin"},"logo":{"@id":"https:\/\/icrturkey.com\/wp-content\/uploads\/2019\/05\/cropped-logo-icr.32f04ad5-1-1.png"}}]}},"_links":{"self":[{"href":"https:\/\/icrturkey.com\/tr\/wp-json\/wp\/v2\/pages\/5813","targetHints":{"allow":["GET"]}}],"collection":[{"href":"https:\/\/icrturkey.com\/tr\/wp-json\/wp\/v2\/pages"}],"about":[{"href":"https:\/\/icrturkey.com\/tr\/wp-json\/wp\/v2\/types\/page"}],"author":[{"embeddable":true,"href":"https:\/\/icrturkey.com\/tr\/wp-json\/wp\/v2\/users\/2"}],"replies":[{"embeddable":true,"href":"https:\/\/icrturkey.com\/tr\/wp-json\/wp\/v2\/comments?post=5813"}],"version-history":[{"count":11,"href":"https:\/\/icrturkey.com\/tr\/wp-json\/wp\/v2\/pages\/5813\/revisions"}],"predecessor-version":[{"id":6036,"href":"https:\/\/icrturkey.com\/tr\/wp-json\/wp\/v2\/pages\/5813\/revisions\/6036"}],"wp:attachment":[{"href":"https:\/\/icrturkey.com\/tr\/wp-json\/wp\/v2\/media?parent=5813"}],"curies":[{"name":"wp","href":"https:\/\/api.w.org\/{rel}","templated":true}]}}