{"id":435,"date":"2019-03-19T10:00:59","date_gmt":"2019-03-19T10:00:59","guid":{"rendered":"http:\/\/icrpolska.e-ksperci.pl\/?page_id=435"},"modified":"2023-03-16T14:21:01","modified_gmt":"2023-03-16T13:21:01","slug":"oferty-pracy","status":"publish","type":"page","link":"https:\/\/icrturkey.com\/tr\/oferty-pracy\/","title":{"rendered":"\u0130\u015f f\u0131rsatlar\u0131"},"content":{"rendered":"<p><strong>ICR Polonya <\/strong>Ltd. 2015 y\u0131l\u0131nda ICR Co. \u015firketinin Avrupa \u015fubesi olarak faaliyetlerine ba\u015flam\u0131\u015ft\u0131r.<\/p>\n<p>TIC - Testing-Inspection-Certification alan\u0131nda yurti\u00e7i ve yurtd\u0131\u015f\u0131nda kapsaml\u0131 faaliyetlerimiz bulunmaktad\u0131r.<\/p>\n<p>ICR Polonya, yak\u0131n zamanda 2017\/745 - MDR Y\u00f6netmeli\u011fine g\u00f6re t\u0131bbi cihazlar\u0131n belgelendirilmesi i\u00e7in bir de\u011ferlendirmeden ge\u00e7mi\u015ftir. Bu nedenle yukar\u0131daki alanda deneyim sahibi ve hedeflerimize paralel bir geli\u015fme arzusu olan ki\u015filer aranmaktad\u0131r.<\/p>\n<h3 align=\"center\"><b>T\u0131bbi cihazlar\u0131n sertifikasyonu i\u00e7in uzman\u00a0<\/b><\/h3>\n<p>\u00c7al\u0131\u015fma yeri: Var\u015fova, tam zamanl\u0131<\/p>\n<p><strong>\u0130\u015e TANIMI:<\/strong><\/p>\n<ul>\n<li>T\u0131bbi cihaz dok\u00fcmantasyonunun resmi ve maddi de\u011ferlendirmesini yapmak,<\/li>\n<li>Belgelendirmenin belirli bir a\u015famas\u0131n\u0131 y\u00fcr\u00fcten uzmanlar\u0131n se\u00e7imi ve denetimi,<\/li>\n<li>M\u00fc\u015fterinin tesislerinde yerinde denetimler yapmak (yurt d\u0131\u015f\u0131 dahil seyahat etmeye istekli olmak),<\/li>\n<li>Mevcut m\u00fc\u015fteriler ve potansiyel m\u00fc\u015fterilerle yak\u0131n \u00e7al\u0131\u015fma,<\/li>\n<\/ul>\n<p><strong><b>GEREKS\u0130N\u0130MLER<\/b>:<\/strong><\/p>\n<ul>\n<li>T\u0131bbi cihazlar alan\u0131nda en az 3 y\u0131ll\u0131k \u00f6nemli deneyim,<\/li>\n<li>T\u0131p, biyoteknoloji, t\u0131bbi kimya, t\u0131bbi analitik, biyomedikal m\u00fchendisli\u011fi, malzeme m\u00fchendisli\u011fi ve ilgili alanlarda \u00fcniversite diplomas\u0131,<\/li>\n<li>CE ama\u00e7l\u0131 t\u0131bbi cihazlar i\u00e7in yasal ve normatif gereklilikler hakk\u0131nda bilgi,<\/li>\n<li>Kalite y\u00f6netim sistemleri hakk\u0131nda bilgi,<\/li>\n<li>\u0130leri d\u00fczeyde \u0130ngilizce bilgisi,<\/li>\n<\/ul>\n<p><strong><b>TEKL\u0130F ED\u0130YORUZ<\/b>:<\/strong><\/p>\n<ul>\n<li>Bir i\u015f s\u00f6zle\u015fmesi kapsam\u0131nda istihdam,<\/li>\n<li>Sabit maa\u015f ve performansa ba\u011fl\u0131 prim,<\/li>\n<li>E\u011fitim ve dinamik bir uluslararas\u0131 kurulu\u015fta \u00e7al\u0131\u015fma yoluyla mesleki geli\u015fim f\u0131rsatlar\u0131,<\/li>\n<\/ul>\n<p>\u015eirket bilgileri:<\/p>\n<p><a href=\"https:\/\/icrturkey.com\/tr\/\">https:\/\/icrturkey.com\/<\/a><\/p>\n<p><a href=\"http:\/\/icrqa.com\/\">http:\/\/icrqa.com\/<\/a><\/p>\n<hr \/>\n<h3 align=\"center\"><b>Y\u00f6netim sistemlerinin belgelendirilmesi i\u00e7in uzman\u00a0<\/b><\/h3>\n<p><strong>\u0130\u015e TANIMI:<\/strong><\/p>\n<ul>\n<li>belgelendirme ve g\u00f6zetim s\u00fcre\u00e7lerinin d\u00fczenlenmesi ve kay\u0131tlar\u0131n\u0131n tutulmas\u0131<\/li>\n<li>m\u00fc\u015fteri\u0307 edi\u0307ni\u0307mi\u0307 ve m\u00fc\u015fteri\u0307lerle i\u0307\u015fbi\u0307rli\u0307\u011fi\u0307<\/li>\n<li>denet\u00e7ilerin\/uzmanlar\u0131n i\u015fbirli\u011fi ve g\u00f6zetimi<\/li>\n<li>ulusal ve uluslararas\u0131 m\u00fc\u015fterilerle i\u015fbirli\u011fi<\/li>\n<\/ul>\n<p><b>GEREKS\u0130N\u0130MLER:<\/b><\/p>\n<ul>\n<li>tekni\u0307k \u00fcni\u0307versi\u0307te derecesi\u0307<\/li>\n<li>min. Benzer bir pozisyonda veya \u00fcretim, tasar\u0131m veya ara\u015ft\u0131rma alan\u0131nda teknik bir pozisyonda 2 y\u0131l deneyim<\/li>\n<li>ISO 9001, 14001, 13485 serisi standartlar hakk\u0131nda bilgi<\/li>\n<li>Teknik \u00fcr\u00fcn dok\u00fcmantasyonunu de\u011ferlendirebilecek, m\u00fc\u015fterilerle ileti\u015fim kurabilecek kadar \u0130ngilizce bilgisi<\/li>\n<li>ISO\/IEC 17021 ve ISO\/IEC 17065 bilgisi bir avantaj olacakt\u0131r<\/li>\n<\/ul>\n<p><b>TEKL\u0130F ED\u0130YORUZ:<\/b><\/p>\n<ul>\n<li>s\u00f6zle\u015fmeli veya B2B istihdam<\/li>\n<li>dinamik bir \u015firkette \u00e7al\u0131\u015fmak ve ilgin\u00e7 projelere kat\u0131lmak<\/li>\n<li>esnek ba\u015flang\u0131\u00e7 saatleri (sabah 7.00 - 8.30 aras\u0131),<\/li>\n<li>Rahat bir atmosferde uluslararas\u0131 bir uzman ortam\u0131nda mesleki geli\u015fim f\u0131rsat\u0131,<\/li>\n<li>Yetkilerinizi korumak ve geli\u015ftirmek i\u00e7in \u00f6zel e\u011fitim<\/li>\n<li>yetkinlikle orant\u0131l\u0131 \u00fccretlendirme<\/li>\n<\/ul>\n<p>&nbsp;<\/p>\n<hr \/>\n<p><strong>Ba\u015fvurunuzu g\u00f6nderirken l\u00fctfen yaz\u0131l\u0131 onay\u0131n\u0131z\u0131 da ekleyin:<\/strong><br \/>\nBa\u015fvuru belgelerimde yer alan ki\u015fisel verilerimin i\u015fe al\u0131m s\u00fcreci i\u00e7in gerekli ama\u00e7lar do\u011frultusunda ICR Polska Sp. z o. o. taraf\u0131ndan i\u015flenmesini kabul ediyorum. Yukar\u0131dakilere bak\u0131lmaks\u0131z\u0131n, Veri Y\u00f6neticisinin ilanda belirtilen kriterleri kar\u015f\u0131layan se\u00e7ilmi\u015f ki\u015filerle ileti\u015fime ge\u00e7me hakk\u0131n\u0131 sakl\u0131 tuttu\u011funu size bildirmek isteriz. Ayn\u0131 zamanda, ki\u015fisel verilerin i\u015flenmesiyle ilgili olarak ger\u00e7ek ki\u015filerin korunmas\u0131 ve bu t\u00fcr verilerin serbest dola\u015f\u0131m\u0131na ili\u015fkin ve 95\/46\/EC say\u0131l\u0131 Direktifi (Genel Veri Koruma Y\u00f6netmeli\u011fi) y\u00fcr\u00fcrl\u00fckten kald\u0131ran, bundan b\u00f6yle RODO olarak an\u0131lacak olan 27 Nisan 2016 tarihli ve 2016\/679 say\u0131l\u0131 Avrupa Parlamentosu ve Konsey (AB) Y\u00f6netmeli\u011fi uyar\u0131nca ger\u00e7ekle\u015fen i\u015fe al\u0131mlar\u0131m\u0131zda ki\u015fisel verilerinizin i\u015flenmesine ili\u015fkin olarak size bilgi veriyoruz:<\/p>\n<ol>\n<li>Ba\u015fvuru belgelerinizde belirtilen ki\u015fisel verilerinizin y\u00f6neticisi, merkezi Var\u015fova 03-944, Plac Przymierza 6 adresinde bulunan ve bundan b\u00f6yle Veri Y\u00f6neticisi olarak an\u0131lacak olan ICR Polska Sp. z o.o.'dur.<\/li>\n<li>Veri sorumlusu, \u00f6zellikle haklar\u0131n\u0131z\u0131n kullan\u0131lmas\u0131na ili\u015fkin olarak veri koruma mevzuat\u0131ndan kaynaklanan y\u00fck\u00fcml\u00fcl\u00fcklerin yerine getirilmesinden sorumlu oldu\u011funu beyan eder.<\/li>\n<li>Verilerinizi i\u015flememiz hakk\u0131nda herhangi bir sorunuz varsa, ileti\u015fime ge\u00e7ebilirsiniz: icrpolska@icrqa.com<\/li>\n<li>Ki\u015fisel verileriniz bir ortakl\u0131k kurulmas\u0131 amac\u0131yla i\u015flenecektir.<\/li>\n<li>\u00d6n yaz\u0131, \u00f6zge\u00e7mi\u015f ve\/veya di\u011fer belgelerde ad ve soyad, do\u011fum tarihi, ikamet adresi (posta adresi) ve e\u011fitim ve \u00f6nceki i\u015f ge\u00e7mi\u015fi bilgileri gibi ki\u015fisel verilerin taraf\u0131n\u0131zdan sa\u011flanmas\u0131 iste\u011fe ba\u011fl\u0131d\u0131r, ancak i\u015fe al\u0131m amac\u0131 i\u00e7in gerekli ve zorunludur.  Veriler RODO Madde 6(1)(b) ve \u0130\u015f Kanunu Madde 22(1) \u00a71 temelinde i\u015flenecektir.<\/li>\n<li>E-posta adresiniz, ileti\u015fim telefon numaran\u0131z veya CV'nizde yer alan foto\u011fraf\u0131n\u0131z (resim) gibi di\u011fer verilerin taraf\u0131n\u0131zdan sa\u011flanmas\u0131 iste\u011fe ba\u011fl\u0131d\u0131r ve bunlar\u0131n i\u015flenmesi RODO Madde 6(1)(a) uyar\u0131nca verdi\u011finiz r\u0131za temelinde ger\u00e7ekle\u015fecektir.<\/li>\n<li>Ki\u015fisel verilerinizin al\u0131c\u0131s\u0131 ICR Polska Sp. z o.o. ve i\u015fe al\u0131m s\u00fcrecini y\u00fcr\u00fcten Veri Kontrol\u00f6r\u00fcn\u00fcn yetkili \u00e7al\u0131\u015fanlar\u0131\/i\u015f arkada\u015flar\u0131d\u0131r.<\/li>\n<li>Ki\u015fisel verileriniz i\u015fe al\u0131m s\u00fcresince ve al\u0131nd\u0131ktan sonra en fazla 12 ay boyunca saklanacakt\u0131r.<\/li>\n<li>\u0130zninizle, sa\u011flanan veriler, s\u00f6z konusu izin tarihinden itibaren en fazla 24 ay s\u00fcreyle daha fazla i\u015fe al\u0131m amac\u0131yla saklanacakt\u0131r.<\/li>\n<li>DPA'da belirtilen \u00f6l\u00e7\u00fcde ve ilkelere uygun olarak, verilerinizin i\u00e7eri\u011fine istedi\u011finiz zaman eri\u015fme ve d\u00fczeltme, silme, i\u015flemenin k\u0131s\u0131tlanmas\u0131, veri ta\u015f\u0131nabilirli\u011fi hakk\u0131, itiraz etme hakk\u0131 ve i\u015fleme iznini geri \u00e7ekme hakk\u0131na sahipsiniz.<\/li>\n<li>R\u0131zan\u0131n geri \u00e7ekilmesi, r\u0131zan\u0131n geri \u00e7ekilmesinden \u00f6nce ger\u00e7ekle\u015ftirilen i\u015flemenin yasall\u0131\u011f\u0131n\u0131 etkilemez.<\/li>\n<li>Verilerinizin i\u015flenmesine verdi\u011finiz onay\u0131 geri \u00e7ekmek veya i\u015fe al\u0131m s\u00fcreci s\u0131ras\u0131nda elde edilen verilerin silinmesini talep etmek i\u00e7in l\u00fctfen Veri Kontrol\u00f6r\u00fcn\u00fcn kay\u0131tl\u0131 ofisinin adresine yaz\u0131n veya e-posta ile g\u00f6nderin: icrpolska@icrqa.com<\/li>\n<li>Ki\u015fisel verileriniz \u00fc\u00e7\u00fcnc\u00fc bir \u00fclkeye veya uluslararas\u0131 bir kurulu\u015fa aktar\u0131lmayacakt\u0131r.<\/li>\n<li>Verileriniz, otomatik i\u015fleme sonucunda herhangi bir karar verilebilecek, di\u011fer yasal etkiler \u00fcretilecek veya durumunuz ba\u015fka bir \u015fekilde maddi olarak etkilenecek \u015fekilde otomatik yollarla i\u015flenmeyecektir.<\/li>\n<li>Verilerinizin profili \u00e7\u0131kar\u0131lmayacakt\u0131r.<\/li>\n<li>Sizinle ilgili ki\u015fisel verilerin i\u015flenmesinin yasalara ayk\u0131r\u0131 oldu\u011funu d\u00fc\u015f\u00fcn\u00fcyorsan\u0131z, Ki\u015fisel Verileri Koruma Kurumu Ba\u015fkan\u0131'na \u015fikayette bulunma hakk\u0131na sahipsiniz.<\/li>\n<\/ol>","protected":false},"excerpt":{"rendered":"<p>ICR Polska Sp. z o.o. 2014 y\u0131l\u0131nda ICR Co. \u015firketinin Avrupa \u015fubesi olarak faaliyetlerine ba\u015flam\u0131\u015ft\u0131r. Ltd, Seul, G\u00fcney Kore merkezli uluslararas\u0131 bir test ve belgelendirme kurulu\u015fudur. Yurti\u00e7inde ve yurtd\u0131\u015f\u0131nda TIC - Test-Muayene-Belgelendirme alan\u0131nda kapsaml\u0131 faaliyetlerimiz bulunmaktad\u0131r. ICR Polonya yak\u0131n zamanda 2017\/745 say\u0131l\u0131 Y\u00f6netmeli\u011fe g\u00f6re t\u0131bbi cihazlar\u0131n belgelendirilmesi i\u00e7in bir de\u011ferlendirmeden ge\u00e7mi\u015ftir....&nbsp;<a href=\"https:\/\/icrturkey.com\/tr\/oferty-pracy\/\" rel=\"bookmark\">Daha fazlas\u0131n\u0131 oku \"<span class=\"screen-reader-text\">\u0130\u015f f\u0131rsatlar\u0131<\/span><\/a><\/p>","protected":false},"author":1,"featured_media":259,"parent":0,"menu_order":0,"comment_status":"closed","ping_status":"closed","template":"","meta":{"neve_meta_sidebar":"","neve_meta_container":"","neve_meta_enable_content_width":"off","neve_meta_content_width":70,"neve_meta_title_alignment":"","neve_meta_author_avatar":"","neve_post_elements_order":"","neve_meta_disable_header":"","neve_meta_disable_footer":"","neve_meta_disable_title":"","footnotes":""},"class_list":["post-435","page","type-page","status-publish","has-post-thumbnail","hentry"],"yoast_head":"<!-- This site is optimized with the Yoast SEO plugin v27.3 - https:\/\/yoast.com\/product\/yoast-seo-wordpress\/ -->\n<title>Oferty pracy - ICR TURKEY - tests and certification<\/title>\n<meta name=\"robots\" content=\"index, follow, max-snippet:-1, max-image-preview:large, max-video-preview:-1\" \/>\n<link rel=\"canonical\" href=\"https:\/\/icrturkey.com\/tr\/oferty-pracy\/\" \/>\n<meta property=\"og:locale\" content=\"tr_TR\" \/>\n<meta property=\"og:type\" content=\"article\" \/>\n<meta property=\"og:title\" content=\"Oferty pracy - ICR TURKEY - tests and certification\" \/>\n<meta property=\"og:description\" content=\"ICR Polska Sp. z o.o. rozpocz\u0119\u0142a dzia\u0142alno\u015b\u0107 w 2014 jako Europejski oddzia\u0142 ICR Co. Ltd., mi\u0119dzynarodowej jednostki badawczo-certyfikuj\u0105cej z siedzib\u0105 w Seulu w Korei Po\u0142udniowej. Prowadzimy rozleg\u0142\u0105 dzia\u0142alno\u015b\u0107 w zakresie obszaru TIC \u2013 Testing-Inspection-Certification w kraju i zagranic\u0105. ICR Polska niedawno przesz\u0142a ocen\u0119 pod k\u0105tem uzyskania uprawnie\u0144 w zakresie certyfikacji wyrob\u00f3w medycznych wg Rozporz\u0105dzenia 2017\/745&hellip;&nbsp;Daha fazlas\u0131n\u0131 oku &raquo;Oferty pracy\" \/>\n<meta property=\"og:url\" content=\"https:\/\/icrturkey.com\/tr\/oferty-pracy\/\" \/>\n<meta property=\"og:site_name\" content=\"ICR TURKEY - tests and certification\" \/>\n<meta property=\"article:modified_time\" content=\"2023-03-16T13:21:01+00:00\" \/>\n<meta name=\"twitter:card\" content=\"summary_large_image\" \/>\n<meta name=\"twitter:label1\" content=\"Tahmini okuma s\u00fcresi\" \/>\n\t<meta name=\"twitter:data1\" content=\"6 dakika\" \/>\n<script type=\"application\/ld+json\" class=\"yoast-schema-graph\">{\"@context\":\"https:\\\/\\\/schema.org\",\"@graph\":[{\"@type\":\"WebPage\",\"@id\":\"https:\\\/\\\/icrturkey.com\\\/oferty-pracy\\\/\",\"url\":\"https:\\\/\\\/icrturkey.com\\\/oferty-pracy\\\/\",\"name\":\"Oferty pracy - ICR TURKEY - tests and certification\",\"isPartOf\":{\"@id\":\"https:\\\/\\\/icrturkey.com\\\/#website\"},\"primaryImageOfPage\":{\"@id\":\"https:\\\/\\\/icrturkey.com\\\/oferty-pracy\\\/#primaryimage\"},\"image\":{\"@id\":\"https:\\\/\\\/icrturkey.com\\\/oferty-pracy\\\/#primaryimage\"},\"thumbnailUrl\":\"\",\"datePublished\":\"2019-03-19T10:00:59+00:00\",\"dateModified\":\"2023-03-16T13:21:01+00:00\",\"breadcrumb\":{\"@id\":\"https:\\\/\\\/icrturkey.com\\\/oferty-pracy\\\/#breadcrumb\"},\"inLanguage\":\"tr\",\"potentialAction\":[{\"@type\":\"ReadAction\",\"target\":[\"https:\\\/\\\/icrturkey.com\\\/oferty-pracy\\\/\"]}]},{\"@type\":\"ImageObject\",\"inLanguage\":\"tr\",\"@id\":\"https:\\\/\\\/icrturkey.com\\\/oferty-pracy\\\/#primaryimage\",\"url\":\"\",\"contentUrl\":\"\"},{\"@type\":\"BreadcrumbList\",\"@id\":\"https:\\\/\\\/icrturkey.com\\\/oferty-pracy\\\/#breadcrumb\",\"itemListElement\":[{\"@type\":\"ListItem\",\"position\":1,\"name\":\"Strona g\u0142\u00f3wna\",\"item\":\"https:\\\/\\\/icrturkey.com\\\/\"},{\"@type\":\"ListItem\",\"position\":2,\"name\":\"Oferty pracy\"}]},{\"@type\":\"WebSite\",\"@id\":\"https:\\\/\\\/icrturkey.com\\\/#website\",\"url\":\"https:\\\/\\\/icrturkey.com\\\/\",\"name\":\"ICR TURKEY - tests and certification\",\"description\":\"CE certification, CE certificate, ISO certificate, RED testing, product testing and certification, electrical product testing, medical device testing, ATEX, IECEx, FCC, product certification, EMC testing, machinery certification, CE machines, training, electronic product testing, testing 2014\\\/53\\\/EU, drone certification, ISO 13485 certificate, ISO 9001 certificate, NC RfG\",\"publisher\":{\"@id\":\"https:\\\/\\\/icrturkey.com\\\/#\\\/schema\\\/person\\\/43aa01c7e4d61d03230a6e3e9d4e7ef2\"},\"potentialAction\":[{\"@type\":\"SearchAction\",\"target\":{\"@type\":\"EntryPoint\",\"urlTemplate\":\"https:\\\/\\\/icrturkey.com\\\/?s={search_term_string}\"},\"query-input\":{\"@type\":\"PropertyValueSpecification\",\"valueRequired\":true,\"valueName\":\"search_term_string\"}}],\"inLanguage\":\"tr\"},{\"@type\":[\"Person\",\"Organization\"],\"@id\":\"https:\\\/\\\/icrturkey.com\\\/#\\\/schema\\\/person\\\/43aa01c7e4d61d03230a6e3e9d4e7ef2\",\"name\":\"admin\",\"image\":{\"@type\":\"ImageObject\",\"inLanguage\":\"tr\",\"@id\":\"https:\\\/\\\/icrturkey.com\\\/wp-content\\\/uploads\\\/2019\\\/05\\\/cropped-logo-icr.32f04ad5-1-1.png\",\"url\":\"https:\\\/\\\/icrturkey.com\\\/wp-content\\\/uploads\\\/2019\\\/05\\\/cropped-logo-icr.32f04ad5-1-1.png\",\"contentUrl\":\"https:\\\/\\\/icrturkey.com\\\/wp-content\\\/uploads\\\/2019\\\/05\\\/cropped-logo-icr.32f04ad5-1-1.png\",\"width\":400,\"height\":148,\"caption\":\"admin\"},\"logo\":{\"@id\":\"https:\\\/\\\/icrturkey.com\\\/wp-content\\\/uploads\\\/2019\\\/05\\\/cropped-logo-icr.32f04ad5-1-1.png\"}}]}<\/script>\n<!-- \/ Yoast SEO plugin. -->","yoast_head_json":{"title":"A\u00e7\u0131k \u0130\u015f \u0130lanlar\u0131 - ICR T\u00dcRK\u0130YE - Testler ve Belgelendirme","robots":{"index":"index","follow":"follow","max-snippet":"max-snippet:-1","max-image-preview":"max-image-preview:large","max-video-preview":"max-video-preview:-1"},"canonical":"https:\/\/icrturkey.com\/tr\/oferty-pracy\/","og_locale":"tr_TR","og_type":"article","og_title":"Oferty pracy - ICR TURKEY - tests and certification","og_description":"ICR Polska Sp. z o.o. rozpocz\u0119\u0142a dzia\u0142alno\u015b\u0107 w 2014 jako Europejski oddzia\u0142 ICR Co. Ltd., mi\u0119dzynarodowej jednostki badawczo-certyfikuj\u0105cej z siedzib\u0105 w Seulu w Korei Po\u0142udniowej. Prowadzimy rozleg\u0142\u0105 dzia\u0142alno\u015b\u0107 w zakresie obszaru TIC \u2013 Testing-Inspection-Certification w kraju i zagranic\u0105. ICR Polska niedawno przesz\u0142a ocen\u0119 pod k\u0105tem uzyskania uprawnie\u0144 w zakresie certyfikacji wyrob\u00f3w medycznych wg Rozporz\u0105dzenia 2017\/745&hellip;&nbsp;Daha fazlas\u0131n\u0131 oku &raquo;Oferty pracy","og_url":"https:\/\/icrturkey.com\/tr\/oferty-pracy\/","og_site_name":"ICR TURKEY - tests and certification","article_modified_time":"2023-03-16T13:21:01+00:00","twitter_card":"summary_large_image","twitter_misc":{"Tahmini okuma s\u00fcresi":"6 dakika"},"schema":{"@context":"https:\/\/schema.org","@graph":[{"@type":"WebPage","@id":"https:\/\/icrturkey.com\/oferty-pracy\/","url":"https:\/\/icrturkey.com\/oferty-pracy\/","name":"A\u00e7\u0131k \u0130\u015f \u0130lanlar\u0131 - ICR T\u00dcRK\u0130YE - Testler ve Belgelendirme","isPartOf":{"@id":"https:\/\/icrturkey.com\/#website"},"primaryImageOfPage":{"@id":"https:\/\/icrturkey.com\/oferty-pracy\/#primaryimage"},"image":{"@id":"https:\/\/icrturkey.com\/oferty-pracy\/#primaryimage"},"thumbnailUrl":"","datePublished":"2019-03-19T10:00:59+00:00","dateModified":"2023-03-16T13:21:01+00:00","breadcrumb":{"@id":"https:\/\/icrturkey.com\/oferty-pracy\/#breadcrumb"},"inLanguage":"tr","potentialAction":[{"@type":"ReadAction","target":["https:\/\/icrturkey.com\/oferty-pracy\/"]}]},{"@type":"ImageObject","inLanguage":"tr","@id":"https:\/\/icrturkey.com\/oferty-pracy\/#primaryimage","url":"","contentUrl":""},{"@type":"BreadcrumbList","@id":"https:\/\/icrturkey.com\/oferty-pracy\/#breadcrumb","itemListElement":[{"@type":"ListItem","position":1,"name":"Strona g\u0142\u00f3wna","item":"https:\/\/icrturkey.com\/"},{"@type":"ListItem","position":2,"name":"Oferty pracy"}]},{"@type":"WebSite","@id":"https:\/\/icrturkey.com\/#website","url":"https:\/\/icrturkey.com\/","name":"ICR T\u00dcRK\u0130YE - testler ve belgelendirme","description":"CE sertifikas\u0131, CE sertifikas\u0131, ISO sertifikas\u0131, RED testi, \u00fcr\u00fcn testi ve sertifikasyonu, elektrikli \u00fcr\u00fcn testi, t\u0131bbi cihaz testi, ATEX, IECEx, FCC, \u00fcr\u00fcn sertifikasyonu, EMC testi, makine sertifikasyonu, CE makineleri, e\u011fitim, elektronik \u00fcr\u00fcn testi, 2014\/53\/EU testi, drone sertifikasyonu, ISO 13485 sertifikas\u0131, ISO 9001 sertifikas\u0131, NC RfG","publisher":{"@id":"https:\/\/icrturkey.com\/#\/schema\/person\/43aa01c7e4d61d03230a6e3e9d4e7ef2"},"potentialAction":[{"@type":"SearchAction","target":{"@type":"EntryPoint","urlTemplate":"https:\/\/icrturkey.com\/?s={search_term_string}"},"query-input":{"@type":"PropertyValueSpecification","valueRequired":true,"valueName":"search_term_string"}}],"inLanguage":"tr"},{"@type":["Person","Organization"],"@id":"https:\/\/icrturkey.com\/#\/schema\/person\/43aa01c7e4d61d03230a6e3e9d4e7ef2","name":"Y\u00f6netici","image":{"@type":"ImageObject","inLanguage":"tr","@id":"https:\/\/icrturkey.com\/wp-content\/uploads\/2019\/05\/cropped-logo-icr.32f04ad5-1-1.png","url":"https:\/\/icrturkey.com\/wp-content\/uploads\/2019\/05\/cropped-logo-icr.32f04ad5-1-1.png","contentUrl":"https:\/\/icrturkey.com\/wp-content\/uploads\/2019\/05\/cropped-logo-icr.32f04ad5-1-1.png","width":400,"height":148,"caption":"admin"},"logo":{"@id":"https:\/\/icrturkey.com\/wp-content\/uploads\/2019\/05\/cropped-logo-icr.32f04ad5-1-1.png"}}]}},"_links":{"self":[{"href":"https:\/\/icrturkey.com\/tr\/wp-json\/wp\/v2\/pages\/435","targetHints":{"allow":["GET"]}}],"collection":[{"href":"https:\/\/icrturkey.com\/tr\/wp-json\/wp\/v2\/pages"}],"about":[{"href":"https:\/\/icrturkey.com\/tr\/wp-json\/wp\/v2\/types\/page"}],"author":[{"embeddable":true,"href":"https:\/\/icrturkey.com\/tr\/wp-json\/wp\/v2\/users\/1"}],"replies":[{"embeddable":true,"href":"https:\/\/icrturkey.com\/tr\/wp-json\/wp\/v2\/comments?post=435"}],"version-history":[{"count":3,"href":"https:\/\/icrturkey.com\/tr\/wp-json\/wp\/v2\/pages\/435\/revisions"}],"predecessor-version":[{"id":9162,"href":"https:\/\/icrturkey.com\/tr\/wp-json\/wp\/v2\/pages\/435\/revisions\/9162"}],"wp:featuredmedia":[{"embeddable":true,"href":"https:\/\/icrturkey.com\/tr\/wp-json\/"}],"wp:attachment":[{"href":"https:\/\/icrturkey.com\/tr\/wp-json\/wp\/v2\/media?parent=435"}],"curies":[{"name":"wp","href":"https:\/\/api.w.org\/{rel}","templated":true}]}}