{"id":433,"date":"2019-03-19T10:00:09","date_gmt":"2019-03-19T10:00:09","guid":{"rendered":"http:\/\/icrpolska.e-ksperci.pl\/?page_id=433"},"modified":"2024-12-30T11:01:47","modified_gmt":"2024-12-30T10:01:47","slug":"czlonkostwa","status":"publish","type":"page","link":"https:\/\/icrturkey.com\/tr\/czlonkostwa\/","title":{"rendered":"\u00dcyelikler"},"content":{"rendered":"<p><strong><img decoding=\"async\" class=\"alignleft wp-image-2697\" src=\"https:\/\/icrturkey.com\/wp-content\/uploads\/2019\/06\/REDCA_logo-e1559731944705.jpg\" alt=\"REDCA \" width=\"150\" height=\"101\" \/><\/strong><\/p>\n<p><strong>REDCA<\/strong>\u00a0(Radyo Ekipman Direktifi Uyum Derne\u011fi) -<br \/>\n<strong>RED Direktifi kapsam\u0131nda Onaylanm\u0131\u015f Kurulu\u015flar Birli\u011fi<\/strong><\/p>\n<p>REDCA, 2014\/53\/EU say\u0131l\u0131 Radyo Ekipmanlar\u0131 Direktifi (RED) gerekliliklerine, \u00f6zellikle de Madde 26.11 ve Madde 38'in onaylanm\u0131\u015f kurulu\u015flar i\u00e7in uygunluk gerekliliklerine ba\u011fl\u0131 kalarak kurulmu\u015ftur.<br \/>\nREDCA, Avrupa Ekonomik Alan\u0131'n\u0131n yan\u0131 s\u0131ra ABD, Kanada, Japonya, Yeni Zelanda ve Avustralya gibi AB ile kar\u015f\u0131l\u0131kl\u0131 tan\u0131ma anla\u015fmas\u0131 olan \u00fclkelerde, telsiz ekipmanlar\u0131n\u0131n y\u00f6netmeliklere ve teknik standartlara uygunlu\u011fuyla ilgilenen herkes i\u00e7in ortak bir forum sa\u011flar. \u00dcyeleri \u00f6ncelikle onaylanm\u0131\u015f kurulu\u015flard\u0131r.<br \/>\nBirlik \u00fcyeleri y\u0131lda iki kez A\u00c7A'da toplanmaktad\u0131r. Toplant\u0131lar s\u0131ras\u0131nda Avrupa Komisyonu, ECC, ETSI, ADCO RED ve MRA' ya y\u00f6nelik ortak birle\u015fimler geli\u015ftirilmektedir.<\/p>\n<p>&nbsp;<\/p>\n<p><b>ExNBG<\/b>\u00a0(ATEX Onaylanm\u0131\u015f Kurulu\u015flar Avrupa Koordinasyon Grubu) -<br \/>\n<b>ATEX Onaylanm\u0131\u015f Kurulu\u015flar Avrupa Koordinasyon Grubu<\/b><\/p>\n<p>ExNB, 2014\/34\/EU (ATEX) potansiyel olarak patlay\u0131c\u0131 ortamlarda kullan\u0131lmas\u0131 ama\u00e7lanan ekipman ve koruyucu sistemlere ili\u015fkin Direktifin gerekliliklerine, \u00f6zellikle de Madde 21.11 ve Madde 33'\u00fcn onaylanm\u0131\u015f kurulu\u015flar i\u00e7in uygunluk gerekliliklerine ba\u011fl\u0131 kalarak kurulmu\u015ftur.<br \/>\nExNB Grubu, t\u00fcm Onaylanm\u0131\u015f Kurulu\u015flar\u0131n tek tip k\u0131lavuzlara g\u00f6re \u00e7al\u0131\u015fmas\u0131n\u0131 sa\u011flar. \u00dcyelerin toplant\u0131lar\u0131nda kararla\u015ft\u0131r\u0131lan bu k\u0131lavuzlar, grup sekretaryas\u0131 taraf\u0131ndan a\u00e7\u0131klama sayfalar\u0131nda yay\u0131nlan\u0131r.<\/p>\n<p><strong><img decoding=\"async\" class=\"wp-image-11034 alignleft\" src=\"https:\/\/icrturkey.com\/wp-content\/uploads\/2023\/07\/Team_NB-300x284.jpg\" alt=\"\" width=\"123\" height=\"116\" srcset=\"https:\/\/icrturkey.com\/wp-content\/uploads\/2023\/07\/Team_NB-300x284.jpg 300w, https:\/\/icrturkey.com\/wp-content\/uploads\/2023\/07\/Team_NB-13x12.jpg 13w, https:\/\/icrturkey.com\/wp-content\/uploads\/2023\/07\/Team_NB.jpg 519w\" sizes=\"(max-width: 123px) 100vw, 123px\" \/>TEAM -NB, Avrupa T\u0131bbi Cihazlar Onaylanm\u0131\u015f Kurulu\u015flar Birli\u011fi<\/strong> 2001'de kurulmu\u015ftur.<br \/>\nDerne\u011fin bug\u00fcn 20 farkl\u0131 \u00fclkeden 40' tan fazla \u00fcyesi bulunmaktad\u0131r.<\/p>\n<p>Bu birlik y\u00fcksek standartlar\u0131 te\u015fvik eder ve Onaylanm\u0131\u015f Kurulu\u015flar\u0131n \u00e7\u0131karlar\u0131n\u0131 korur.<\/p>\n<p>&nbsp;<\/p>\n<p><img decoding=\"async\" class=\"wp-image-2883 alignleft\" src=\"https:\/\/icrturkey.com\/wp-content\/uploads\/2019\/06\/IECEx_logo-300x127.png\" sizes=\"(max-width: 236px) 100vw, 236px\" srcset=\"https:\/\/icrturkey.com\/wp-content\/uploads\/2019\/06\/IECEx_logo-300x127.png 300w, https:\/\/icrturkey.com\/wp-content\/uploads\/2019\/06\/IECEx_logo.png 318w\" alt=\"\" width=\"236\" height=\"100\" \/><\/p>\n<p><strong>Uluslararas\u0131 Elektroteknik Komisyonu Patlay\u0131c\u0131 Ortamlarda Kullan\u0131lacak Ekipmanlarla \u0130lgili Standartlara G\u00f6re Belgelendirme Sistemi (IECEx Sistemi)<\/strong><\/p>\n<p>D\u00fcnya \u00e7ap\u0131ndaki IECEx sistemi, gerekli g\u00fcvenlik seviyesini korurken patlay\u0131c\u0131 ortamlarda (Ex ekipman\/\u00fcr\u00fcnler) kullan\u0131lmak \u00fczere ekipman ve hizmetlerin uluslararas\u0131 ticaretini kolayla\u015ft\u0131rmak i\u00e7in olu\u015fturulmu\u015ftur.<\/p>\n<p><img loading=\"lazy\" decoding=\"async\" class=\"alignleft wp-image-2696\" src=\"https:\/\/icrturkey.com\/wp-content\/uploads\/2019\/06\/pkn_logo-300x207.jpg\" alt=\"\" width=\"150\" height=\"96\" \/><\/p>\n<p>&nbsp;<\/p>\n<p>ICR Polonya temsilcileri PKN b\u00fcnyesindeki a\u015fa\u011f\u0131daki Teknik Komitelerin \u00e7al\u0131\u015fmalar\u0131na aktif olarak kat\u0131lmaktad\u0131r:<\/p>\n<p>&nbsp;<\/p>\n<ul>\n<li>Telekom\u00fcnikasyon \u00fczerine KT 11<\/li>\n<li>KT 19 Havac\u0131l\u0131k ve Uzay<\/li>\n<li>KT 56 D\u00f6nen Elektrikli Makineler ile El ve Ta\u015f\u0131nabilir Elektrikli Aletler<\/li>\n<li>KT 63 Elektrikli T\u00fcketici Ekipmanlar\u0131<\/li>\n<li>KT 64 potansiyel olarak patlay\u0131c\u0131 ortamlardaki elektrikli ekipmanlar<\/li>\n<li>T\u0131bbi Elektrikli Ekipmanlarda KT 67<\/li>\n<li>Elektromanyetik Uyumluluk \u00fczerine KT 104<\/li>\n<li>KT 158 Makine ve Teknik Ekipman G\u00fcvenli\u011fi ve Ergonomi - Genel Konular<\/li>\n<li>Silah ve askeri te\u00e7hizat tasar\u0131m\u0131 ve \u00fcretimi i\u00e7in KT 177<\/li>\n<li>KT 247 T\u0131bbi Malzemeler ve Biyomalzemeler<\/li>\n<li>TC 269 Kimyasal G\u00fcvenlik<\/li>\n<li>KT 304 Elektrik Tedarikinin Sistem Y\u00f6nleri<\/li>\n<\/ul>\n<p>&nbsp;<\/p>","protected":false},"excerpt":{"rendered":"<p>REDCA (Radyo Ekipmanlar\u0131 Direktifi Uyum Derne\u011fi) - RED Direktifi i\u00e7in Onaylanm\u0131\u015f Kurulu\u015flar Derne\u011fi REDCA, 2014\/53\/EU (RED) say\u0131l\u0131 Radyo Ekipmanlar\u0131 Direktifi gerekliliklerine, \u00f6zellikle de Madde 26.11 ve Madde 38'in Onaylanm\u0131\u015f Kurulu\u015flar i\u00e7in uyum gerekliliklerine uygun olarak kurulmu\u015ftur. REDCA, radyo ekipmanlar\u0131n\u0131n Avrupa Birli\u011fi'ndeki y\u00f6netmeliklere ve teknik standartlara uygunlu\u011fu ile ilgilenen herkes i\u00e7in bir forum sa\u011flamaktad\u0131r.&nbsp;<a href=\"https:\/\/icrturkey.com\/tr\/czlonkostwa\/\" rel=\"bookmark\">Daha fazlas\u0131n\u0131 oku \"<span class=\"screen-reader-text\">\u00dcyelikler<\/span><\/a><\/p>","protected":false},"author":1,"featured_media":0,"parent":0,"menu_order":0,"comment_status":"closed","ping_status":"closed","template":"","meta":{"neve_meta_sidebar":"","neve_meta_container":"","neve_meta_enable_content_width":"off","neve_meta_content_width":70,"neve_meta_title_alignment":"","neve_meta_author_avatar":"","neve_post_elements_order":"","neve_meta_disable_header":"","neve_meta_disable_footer":"","neve_meta_disable_title":"","footnotes":""},"class_list":["post-433","page","type-page","status-publish","hentry"],"yoast_head":"<!-- This site is optimized with the Yoast SEO plugin v27.3 - https:\/\/yoast.com\/product\/yoast-seo-wordpress\/ -->\n<title>Cz\u0142onkostwa - ICR TURKEY - tests and certification<\/title>\n<meta name=\"robots\" content=\"index, follow, max-snippet:-1, max-image-preview:large, max-video-preview:-1\" \/>\n<link rel=\"canonical\" href=\"https:\/\/icrturkey.com\/tr\/czlonkostwa\/\" \/>\n<meta property=\"og:locale\" content=\"tr_TR\" \/>\n<meta property=\"og:type\" content=\"article\" \/>\n<meta property=\"og:title\" content=\"Cz\u0142onkostwa - ICR TURKEY - tests and certification\" \/>\n<meta property=\"og:description\" content=\"REDCA\u00a0(Radio Equipment Directive Compliance Association) \u2013 Stowarzyszenie Jednostek Notyfikowanych w zakresie dyrektywy RED REDCA zosta\u0142a utworzona zgodnie z wymaganiami dyrektywy o urz\u0105dzeniach radiowych 2014\/53\/UE (RED), w szczeg\u00f3lno\u015bci wymaganiami zgodno\u015bci z art. 26.11 i art. 38 dla jednostek notyfikowanych. REDCA stanowi forum dla wszystkich os\u00f3b zainteresowanych zgodno\u015bci\u0105 urz\u0105dze\u0144 radiowych z przepisami i standardami technicznymi w Europejskim&hellip;&nbsp;Daha fazlas\u0131n\u0131 oku &raquo;Cz\u0142onkostwa\" \/>\n<meta property=\"og:url\" content=\"https:\/\/icrturkey.com\/tr\/czlonkostwa\/\" \/>\n<meta property=\"og:site_name\" content=\"ICR TURKEY - tests and certification\" \/>\n<meta property=\"article:modified_time\" content=\"2024-12-30T10:01:47+00:00\" \/>\n<meta property=\"og:image\" content=\"https:\/\/icrturkey.com\/wp-content\/uploads\/2019\/06\/REDCA_logo-e1559731944705.jpg\" \/>\n\t<meta property=\"og:image:width\" content=\"177\" \/>\n\t<meta property=\"og:image:height\" content=\"119\" \/>\n\t<meta property=\"og:image:type\" content=\"image\/jpeg\" \/>\n<meta name=\"twitter:card\" content=\"summary_large_image\" \/>\n<meta name=\"twitter:label1\" content=\"Tahmini okuma s\u00fcresi\" \/>\n\t<meta name=\"twitter:data1\" content=\"3 dakika\" \/>\n<script type=\"application\/ld+json\" class=\"yoast-schema-graph\">{\"@context\":\"https:\\\/\\\/schema.org\",\"@graph\":[{\"@type\":\"WebPage\",\"@id\":\"https:\\\/\\\/icrturkey.com\\\/czlonkostwa\\\/\",\"url\":\"https:\\\/\\\/icrturkey.com\\\/czlonkostwa\\\/\",\"name\":\"Cz\u0142onkostwa - ICR TURKEY - tests and certification\",\"isPartOf\":{\"@id\":\"https:\\\/\\\/icrturkey.com\\\/#website\"},\"primaryImageOfPage\":{\"@id\":\"https:\\\/\\\/icrturkey.com\\\/czlonkostwa\\\/#primaryimage\"},\"image\":{\"@id\":\"https:\\\/\\\/icrturkey.com\\\/czlonkostwa\\\/#primaryimage\"},\"thumbnailUrl\":\"https:\\\/\\\/icrturkey.com\\\/wp-content\\\/uploads\\\/2019\\\/06\\\/REDCA_logo-e1559731944705.jpg\",\"datePublished\":\"2019-03-19T10:00:09+00:00\",\"dateModified\":\"2024-12-30T10:01:47+00:00\",\"breadcrumb\":{\"@id\":\"https:\\\/\\\/icrturkey.com\\\/czlonkostwa\\\/#breadcrumb\"},\"inLanguage\":\"tr\",\"potentialAction\":[{\"@type\":\"ReadAction\",\"target\":[\"https:\\\/\\\/icrturkey.com\\\/czlonkostwa\\\/\"]}]},{\"@type\":\"ImageObject\",\"inLanguage\":\"tr\",\"@id\":\"https:\\\/\\\/icrturkey.com\\\/czlonkostwa\\\/#primaryimage\",\"url\":\"https:\\\/\\\/icrturkey.com\\\/wp-content\\\/uploads\\\/2019\\\/06\\\/REDCA_logo-e1559731944705.jpg\",\"contentUrl\":\"https:\\\/\\\/icrturkey.com\\\/wp-content\\\/uploads\\\/2019\\\/06\\\/REDCA_logo-e1559731944705.jpg\"},{\"@type\":\"BreadcrumbList\",\"@id\":\"https:\\\/\\\/icrturkey.com\\\/czlonkostwa\\\/#breadcrumb\",\"itemListElement\":[{\"@type\":\"ListItem\",\"position\":1,\"name\":\"Strona g\u0142\u00f3wna\",\"item\":\"https:\\\/\\\/icrturkey.com\\\/\"},{\"@type\":\"ListItem\",\"position\":2,\"name\":\"Cz\u0142onkostwa\"}]},{\"@type\":\"WebSite\",\"@id\":\"https:\\\/\\\/icrturkey.com\\\/#website\",\"url\":\"https:\\\/\\\/icrturkey.com\\\/\",\"name\":\"ICR TURKEY - tests and certification\",\"description\":\"CE certification, CE certificate, ISO certificate, RED testing, product testing and certification, electrical product testing, medical device testing, ATEX, IECEx, FCC, product certification, EMC testing, machinery certification, CE machines, training, electronic product testing, testing 2014\\\/53\\\/EU, drone certification, ISO 13485 certificate, ISO 9001 certificate, NC RfG\",\"publisher\":{\"@id\":\"https:\\\/\\\/icrturkey.com\\\/#\\\/schema\\\/person\\\/43aa01c7e4d61d03230a6e3e9d4e7ef2\"},\"potentialAction\":[{\"@type\":\"SearchAction\",\"target\":{\"@type\":\"EntryPoint\",\"urlTemplate\":\"https:\\\/\\\/icrturkey.com\\\/?s={search_term_string}\"},\"query-input\":{\"@type\":\"PropertyValueSpecification\",\"valueRequired\":true,\"valueName\":\"search_term_string\"}}],\"inLanguage\":\"tr\"},{\"@type\":[\"Person\",\"Organization\"],\"@id\":\"https:\\\/\\\/icrturkey.com\\\/#\\\/schema\\\/person\\\/43aa01c7e4d61d03230a6e3e9d4e7ef2\",\"name\":\"admin\",\"image\":{\"@type\":\"ImageObject\",\"inLanguage\":\"tr\",\"@id\":\"https:\\\/\\\/icrturkey.com\\\/wp-content\\\/uploads\\\/2019\\\/05\\\/cropped-logo-icr.32f04ad5-1-1.png\",\"url\":\"https:\\\/\\\/icrturkey.com\\\/wp-content\\\/uploads\\\/2019\\\/05\\\/cropped-logo-icr.32f04ad5-1-1.png\",\"contentUrl\":\"https:\\\/\\\/icrturkey.com\\\/wp-content\\\/uploads\\\/2019\\\/05\\\/cropped-logo-icr.32f04ad5-1-1.png\",\"width\":400,\"height\":148,\"caption\":\"admin\"},\"logo\":{\"@id\":\"https:\\\/\\\/icrturkey.com\\\/wp-content\\\/uploads\\\/2019\\\/05\\\/cropped-logo-icr.32f04ad5-1-1.png\"}}]}<\/script>\n<!-- \/ Yoast SEO plugin. -->","yoast_head_json":{"title":"\u00dcyelik - ICR T\u00dcRK\u0130YE - testler ve belgelendirme","robots":{"index":"index","follow":"follow","max-snippet":"max-snippet:-1","max-image-preview":"max-image-preview:large","max-video-preview":"max-video-preview:-1"},"canonical":"https:\/\/icrturkey.com\/tr\/czlonkostwa\/","og_locale":"tr_TR","og_type":"article","og_title":"Cz\u0142onkostwa - ICR TURKEY - tests and certification","og_description":"REDCA\u00a0(Radio Equipment Directive Compliance Association) \u2013 Stowarzyszenie Jednostek Notyfikowanych w zakresie dyrektywy RED REDCA zosta\u0142a utworzona zgodnie z wymaganiami dyrektywy o urz\u0105dzeniach radiowych 2014\/53\/UE (RED), w szczeg\u00f3lno\u015bci wymaganiami zgodno\u015bci z art. 26.11 i art. 38 dla jednostek notyfikowanych. REDCA stanowi forum dla wszystkich os\u00f3b zainteresowanych zgodno\u015bci\u0105 urz\u0105dze\u0144 radiowych z przepisami i standardami technicznymi w Europejskim&hellip;&nbsp;Daha fazlas\u0131n\u0131 oku &raquo;Cz\u0142onkostwa","og_url":"https:\/\/icrturkey.com\/tr\/czlonkostwa\/","og_site_name":"ICR TURKEY - tests and certification","article_modified_time":"2024-12-30T10:01:47+00:00","og_image":[{"width":177,"height":119,"url":"https:\/\/icrturkey.com\/wp-content\/uploads\/2019\/06\/REDCA_logo-e1559731944705.jpg","type":"image\/jpeg"}],"twitter_card":"summary_large_image","twitter_misc":{"Tahmini okuma s\u00fcresi":"3 dakika"},"schema":{"@context":"https:\/\/schema.org","@graph":[{"@type":"WebPage","@id":"https:\/\/icrturkey.com\/czlonkostwa\/","url":"https:\/\/icrturkey.com\/czlonkostwa\/","name":"\u00dcyelik - ICR T\u00dcRK\u0130YE - testler ve belgelendirme","isPartOf":{"@id":"https:\/\/icrturkey.com\/#website"},"primaryImageOfPage":{"@id":"https:\/\/icrturkey.com\/czlonkostwa\/#primaryimage"},"image":{"@id":"https:\/\/icrturkey.com\/czlonkostwa\/#primaryimage"},"thumbnailUrl":"https:\/\/icrturkey.com\/wp-content\/uploads\/2019\/06\/REDCA_logo-e1559731944705.jpg","datePublished":"2019-03-19T10:00:09+00:00","dateModified":"2024-12-30T10:01:47+00:00","breadcrumb":{"@id":"https:\/\/icrturkey.com\/czlonkostwa\/#breadcrumb"},"inLanguage":"tr","potentialAction":[{"@type":"ReadAction","target":["https:\/\/icrturkey.com\/czlonkostwa\/"]}]},{"@type":"ImageObject","inLanguage":"tr","@id":"https:\/\/icrturkey.com\/czlonkostwa\/#primaryimage","url":"https:\/\/icrturkey.com\/wp-content\/uploads\/2019\/06\/REDCA_logo-e1559731944705.jpg","contentUrl":"https:\/\/icrturkey.com\/wp-content\/uploads\/2019\/06\/REDCA_logo-e1559731944705.jpg"},{"@type":"BreadcrumbList","@id":"https:\/\/icrturkey.com\/czlonkostwa\/#breadcrumb","itemListElement":[{"@type":"ListItem","position":1,"name":"Strona g\u0142\u00f3wna","item":"https:\/\/icrturkey.com\/"},{"@type":"ListItem","position":2,"name":"Cz\u0142onkostwa"}]},{"@type":"WebSite","@id":"https:\/\/icrturkey.com\/#website","url":"https:\/\/icrturkey.com\/","name":"ICR T\u00dcRK\u0130YE - testler ve belgelendirme","description":"CE sertifikas\u0131, CE sertifikas\u0131, ISO sertifikas\u0131, RED testi, \u00fcr\u00fcn testi ve sertifikasyonu, elektrikli \u00fcr\u00fcn testi, t\u0131bbi cihaz testi, ATEX, IECEx, FCC, \u00fcr\u00fcn sertifikasyonu, EMC testi, makine sertifikasyonu, CE makineleri, e\u011fitim, elektronik \u00fcr\u00fcn testi, 2014\/53\/EU testi, drone sertifikasyonu, ISO 13485 sertifikas\u0131, ISO 9001 sertifikas\u0131, NC RfG","publisher":{"@id":"https:\/\/icrturkey.com\/#\/schema\/person\/43aa01c7e4d61d03230a6e3e9d4e7ef2"},"potentialAction":[{"@type":"SearchAction","target":{"@type":"EntryPoint","urlTemplate":"https:\/\/icrturkey.com\/?s={search_term_string}"},"query-input":{"@type":"PropertyValueSpecification","valueRequired":true,"valueName":"search_term_string"}}],"inLanguage":"tr"},{"@type":["Person","Organization"],"@id":"https:\/\/icrturkey.com\/#\/schema\/person\/43aa01c7e4d61d03230a6e3e9d4e7ef2","name":"Y\u00f6netici","image":{"@type":"ImageObject","inLanguage":"tr","@id":"https:\/\/icrturkey.com\/wp-content\/uploads\/2019\/05\/cropped-logo-icr.32f04ad5-1-1.png","url":"https:\/\/icrturkey.com\/wp-content\/uploads\/2019\/05\/cropped-logo-icr.32f04ad5-1-1.png","contentUrl":"https:\/\/icrturkey.com\/wp-content\/uploads\/2019\/05\/cropped-logo-icr.32f04ad5-1-1.png","width":400,"height":148,"caption":"admin"},"logo":{"@id":"https:\/\/icrturkey.com\/wp-content\/uploads\/2019\/05\/cropped-logo-icr.32f04ad5-1-1.png"}}]}},"_links":{"self":[{"href":"https:\/\/icrturkey.com\/tr\/wp-json\/wp\/v2\/pages\/433","targetHints":{"allow":["GET"]}}],"collection":[{"href":"https:\/\/icrturkey.com\/tr\/wp-json\/wp\/v2\/pages"}],"about":[{"href":"https:\/\/icrturkey.com\/tr\/wp-json\/wp\/v2\/types\/page"}],"author":[{"embeddable":true,"href":"https:\/\/icrturkey.com\/tr\/wp-json\/wp\/v2\/users\/1"}],"replies":[{"embeddable":true,"href":"https:\/\/icrturkey.com\/tr\/wp-json\/wp\/v2\/comments?post=433"}],"version-history":[{"count":15,"href":"https:\/\/icrturkey.com\/tr\/wp-json\/wp\/v2\/pages\/433\/revisions"}],"predecessor-version":[{"id":15383,"href":"https:\/\/icrturkey.com\/tr\/wp-json\/wp\/v2\/pages\/433\/revisions\/15383"}],"wp:attachment":[{"href":"https:\/\/icrturkey.com\/tr\/wp-json\/wp\/v2\/media?parent=433"}],"curies":[{"name":"wp","href":"https:\/\/api.w.org\/{rel}","templated":true}]}}