{"id":431,"date":"2019-03-19T09:59:31","date_gmt":"2019-03-19T09:59:31","guid":{"rendered":"http:\/\/icrpolska.e-ksperci.pl\/?page_id=431"},"modified":"2025-04-24T08:55:05","modified_gmt":"2025-04-24T06:55:05","slug":"akredytacje","status":"publish","type":"page","link":"https:\/\/icrturkey.com\/tr\/akredytacje\/","title":{"rendered":"Akreditasyonlar"},"content":{"rendered":"<p>Hizmetlerimizi sunma yeterlili\u011fimiz, sa\u011flanan hizmetin t\u00fcr\u00fc ve kapsam\u0131na g\u00f6re Polonya Akreditasyon Merkezi (PCA) ve Avrupa Komisyonu'ndan al\u0131nan akreditasyonlarla teyit edilmektedir.<\/p>\n<p><strong><u>\u00dcr\u00fcn sertifikasyonu i\u00e7in akreditasyon:<\/u><\/strong><\/p>\n<p data-wp-editing=\"1\"><a href=\"https:\/\/icrturkey.com\/wp-content\/uploads\/2021\/10\/17065_CE_Accreditation.pdf\" target=\"_blank\" rel=\"noopener\"><img decoding=\"async\" class=\"alignnone\" src=\"https:\/\/icrturkey.com\/wp-content\/uploads\/2019\/06\/AC197_logo.png\" alt=\"\" width=\"55\" height=\"100\" \/><\/a>\u00a0PCA AC 197 akreditasyonunun mevcut kapsam\u0131 \u015fu adreste bulunabilir <a href=\"https:\/\/icrturkey.com\/wp-content\/uploads\/2025\/04\/PCA_AC197.pdf\" target=\"_blank\" rel=\"noopener noreferrer\">T\u0131klay\u0131n<\/a>.<\/p>\n<p data-wp-editing=\"1\"><img decoding=\"async\" class=\"alignnone wp-image-14898\" src=\"https:\/\/icrturkey.com\/wp-content\/uploads\/2024\/12\/IECEx.png\" alt=\"\" width=\"92\" height=\"77\" srcset=\"https:\/\/icrturkey.com\/wp-content\/uploads\/2024\/12\/IECEx.png 161w, https:\/\/icrturkey.com\/wp-content\/uploads\/2024\/12\/IECEx-14x12.png 14w\" sizes=\"(max-width: 92px) 100vw, 92px\" \/> Uluslararas\u0131 IECEx organizasyonu i\u00e7inde \u00fcr\u00fcnlerin (CoC) ve \u00fcretim sistemlerinin (QAR) belgelendirilmesi i\u00e7in mevcut kapsam burada bulunabilir <a href=\"https:\/\/www.iecex.com\/certified-equipment-scheme\/contact-a-certification-body\/\" target=\"_blank\" rel=\"noopener\">T\u0131klay\u0131n<\/a><\/p>\n<p><strong><u style=\"font-style: inherit; font-weight: inherit;\">Y\u00f6netim sistemleri i\u00e7in akreditasyon:<\/u><\/strong><\/p>\n<p><a href=\"https:\/\/icrturkey.com\/wp-content\/uploads\/2021\/10\/17021-1_Accreditation.pdf\" target=\"_blank\" rel=\"noopener\"><img decoding=\"async\" class=\"alignnone\" src=\"https:\/\/icrturkey.com\/wp-content\/uploads\/2019\/06\/AC200_logo.png\" alt=\"\" width=\"55\" height=\"100\" \/><\/a> PCA AC 200 akreditasyonunun mevcut kapsam\u0131 \u015fu adreste bulunabilir <a href=\"https:\/\/icrturkey.com\/wp-content\/uploads\/2025\/04\/PCA_AC200.pdf\" target=\"_blank\" rel=\"noopener noreferrer\">T\u0131klay\u0131n<\/a>.<\/p>\n<p><strong><u>Avrupa Komisyonu Bildirimi:<\/u><\/strong><\/p>\n<p><img loading=\"lazy\" decoding=\"async\" class=\"alignnone wp-image-12661\" src=\"https:\/\/icrturkey.com\/wp-content\/uploads\/2024\/02\/NB_2703.png\" alt=\"\" width=\"76\" height=\"56\" srcset=\"https:\/\/icrturkey.com\/wp-content\/uploads\/2024\/02\/NB_2703.png 65w, https:\/\/icrturkey.com\/wp-content\/uploads\/2024\/02\/NB_2703-16x12.png 16w\" sizes=\"(max-width: 76px) 100vw, 76px\" \/>\u00a0MD, EMC, RED ve ATEX direktifleri i\u00e7in - daha fazlas\u0131 NANDO veritaban\u0131nda bulunabilir <a style=\"font-size: 14px; background-color: #ffffff;\" href=\"https:\/\/ec.europa.eu\/growth\/tools-databases\/nando\/index.cfm?fuseaction=notifiedbody.notifiedbody&amp;refe_cd=NANDO_INPUT_233263\" target=\"_blank\" rel=\"noopener noreferrer\">T\u0131klay\u0131n<\/a>.<\/p>\n<p>&nbsp;<\/p>\n<p>Buna ek olarak, elimizde a\u015fa\u011f\u0131daki <u>yabanc\u0131 kurulu\u015flar\u0131n akreditasyon<\/u> sistemleri de mevcuttur:<\/p>\n<p><a href=\"https:\/\/icrturkey.com\/wp-content\/uploads\/2024\/10\/KAB-QM.pdf\" target=\"_blank\" rel=\"noopener noreferrer\"><img loading=\"lazy\" decoding=\"async\" class=\"alignnone\" src=\"https:\/\/icrturkey.com\/wp-content\/uploads\/2019\/06\/KAB-300x212.png\" alt=\"\" width=\"106\" height=\"75\" \/><\/a> \u00a0 \u00a0 \u00a0<a href=\"https:\/\/icrturkey.com\/wp-content\/uploads\/2024\/10\/IAS-QM.pdf\" target=\"_blank\" rel=\"noopener noreferrer\"><img loading=\"lazy\" decoding=\"async\" class=\"alignnone wp-image-12666\" src=\"https:\/\/icrturkey.com\/wp-content\/uploads\/2024\/02\/ICR_IAS-Logo-300x204.png\" alt=\"\" width=\"120\" height=\"82\" srcset=\"https:\/\/icrturkey.com\/wp-content\/uploads\/2024\/02\/ICR_IAS-Logo-300x204.png 300w, https:\/\/icrturkey.com\/wp-content\/uploads\/2024\/02\/ICR_IAS-Logo-1024x696.png 1024w, https:\/\/icrturkey.com\/wp-content\/uploads\/2024\/02\/ICR_IAS-Logo-768x522.png 768w, https:\/\/icrturkey.com\/wp-content\/uploads\/2024\/02\/ICR_IAS-Logo-1536x1044.png 1536w, https:\/\/icrturkey.com\/wp-content\/uploads\/2024\/02\/ICR_IAS-Logo-2048x1391.png 2048w, https:\/\/icrturkey.com\/wp-content\/uploads\/2024\/02\/ICR_IAS-Logo-18x12.png 18w\" sizes=\"(max-width: 120px) 100vw, 120px\" \/><\/a><\/p>\n<p>Ara\u015ft\u0131rma laboratuvarlar\u0131:<\/p>\n<p><a href=\"https:\/\/icrturkey.com\/wp-content\/uploads\/2024\/10\/KOLAS.pdf\" target=\"_blank\" rel=\"noopener noreferrer\"><img loading=\"lazy\" decoding=\"async\" class=\"alignnone\" src=\"https:\/\/icrturkey.com\/wp-content\/uploads\/2019\/06\/KOLAS-300x164.png\" alt=\"\" width=\"137\" height=\"75\" \/><\/a><img loading=\"lazy\" decoding=\"async\" src=\"https:\/\/icrturkey.com\/wp-content\/uploads\/2019\/06\/ilac-mra.png\" alt=\"\" width=\"74\" height=\"75\" \/>\u00a0 \u00a0 \u00a0<a href=\"https:\/\/www.iecee.org\/dyn\/www\/f?p=106:25:0::::FSP_ORG_ID:21176\"><img loading=\"lazy\" decoding=\"async\" class=\"alignnone wp-image-2684\" src=\"https:\/\/icrturkey.com\/wp-content\/uploads\/2019\/06\/IECEE_logo-300x137.jpg\" alt=\"\" width=\"164\" height=\"75\" srcset=\"https:\/\/icrturkey.com\/wp-content\/uploads\/2019\/06\/IECEE_logo-300x137.jpg 300w, https:\/\/icrturkey.com\/wp-content\/uploads\/2019\/06\/IECEE_logo.jpg 332w\" sizes=\"(max-width: 164px) 100vw, 164px\" \/><\/a>\u00a0 \u00a0<img loading=\"lazy\" decoding=\"async\" class=\"alignnone wp-image-14898\" src=\"https:\/\/icrturkey.com\/wp-content\/uploads\/2024\/12\/IECEx.png\" alt=\"\" width=\"91\" height=\"76\" srcset=\"https:\/\/icrturkey.com\/wp-content\/uploads\/2024\/12\/IECEx.png 161w, https:\/\/icrturkey.com\/wp-content\/uploads\/2024\/12\/IECEx-14x12.png 14w\" sizes=\"(max-width: 91px) 100vw, 91px\" \/><\/p>\n<p>Personellerin e\u011fitimi ve yetkinli\u011fi:<\/p>\n<p><img loading=\"lazy\" decoding=\"async\" src=\"https:\/\/icrturkey.com\/wp-content\/uploads\/2019\/06\/ExemplarGlobal-300x98.png\" alt=\"\" width=\"230\" height=\"75\" \/><\/p>","protected":false},"excerpt":{"rendered":"<p>Hizmetlerimizi sunma yeterlili\u011fimiz, sa\u011flanan hizmetin t\u00fcr\u00fc ve kapsam\u0131na g\u00f6re Polonya Akreditasyon Merkezi (PCA) ve Avrupa Komisyonu'ndan al\u0131nan akreditasyonlarla teyit edilmektedir. \u00dcr\u00fcn sertifikasyonu i\u00e7in akreditasyon:  PCA AC 197 akreditasyonunun mevcut kapsam\u0131na buradan ula\u015fabilirsiniz. Uluslararas\u0131 IECEx organizasyonu kapsam\u0131nda \u00fcr\u00fcnlerin (CoC) ve \u00fcretim sistemlerinin (QAR) belgelendirilmesi i\u00e7in mevcut kapsam\u0131 burada bulabilirsiniz Akreditasyon...&nbsp;<a href=\"https:\/\/icrturkey.com\/tr\/akredytacje\/\" rel=\"bookmark\">Daha fazlas\u0131n\u0131 oku \"<span class=\"screen-reader-text\">Akreditasyonlar<\/span><\/a><\/p>","protected":false},"author":1,"featured_media":881,"parent":0,"menu_order":0,"comment_status":"closed","ping_status":"closed","template":"","meta":{"neve_meta_sidebar":"","neve_meta_container":"","neve_meta_enable_content_width":"off","neve_meta_content_width":70,"neve_meta_title_alignment":"","neve_meta_author_avatar":"","neve_post_elements_order":"","neve_meta_disable_header":"","neve_meta_disable_footer":"","neve_meta_disable_title":"","footnotes":""},"class_list":["post-431","page","type-page","status-publish","has-post-thumbnail","hentry"],"yoast_head":"<!-- This site is optimized with the Yoast SEO plugin v27.3 - https:\/\/yoast.com\/product\/yoast-seo-wordpress\/ -->\n<title>Akredytacje - ICR TURKEY - tests and certification<\/title>\n<meta name=\"robots\" content=\"index, follow, max-snippet:-1, max-image-preview:large, max-video-preview:-1\" \/>\n<link rel=\"canonical\" href=\"https:\/\/icrturkey.com\/tr\/akredytacje\/\" \/>\n<meta property=\"og:locale\" content=\"tr_TR\" \/>\n<meta property=\"og:type\" content=\"article\" \/>\n<meta property=\"og:title\" content=\"Akredytacje - ICR TURKEY - tests and certification\" \/>\n<meta property=\"og:description\" content=\"Kompetencje do realizacji naszych us\u0142ug s\u0105 potwierdzone akredytacjami Polskiego Centrum Akredytacji (PCA) oraz przez Komisj\u0119 Europejsk\u0105, stosownie do rodzaju i zakresu prowadzonej us\u0142ugi. Akredytacja do certyfikacji wyrob\u00f3w: \u00a0Aktualny zakres akredytacji PCA AC 197 znajduje si\u0119 tutaj. Aktualny zakres dla certyfikacji wyrob\u00f3w (CoC) i system\u00f3w produkcji (QAR) w ramach mi\u0119dzynarodowej organizacji IECEx znajduje si\u0119 tutaj Akredytacja&hellip;&nbsp;Daha fazlas\u0131n\u0131 oku &raquo;Akredytacje\" \/>\n<meta property=\"og:url\" content=\"https:\/\/icrturkey.com\/tr\/akredytacje\/\" \/>\n<meta property=\"og:site_name\" content=\"ICR TURKEY - tests and certification\" \/>\n<meta property=\"article:modified_time\" content=\"2025-04-24T06:55:05+00:00\" \/>\n<meta name=\"twitter:card\" content=\"summary_large_image\" \/>\n<meta name=\"twitter:label1\" content=\"Tahmini okuma s\u00fcresi\" \/>\n\t<meta name=\"twitter:data1\" content=\"3 dakika\" \/>\n<script type=\"application\/ld+json\" class=\"yoast-schema-graph\">{\"@context\":\"https:\\\/\\\/schema.org\",\"@graph\":[{\"@type\":\"WebPage\",\"@id\":\"https:\\\/\\\/icrturkey.com\\\/akredytacje\\\/\",\"url\":\"https:\\\/\\\/icrturkey.com\\\/akredytacje\\\/\",\"name\":\"Akredytacje - ICR TURKEY - tests and certification\",\"isPartOf\":{\"@id\":\"https:\\\/\\\/icrturkey.com\\\/#website\"},\"primaryImageOfPage\":{\"@id\":\"https:\\\/\\\/icrturkey.com\\\/akredytacje\\\/#primaryimage\"},\"image\":{\"@id\":\"https:\\\/\\\/icrturkey.com\\\/akredytacje\\\/#primaryimage\"},\"thumbnailUrl\":\"\",\"datePublished\":\"2019-03-19T09:59:31+00:00\",\"dateModified\":\"2025-04-24T06:55:05+00:00\",\"breadcrumb\":{\"@id\":\"https:\\\/\\\/icrturkey.com\\\/akredytacje\\\/#breadcrumb\"},\"inLanguage\":\"tr\",\"potentialAction\":[{\"@type\":\"ReadAction\",\"target\":[\"https:\\\/\\\/icrturkey.com\\\/akredytacje\\\/\"]}]},{\"@type\":\"ImageObject\",\"inLanguage\":\"tr\",\"@id\":\"https:\\\/\\\/icrturkey.com\\\/akredytacje\\\/#primaryimage\",\"url\":\"\",\"contentUrl\":\"\"},{\"@type\":\"BreadcrumbList\",\"@id\":\"https:\\\/\\\/icrturkey.com\\\/akredytacje\\\/#breadcrumb\",\"itemListElement\":[{\"@type\":\"ListItem\",\"position\":1,\"name\":\"Strona g\u0142\u00f3wna\",\"item\":\"https:\\\/\\\/icrturkey.com\\\/\"},{\"@type\":\"ListItem\",\"position\":2,\"name\":\"Akredytacje\"}]},{\"@type\":\"WebSite\",\"@id\":\"https:\\\/\\\/icrturkey.com\\\/#website\",\"url\":\"https:\\\/\\\/icrturkey.com\\\/\",\"name\":\"ICR TURKEY - tests and certification\",\"description\":\"CE certification, CE certificate, ISO certificate, RED testing, product testing and certification, electrical product testing, medical device testing, ATEX, IECEx, FCC, product certification, EMC testing, machinery certification, CE machines, training, electronic product testing, testing 2014\\\/53\\\/EU, drone certification, ISO 13485 certificate, ISO 9001 certificate, NC RfG\",\"publisher\":{\"@id\":\"https:\\\/\\\/icrturkey.com\\\/#\\\/schema\\\/person\\\/43aa01c7e4d61d03230a6e3e9d4e7ef2\"},\"potentialAction\":[{\"@type\":\"SearchAction\",\"target\":{\"@type\":\"EntryPoint\",\"urlTemplate\":\"https:\\\/\\\/icrturkey.com\\\/?s={search_term_string}\"},\"query-input\":{\"@type\":\"PropertyValueSpecification\",\"valueRequired\":true,\"valueName\":\"search_term_string\"}}],\"inLanguage\":\"tr\"},{\"@type\":[\"Person\",\"Organization\"],\"@id\":\"https:\\\/\\\/icrturkey.com\\\/#\\\/schema\\\/person\\\/43aa01c7e4d61d03230a6e3e9d4e7ef2\",\"name\":\"admin\",\"image\":{\"@type\":\"ImageObject\",\"inLanguage\":\"tr\",\"@id\":\"https:\\\/\\\/icrturkey.com\\\/wp-content\\\/uploads\\\/2019\\\/05\\\/cropped-logo-icr.32f04ad5-1-1.png\",\"url\":\"https:\\\/\\\/icrturkey.com\\\/wp-content\\\/uploads\\\/2019\\\/05\\\/cropped-logo-icr.32f04ad5-1-1.png\",\"contentUrl\":\"https:\\\/\\\/icrturkey.com\\\/wp-content\\\/uploads\\\/2019\\\/05\\\/cropped-logo-icr.32f04ad5-1-1.png\",\"width\":400,\"height\":148,\"caption\":\"admin\"},\"logo\":{\"@id\":\"https:\\\/\\\/icrturkey.com\\\/wp-content\\\/uploads\\\/2019\\\/05\\\/cropped-logo-icr.32f04ad5-1-1.png\"}}]}<\/script>\n<!-- \/ Yoast SEO plugin. -->","yoast_head_json":{"title":"Akreditasyonlar - ICR T\u00dcRK\u0130YE - testler ve belgelendirme","robots":{"index":"index","follow":"follow","max-snippet":"max-snippet:-1","max-image-preview":"max-image-preview:large","max-video-preview":"max-video-preview:-1"},"canonical":"https:\/\/icrturkey.com\/tr\/akredytacje\/","og_locale":"tr_TR","og_type":"article","og_title":"Akredytacje - ICR TURKEY - tests and certification","og_description":"Kompetencje do realizacji naszych us\u0142ug s\u0105 potwierdzone akredytacjami Polskiego Centrum Akredytacji (PCA) oraz przez Komisj\u0119 Europejsk\u0105, stosownie do rodzaju i zakresu prowadzonej us\u0142ugi. Akredytacja do certyfikacji wyrob\u00f3w: \u00a0Aktualny zakres akredytacji PCA AC 197 znajduje si\u0119 tutaj. Aktualny zakres dla certyfikacji wyrob\u00f3w (CoC) i system\u00f3w produkcji (QAR) w ramach mi\u0119dzynarodowej organizacji IECEx znajduje si\u0119 tutaj Akredytacja&hellip;&nbsp;Daha fazlas\u0131n\u0131 oku &raquo;Akredytacje","og_url":"https:\/\/icrturkey.com\/tr\/akredytacje\/","og_site_name":"ICR TURKEY - tests and certification","article_modified_time":"2025-04-24T06:55:05+00:00","twitter_card":"summary_large_image","twitter_misc":{"Tahmini okuma s\u00fcresi":"3 dakika"},"schema":{"@context":"https:\/\/schema.org","@graph":[{"@type":"WebPage","@id":"https:\/\/icrturkey.com\/akredytacje\/","url":"https:\/\/icrturkey.com\/akredytacje\/","name":"Akreditasyonlar - ICR T\u00dcRK\u0130YE - testler ve belgelendirme","isPartOf":{"@id":"https:\/\/icrturkey.com\/#website"},"primaryImageOfPage":{"@id":"https:\/\/icrturkey.com\/akredytacje\/#primaryimage"},"image":{"@id":"https:\/\/icrturkey.com\/akredytacje\/#primaryimage"},"thumbnailUrl":"","datePublished":"2019-03-19T09:59:31+00:00","dateModified":"2025-04-24T06:55:05+00:00","breadcrumb":{"@id":"https:\/\/icrturkey.com\/akredytacje\/#breadcrumb"},"inLanguage":"tr","potentialAction":[{"@type":"ReadAction","target":["https:\/\/icrturkey.com\/akredytacje\/"]}]},{"@type":"ImageObject","inLanguage":"tr","@id":"https:\/\/icrturkey.com\/akredytacje\/#primaryimage","url":"","contentUrl":""},{"@type":"BreadcrumbList","@id":"https:\/\/icrturkey.com\/akredytacje\/#breadcrumb","itemListElement":[{"@type":"ListItem","position":1,"name":"Strona g\u0142\u00f3wna","item":"https:\/\/icrturkey.com\/"},{"@type":"ListItem","position":2,"name":"Akredytacje"}]},{"@type":"WebSite","@id":"https:\/\/icrturkey.com\/#website","url":"https:\/\/icrturkey.com\/","name":"ICR T\u00dcRK\u0130YE - testler ve belgelendirme","description":"CE sertifikas\u0131, CE sertifikas\u0131, ISO sertifikas\u0131, RED testi, \u00fcr\u00fcn testi ve sertifikasyonu, elektrikli \u00fcr\u00fcn testi, t\u0131bbi cihaz testi, ATEX, IECEx, FCC, \u00fcr\u00fcn sertifikasyonu, EMC testi, makine sertifikasyonu, CE makineleri, e\u011fitim, elektronik \u00fcr\u00fcn testi, 2014\/53\/EU testi, drone sertifikasyonu, ISO 13485 sertifikas\u0131, ISO 9001 sertifikas\u0131, NC RfG","publisher":{"@id":"https:\/\/icrturkey.com\/#\/schema\/person\/43aa01c7e4d61d03230a6e3e9d4e7ef2"},"potentialAction":[{"@type":"SearchAction","target":{"@type":"EntryPoint","urlTemplate":"https:\/\/icrturkey.com\/?s={search_term_string}"},"query-input":{"@type":"PropertyValueSpecification","valueRequired":true,"valueName":"search_term_string"}}],"inLanguage":"tr"},{"@type":["Person","Organization"],"@id":"https:\/\/icrturkey.com\/#\/schema\/person\/43aa01c7e4d61d03230a6e3e9d4e7ef2","name":"Y\u00f6netici","image":{"@type":"ImageObject","inLanguage":"tr","@id":"https:\/\/icrturkey.com\/wp-content\/uploads\/2019\/05\/cropped-logo-icr.32f04ad5-1-1.png","url":"https:\/\/icrturkey.com\/wp-content\/uploads\/2019\/05\/cropped-logo-icr.32f04ad5-1-1.png","contentUrl":"https:\/\/icrturkey.com\/wp-content\/uploads\/2019\/05\/cropped-logo-icr.32f04ad5-1-1.png","width":400,"height":148,"caption":"admin"},"logo":{"@id":"https:\/\/icrturkey.com\/wp-content\/uploads\/2019\/05\/cropped-logo-icr.32f04ad5-1-1.png"}}]}},"_links":{"self":[{"href":"https:\/\/icrturkey.com\/tr\/wp-json\/wp\/v2\/pages\/431","targetHints":{"allow":["GET"]}}],"collection":[{"href":"https:\/\/icrturkey.com\/tr\/wp-json\/wp\/v2\/pages"}],"about":[{"href":"https:\/\/icrturkey.com\/tr\/wp-json\/wp\/v2\/types\/page"}],"author":[{"embeddable":true,"href":"https:\/\/icrturkey.com\/tr\/wp-json\/wp\/v2\/users\/1"}],"replies":[{"embeddable":true,"href":"https:\/\/icrturkey.com\/tr\/wp-json\/wp\/v2\/comments?post=431"}],"version-history":[{"count":61,"href":"https:\/\/icrturkey.com\/tr\/wp-json\/wp\/v2\/pages\/431\/revisions"}],"predecessor-version":[{"id":16997,"href":"https:\/\/icrturkey.com\/tr\/wp-json\/wp\/v2\/pages\/431\/revisions\/16997"}],"wp:featuredmedia":[{"embeddable":true,"href":"https:\/\/icrturkey.com\/tr\/wp-json\/"}],"wp:attachment":[{"href":"https:\/\/icrturkey.com\/tr\/wp-json\/wp\/v2\/media?parent=431"}],"curies":[{"name":"wp","href":"https:\/\/api.w.org\/{rel}","templated":true}]}}