{"id":3528,"date":"2019-09-30T19:10:29","date_gmt":"2019-09-30T17:10:29","guid":{"rendered":"http:\/\/icrpolska.com\/?page_id=3528"},"modified":"2025-06-11T09:28:44","modified_gmt":"2025-06-11T07:28:44","slug":"certyfikacja-dronow","status":"publish","type":"page","link":"https:\/\/icrturkey.com\/tr\/certyfikacja-wyrobow\/certyfikacja-dronow\/","title":{"rendered":"\u0130HA sertifikas\u0131"},"content":{"rendered":"<p><a href=\"https:\/\/icrturkey.com\/wp-content\/uploads\/2019\/06\/Program-oceny-zgodno\u015bci-w-zakresie-ATEX.pdf\" target=\"_blank\" rel=\"noopener noreferrer\"><img decoding=\"async\" class=\"alignnone wp-image-2679\" src=\"https:\/\/icrturkey.com\/wp-content\/uploads\/2019\/06\/adobe.jpg\" alt=\"\" width=\"20\" height=\"21\" srcset=\"https:\/\/icrturkey.com\/wp-content\/uploads\/2019\/06\/adobe.jpg 218w, https:\/\/icrturkey.com\/wp-content\/uploads\/2019\/06\/adobe-150x150.jpg 150w\" sizes=\"(max-width: 20px) 100vw, 20px\" \/><\/a><a href=\"https:\/\/icrturkey.com\/wp-content\/uploads\/2025\/06\/PC-P-07-09-Program-oceny-zgodnosci-2-kol-3.pdf\" target=\"_blank\" rel=\"noopener noreferrer\" data-wp-editing=\"1\"> BSP\/\u0130HA i\u00e7in uygunluk de\u011ferlendirme program\u0131 ((AB) 2019\/945)<\/a> + <a href=\"https:\/\/icrturkey.com\/wp-content\/uploads\/2022\/01\/F-P-07-38-1.pdf\" target=\"_blank\" rel=\"noopener noreferrer\">tekni\u0307k \u00f6zelli\u0307kler li\u0307stesi\u0307<\/a><\/p>\n<p>\u00dcreticilerin, ithalat\u00e7\u0131lar\u0131n ve kullan\u0131c\u0131lar\u0131n ihtiya\u00e7lar\u0131n\u0131 kar\u015f\u0131lamak i\u00e7in ICR Polska Sp. z o.o. \u0130nsans\u0131z Hava Ara\u00e7lar\u0131n\u0131n (\u0130HA) g\u00f6n\u00fcll\u00fc uygunluk de\u011ferlendirmesini ve sertifikasyonunu ger\u00e7ekle\u015ftirmektedir. \u015eu anda \u0130HA sertifikasyonu hala g\u00f6n\u00fcll\u00fcl\u00fck esas\u0131na dayanmaktad\u0131r, ancak ileriye d\u00f6n\u00fck olarak gelecekte bir AB Onaylanm\u0131\u015f Kurulu\u015fu taraf\u0131ndan verilen zorunlu bir sertifika almak \u00e7ok daha kolay hale gelecektir.<\/p>\n<p class=\"translation-block\">\u0130nsans\u0131z hava sistemleri ve \u00fc\u00e7\u00fcnc\u00fc \u00fclkelerden insans\u0131z hava sistemi operat\u00f6rlerine ili\u015fkin <a href=\"https:\/\/eur-lex.europa.eu\/legal-content\/PL\/TXT\/PDF\/?uri=CELEX:32019R0945&amp;from=PL\" target=\"_self\" rel=\"noopener noreferrer\">2019\/945<\/a> say\u0131l\u0131 yeni Avrupa Komisyonu Yetkilendirilmi\u015f Y\u00f6netmeli\u011fi 1 Temmuz 2019 tarihi itibariyle y\u00fcr\u00fcrl\u00fc\u011fe girmi\u015ftir. Bu y\u00f6netmelik, Avrupa Komisyonu'nun insans\u0131z hava ara\u00e7lar\u0131n\u0131n i\u015fletilmesine y\u00f6nelik kural ve usullere ili\u015fkin 24 May\u0131s 2019 tarihli ve <a href=\"https:\/\/eur-lex.europa.eu\/legal-content\/PL\/TXT\/PDF\/?uri=CELEX:32019R0947&amp;from=PL\" target=\"_self\" rel=\"noopener noreferrer\">2019\/947<\/a> say\u0131l\u0131 Uygulama Y\u00f6netmeli\u011fi'nde belirtilen ilkelere uygun olarak i\u015fletilen insans\u0131z hava sistemleri i\u00e7in ge\u00e7erli temel teknik gereklilikleri ortaya koymaktad\u0131r. Di\u011fer Yeni Yakla\u015f\u0131m Direktiflerinde oldu\u011fu gibi, Yetkilendirilmi\u015f Y\u00f6netmelik, a\u00e7\u0131k kategori olarak adland\u0131r\u0131lan, yani en d\u00fc\u015f\u00fck risk derecesine sahip operasyonlar\u0131 ger\u00e7ekle\u015ftiren \u0130nsans\u0131z Hava Ara\u00e7lar\u0131n\u0131n (\u0130HA) tasar\u0131m\u0131n\u0131, \u00fcretimini ve AB i\u00e7 pazar\u0131na sunulmas\u0131n\u0131 d\u00fczenlemektedir. Yukar\u0131da bahsi ge\u00e7en teknik gerekliliklerin getirilmesiyle birlikte, a\u00e7\u0131k kategorideki \u0130HA lar da g\u00f6zetime tabi olacak ve Polonya'daki mekanizmalar, di\u011ferlerinin yan\u0131 s\u0131ra, 13 Nisan 2016 tarihli <a href=\"http:\/\/isap.sejm.gov.pl\/isap.nsf\/download.xsp\/WDU20190000544\/O\/D20190544.pdf\" target=\"_self\" rel=\"noopener noreferrer\">uygunluk de\u011ferlendirmesi ve piyasa g\u00f6zetim sistemleri<\/a> hakk\u0131ndaki Kanun ile d\u00fczenlenecektir.<\/p>\n<p class=\"translation-block\">Y\u00fcr\u00fctme Emrine g\u00f6re, 1 Temmuz 2022 tarihine kadar piyasaya s\u00fcr\u00fclen ve Yetkilendirilmi\u015f Y\u00f6netmeli\u011fe uygun olmayan baz\u0131 \u0130HA'lar\u0131n, <a href=\"https:\/\/eur-lex.europa.eu\/legal-content\/PL\/TXT\/PDF\/?uri=CELEX:32019R0947&amp;from=PL\" target=\"_self\">Y\u00fcr\u00fctme Emri<\/a>'nin 20. Maddesinde belirtilen \u00f6zel kurallar kapsam\u0131nda faaliyet g\u00f6stermesine izin verilecektir.<\/p>\n<p class=\"translation-block\">Yetkilendirilmi\u015f T\u00fcz\u00fck, a\u00e7\u0131k kategoride faaliyet g\u00f6stermesi ama\u00e7lanan insans\u0131z hava sistemlerinin Avrupa Birli\u011fi i\u00e7 pazar\u0131na sunulmas\u0131 ve AB i\u00e7erisinde serbest dola\u015f\u0131m\u0131na ili\u015fkin kurallar\u0131 belirlemektedir. Bu kurallar, di\u011ferlerinin yan\u0131 s\u0131ra, \u00fcreticinin, Yetkilendirilmi\u015f T\u00fcz\u00fck Ekinde ve ilgili uyumla\u015ft\u0131r\u0131lm\u0131\u015f standartlarda ayr\u0131nt\u0131l\u0131 olarak belirtilen gerekliliklerle bir \u00fcr\u00fcn uygunluk de\u011ferlendirmesi (yani BSP'nin bir de\u011ferlendirmesi) ger\u00e7ekle\u015ftirme y\u00fck\u00fcml\u00fcl\u00fc\u011f\u00fc ile ilgilidir. Buna g\u00f6re, a\u00e7\u0131k kategoride i\u015fletilen BSP'ler a\u015fa\u011f\u0131dakilere sahip olmal\u0131d\u0131r:<br>.\n- teknik dok\u00fcmantasyon,<br>\n- \u00fcreticinin uygunluk beyan\u0131 (uygunluk de\u011ferlendirmesi temelinde d\u00fczenlenir),<br>\n- \u00fcr\u00fcn i\u015faretlemesi (CE).<\/p>\n<p>Di\u011fer AB direktiflerinde oldu\u011fu gibi, bir \u00fcreticinin \u00fcr\u00fcn\u00fc ticari piyasaya s\u00fcrmeden \u00f6nce \u00fcr\u00fcn\u00fcn uygunlu\u011funu de\u011ferlendirebilece\u011fi prosed\u00fcrlerden baz\u0131lar\u0131 - 2019\/945 say\u0131l\u0131 T\u00fcz\u00fc\u011fe g\u00f6re - belgelendirmeyi, yani \u00fc\u00e7\u00fcnc\u00fc bir taraf\u00e7a (onaylanm\u0131\u015f bir kurulu\u015f) bir uygunluk de\u011ferlendirmesinin yap\u0131lmas\u0131n\u0131 i\u00e7erecektir.<\/p>\n<p><strong>\u0130HA' n\u0131z\u0131 bug\u00fcn ICR Polska Ltd'de sertifikaland\u0131rabilirsiniz.<\/strong><\/p>\n<p><img decoding=\"async\" class=\"alignnone wp-image-3362\" src=\"https:\/\/icrturkey.com\/wp-content\/uploads\/2019\/06\/Email-icon-e1560506652454.png\" alt=\"\" width=\"28\" height=\"20\" \/> <a href=\"mailto:icrpolska@icrqa.com?subject=DRON%20Certificate&amp;body=I%20plan%20to%20certificate%20DRON.%0APlease,%20contact%20me%20to%20more%20information.%0A\">ICR Polonya ile ileti\u015fime ge\u00e7in<\/a><\/p>\n<p>Rekabette en az bir ad\u0131m \u00f6nde olmaya \u00f6zen g\u00f6sterin.<\/p>","protected":false},"excerpt":{"rendered":"<p>BSP\/DRON ((EU) 2019\/945) i\u00e7in uygunluk de\u011ferlendirme program\u0131 + teknik \u00f6zellikler listesi ICR Polska Sp. z o.o. \u00fcreticilerin, ithalat\u00e7\u0131lar\u0131n ve kullan\u0131c\u0131lar\u0131n ihtiya\u00e7lar\u0131n\u0131 kar\u015f\u0131lamak i\u00e7in \u0130nsans\u0131z Hava Ara\u00e7lar\u0131n\u0131n (DRON'lar) g\u00f6n\u00fcll\u00fc uygunluk de\u011ferlendirmesini ve sertifikasyonunu ger\u00e7ekle\u015ftirmektedir. \u015eu anda DRON sertifikasyonu hala iste\u011fe ba\u011fl\u0131d\u0131r, ancak ileriye d\u00f6n\u00fck olarak gelecekte bir Onaylanm\u0131\u015f Kurulu\u015f taraf\u0131ndan verilen zorunlu bir sertifika almak \u00e7ok daha kolay hale gelecektir....&nbsp;<a href=\"https:\/\/icrturkey.com\/tr\/certyfikacja-wyrobow\/certyfikacja-dronow\/\" rel=\"bookmark\">Daha fazlas\u0131n\u0131 oku \"<span class=\"screen-reader-text\">\u0130HA sertifikas\u0131<\/span><\/a><\/p>","protected":false},"author":2,"featured_media":0,"parent":211,"menu_order":0,"comment_status":"closed","ping_status":"closed","template":"","meta":{"neve_meta_sidebar":"","neve_meta_container":"","neve_meta_enable_content_width":"off","neve_meta_content_width":70,"neve_meta_title_alignment":"","neve_meta_author_avatar":"","neve_post_elements_order":"","neve_meta_disable_header":"","neve_meta_disable_footer":"","neve_meta_disable_title":"","footnotes":""},"class_list":["post-3528","page","type-page","status-publish","hentry"],"yoast_head":"<!-- This site is optimized with the Yoast SEO plugin v27.3 - https:\/\/yoast.com\/product\/yoast-seo-wordpress\/ -->\n<title>Certyfikacja DRON\u00f3w - ICR TURKEY - tests and certification<\/title>\n<meta name=\"robots\" content=\"index, follow, max-snippet:-1, max-image-preview:large, max-video-preview:-1\" \/>\n<link rel=\"canonical\" href=\"https:\/\/icrturkey.com\/tr\/certyfikacja-wyrobow\/certyfikacja-dronow\/\" \/>\n<meta property=\"og:locale\" content=\"tr_TR\" \/>\n<meta property=\"og:type\" content=\"article\" \/>\n<meta property=\"og:title\" content=\"Certyfikacja DRON\u00f3w - ICR TURKEY - tests and certification\" \/>\n<meta property=\"og:description\" content=\"Program oceny zgodno\u015bci w zakresie BSP\/DRON ((UE) 2019\/945) + lista specyfikacji technicznych ICR Polska Sp. z o.o. wychodz\u0105c naprzeciw potrzebom producent\u00f3w, importer\u00f3w i u\u017cytkownik\u00f3w prowadzi dobrowoln\u0105 ocen\u0119 zgodno\u015bci i certyfikacj\u0119 Bezza\u0142ogowych Statk\u00f3w Powietrznych (DRON). W tej chwili certyfikacja DRON\u00f3w jest jeszcze dobrowolna, ale perspektywicznie znacznie u\u0142atwi w przysz\u0142o\u015bci uzyskanie obowi\u0105zkowego certyfikatu wydanego przez Jednostk\u0119 Notyfikowan\u0105&hellip;&nbsp;Daha fazlas\u0131n\u0131 oku &raquo;Certyfikacja DRON\u00f3w\" \/>\n<meta property=\"og:url\" content=\"https:\/\/icrturkey.com\/tr\/certyfikacja-wyrobow\/certyfikacja-dronow\/\" \/>\n<meta property=\"og:site_name\" content=\"ICR TURKEY - tests and certification\" \/>\n<meta property=\"article:modified_time\" content=\"2025-06-11T07:28:44+00:00\" \/>\n<meta property=\"og:image\" content=\"https:\/\/icrturkey.com\/wp-content\/uploads\/2019\/06\/adobe.jpg\" \/>\n\t<meta property=\"og:image:width\" content=\"218\" \/>\n\t<meta property=\"og:image:height\" content=\"231\" \/>\n\t<meta property=\"og:image:type\" content=\"image\/jpeg\" \/>\n<meta name=\"twitter:card\" content=\"summary_large_image\" \/>\n<meta name=\"twitter:label1\" content=\"Tahmini okuma s\u00fcresi\" \/>\n\t<meta name=\"twitter:data1\" content=\"3 dakika\" \/>\n<script type=\"application\/ld+json\" class=\"yoast-schema-graph\">{\"@context\":\"https:\\\/\\\/schema.org\",\"@graph\":[{\"@type\":\"WebPage\",\"@id\":\"https:\\\/\\\/icrturkey.com\\\/certyfikacja-wyrobow\\\/certyfikacja-dronow\\\/\",\"url\":\"https:\\\/\\\/icrturkey.com\\\/certyfikacja-wyrobow\\\/certyfikacja-dronow\\\/\",\"name\":\"Certyfikacja DRON\u00f3w - ICR TURKEY - tests and certification\",\"isPartOf\":{\"@id\":\"https:\\\/\\\/icrturkey.com\\\/#website\"},\"primaryImageOfPage\":{\"@id\":\"https:\\\/\\\/icrturkey.com\\\/certyfikacja-wyrobow\\\/certyfikacja-dronow\\\/#primaryimage\"},\"image\":{\"@id\":\"https:\\\/\\\/icrturkey.com\\\/certyfikacja-wyrobow\\\/certyfikacja-dronow\\\/#primaryimage\"},\"thumbnailUrl\":\"https:\\\/\\\/icrturkey.com\\\/wp-content\\\/uploads\\\/2019\\\/06\\\/adobe.jpg\",\"datePublished\":\"2019-09-30T17:10:29+00:00\",\"dateModified\":\"2025-06-11T07:28:44+00:00\",\"breadcrumb\":{\"@id\":\"https:\\\/\\\/icrturkey.com\\\/certyfikacja-wyrobow\\\/certyfikacja-dronow\\\/#breadcrumb\"},\"inLanguage\":\"tr\",\"potentialAction\":[{\"@type\":\"ReadAction\",\"target\":[\"https:\\\/\\\/icrturkey.com\\\/certyfikacja-wyrobow\\\/certyfikacja-dronow\\\/\"]}]},{\"@type\":\"ImageObject\",\"inLanguage\":\"tr\",\"@id\":\"https:\\\/\\\/icrturkey.com\\\/certyfikacja-wyrobow\\\/certyfikacja-dronow\\\/#primaryimage\",\"url\":\"https:\\\/\\\/icrturkey.com\\\/wp-content\\\/uploads\\\/2019\\\/06\\\/adobe.jpg\",\"contentUrl\":\"https:\\\/\\\/icrturkey.com\\\/wp-content\\\/uploads\\\/2019\\\/06\\\/adobe.jpg\"},{\"@type\":\"BreadcrumbList\",\"@id\":\"https:\\\/\\\/icrturkey.com\\\/certyfikacja-wyrobow\\\/certyfikacja-dronow\\\/#breadcrumb\",\"itemListElement\":[{\"@type\":\"ListItem\",\"position\":1,\"name\":\"Strona g\u0142\u00f3wna\",\"item\":\"https:\\\/\\\/icrturkey.com\\\/\"},{\"@type\":\"ListItem\",\"position\":2,\"name\":\"Certyfikacja wyrob\u00f3w\",\"item\":\"https:\\\/\\\/icrturkey.com\\\/certyfikacja-wyrobow\\\/\"},{\"@type\":\"ListItem\",\"position\":3,\"name\":\"Certyfikacja DRON\u00f3w\"}]},{\"@type\":\"WebSite\",\"@id\":\"https:\\\/\\\/icrturkey.com\\\/#website\",\"url\":\"https:\\\/\\\/icrturkey.com\\\/\",\"name\":\"ICR TURKEY - tests and certification\",\"description\":\"CE certification, CE certificate, ISO certificate, RED testing, product testing and certification, electrical product testing, medical device testing, ATEX, IECEx, FCC, product certification, EMC testing, machinery certification, CE machines, training, electronic product testing, testing 2014\\\/53\\\/EU, drone certification, ISO 13485 certificate, ISO 9001 certificate, NC RfG\",\"publisher\":{\"@id\":\"https:\\\/\\\/icrturkey.com\\\/#\\\/schema\\\/person\\\/43aa01c7e4d61d03230a6e3e9d4e7ef2\"},\"potentialAction\":[{\"@type\":\"SearchAction\",\"target\":{\"@type\":\"EntryPoint\",\"urlTemplate\":\"https:\\\/\\\/icrturkey.com\\\/?s={search_term_string}\"},\"query-input\":{\"@type\":\"PropertyValueSpecification\",\"valueRequired\":true,\"valueName\":\"search_term_string\"}}],\"inLanguage\":\"tr\"},{\"@type\":[\"Person\",\"Organization\"],\"@id\":\"https:\\\/\\\/icrturkey.com\\\/#\\\/schema\\\/person\\\/43aa01c7e4d61d03230a6e3e9d4e7ef2\",\"name\":\"admin\",\"image\":{\"@type\":\"ImageObject\",\"inLanguage\":\"tr\",\"@id\":\"https:\\\/\\\/icrturkey.com\\\/wp-content\\\/uploads\\\/2019\\\/05\\\/cropped-logo-icr.32f04ad5-1-1.png\",\"url\":\"https:\\\/\\\/icrturkey.com\\\/wp-content\\\/uploads\\\/2019\\\/05\\\/cropped-logo-icr.32f04ad5-1-1.png\",\"contentUrl\":\"https:\\\/\\\/icrturkey.com\\\/wp-content\\\/uploads\\\/2019\\\/05\\\/cropped-logo-icr.32f04ad5-1-1.png\",\"width\":400,\"height\":148,\"caption\":\"admin\"},\"logo\":{\"@id\":\"https:\\\/\\\/icrturkey.com\\\/wp-content\\\/uploads\\\/2019\\\/05\\\/cropped-logo-icr.32f04ad5-1-1.png\"}}]}<\/script>\n<!-- \/ Yoast SEO plugin. -->","yoast_head_json":{"title":"DRON sertifikasyonu - ICR T\u00dcRK\u0130YE - testler ve sertifikasyon","robots":{"index":"index","follow":"follow","max-snippet":"max-snippet:-1","max-image-preview":"max-image-preview:large","max-video-preview":"max-video-preview:-1"},"canonical":"https:\/\/icrturkey.com\/tr\/certyfikacja-wyrobow\/certyfikacja-dronow\/","og_locale":"tr_TR","og_type":"article","og_title":"Certyfikacja DRON\u00f3w - ICR TURKEY - tests and certification","og_description":"Program oceny zgodno\u015bci w zakresie BSP\/DRON ((UE) 2019\/945) + lista specyfikacji technicznych ICR Polska Sp. z o.o. wychodz\u0105c naprzeciw potrzebom producent\u00f3w, importer\u00f3w i u\u017cytkownik\u00f3w prowadzi dobrowoln\u0105 ocen\u0119 zgodno\u015bci i certyfikacj\u0119 Bezza\u0142ogowych Statk\u00f3w Powietrznych (DRON). W tej chwili certyfikacja DRON\u00f3w jest jeszcze dobrowolna, ale perspektywicznie znacznie u\u0142atwi w przysz\u0142o\u015bci uzyskanie obowi\u0105zkowego certyfikatu wydanego przez Jednostk\u0119 Notyfikowan\u0105&hellip;&nbsp;Daha fazlas\u0131n\u0131 oku &raquo;Certyfikacja DRON\u00f3w","og_url":"https:\/\/icrturkey.com\/tr\/certyfikacja-wyrobow\/certyfikacja-dronow\/","og_site_name":"ICR TURKEY - tests and certification","article_modified_time":"2025-06-11T07:28:44+00:00","og_image":[{"width":218,"height":231,"url":"https:\/\/icrturkey.com\/wp-content\/uploads\/2019\/06\/adobe.jpg","type":"image\/jpeg"}],"twitter_card":"summary_large_image","twitter_misc":{"Tahmini okuma s\u00fcresi":"3 dakika"},"schema":{"@context":"https:\/\/schema.org","@graph":[{"@type":"WebPage","@id":"https:\/\/icrturkey.com\/certyfikacja-wyrobow\/certyfikacja-dronow\/","url":"https:\/\/icrturkey.com\/certyfikacja-wyrobow\/certyfikacja-dronow\/","name":"DRON sertifikasyonu - ICR T\u00dcRK\u0130YE - testler ve sertifikasyon","isPartOf":{"@id":"https:\/\/icrturkey.com\/#website"},"primaryImageOfPage":{"@id":"https:\/\/icrturkey.com\/certyfikacja-wyrobow\/certyfikacja-dronow\/#primaryimage"},"image":{"@id":"https:\/\/icrturkey.com\/certyfikacja-wyrobow\/certyfikacja-dronow\/#primaryimage"},"thumbnailUrl":"https:\/\/icrturkey.com\/wp-content\/uploads\/2019\/06\/adobe.jpg","datePublished":"2019-09-30T17:10:29+00:00","dateModified":"2025-06-11T07:28:44+00:00","breadcrumb":{"@id":"https:\/\/icrturkey.com\/certyfikacja-wyrobow\/certyfikacja-dronow\/#breadcrumb"},"inLanguage":"tr","potentialAction":[{"@type":"ReadAction","target":["https:\/\/icrturkey.com\/certyfikacja-wyrobow\/certyfikacja-dronow\/"]}]},{"@type":"ImageObject","inLanguage":"tr","@id":"https:\/\/icrturkey.com\/certyfikacja-wyrobow\/certyfikacja-dronow\/#primaryimage","url":"https:\/\/icrturkey.com\/wp-content\/uploads\/2019\/06\/adobe.jpg","contentUrl":"https:\/\/icrturkey.com\/wp-content\/uploads\/2019\/06\/adobe.jpg"},{"@type":"BreadcrumbList","@id":"https:\/\/icrturkey.com\/certyfikacja-wyrobow\/certyfikacja-dronow\/#breadcrumb","itemListElement":[{"@type":"ListItem","position":1,"name":"Strona g\u0142\u00f3wna","item":"https:\/\/icrturkey.com\/"},{"@type":"ListItem","position":2,"name":"Certyfikacja wyrob\u00f3w","item":"https:\/\/icrturkey.com\/certyfikacja-wyrobow\/"},{"@type":"ListItem","position":3,"name":"Certyfikacja DRON\u00f3w"}]},{"@type":"WebSite","@id":"https:\/\/icrturkey.com\/#website","url":"https:\/\/icrturkey.com\/","name":"ICR T\u00dcRK\u0130YE - testler ve belgelendirme","description":"CE sertifikas\u0131, CE sertifikas\u0131, ISO sertifikas\u0131, RED testi, \u00fcr\u00fcn testi ve sertifikasyonu, elektrikli \u00fcr\u00fcn testi, t\u0131bbi cihaz testi, ATEX, IECEx, FCC, \u00fcr\u00fcn sertifikasyonu, EMC testi, makine sertifikasyonu, CE makineleri, e\u011fitim, elektronik \u00fcr\u00fcn testi, 2014\/53\/EU testi, drone sertifikasyonu, ISO 13485 sertifikas\u0131, ISO 9001 sertifikas\u0131, NC RfG","publisher":{"@id":"https:\/\/icrturkey.com\/#\/schema\/person\/43aa01c7e4d61d03230a6e3e9d4e7ef2"},"potentialAction":[{"@type":"SearchAction","target":{"@type":"EntryPoint","urlTemplate":"https:\/\/icrturkey.com\/?s={search_term_string}"},"query-input":{"@type":"PropertyValueSpecification","valueRequired":true,"valueName":"search_term_string"}}],"inLanguage":"tr"},{"@type":["Person","Organization"],"@id":"https:\/\/icrturkey.com\/#\/schema\/person\/43aa01c7e4d61d03230a6e3e9d4e7ef2","name":"Y\u00f6netici","image":{"@type":"ImageObject","inLanguage":"tr","@id":"https:\/\/icrturkey.com\/wp-content\/uploads\/2019\/05\/cropped-logo-icr.32f04ad5-1-1.png","url":"https:\/\/icrturkey.com\/wp-content\/uploads\/2019\/05\/cropped-logo-icr.32f04ad5-1-1.png","contentUrl":"https:\/\/icrturkey.com\/wp-content\/uploads\/2019\/05\/cropped-logo-icr.32f04ad5-1-1.png","width":400,"height":148,"caption":"admin"},"logo":{"@id":"https:\/\/icrturkey.com\/wp-content\/uploads\/2019\/05\/cropped-logo-icr.32f04ad5-1-1.png"}}]}},"_links":{"self":[{"href":"https:\/\/icrturkey.com\/tr\/wp-json\/wp\/v2\/pages\/3528","targetHints":{"allow":["GET"]}}],"collection":[{"href":"https:\/\/icrturkey.com\/tr\/wp-json\/wp\/v2\/pages"}],"about":[{"href":"https:\/\/icrturkey.com\/tr\/wp-json\/wp\/v2\/types\/page"}],"author":[{"embeddable":true,"href":"https:\/\/icrturkey.com\/tr\/wp-json\/wp\/v2\/users\/2"}],"replies":[{"embeddable":true,"href":"https:\/\/icrturkey.com\/tr\/wp-json\/wp\/v2\/comments?post=3528"}],"version-history":[{"count":11,"href":"https:\/\/icrturkey.com\/tr\/wp-json\/wp\/v2\/pages\/3528\/revisions"}],"predecessor-version":[{"id":17180,"href":"https:\/\/icrturkey.com\/tr\/wp-json\/wp\/v2\/pages\/3528\/revisions\/17180"}],"up":[{"embeddable":true,"href":"https:\/\/icrturkey.com\/tr\/wp-json\/wp\/v2\/pages\/211"}],"wp:attachment":[{"href":"https:\/\/icrturkey.com\/tr\/wp-json\/wp\/v2\/media?parent=3528"}],"curies":[{"name":"wp","href":"https:\/\/api.w.org\/{rel}","templated":true}]}}