{"id":2430,"date":"2019-06-03T12:35:35","date_gmt":"2019-06-03T10:35:35","guid":{"rendered":"http:\/\/nowa.icrpolska.com\/?page_id=2430"},"modified":"2024-12-10T14:51:36","modified_gmt":"2024-12-10T13:51:36","slug":"iecex","status":"publish","type":"page","link":"https:\/\/icrturkey.com\/tr\/iecex\/","title":{"rendered":"IECEx"},"content":{"rendered":"<div data-elementor-type=\"wp-page\" data-elementor-id=\"2430\" class=\"elementor elementor-2430\">\n\t\t\t\t\t\t<section class=\"elementor-section elementor-top-section elementor-element elementor-element-3b021474 elementor-section-boxed elementor-section-height-default elementor-section-height-default\" data-id=\"3b021474\" data-element_type=\"section\" data-e-type=\"section\">\n\t\t\t\t\t\t<div class=\"elementor-container elementor-column-gap-default\">\n\t\t\t\t\t<div class=\"elementor-column elementor-col-100 elementor-top-column elementor-element elementor-element-3647aceb\" data-id=\"3647aceb\" data-element_type=\"column\" data-e-type=\"column\">\n\t\t\t<div class=\"elementor-widget-wrap elementor-element-populated\">\n\t\t\t\t\t\t<div class=\"elementor-element elementor-element-35547234 elementor-widget elementor-widget-text-editor\" data-id=\"35547234\" data-element_type=\"widget\" data-e-type=\"widget\" data-widget_type=\"text-editor.default\">\n\t\t\t\t<div class=\"elementor-widget-container\">\n\t\t\t\t\t\t\t\t\t<p><img decoding=\"async\" class=\"wp-image-2883 alignleft\" src=\"https:\/\/icrturkey.com\/wp-content\/uploads\/2024\/12\/IECEx.png\" alt=\"\" width=\"142\" height=\"119\" \/><\/p><p>\u00a0<\/p><p>D\u00fcnya \u00e7ap\u0131ndaki IECEx sistemi, gerekli g\u00fcvenlik seviyesini korurken patlay\u0131c\u0131 ortamlarda (Ex ekipman\/\u00fcr\u00fcnler) kullan\u0131ma y\u00f6nelik ekipman ve hizmetlerin uluslararas\u0131 ticaretini kolayla\u015ft\u0131rmak i\u00e7in olu\u015fturulmu\u015ftur. Sistem, di\u011fer \u015feylerin yan\u0131 s\u0131ra \u015funlar\u0131 sa\u011flar:<\/p><p>\u00a0<\/p><ul><li>\u00fcretici i\u00e7in test ve belgelendirme maliyetlerini d\u00fc\u015f\u00fcr\u00fcr;<\/li><li>\u00fcr\u00fcn\u00fc pazara sunma s\u00fcresini k\u0131salt\u0131r;<\/li><li>Ex \u00fcr\u00fcnlerinin kamuya a\u00e7\u0131k uluslararas\u0131 bir veritaban\u0131na kayd\u0131n\u0131 ger\u00e7ekle\u015ftirir;<\/li><li>nerede \u00fcretildiklerine ve kullan\u0131ld\u0131klar\u0131na bak\u0131lmaks\u0131z\u0131n \u00fcr\u00fcnlerin de\u011ferlendirilmesi ve do\u011frulanmas\u0131 i\u00e7in tek tip kriterler belirler.<\/li><\/ul><p class=\"translation-block\">IECEx organizasyonunun t\u00fcm faaliyetleri hakk\u0131nda daha fazla bilgi i\u00e7in l\u00fctfen <a href=\"https:\/\/www.iecex.com\/\" target=\"_self\" rel=\"noopener noreferrer\">https:\/\/www.iecex.com\/<\/a> adresini ziyaret edin.<\/p><p>Ex ekipman\u0131, patlay\u0131c\u0131 ortamlarda, yani yan\u0131c\u0131 s\u0131v\u0131lar\u0131n, buharlar\u0131n, gazlar\u0131n veya tozlar\u0131n yang\u0131n veya patlamaya neden olabilecek yeterli miktarlarda bulunabilece\u011fi alanlarda\/b\u00f6lgelerde \u00e7al\u0131\u015fmak \u00fczere tasarlanm\u0131\u015ft\u0131r.<\/p><p>G\u00fcn\u00fcm\u00fczde bu t\u00fcr b\u00f6lgeler bir\u00e7ok sekt\u00f6rdeki \u00fcretim tesislerinin yan\u0131 s\u0131ra \u00f6rne\u011fin hizmet veya depolama tesislerinde de bulunmaktad\u0131r:<\/p><ul><li>madencilik ve k\u00f6m\u00fcr iletim ve depolama tesisleri<\/li><li>araba veya u\u00e7ak yak\u0131t ikmal istasyonlar\u0131, benzin istasyonlar\u0131<\/li><li>petrol rafinerileri, petrol platformlar\u0131 ve i\u015fleme tesisleri<\/li><li>kimyasal i\u015fleme tesisleri<\/li><li>farmas\u00f6ti\u0307k (ila\u00e7 bitkileri ) tesi\u0307sler<\/li><li>bask\u0131 end\u00fcstrisi, ka\u011f\u0131t ve tekstil \u00fcretimi<\/li><li>hastane ameliyathaneleri<\/li><li>verni\u0307kleme ve boyama at\u00f6lyeleri\u0307<\/li><li>biyok\u00fctle i\u015fleme tesisleri<\/li><li>kanalizasyon ar\u0131tma tesisleri<\/li><li>gaz boru hatlar\u0131 ve da\u011f\u0131t\u0131m merkezleri<\/li><li>tahil i\u0307\u015fleme ve depolama tesi\u0307sleri\u0307<\/li><li>ah\u015fap i\u0307\u015fleme tesi\u0307sleri\u0307<\/li><li>\u015feker rafinerileri<\/li><li>metal malzemelerin, \u00f6zellikle al\u00fcminyumun i\u015flenmesi i\u00e7in at\u00f6lyeler<\/li><\/ul><p>ICR Polonya, IECEx sistemi alt\u0131nda d\u00fcnya \u00e7ap\u0131nda kapsama sahip potansiyel patlay\u0131c\u0131 ortamlar i\u00e7in \u00fcr\u00fcnlerin test edilmesini, \u00fcretim sistemi de\u011ferlendirmesini ve belgelendirilmesini sa\u011flar.<\/p><p>Avrupa ATEX Direktifi kapsam\u0131ndaki faaliyetlere paralel olarak \u00fcretim sisteminin test ve de\u011ferlendirmesini ger\u00e7ekle\u015ftirebiliriz.<\/p><p>Elektrikli ve elektriksiz ekipmanlar i\u00e7in kullan\u0131lan patlamaya kar\u015f\u0131 koruma y\u00f6ntemlerinin \u00e7o\u011funu kapsayan geni\u015f bir test yelpazesi sunuyoruz.<\/p>\t\t\t\t\t\t\t\t<\/div>\n\t\t\t\t<\/div>\n\t\t\t\t\t<\/div>\n\t\t<\/div>\n\t\t\t\t\t<\/div>\n\t\t<\/section>\n\t\t\t\t<\/div>","protected":false},"excerpt":{"rendered":"<p>\u00a0 D\u00fcnya \u00e7ap\u0131ndaki IECEx sistemi, gerekli g\u00fcvenlik seviyesini korurken patlay\u0131c\u0131 ortamlarda (Ex ekipman\/\u00fcr\u00fcnler) kullan\u0131ma y\u00f6nelik ekipman ve hizmetlerin uluslararas\u0131 ticaretini kolayla\u015ft\u0131rmak i\u00e7in olu\u015fturulmu\u015ftur. Sistem di\u011fer \u015feylerin yan\u0131 s\u0131ra \u015funlar\u0131 sa\u011flar: \u00fcretici i\u00e7in azalt\u0131lm\u0131\u015f test ve belgelendirme maliyetleri; daha k\u0131sa piyasaya s\u00fcrme s\u00fcresi; Ex \u00fcr\u00fcnlerin tek, serbest\u00e7e eri\u015filebilen uluslararas\u0131 bir veritaban\u0131; tek tip de\u011ferlendirme kriterleri ve...&nbsp;<a href=\"https:\/\/icrturkey.com\/tr\/iecex\/\" rel=\"bookmark\">Daha fazlas\u0131n\u0131 oku \"<span class=\"screen-reader-text\">IECEx<\/span><\/a><\/p>","protected":false},"author":1,"featured_media":0,"parent":0,"menu_order":0,"comment_status":"closed","ping_status":"closed","template":"","meta":{"neve_meta_sidebar":"","neve_meta_container":"","neve_meta_enable_content_width":"off","neve_meta_content_width":70,"neve_meta_title_alignment":"","neve_meta_author_avatar":"","neve_post_elements_order":"","neve_meta_disable_header":"","neve_meta_disable_footer":"","neve_meta_disable_title":"","footnotes":""},"class_list":["post-2430","page","type-page","status-publish","hentry"],"yoast_head":"<!-- This site is optimized with the Yoast SEO plugin v27.3 - https:\/\/yoast.com\/product\/yoast-seo-wordpress\/ -->\n<title>IECEx - ICR TURKEY - tests and certification<\/title>\n<meta name=\"robots\" content=\"index, follow, max-snippet:-1, max-image-preview:large, max-video-preview:-1\" \/>\n<link rel=\"canonical\" href=\"https:\/\/icrturkey.com\/tr\/iecex\/\" \/>\n<meta property=\"og:locale\" content=\"tr_TR\" \/>\n<meta property=\"og:type\" content=\"article\" \/>\n<meta property=\"og:title\" content=\"IECEx - ICR TURKEY - tests and certification\" \/>\n<meta property=\"og:description\" content=\"\u00a0 Og\u00f3lno\u015bwiatowy system IECEx powsta\u0142 w celu u\u0142atwienie mi\u0119dzynarodowego handlu sprz\u0119tem i us\u0142ugami do u\u017cytku w atmosferach wybuchowych (urz\u0105dzenia\/wyroby Ex), przy zachowaniu wymaganego poziomu bezpiecze\u0144stwa. System ten zapewnia m.in.: \u00a0 ograniczenie koszt\u00f3w bada\u0144 i certyfikacji dla producenta; skr\u00f3cenie czasu procesu wprowadzania wyrobu na rynek; jedn\u0105, og\u00f3lnodost\u0119pn\u0105 mi\u0119dzynarodow\u0105 baz\u0119 danych wyrob\u00f3w Ex; jednolite kryteria oceny i&hellip;&nbsp;Daha fazlas\u0131n\u0131 oku &raquo;IECEx\" \/>\n<meta property=\"og:url\" content=\"https:\/\/icrturkey.com\/tr\/iecex\/\" \/>\n<meta property=\"og:site_name\" content=\"ICR TURKEY - tests and certification\" \/>\n<meta property=\"article:modified_time\" content=\"2024-12-10T13:51:36+00:00\" \/>\n<meta property=\"og:image\" content=\"https:\/\/icrturkey.com\/wp-content\/uploads\/2019\/06\/IECEx_logo-e1733837645360.png\" \/>\n\t<meta property=\"og:image:width\" content=\"161\" \/>\n\t<meta property=\"og:image:height\" content=\"135\" \/>\n\t<meta property=\"og:image:type\" content=\"image\/png\" \/>\n<meta name=\"twitter:card\" content=\"summary_large_image\" \/>\n<meta name=\"twitter:label1\" content=\"Tahmini okuma s\u00fcresi\" \/>\n\t<meta name=\"twitter:data1\" content=\"2 dakika\" \/>\n<script type=\"application\/ld+json\" class=\"yoast-schema-graph\">{\"@context\":\"https:\\\/\\\/schema.org\",\"@graph\":[{\"@type\":\"WebPage\",\"@id\":\"https:\\\/\\\/icrturkey.com\\\/iecex\\\/\",\"url\":\"https:\\\/\\\/icrturkey.com\\\/iecex\\\/\",\"name\":\"IECEx - ICR TURKEY - tests and certification\",\"isPartOf\":{\"@id\":\"https:\\\/\\\/icrturkey.com\\\/#website\"},\"primaryImageOfPage\":{\"@id\":\"https:\\\/\\\/icrturkey.com\\\/iecex\\\/#primaryimage\"},\"image\":{\"@id\":\"https:\\\/\\\/icrturkey.com\\\/iecex\\\/#primaryimage\"},\"thumbnailUrl\":\"https:\\\/\\\/icrturkey.com\\\/wp-content\\\/uploads\\\/2024\\\/12\\\/IECEx.png\",\"datePublished\":\"2019-06-03T10:35:35+00:00\",\"dateModified\":\"2024-12-10T13:51:36+00:00\",\"breadcrumb\":{\"@id\":\"https:\\\/\\\/icrturkey.com\\\/iecex\\\/#breadcrumb\"},\"inLanguage\":\"tr\",\"potentialAction\":[{\"@type\":\"ReadAction\",\"target\":[\"https:\\\/\\\/icrturkey.com\\\/iecex\\\/\"]}]},{\"@type\":\"ImageObject\",\"inLanguage\":\"tr\",\"@id\":\"https:\\\/\\\/icrturkey.com\\\/iecex\\\/#primaryimage\",\"url\":\"https:\\\/\\\/icrturkey.com\\\/wp-content\\\/uploads\\\/2024\\\/12\\\/IECEx.png\",\"contentUrl\":\"https:\\\/\\\/icrturkey.com\\\/wp-content\\\/uploads\\\/2024\\\/12\\\/IECEx.png\"},{\"@type\":\"BreadcrumbList\",\"@id\":\"https:\\\/\\\/icrturkey.com\\\/iecex\\\/#breadcrumb\",\"itemListElement\":[{\"@type\":\"ListItem\",\"position\":1,\"name\":\"Strona g\u0142\u00f3wna\",\"item\":\"https:\\\/\\\/icrturkey.com\\\/\"},{\"@type\":\"ListItem\",\"position\":2,\"name\":\"IECEx\"}]},{\"@type\":\"WebSite\",\"@id\":\"https:\\\/\\\/icrturkey.com\\\/#website\",\"url\":\"https:\\\/\\\/icrturkey.com\\\/\",\"name\":\"ICR TURKEY - tests and certification\",\"description\":\"CE certification, CE certificate, ISO certificate, RED testing, product testing and certification, electrical product testing, medical device testing, ATEX, IECEx, FCC, product certification, EMC testing, machinery certification, CE machines, training, electronic product testing, testing 2014\\\/53\\\/EU, drone certification, ISO 13485 certificate, ISO 9001 certificate, NC RfG\",\"publisher\":{\"@id\":\"https:\\\/\\\/icrturkey.com\\\/#\\\/schema\\\/person\\\/43aa01c7e4d61d03230a6e3e9d4e7ef2\"},\"potentialAction\":[{\"@type\":\"SearchAction\",\"target\":{\"@type\":\"EntryPoint\",\"urlTemplate\":\"https:\\\/\\\/icrturkey.com\\\/?s={search_term_string}\"},\"query-input\":{\"@type\":\"PropertyValueSpecification\",\"valueRequired\":true,\"valueName\":\"search_term_string\"}}],\"inLanguage\":\"tr\"},{\"@type\":[\"Person\",\"Organization\"],\"@id\":\"https:\\\/\\\/icrturkey.com\\\/#\\\/schema\\\/person\\\/43aa01c7e4d61d03230a6e3e9d4e7ef2\",\"name\":\"admin\",\"image\":{\"@type\":\"ImageObject\",\"inLanguage\":\"tr\",\"@id\":\"https:\\\/\\\/icrturkey.com\\\/wp-content\\\/uploads\\\/2019\\\/05\\\/cropped-logo-icr.32f04ad5-1-1.png\",\"url\":\"https:\\\/\\\/icrturkey.com\\\/wp-content\\\/uploads\\\/2019\\\/05\\\/cropped-logo-icr.32f04ad5-1-1.png\",\"contentUrl\":\"https:\\\/\\\/icrturkey.com\\\/wp-content\\\/uploads\\\/2019\\\/05\\\/cropped-logo-icr.32f04ad5-1-1.png\",\"width\":400,\"height\":148,\"caption\":\"admin\"},\"logo\":{\"@id\":\"https:\\\/\\\/icrturkey.com\\\/wp-content\\\/uploads\\\/2019\\\/05\\\/cropped-logo-icr.32f04ad5-1-1.png\"}}]}<\/script>\n<!-- \/ Yoast SEO plugin. -->","yoast_head_json":{"title":"IECEx - ICR T\u00dcRK\u0130YE - testler ve belgelendirme","robots":{"index":"index","follow":"follow","max-snippet":"max-snippet:-1","max-image-preview":"max-image-preview:large","max-video-preview":"max-video-preview:-1"},"canonical":"https:\/\/icrturkey.com\/tr\/iecex\/","og_locale":"tr_TR","og_type":"article","og_title":"IECEx - ICR TURKEY - tests and certification","og_description":"\u00a0 Og\u00f3lno\u015bwiatowy system IECEx powsta\u0142 w celu u\u0142atwienie mi\u0119dzynarodowego handlu sprz\u0119tem i us\u0142ugami do u\u017cytku w atmosferach wybuchowych (urz\u0105dzenia\/wyroby Ex), przy zachowaniu wymaganego poziomu bezpiecze\u0144stwa. System ten zapewnia m.in.: \u00a0 ograniczenie koszt\u00f3w bada\u0144 i certyfikacji dla producenta; skr\u00f3cenie czasu procesu wprowadzania wyrobu na rynek; jedn\u0105, og\u00f3lnodost\u0119pn\u0105 mi\u0119dzynarodow\u0105 baz\u0119 danych wyrob\u00f3w Ex; jednolite kryteria oceny i&hellip;&nbsp;Daha fazlas\u0131n\u0131 oku &raquo;IECEx","og_url":"https:\/\/icrturkey.com\/tr\/iecex\/","og_site_name":"ICR TURKEY - tests and certification","article_modified_time":"2024-12-10T13:51:36+00:00","og_image":[{"width":161,"height":135,"url":"https:\/\/icrturkey.com\/wp-content\/uploads\/2019\/06\/IECEx_logo-e1733837645360.png","type":"image\/png"}],"twitter_card":"summary_large_image","twitter_misc":{"Tahmini okuma s\u00fcresi":"2 dakika"},"schema":{"@context":"https:\/\/schema.org","@graph":[{"@type":"WebPage","@id":"https:\/\/icrturkey.com\/iecex\/","url":"https:\/\/icrturkey.com\/iecex\/","name":"IECEx - ICR T\u00dcRK\u0130YE - testler ve belgelendirme","isPartOf":{"@id":"https:\/\/icrturkey.com\/#website"},"primaryImageOfPage":{"@id":"https:\/\/icrturkey.com\/iecex\/#primaryimage"},"image":{"@id":"https:\/\/icrturkey.com\/iecex\/#primaryimage"},"thumbnailUrl":"https:\/\/icrturkey.com\/wp-content\/uploads\/2024\/12\/IECEx.png","datePublished":"2019-06-03T10:35:35+00:00","dateModified":"2024-12-10T13:51:36+00:00","breadcrumb":{"@id":"https:\/\/icrturkey.com\/iecex\/#breadcrumb"},"inLanguage":"tr","potentialAction":[{"@type":"ReadAction","target":["https:\/\/icrturkey.com\/iecex\/"]}]},{"@type":"ImageObject","inLanguage":"tr","@id":"https:\/\/icrturkey.com\/iecex\/#primaryimage","url":"https:\/\/icrturkey.com\/wp-content\/uploads\/2024\/12\/IECEx.png","contentUrl":"https:\/\/icrturkey.com\/wp-content\/uploads\/2024\/12\/IECEx.png"},{"@type":"BreadcrumbList","@id":"https:\/\/icrturkey.com\/iecex\/#breadcrumb","itemListElement":[{"@type":"ListItem","position":1,"name":"Strona g\u0142\u00f3wna","item":"https:\/\/icrturkey.com\/"},{"@type":"ListItem","position":2,"name":"IECEx"}]},{"@type":"WebSite","@id":"https:\/\/icrturkey.com\/#website","url":"https:\/\/icrturkey.com\/","name":"ICR T\u00dcRK\u0130YE - testler ve belgelendirme","description":"CE sertifikas\u0131, CE sertifikas\u0131, ISO sertifikas\u0131, RED testi, \u00fcr\u00fcn testi ve sertifikasyonu, elektrikli \u00fcr\u00fcn testi, t\u0131bbi cihaz testi, ATEX, IECEx, FCC, \u00fcr\u00fcn sertifikasyonu, EMC testi, makine sertifikasyonu, CE makineleri, e\u011fitim, elektronik \u00fcr\u00fcn testi, 2014\/53\/EU testi, drone sertifikasyonu, ISO 13485 sertifikas\u0131, ISO 9001 sertifikas\u0131, NC RfG","publisher":{"@id":"https:\/\/icrturkey.com\/#\/schema\/person\/43aa01c7e4d61d03230a6e3e9d4e7ef2"},"potentialAction":[{"@type":"SearchAction","target":{"@type":"EntryPoint","urlTemplate":"https:\/\/icrturkey.com\/?s={search_term_string}"},"query-input":{"@type":"PropertyValueSpecification","valueRequired":true,"valueName":"search_term_string"}}],"inLanguage":"tr"},{"@type":["Person","Organization"],"@id":"https:\/\/icrturkey.com\/#\/schema\/person\/43aa01c7e4d61d03230a6e3e9d4e7ef2","name":"Y\u00f6netici","image":{"@type":"ImageObject","inLanguage":"tr","@id":"https:\/\/icrturkey.com\/wp-content\/uploads\/2019\/05\/cropped-logo-icr.32f04ad5-1-1.png","url":"https:\/\/icrturkey.com\/wp-content\/uploads\/2019\/05\/cropped-logo-icr.32f04ad5-1-1.png","contentUrl":"https:\/\/icrturkey.com\/wp-content\/uploads\/2019\/05\/cropped-logo-icr.32f04ad5-1-1.png","width":400,"height":148,"caption":"admin"},"logo":{"@id":"https:\/\/icrturkey.com\/wp-content\/uploads\/2019\/05\/cropped-logo-icr.32f04ad5-1-1.png"}}]}},"_links":{"self":[{"href":"https:\/\/icrturkey.com\/tr\/wp-json\/wp\/v2\/pages\/2430","targetHints":{"allow":["GET"]}}],"collection":[{"href":"https:\/\/icrturkey.com\/tr\/wp-json\/wp\/v2\/pages"}],"about":[{"href":"https:\/\/icrturkey.com\/tr\/wp-json\/wp\/v2\/types\/page"}],"author":[{"embeddable":true,"href":"https:\/\/icrturkey.com\/tr\/wp-json\/wp\/v2\/users\/1"}],"replies":[{"embeddable":true,"href":"https:\/\/icrturkey.com\/tr\/wp-json\/wp\/v2\/comments?post=2430"}],"version-history":[{"count":15,"href":"https:\/\/icrturkey.com\/tr\/wp-json\/wp\/v2\/pages\/2430\/revisions"}],"predecessor-version":[{"id":14907,"href":"https:\/\/icrturkey.com\/tr\/wp-json\/wp\/v2\/pages\/2430\/revisions\/14907"}],"wp:attachment":[{"href":"https:\/\/icrturkey.com\/tr\/wp-json\/wp\/v2\/media?parent=2430"}],"curies":[{"name":"wp","href":"https:\/\/api.w.org\/{rel}","templated":true}]}}