{"id":2424,"date":"2019-06-03T12:34:18","date_gmt":"2019-06-03T10:34:18","guid":{"rendered":"http:\/\/nowa.icrpolska.com\/?page_id=2424"},"modified":"2025-07-21T13:59:55","modified_gmt":"2025-07-21T11:59:55","slug":"rynki-zagraniczne","status":"publish","type":"page","link":"https:\/\/icrturkey.com\/tr\/rynki-zagraniczne\/","title":{"rendered":"Yang\u0131n G\u00fcvenli\u011fi"},"content":{"rendered":"<pre id=\"tw-target-text\" class=\"tw-data-text tw-text-large tw-ta\" dir=\"ltr\" data-placeholder=\"\u00c7eviri\" data-ved=\"2ahUKEwjku-bb8c2OAxXAB9sEHUgBPVgQ3ewLegQICRAV\" aria-label=\"\u00c7evrilmi\u015f metin: Yang\u0131n s\u00f6nd\u00fcrme, koruma ve alg\u0131lama sistemlerinin FM\/NFPA\/UL\/yerel y\u00f6netmelik ve standartlara uygunluk analizi, projelendirme, test ve kontrol, genel e\u011fitim ve uygulama projelerinin denetimi alanlar\u0131nda hizmet vermekteyiz.\"><span class=\"Y2IQFc\" lang=\"en\">Yang\u0131n s\u00f6nd\u00fcrme, korunma ve alg\u0131lama sistemlerinin FM \/ NFPA \/ UL \/ Yerel y\u00f6netmelik ve standartlara uyum analizi, projelendirmesi, test- kontrolleri ve genel e\u011fitimleri ile uygulama projelerinin kontrol\u00f6rl\u00fc\u011f\u00fc konular\u0131nda hizmet veriyoruz.<\/span><\/pre>\n<p><img decoding=\"async\" class=\"alignnone wp-image-17211\" src=\"https:\/\/icrturkey.com\/wp-content\/uploads\/2025\/07\/fm-global.png\" alt=\"\" width=\"193\" height=\"134\" srcset=\"https:\/\/icrturkey.com\/wp-content\/uploads\/2025\/07\/fm-global.png 270w, https:\/\/icrturkey.com\/wp-content\/uploads\/2025\/07\/fm-global-18x12.png 18w\" sizes=\"(max-width: 193px) 100vw, 193px\" \/><img decoding=\"async\" class=\"alignnone wp-image-17213\" src=\"https:\/\/icrturkey.com\/wp-content\/uploads\/2025\/07\/nfpa.png\" alt=\"\" width=\"190\" height=\"116\" srcset=\"https:\/\/icrturkey.com\/wp-content\/uploads\/2025\/07\/nfpa.png 287w, https:\/\/icrturkey.com\/wp-content\/uploads\/2025\/07\/nfpa-18x12.png 18w\" sizes=\"(max-width: 190px) 100vw, 190px\" \/> <img decoding=\"async\" class=\"alignnone  wp-image-17214\" src=\"https:\/\/icrturkey.com\/wp-content\/uploads\/2025\/07\/ul.png\" alt=\"\" width=\"115\" height=\"115\" srcset=\"https:\/\/icrturkey.com\/wp-content\/uploads\/2025\/07\/ul.png 225w, https:\/\/icrturkey.com\/wp-content\/uploads\/2025\/07\/ul-150x150.png 150w, https:\/\/icrturkey.com\/wp-content\/uploads\/2025\/07\/ul-12x12.png 12w\" sizes=\"(max-width: 115px) 100vw, 115px\" \/>\u00a0 \u00a0 \u00a0 <img loading=\"lazy\" decoding=\"async\" class=\"alignnone size-full wp-image-17216\" src=\"https:\/\/icrturkey.com\/wp-content\/uploads\/2025\/07\/binalarin.png\" alt=\"\" width=\"217\" height=\"135\" srcset=\"https:\/\/icrturkey.com\/wp-content\/uploads\/2025\/07\/binalarin.png 217w, https:\/\/icrturkey.com\/wp-content\/uploads\/2025\/07\/binalarin-18x12.png 18w\" sizes=\"(max-width: 217px) 100vw, 217px\" \/><\/p>\n<p>&nbsp;<\/p>","protected":false},"excerpt":{"rendered":"<p>FM Global \/ NFPA \/ UL \/ yerel y\u00f6netmelik ve standartlara g\u00f6re yang\u0131n s\u00f6nd\u00fcrme, koruma ve alg\u0131lama sistemlerinin uygunluk analizi, projelendirme, test ve kontrol, genel e\u011fitim ve devam eden projelerin s\u00fcperviz\u00f6rl\u00fc\u011f\u00fc alanlar\u0131nda hizmet vermekteyiz. \u00a0 \u00a0 \u00a0 &nbsp;<\/p>","protected":false},"author":1,"featured_media":0,"parent":0,"menu_order":0,"comment_status":"closed","ping_status":"closed","template":"","meta":{"neve_meta_sidebar":"","neve_meta_container":"","neve_meta_enable_content_width":"off","neve_meta_content_width":100,"neve_meta_title_alignment":"","neve_meta_author_avatar":"","neve_post_elements_order":"","neve_meta_disable_header":"","neve_meta_disable_footer":"","neve_meta_disable_title":"","footnotes":""},"class_list":["post-2424","page","type-page","status-publish","hentry"],"yoast_head":"<!-- This site is optimized with the Yoast SEO plugin v27.3 - https:\/\/yoast.com\/product\/yoast-seo-wordpress\/ -->\n<title>EAC, KC i inne - ICR TURKEY - tests and certification<\/title>\n<meta name=\"robots\" content=\"index, follow, max-snippet:-1, max-image-preview:large, max-video-preview:-1\" \/>\n<link rel=\"canonical\" href=\"https:\/\/icrturkey.com\/tr\/rynki-zagraniczne\/\" \/>\n<meta property=\"og:locale\" content=\"tr_TR\" \/>\n<meta property=\"og:type\" content=\"article\" \/>\n<meta property=\"og:title\" content=\"EAC, KC i inne - ICR TURKEY - tests and certification\" \/>\n<meta property=\"og:description\" content=\"We provide services in the fields of fire extinguishing, protection and detection systems&#039; compliance analysis according to FM Global \/ NFPA \/ UL \/ local regulations and standards, in addition of project design, testing and control, general training and supervision of ongoing projects. \u00a0 \u00a0 \u00a0 &nbsp;\" \/>\n<meta property=\"og:url\" content=\"https:\/\/icrturkey.com\/tr\/rynki-zagraniczne\/\" \/>\n<meta property=\"og:site_name\" content=\"ICR TURKEY - tests and certification\" \/>\n<meta property=\"article:modified_time\" content=\"2025-07-21T11:59:55+00:00\" \/>\n<meta property=\"og:image\" content=\"https:\/\/icrturkey.com\/wp-content\/uploads\/2025\/07\/fm-global.png\" \/>\n\t<meta property=\"og:image:width\" content=\"270\" \/>\n\t<meta property=\"og:image:height\" content=\"187\" \/>\n\t<meta property=\"og:image:type\" content=\"image\/png\" \/>\n<meta name=\"twitter:card\" content=\"summary_large_image\" \/>\n<meta name=\"twitter:label1\" content=\"Tahmini okuma s\u00fcresi\" \/>\n\t<meta name=\"twitter:data1\" content=\"1 dakika\" \/>\n<script type=\"application\/ld+json\" class=\"yoast-schema-graph\">{\"@context\":\"https:\\\/\\\/schema.org\",\"@graph\":[{\"@type\":\"WebPage\",\"@id\":\"https:\\\/\\\/icrturkey.com\\\/rynki-zagraniczne\\\/\",\"url\":\"https:\\\/\\\/icrturkey.com\\\/rynki-zagraniczne\\\/\",\"name\":\"EAC, KC i inne - ICR TURKEY - tests and certification\",\"isPartOf\":{\"@id\":\"https:\\\/\\\/icrturkey.com\\\/#website\"},\"primaryImageOfPage\":{\"@id\":\"https:\\\/\\\/icrturkey.com\\\/rynki-zagraniczne\\\/#primaryimage\"},\"image\":{\"@id\":\"https:\\\/\\\/icrturkey.com\\\/rynki-zagraniczne\\\/#primaryimage\"},\"thumbnailUrl\":\"https:\\\/\\\/icrturkey.com\\\/wp-content\\\/uploads\\\/2025\\\/07\\\/fm-global.png\",\"datePublished\":\"2019-06-03T10:34:18+00:00\",\"dateModified\":\"2025-07-21T11:59:55+00:00\",\"breadcrumb\":{\"@id\":\"https:\\\/\\\/icrturkey.com\\\/rynki-zagraniczne\\\/#breadcrumb\"},\"inLanguage\":\"tr\",\"potentialAction\":[{\"@type\":\"ReadAction\",\"target\":[\"https:\\\/\\\/icrturkey.com\\\/rynki-zagraniczne\\\/\"]}]},{\"@type\":\"ImageObject\",\"inLanguage\":\"tr\",\"@id\":\"https:\\\/\\\/icrturkey.com\\\/rynki-zagraniczne\\\/#primaryimage\",\"url\":\"https:\\\/\\\/icrturkey.com\\\/wp-content\\\/uploads\\\/2025\\\/07\\\/fm-global.png\",\"contentUrl\":\"https:\\\/\\\/icrturkey.com\\\/wp-content\\\/uploads\\\/2025\\\/07\\\/fm-global.png\"},{\"@type\":\"BreadcrumbList\",\"@id\":\"https:\\\/\\\/icrturkey.com\\\/rynki-zagraniczne\\\/#breadcrumb\",\"itemListElement\":[{\"@type\":\"ListItem\",\"position\":1,\"name\":\"Strona g\u0142\u00f3wna\",\"item\":\"https:\\\/\\\/icrturkey.com\\\/\"},{\"@type\":\"ListItem\",\"position\":2,\"name\":\"EAC, KC i inne\"}]},{\"@type\":\"WebSite\",\"@id\":\"https:\\\/\\\/icrturkey.com\\\/#website\",\"url\":\"https:\\\/\\\/icrturkey.com\\\/\",\"name\":\"ICR TURKEY - tests and certification\",\"description\":\"CE certification, CE certificate, ISO certificate, RED testing, product testing and certification, electrical product testing, medical device testing, ATEX, IECEx, FCC, product certification, EMC testing, machinery certification, CE machines, training, electronic product testing, testing 2014\\\/53\\\/EU, drone certification, ISO 13485 certificate, ISO 9001 certificate, NC RfG\",\"publisher\":{\"@id\":\"https:\\\/\\\/icrturkey.com\\\/#\\\/schema\\\/person\\\/43aa01c7e4d61d03230a6e3e9d4e7ef2\"},\"potentialAction\":[{\"@type\":\"SearchAction\",\"target\":{\"@type\":\"EntryPoint\",\"urlTemplate\":\"https:\\\/\\\/icrturkey.com\\\/?s={search_term_string}\"},\"query-input\":{\"@type\":\"PropertyValueSpecification\",\"valueRequired\":true,\"valueName\":\"search_term_string\"}}],\"inLanguage\":\"tr\"},{\"@type\":[\"Person\",\"Organization\"],\"@id\":\"https:\\\/\\\/icrturkey.com\\\/#\\\/schema\\\/person\\\/43aa01c7e4d61d03230a6e3e9d4e7ef2\",\"name\":\"admin\",\"image\":{\"@type\":\"ImageObject\",\"inLanguage\":\"tr\",\"@id\":\"https:\\\/\\\/icrturkey.com\\\/wp-content\\\/uploads\\\/2019\\\/05\\\/cropped-logo-icr.32f04ad5-1-1.png\",\"url\":\"https:\\\/\\\/icrturkey.com\\\/wp-content\\\/uploads\\\/2019\\\/05\\\/cropped-logo-icr.32f04ad5-1-1.png\",\"contentUrl\":\"https:\\\/\\\/icrturkey.com\\\/wp-content\\\/uploads\\\/2019\\\/05\\\/cropped-logo-icr.32f04ad5-1-1.png\",\"width\":400,\"height\":148,\"caption\":\"admin\"},\"logo\":{\"@id\":\"https:\\\/\\\/icrturkey.com\\\/wp-content\\\/uploads\\\/2019\\\/05\\\/cropped-logo-icr.32f04ad5-1-1.png\"}}]}<\/script>\n<!-- \/ Yoast SEO plugin. -->","yoast_head_json":{"title":"EAC, KC ve di\u011ferleri - ICR T\u00dcRK\u0130YE - testler ve belgelendirme","robots":{"index":"index","follow":"follow","max-snippet":"max-snippet:-1","max-image-preview":"max-image-preview:large","max-video-preview":"max-video-preview:-1"},"canonical":"https:\/\/icrturkey.com\/tr\/rynki-zagraniczne\/","og_locale":"tr_TR","og_type":"article","og_title":"EAC, KC i inne - ICR TURKEY - tests and certification","og_description":"We provide services in the fields of fire extinguishing, protection and detection systems' compliance analysis according to FM Global \/ NFPA \/ UL \/ local regulations and standards, in addition of project design, testing and control, general training and supervision of ongoing projects. \u00a0 \u00a0 \u00a0 &nbsp;","og_url":"https:\/\/icrturkey.com\/tr\/rynki-zagraniczne\/","og_site_name":"ICR TURKEY - tests and certification","article_modified_time":"2025-07-21T11:59:55+00:00","og_image":[{"width":270,"height":187,"url":"https:\/\/icrturkey.com\/wp-content\/uploads\/2025\/07\/fm-global.png","type":"image\/png"}],"twitter_card":"summary_large_image","twitter_misc":{"Tahmini okuma s\u00fcresi":"1 dakika"},"schema":{"@context":"https:\/\/schema.org","@graph":[{"@type":"WebPage","@id":"https:\/\/icrturkey.com\/rynki-zagraniczne\/","url":"https:\/\/icrturkey.com\/rynki-zagraniczne\/","name":"EAC, KC ve di\u011ferleri - ICR T\u00dcRK\u0130YE - testler ve belgelendirme","isPartOf":{"@id":"https:\/\/icrturkey.com\/#website"},"primaryImageOfPage":{"@id":"https:\/\/icrturkey.com\/rynki-zagraniczne\/#primaryimage"},"image":{"@id":"https:\/\/icrturkey.com\/rynki-zagraniczne\/#primaryimage"},"thumbnailUrl":"https:\/\/icrturkey.com\/wp-content\/uploads\/2025\/07\/fm-global.png","datePublished":"2019-06-03T10:34:18+00:00","dateModified":"2025-07-21T11:59:55+00:00","breadcrumb":{"@id":"https:\/\/icrturkey.com\/rynki-zagraniczne\/#breadcrumb"},"inLanguage":"tr","potentialAction":[{"@type":"ReadAction","target":["https:\/\/icrturkey.com\/rynki-zagraniczne\/"]}]},{"@type":"ImageObject","inLanguage":"tr","@id":"https:\/\/icrturkey.com\/rynki-zagraniczne\/#primaryimage","url":"https:\/\/icrturkey.com\/wp-content\/uploads\/2025\/07\/fm-global.png","contentUrl":"https:\/\/icrturkey.com\/wp-content\/uploads\/2025\/07\/fm-global.png"},{"@type":"BreadcrumbList","@id":"https:\/\/icrturkey.com\/rynki-zagraniczne\/#breadcrumb","itemListElement":[{"@type":"ListItem","position":1,"name":"Strona g\u0142\u00f3wna","item":"https:\/\/icrturkey.com\/"},{"@type":"ListItem","position":2,"name":"EAC, KC i inne"}]},{"@type":"WebSite","@id":"https:\/\/icrturkey.com\/#website","url":"https:\/\/icrturkey.com\/","name":"ICR T\u00dcRK\u0130YE - testler ve belgelendirme","description":"CE sertifikas\u0131, CE sertifikas\u0131, ISO sertifikas\u0131, RED testi, \u00fcr\u00fcn testi ve sertifikasyonu, elektrikli \u00fcr\u00fcn testi, t\u0131bbi cihaz testi, ATEX, IECEx, FCC, \u00fcr\u00fcn sertifikasyonu, EMC testi, makine sertifikasyonu, CE makineleri, e\u011fitim, elektronik \u00fcr\u00fcn testi, 2014\/53\/EU testi, drone sertifikasyonu, ISO 13485 sertifikas\u0131, ISO 9001 sertifikas\u0131, NC RfG","publisher":{"@id":"https:\/\/icrturkey.com\/#\/schema\/person\/43aa01c7e4d61d03230a6e3e9d4e7ef2"},"potentialAction":[{"@type":"SearchAction","target":{"@type":"EntryPoint","urlTemplate":"https:\/\/icrturkey.com\/?s={search_term_string}"},"query-input":{"@type":"PropertyValueSpecification","valueRequired":true,"valueName":"search_term_string"}}],"inLanguage":"tr"},{"@type":["Person","Organization"],"@id":"https:\/\/icrturkey.com\/#\/schema\/person\/43aa01c7e4d61d03230a6e3e9d4e7ef2","name":"Y\u00f6netici","image":{"@type":"ImageObject","inLanguage":"tr","@id":"https:\/\/icrturkey.com\/wp-content\/uploads\/2019\/05\/cropped-logo-icr.32f04ad5-1-1.png","url":"https:\/\/icrturkey.com\/wp-content\/uploads\/2019\/05\/cropped-logo-icr.32f04ad5-1-1.png","contentUrl":"https:\/\/icrturkey.com\/wp-content\/uploads\/2019\/05\/cropped-logo-icr.32f04ad5-1-1.png","width":400,"height":148,"caption":"admin"},"logo":{"@id":"https:\/\/icrturkey.com\/wp-content\/uploads\/2019\/05\/cropped-logo-icr.32f04ad5-1-1.png"}}]}},"_links":{"self":[{"href":"https:\/\/icrturkey.com\/tr\/wp-json\/wp\/v2\/pages\/2424","targetHints":{"allow":["GET"]}}],"collection":[{"href":"https:\/\/icrturkey.com\/tr\/wp-json\/wp\/v2\/pages"}],"about":[{"href":"https:\/\/icrturkey.com\/tr\/wp-json\/wp\/v2\/types\/page"}],"author":[{"embeddable":true,"href":"https:\/\/icrturkey.com\/tr\/wp-json\/wp\/v2\/users\/1"}],"replies":[{"embeddable":true,"href":"https:\/\/icrturkey.com\/tr\/wp-json\/wp\/v2\/comments?post=2424"}],"version-history":[{"count":20,"href":"https:\/\/icrturkey.com\/tr\/wp-json\/wp\/v2\/pages\/2424\/revisions"}],"predecessor-version":[{"id":17217,"href":"https:\/\/icrturkey.com\/tr\/wp-json\/wp\/v2\/pages\/2424\/revisions\/17217"}],"wp:attachment":[{"href":"https:\/\/icrturkey.com\/tr\/wp-json\/wp\/v2\/media?parent=2424"}],"curies":[{"name":"wp","href":"https:\/\/api.w.org\/{rel}","templated":true}]}}