{"id":2364,"date":"2019-05-31T15:27:13","date_gmt":"2019-05-31T13:27:13","guid":{"rendered":"http:\/\/nowa.icrpolska.com\/?page_id=2364"},"modified":"2025-06-11T09:37:18","modified_gmt":"2025-06-11T07:37:18","slug":"certyfikacja-wyrobow-dla-wnioskodawcy","status":"publish","type":"page","link":"https:\/\/icrturkey.com\/tr\/certyfikacja-wyrobow\/certyfikacja-wyrobow-dla-wnioskodawcy\/","title":{"rendered":"\u00dcr\u00fcn sertifikasyonu - Ba\u015fvuru sahibi i\u00e7in"},"content":{"rendered":"<p><a href=\"https:\/\/icrturkey.com\/wp-content\/uploads\/2019\/06\/Wniosek-o-certyfikacj%C4%99-systemu.docx\"><img decoding=\"async\" class=\"alignnone wp-image-2678\" src=\"https:\/\/icrturkey.com\/wp-content\/uploads\/2019\/06\/word.jpg\" sizes=\"(max-width: 20px) 100vw, 20px\" srcset=\"https:\/\/icrturkey.com\/wp-content\/uploads\/2019\/06\/word.jpg 208w, https:\/\/icrturkey.com\/wp-content\/uploads\/2019\/06\/word-150x150.jpg 150w\" alt=\"\" width=\"20\" height=\"20\" \/><\/a><a href=\"https:\/\/icrturkey.com\/wp-content\/uploads\/2022\/10\/F-P-07-01_3.docx\" target=\"_blank\" rel=\"noopener noreferrer\">\u00a0Ba\u015fvuru_Ba\u015fvuru_G\u00f6n\u00fcll\u00fc Sertifikasyon<\/a><\/p>\n<p><a href=\"https:\/\/icrturkey.com\/wp-content\/uploads\/2019\/06\/Wniosek-o-certyfikacj%C4%99-systemu.docx\"><img decoding=\"async\" class=\"alignnone wp-image-2678\" src=\"https:\/\/icrturkey.com\/wp-content\/uploads\/2019\/06\/word.jpg\" sizes=\"(max-width: 20px) 100vw, 20px\" srcset=\"https:\/\/icrturkey.com\/wp-content\/uploads\/2019\/06\/word.jpg 208w, https:\/\/icrturkey.com\/wp-content\/uploads\/2019\/06\/word-150x150.jpg 150w\" alt=\"\" width=\"20\" height=\"20\" \/><\/a><a href=\"https:\/\/icrturkey.com\/wp-content\/uploads\/2024\/03\/F-P-07-02_9.docx\" target=\"_blank\" rel=\"noopener noreferrer\">\u00a0Ba\u015fvuru_Ba\u015fvuru_Zorunlu De\u011ferlendirme<\/a><\/p>\n<p><img decoding=\"async\" class=\"alignnone wp-image-2678\" src=\"https:\/\/icrturkey.com\/wp-content\/uploads\/2019\/06\/word.jpg\" alt=\"\" width=\"20\" height=\"20\" srcset=\"https:\/\/icrturkey.com\/wp-content\/uploads\/2019\/06\/word.jpg 208w, https:\/\/icrturkey.com\/wp-content\/uploads\/2019\/06\/word-150x150.jpg 150w\" sizes=\"(max-width: 20px) 100vw, 20px\" \/> <a href=\"https:\/\/icrturkey.com\/wp-content\/uploads\/2020\/12\/F-P-07-28.docx\" target=\"_blank\" rel=\"noopener noreferrer\">\u00dcretim s\u00fcreci\/\u00fcr\u00fcn kalitesinin teyidi i\u00e7in ba\u015fvuru<\/a> (EN ISO 80079-34)<\/p>\n<p><a href=\"https:\/\/icrturkey.com\/wp-content\/uploads\/2019\/06\/Wniosek-o-certyfikacj%C4%99-systemu.docx\"><img decoding=\"async\" class=\"alignnone wp-image-2678\" src=\"https:\/\/icrturkey.com\/wp-content\/uploads\/2019\/06\/word.jpg\" sizes=\"(max-width: 20px) 100vw, 20px\" srcset=\"https:\/\/icrturkey.com\/wp-content\/uploads\/2019\/06\/word.jpg 208w, https:\/\/icrturkey.com\/wp-content\/uploads\/2019\/06\/word-150x150.jpg 150w\" alt=\"\" width=\"20\" height=\"20\" \/><\/a> <a href=\"https:\/\/icrturkey.com\/wp-content\/uploads\/2020\/10\/F-P-07-03-2E-Wniosek-Application-on-TCF-storage.docx\">Kay\u0131t tutma talebi (2014\/34\/EU - Mod\u00fcl A+)<\/a><\/p>\n<p><a href=\"https:\/\/icrturkey.com\/wp-content\/uploads\/2022\/11\/F-P-07-01-1-1-wniosek-o-przeprowadzenie-oceny-sprzetu-2016-631.docx\" target=\"_blank\" rel=\"noopener\"><img decoding=\"async\" class=\"alignnone wp-image-2678\" src=\"https:\/\/icrturkey.com\/wp-content\/uploads\/2019\/06\/word.jpg\" sizes=\"(max-width: 20px) 100vw, 20px\" srcset=\"https:\/\/icrturkey.com\/wp-content\/uploads\/2019\/06\/word.jpg 208w, https:\/\/icrturkey.com\/wp-content\/uploads\/2019\/06\/word-150x150.jpg 150w\" alt=\"\" width=\"20\" height=\"20\" \/><\/a> <a href=\"https:\/\/icrturkey.com\/wp-content\/uploads\/2025\/06\/F-P-07-01-1-3-wniosek-o-przeprowadzenie-oceny-sprzetu-2016-631.docx\" target=\"_blank\" rel=\"noopener\">Ekipman de\u011ferlendirmesi i\u00e7in ba\u015fvuru (Y\u00f6netmelik (AB) 2016\/631)<\/a><\/p>\n<p><strong>Farkl\u0131 dillerdeki belgelerin kullan\u0131ld\u0131\u011f\u0131 durumlarda, ICR Polonya bunlar\u0131n i\u00e7erik ve anlam bak\u0131m\u0131ndan uygunlu\u011funu teyit eder.<\/strong><\/p>\n<p><a href=\"https:\/\/icrturkey.com\/wp-content\/uploads\/2019\/06\/Program-oceny-zgodno\u015bci-w-zakresie-MD.pdf\" target=\"_blank\" rel=\"noopener noreferrer\"><img decoding=\"async\" class=\"wp-image-2679 alignnone\" src=\"https:\/\/icrturkey.com\/wp-content\/uploads\/2019\/06\/adobe.jpg\" alt=\"\" width=\"20\" height=\"21\" srcset=\"https:\/\/icrturkey.com\/wp-content\/uploads\/2019\/06\/adobe.jpg 218w, https:\/\/icrturkey.com\/wp-content\/uploads\/2019\/06\/adobe-150x150.jpg 150w\" sizes=\"(max-width: 20px) 100vw, 20px\" \/><\/a><a href=\"https:\/\/icrturkey.com\/wp-content\/uploads\/2021\/01\/PC-P-07-03_16.pdf\" target=\"_blank\" rel=\"noopener noreferrer\">\u00a0MD uygunluk de\u011ferlendirme program\u0131 (2006\/42\/EC)<\/a> + <a href=\"https:\/\/icrturkey.com\/wp-content\/uploads\/2023\/11\/F-P-07-36_05a_MD.pdf\" target=\"_blank\" rel=\"noopener noreferrer\">tekni\u0307k \u00f6zelli\u0307kler li\u0307stesi\u0307<\/a><\/p>\n<p><a href=\"https:\/\/icrturkey.com\/wp-content\/uploads\/2019\/06\/Program-oceny-zgodno\u015bci-w-zakresie-EMC.pdf\" target=\"_blank\" rel=\"noopener noreferrer\"><img loading=\"lazy\" decoding=\"async\" class=\"alignnone wp-image-2679\" src=\"https:\/\/icrturkey.com\/wp-content\/uploads\/2019\/06\/adobe.jpg\" alt=\"\" width=\"20\" height=\"21\" srcset=\"https:\/\/icrturkey.com\/wp-content\/uploads\/2019\/06\/adobe.jpg 218w, https:\/\/icrturkey.com\/wp-content\/uploads\/2019\/06\/adobe-150x150.jpg 150w\" sizes=\"(max-width: 20px) 100vw, 20px\" \/><\/a><a href=\"https:\/\/icrturkey.com\/wp-content\/uploads\/2025\/06\/PC-P-07-02-Program-oceny-EMC_2-kol-15.pdf\" target=\"_blank\" rel=\"noopener noreferrer\"> EMC uygunluk de\u011ferlendirme program\u0131 (2014\/30\/EU)<\/a> + <a href=\"https:\/\/icrturkey.com\/wp-content\/uploads\/2025\/06\/F-P-07-34_6.pdf\" target=\"_blank\" rel=\"noopener noreferrer\">tekni\u0307k \u00f6zelli\u0307kler li\u0307stesi\u0307<\/a><\/p>\n<p><img loading=\"lazy\" decoding=\"async\" class=\"alignnone wp-image-2679\" src=\"https:\/\/icrturkey.com\/wp-content\/uploads\/2019\/06\/adobe.jpg\" alt=\"\" width=\"20\" height=\"21\" srcset=\"https:\/\/icrturkey.com\/wp-content\/uploads\/2019\/06\/adobe.jpg 218w, https:\/\/icrturkey.com\/wp-content\/uploads\/2019\/06\/adobe-150x150.jpg 150w\" sizes=\"(max-width: 20px) 100vw, 20px\" \/>\u00a0<a href=\"https:\/\/icrturkey.com\/wp-content\/uploads\/2025\/06\/PC-P-07-05-Program-oceny-zgodnosci-2-kol-10.pdf\" target=\"_blank\" rel=\"noopener noreferrer\">RED uygunluk de\u011ferlendirme program\u0131 (2014\/53\/EU)<\/a>\u00a0+ <a href=\"https:\/\/icrturkey.com\/wp-content\/uploads\/2025\/01\/F-P-07-31_19a.pdf\" target=\"_blank\" rel=\"noopener noreferrer\">tekni\u0307k \u00f6zelli\u0307kler li\u0307stesi\u0307<\/a><\/p>\n<p><a href=\"https:\/\/icrturkey.com\/wp-content\/uploads\/2019\/06\/Program-oceny-zgodno\u015bci-w-zakresie-ATEX.pdf\" target=\"_blank\" rel=\"noopener noreferrer\"><img loading=\"lazy\" decoding=\"async\" class=\"alignnone wp-image-2679\" src=\"https:\/\/icrturkey.com\/wp-content\/uploads\/2019\/06\/adobe.jpg\" alt=\"\" width=\"20\" height=\"21\" srcset=\"https:\/\/icrturkey.com\/wp-content\/uploads\/2019\/06\/adobe.jpg 218w, https:\/\/icrturkey.com\/wp-content\/uploads\/2019\/06\/adobe-150x150.jpg 150w\" sizes=\"(max-width: 20px) 100vw, 20px\" \/><\/a><a href=\"https:\/\/icrturkey.com\/wp-content\/uploads\/2025\/06\/PC-P-07-06-Program-oceny-zgodnosci-2-kol-8.pdf\" target=\"_blank\" rel=\"noopener noreferrer\" data-wp-editing=\"1\">\u00a0ATEX uygunluk de\u011ferlendirme program\u0131 (2014\/34\/EU)<\/a> + <a href=\"https:\/\/icrturkey.com\/wp-content\/uploads\/2022\/06\/F-P-07-35_03_ATEX.pdf\" target=\"_blank\" rel=\"noopener noreferrer\">tekni\u0307k \u00f6zelli\u0307kler li\u0307stesi\u0307<\/a><\/p>\n<p><a href=\"https:\/\/icrturkey.com\/wp-content\/uploads\/2019\/06\/Program-oceny-zgodno\u015bci-w-zakresie-ATEX.pdf\" target=\"_blank\" rel=\"noopener noreferrer\"><img loading=\"lazy\" decoding=\"async\" class=\"alignnone wp-image-2679\" src=\"https:\/\/icrturkey.com\/wp-content\/uploads\/2019\/06\/adobe.jpg\" alt=\"\" width=\"20\" height=\"21\" srcset=\"https:\/\/icrturkey.com\/wp-content\/uploads\/2019\/06\/adobe.jpg 218w, https:\/\/icrturkey.com\/wp-content\/uploads\/2019\/06\/adobe-150x150.jpg 150w\" sizes=\"(max-width: 20px) 100vw, 20px\" \/><\/a><a href=\"https:\/\/icrturkey.com\/wp-content\/uploads\/2025\/06\/PC-P-07-09-Program-oceny-zgodnosci-2-kol-3.pdf\" target=\"_blank\" rel=\"noopener noreferrer\" data-wp-editing=\"1\"> BSP\/\u0130HA i\u00e7in uygunluk de\u011ferlendirme program\u0131 ((AB) 2019\/945)<\/a> + <a href=\"https:\/\/icrturkey.com\/wp-content\/uploads\/2022\/01\/F-P-07-38-1.pdf\" target=\"_blank\" rel=\"noopener noreferrer\">tekni\u0307k \u00f6zelli\u0307kler li\u0307stesi\u0307<\/a><\/p>\n<p><a href=\"https:\/\/icrturkey.com\/wp-content\/uploads\/2022\/11\/PC-P-07-10-2.pdf\" target=\"_blank\" rel=\"noopener noreferrer\"><img loading=\"lazy\" decoding=\"async\" class=\"alignnone wp-image-2679\" src=\"https:\/\/icrturkey.com\/wp-content\/uploads\/2019\/06\/adobe.jpg\" alt=\"\" width=\"20\" height=\"21\" srcset=\"https:\/\/icrturkey.com\/wp-content\/uploads\/2019\/06\/adobe.jpg 218w, https:\/\/icrturkey.com\/wp-content\/uploads\/2019\/06\/adobe-150x150.jpg 150w\" sizes=\"(max-width: 20px) 100vw, 20px\" \/><\/a> <a href=\"https:\/\/icrturkey.com\/wp-content\/uploads\/2025\/06\/PC-P-07-10-6-Program-oceny-zgodnosci-sieci-energetyczne.pdf\" target=\"_blank\" rel=\"noopener\">NC ekipman uygunluk de\u011ferlendirme program\u0131 RfG (AB) 2016\/631<\/a><\/p>\n<p><a href=\"https:\/\/icrturkey.com\/wp-content\/uploads\/2019\/06\/POLITYKA-JAKO%C5%9ACI.pdf\"><img loading=\"lazy\" decoding=\"async\" class=\"alignnone wp-image-2679\" src=\"https:\/\/icrturkey.com\/wp-content\/uploads\/2019\/06\/adobe.jpg\" sizes=\"(max-width: 20px) 100vw, 20px\" srcset=\"https:\/\/icrturkey.com\/wp-content\/uploads\/2019\/06\/adobe.jpg 218w, https:\/\/icrturkey.com\/wp-content\/uploads\/2019\/06\/adobe-150x150.jpg 150w\" alt=\"\" width=\"20\" height=\"21\" \/><\/a><a href=\"https:\/\/icrturkey.com\/wp-content\/uploads\/2024\/06\/PC-P-07-07_22.pdf\" target=\"_blank\" rel=\"noopener noreferrer\">\u00a0G\u00f6n\u00fcll\u00fc \u00fcr\u00fcn sertifikasyon program\u0131<\/a><\/p>\n<p><a href=\"https:\/\/icrturkey.com\/wp-content\/uploads\/2019\/06\/POLITYKA-JAKO%C5%9ACI.pdf\"><img loading=\"lazy\" decoding=\"async\" class=\"alignnone wp-image-2679\" src=\"https:\/\/icrturkey.com\/wp-content\/uploads\/2019\/06\/adobe.jpg\" sizes=\"(max-width: 20px) 100vw, 20px\" srcset=\"https:\/\/icrturkey.com\/wp-content\/uploads\/2019\/06\/adobe.jpg 218w, https:\/\/icrturkey.com\/wp-content\/uploads\/2019\/06\/adobe-150x150.jpg 150w\" alt=\"\" width=\"20\" height=\"21\" \/><\/a><a href=\"https:\/\/icrturkey.com\/wp-content\/uploads\/2025\/01\/P-10_8.pdf\" target=\"_blank\" rel=\"noopener noreferrer\"> P-10 \u015eikayet ve itirazlar\u0131n al\u0131nmas\u0131, de\u011ferlendirilmesi ve karara ba\u011flanmas\u0131<\/a><\/p>\n<p><a href=\"https:\/\/icrturkey.com\/wp-content\/uploads\/2022\/01\/P-08.pdf\" target=\"_blank\" rel=\"noopener noreferrer\"><img loading=\"lazy\" decoding=\"async\" class=\"alignnone wp-image-2679\" src=\"https:\/\/icrturkey.com\/wp-content\/uploads\/2019\/06\/adobe.jpg\" alt=\"\" width=\"20\" height=\"21\" srcset=\"https:\/\/icrturkey.com\/wp-content\/uploads\/2019\/06\/adobe.jpg 218w, https:\/\/icrturkey.com\/wp-content\/uploads\/2019\/06\/adobe-150x150.jpg 150w\" sizes=\"(max-width: 20px) 100vw, 20px\" \/><\/a><a href=\"https:\/\/icrturkey.com\/wp-content\/uploads\/2024\/10\/P-08-Zasady-wykorzystywania-znaku-PL_ENG.pdf\"> Sertifikalar\u0131n ve uygunluk i\u015faretlerinin kullan\u0131m\u0131na ili\u015fkin kurallar<\/a><\/p>\n<p><a href=\"https:\/\/icrturkey.com\/wp-content\/uploads\/2019\/06\/POLITYKA-JAKO%C5%9ACI.pdf\"><img loading=\"lazy\" decoding=\"async\" class=\"alignnone wp-image-2679\" src=\"https:\/\/icrturkey.com\/wp-content\/uploads\/2019\/06\/adobe.jpg\" sizes=\"(max-width: 20px) 100vw, 20px\" srcset=\"https:\/\/icrturkey.com\/wp-content\/uploads\/2019\/06\/adobe.jpg 218w, https:\/\/icrturkey.com\/wp-content\/uploads\/2019\/06\/adobe-150x150.jpg 150w\" alt=\"\" width=\"20\" height=\"21\" \/><\/a><a href=\"https:\/\/icrturkey.com\/wp-content\/uploads\/2024\/10\/Informacja-dla-wnioskodawcow.pdf\" target=\"_blank\" rel=\"noopener noreferrer\">\u00a0Ba\u015fvuru Sahipleri i\u00e7in Bilgiler<\/a><\/p>\n<p>&nbsp;<\/p>\n<p><img loading=\"lazy\" decoding=\"async\" class=\"alignnone wp-image-3362\" src=\"https:\/\/icrturkey.com\/wp-content\/uploads\/2019\/06\/Email-icon-e1560506652454.png\" alt=\"\" width=\"28\" height=\"20\" \/> <a href=\"https:\/\/cert.icrpolska.com\">Sertifika durumunu kontrol edin<\/a><\/p>","protected":false},"excerpt":{"rendered":"<p>\u00a0Application_Application_Voluntary Certification Application_Application_Mandatory Assessment \u00dcretim s\u00fcreci\/\u00fcr\u00fcn kalitesinin teyidi i\u00e7in ba\u015fvuru (EN ISO 80079-34) Kay\u0131t tutma i\u00e7in ba\u015fvuru (2014\/34\/EU - Module A+) Ekipman de\u011ferlendirmesi i\u00e7in ba\u015fvuru (Regulation (EU) 2016\/631) Farkl\u0131 dillerde belgeler kullan\u0131l\u0131yorsa, ICR Polonya bunlar\u0131n i\u00e7erik ve anlam bak\u0131m\u0131ndan uygunlu\u011funu teyit eder.  MD uygunluk de\u011ferlendirme program\u0131...&nbsp;<a href=\"https:\/\/icrturkey.com\/tr\/certyfikacja-wyrobow\/certyfikacja-wyrobow-dla-wnioskodawcy\/\" rel=\"bookmark\">Daha fazlas\u0131n\u0131 oku \"<span class=\"screen-reader-text\">\u00dcr\u00fcn sertifikasyonu - Ba\u015fvuru sahibi i\u00e7in<\/span><\/a><\/p>","protected":false},"author":1,"featured_media":2355,"parent":211,"menu_order":0,"comment_status":"closed","ping_status":"closed","template":"","meta":{"neve_meta_sidebar":"","neve_meta_container":"","neve_meta_enable_content_width":"off","neve_meta_content_width":70,"neve_meta_title_alignment":"","neve_meta_author_avatar":"","neve_post_elements_order":"","neve_meta_disable_header":"","neve_meta_disable_footer":"","neve_meta_disable_title":"","footnotes":""},"class_list":["post-2364","page","type-page","status-publish","has-post-thumbnail","hentry"],"yoast_head":"<!-- This site is optimized with the Yoast SEO plugin v27.3 - https:\/\/yoast.com\/product\/yoast-seo-wordpress\/ -->\n<title>Certyfikacja Wyrob\u00f3w - Dla Wnioskodawcy - ICR TURKEY - tests and certification<\/title>\n<meta name=\"robots\" content=\"index, follow, max-snippet:-1, max-image-preview:large, max-video-preview:-1\" \/>\n<link rel=\"canonical\" href=\"https:\/\/icrturkey.com\/tr\/certyfikacja-wyrobow\/certyfikacja-wyrobow-dla-wnioskodawcy\/\" \/>\n<meta property=\"og:locale\" content=\"tr_TR\" \/>\n<meta property=\"og:type\" content=\"article\" \/>\n<meta property=\"og:title\" content=\"Certyfikacja Wyrob\u00f3w - Dla Wnioskodawcy - ICR TURKEY - tests and certification\" \/>\n<meta property=\"og:description\" content=\"\u00a0Wniosek_Application_Voluntary Certification \u00a0Wniosek_Application_Mandatory Assessment Wniosek o potwierdzenie jako\u015bci procesu produkcji \/ jako\u015bci produktu (EN ISO 80079-34) Wniosek o przechowywanie dokumentacji (2014\/34\/UE &#8211; Modu\u0142 A+) Wniosek o przeprowadzenie oceny sprz\u0119tu (Rozporz\u0105dzenie (UE) 2016\/631) W przypadku wykorzystywania dokument\u00f3w w r\u00f3\u017cnych j\u0119zykach, ICR Polska potwierdza ich zgodno\u015b\u0107 pod wzgl\u0119dem tre\u015bci i znaczenia. \u00a0Program oceny zgodno\u015bci w zakresie MD&hellip;&nbsp;Daha fazlas\u0131n\u0131 oku &raquo;Certyfikacja Wyrob\u00f3w &#8211; Dla Wnioskodawcy\" \/>\n<meta property=\"og:url\" content=\"https:\/\/icrturkey.com\/tr\/certyfikacja-wyrobow\/certyfikacja-wyrobow-dla-wnioskodawcy\/\" \/>\n<meta property=\"og:site_name\" content=\"ICR TURKEY - tests and certification\" \/>\n<meta property=\"article:modified_time\" content=\"2025-06-11T07:37:18+00:00\" \/>\n<meta property=\"og:image\" content=\"https:\/\/icrturkey.com\/wp-content\/uploads\/2019\/05\/dla-wnioskodawcy-2.jpg\" \/>\n\t<meta property=\"og:image:width\" content=\"600\" \/>\n\t<meta property=\"og:image:height\" content=\"475\" \/>\n\t<meta property=\"og:image:type\" content=\"image\/jpeg\" \/>\n<meta name=\"twitter:card\" content=\"summary_large_image\" \/>\n<meta name=\"twitter:label1\" content=\"Tahmini okuma s\u00fcresi\" \/>\n\t<meta name=\"twitter:data1\" content=\"5 dakika\" \/>\n<script type=\"application\/ld+json\" class=\"yoast-schema-graph\">{\"@context\":\"https:\\\/\\\/schema.org\",\"@graph\":[{\"@type\":\"WebPage\",\"@id\":\"https:\\\/\\\/icrturkey.com\\\/certyfikacja-wyrobow\\\/certyfikacja-wyrobow-dla-wnioskodawcy\\\/\",\"url\":\"https:\\\/\\\/icrturkey.com\\\/certyfikacja-wyrobow\\\/certyfikacja-wyrobow-dla-wnioskodawcy\\\/\",\"name\":\"Certyfikacja Wyrob\u00f3w - Dla Wnioskodawcy - ICR TURKEY - tests and certification\",\"isPartOf\":{\"@id\":\"https:\\\/\\\/icrturkey.com\\\/#website\"},\"primaryImageOfPage\":{\"@id\":\"https:\\\/\\\/icrturkey.com\\\/certyfikacja-wyrobow\\\/certyfikacja-wyrobow-dla-wnioskodawcy\\\/#primaryimage\"},\"image\":{\"@id\":\"https:\\\/\\\/icrturkey.com\\\/certyfikacja-wyrobow\\\/certyfikacja-wyrobow-dla-wnioskodawcy\\\/#primaryimage\"},\"thumbnailUrl\":\"https:\\\/\\\/icrturkey.com\\\/wp-content\\\/uploads\\\/2019\\\/05\\\/dla-wnioskodawcy-2.jpg\",\"datePublished\":\"2019-05-31T13:27:13+00:00\",\"dateModified\":\"2025-06-11T07:37:18+00:00\",\"breadcrumb\":{\"@id\":\"https:\\\/\\\/icrturkey.com\\\/certyfikacja-wyrobow\\\/certyfikacja-wyrobow-dla-wnioskodawcy\\\/#breadcrumb\"},\"inLanguage\":\"tr\",\"potentialAction\":[{\"@type\":\"ReadAction\",\"target\":[\"https:\\\/\\\/icrturkey.com\\\/certyfikacja-wyrobow\\\/certyfikacja-wyrobow-dla-wnioskodawcy\\\/\"]}]},{\"@type\":\"ImageObject\",\"inLanguage\":\"tr\",\"@id\":\"https:\\\/\\\/icrturkey.com\\\/certyfikacja-wyrobow\\\/certyfikacja-wyrobow-dla-wnioskodawcy\\\/#primaryimage\",\"url\":\"https:\\\/\\\/icrturkey.com\\\/wp-content\\\/uploads\\\/2019\\\/05\\\/dla-wnioskodawcy-2.jpg\",\"contentUrl\":\"https:\\\/\\\/icrturkey.com\\\/wp-content\\\/uploads\\\/2019\\\/05\\\/dla-wnioskodawcy-2.jpg\",\"width\":600,\"height\":475},{\"@type\":\"BreadcrumbList\",\"@id\":\"https:\\\/\\\/icrturkey.com\\\/certyfikacja-wyrobow\\\/certyfikacja-wyrobow-dla-wnioskodawcy\\\/#breadcrumb\",\"itemListElement\":[{\"@type\":\"ListItem\",\"position\":1,\"name\":\"Strona g\u0142\u00f3wna\",\"item\":\"https:\\\/\\\/icrturkey.com\\\/\"},{\"@type\":\"ListItem\",\"position\":2,\"name\":\"Certyfikacja wyrob\u00f3w\",\"item\":\"https:\\\/\\\/icrturkey.com\\\/certyfikacja-wyrobow\\\/\"},{\"@type\":\"ListItem\",\"position\":3,\"name\":\"Certyfikacja Wyrob\u00f3w &#8211; Dla Wnioskodawcy\"}]},{\"@type\":\"WebSite\",\"@id\":\"https:\\\/\\\/icrturkey.com\\\/#website\",\"url\":\"https:\\\/\\\/icrturkey.com\\\/\",\"name\":\"ICR TURKEY - tests and certification\",\"description\":\"CE certification, CE certificate, ISO certificate, RED testing, product testing and certification, electrical product testing, medical device testing, ATEX, IECEx, FCC, product certification, EMC testing, machinery certification, CE machines, training, electronic product testing, testing 2014\\\/53\\\/EU, drone certification, ISO 13485 certificate, ISO 9001 certificate, NC RfG\",\"publisher\":{\"@id\":\"https:\\\/\\\/icrturkey.com\\\/#\\\/schema\\\/person\\\/43aa01c7e4d61d03230a6e3e9d4e7ef2\"},\"potentialAction\":[{\"@type\":\"SearchAction\",\"target\":{\"@type\":\"EntryPoint\",\"urlTemplate\":\"https:\\\/\\\/icrturkey.com\\\/?s={search_term_string}\"},\"query-input\":{\"@type\":\"PropertyValueSpecification\",\"valueRequired\":true,\"valueName\":\"search_term_string\"}}],\"inLanguage\":\"tr\"},{\"@type\":[\"Person\",\"Organization\"],\"@id\":\"https:\\\/\\\/icrturkey.com\\\/#\\\/schema\\\/person\\\/43aa01c7e4d61d03230a6e3e9d4e7ef2\",\"name\":\"admin\",\"image\":{\"@type\":\"ImageObject\",\"inLanguage\":\"tr\",\"@id\":\"https:\\\/\\\/icrturkey.com\\\/wp-content\\\/uploads\\\/2019\\\/05\\\/cropped-logo-icr.32f04ad5-1-1.png\",\"url\":\"https:\\\/\\\/icrturkey.com\\\/wp-content\\\/uploads\\\/2019\\\/05\\\/cropped-logo-icr.32f04ad5-1-1.png\",\"contentUrl\":\"https:\\\/\\\/icrturkey.com\\\/wp-content\\\/uploads\\\/2019\\\/05\\\/cropped-logo-icr.32f04ad5-1-1.png\",\"width\":400,\"height\":148,\"caption\":\"admin\"},\"logo\":{\"@id\":\"https:\\\/\\\/icrturkey.com\\\/wp-content\\\/uploads\\\/2019\\\/05\\\/cropped-logo-icr.32f04ad5-1-1.png\"}}]}<\/script>\n<!-- \/ Yoast SEO plugin. -->","yoast_head_json":{"title":"\u00dcr\u00fcn belgelendirme - Ba\u015fvuru sahibi i\u00e7in - ICR T\u00dcRK\u0130YE - testler ve belgelendirme","robots":{"index":"index","follow":"follow","max-snippet":"max-snippet:-1","max-image-preview":"max-image-preview:large","max-video-preview":"max-video-preview:-1"},"canonical":"https:\/\/icrturkey.com\/tr\/certyfikacja-wyrobow\/certyfikacja-wyrobow-dla-wnioskodawcy\/","og_locale":"tr_TR","og_type":"article","og_title":"Certyfikacja Wyrob\u00f3w - Dla Wnioskodawcy - ICR TURKEY - tests and certification","og_description":"\u00a0Wniosek_Application_Voluntary Certification \u00a0Wniosek_Application_Mandatory Assessment Wniosek o potwierdzenie jako\u015bci procesu produkcji \/ jako\u015bci produktu (EN ISO 80079-34) Wniosek o przechowywanie dokumentacji (2014\/34\/UE &#8211; Modu\u0142 A+) Wniosek o przeprowadzenie oceny sprz\u0119tu (Rozporz\u0105dzenie (UE) 2016\/631) W przypadku wykorzystywania dokument\u00f3w w r\u00f3\u017cnych j\u0119zykach, ICR Polska potwierdza ich zgodno\u015b\u0107 pod wzgl\u0119dem tre\u015bci i znaczenia. \u00a0Program oceny zgodno\u015bci w zakresie MD&hellip;&nbsp;Daha fazlas\u0131n\u0131 oku &raquo;Certyfikacja Wyrob\u00f3w &#8211; Dla Wnioskodawcy","og_url":"https:\/\/icrturkey.com\/tr\/certyfikacja-wyrobow\/certyfikacja-wyrobow-dla-wnioskodawcy\/","og_site_name":"ICR TURKEY - tests and certification","article_modified_time":"2025-06-11T07:37:18+00:00","og_image":[{"width":600,"height":475,"url":"https:\/\/icrturkey.com\/wp-content\/uploads\/2019\/05\/dla-wnioskodawcy-2.jpg","type":"image\/jpeg"}],"twitter_card":"summary_large_image","twitter_misc":{"Tahmini okuma s\u00fcresi":"5 dakika"},"schema":{"@context":"https:\/\/schema.org","@graph":[{"@type":"WebPage","@id":"https:\/\/icrturkey.com\/certyfikacja-wyrobow\/certyfikacja-wyrobow-dla-wnioskodawcy\/","url":"https:\/\/icrturkey.com\/certyfikacja-wyrobow\/certyfikacja-wyrobow-dla-wnioskodawcy\/","name":"\u00dcr\u00fcn belgelendirme - Ba\u015fvuru sahibi i\u00e7in - ICR T\u00dcRK\u0130YE - testler ve belgelendirme","isPartOf":{"@id":"https:\/\/icrturkey.com\/#website"},"primaryImageOfPage":{"@id":"https:\/\/icrturkey.com\/certyfikacja-wyrobow\/certyfikacja-wyrobow-dla-wnioskodawcy\/#primaryimage"},"image":{"@id":"https:\/\/icrturkey.com\/certyfikacja-wyrobow\/certyfikacja-wyrobow-dla-wnioskodawcy\/#primaryimage"},"thumbnailUrl":"https:\/\/icrturkey.com\/wp-content\/uploads\/2019\/05\/dla-wnioskodawcy-2.jpg","datePublished":"2019-05-31T13:27:13+00:00","dateModified":"2025-06-11T07:37:18+00:00","breadcrumb":{"@id":"https:\/\/icrturkey.com\/certyfikacja-wyrobow\/certyfikacja-wyrobow-dla-wnioskodawcy\/#breadcrumb"},"inLanguage":"tr","potentialAction":[{"@type":"ReadAction","target":["https:\/\/icrturkey.com\/certyfikacja-wyrobow\/certyfikacja-wyrobow-dla-wnioskodawcy\/"]}]},{"@type":"ImageObject","inLanguage":"tr","@id":"https:\/\/icrturkey.com\/certyfikacja-wyrobow\/certyfikacja-wyrobow-dla-wnioskodawcy\/#primaryimage","url":"https:\/\/icrturkey.com\/wp-content\/uploads\/2019\/05\/dla-wnioskodawcy-2.jpg","contentUrl":"https:\/\/icrturkey.com\/wp-content\/uploads\/2019\/05\/dla-wnioskodawcy-2.jpg","width":600,"height":475},{"@type":"BreadcrumbList","@id":"https:\/\/icrturkey.com\/certyfikacja-wyrobow\/certyfikacja-wyrobow-dla-wnioskodawcy\/#breadcrumb","itemListElement":[{"@type":"ListItem","position":1,"name":"Strona g\u0142\u00f3wna","item":"https:\/\/icrturkey.com\/"},{"@type":"ListItem","position":2,"name":"Certyfikacja wyrob\u00f3w","item":"https:\/\/icrturkey.com\/certyfikacja-wyrobow\/"},{"@type":"ListItem","position":3,"name":"Certyfikacja Wyrob\u00f3w &#8211; Dla Wnioskodawcy"}]},{"@type":"WebSite","@id":"https:\/\/icrturkey.com\/#website","url":"https:\/\/icrturkey.com\/","name":"ICR T\u00dcRK\u0130YE - testler ve belgelendirme","description":"CE sertifikas\u0131, CE sertifikas\u0131, ISO sertifikas\u0131, RED testi, \u00fcr\u00fcn testi ve sertifikasyonu, elektrikli \u00fcr\u00fcn testi, t\u0131bbi cihaz testi, ATEX, IECEx, FCC, \u00fcr\u00fcn sertifikasyonu, EMC testi, makine sertifikasyonu, CE makineleri, e\u011fitim, elektronik \u00fcr\u00fcn testi, 2014\/53\/EU testi, drone sertifikasyonu, ISO 13485 sertifikas\u0131, ISO 9001 sertifikas\u0131, NC RfG","publisher":{"@id":"https:\/\/icrturkey.com\/#\/schema\/person\/43aa01c7e4d61d03230a6e3e9d4e7ef2"},"potentialAction":[{"@type":"SearchAction","target":{"@type":"EntryPoint","urlTemplate":"https:\/\/icrturkey.com\/?s={search_term_string}"},"query-input":{"@type":"PropertyValueSpecification","valueRequired":true,"valueName":"search_term_string"}}],"inLanguage":"tr"},{"@type":["Person","Organization"],"@id":"https:\/\/icrturkey.com\/#\/schema\/person\/43aa01c7e4d61d03230a6e3e9d4e7ef2","name":"Y\u00f6netici","image":{"@type":"ImageObject","inLanguage":"tr","@id":"https:\/\/icrturkey.com\/wp-content\/uploads\/2019\/05\/cropped-logo-icr.32f04ad5-1-1.png","url":"https:\/\/icrturkey.com\/wp-content\/uploads\/2019\/05\/cropped-logo-icr.32f04ad5-1-1.png","contentUrl":"https:\/\/icrturkey.com\/wp-content\/uploads\/2019\/05\/cropped-logo-icr.32f04ad5-1-1.png","width":400,"height":148,"caption":"admin"},"logo":{"@id":"https:\/\/icrturkey.com\/wp-content\/uploads\/2019\/05\/cropped-logo-icr.32f04ad5-1-1.png"}}]}},"_links":{"self":[{"href":"https:\/\/icrturkey.com\/tr\/wp-json\/wp\/v2\/pages\/2364","targetHints":{"allow":["GET"]}}],"collection":[{"href":"https:\/\/icrturkey.com\/tr\/wp-json\/wp\/v2\/pages"}],"about":[{"href":"https:\/\/icrturkey.com\/tr\/wp-json\/wp\/v2\/types\/page"}],"author":[{"embeddable":true,"href":"https:\/\/icrturkey.com\/tr\/wp-json\/wp\/v2\/users\/1"}],"replies":[{"embeddable":true,"href":"https:\/\/icrturkey.com\/tr\/wp-json\/wp\/v2\/comments?post=2364"}],"version-history":[{"count":64,"href":"https:\/\/icrturkey.com\/tr\/wp-json\/wp\/v2\/pages\/2364\/revisions"}],"predecessor-version":[{"id":17186,"href":"https:\/\/icrturkey.com\/tr\/wp-json\/wp\/v2\/pages\/2364\/revisions\/17186"}],"up":[{"embeddable":true,"href":"https:\/\/icrturkey.com\/tr\/wp-json\/wp\/v2\/pages\/211"}],"wp:featuredmedia":[{"embeddable":true,"href":"https:\/\/icrturkey.com\/tr\/wp-json\/wp\/v2\/media\/2355"}],"wp:attachment":[{"href":"https:\/\/icrturkey.com\/tr\/wp-json\/wp\/v2\/media?parent=2364"}],"curies":[{"name":"wp","href":"https:\/\/api.w.org\/{rel}","templated":true}]}}