{"id":2051,"date":"2019-05-28T11:18:42","date_gmt":"2019-05-28T11:18:42","guid":{"rendered":"http:\/\/icrpolska.e-ksperci.pl\/?page_id=2051"},"modified":"2024-12-10T14:26:51","modified_gmt":"2024-12-10T13:26:51","slug":"wyroby-ex","status":"publish","type":"page","link":"https:\/\/icrturkey.com\/tr\/badania-wyrobow\/wyroby-ex\/","title":{"rendered":"Eski \u00fcr\u00fcnler"},"content":{"rendered":"<p><span style=\"font-weight: 400;\"><img fetchpriority=\"high\" decoding=\"async\" class=\"alignleft wp-image-4035 size-medium\" src=\"https:\/\/icrturkey.com\/wp-content\/uploads\/2020\/11\/Building-4-300x225.jpg\" alt=\"Eski \u00fcr\u00fcnler\" width=\"300\" height=\"225\" srcset=\"https:\/\/icrturkey.com\/wp-content\/uploads\/2020\/11\/Building-4-300x225.jpg 300w, https:\/\/icrturkey.com\/wp-content\/uploads\/2020\/11\/Building-4-1024x768.jpg 1024w, https:\/\/icrturkey.com\/wp-content\/uploads\/2020\/11\/Building-4-768x576.jpg 768w, https:\/\/icrturkey.com\/wp-content\/uploads\/2020\/11\/Building-4-1536x1152.jpg 1536w, https:\/\/icrturkey.com\/wp-content\/uploads\/2020\/11\/Building-4-2048x1536.jpg 2048w, https:\/\/icrturkey.com\/wp-content\/uploads\/2020\/11\/Building-4-16x12.jpg 16w\" sizes=\"(max-width: 300px) 100vw, 300px\" \/><\/span><span style=\"font-weight: 400;\">ATEX Direktifinin gerekliliklerine ve Avrupa EN ve uluslararas\u0131 IEC\/ISO standartlar\u0131n\u0131n gerekliliklerine uygunlu\u011fu teyit eden, elektrikli ve elektriksiz \u00fcr\u00fcnler ve potansiyel olarak patlay\u0131c\u0131 ortamlarda kullan\u0131lmak \u00fczere tasarlanm\u0131\u015f koruyucu sistemler i\u00e7in akredite laboratuvar\u0131m\u0131zda testler ger\u00e7ekle\u015ftiriyoruz. Laboratuvar\u0131m\u0131z ayn\u0131 zamanda d\u00fcnya \u00e7ap\u0131nda IECEx sisteminde faaliyet g\u00f6steren tan\u0131nm\u0131\u015f bir laboratuvard\u0131r.\u00a0<\/span><\/p>\n<p><span style=\"font-weight: 400;\"><span style=\"color: #ff0000;\">\u21d0<\/span> <span style=\"color: #999999;\"><em>ICR - Ex test laboratuvar binas\u0131<\/em><\/span><\/span><\/p>\n<p><a href=\"https:\/\/icrturkey.com\/wp-content\/uploads\/2020\/11\/Explosive-test-chamber-scaled.jpg\" target=\"_blank\" rel=\"noopener noreferrer\"><span style=\"font-weight: 400;\"><img decoding=\"async\" class=\"alignright wp-image-4037 size-medium\" src=\"https:\/\/icrturkey.com\/wp-content\/uploads\/2020\/11\/Explosive-test-chamber-300x225.jpg\" alt=\"Eski \u00fcr\u00fcnler\" width=\"300\" height=\"225\" srcset=\"https:\/\/icrturkey.com\/wp-content\/uploads\/2020\/11\/Explosive-test-chamber-300x225.jpg 300w, https:\/\/icrturkey.com\/wp-content\/uploads\/2020\/11\/Explosive-test-chamber-1024x768.jpg 1024w, https:\/\/icrturkey.com\/wp-content\/uploads\/2020\/11\/Explosive-test-chamber-768x576.jpg 768w, https:\/\/icrturkey.com\/wp-content\/uploads\/2020\/11\/Explosive-test-chamber-1536x1152.jpg 1536w, https:\/\/icrturkey.com\/wp-content\/uploads\/2020\/11\/Explosive-test-chamber-2048x1536.jpg 2048w, https:\/\/icrturkey.com\/wp-content\/uploads\/2020\/11\/Explosive-test-chamber-16x12.jpg 16w\" sizes=\"(max-width: 300px) 100vw, 300px\" \/><\/span><\/a><\/p>\n<p>&nbsp;<\/p>\n<p>&nbsp;<\/p>\n<p>&nbsp;<\/p>\n<p><span style=\"font-weight: 400;\">Kapsam\u0131m\u0131z, potansiyel olarak patlay\u0131c\u0131 gaz, toz veya kar\u0131\u015f\u0131k atmosferlerde kullan\u0131lmas\u0131 ama\u00e7lanan t\u00fcm grup ve kategorilerdeki \u00fcr\u00fcnleri kapsar.<\/span><\/p>\n<p style=\"text-align: right;\"><span style=\"font-weight: 400;\"><span style=\"color: #999999;\"><em>Patlay\u0131c\u0131 test odas\u0131<\/em><\/span> <span style=\"color: #ff0000;\">\u21d2<\/span><\/span><\/p>\n<p>&nbsp;<\/p>","protected":false},"excerpt":{"rendered":"<p>ATEX Direktifinin gerekliliklerine ve Avrupa EN ve uluslararas\u0131 IEC\/ISO standartlar\u0131n\u0131n gerekliliklerine uygunlu\u011fu teyit eden, elektrikli ve elektriksiz \u00fcr\u00fcnler ve potansiyel olarak patlay\u0131c\u0131 ortamlarda kullan\u0131lmak \u00fczere tasarlanm\u0131\u015f koruyucu sistemler i\u00e7in akredite laboratuvar\u0131m\u0131zda testler ger\u00e7ekle\u015ftiriyoruz. Laboratuvar\u0131m\u0131z ayn\u0131 zamanda d\u00fcnya \u00e7ap\u0131nda IECEx sistemi kapsam\u0131nda tan\u0131nan bir laboratuvard\u0131r.  \u21d0 ICR - Ex test laboratuvar binas\u0131 ...&nbsp;<a href=\"https:\/\/icrturkey.com\/tr\/badania-wyrobow\/wyroby-ex\/\" rel=\"bookmark\">Daha fazlas\u0131n\u0131 oku \"<span class=\"screen-reader-text\">Eski \u00fcr\u00fcnler<\/span><\/a><\/p>","protected":false},"author":1,"featured_media":1785,"parent":979,"menu_order":0,"comment_status":"closed","ping_status":"closed","template":"","meta":{"neve_meta_sidebar":"","neve_meta_container":"","neve_meta_enable_content_width":"off","neve_meta_content_width":70,"neve_meta_title_alignment":"","neve_meta_author_avatar":"","neve_post_elements_order":"","neve_meta_disable_header":"","neve_meta_disable_footer":"","neve_meta_disable_title":"","footnotes":""},"class_list":["post-2051","page","type-page","status-publish","has-post-thumbnail","hentry"],"yoast_head":"<!-- This site is optimized with the Yoast SEO plugin v27.3 - https:\/\/yoast.com\/product\/yoast-seo-wordpress\/ -->\n<title>Wyroby Ex - ICR TURKEY - tests and certification<\/title>\n<meta name=\"robots\" content=\"index, follow, max-snippet:-1, max-image-preview:large, max-video-preview:-1\" \/>\n<link rel=\"canonical\" href=\"https:\/\/icrturkey.com\/tr\/badania-wyrobow\/wyroby-ex\/\" \/>\n<meta property=\"og:locale\" content=\"tr_TR\" \/>\n<meta property=\"og:type\" content=\"article\" \/>\n<meta property=\"og:title\" content=\"Wyroby Ex - ICR TURKEY - tests and certification\" \/>\n<meta property=\"og:description\" content=\"Wykonujemy badania potwierdzaj\u0105ce zgodno\u015b\u0107 z wymaganiami dyrektywy ATEX oraz wymaganiami norm europejskich EN i mi\u0119dzynarodowych IEC\/ISO wyrob\u00f3w elektrycznych i nieelektrycznych oraz system\u00f3w ochronnych przeznaczonych do pracy w atmosferach potencjalnie wybuchowych wykonywane w naszym akredytowanym laboratorium. Nasze laboratorium jest te\u017c uznanym laboratorium dzia\u0142aj\u0105cym w \u015bwiatowym systemie IECEx.\u00a0 \u21d0 ICR &#8211; budynek laboratorium bada\u0144 Ex &nbsp; &nbsp;&hellip;&nbsp;Daha fazlas\u0131n\u0131 oku &raquo;Wyroby Ex\" \/>\n<meta property=\"og:url\" content=\"https:\/\/icrturkey.com\/tr\/badania-wyrobow\/wyroby-ex\/\" \/>\n<meta property=\"og:site_name\" content=\"ICR TURKEY - tests and certification\" \/>\n<meta property=\"article:modified_time\" content=\"2024-12-10T13:26:51+00:00\" \/>\n<meta name=\"twitter:card\" content=\"summary_large_image\" \/>\n<meta name=\"twitter:label1\" content=\"Tahmini okuma s\u00fcresi\" \/>\n\t<meta name=\"twitter:data1\" content=\"1 dakika\" \/>\n<script type=\"application\/ld+json\" class=\"yoast-schema-graph\">{\"@context\":\"https:\\\/\\\/schema.org\",\"@graph\":[{\"@type\":\"WebPage\",\"@id\":\"https:\\\/\\\/icrturkey.com\\\/badania-wyrobow\\\/wyroby-ex\\\/\",\"url\":\"https:\\\/\\\/icrturkey.com\\\/badania-wyrobow\\\/wyroby-ex\\\/\",\"name\":\"Wyroby Ex - ICR TURKEY - tests and certification\",\"isPartOf\":{\"@id\":\"https:\\\/\\\/icrturkey.com\\\/#website\"},\"primaryImageOfPage\":{\"@id\":\"https:\\\/\\\/icrturkey.com\\\/badania-wyrobow\\\/wyroby-ex\\\/#primaryimage\"},\"image\":{\"@id\":\"https:\\\/\\\/icrturkey.com\\\/badania-wyrobow\\\/wyroby-ex\\\/#primaryimage\"},\"thumbnailUrl\":\"\",\"datePublished\":\"2019-05-28T11:18:42+00:00\",\"dateModified\":\"2024-12-10T13:26:51+00:00\",\"breadcrumb\":{\"@id\":\"https:\\\/\\\/icrturkey.com\\\/badania-wyrobow\\\/wyroby-ex\\\/#breadcrumb\"},\"inLanguage\":\"tr\",\"potentialAction\":[{\"@type\":\"ReadAction\",\"target\":[\"https:\\\/\\\/icrturkey.com\\\/badania-wyrobow\\\/wyroby-ex\\\/\"]}]},{\"@type\":\"ImageObject\",\"inLanguage\":\"tr\",\"@id\":\"https:\\\/\\\/icrturkey.com\\\/badania-wyrobow\\\/wyroby-ex\\\/#primaryimage\",\"url\":\"\",\"contentUrl\":\"\"},{\"@type\":\"BreadcrumbList\",\"@id\":\"https:\\\/\\\/icrturkey.com\\\/badania-wyrobow\\\/wyroby-ex\\\/#breadcrumb\",\"itemListElement\":[{\"@type\":\"ListItem\",\"position\":1,\"name\":\"Strona g\u0142\u00f3wna\",\"item\":\"https:\\\/\\\/icrturkey.com\\\/\"},{\"@type\":\"ListItem\",\"position\":2,\"name\":\"Badania wyrob\u00f3w\",\"item\":\"https:\\\/\\\/icrturkey.com\\\/badania-wyrobow\\\/\"},{\"@type\":\"ListItem\",\"position\":3,\"name\":\"Wyroby Ex\"}]},{\"@type\":\"WebSite\",\"@id\":\"https:\\\/\\\/icrturkey.com\\\/#website\",\"url\":\"https:\\\/\\\/icrturkey.com\\\/\",\"name\":\"ICR TURKEY - tests and certification\",\"description\":\"CE certification, CE certificate, ISO certificate, RED testing, product testing and certification, electrical product testing, medical device testing, ATEX, IECEx, FCC, product certification, EMC testing, machinery certification, CE machines, training, electronic product testing, testing 2014\\\/53\\\/EU, drone certification, ISO 13485 certificate, ISO 9001 certificate, NC RfG\",\"publisher\":{\"@id\":\"https:\\\/\\\/icrturkey.com\\\/#\\\/schema\\\/person\\\/43aa01c7e4d61d03230a6e3e9d4e7ef2\"},\"potentialAction\":[{\"@type\":\"SearchAction\",\"target\":{\"@type\":\"EntryPoint\",\"urlTemplate\":\"https:\\\/\\\/icrturkey.com\\\/?s={search_term_string}\"},\"query-input\":{\"@type\":\"PropertyValueSpecification\",\"valueRequired\":true,\"valueName\":\"search_term_string\"}}],\"inLanguage\":\"tr\"},{\"@type\":[\"Person\",\"Organization\"],\"@id\":\"https:\\\/\\\/icrturkey.com\\\/#\\\/schema\\\/person\\\/43aa01c7e4d61d03230a6e3e9d4e7ef2\",\"name\":\"admin\",\"image\":{\"@type\":\"ImageObject\",\"inLanguage\":\"tr\",\"@id\":\"https:\\\/\\\/icrturkey.com\\\/wp-content\\\/uploads\\\/2019\\\/05\\\/cropped-logo-icr.32f04ad5-1-1.png\",\"url\":\"https:\\\/\\\/icrturkey.com\\\/wp-content\\\/uploads\\\/2019\\\/05\\\/cropped-logo-icr.32f04ad5-1-1.png\",\"contentUrl\":\"https:\\\/\\\/icrturkey.com\\\/wp-content\\\/uploads\\\/2019\\\/05\\\/cropped-logo-icr.32f04ad5-1-1.png\",\"width\":400,\"height\":148,\"caption\":\"admin\"},\"logo\":{\"@id\":\"https:\\\/\\\/icrturkey.com\\\/wp-content\\\/uploads\\\/2019\\\/05\\\/cropped-logo-icr.32f04ad5-1-1.png\"}}]}<\/script>\n<!-- \/ Yoast SEO plugin. -->","yoast_head_json":{"title":"Ex \u00fcr\u00fcnler - ICR T\u00dcRK\u0130YE - testler ve belgelendirme","robots":{"index":"index","follow":"follow","max-snippet":"max-snippet:-1","max-image-preview":"max-image-preview:large","max-video-preview":"max-video-preview:-1"},"canonical":"https:\/\/icrturkey.com\/tr\/badania-wyrobow\/wyroby-ex\/","og_locale":"tr_TR","og_type":"article","og_title":"Wyroby Ex - ICR TURKEY - tests and certification","og_description":"Wykonujemy badania potwierdzaj\u0105ce zgodno\u015b\u0107 z wymaganiami dyrektywy ATEX oraz wymaganiami norm europejskich EN i mi\u0119dzynarodowych IEC\/ISO wyrob\u00f3w elektrycznych i nieelektrycznych oraz system\u00f3w ochronnych przeznaczonych do pracy w atmosferach potencjalnie wybuchowych wykonywane w naszym akredytowanym laboratorium. Nasze laboratorium jest te\u017c uznanym laboratorium dzia\u0142aj\u0105cym w \u015bwiatowym systemie IECEx.\u00a0 \u21d0 ICR &#8211; budynek laboratorium bada\u0144 Ex &nbsp; &nbsp;&hellip;&nbsp;Daha fazlas\u0131n\u0131 oku &raquo;Wyroby Ex","og_url":"https:\/\/icrturkey.com\/tr\/badania-wyrobow\/wyroby-ex\/","og_site_name":"ICR TURKEY - tests and certification","article_modified_time":"2024-12-10T13:26:51+00:00","twitter_card":"summary_large_image","twitter_misc":{"Tahmini okuma s\u00fcresi":"1 dakika"},"schema":{"@context":"https:\/\/schema.org","@graph":[{"@type":"WebPage","@id":"https:\/\/icrturkey.com\/badania-wyrobow\/wyroby-ex\/","url":"https:\/\/icrturkey.com\/badania-wyrobow\/wyroby-ex\/","name":"Ex \u00fcr\u00fcnler - ICR T\u00dcRK\u0130YE - testler ve belgelendirme","isPartOf":{"@id":"https:\/\/icrturkey.com\/#website"},"primaryImageOfPage":{"@id":"https:\/\/icrturkey.com\/badania-wyrobow\/wyroby-ex\/#primaryimage"},"image":{"@id":"https:\/\/icrturkey.com\/badania-wyrobow\/wyroby-ex\/#primaryimage"},"thumbnailUrl":"","datePublished":"2019-05-28T11:18:42+00:00","dateModified":"2024-12-10T13:26:51+00:00","breadcrumb":{"@id":"https:\/\/icrturkey.com\/badania-wyrobow\/wyroby-ex\/#breadcrumb"},"inLanguage":"tr","potentialAction":[{"@type":"ReadAction","target":["https:\/\/icrturkey.com\/badania-wyrobow\/wyroby-ex\/"]}]},{"@type":"ImageObject","inLanguage":"tr","@id":"https:\/\/icrturkey.com\/badania-wyrobow\/wyroby-ex\/#primaryimage","url":"","contentUrl":""},{"@type":"BreadcrumbList","@id":"https:\/\/icrturkey.com\/badania-wyrobow\/wyroby-ex\/#breadcrumb","itemListElement":[{"@type":"ListItem","position":1,"name":"Strona g\u0142\u00f3wna","item":"https:\/\/icrturkey.com\/"},{"@type":"ListItem","position":2,"name":"Badania wyrob\u00f3w","item":"https:\/\/icrturkey.com\/badania-wyrobow\/"},{"@type":"ListItem","position":3,"name":"Wyroby Ex"}]},{"@type":"WebSite","@id":"https:\/\/icrturkey.com\/#website","url":"https:\/\/icrturkey.com\/","name":"ICR T\u00dcRK\u0130YE - testler ve belgelendirme","description":"CE sertifikas\u0131, CE sertifikas\u0131, ISO sertifikas\u0131, RED testi, \u00fcr\u00fcn testi ve sertifikasyonu, elektrikli \u00fcr\u00fcn testi, t\u0131bbi cihaz testi, ATEX, IECEx, FCC, \u00fcr\u00fcn sertifikasyonu, EMC testi, makine sertifikasyonu, CE makineleri, e\u011fitim, elektronik \u00fcr\u00fcn testi, 2014\/53\/EU testi, drone sertifikasyonu, ISO 13485 sertifikas\u0131, ISO 9001 sertifikas\u0131, NC RfG","publisher":{"@id":"https:\/\/icrturkey.com\/#\/schema\/person\/43aa01c7e4d61d03230a6e3e9d4e7ef2"},"potentialAction":[{"@type":"SearchAction","target":{"@type":"EntryPoint","urlTemplate":"https:\/\/icrturkey.com\/?s={search_term_string}"},"query-input":{"@type":"PropertyValueSpecification","valueRequired":true,"valueName":"search_term_string"}}],"inLanguage":"tr"},{"@type":["Person","Organization"],"@id":"https:\/\/icrturkey.com\/#\/schema\/person\/43aa01c7e4d61d03230a6e3e9d4e7ef2","name":"Y\u00f6netici","image":{"@type":"ImageObject","inLanguage":"tr","@id":"https:\/\/icrturkey.com\/wp-content\/uploads\/2019\/05\/cropped-logo-icr.32f04ad5-1-1.png","url":"https:\/\/icrturkey.com\/wp-content\/uploads\/2019\/05\/cropped-logo-icr.32f04ad5-1-1.png","contentUrl":"https:\/\/icrturkey.com\/wp-content\/uploads\/2019\/05\/cropped-logo-icr.32f04ad5-1-1.png","width":400,"height":148,"caption":"admin"},"logo":{"@id":"https:\/\/icrturkey.com\/wp-content\/uploads\/2019\/05\/cropped-logo-icr.32f04ad5-1-1.png"}}]}},"_links":{"self":[{"href":"https:\/\/icrturkey.com\/tr\/wp-json\/wp\/v2\/pages\/2051","targetHints":{"allow":["GET"]}}],"collection":[{"href":"https:\/\/icrturkey.com\/tr\/wp-json\/wp\/v2\/pages"}],"about":[{"href":"https:\/\/icrturkey.com\/tr\/wp-json\/wp\/v2\/types\/page"}],"author":[{"embeddable":true,"href":"https:\/\/icrturkey.com\/tr\/wp-json\/wp\/v2\/users\/1"}],"replies":[{"embeddable":true,"href":"https:\/\/icrturkey.com\/tr\/wp-json\/wp\/v2\/comments?post=2051"}],"version-history":[{"count":13,"href":"https:\/\/icrturkey.com\/tr\/wp-json\/wp\/v2\/pages\/2051\/revisions"}],"predecessor-version":[{"id":14887,"href":"https:\/\/icrturkey.com\/tr\/wp-json\/wp\/v2\/pages\/2051\/revisions\/14887"}],"up":[{"embeddable":true,"href":"https:\/\/icrturkey.com\/tr\/wp-json\/wp\/v2\/pages\/979"}],"wp:featuredmedia":[{"embeddable":true,"href":"https:\/\/icrturkey.com\/tr\/wp-json\/"}],"wp:attachment":[{"href":"https:\/\/icrturkey.com\/tr\/wp-json\/wp\/v2\/media?parent=2051"}],"curies":[{"name":"wp","href":"https:\/\/api.w.org\/{rel}","templated":true}]}}