{"id":2045,"date":"2019-05-28T11:15:21","date_gmt":"2019-05-28T11:15:21","guid":{"rendered":"http:\/\/icrpolska.e-ksperci.pl\/?page_id=2045"},"modified":"2022-09-07T23:31:08","modified_gmt":"2022-09-07T21:31:08","slug":"wyroby-medyczne","status":"publish","type":"page","link":"https:\/\/icrturkey.com\/tr\/badania-wyrobow\/wyroby-medyczne\/","title":{"rendered":"T\u0131bbi cihazlar"},"content":{"rendered":"<p><img fetchpriority=\"high\" decoding=\"async\" class=\"alignright wp-image-4112 size-medium\" src=\"https:\/\/icrturkey.com\/wp-content\/uploads\/2020\/12\/Medical_devices-300x224.png\" alt=\"T\u0131bbi cihazlar\" width=\"300\" height=\"224\" srcset=\"https:\/\/icrturkey.com\/wp-content\/uploads\/2020\/12\/Medical_devices-300x224.png 300w, https:\/\/icrturkey.com\/wp-content\/uploads\/2020\/12\/Medical_devices-1024x764.png 1024w, https:\/\/icrturkey.com\/wp-content\/uploads\/2020\/12\/Medical_devices-768x573.png 768w, https:\/\/icrturkey.com\/wp-content\/uploads\/2020\/12\/Medical_devices-1536x1145.png 1536w, https:\/\/icrturkey.com\/wp-content\/uploads\/2020\/12\/Medical_devices-16x12.png 16w, https:\/\/icrturkey.com\/wp-content\/uploads\/2020\/12\/Medical_devices.png 1683w\" sizes=\"(max-width: 300px) 100vw, 300px\" \/>Laboratuvar\u0131m\u0131zda, di\u011ferlerinin yan\u0131 s\u0131ra a\u015fa\u011f\u0131daki t\u0131bbi ekipmanlar \u00fczerinde g\u00fcvenlik ve elektromanyetik uyumluluk testleri ger\u00e7ekle\u015ftireceksiniz:<\/p>\n<ul>\n<li>EN 60601-2-10 Sinir ve kas stim\u00fclat\u00f6rleri<\/li>\n<li>EN 60601-2-18 Endoskopik ekipman<\/li>\n<li>EN 60601-2-22 Cerrahi, kozmetik ve terap\u00f6tik lazer cihazlar\u0131<\/li>\n<li>EN 60601-2-25 Elektrokardiyograflar<\/li>\n<li>EN 60601-2-27 Elektrokardiyografik izleme cihazlar\u0131<\/li>\n<li>EN 60601-2-3 K\u0131sa dalga terapi ekipman\u0131<\/li>\n<li>EN 60601-2-37 Ultrasonik te\u015fhis ve izleme cihazlar\u0131<\/li>\n<li>EN 60601-2-44 Bilgisayarl\u0131 tomografi i\u00e7in X-\u0131\u015f\u0131n\u0131 ekipman\u0131<\/li>\n<li>EN 60601-2-45 Mamografik X-ray ekipman\u0131 ve stereotaktik cihazlar<\/li>\n<li>EN 60601-2-47 Ambulatuvar elektrokardiyografik sistemler<\/li>\n<li>EN 60601-2-4 Kardiyak defibrilat\u00f6rler<\/li>\n<li>EN 60601-2-54 Radyografi ve radyoskopi i\u00e7in X-\u0131\u015f\u0131n\u0131 ekipman\u0131<\/li>\n<li>EN 60601-2-5 Ultrason fizyoterapi cihazlar\u0131<\/li>\n<li>EN 60601-2-63 Dental x-ray \u00fcniteleri<\/li>\n<li>EN 60601-2-65 A\u011f\u0131z \u0130\u00e7i Di\u015f R\u00f6ntgen \u00dcniteleri<\/li>\n<li>EN 60601-2-6 Mikrodalga tedavi ekipman\u0131<\/li>\n<li>EN IEC 60601-2-2 Y\u00fcksek frekansl\u0131 cerrahi aletler ve ekipmanlar<\/li>\n<li>EN IEC 60601-2-28 T\u0131bbi tan\u0131 ama\u00e7l\u0131 X-\u0131\u015f\u0131n\u0131 t\u00fcpleri<\/li>\n<li>EN IEC 80601-2-30 Otomatik non-invaziv sfigmomanometreler<\/li>\n<li>EN IEC 80601-2-49 \u00c7ok i\u015flevli hasta izleme ekipman\u0131<\/li>\n<li>EN IEC 80601-2-59 Termograflar<\/li>\n<li>EN IEC 80601-2-60 Di\u015f\u00e7ilik aletleri<\/li>\n<li>EN ISO 80601-2-61 T\u0131bbi kullan\u0131m i\u00e7in nab\u0131z oksimetre ekipman\u0131<\/li>\n<\/ul>\n<p><img decoding=\"async\" class=\"wp-image-2684 alignleft\" src=\"https:\/\/icrturkey.com\/wp-content\/uploads\/2019\/06\/IECEE_logo-300x137.jpg\" alt=\"\" width=\"101\" height=\"46\" srcset=\"https:\/\/icrturkey.com\/wp-content\/uploads\/2019\/06\/IECEE_logo-300x137.jpg 300w, https:\/\/icrturkey.com\/wp-content\/uploads\/2019\/06\/IECEE_logo.jpg 332w\" sizes=\"(max-width: 101px) 100vw, 101px\" \/>Test raporlar\u0131 IECEE CB \u015femas\u0131na ve ILAC akreditasyonuna uygun olarak d\u00fczenlenir. <img decoding=\"async\" class=\"wp-image-2917 alignnone\" src=\"https:\/\/icrturkey.com\/wp-content\/uploads\/2019\/06\/ilac-mra.png\" alt=\"\" width=\"61\" height=\"62\" srcset=\"https:\/\/icrturkey.com\/wp-content\/uploads\/2019\/06\/ilac-mra.png 223w, https:\/\/icrturkey.com\/wp-content\/uploads\/2019\/06\/ilac-mra-150x150.png 150w\" sizes=\"(max-width: 61px) 100vw, 61px\" \/><\/p>","protected":false},"excerpt":{"rendered":"<p>Laboratuvar\u0131m\u0131zda, di\u011ferlerinin yan\u0131 s\u0131ra a\u015fa\u011f\u0131daki t\u0131bbi ekipmanlar\u0131n g\u00fcvenlik ve elektromanyetik uyumluluk testlerini ger\u00e7ekle\u015ftireceksiniz: EN 60601-2-10 Sinir ve kas stim\u00fclat\u00f6rleri EN 60601-2-18 Endoskopik cihazlar EN 60601-2-22 Cerrahi, kozmetik, terap\u00f6tik lazer cihazlar\u0131 EN 60601-2-25 Elektrokardiyograflar EN 60601-2-27 Elektrokardiyografik izleme cihazlar\u0131 EN 60601-2-3 K\u0131sa dalga terapi cihazlar\u0131 EN 60601-2-37 Ultrasonik te\u015fhis ve izleme cihazlar\u0131 EN 60601-2-44 X-ray cihazlar\u0131....&nbsp;<a href=\"https:\/\/icrturkey.com\/tr\/badania-wyrobow\/wyroby-medyczne\/\" rel=\"bookmark\">Daha fazlas\u0131n\u0131 oku \"<span class=\"screen-reader-text\">T\u0131bbi cihazlar<\/span><\/a><\/p>","protected":false},"author":1,"featured_media":1146,"parent":979,"menu_order":0,"comment_status":"closed","ping_status":"closed","template":"","meta":{"neve_meta_sidebar":"","neve_meta_container":"","neve_meta_enable_content_width":"off","neve_meta_content_width":70,"neve_meta_title_alignment":"","neve_meta_author_avatar":"","neve_post_elements_order":"","neve_meta_disable_header":"","neve_meta_disable_footer":"","neve_meta_disable_title":"","footnotes":""},"class_list":["post-2045","page","type-page","status-publish","has-post-thumbnail","hentry"],"yoast_head":"<!-- This site is optimized with the Yoast SEO plugin v27.3 - https:\/\/yoast.com\/product\/yoast-seo-wordpress\/ -->\n<title>Wyroby medyczne - ICR TURKEY - tests and certification<\/title>\n<meta name=\"robots\" content=\"index, follow, max-snippet:-1, max-image-preview:large, max-video-preview:-1\" \/>\n<link rel=\"canonical\" href=\"https:\/\/icrturkey.com\/tr\/badania-wyrobow\/wyroby-medyczne\/\" \/>\n<meta property=\"og:locale\" content=\"tr_TR\" \/>\n<meta property=\"og:type\" content=\"article\" \/>\n<meta property=\"og:title\" content=\"Wyroby medyczne - ICR TURKEY - tests and certification\" \/>\n<meta property=\"og:description\" content=\"W naszym laboratorium przeprowadzisz badania bezpiecze\u0144stwa oraz kompatybilno\u015bci elektromagnetycznej m.in. nast\u0119puj\u0105cego sprz\u0119tu medycznego: EN 60601-2-10 Stymulatory nerw\u00f3w i mi\u0119\u015bni EN 60601-2-18 Urz\u0105dzenia endoskopowe EN 60601-2-22 Urz\u0105dzenia laserowe chirurgiczne, kosmetyczne, terapeutyczne EN 60601-2-25 Elektrokardiografy EN 60601-2-27 Elektrokardiograficzne urz\u0105dzenia monitoruj\u0105ce EN 60601-2-3 Urz\u0105dzenia do terapii kr\u00f3tkofalowej EN 60601-2-37 Ultrad\u017awi\u0119kowe urz\u0105dzenia diagnostyczne i monitoruj\u0105ce EN 60601-2-44 Urz\u0105dzenia rentgenowskie&hellip;&nbsp;Daha fazlas\u0131n\u0131 oku &raquo;Wyroby medyczne\" \/>\n<meta property=\"og:url\" content=\"https:\/\/icrturkey.com\/tr\/badania-wyrobow\/wyroby-medyczne\/\" \/>\n<meta property=\"og:site_name\" content=\"ICR TURKEY - tests and certification\" \/>\n<meta property=\"article:modified_time\" content=\"2022-09-07T21:31:08+00:00\" \/>\n<meta name=\"twitter:card\" content=\"summary_large_image\" \/>\n<meta name=\"twitter:label1\" content=\"Tahmini okuma s\u00fcresi\" \/>\n\t<meta name=\"twitter:data1\" content=\"2 dakika\" \/>\n<script type=\"application\/ld+json\" class=\"yoast-schema-graph\">{\"@context\":\"https:\\\/\\\/schema.org\",\"@graph\":[{\"@type\":\"WebPage\",\"@id\":\"https:\\\/\\\/icrturkey.com\\\/badania-wyrobow\\\/wyroby-medyczne\\\/\",\"url\":\"https:\\\/\\\/icrturkey.com\\\/badania-wyrobow\\\/wyroby-medyczne\\\/\",\"name\":\"Wyroby medyczne - ICR TURKEY - tests and certification\",\"isPartOf\":{\"@id\":\"https:\\\/\\\/icrturkey.com\\\/#website\"},\"primaryImageOfPage\":{\"@id\":\"https:\\\/\\\/icrturkey.com\\\/badania-wyrobow\\\/wyroby-medyczne\\\/#primaryimage\"},\"image\":{\"@id\":\"https:\\\/\\\/icrturkey.com\\\/badania-wyrobow\\\/wyroby-medyczne\\\/#primaryimage\"},\"thumbnailUrl\":\"\",\"datePublished\":\"2019-05-28T11:15:21+00:00\",\"dateModified\":\"2022-09-07T21:31:08+00:00\",\"breadcrumb\":{\"@id\":\"https:\\\/\\\/icrturkey.com\\\/badania-wyrobow\\\/wyroby-medyczne\\\/#breadcrumb\"},\"inLanguage\":\"tr\",\"potentialAction\":[{\"@type\":\"ReadAction\",\"target\":[\"https:\\\/\\\/icrturkey.com\\\/badania-wyrobow\\\/wyroby-medyczne\\\/\"]}]},{\"@type\":\"ImageObject\",\"inLanguage\":\"tr\",\"@id\":\"https:\\\/\\\/icrturkey.com\\\/badania-wyrobow\\\/wyroby-medyczne\\\/#primaryimage\",\"url\":\"\",\"contentUrl\":\"\"},{\"@type\":\"BreadcrumbList\",\"@id\":\"https:\\\/\\\/icrturkey.com\\\/badania-wyrobow\\\/wyroby-medyczne\\\/#breadcrumb\",\"itemListElement\":[{\"@type\":\"ListItem\",\"position\":1,\"name\":\"Strona g\u0142\u00f3wna\",\"item\":\"https:\\\/\\\/icrturkey.com\\\/\"},{\"@type\":\"ListItem\",\"position\":2,\"name\":\"Badania wyrob\u00f3w\",\"item\":\"https:\\\/\\\/icrturkey.com\\\/badania-wyrobow\\\/\"},{\"@type\":\"ListItem\",\"position\":3,\"name\":\"Wyroby medyczne\"}]},{\"@type\":\"WebSite\",\"@id\":\"https:\\\/\\\/icrturkey.com\\\/#website\",\"url\":\"https:\\\/\\\/icrturkey.com\\\/\",\"name\":\"ICR TURKEY - tests and certification\",\"description\":\"CE certification, CE certificate, ISO certificate, RED testing, product testing and certification, electrical product testing, medical device testing, ATEX, IECEx, FCC, product certification, EMC testing, machinery certification, CE machines, training, electronic product testing, testing 2014\\\/53\\\/EU, drone certification, ISO 13485 certificate, ISO 9001 certificate, NC RfG\",\"publisher\":{\"@id\":\"https:\\\/\\\/icrturkey.com\\\/#\\\/schema\\\/person\\\/43aa01c7e4d61d03230a6e3e9d4e7ef2\"},\"potentialAction\":[{\"@type\":\"SearchAction\",\"target\":{\"@type\":\"EntryPoint\",\"urlTemplate\":\"https:\\\/\\\/icrturkey.com\\\/?s={search_term_string}\"},\"query-input\":{\"@type\":\"PropertyValueSpecification\",\"valueRequired\":true,\"valueName\":\"search_term_string\"}}],\"inLanguage\":\"tr\"},{\"@type\":[\"Person\",\"Organization\"],\"@id\":\"https:\\\/\\\/icrturkey.com\\\/#\\\/schema\\\/person\\\/43aa01c7e4d61d03230a6e3e9d4e7ef2\",\"name\":\"admin\",\"image\":{\"@type\":\"ImageObject\",\"inLanguage\":\"tr\",\"@id\":\"https:\\\/\\\/icrturkey.com\\\/wp-content\\\/uploads\\\/2019\\\/05\\\/cropped-logo-icr.32f04ad5-1-1.png\",\"url\":\"https:\\\/\\\/icrturkey.com\\\/wp-content\\\/uploads\\\/2019\\\/05\\\/cropped-logo-icr.32f04ad5-1-1.png\",\"contentUrl\":\"https:\\\/\\\/icrturkey.com\\\/wp-content\\\/uploads\\\/2019\\\/05\\\/cropped-logo-icr.32f04ad5-1-1.png\",\"width\":400,\"height\":148,\"caption\":\"admin\"},\"logo\":{\"@id\":\"https:\\\/\\\/icrturkey.com\\\/wp-content\\\/uploads\\\/2019\\\/05\\\/cropped-logo-icr.32f04ad5-1-1.png\"}}]}<\/script>\n<!-- \/ Yoast SEO plugin. -->","yoast_head_json":{"title":"T\u0131bbi cihazlar - ICR T\u00dcRK\u0130YE - testler ve belgelendirme","robots":{"index":"index","follow":"follow","max-snippet":"max-snippet:-1","max-image-preview":"max-image-preview:large","max-video-preview":"max-video-preview:-1"},"canonical":"https:\/\/icrturkey.com\/tr\/badania-wyrobow\/wyroby-medyczne\/","og_locale":"tr_TR","og_type":"article","og_title":"Wyroby medyczne - ICR TURKEY - tests and certification","og_description":"W naszym laboratorium przeprowadzisz badania bezpiecze\u0144stwa oraz kompatybilno\u015bci elektromagnetycznej m.in. nast\u0119puj\u0105cego sprz\u0119tu medycznego: EN 60601-2-10 Stymulatory nerw\u00f3w i mi\u0119\u015bni EN 60601-2-18 Urz\u0105dzenia endoskopowe EN 60601-2-22 Urz\u0105dzenia laserowe chirurgiczne, kosmetyczne, terapeutyczne EN 60601-2-25 Elektrokardiografy EN 60601-2-27 Elektrokardiograficzne urz\u0105dzenia monitoruj\u0105ce EN 60601-2-3 Urz\u0105dzenia do terapii kr\u00f3tkofalowej EN 60601-2-37 Ultrad\u017awi\u0119kowe urz\u0105dzenia diagnostyczne i monitoruj\u0105ce EN 60601-2-44 Urz\u0105dzenia rentgenowskie&hellip;&nbsp;Daha fazlas\u0131n\u0131 oku &raquo;Wyroby medyczne","og_url":"https:\/\/icrturkey.com\/tr\/badania-wyrobow\/wyroby-medyczne\/","og_site_name":"ICR TURKEY - tests and certification","article_modified_time":"2022-09-07T21:31:08+00:00","twitter_card":"summary_large_image","twitter_misc":{"Tahmini okuma s\u00fcresi":"2 dakika"},"schema":{"@context":"https:\/\/schema.org","@graph":[{"@type":"WebPage","@id":"https:\/\/icrturkey.com\/badania-wyrobow\/wyroby-medyczne\/","url":"https:\/\/icrturkey.com\/badania-wyrobow\/wyroby-medyczne\/","name":"T\u0131bbi cihazlar - ICR T\u00dcRK\u0130YE - testler ve belgelendirme","isPartOf":{"@id":"https:\/\/icrturkey.com\/#website"},"primaryImageOfPage":{"@id":"https:\/\/icrturkey.com\/badania-wyrobow\/wyroby-medyczne\/#primaryimage"},"image":{"@id":"https:\/\/icrturkey.com\/badania-wyrobow\/wyroby-medyczne\/#primaryimage"},"thumbnailUrl":"","datePublished":"2019-05-28T11:15:21+00:00","dateModified":"2022-09-07T21:31:08+00:00","breadcrumb":{"@id":"https:\/\/icrturkey.com\/badania-wyrobow\/wyroby-medyczne\/#breadcrumb"},"inLanguage":"tr","potentialAction":[{"@type":"ReadAction","target":["https:\/\/icrturkey.com\/badania-wyrobow\/wyroby-medyczne\/"]}]},{"@type":"ImageObject","inLanguage":"tr","@id":"https:\/\/icrturkey.com\/badania-wyrobow\/wyroby-medyczne\/#primaryimage","url":"","contentUrl":""},{"@type":"BreadcrumbList","@id":"https:\/\/icrturkey.com\/badania-wyrobow\/wyroby-medyczne\/#breadcrumb","itemListElement":[{"@type":"ListItem","position":1,"name":"Strona g\u0142\u00f3wna","item":"https:\/\/icrturkey.com\/"},{"@type":"ListItem","position":2,"name":"Badania wyrob\u00f3w","item":"https:\/\/icrturkey.com\/badania-wyrobow\/"},{"@type":"ListItem","position":3,"name":"Wyroby medyczne"}]},{"@type":"WebSite","@id":"https:\/\/icrturkey.com\/#website","url":"https:\/\/icrturkey.com\/","name":"ICR T\u00dcRK\u0130YE - testler ve belgelendirme","description":"CE sertifikas\u0131, CE sertifikas\u0131, ISO sertifikas\u0131, RED testi, \u00fcr\u00fcn testi ve sertifikasyonu, elektrikli \u00fcr\u00fcn testi, t\u0131bbi cihaz testi, ATEX, IECEx, FCC, \u00fcr\u00fcn sertifikasyonu, EMC testi, makine sertifikasyonu, CE makineleri, e\u011fitim, elektronik \u00fcr\u00fcn testi, 2014\/53\/EU testi, drone sertifikasyonu, ISO 13485 sertifikas\u0131, ISO 9001 sertifikas\u0131, NC RfG","publisher":{"@id":"https:\/\/icrturkey.com\/#\/schema\/person\/43aa01c7e4d61d03230a6e3e9d4e7ef2"},"potentialAction":[{"@type":"SearchAction","target":{"@type":"EntryPoint","urlTemplate":"https:\/\/icrturkey.com\/?s={search_term_string}"},"query-input":{"@type":"PropertyValueSpecification","valueRequired":true,"valueName":"search_term_string"}}],"inLanguage":"tr"},{"@type":["Person","Organization"],"@id":"https:\/\/icrturkey.com\/#\/schema\/person\/43aa01c7e4d61d03230a6e3e9d4e7ef2","name":"Y\u00f6netici","image":{"@type":"ImageObject","inLanguage":"tr","@id":"https:\/\/icrturkey.com\/wp-content\/uploads\/2019\/05\/cropped-logo-icr.32f04ad5-1-1.png","url":"https:\/\/icrturkey.com\/wp-content\/uploads\/2019\/05\/cropped-logo-icr.32f04ad5-1-1.png","contentUrl":"https:\/\/icrturkey.com\/wp-content\/uploads\/2019\/05\/cropped-logo-icr.32f04ad5-1-1.png","width":400,"height":148,"caption":"admin"},"logo":{"@id":"https:\/\/icrturkey.com\/wp-content\/uploads\/2019\/05\/cropped-logo-icr.32f04ad5-1-1.png"}}]}},"_links":{"self":[{"href":"https:\/\/icrturkey.com\/tr\/wp-json\/wp\/v2\/pages\/2045","targetHints":{"allow":["GET"]}}],"collection":[{"href":"https:\/\/icrturkey.com\/tr\/wp-json\/wp\/v2\/pages"}],"about":[{"href":"https:\/\/icrturkey.com\/tr\/wp-json\/wp\/v2\/types\/page"}],"author":[{"embeddable":true,"href":"https:\/\/icrturkey.com\/tr\/wp-json\/wp\/v2\/users\/1"}],"replies":[{"embeddable":true,"href":"https:\/\/icrturkey.com\/tr\/wp-json\/wp\/v2\/comments?post=2045"}],"version-history":[{"count":26,"href":"https:\/\/icrturkey.com\/tr\/wp-json\/wp\/v2\/pages\/2045\/revisions"}],"predecessor-version":[{"id":4760,"href":"https:\/\/icrturkey.com\/tr\/wp-json\/wp\/v2\/pages\/2045\/revisions\/4760"}],"up":[{"embeddable":true,"href":"https:\/\/icrturkey.com\/tr\/wp-json\/wp\/v2\/pages\/979"}],"wp:featuredmedia":[{"embeddable":true,"href":"https:\/\/icrturkey.com\/tr\/wp-json\/"}],"wp:attachment":[{"href":"https:\/\/icrturkey.com\/tr\/wp-json\/wp\/v2\/media?parent=2045"}],"curies":[{"name":"wp","href":"https:\/\/api.w.org\/{rel}","templated":true}]}}