{"id":2039,"date":"2019-05-28T11:08:53","date_gmt":"2019-05-28T11:08:53","guid":{"rendered":"http:\/\/icrpolska.e-ksperci.pl\/?page_id=2039"},"modified":"2024-06-11T07:57:52","modified_gmt":"2024-06-11T05:57:52","slug":"certyfikacja-dobrowolna","status":"publish","type":"page","link":"https:\/\/icrturkey.com\/tr\/certyfikacja-wyrobow\/certyfikacja-dobrowolna\/","title":{"rendered":"G\u00f6n\u00fcll\u00fc sertifikasyon"},"content":{"rendered":"<p><span style=\"font-weight: 400;\">S\u00f6z konusu b\u00f6lgede <\/span><b>g\u00f6n\u00fcll\u00fc belgelendi\u0307rme<\/b><span style=\"font-weight: 400;\"> - \u00fcretici\/ithalat\u00e7\u0131n\u0131n, \u00fcr\u00fcn\u00fc belgelendirerek, ek sertifikalar elde etti\u011fi <\/span><b>uygunluk onayi<\/b><span style=\"font-weight: 400;\"> uygunluk beyan\u0131nda yer alan - \u00fcr\u00fcn\u00fcn ilgili standartlar\u0131n gerekliliklerine uygunlu\u011funu de\u011ferlendiriyoruz. Akreditasyon kapsam\u0131m\u0131zdaki \u00fcr\u00fcnler aras\u0131nda \u015funlar yer almaktad\u0131r:<\/span><\/p>\n<ul>\n<li style=\"font-weight: 400;\"><span style=\"font-weight: 400;\">elektrik <\/span><b>t\u0131bbi\u0307 ci\u0307hazlar<\/b><span style=\"font-weight: 400;\"> S\u0131n\u0131flar 1,<\/span><\/li>\n<li style=\"font-weight: 400;\"><b>galvanik h\u00fccreler ve bataryalar<\/b><span style=\"font-weight: 400;\">;<\/span><\/li>\n<li style=\"font-weight: 400;\"><b>elektrikli ev aletleri<\/b><span style=\"font-weight: 400;\">( Ocaklar ve ocaklar, f\u0131r\u0131nlar, so\u011futma cihazlar\u0131, bula\u015f\u0131k makineleri, \u00e7ama\u015f\u0131r makineleri ve kurutucular, elektrikli s\u00fcp\u00fcrgeler ve di\u011fer kuru ve \u0131slak temizlik ekipmanlar\u0131 dahil ) ;<\/span><\/li>\n<li style=\"font-weight: 400;\"><span style=\"font-weight: 400;\">hijyen ve ki\u015fisel bak\u0131m cihazlar\u0131;<\/span><\/li>\n<li style=\"font-weight: 400;\"><b>\u0131s\u0131t\u0131c\u0131lar<\/b><span style=\"font-weight: 400;\"> elektrik ve gaz;<\/span><\/li>\n<li style=\"font-weight: 400;\"><span style=\"font-weight: 400;\">fanlar, \u00fcfleyiciler ve klima \u00fcniteleri; <\/span><\/li>\n<li style=\"font-weight: 400;\"><span style=\"font-weight: 400;\">ocaklar ve <\/span><b>so\u011futma eki\u0307pmanlar\u0131<\/b><span style=\"font-weight: 400;\"> perakende ve catering i\u00e7in tasarlanm\u0131\u015ft\u0131r<\/span><\/li>\n<li style=\"font-weight: 400;\"><span style=\"font-weight: 400;\">elektrikli ve elektronik \u00f6l\u00e7\u00fcm aletleri;<\/span><\/li>\n<li style=\"font-weight: 400;\"><span style=\"font-weight: 400;\">el tipi ve ta\u015f\u0131nabilir elektrikli el aletleri;<\/span><\/li>\n<li style=\"font-weight: 400;\"><span style=\"font-weight: 400;\">ses, video ve g\u00f6rsel-i\u015fitsel ekipmanlar, cihazlar, <\/span><b>bi\u0307lgi\u0307 teknoloji\u0307si\u0307<\/b><span style=\"font-weight: 400;\">( evsel kullan\u0131m i\u00e7in ofis ekipmanlar\u0131 ve kontrol aparatlar\u0131 );<\/span><\/li>\n<li style=\"font-weight: 400;\"><span style=\"font-weight: 400;\">da\u011f\u0131t\u0131m makineleri ve otomatlar;<\/span><\/li>\n<li style=\"font-weight: 400;\"><span style=\"font-weight: 400;\">elektrikli s\u00fcr\u00fcc\u00fcler ve d\u00f6nen makineler: end\u00fcksiyon, senkron ve kom\u00fctat\u00f6r motorlar; <\/span><b>do\u011frultucular, d\u00f6n\u00fc\u015ft\u00fcr\u00fcc\u00fcler<\/b><span style=\"font-weight: 400;\"> ve stabilize g\u00fc\u00e7 kaynaklar\u0131, transformat\u00f6rler ve bobinler<\/span><\/li>\n<li style=\"font-weight: 400;\"><span style=\"font-weight: 400;\">hidrolik ve pn\u00f6matik tahrikler ve kontroller; presler, enjeksiyon kal\u0131plama makineleri gibi tala\u015fs\u0131z i\u015fleme ekipmanlar\u0131; kau\u00e7uk ve plastik end\u00fcstrisi i\u00e7in makineler ve t\u00fcm koruyucu ekipmanlar <\/span><b>makine g\u00fcvenli\u011fi<\/b>;<\/li>\n<li>ve daha fazlas\u0131 ...<\/li>\n<\/ul>\n<p><b>Daha fazlas\u0131n\u0131 okuyun:<\/b><\/p>\n<p><img decoding=\"async\" class=\"wp-image-2679 alignnone\" src=\"https:\/\/icrturkey.com\/wp-content\/uploads\/2019\/06\/adobe.jpg\" alt=\"\" width=\"20\" height=\"21\" srcset=\"https:\/\/icrturkey.com\/wp-content\/uploads\/2019\/06\/adobe.jpg 218w, https:\/\/icrturkey.com\/wp-content\/uploads\/2019\/06\/adobe-150x150.jpg 150w\" sizes=\"(max-width: 20px) 100vw, 20px\" \/><a href=\"https:\/\/icrturkey.com\/wp-content\/uploads\/2024\/06\/PC-P-07-07_22.pdf\" target=\"_blank\" rel=\"noopener noreferrer\">\u00a0G\u00f6n\u00fcll\u00fc \u00fcr\u00fcn sertifikasyon program\u0131<\/a><\/p>\n<p><a href=\"https:\/\/icrturkey.com\/wp-content\/uploads\/2019\/06\/Wniosek-o-certyfikacj\u0119-systemu.docx\"><img decoding=\"async\" class=\"alignnone wp-image-2678\" src=\"https:\/\/icrturkey.com\/wp-content\/uploads\/2019\/06\/word.jpg\" alt=\"\" width=\"20\" height=\"20\" srcset=\"https:\/\/icrturkey.com\/wp-content\/uploads\/2019\/06\/word.jpg 208w, https:\/\/icrturkey.com\/wp-content\/uploads\/2019\/06\/word-150x150.jpg 150w\" sizes=\"(max-width: 20px) 100vw, 20px\" \/><\/a><a href=\"https:\/\/icrturkey.com\/wp-content\/uploads\/2022\/10\/F-P-07-01_3.docx\" target=\"_blank\" rel=\"noopener noreferrer\"> Ba\u015fvuru_Ba\u015fvuru_G\u00f6n\u00fcll\u00fc Sertifikasyon<\/a><\/p>","protected":false},"excerpt":{"rendered":"<p>G\u00f6n\u00fcll\u00fc belgelendirme olarak adland\u0131r\u0131lan alanda - bir \u00fcr\u00fcn\u00fc belgelendiren \u00fcreticinin\/ithalat\u00e7\u0131n\u0131n uygunluk beyan\u0131nda yer alan gereklilikleri kar\u015f\u0131lad\u0131\u011f\u0131na dair ek onay ald\u0131\u011f\u0131 - \u00fcr\u00fcn\u00fcn ilgili standartlar\u0131n gerekliliklerine uygunlu\u011funu de\u011ferlendiriyoruz. Akreditasyon kapsam\u0131m\u0131zdaki \u00fcr\u00fcnler aras\u0131nda \u015funlar yer almaktad\u0131r: elektrikli t\u0131bbi cihazlar s\u0131n\u0131f 1; galvanik h\u00fccreler ve piller; elektrikli ev aletleri: m.in....&nbsp;<a href=\"https:\/\/icrturkey.com\/tr\/certyfikacja-wyrobow\/certyfikacja-dobrowolna\/\" rel=\"bookmark\">Daha fazlas\u0131n\u0131 oku \"<span class=\"screen-reader-text\">G\u00f6n\u00fcll\u00fc sertifikasyon<\/span><\/a><\/p>","protected":false},"author":1,"featured_media":1040,"parent":211,"menu_order":0,"comment_status":"closed","ping_status":"closed","template":"","meta":{"neve_meta_sidebar":"","neve_meta_container":"","neve_meta_enable_content_width":"off","neve_meta_content_width":70,"neve_meta_title_alignment":"","neve_meta_author_avatar":"","neve_post_elements_order":"","neve_meta_disable_header":"","neve_meta_disable_footer":"","neve_meta_disable_title":"","footnotes":""},"class_list":["post-2039","page","type-page","status-publish","has-post-thumbnail","hentry"],"yoast_head":"<!-- This site is optimized with the Yoast SEO plugin v27.3 - https:\/\/yoast.com\/product\/yoast-seo-wordpress\/ -->\n<title>Certyfikacja dobrowolna - ICR TURKEY - tests and certification<\/title>\n<meta name=\"robots\" content=\"index, follow, max-snippet:-1, max-image-preview:large, max-video-preview:-1\" \/>\n<link rel=\"canonical\" href=\"https:\/\/icrturkey.com\/tr\/certyfikacja-wyrobow\/certyfikacja-dobrowolna\/\" \/>\n<meta property=\"og:locale\" content=\"tr_TR\" \/>\n<meta property=\"og:type\" content=\"article\" \/>\n<meta property=\"og:title\" content=\"Certyfikacja dobrowolna - ICR TURKEY - tests and certification\" \/>\n<meta property=\"og:description\" content=\"W obszarze tak zwanej certyfikacji dobrowolnej \u2013 w kt\u00f3rej producent\/importer certyfikuj\u0105c wyr\u00f3b uzyskuje dodatkowe potwierdzenie spe\u0142nienia wymaga\u0144 zawartych przez niego w deklaracji zgodno\u015bci \u2013 oceniamy zgodno\u015b\u0107 wyrobu z wymaganiami odnosz\u0105cych si\u0119 do niego norm. W\u015br\u00f3d wyrob\u00f3w obj\u0119tych naszym zakresem akredytacji s\u0105 m.in.: elektryczne wyroby medyczne klasy 1; ogniwa galwaniczne i baterie; domowe urz\u0105dzenia elektryczne: m.in.&hellip;&nbsp;Daha fazlas\u0131n\u0131 oku &raquo;Certyfikacja dobrowolna\" \/>\n<meta property=\"og:url\" content=\"https:\/\/icrturkey.com\/tr\/certyfikacja-wyrobow\/certyfikacja-dobrowolna\/\" \/>\n<meta property=\"og:site_name\" content=\"ICR TURKEY - tests and certification\" \/>\n<meta property=\"article:modified_time\" content=\"2024-06-11T05:57:52+00:00\" \/>\n<meta name=\"twitter:card\" content=\"summary_large_image\" \/>\n<meta name=\"twitter:label1\" content=\"Tahmini okuma s\u00fcresi\" \/>\n\t<meta name=\"twitter:data1\" content=\"2 dakika\" \/>\n<script type=\"application\/ld+json\" class=\"yoast-schema-graph\">{\"@context\":\"https:\\\/\\\/schema.org\",\"@graph\":[{\"@type\":\"WebPage\",\"@id\":\"https:\\\/\\\/icrturkey.com\\\/certyfikacja-wyrobow\\\/certyfikacja-dobrowolna\\\/\",\"url\":\"https:\\\/\\\/icrturkey.com\\\/certyfikacja-wyrobow\\\/certyfikacja-dobrowolna\\\/\",\"name\":\"Certyfikacja dobrowolna - ICR TURKEY - tests and certification\",\"isPartOf\":{\"@id\":\"https:\\\/\\\/icrturkey.com\\\/#website\"},\"primaryImageOfPage\":{\"@id\":\"https:\\\/\\\/icrturkey.com\\\/certyfikacja-wyrobow\\\/certyfikacja-dobrowolna\\\/#primaryimage\"},\"image\":{\"@id\":\"https:\\\/\\\/icrturkey.com\\\/certyfikacja-wyrobow\\\/certyfikacja-dobrowolna\\\/#primaryimage\"},\"thumbnailUrl\":\"\",\"datePublished\":\"2019-05-28T11:08:53+00:00\",\"dateModified\":\"2024-06-11T05:57:52+00:00\",\"breadcrumb\":{\"@id\":\"https:\\\/\\\/icrturkey.com\\\/certyfikacja-wyrobow\\\/certyfikacja-dobrowolna\\\/#breadcrumb\"},\"inLanguage\":\"tr\",\"potentialAction\":[{\"@type\":\"ReadAction\",\"target\":[\"https:\\\/\\\/icrturkey.com\\\/certyfikacja-wyrobow\\\/certyfikacja-dobrowolna\\\/\"]}]},{\"@type\":\"ImageObject\",\"inLanguage\":\"tr\",\"@id\":\"https:\\\/\\\/icrturkey.com\\\/certyfikacja-wyrobow\\\/certyfikacja-dobrowolna\\\/#primaryimage\",\"url\":\"\",\"contentUrl\":\"\"},{\"@type\":\"BreadcrumbList\",\"@id\":\"https:\\\/\\\/icrturkey.com\\\/certyfikacja-wyrobow\\\/certyfikacja-dobrowolna\\\/#breadcrumb\",\"itemListElement\":[{\"@type\":\"ListItem\",\"position\":1,\"name\":\"Strona g\u0142\u00f3wna\",\"item\":\"https:\\\/\\\/icrturkey.com\\\/\"},{\"@type\":\"ListItem\",\"position\":2,\"name\":\"Certyfikacja wyrob\u00f3w\",\"item\":\"https:\\\/\\\/icrturkey.com\\\/certyfikacja-wyrobow\\\/\"},{\"@type\":\"ListItem\",\"position\":3,\"name\":\"Certyfikacja dobrowolna\"}]},{\"@type\":\"WebSite\",\"@id\":\"https:\\\/\\\/icrturkey.com\\\/#website\",\"url\":\"https:\\\/\\\/icrturkey.com\\\/\",\"name\":\"ICR TURKEY - tests and certification\",\"description\":\"CE certification, CE certificate, ISO certificate, RED testing, product testing and certification, electrical product testing, medical device testing, ATEX, IECEx, FCC, product certification, EMC testing, machinery certification, CE machines, training, electronic product testing, testing 2014\\\/53\\\/EU, drone certification, ISO 13485 certificate, ISO 9001 certificate, NC RfG\",\"publisher\":{\"@id\":\"https:\\\/\\\/icrturkey.com\\\/#\\\/schema\\\/person\\\/43aa01c7e4d61d03230a6e3e9d4e7ef2\"},\"potentialAction\":[{\"@type\":\"SearchAction\",\"target\":{\"@type\":\"EntryPoint\",\"urlTemplate\":\"https:\\\/\\\/icrturkey.com\\\/?s={search_term_string}\"},\"query-input\":{\"@type\":\"PropertyValueSpecification\",\"valueRequired\":true,\"valueName\":\"search_term_string\"}}],\"inLanguage\":\"tr\"},{\"@type\":[\"Person\",\"Organization\"],\"@id\":\"https:\\\/\\\/icrturkey.com\\\/#\\\/schema\\\/person\\\/43aa01c7e4d61d03230a6e3e9d4e7ef2\",\"name\":\"admin\",\"image\":{\"@type\":\"ImageObject\",\"inLanguage\":\"tr\",\"@id\":\"https:\\\/\\\/icrturkey.com\\\/wp-content\\\/uploads\\\/2019\\\/05\\\/cropped-logo-icr.32f04ad5-1-1.png\",\"url\":\"https:\\\/\\\/icrturkey.com\\\/wp-content\\\/uploads\\\/2019\\\/05\\\/cropped-logo-icr.32f04ad5-1-1.png\",\"contentUrl\":\"https:\\\/\\\/icrturkey.com\\\/wp-content\\\/uploads\\\/2019\\\/05\\\/cropped-logo-icr.32f04ad5-1-1.png\",\"width\":400,\"height\":148,\"caption\":\"admin\"},\"logo\":{\"@id\":\"https:\\\/\\\/icrturkey.com\\\/wp-content\\\/uploads\\\/2019\\\/05\\\/cropped-logo-icr.32f04ad5-1-1.png\"}}]}<\/script>\n<!-- \/ Yoast SEO plugin. -->","yoast_head_json":{"title":"G\u00f6n\u00fcll\u00fc belgelendirme - ICR T\u00dcRK\u0130YE - testler ve belgelendirme","robots":{"index":"index","follow":"follow","max-snippet":"max-snippet:-1","max-image-preview":"max-image-preview:large","max-video-preview":"max-video-preview:-1"},"canonical":"https:\/\/icrturkey.com\/tr\/certyfikacja-wyrobow\/certyfikacja-dobrowolna\/","og_locale":"tr_TR","og_type":"article","og_title":"Certyfikacja dobrowolna - ICR TURKEY - tests and certification","og_description":"W obszarze tak zwanej certyfikacji dobrowolnej \u2013 w kt\u00f3rej producent\/importer certyfikuj\u0105c wyr\u00f3b uzyskuje dodatkowe potwierdzenie spe\u0142nienia wymaga\u0144 zawartych przez niego w deklaracji zgodno\u015bci \u2013 oceniamy zgodno\u015b\u0107 wyrobu z wymaganiami odnosz\u0105cych si\u0119 do niego norm. W\u015br\u00f3d wyrob\u00f3w obj\u0119tych naszym zakresem akredytacji s\u0105 m.in.: elektryczne wyroby medyczne klasy 1; ogniwa galwaniczne i baterie; domowe urz\u0105dzenia elektryczne: m.in.&hellip;&nbsp;Daha fazlas\u0131n\u0131 oku &raquo;Certyfikacja dobrowolna","og_url":"https:\/\/icrturkey.com\/tr\/certyfikacja-wyrobow\/certyfikacja-dobrowolna\/","og_site_name":"ICR TURKEY - tests and certification","article_modified_time":"2024-06-11T05:57:52+00:00","twitter_card":"summary_large_image","twitter_misc":{"Tahmini okuma s\u00fcresi":"2 dakika"},"schema":{"@context":"https:\/\/schema.org","@graph":[{"@type":"WebPage","@id":"https:\/\/icrturkey.com\/certyfikacja-wyrobow\/certyfikacja-dobrowolna\/","url":"https:\/\/icrturkey.com\/certyfikacja-wyrobow\/certyfikacja-dobrowolna\/","name":"G\u00f6n\u00fcll\u00fc belgelendirme - ICR T\u00dcRK\u0130YE - testler ve belgelendirme","isPartOf":{"@id":"https:\/\/icrturkey.com\/#website"},"primaryImageOfPage":{"@id":"https:\/\/icrturkey.com\/certyfikacja-wyrobow\/certyfikacja-dobrowolna\/#primaryimage"},"image":{"@id":"https:\/\/icrturkey.com\/certyfikacja-wyrobow\/certyfikacja-dobrowolna\/#primaryimage"},"thumbnailUrl":"","datePublished":"2019-05-28T11:08:53+00:00","dateModified":"2024-06-11T05:57:52+00:00","breadcrumb":{"@id":"https:\/\/icrturkey.com\/certyfikacja-wyrobow\/certyfikacja-dobrowolna\/#breadcrumb"},"inLanguage":"tr","potentialAction":[{"@type":"ReadAction","target":["https:\/\/icrturkey.com\/certyfikacja-wyrobow\/certyfikacja-dobrowolna\/"]}]},{"@type":"ImageObject","inLanguage":"tr","@id":"https:\/\/icrturkey.com\/certyfikacja-wyrobow\/certyfikacja-dobrowolna\/#primaryimage","url":"","contentUrl":""},{"@type":"BreadcrumbList","@id":"https:\/\/icrturkey.com\/certyfikacja-wyrobow\/certyfikacja-dobrowolna\/#breadcrumb","itemListElement":[{"@type":"ListItem","position":1,"name":"Strona g\u0142\u00f3wna","item":"https:\/\/icrturkey.com\/"},{"@type":"ListItem","position":2,"name":"Certyfikacja wyrob\u00f3w","item":"https:\/\/icrturkey.com\/certyfikacja-wyrobow\/"},{"@type":"ListItem","position":3,"name":"Certyfikacja dobrowolna"}]},{"@type":"WebSite","@id":"https:\/\/icrturkey.com\/#website","url":"https:\/\/icrturkey.com\/","name":"ICR T\u00dcRK\u0130YE - testler ve belgelendirme","description":"CE sertifikas\u0131, CE sertifikas\u0131, ISO sertifikas\u0131, RED testi, \u00fcr\u00fcn testi ve sertifikasyonu, elektrikli \u00fcr\u00fcn testi, t\u0131bbi cihaz testi, ATEX, IECEx, FCC, \u00fcr\u00fcn sertifikasyonu, EMC testi, makine sertifikasyonu, CE makineleri, e\u011fitim, elektronik \u00fcr\u00fcn testi, 2014\/53\/EU testi, drone sertifikasyonu, ISO 13485 sertifikas\u0131, ISO 9001 sertifikas\u0131, NC RfG","publisher":{"@id":"https:\/\/icrturkey.com\/#\/schema\/person\/43aa01c7e4d61d03230a6e3e9d4e7ef2"},"potentialAction":[{"@type":"SearchAction","target":{"@type":"EntryPoint","urlTemplate":"https:\/\/icrturkey.com\/?s={search_term_string}"},"query-input":{"@type":"PropertyValueSpecification","valueRequired":true,"valueName":"search_term_string"}}],"inLanguage":"tr"},{"@type":["Person","Organization"],"@id":"https:\/\/icrturkey.com\/#\/schema\/person\/43aa01c7e4d61d03230a6e3e9d4e7ef2","name":"Y\u00f6netici","image":{"@type":"ImageObject","inLanguage":"tr","@id":"https:\/\/icrturkey.com\/wp-content\/uploads\/2019\/05\/cropped-logo-icr.32f04ad5-1-1.png","url":"https:\/\/icrturkey.com\/wp-content\/uploads\/2019\/05\/cropped-logo-icr.32f04ad5-1-1.png","contentUrl":"https:\/\/icrturkey.com\/wp-content\/uploads\/2019\/05\/cropped-logo-icr.32f04ad5-1-1.png","width":400,"height":148,"caption":"admin"},"logo":{"@id":"https:\/\/icrturkey.com\/wp-content\/uploads\/2019\/05\/cropped-logo-icr.32f04ad5-1-1.png"}}]}},"_links":{"self":[{"href":"https:\/\/icrturkey.com\/tr\/wp-json\/wp\/v2\/pages\/2039","targetHints":{"allow":["GET"]}}],"collection":[{"href":"https:\/\/icrturkey.com\/tr\/wp-json\/wp\/v2\/pages"}],"about":[{"href":"https:\/\/icrturkey.com\/tr\/wp-json\/wp\/v2\/types\/page"}],"author":[{"embeddable":true,"href":"https:\/\/icrturkey.com\/tr\/wp-json\/wp\/v2\/users\/1"}],"replies":[{"embeddable":true,"href":"https:\/\/icrturkey.com\/tr\/wp-json\/wp\/v2\/comments?post=2039"}],"version-history":[{"count":8,"href":"https:\/\/icrturkey.com\/tr\/wp-json\/wp\/v2\/pages\/2039\/revisions"}],"predecessor-version":[{"id":13287,"href":"https:\/\/icrturkey.com\/tr\/wp-json\/wp\/v2\/pages\/2039\/revisions\/13287"}],"up":[{"embeddable":true,"href":"https:\/\/icrturkey.com\/tr\/wp-json\/wp\/v2\/pages\/211"}],"wp:featuredmedia":[{"embeddable":true,"href":"https:\/\/icrturkey.com\/tr\/wp-json\/"}],"wp:attachment":[{"href":"https:\/\/icrturkey.com\/tr\/wp-json\/wp\/v2\/media?parent=2039"}],"curies":[{"name":"wp","href":"https:\/\/api.w.org\/{rel}","templated":true}]}}