{"id":2031,"date":"2019-05-28T11:04:53","date_gmt":"2019-05-28T11:04:53","guid":{"rendered":"http:\/\/icrpolska.e-ksperci.pl\/?page_id=2031"},"modified":"2025-06-11T09:31:36","modified_gmt":"2025-06-11T07:31:36","slug":"atex-2014-34-ue-urzadzenia-pracujace-w-atmosferze-potencjalnie-wybuchowej","status":"publish","type":"page","link":"https:\/\/icrturkey.com\/tr\/certyfikacja-wyrobow\/atex-2014-34-ue-urzadzenia-pracujace-w-atmosferze-potencjalnie-wybuchowej\/","title":{"rendered":"ATEX 2014\/34\/EU - Potansiyel olarak patlay\u0131c\u0131 ortamlarda \u00e7al\u0131\u015fan ekipman"},"content":{"rendered":"<p class=\"translation-block\"><a href=\"https:\/\/eur-lex.europa.eu\/legal-content\/PL\/TXT\/PDF\/?uri=CELEX:32014L0034&amp;from=PL\" target=\"_self\" rel=\"noopener noreferrer\">ATEX Direktifi<\/a> potansiyel olarak patlay\u0131c\u0131 ortamlarda kullan\u0131lmak \u00fczere tasarlanm\u0131\u015f <span style=\"font-weight: 400\">\u00fcr\u00fcnler i\u00e7in temel gereklilikleri i\u00e7erir. <\/span>\u00dcr\u00fcnler gruplara ayr\u0131lm\u0131\u015ft\u0131r:<\/p>\n<ul>\n<li style=\"font-weight: 400;\"><span style=\"font-weight: 400;\">Grup I - Yeralt\u0131 madenlerinde ve patlama riski olan madenlerin yer \u00fcst\u00fc k\u0131s\u0131mlar\u0131nda kullan\u0131lmas\u0131 ama\u00e7lanan ekipman. <\/span><\/li>\n<li style=\"font-weight: 400;\"><span style=\"font-weight: 400;\">Grup II - Genel ama\u00e7l\u0131 ekipman.<\/span><\/li>\n<\/ul>\n<p><span style=\"font-weight: 400;\">Grup II' de 3 ekipman kategorisi olabilir:<\/span><\/p>\n<ol>\n<li style=\"font-weight: 400;\"><span style=\"font-weight: 400;\">\u00a0\u00dcretici taraf\u0131ndan belirlenen \u00e7al\u0131\u015fma ko\u015fullar\u0131na uygun olarak \u00e7al\u0131\u015fabilecek ve \u00e7ok y\u00fcksek d\u00fczeyde koruma sa\u011flayacak \u015fekilde tasarlanm\u0131\u015f ekipman\u0131 kapsar; bu kategorideki ekipman, hava ve gaz kar\u0131\u015f\u0131mlar\u0131n\u0131n, buharlar\u0131n, sislerin veya hava\/toz kar\u0131\u015f\u0131mlar\u0131n\u0131n neden oldu\u011fu patlay\u0131c\u0131 ortamlar\u0131n <strong>s\u00fcrekli, s\u0131k veya uzun s\u00fcreler <\/strong>boyunca meydana geldi\u011fi alanlarda kullan\u0131lmak \u00fczere tasarlanm\u0131\u015ft\u0131r. Bu kategorideki ekipman, ekipmanla ilgili nadir olaylarda bile gerekli koruma d\u00fczeyini sa\u011flamal\u0131d\u0131r ve birbirinden ba\u011f\u0131ms\u0131z olarak meydana gelen iki ar\u0131za durumunda bile gerekli koruma d\u00fczeyinin sa\u011flanaca\u011f\u0131 \u015fekilde ba\u011f\u0131ms\u0131z koruma ara\u00e7lar\u0131yla karakterize edilir.<\/span><\/li>\n<li style=\"font-weight: 400;\"><span style=\"font-weight: 400;\">\u00dcretici taraf\u0131ndan belirlenen \u00e7al\u0131\u015fma parametrelerine uygun olarak \u00e7al\u0131\u015fabilecek ve y\u00fcksek d\u00fczeyde koruma sa\u011flayacak \u015fekilde tasarlanm\u0131\u015f ekipman; bu kategorideki ekipman, gazlar, buharlar, sisler veya hava\/toz kar\u0131\u015f\u0131mlar\u0131n\u0131n neden oldu\u011fu patlay\u0131c\u0131 ortamlar\u0131n <strong>ara s\u0131ra<\/strong> meydana gelmesinin muhtemel oldu\u011fu alanlarda kullan\u0131lmak \u00fczere tasarlanm\u0131\u015ft\u0131r. Bu kategorideki ekipmanla ilgili koruma ara\u00e7lar\u0131, ekipman\u0131n kuruldu\u011fu yere \u00f6zg\u00fc s\u0131k bozulmalar ve ekipman ar\u0131zalar\u0131 durumunda bile gerekli koruma d\u00fczeyini sa\u011flar.<\/span><\/li>\n<li style=\"font-weight: 400;\"><span style=\"font-weight: 400;\">\u00dcretici taraf\u0131ndan belirlenen \u00e7al\u0131\u015fma parametrelerine uygun olarak \u00e7al\u0131\u015fabilecek ve normal bir koruma seviyesi sa\u011flayacak \u015fekilde tasarlanm\u0131\u015f ekipman; bu kategorideki ekipman, gazlar, buharlar, sisler veya hava\/toz kar\u0131\u015f\u0131mlar\u0131n\u0131n neden oldu\u011fu patlay\u0131c\u0131 ortamlar\u0131n meydana gelme olas\u0131l\u0131\u011f\u0131n\u0131n <strong>d\u00fc\u015f\u00fck <\/strong>oldu\u011fu veya <strong>meydana gelse bile \u00e7ok ender ve k\u0131sa bir s\u00fcre<\/strong> i\u00e7in olabilece\u011fi alanlarda kullan\u0131lmak \u00fczere tasarlanm\u0131\u015ft\u0131r; bu kategorideki ekipman normal \u00e7al\u0131\u015fma s\u0131ras\u0131nda gerekli koruma seviyesini sa\u011flar.<\/span><\/li>\n<\/ol>\n<p><span style=\"font-weight: 400;\">Sadece Grup II kategori 3 ekipman ve elektrikli olmayan kategori 2 veya M2 ekipman i\u00e7in \u00fcretici dahili \u00fcretim kontrol\u00fc (mod\u00fcl A) kullanabilir.<\/span><\/p>\n<p><span style=\"font-weight: 400;\">Di\u011fer durumlarda, uygunluk teyidi, bir onaylanm\u0131\u015f kurulu\u015f ile ger\u00e7ekle\u015ftirilmelidir. Bunun i\u00e7in a\u015fa\u011f\u0131daki \u00e7\u00f6z\u00fcmler m\u00fcmk\u00fcnd\u00fcr:<\/span><\/p>\n<ul>\n<li style=\"font-weight: 400;\"><span style=\"font-weight: 400;\">Kategori 1 veya M1 cihazlar\u0131 i\u00e7in:\u00a0<\/span><span style=\"font-weight: 400;\"><br \/>\n<\/span><span style=\"font-weight: 400;\">AB tip incelemesi (mod\u00fcl B) ile birlikte \u00fcr\u00fcn do\u011frulamas\u0131na dayal\u0131 tipe uygunluk (mod\u00fcl F) veya \u00fcretim s\u00fcrecinin kalite g\u00fcvencesine dayal\u0131 tipe uygunluk (mod\u00fcl D);<\/span><\/li>\n<li style=\"font-weight: 400;\"><span style=\"font-weight: 400;\">Kategori 2 veya M2 elektrikli ekipman ve i\u00e7ten yanmal\u0131 motorlar i\u00e7in:\u00a0<\/span><span style=\"font-weight: 400;\"><br \/>\n<\/span><span style=\"font-weight: 400;\">AB tip incelemesi (mod\u00fcl B) ile birlikte \u00fcr\u00fcn kalite g\u00fcvencesine dayal\u0131 tipe uygunluk onay\u0131 (mod\u00fcl E) veya i\u00e7 \u00fcretim kontrol\u00fcne ve g\u00f6zetim alt\u0131nda \u00fcr\u00fcn testine dayal\u0131 tipe uygunluk onay\u0131 (mod\u00fcl C1);<\/span><\/li>\n<li style=\"font-weight: 400;\"><span style=\"font-weight: 400;\">T\u00fcm ekipman kategorileri i\u00e7in:<\/span><span style=\"font-weight: 400;\"><br \/>\n<\/span><span style=\"font-weight: 400;\">Birim do\u011frulamas\u0131na dayal\u0131 uygunluk teyidi (mod\u00fcl G).<\/span><\/li>\n<\/ul>\n<p><span style=\"font-weight: 400;\">Ekipman\u0131n etiketlenmesi, hem ekipman\u0131n kendi \u00f6zellikleri, kullan\u0131lan g\u00fcvenlik \u00f6nlemleri ve sistemleri hem de \u00e7al\u0131\u015fma ko\u015fullar\u0131, yani patlama tehlikesi b\u00f6lgesi, ortam s\u0131cakl\u0131\u011f\u0131 aral\u0131\u011f\u0131 veya e\u015fle\u015fen ekipman hakk\u0131nda bilgi i\u00e7erir.<\/span><\/p>\n<p>\u00dcr\u00fcn\u00fcn potansiyel olarak patlay\u0131c\u0131 ortamlarda \u00e7al\u0131\u015fmas\u0131 a\u00e7\u0131s\u0131ndan zorunlu de\u011ferlendirmesi, \u00fcr\u00fcn i\u015faretinin do\u011frulanmas\u0131 ve EN ISO\/IEC 80079-34 uyar\u0131nca bir AB-Tipi Muayene Sertifikas\u0131 (AB-Tipi Sertifika) ve\/veya bir Kalite G\u00fcvence Bildirimi (QAN) d\u00fczenlenmesi ile \u00f6zetlenir.<b><\/b><\/p>\n<p><strong>Daha fazlas\u0131n\u0131 okuyun:<\/strong><\/p>\n<p><a href=\"https:\/\/icrturkey.com\/wp-content\/uploads\/2019\/06\/Program-oceny-zgodno\u015bci-w-zakresie-ATEX.pdf\" target=\"_blank\" rel=\"noopener noreferrer\"><img decoding=\"async\" class=\"alignnone wp-image-2679\" src=\"https:\/\/icrturkey.com\/wp-content\/uploads\/2019\/06\/adobe.jpg\" alt=\"\" width=\"20\" height=\"21\" srcset=\"https:\/\/icrturkey.com\/wp-content\/uploads\/2019\/06\/adobe.jpg 218w, https:\/\/icrturkey.com\/wp-content\/uploads\/2019\/06\/adobe-150x150.jpg 150w\" sizes=\"(max-width: 20px) 100vw, 20px\" \/><\/a><a href=\"https:\/\/icrturkey.com\/wp-content\/uploads\/2025\/06\/PC-P-07-06-Program-oceny-zgodnosci-2-kol-8.pdf\" target=\"_blank\" rel=\"noopener noreferrer\" data-wp-editing=\"1\">\u00a0ATEX uygunluk de\u011ferlendirme program\u0131 (2014\/34\/EU)<\/a> + <a href=\"https:\/\/icrturkey.com\/wp-content\/uploads\/2022\/06\/F-P-07-35_03_ATEX.pdf\" target=\"_blank\" rel=\"noopener noreferrer\">tekni\u0307k \u00f6zelli\u0307kler li\u0307stesi\u0307<\/a><\/p>\n<p><img decoding=\"async\" class=\"alignnone wp-image-2678\" src=\"https:\/\/icrturkey.com\/wp-content\/uploads\/2019\/06\/word.jpg\" alt=\"\" width=\"20\" height=\"20\" srcset=\"https:\/\/icrturkey.com\/wp-content\/uploads\/2019\/06\/word.jpg 208w, https:\/\/icrturkey.com\/wp-content\/uploads\/2019\/06\/word-150x150.jpg 150w\" sizes=\"(max-width: 20px) 100vw, 20px\" \/><a href=\"https:\/\/icrturkey.com\/wp-content\/uploads\/2024\/03\/F-P-07-02_9.docx\" target=\"_blank\" rel=\"noopener noreferrer\">\u00a0Ba\u015fvuru_Ba\u015fvuru_Zorunlu De\u011ferlendirme<\/a><\/p>\n<p><img decoding=\"async\" class=\"alignnone wp-image-2678\" src=\"https:\/\/icrturkey.com\/wp-content\/uploads\/2019\/06\/word.jpg\" alt=\"\" width=\"20\" height=\"20\" srcset=\"https:\/\/icrturkey.com\/wp-content\/uploads\/2019\/06\/word.jpg 208w, https:\/\/icrturkey.com\/wp-content\/uploads\/2019\/06\/word-150x150.jpg 150w\" sizes=\"(max-width: 20px) 100vw, 20px\" \/> <a href=\"https:\/\/icrturkey.com\/wp-content\/uploads\/2020\/12\/F-P-07-28.docx\" target=\"_blank\" rel=\"noopener noreferrer\">\u00dcretim s\u00fcreci\/\u00fcr\u00fcn kalitesinin teyidi i\u00e7in ba\u015fvuru<\/a><\/p>\n<p><a href=\"https:\/\/icrturkey.com\/wp-content\/uploads\/2019\/06\/Wniosek-o-certyfikacj%C4%99-systemu.docx\"><img decoding=\"async\" class=\"alignnone wp-image-2678\" src=\"https:\/\/icrturkey.com\/wp-content\/uploads\/2019\/06\/word.jpg\" sizes=\"(max-width: 20px) 100vw, 20px\" srcset=\"https:\/\/icrturkey.com\/wp-content\/uploads\/2019\/06\/word.jpg 208w, https:\/\/icrturkey.com\/wp-content\/uploads\/2019\/06\/word-150x150.jpg 150w\" alt=\"\" width=\"20\" height=\"20\" \/><\/a> <a href=\"https:\/\/icrturkey.com\/wp-content\/uploads\/2020\/10\/F-P-07-03-2E-Wniosek-Application-on-TCF-storage.docx\">Kay\u0131t tutma talebi (2014\/34\/EU - Mod\u00fcl A1)<\/a><\/p>","protected":false},"excerpt":{"rendered":"<p>ATEX Direktifi, potansiyel olarak patlay\u0131c\u0131 ortamlarda kullan\u0131lmas\u0131 ama\u00e7lanan \u00fcr\u00fcnler i\u00e7in temel gereklilikleri i\u00e7erir. Bu \u00fcr\u00fcnler gruplara ayr\u0131lm\u0131\u015ft\u0131r: Grup I - yeralt\u0131 madenlerinde ve patlama riski olan madenlerin yer \u00fcst\u00fc k\u0131s\u0131mlar\u0131nda kullan\u0131lmas\u0131 ama\u00e7lanan ekipmanlar. Grup II - genel kullan\u0131m i\u00e7in ekipman. Bu grupta 3 ekipman kategorisi olabilir: bu \u015fekilde tasarlanm\u0131\u015f ekipman\u0131 i\u00e7erir ...&nbsp;<a href=\"https:\/\/icrturkey.com\/tr\/certyfikacja-wyrobow\/atex-2014-34-ue-urzadzenia-pracujace-w-atmosferze-potencjalnie-wybuchowej\/\" rel=\"bookmark\">Daha fazlas\u0131n\u0131 oku \"<span class=\"screen-reader-text\">ATEX 2014\/34\/EU - Potansiyel olarak patlay\u0131c\u0131 ortamlarda \u00e7al\u0131\u015fan ekipman<\/span><\/a><\/p>","protected":false},"author":1,"featured_media":1034,"parent":211,"menu_order":0,"comment_status":"closed","ping_status":"closed","template":"","meta":{"neve_meta_sidebar":"","neve_meta_container":"","neve_meta_enable_content_width":"off","neve_meta_content_width":70,"neve_meta_title_alignment":"","neve_meta_author_avatar":"","neve_post_elements_order":"","neve_meta_disable_header":"","neve_meta_disable_footer":"","neve_meta_disable_title":"","footnotes":""},"class_list":["post-2031","page","type-page","status-publish","has-post-thumbnail","hentry"],"yoast_head":"<!-- This site is optimized with the Yoast SEO plugin v27.3 - https:\/\/yoast.com\/product\/yoast-seo-wordpress\/ -->\n<title>ATEX 2014\/34\/UE \u2013 urz\u0105dzenia pracuj\u0105ce w atmosferze potencjalnie wybuchowej - ICR TURKEY - tests and certification<\/title>\n<meta name=\"robots\" content=\"index, follow, max-snippet:-1, max-image-preview:large, max-video-preview:-1\" \/>\n<link rel=\"canonical\" href=\"https:\/\/icrturkey.com\/tr\/certyfikacja-wyrobow\/atex-2014-34-ue-urzadzenia-pracujace-w-atmosferze-potencjalnie-wybuchowej\/\" \/>\n<meta property=\"og:locale\" content=\"tr_TR\" \/>\n<meta property=\"og:type\" content=\"article\" \/>\n<meta property=\"og:title\" content=\"ATEX 2014\/34\/UE \u2013 urz\u0105dzenia pracuj\u0105ce w atmosferze potencjalnie wybuchowej - ICR TURKEY - tests and certification\" \/>\n<meta property=\"og:description\" content=\"Dyrektywa ATEX zawiera wymagania zasadnicze odno\u015bnie do wyrob\u00f3w przeznaczonych do pracy w atmosferze potencjalnie wybuchowej. Wyroby te s\u0105 podzielone na grupy: Grupa I &#8211; urz\u0105dzenia przeznaczone do pracy w podziemiach kopalnianych, oraz naziemnych cz\u0119\u015bciach kopal\u0144 zagro\u017conych wybuchem. Grupa II \u2013 urz\u0105dzenia og\u00f3lnego zastosowania. W grupie tej mog\u0105 wyst\u0119powa\u0107 3 kategorie urz\u0105dze\u0144: \u00a0obejmuje urz\u0105dzenia zaprojektowane tak,&hellip;&nbsp;Daha fazlas\u0131n\u0131 oku &raquo;ATEX 2014\/34\/UE \u2013 urz\u0105dzenia pracuj\u0105ce w atmosferze potencjalnie wybuchowej\" \/>\n<meta property=\"og:url\" content=\"https:\/\/icrturkey.com\/tr\/certyfikacja-wyrobow\/atex-2014-34-ue-urzadzenia-pracujace-w-atmosferze-potencjalnie-wybuchowej\/\" \/>\n<meta property=\"og:site_name\" content=\"ICR TURKEY - tests and certification\" \/>\n<meta property=\"article:modified_time\" content=\"2025-06-11T07:31:36+00:00\" \/>\n<meta name=\"twitter:card\" content=\"summary_large_image\" \/>\n<meta name=\"twitter:label1\" content=\"Tahmini okuma s\u00fcresi\" \/>\n\t<meta name=\"twitter:data1\" content=\"4 dakika\" \/>\n<script type=\"application\/ld+json\" class=\"yoast-schema-graph\">{\"@context\":\"https:\\\/\\\/schema.org\",\"@graph\":[{\"@type\":\"WebPage\",\"@id\":\"https:\\\/\\\/icrturkey.com\\\/certyfikacja-wyrobow\\\/atex-2014-34-ue-urzadzenia-pracujace-w-atmosferze-potencjalnie-wybuchowej\\\/\",\"url\":\"https:\\\/\\\/icrturkey.com\\\/certyfikacja-wyrobow\\\/atex-2014-34-ue-urzadzenia-pracujace-w-atmosferze-potencjalnie-wybuchowej\\\/\",\"name\":\"ATEX 2014\\\/34\\\/UE \u2013 urz\u0105dzenia pracuj\u0105ce w atmosferze potencjalnie wybuchowej - ICR TURKEY - tests and certification\",\"isPartOf\":{\"@id\":\"https:\\\/\\\/icrturkey.com\\\/#website\"},\"primaryImageOfPage\":{\"@id\":\"https:\\\/\\\/icrturkey.com\\\/certyfikacja-wyrobow\\\/atex-2014-34-ue-urzadzenia-pracujace-w-atmosferze-potencjalnie-wybuchowej\\\/#primaryimage\"},\"image\":{\"@id\":\"https:\\\/\\\/icrturkey.com\\\/certyfikacja-wyrobow\\\/atex-2014-34-ue-urzadzenia-pracujace-w-atmosferze-potencjalnie-wybuchowej\\\/#primaryimage\"},\"thumbnailUrl\":\"\",\"datePublished\":\"2019-05-28T11:04:53+00:00\",\"dateModified\":\"2025-06-11T07:31:36+00:00\",\"breadcrumb\":{\"@id\":\"https:\\\/\\\/icrturkey.com\\\/certyfikacja-wyrobow\\\/atex-2014-34-ue-urzadzenia-pracujace-w-atmosferze-potencjalnie-wybuchowej\\\/#breadcrumb\"},\"inLanguage\":\"tr\",\"potentialAction\":[{\"@type\":\"ReadAction\",\"target\":[\"https:\\\/\\\/icrturkey.com\\\/certyfikacja-wyrobow\\\/atex-2014-34-ue-urzadzenia-pracujace-w-atmosferze-potencjalnie-wybuchowej\\\/\"]}]},{\"@type\":\"ImageObject\",\"inLanguage\":\"tr\",\"@id\":\"https:\\\/\\\/icrturkey.com\\\/certyfikacja-wyrobow\\\/atex-2014-34-ue-urzadzenia-pracujace-w-atmosferze-potencjalnie-wybuchowej\\\/#primaryimage\",\"url\":\"\",\"contentUrl\":\"\"},{\"@type\":\"BreadcrumbList\",\"@id\":\"https:\\\/\\\/icrturkey.com\\\/certyfikacja-wyrobow\\\/atex-2014-34-ue-urzadzenia-pracujace-w-atmosferze-potencjalnie-wybuchowej\\\/#breadcrumb\",\"itemListElement\":[{\"@type\":\"ListItem\",\"position\":1,\"name\":\"Strona g\u0142\u00f3wna\",\"item\":\"https:\\\/\\\/icrturkey.com\\\/\"},{\"@type\":\"ListItem\",\"position\":2,\"name\":\"Certyfikacja wyrob\u00f3w\",\"item\":\"https:\\\/\\\/icrturkey.com\\\/certyfikacja-wyrobow\\\/\"},{\"@type\":\"ListItem\",\"position\":3,\"name\":\"ATEX 2014\\\/34\\\/UE \u2013 urz\u0105dzenia pracuj\u0105ce w atmosferze potencjalnie wybuchowej\"}]},{\"@type\":\"WebSite\",\"@id\":\"https:\\\/\\\/icrturkey.com\\\/#website\",\"url\":\"https:\\\/\\\/icrturkey.com\\\/\",\"name\":\"ICR TURKEY - tests and certification\",\"description\":\"CE certification, CE certificate, ISO certificate, RED testing, product testing and certification, electrical product testing, medical device testing, ATEX, IECEx, FCC, product certification, EMC testing, machinery certification, CE machines, training, electronic product testing, testing 2014\\\/53\\\/EU, drone certification, ISO 13485 certificate, ISO 9001 certificate, NC RfG\",\"publisher\":{\"@id\":\"https:\\\/\\\/icrturkey.com\\\/#\\\/schema\\\/person\\\/43aa01c7e4d61d03230a6e3e9d4e7ef2\"},\"potentialAction\":[{\"@type\":\"SearchAction\",\"target\":{\"@type\":\"EntryPoint\",\"urlTemplate\":\"https:\\\/\\\/icrturkey.com\\\/?s={search_term_string}\"},\"query-input\":{\"@type\":\"PropertyValueSpecification\",\"valueRequired\":true,\"valueName\":\"search_term_string\"}}],\"inLanguage\":\"tr\"},{\"@type\":[\"Person\",\"Organization\"],\"@id\":\"https:\\\/\\\/icrturkey.com\\\/#\\\/schema\\\/person\\\/43aa01c7e4d61d03230a6e3e9d4e7ef2\",\"name\":\"admin\",\"image\":{\"@type\":\"ImageObject\",\"inLanguage\":\"tr\",\"@id\":\"https:\\\/\\\/icrturkey.com\\\/wp-content\\\/uploads\\\/2019\\\/05\\\/cropped-logo-icr.32f04ad5-1-1.png\",\"url\":\"https:\\\/\\\/icrturkey.com\\\/wp-content\\\/uploads\\\/2019\\\/05\\\/cropped-logo-icr.32f04ad5-1-1.png\",\"contentUrl\":\"https:\\\/\\\/icrturkey.com\\\/wp-content\\\/uploads\\\/2019\\\/05\\\/cropped-logo-icr.32f04ad5-1-1.png\",\"width\":400,\"height\":148,\"caption\":\"admin\"},\"logo\":{\"@id\":\"https:\\\/\\\/icrturkey.com\\\/wp-content\\\/uploads\\\/2019\\\/05\\\/cropped-logo-icr.32f04ad5-1-1.png\"}}]}<\/script>\n<!-- \/ Yoast SEO plugin. -->","yoast_head_json":{"title":"ATEX 2014\/34\/EU - potansiyel olarak patlay\u0131c\u0131 ortamlarda \u00e7al\u0131\u015fan ekipman - ICR T\u00dcRK\u0130YE - testler ve belgelendirme","robots":{"index":"index","follow":"follow","max-snippet":"max-snippet:-1","max-image-preview":"max-image-preview:large","max-video-preview":"max-video-preview:-1"},"canonical":"https:\/\/icrturkey.com\/tr\/certyfikacja-wyrobow\/atex-2014-34-ue-urzadzenia-pracujace-w-atmosferze-potencjalnie-wybuchowej\/","og_locale":"tr_TR","og_type":"article","og_title":"ATEX 2014\/34\/UE \u2013 urz\u0105dzenia pracuj\u0105ce w atmosferze potencjalnie wybuchowej - ICR TURKEY - tests and certification","og_description":"Dyrektywa ATEX zawiera wymagania zasadnicze odno\u015bnie do wyrob\u00f3w przeznaczonych do pracy w atmosferze potencjalnie wybuchowej. Wyroby te s\u0105 podzielone na grupy: Grupa I &#8211; urz\u0105dzenia przeznaczone do pracy w podziemiach kopalnianych, oraz naziemnych cz\u0119\u015bciach kopal\u0144 zagro\u017conych wybuchem. Grupa II \u2013 urz\u0105dzenia og\u00f3lnego zastosowania. W grupie tej mog\u0105 wyst\u0119powa\u0107 3 kategorie urz\u0105dze\u0144: \u00a0obejmuje urz\u0105dzenia zaprojektowane tak,&hellip;&nbsp;Daha fazlas\u0131n\u0131 oku &raquo;ATEX 2014\/34\/UE \u2013 urz\u0105dzenia pracuj\u0105ce w atmosferze potencjalnie wybuchowej","og_url":"https:\/\/icrturkey.com\/tr\/certyfikacja-wyrobow\/atex-2014-34-ue-urzadzenia-pracujace-w-atmosferze-potencjalnie-wybuchowej\/","og_site_name":"ICR TURKEY - tests and certification","article_modified_time":"2025-06-11T07:31:36+00:00","twitter_card":"summary_large_image","twitter_misc":{"Tahmini okuma s\u00fcresi":"4 dakika"},"schema":{"@context":"https:\/\/schema.org","@graph":[{"@type":"WebPage","@id":"https:\/\/icrturkey.com\/certyfikacja-wyrobow\/atex-2014-34-ue-urzadzenia-pracujace-w-atmosferze-potencjalnie-wybuchowej\/","url":"https:\/\/icrturkey.com\/certyfikacja-wyrobow\/atex-2014-34-ue-urzadzenia-pracujace-w-atmosferze-potencjalnie-wybuchowej\/","name":"ATEX 2014\/34\/EU - potansiyel olarak patlay\u0131c\u0131 ortamlarda \u00e7al\u0131\u015fan ekipman - ICR T\u00dcRK\u0130YE - testler ve belgelendirme","isPartOf":{"@id":"https:\/\/icrturkey.com\/#website"},"primaryImageOfPage":{"@id":"https:\/\/icrturkey.com\/certyfikacja-wyrobow\/atex-2014-34-ue-urzadzenia-pracujace-w-atmosferze-potencjalnie-wybuchowej\/#primaryimage"},"image":{"@id":"https:\/\/icrturkey.com\/certyfikacja-wyrobow\/atex-2014-34-ue-urzadzenia-pracujace-w-atmosferze-potencjalnie-wybuchowej\/#primaryimage"},"thumbnailUrl":"","datePublished":"2019-05-28T11:04:53+00:00","dateModified":"2025-06-11T07:31:36+00:00","breadcrumb":{"@id":"https:\/\/icrturkey.com\/certyfikacja-wyrobow\/atex-2014-34-ue-urzadzenia-pracujace-w-atmosferze-potencjalnie-wybuchowej\/#breadcrumb"},"inLanguage":"tr","potentialAction":[{"@type":"ReadAction","target":["https:\/\/icrturkey.com\/certyfikacja-wyrobow\/atex-2014-34-ue-urzadzenia-pracujace-w-atmosferze-potencjalnie-wybuchowej\/"]}]},{"@type":"ImageObject","inLanguage":"tr","@id":"https:\/\/icrturkey.com\/certyfikacja-wyrobow\/atex-2014-34-ue-urzadzenia-pracujace-w-atmosferze-potencjalnie-wybuchowej\/#primaryimage","url":"","contentUrl":""},{"@type":"BreadcrumbList","@id":"https:\/\/icrturkey.com\/certyfikacja-wyrobow\/atex-2014-34-ue-urzadzenia-pracujace-w-atmosferze-potencjalnie-wybuchowej\/#breadcrumb","itemListElement":[{"@type":"ListItem","position":1,"name":"Strona g\u0142\u00f3wna","item":"https:\/\/icrturkey.com\/"},{"@type":"ListItem","position":2,"name":"Certyfikacja wyrob\u00f3w","item":"https:\/\/icrturkey.com\/certyfikacja-wyrobow\/"},{"@type":"ListItem","position":3,"name":"ATEX 2014\/34\/UE \u2013 urz\u0105dzenia pracuj\u0105ce w atmosferze potencjalnie wybuchowej"}]},{"@type":"WebSite","@id":"https:\/\/icrturkey.com\/#website","url":"https:\/\/icrturkey.com\/","name":"ICR T\u00dcRK\u0130YE - testler ve belgelendirme","description":"CE sertifikas\u0131, CE sertifikas\u0131, ISO sertifikas\u0131, RED testi, \u00fcr\u00fcn testi ve sertifikasyonu, elektrikli \u00fcr\u00fcn testi, t\u0131bbi cihaz testi, ATEX, IECEx, FCC, \u00fcr\u00fcn sertifikasyonu, EMC testi, makine sertifikasyonu, CE makineleri, e\u011fitim, elektronik \u00fcr\u00fcn testi, 2014\/53\/EU testi, drone sertifikasyonu, ISO 13485 sertifikas\u0131, ISO 9001 sertifikas\u0131, NC RfG","publisher":{"@id":"https:\/\/icrturkey.com\/#\/schema\/person\/43aa01c7e4d61d03230a6e3e9d4e7ef2"},"potentialAction":[{"@type":"SearchAction","target":{"@type":"EntryPoint","urlTemplate":"https:\/\/icrturkey.com\/?s={search_term_string}"},"query-input":{"@type":"PropertyValueSpecification","valueRequired":true,"valueName":"search_term_string"}}],"inLanguage":"tr"},{"@type":["Person","Organization"],"@id":"https:\/\/icrturkey.com\/#\/schema\/person\/43aa01c7e4d61d03230a6e3e9d4e7ef2","name":"Y\u00f6netici","image":{"@type":"ImageObject","inLanguage":"tr","@id":"https:\/\/icrturkey.com\/wp-content\/uploads\/2019\/05\/cropped-logo-icr.32f04ad5-1-1.png","url":"https:\/\/icrturkey.com\/wp-content\/uploads\/2019\/05\/cropped-logo-icr.32f04ad5-1-1.png","contentUrl":"https:\/\/icrturkey.com\/wp-content\/uploads\/2019\/05\/cropped-logo-icr.32f04ad5-1-1.png","width":400,"height":148,"caption":"admin"},"logo":{"@id":"https:\/\/icrturkey.com\/wp-content\/uploads\/2019\/05\/cropped-logo-icr.32f04ad5-1-1.png"}}]}},"_links":{"self":[{"href":"https:\/\/icrturkey.com\/tr\/wp-json\/wp\/v2\/pages\/2031","targetHints":{"allow":["GET"]}}],"collection":[{"href":"https:\/\/icrturkey.com\/tr\/wp-json\/wp\/v2\/pages"}],"about":[{"href":"https:\/\/icrturkey.com\/tr\/wp-json\/wp\/v2\/types\/page"}],"author":[{"embeddable":true,"href":"https:\/\/icrturkey.com\/tr\/wp-json\/wp\/v2\/users\/1"}],"replies":[{"embeddable":true,"href":"https:\/\/icrturkey.com\/tr\/wp-json\/wp\/v2\/comments?post=2031"}],"version-history":[{"count":13,"href":"https:\/\/icrturkey.com\/tr\/wp-json\/wp\/v2\/pages\/2031\/revisions"}],"predecessor-version":[{"id":17182,"href":"https:\/\/icrturkey.com\/tr\/wp-json\/wp\/v2\/pages\/2031\/revisions\/17182"}],"up":[{"embeddable":true,"href":"https:\/\/icrturkey.com\/tr\/wp-json\/wp\/v2\/pages\/211"}],"wp:featuredmedia":[{"embeddable":true,"href":"https:\/\/icrturkey.com\/tr\/wp-json\/"}],"wp:attachment":[{"href":"https:\/\/icrturkey.com\/tr\/wp-json\/wp\/v2\/media?parent=2031"}],"curies":[{"name":"wp","href":"https:\/\/api.w.org\/{rel}","templated":true}]}}