{"id":2024,"date":"2019-05-28T11:01:41","date_gmt":"2019-05-28T11:01:41","guid":{"rendered":"http:\/\/icrpolska.e-ksperci.pl\/?page_id=2024"},"modified":"2025-06-11T09:27:07","modified_gmt":"2025-06-11T07:27:07","slug":"red-2014-53-ue-urzadzenia-radiowe","status":"publish","type":"page","link":"https:\/\/icrturkey.com\/tr\/certyfikacja-wyrobow\/red-2014-53-ue-urzadzenia-radiowe\/","title":{"rendered":"RED 2014\/53\/EU - Radyo Ekipman\u0131"},"content":{"rendered":"<p class=\"translation-block\"><a href=\"https:\/\/eur-lex.europa.eu\/legal-content\/PL\/TXT\/PDF\/?uri=CELEX:32014L0053&amp;from=PL\" target=\"_self\" rel=\"noopener noreferrer\"> RED Direktifi<\/a> kapsam\u0131na, telekom\u00fcnikasyon veya radyodeterminasyon amac\u0131yla kas\u0131tl\u0131 olarak radyo dalgalar\u0131 yayan veya alan ekipman (elektrikli veya elektronik) ve radyo ileti\u015fimi veya radyodeterminasyon amac\u0131yla kas\u0131tl\u0131 olarak radyo dalgalar\u0131 yayabilmesi veya alabilmesi i\u00e7in ek bir unsurla (\u00f6rne\u011fin bir anten) desteklenmesi gereken ekipman girmektedir.<\/p>\n<p>Telsiz cihaz\u0131, gerekliliklerle ilgili hedefler de dahil olmak \u00fczere sa\u011fl\u0131k ve g\u00fcvenlik korumas\u0131 sa\u011flayacak \u015fekilde tasarlanmal\u0131d\u0131r:<\/p>\n<ul>\n<li>2014\/35\/EU say\u0131l\u0131 Direktifin g\u00fcvenlik gerekliliklerine ili\u015fkin hedefler de dahil olmak \u00fczere, bir elektrik voltaj\u0131 s\u0131n\u0131r\u0131 uygulanmadan, ki\u015filerin ve evcil hayvanlar\u0131n sa\u011fl\u0131k ve g\u00fcvenli\u011finin ve m\u00fclkiyetin korunmas\u0131,<\/li>\n<li>2014\/30\/EU say\u0131l\u0131 direktif uyar\u0131nca uygun elektromanyetik uyumluluk seviyesi (<strong>EMC<\/strong>),<\/li>\n<\/ul>\n<ul>\n<li>Radyo spektrumunun verimli kullan\u0131m\u0131 ve zararl\u0131 parazitlerin \u00f6nlenmesi i\u00e7in etkin kullan\u0131m\u0131n\u0131n te\u015fvik edilmesi,<\/li>\n<li>A\u011f\u0131 ve i\u015fleyi\u015fini gereksiz yere etkilememek veya a\u011f kaynaklar\u0131n\u0131 k\u00f6t\u00fcye kullanmamak suretiyle kabul edilemez bir hizmet bozulmas\u0131na neden olmamak (<strong>si\u0307ber g\u00fcvenli\u0307k y\u00f6nleri\u0307<\/strong>),<\/li>\n<li>Kullan\u0131c\u0131n\u0131n ve abonenin ki\u015fisel verilerinin ve gizlili\u011finin g\u00f6m\u00fcl\u00fc g\u00fcvenlik sistemleri arac\u0131l\u0131\u011f\u0131yla korunmas\u0131 (<strong>si\u0307ber g\u00fcvenli\u0307k y\u00f6nleri\u0307<\/strong>),<\/li>\n<li>Uygun sistemler arac\u0131l\u0131\u011f\u0131yla doland\u0131r\u0131c\u0131l\u0131\u011fa kar\u015f\u0131 koruma (<strong>si\u0307ber g\u00fcvenli\u0307\u011fi\u0307n y\u00f6nleri\u0307<\/strong>),<\/li>\n<li>\u0130lgili i\u015flevler arac\u0131l\u0131\u011f\u0131yla acil durum hizmetlerine s\u00fcrekli eri\u015fim,<\/li>\n<li>\u0130lgili ekipman kategorisi veya s\u0131n\u0131f\u0131 i\u00e7in Ek 1a' da belirtilen \u015farj spesifikasyonlar\u0131na uygunluk (<strong>USB-C<\/strong>),<\/li>\n<li>Ek 1a B\u00f6l\u00fcm I' de tan\u0131mlanan telsiz ekipman\u0131 kategorileri veya s\u0131n\u0131flar\u0131 i\u00e7in \u015farj cihazlar\u0131 d\u0131\u015f\u0131ndaki ek bile\u015fenlerle etkile\u015fim.<\/li>\n<\/ul>\n<p>Ve gelecekte:<\/p>\n<ul>\n<li>Di\u011fer telsiz cihazlar\u0131yla a\u011f \u00fczerinden birlikte \u00e7al\u0131\u015fabilirlik,<\/li>\n<li>Birlik genelinde uygun tipteki aray\u00fczlere ba\u011flant\u0131,<\/li>\n<li>Uygun i\u015flevler arac\u0131l\u0131\u011f\u0131yla engelli ki\u015filer taraf\u0131ndan kullan\u0131lmas\u0131,<\/li>\n<li>Bu ci\u0307haza sadece yaz\u0131l\u0131m ve telsi\u0307z ci\u0307hazi bi\u0307le\u015fi\u0307mi\u0307 onaylanm\u0131\u015f olan yaz\u0131l\u0131mlar i\u0307ndi\u0307ri\u0307lebi\u0307li\u0307r,<\/li>\n<\/ul>\n<p>2014\/53\/AB say\u0131l\u0131 Direktif, devlet g\u00fcvenli\u011fi konular\u0131na ili\u015fkin faaliyetler ve ceza hukuku alan\u0131ndaki devlet faaliyetleri s\u00f6z konusu oldu\u011funda, devletin ekonomik refah\u0131 da d\u00e2hil olmak \u00fczere, m\u00fcnhas\u0131ran kamu g\u00fcvenli\u011fi, savunma, devlet g\u00fcvenli\u011fi ama\u00e7lar\u0131 do\u011frultusunda kullan\u0131lan telsiz ekipmanlar\u0131na uygulanmaz.<\/p>\n<p>Radyo Ekipman\u0131 Direktifi kapsam\u0131ndaki bir \u00fcr\u00fcn\u00fcn zorunlu olarak olumlu de\u011ferlendirmesi, bir AB-Tipi \u0130nceleme Sertifikas\u0131n\u0131n (AB-Tipi Sertifika) verilmesiyle \u00f6zetlenir.<\/p>\n<p><strong>Daha fazlas\u0131n\u0131 okuyun:<\/strong><\/p>\n<p><img decoding=\"async\" class=\"alignnone wp-image-2679\" src=\"https:\/\/icrturkey.com\/wp-content\/uploads\/2019\/06\/adobe.jpg\" alt=\"\" width=\"20\" height=\"21\" srcset=\"https:\/\/icrturkey.com\/wp-content\/uploads\/2019\/06\/adobe.jpg 218w, https:\/\/icrturkey.com\/wp-content\/uploads\/2019\/06\/adobe-150x150.jpg 150w\" sizes=\"(max-width: 20px) 100vw, 20px\" \/>\u00a0<a href=\"https:\/\/icrturkey.com\/wp-content\/uploads\/2025\/06\/PC-P-07-05-Program-oceny-zgodnosci-2-kol-10.pdf\" target=\"_blank\" rel=\"noopener noreferrer\">RED uygunluk de\u011ferlendirme program\u0131 (2014\/53\/EU)<\/a>\u00a0+ <a href=\"https:\/\/icrturkey.com\/wp-content\/uploads\/2025\/01\/F-P-07-31_19a.pdf\" target=\"_blank\" rel=\"noopener noreferrer\">tekni\u0307k \u00f6zelli\u0307kler li\u0307stesi\u0307<\/a><\/p>\n<p><a href=\"https:\/\/icrturkey.com\/wp-content\/uploads\/2019\/06\/Wniosek-o-certyfikacj\u0119-systemu.docx\"><img decoding=\"async\" class=\"alignnone wp-image-2678\" src=\"https:\/\/icrturkey.com\/wp-content\/uploads\/2019\/06\/word.jpg\" alt=\"\" width=\"20\" height=\"20\" srcset=\"https:\/\/icrturkey.com\/wp-content\/uploads\/2019\/06\/word.jpg 208w, https:\/\/icrturkey.com\/wp-content\/uploads\/2019\/06\/word-150x150.jpg 150w\" sizes=\"(max-width: 20px) 100vw, 20px\" \/><\/a><a href=\"https:\/\/icrturkey.com\/wp-content\/uploads\/2024\/03\/F-P-07-02_9.docx\" target=\"_blank\" rel=\"noopener noreferrer\">\u00a0Ba\u015fvuru_Ba\u015fvuru_Zorunlu De\u011ferlendirme<\/a><\/p>","protected":false},"excerpt":{"rendered":"<p>RED Direktifinin kapsam\u0131, telekom\u00fcnikasyon veya radyolokasyon amac\u0131yla kas\u0131tl\u0131 olarak radyo dalgalar\u0131 yayan veya alan ekipman\u0131n (elektrikli veya elektronik) yan\u0131 s\u0131ra, radyokom\u00fcnikasyon veya radyolokasyon amac\u0131yla kas\u0131tl\u0131 olarak radyo dalgalar\u0131 yayabilmesi veya alabilmesi i\u00e7in ek bir unsurla (\u00f6rne\u011fin bir anten) desteklenmesi gereken ekipman\u0131 da kapsamaktad\u0131r. Telsiz cihaz\u0131 koruma sa\u011flayacak \u015fekilde tasarlanmal\u0131d\u0131r ...&nbsp;<a href=\"https:\/\/icrturkey.com\/tr\/certyfikacja-wyrobow\/red-2014-53-ue-urzadzenia-radiowe\/\" rel=\"bookmark\">Daha fazlas\u0131n\u0131 oku \"<span class=\"screen-reader-text\">RED 2014\/53\/EU - Radyo Ekipman\u0131<\/span><\/a><\/p>","protected":false},"author":1,"featured_media":914,"parent":211,"menu_order":0,"comment_status":"closed","ping_status":"closed","template":"","meta":{"neve_meta_sidebar":"","neve_meta_container":"","neve_meta_enable_content_width":"off","neve_meta_content_width":70,"neve_meta_title_alignment":"","neve_meta_author_avatar":"","neve_post_elements_order":"","neve_meta_disable_header":"","neve_meta_disable_footer":"","neve_meta_disable_title":"","footnotes":""},"class_list":["post-2024","page","type-page","status-publish","has-post-thumbnail","hentry"],"yoast_head":"<!-- This site is optimized with the Yoast SEO plugin v27.3 - https:\/\/yoast.com\/product\/yoast-seo-wordpress\/ -->\n<title>RED 2014\/53\/UE \u2013 urz\u0105dzenia radiowe - ICR TURKEY - tests and certification<\/title>\n<meta name=\"robots\" content=\"index, follow, max-snippet:-1, max-image-preview:large, max-video-preview:-1\" \/>\n<link rel=\"canonical\" href=\"https:\/\/icrturkey.com\/tr\/certyfikacja-wyrobow\/red-2014-53-ue-urzadzenia-radiowe\/\" \/>\n<meta property=\"og:locale\" content=\"tr_TR\" \/>\n<meta property=\"og:type\" content=\"article\" \/>\n<meta property=\"og:title\" content=\"RED 2014\/53\/UE \u2013 urz\u0105dzenia radiowe - ICR TURKEY - tests and certification\" \/>\n<meta property=\"og:description\" content=\"Zakresem dyrektywy RED obj\u0119te s\u0105 urz\u0105dzenia (elektryczne lub elektroniczne), kt\u00f3ry celowo emituj\u0105 lub odbieraj\u0105 fale radiowe na potrzeby telekomunikacji lub radiolokacji, oraz urz\u0105dzenia, kt\u00f3ry musz\u0105 zosta\u0107 uzupe\u0142nione o dodatkowy element (np.: anten\u0119) tak, aby mog\u0142o celowo emitowa\u0107 lub odbiera\u0107 fale radiowe na potrzeby radiokomunikacji lub radiolokacji. Urz\u0105dzenie radiowe powinno by\u0107 skonstruowane tak, aby zapewni\u0107 ochron\u0119&hellip;&nbsp;Daha fazlas\u0131n\u0131 oku &raquo;RED 2014\/53\/UE \u2013 urz\u0105dzenia radiowe\" \/>\n<meta property=\"og:url\" content=\"https:\/\/icrturkey.com\/tr\/certyfikacja-wyrobow\/red-2014-53-ue-urzadzenia-radiowe\/\" \/>\n<meta property=\"og:site_name\" content=\"ICR TURKEY - tests and certification\" \/>\n<meta property=\"article:modified_time\" content=\"2025-06-11T07:27:07+00:00\" \/>\n<meta name=\"twitter:card\" content=\"summary_large_image\" \/>\n<meta name=\"twitter:label1\" content=\"Tahmini okuma s\u00fcresi\" \/>\n\t<meta name=\"twitter:data1\" content=\"3 dakika\" \/>\n<script type=\"application\/ld+json\" class=\"yoast-schema-graph\">{\"@context\":\"https:\\\/\\\/schema.org\",\"@graph\":[{\"@type\":\"WebPage\",\"@id\":\"https:\\\/\\\/icrturkey.com\\\/certyfikacja-wyrobow\\\/red-2014-53-ue-urzadzenia-radiowe\\\/\",\"url\":\"https:\\\/\\\/icrturkey.com\\\/certyfikacja-wyrobow\\\/red-2014-53-ue-urzadzenia-radiowe\\\/\",\"name\":\"RED 2014\\\/53\\\/UE \u2013 urz\u0105dzenia radiowe - ICR TURKEY - tests and certification\",\"isPartOf\":{\"@id\":\"https:\\\/\\\/icrturkey.com\\\/#website\"},\"primaryImageOfPage\":{\"@id\":\"https:\\\/\\\/icrturkey.com\\\/certyfikacja-wyrobow\\\/red-2014-53-ue-urzadzenia-radiowe\\\/#primaryimage\"},\"image\":{\"@id\":\"https:\\\/\\\/icrturkey.com\\\/certyfikacja-wyrobow\\\/red-2014-53-ue-urzadzenia-radiowe\\\/#primaryimage\"},\"thumbnailUrl\":\"\",\"datePublished\":\"2019-05-28T11:01:41+00:00\",\"dateModified\":\"2025-06-11T07:27:07+00:00\",\"breadcrumb\":{\"@id\":\"https:\\\/\\\/icrturkey.com\\\/certyfikacja-wyrobow\\\/red-2014-53-ue-urzadzenia-radiowe\\\/#breadcrumb\"},\"inLanguage\":\"tr\",\"potentialAction\":[{\"@type\":\"ReadAction\",\"target\":[\"https:\\\/\\\/icrturkey.com\\\/certyfikacja-wyrobow\\\/red-2014-53-ue-urzadzenia-radiowe\\\/\"]}]},{\"@type\":\"ImageObject\",\"inLanguage\":\"tr\",\"@id\":\"https:\\\/\\\/icrturkey.com\\\/certyfikacja-wyrobow\\\/red-2014-53-ue-urzadzenia-radiowe\\\/#primaryimage\",\"url\":\"\",\"contentUrl\":\"\"},{\"@type\":\"BreadcrumbList\",\"@id\":\"https:\\\/\\\/icrturkey.com\\\/certyfikacja-wyrobow\\\/red-2014-53-ue-urzadzenia-radiowe\\\/#breadcrumb\",\"itemListElement\":[{\"@type\":\"ListItem\",\"position\":1,\"name\":\"Strona g\u0142\u00f3wna\",\"item\":\"https:\\\/\\\/icrturkey.com\\\/\"},{\"@type\":\"ListItem\",\"position\":2,\"name\":\"Certyfikacja wyrob\u00f3w\",\"item\":\"https:\\\/\\\/icrturkey.com\\\/certyfikacja-wyrobow\\\/\"},{\"@type\":\"ListItem\",\"position\":3,\"name\":\"RED 2014\\\/53\\\/UE \u2013 urz\u0105dzenia radiowe\"}]},{\"@type\":\"WebSite\",\"@id\":\"https:\\\/\\\/icrturkey.com\\\/#website\",\"url\":\"https:\\\/\\\/icrturkey.com\\\/\",\"name\":\"ICR TURKEY - tests and certification\",\"description\":\"CE certification, CE certificate, ISO certificate, RED testing, product testing and certification, electrical product testing, medical device testing, ATEX, IECEx, FCC, product certification, EMC testing, machinery certification, CE machines, training, electronic product testing, testing 2014\\\/53\\\/EU, drone certification, ISO 13485 certificate, ISO 9001 certificate, NC RfG\",\"publisher\":{\"@id\":\"https:\\\/\\\/icrturkey.com\\\/#\\\/schema\\\/person\\\/43aa01c7e4d61d03230a6e3e9d4e7ef2\"},\"potentialAction\":[{\"@type\":\"SearchAction\",\"target\":{\"@type\":\"EntryPoint\",\"urlTemplate\":\"https:\\\/\\\/icrturkey.com\\\/?s={search_term_string}\"},\"query-input\":{\"@type\":\"PropertyValueSpecification\",\"valueRequired\":true,\"valueName\":\"search_term_string\"}}],\"inLanguage\":\"tr\"},{\"@type\":[\"Person\",\"Organization\"],\"@id\":\"https:\\\/\\\/icrturkey.com\\\/#\\\/schema\\\/person\\\/43aa01c7e4d61d03230a6e3e9d4e7ef2\",\"name\":\"admin\",\"image\":{\"@type\":\"ImageObject\",\"inLanguage\":\"tr\",\"@id\":\"https:\\\/\\\/icrturkey.com\\\/wp-content\\\/uploads\\\/2019\\\/05\\\/cropped-logo-icr.32f04ad5-1-1.png\",\"url\":\"https:\\\/\\\/icrturkey.com\\\/wp-content\\\/uploads\\\/2019\\\/05\\\/cropped-logo-icr.32f04ad5-1-1.png\",\"contentUrl\":\"https:\\\/\\\/icrturkey.com\\\/wp-content\\\/uploads\\\/2019\\\/05\\\/cropped-logo-icr.32f04ad5-1-1.png\",\"width\":400,\"height\":148,\"caption\":\"admin\"},\"logo\":{\"@id\":\"https:\\\/\\\/icrturkey.com\\\/wp-content\\\/uploads\\\/2019\\\/05\\\/cropped-logo-icr.32f04ad5-1-1.png\"}}]}<\/script>\n<!-- \/ Yoast SEO plugin. -->","yoast_head_json":{"title":"RED 2014\/53\/EU - radyo ekipmanlar\u0131 - ICR T\u00dcRK\u0130YE - testler ve belgelendirme","robots":{"index":"index","follow":"follow","max-snippet":"max-snippet:-1","max-image-preview":"max-image-preview:large","max-video-preview":"max-video-preview:-1"},"canonical":"https:\/\/icrturkey.com\/tr\/certyfikacja-wyrobow\/red-2014-53-ue-urzadzenia-radiowe\/","og_locale":"tr_TR","og_type":"article","og_title":"RED 2014\/53\/UE \u2013 urz\u0105dzenia radiowe - ICR TURKEY - tests and certification","og_description":"Zakresem dyrektywy RED obj\u0119te s\u0105 urz\u0105dzenia (elektryczne lub elektroniczne), kt\u00f3ry celowo emituj\u0105 lub odbieraj\u0105 fale radiowe na potrzeby telekomunikacji lub radiolokacji, oraz urz\u0105dzenia, kt\u00f3ry musz\u0105 zosta\u0107 uzupe\u0142nione o dodatkowy element (np.: anten\u0119) tak, aby mog\u0142o celowo emitowa\u0107 lub odbiera\u0107 fale radiowe na potrzeby radiokomunikacji lub radiolokacji. Urz\u0105dzenie radiowe powinno by\u0107 skonstruowane tak, aby zapewni\u0107 ochron\u0119&hellip;&nbsp;Daha fazlas\u0131n\u0131 oku &raquo;RED 2014\/53\/UE \u2013 urz\u0105dzenia radiowe","og_url":"https:\/\/icrturkey.com\/tr\/certyfikacja-wyrobow\/red-2014-53-ue-urzadzenia-radiowe\/","og_site_name":"ICR TURKEY - tests and certification","article_modified_time":"2025-06-11T07:27:07+00:00","twitter_card":"summary_large_image","twitter_misc":{"Tahmini okuma s\u00fcresi":"3 dakika"},"schema":{"@context":"https:\/\/schema.org","@graph":[{"@type":"WebPage","@id":"https:\/\/icrturkey.com\/certyfikacja-wyrobow\/red-2014-53-ue-urzadzenia-radiowe\/","url":"https:\/\/icrturkey.com\/certyfikacja-wyrobow\/red-2014-53-ue-urzadzenia-radiowe\/","name":"RED 2014\/53\/EU - radyo ekipmanlar\u0131 - ICR T\u00dcRK\u0130YE - testler ve belgelendirme","isPartOf":{"@id":"https:\/\/icrturkey.com\/#website"},"primaryImageOfPage":{"@id":"https:\/\/icrturkey.com\/certyfikacja-wyrobow\/red-2014-53-ue-urzadzenia-radiowe\/#primaryimage"},"image":{"@id":"https:\/\/icrturkey.com\/certyfikacja-wyrobow\/red-2014-53-ue-urzadzenia-radiowe\/#primaryimage"},"thumbnailUrl":"","datePublished":"2019-05-28T11:01:41+00:00","dateModified":"2025-06-11T07:27:07+00:00","breadcrumb":{"@id":"https:\/\/icrturkey.com\/certyfikacja-wyrobow\/red-2014-53-ue-urzadzenia-radiowe\/#breadcrumb"},"inLanguage":"tr","potentialAction":[{"@type":"ReadAction","target":["https:\/\/icrturkey.com\/certyfikacja-wyrobow\/red-2014-53-ue-urzadzenia-radiowe\/"]}]},{"@type":"ImageObject","inLanguage":"tr","@id":"https:\/\/icrturkey.com\/certyfikacja-wyrobow\/red-2014-53-ue-urzadzenia-radiowe\/#primaryimage","url":"","contentUrl":""},{"@type":"BreadcrumbList","@id":"https:\/\/icrturkey.com\/certyfikacja-wyrobow\/red-2014-53-ue-urzadzenia-radiowe\/#breadcrumb","itemListElement":[{"@type":"ListItem","position":1,"name":"Strona g\u0142\u00f3wna","item":"https:\/\/icrturkey.com\/"},{"@type":"ListItem","position":2,"name":"Certyfikacja wyrob\u00f3w","item":"https:\/\/icrturkey.com\/certyfikacja-wyrobow\/"},{"@type":"ListItem","position":3,"name":"RED 2014\/53\/UE \u2013 urz\u0105dzenia radiowe"}]},{"@type":"WebSite","@id":"https:\/\/icrturkey.com\/#website","url":"https:\/\/icrturkey.com\/","name":"ICR T\u00dcRK\u0130YE - testler ve belgelendirme","description":"CE sertifikas\u0131, CE sertifikas\u0131, ISO sertifikas\u0131, RED testi, \u00fcr\u00fcn testi ve sertifikasyonu, elektrikli \u00fcr\u00fcn testi, t\u0131bbi cihaz testi, ATEX, IECEx, FCC, \u00fcr\u00fcn sertifikasyonu, EMC testi, makine sertifikasyonu, CE makineleri, e\u011fitim, elektronik \u00fcr\u00fcn testi, 2014\/53\/EU testi, drone sertifikasyonu, ISO 13485 sertifikas\u0131, ISO 9001 sertifikas\u0131, NC RfG","publisher":{"@id":"https:\/\/icrturkey.com\/#\/schema\/person\/43aa01c7e4d61d03230a6e3e9d4e7ef2"},"potentialAction":[{"@type":"SearchAction","target":{"@type":"EntryPoint","urlTemplate":"https:\/\/icrturkey.com\/?s={search_term_string}"},"query-input":{"@type":"PropertyValueSpecification","valueRequired":true,"valueName":"search_term_string"}}],"inLanguage":"tr"},{"@type":["Person","Organization"],"@id":"https:\/\/icrturkey.com\/#\/schema\/person\/43aa01c7e4d61d03230a6e3e9d4e7ef2","name":"Y\u00f6netici","image":{"@type":"ImageObject","inLanguage":"tr","@id":"https:\/\/icrturkey.com\/wp-content\/uploads\/2019\/05\/cropped-logo-icr.32f04ad5-1-1.png","url":"https:\/\/icrturkey.com\/wp-content\/uploads\/2019\/05\/cropped-logo-icr.32f04ad5-1-1.png","contentUrl":"https:\/\/icrturkey.com\/wp-content\/uploads\/2019\/05\/cropped-logo-icr.32f04ad5-1-1.png","width":400,"height":148,"caption":"admin"},"logo":{"@id":"https:\/\/icrturkey.com\/wp-content\/uploads\/2019\/05\/cropped-logo-icr.32f04ad5-1-1.png"}}]}},"_links":{"self":[{"href":"https:\/\/icrturkey.com\/tr\/wp-json\/wp\/v2\/pages\/2024","targetHints":{"allow":["GET"]}}],"collection":[{"href":"https:\/\/icrturkey.com\/tr\/wp-json\/wp\/v2\/pages"}],"about":[{"href":"https:\/\/icrturkey.com\/tr\/wp-json\/wp\/v2\/types\/page"}],"author":[{"embeddable":true,"href":"https:\/\/icrturkey.com\/tr\/wp-json\/wp\/v2\/users\/1"}],"replies":[{"embeddable":true,"href":"https:\/\/icrturkey.com\/tr\/wp-json\/wp\/v2\/comments?post=2024"}],"version-history":[{"count":23,"href":"https:\/\/icrturkey.com\/tr\/wp-json\/wp\/v2\/pages\/2024\/revisions"}],"predecessor-version":[{"id":17179,"href":"https:\/\/icrturkey.com\/tr\/wp-json\/wp\/v2\/pages\/2024\/revisions\/17179"}],"up":[{"embeddable":true,"href":"https:\/\/icrturkey.com\/tr\/wp-json\/wp\/v2\/pages\/211"}],"wp:featuredmedia":[{"embeddable":true,"href":"https:\/\/icrturkey.com\/tr\/wp-json\/"}],"wp:attachment":[{"href":"https:\/\/icrturkey.com\/tr\/wp-json\/wp\/v2\/media?parent=2024"}],"curies":[{"name":"wp","href":"https:\/\/api.w.org\/{rel}","templated":true}]}}