{"id":2017,"date":"2019-05-28T10:56:22","date_gmt":"2019-05-28T10:56:22","guid":{"rendered":"http:\/\/icrpolska.e-ksperci.pl\/?page_id=2017"},"modified":"2024-03-26T11:59:34","modified_gmt":"2024-03-26T10:59:34","slug":"md-2006-42-we-bezpieczenstwo-maszyn","status":"publish","type":"page","link":"https:\/\/icrturkey.com\/tr\/certyfikacja-wyrobow\/md-2006-42-we-bezpieczenstwo-maszyn\/","title":{"rendered":"MD 2006\/42\/EC - Makine G\u00fcvenli\u011fi"},"content":{"rendered":"<p><span style=\"font-weight: 400;\">Makine Direktifi i\u00e7in zorunlu uygunluk de\u011ferlendirme program\u0131, Direktifin Ek IV'\u00fcnde listelenen \u00fcr\u00fcnleri kapsamaktad\u0131r. Bunlar a\u015fa\u011f\u0131dakileri i\u00e7erir:<\/span><\/p>\n<ul>\n<li style=\"font-weight: 400;\"><span style=\"font-weight: 400;\">Metallerin so\u011fuk i\u015flenmesi i\u00e7in abkant presler dahil olmak \u00fczere mekanik, hidrolik ve pn\u00f6matik presler;<\/span><\/li>\n<li style=\"font-weight: 400;\"><span style=\"font-weight: 400;\">Plastik enjeksiyon kal\u0131plama makineleri veya presleri, manuel y\u00fckleme veya bo\u015faltma ile;<\/span><\/li>\n<li style=\"font-weight: 400;\"><span style=\"font-weight: 400;\">Kau\u00e7uk \u00fcr\u00fcnler i\u00e7in enjeksiyon kal\u0131plama makineleri veya presleri, manuel besleme veya bo\u015faltma ile;<\/span><\/li>\n<li style=\"font-weight: 400;\"><span style=\"font-weight: 400;\">Daire testereler, \u015ferit testereler;<\/span><\/li>\n<li style=\"font-weight: 400;\"><span style=\"font-weight: 400;\">Planyac\u0131lar;<\/span><\/li>\n<li style=\"font-weight: 400;\"><span style=\"font-weight: 400;\">Freze makineleri;<\/span><\/li>\n<li style=\"font-weight: 400;\"><span style=\"font-weight: 400;\">Ara\u00e7 servis asans\u00f6rleri;<\/span><\/li>\n<li style=\"font-weight: 400;\"><span style=\"font-weight: 400;\">Ki\u015fileri veya 3 metreden daha y\u00fcksekten d\u00fc\u015fme riski olan ki\u015fileri ve mallar\u0131 kald\u0131rmak i\u00e7in kullan\u0131lan ekipmanlar<\/span><\/li>\n<\/ul>\n<p><span style=\"font-weight: 400;\">Bunlar\u0131n yan\u0131 s\u0131ra:<\/span><\/p>\n<ul>\n<li style=\"font-weight: 400;\"><span style=\"font-weight: 400;\">Ki\u015filerin varl\u0131\u011f\u0131n\u0131 tespit etmek i\u00e7in tasarlanm\u0131\u015f koruyucu cihazlar;<\/span><\/li>\n<li style=\"font-weight: 400;\"><span style=\"font-weight: 400;\">G\u00fcvenlik fonksiyonlar\u0131n\u0131 sa\u011flamak i\u00e7in mant\u0131k devreleri.<\/span><\/li>\n<\/ul>\n<p><span style=\"font-weight: 400;\">Makine Direktifi kapsam\u0131ndaki bir \u00fcr\u00fcn\u00fcn zorunlu de\u011ferlendirmesi, bir AB-Tip \u0130nceleme Sertifikas\u0131 (AB-Tip Sertifikas\u0131) d\u00fczenlenmesiyle \u00f6zetlenir.<\/span><\/p>\n<p><strong>Daha fazlas\u0131n\u0131 okuyun:<\/strong><\/p>\n<p><a href=\"https:\/\/icrturkey.com\/wp-content\/uploads\/2019\/06\/Program-oceny-zgodno\u015bci-w-zakresie-MD.pdf\" target=\"_blank\" rel=\"noopener noreferrer\"><img decoding=\"async\" class=\"wp-image-2679 alignnone\" src=\"https:\/\/icrturkey.com\/wp-content\/uploads\/2019\/06\/adobe.jpg\" alt=\"\" width=\"20\" height=\"21\" srcset=\"https:\/\/icrturkey.com\/wp-content\/uploads\/2019\/06\/adobe.jpg 218w, https:\/\/icrturkey.com\/wp-content\/uploads\/2019\/06\/adobe-150x150.jpg 150w\" sizes=\"(max-width: 20px) 100vw, 20px\" \/><\/a><a href=\"https:\/\/icrturkey.com\/wp-content\/uploads\/2021\/01\/PC-P-07-03_16.pdf\" target=\"_blank\" rel=\"noopener noreferrer\">\u00a0MD uygunluk de\u011ferlendirme program\u0131 (2006\/42\/EC)<\/a><a href=\"https:\/\/icrturkey.com\/wp-content\/uploads\/2020\/10\/PC-P-07-03_Program_MD15.pdf\" target=\"_blank\" rel=\"noopener noreferrer\"> + <\/a><a href=\"https:\/\/icrturkey.com\/wp-content\/uploads\/2023\/11\/F-P-07-36_05a_MD.pdf\" target=\"_blank\" rel=\"noopener noreferrer\">tekni\u0307k \u00f6zelli\u0307kler li\u0307stesi\u0307<\/a><\/p>\n<p><a href=\"https:\/\/icrturkey.com\/wp-content\/uploads\/2019\/06\/Wniosek-o-certyfikacj\u0119-systemu.docx\"><img decoding=\"async\" class=\"alignnone wp-image-2678\" src=\"https:\/\/icrturkey.com\/wp-content\/uploads\/2019\/06\/word.jpg\" alt=\"\" width=\"20\" height=\"20\" srcset=\"https:\/\/icrturkey.com\/wp-content\/uploads\/2019\/06\/word.jpg 208w, https:\/\/icrturkey.com\/wp-content\/uploads\/2019\/06\/word-150x150.jpg 150w\" sizes=\"(max-width: 20px) 100vw, 20px\" \/><\/a><a href=\"https:\/\/icrturkey.com\/wp-content\/uploads\/2024\/03\/F-P-07-02_9.docx\" target=\"_blank\" rel=\"noopener noreferrer\">\u00a0Ba\u015fvuru_Ba\u015fvuru_Zorunlu De\u011ferlendirme<\/a><\/p>","protected":false},"excerpt":{"rendered":"<p>Makine Direktifi i\u00e7in zorunlu uygunluk de\u011ferlendirme program\u0131, Direktifin Ek IV'\u00fcnde listelenen \u00fcr\u00fcnleri kapsamaktad\u0131r. Bu \u00fcr\u00fcnler \u015funlard\u0131r: Metallerin so\u011fuk i\u015flenmesi i\u00e7in mekanik, hidrolik ve pn\u00f6matik presler, abkant presler dahil; Plastikler i\u00e7in enjeksiyon kal\u0131plama makineleri veya presleri, manuel y\u00fckleme veya bo\u015faltma ile; Kau\u00e7uk \u00fcr\u00fcnler i\u00e7in enjeksiyon kal\u0131plama makineleri veya presleri, manuel y\u00fckleme veya bo\u015faltma ile;....&nbsp;<a href=\"https:\/\/icrturkey.com\/tr\/certyfikacja-wyrobow\/md-2006-42-we-bezpieczenstwo-maszyn\/\" rel=\"bookmark\">Daha fazlas\u0131n\u0131 oku \"<span class=\"screen-reader-text\">MD 2006\/42\/EC - Makine G\u00fcvenli\u011fi<\/span><\/a><\/p>","protected":false},"author":1,"featured_media":1147,"parent":211,"menu_order":0,"comment_status":"closed","ping_status":"closed","template":"","meta":{"neve_meta_sidebar":"","neve_meta_container":"","neve_meta_enable_content_width":"off","neve_meta_content_width":70,"neve_meta_title_alignment":"","neve_meta_author_avatar":"","neve_post_elements_order":"","neve_meta_disable_header":"","neve_meta_disable_footer":"","neve_meta_disable_title":"","footnotes":""},"class_list":["post-2017","page","type-page","status-publish","has-post-thumbnail","hentry"],"yoast_head":"<!-- This site is optimized with the Yoast SEO plugin v27.3 - https:\/\/yoast.com\/product\/yoast-seo-wordpress\/ -->\n<title>MD 2006\/42\/WE \u2013 bezpiecze\u0144stwo maszyn - ICR TURKEY - tests and certification<\/title>\n<meta name=\"robots\" content=\"index, follow, max-snippet:-1, max-image-preview:large, max-video-preview:-1\" \/>\n<link rel=\"canonical\" href=\"https:\/\/icrturkey.com\/tr\/certyfikacja-wyrobow\/md-2006-42-we-bezpieczenstwo-maszyn\/\" \/>\n<meta property=\"og:locale\" content=\"tr_TR\" \/>\n<meta property=\"og:type\" content=\"article\" \/>\n<meta property=\"og:title\" content=\"MD 2006\/42\/WE \u2013 bezpiecze\u0144stwo maszyn - ICR TURKEY - tests and certification\" \/>\n<meta property=\"og:description\" content=\"Programem obowi\u0105zkowej oceny zgodno\u015bci w zakresie dyrektywy maszynowej obj\u0119te s\u0105 wyroby wymienione w Za\u0142\u0105czniku IV Dyrektywy. S\u0105 to m.in.: Prasy mechaniczne, hydrauliczne i pneumatyczne, w tym prasy kraw\u0119dziowe, do obr\u00f3bki metali na zimno; Wtryskarki lub prasy do tworzyw sztucznych, z r\u0119cznym podawaniem lub odbieraniem; Wtryskarki lub prasy do wyrob\u00f3w gumowych, z r\u0119cznym podawaniem lub odbieraniem;&hellip;&nbsp;Daha fazlas\u0131n\u0131 oku &raquo;MD 2006\/42\/WE \u2013 bezpiecze\u0144stwo maszyn\" \/>\n<meta property=\"og:url\" content=\"https:\/\/icrturkey.com\/tr\/certyfikacja-wyrobow\/md-2006-42-we-bezpieczenstwo-maszyn\/\" \/>\n<meta property=\"og:site_name\" content=\"ICR TURKEY - tests and certification\" \/>\n<meta property=\"article:modified_time\" content=\"2024-03-26T10:59:34+00:00\" \/>\n<meta name=\"twitter:card\" content=\"summary_large_image\" \/>\n<meta name=\"twitter:label1\" content=\"Tahmini okuma s\u00fcresi\" \/>\n\t<meta name=\"twitter:data1\" content=\"2 dakika\" \/>\n<script type=\"application\/ld+json\" class=\"yoast-schema-graph\">{\"@context\":\"https:\\\/\\\/schema.org\",\"@graph\":[{\"@type\":\"WebPage\",\"@id\":\"https:\\\/\\\/icrturkey.com\\\/certyfikacja-wyrobow\\\/md-2006-42-we-bezpieczenstwo-maszyn\\\/\",\"url\":\"https:\\\/\\\/icrturkey.com\\\/certyfikacja-wyrobow\\\/md-2006-42-we-bezpieczenstwo-maszyn\\\/\",\"name\":\"MD 2006\\\/42\\\/WE \u2013 bezpiecze\u0144stwo maszyn - ICR TURKEY - tests and certification\",\"isPartOf\":{\"@id\":\"https:\\\/\\\/icrturkey.com\\\/#website\"},\"primaryImageOfPage\":{\"@id\":\"https:\\\/\\\/icrturkey.com\\\/certyfikacja-wyrobow\\\/md-2006-42-we-bezpieczenstwo-maszyn\\\/#primaryimage\"},\"image\":{\"@id\":\"https:\\\/\\\/icrturkey.com\\\/certyfikacja-wyrobow\\\/md-2006-42-we-bezpieczenstwo-maszyn\\\/#primaryimage\"},\"thumbnailUrl\":\"\",\"datePublished\":\"2019-05-28T10:56:22+00:00\",\"dateModified\":\"2024-03-26T10:59:34+00:00\",\"breadcrumb\":{\"@id\":\"https:\\\/\\\/icrturkey.com\\\/certyfikacja-wyrobow\\\/md-2006-42-we-bezpieczenstwo-maszyn\\\/#breadcrumb\"},\"inLanguage\":\"tr\",\"potentialAction\":[{\"@type\":\"ReadAction\",\"target\":[\"https:\\\/\\\/icrturkey.com\\\/certyfikacja-wyrobow\\\/md-2006-42-we-bezpieczenstwo-maszyn\\\/\"]}]},{\"@type\":\"ImageObject\",\"inLanguage\":\"tr\",\"@id\":\"https:\\\/\\\/icrturkey.com\\\/certyfikacja-wyrobow\\\/md-2006-42-we-bezpieczenstwo-maszyn\\\/#primaryimage\",\"url\":\"\",\"contentUrl\":\"\"},{\"@type\":\"BreadcrumbList\",\"@id\":\"https:\\\/\\\/icrturkey.com\\\/certyfikacja-wyrobow\\\/md-2006-42-we-bezpieczenstwo-maszyn\\\/#breadcrumb\",\"itemListElement\":[{\"@type\":\"ListItem\",\"position\":1,\"name\":\"Strona g\u0142\u00f3wna\",\"item\":\"https:\\\/\\\/icrturkey.com\\\/\"},{\"@type\":\"ListItem\",\"position\":2,\"name\":\"Certyfikacja wyrob\u00f3w\",\"item\":\"https:\\\/\\\/icrturkey.com\\\/certyfikacja-wyrobow\\\/\"},{\"@type\":\"ListItem\",\"position\":3,\"name\":\"MD 2006\\\/42\\\/WE \u2013 bezpiecze\u0144stwo maszyn\"}]},{\"@type\":\"WebSite\",\"@id\":\"https:\\\/\\\/icrturkey.com\\\/#website\",\"url\":\"https:\\\/\\\/icrturkey.com\\\/\",\"name\":\"ICR TURKEY - tests and certification\",\"description\":\"CE certification, CE certificate, ISO certificate, RED testing, product testing and certification, electrical product testing, medical device testing, ATEX, IECEx, FCC, product certification, EMC testing, machinery certification, CE machines, training, electronic product testing, testing 2014\\\/53\\\/EU, drone certification, ISO 13485 certificate, ISO 9001 certificate, NC RfG\",\"publisher\":{\"@id\":\"https:\\\/\\\/icrturkey.com\\\/#\\\/schema\\\/person\\\/43aa01c7e4d61d03230a6e3e9d4e7ef2\"},\"potentialAction\":[{\"@type\":\"SearchAction\",\"target\":{\"@type\":\"EntryPoint\",\"urlTemplate\":\"https:\\\/\\\/icrturkey.com\\\/?s={search_term_string}\"},\"query-input\":{\"@type\":\"PropertyValueSpecification\",\"valueRequired\":true,\"valueName\":\"search_term_string\"}}],\"inLanguage\":\"tr\"},{\"@type\":[\"Person\",\"Organization\"],\"@id\":\"https:\\\/\\\/icrturkey.com\\\/#\\\/schema\\\/person\\\/43aa01c7e4d61d03230a6e3e9d4e7ef2\",\"name\":\"admin\",\"image\":{\"@type\":\"ImageObject\",\"inLanguage\":\"tr\",\"@id\":\"https:\\\/\\\/icrturkey.com\\\/wp-content\\\/uploads\\\/2019\\\/05\\\/cropped-logo-icr.32f04ad5-1-1.png\",\"url\":\"https:\\\/\\\/icrturkey.com\\\/wp-content\\\/uploads\\\/2019\\\/05\\\/cropped-logo-icr.32f04ad5-1-1.png\",\"contentUrl\":\"https:\\\/\\\/icrturkey.com\\\/wp-content\\\/uploads\\\/2019\\\/05\\\/cropped-logo-icr.32f04ad5-1-1.png\",\"width\":400,\"height\":148,\"caption\":\"admin\"},\"logo\":{\"@id\":\"https:\\\/\\\/icrturkey.com\\\/wp-content\\\/uploads\\\/2019\\\/05\\\/cropped-logo-icr.32f04ad5-1-1.png\"}}]}<\/script>\n<!-- \/ Yoast SEO plugin. -->","yoast_head_json":{"title":"MD 2006\/42\/EC - Makine emniyeti - ICR T\u00dcRK\u0130YE - testler ve belgelendirme","robots":{"index":"index","follow":"follow","max-snippet":"max-snippet:-1","max-image-preview":"max-image-preview:large","max-video-preview":"max-video-preview:-1"},"canonical":"https:\/\/icrturkey.com\/tr\/certyfikacja-wyrobow\/md-2006-42-we-bezpieczenstwo-maszyn\/","og_locale":"tr_TR","og_type":"article","og_title":"MD 2006\/42\/WE \u2013 bezpiecze\u0144stwo maszyn - ICR TURKEY - tests and certification","og_description":"Programem obowi\u0105zkowej oceny zgodno\u015bci w zakresie dyrektywy maszynowej obj\u0119te s\u0105 wyroby wymienione w Za\u0142\u0105czniku IV Dyrektywy. S\u0105 to m.in.: Prasy mechaniczne, hydrauliczne i pneumatyczne, w tym prasy kraw\u0119dziowe, do obr\u00f3bki metali na zimno; Wtryskarki lub prasy do tworzyw sztucznych, z r\u0119cznym podawaniem lub odbieraniem; Wtryskarki lub prasy do wyrob\u00f3w gumowych, z r\u0119cznym podawaniem lub odbieraniem;&hellip;&nbsp;Daha fazlas\u0131n\u0131 oku &raquo;MD 2006\/42\/WE \u2013 bezpiecze\u0144stwo maszyn","og_url":"https:\/\/icrturkey.com\/tr\/certyfikacja-wyrobow\/md-2006-42-we-bezpieczenstwo-maszyn\/","og_site_name":"ICR TURKEY - tests and certification","article_modified_time":"2024-03-26T10:59:34+00:00","twitter_card":"summary_large_image","twitter_misc":{"Tahmini okuma s\u00fcresi":"2 dakika"},"schema":{"@context":"https:\/\/schema.org","@graph":[{"@type":"WebPage","@id":"https:\/\/icrturkey.com\/certyfikacja-wyrobow\/md-2006-42-we-bezpieczenstwo-maszyn\/","url":"https:\/\/icrturkey.com\/certyfikacja-wyrobow\/md-2006-42-we-bezpieczenstwo-maszyn\/","name":"MD 2006\/42\/EC - Makine emniyeti - ICR T\u00dcRK\u0130YE - testler ve belgelendirme","isPartOf":{"@id":"https:\/\/icrturkey.com\/#website"},"primaryImageOfPage":{"@id":"https:\/\/icrturkey.com\/certyfikacja-wyrobow\/md-2006-42-we-bezpieczenstwo-maszyn\/#primaryimage"},"image":{"@id":"https:\/\/icrturkey.com\/certyfikacja-wyrobow\/md-2006-42-we-bezpieczenstwo-maszyn\/#primaryimage"},"thumbnailUrl":"","datePublished":"2019-05-28T10:56:22+00:00","dateModified":"2024-03-26T10:59:34+00:00","breadcrumb":{"@id":"https:\/\/icrturkey.com\/certyfikacja-wyrobow\/md-2006-42-we-bezpieczenstwo-maszyn\/#breadcrumb"},"inLanguage":"tr","potentialAction":[{"@type":"ReadAction","target":["https:\/\/icrturkey.com\/certyfikacja-wyrobow\/md-2006-42-we-bezpieczenstwo-maszyn\/"]}]},{"@type":"ImageObject","inLanguage":"tr","@id":"https:\/\/icrturkey.com\/certyfikacja-wyrobow\/md-2006-42-we-bezpieczenstwo-maszyn\/#primaryimage","url":"","contentUrl":""},{"@type":"BreadcrumbList","@id":"https:\/\/icrturkey.com\/certyfikacja-wyrobow\/md-2006-42-we-bezpieczenstwo-maszyn\/#breadcrumb","itemListElement":[{"@type":"ListItem","position":1,"name":"Strona g\u0142\u00f3wna","item":"https:\/\/icrturkey.com\/"},{"@type":"ListItem","position":2,"name":"Certyfikacja wyrob\u00f3w","item":"https:\/\/icrturkey.com\/certyfikacja-wyrobow\/"},{"@type":"ListItem","position":3,"name":"MD 2006\/42\/WE \u2013 bezpiecze\u0144stwo maszyn"}]},{"@type":"WebSite","@id":"https:\/\/icrturkey.com\/#website","url":"https:\/\/icrturkey.com\/","name":"ICR T\u00dcRK\u0130YE - testler ve belgelendirme","description":"CE sertifikas\u0131, CE sertifikas\u0131, ISO sertifikas\u0131, RED testi, \u00fcr\u00fcn testi ve sertifikasyonu, elektrikli \u00fcr\u00fcn testi, t\u0131bbi cihaz testi, ATEX, IECEx, FCC, \u00fcr\u00fcn sertifikasyonu, EMC testi, makine sertifikasyonu, CE makineleri, e\u011fitim, elektronik \u00fcr\u00fcn testi, 2014\/53\/EU testi, drone sertifikasyonu, ISO 13485 sertifikas\u0131, ISO 9001 sertifikas\u0131, NC RfG","publisher":{"@id":"https:\/\/icrturkey.com\/#\/schema\/person\/43aa01c7e4d61d03230a6e3e9d4e7ef2"},"potentialAction":[{"@type":"SearchAction","target":{"@type":"EntryPoint","urlTemplate":"https:\/\/icrturkey.com\/?s={search_term_string}"},"query-input":{"@type":"PropertyValueSpecification","valueRequired":true,"valueName":"search_term_string"}}],"inLanguage":"tr"},{"@type":["Person","Organization"],"@id":"https:\/\/icrturkey.com\/#\/schema\/person\/43aa01c7e4d61d03230a6e3e9d4e7ef2","name":"Y\u00f6netici","image":{"@type":"ImageObject","inLanguage":"tr","@id":"https:\/\/icrturkey.com\/wp-content\/uploads\/2019\/05\/cropped-logo-icr.32f04ad5-1-1.png","url":"https:\/\/icrturkey.com\/wp-content\/uploads\/2019\/05\/cropped-logo-icr.32f04ad5-1-1.png","contentUrl":"https:\/\/icrturkey.com\/wp-content\/uploads\/2019\/05\/cropped-logo-icr.32f04ad5-1-1.png","width":400,"height":148,"caption":"admin"},"logo":{"@id":"https:\/\/icrturkey.com\/wp-content\/uploads\/2019\/05\/cropped-logo-icr.32f04ad5-1-1.png"}}]}},"_links":{"self":[{"href":"https:\/\/icrturkey.com\/tr\/wp-json\/wp\/v2\/pages\/2017","targetHints":{"allow":["GET"]}}],"collection":[{"href":"https:\/\/icrturkey.com\/tr\/wp-json\/wp\/v2\/pages"}],"about":[{"href":"https:\/\/icrturkey.com\/tr\/wp-json\/wp\/v2\/types\/page"}],"author":[{"embeddable":true,"href":"https:\/\/icrturkey.com\/tr\/wp-json\/wp\/v2\/users\/1"}],"replies":[{"embeddable":true,"href":"https:\/\/icrturkey.com\/tr\/wp-json\/wp\/v2\/comments?post=2017"}],"version-history":[{"count":11,"href":"https:\/\/icrturkey.com\/tr\/wp-json\/wp\/v2\/pages\/2017\/revisions"}],"predecessor-version":[{"id":12968,"href":"https:\/\/icrturkey.com\/tr\/wp-json\/wp\/v2\/pages\/2017\/revisions\/12968"}],"up":[{"embeddable":true,"href":"https:\/\/icrturkey.com\/tr\/wp-json\/wp\/v2\/pages\/211"}],"wp:featuredmedia":[{"embeddable":true,"href":"https:\/\/icrturkey.com\/tr\/wp-json\/"}],"wp:attachment":[{"href":"https:\/\/icrturkey.com\/tr\/wp-json\/wp\/v2\/media?parent=2017"}],"curies":[{"name":"wp","href":"https:\/\/api.w.org\/{rel}","templated":true}]}}