{"id":1971,"date":"2019-05-22T20:16:17","date_gmt":"2019-05-22T20:16:17","guid":{"rendered":"http:\/\/icrpolska.e-ksperci.pl\/?page_id=1971"},"modified":"2023-01-13T18:11:48","modified_gmt":"2023-01-13T17:11:48","slug":"inspekcje-i-audity","status":"publish","type":"page","link":"https:\/\/icrturkey.com\/tr\/inspekcje-i-audity\/","title":{"rendered":"Tefti\u015fler ve Denetimler"},"content":{"rendered":"<p><b>Denetimler<\/b><\/p>\n<p><span style=\"font-weight: 400;\">Denetimler ICR Polska Sp. z o.o. \u00e7al\u0131\u015fanlar\u0131 taraf\u0131ndan kurulu\u015fun yetkileri kapsam\u0131nda, \u00f6zellikle belirli standartlar\u0131n gerekliliklerine ve a\u015fa\u011f\u0131daki direktiflerin gerekliliklerine uygunlu\u011fu teyit etmek amac\u0131yla ger\u00e7ekle\u015ftirilir: makine <a href=\"https:\/\/eur-lex.europa.eu\/legal-content\/PL\/TXT\/PDF\/?uri=CELEX:32006L0042&amp;from=PL\" target=\"_blank\" rel=\"noopener noreferrer\">2006\/42\/EC<\/a>, d\u00fc\u015f\u00fck voltaj <a href=\"https:\/\/eur-lex.europa.eu\/legal-content\/PL\/TXT\/PDF\/?uri=CELEX:32014L0035&amp;from=PL\" target=\"_blank\" rel=\"noopener noreferrer\">2014\/35\/EU<\/a>, elektromanyetik uyumluluk EMC <a href=\"https:\/\/eur-lex.europa.eu\/legal-content\/PL\/TXT\/PDF\/?uri=CELEX:32014L0030&amp;from=PL\" target=\"_blank\" rel=\"noopener noreferrer\">2014\/30\/AB<\/a> ve RED radyo <a href=\"https:\/\/eur-lex.europa.eu\/legal-content\/PL\/TXT\/PDF\/?uri=CELEX:32014L0053&amp;from=PL\" target=\"_blank\" rel=\"noopener noreferrer\">2014\/53\/EU<\/a>patlay\u0131c\u0131 ortamlar ve potansiyel olarak patlay\u0131c\u0131 ortamlarda kullan\u0131lmas\u0131 ama\u00e7lanan ekipman ATEX <a href=\"https:\/\/eur-lex.europa.eu\/legal-content\/PL\/TXT\/PDF\/?uri=CELEX:32014L0034&amp;from=PL\" target=\"_blank\" rel=\"noopener noreferrer\">2014\/34\/EU<\/a> ve A\u011f Kodu - NC RfG <a href=\"https:\/\/eur-lex.europa.eu\/legal-content\/PL\/TXT\/PDF\/?uri=CELEX:32016R0631&amp;from=PL\" target=\"_blank\" rel=\"noopener\">(AB) 2016\/631<\/a><\/span><\/p>\n<p><span style=\"font-weight: 400;\">Denetimler hem \u00fcretim s\u00fcre\u00e7lerini, bunlar\u0131n par\u00e7alar\u0131n\u0131 veya birbirleriyle ili\u015fkilerini hem de bu s\u00fcre\u00e7lerden kaynaklanan nihai \u00fcr\u00fcnleri veya alt montajlar\u0131 kapsayabilir. Denetimler m\u00fc\u015fterinin sahas\u0131nda, \u00fcretim yerinde, s\u00fcrecin gidi\u015fat\u0131n\u0131 de\u011ferlendirme ve etkilerini do\u011frulama imkan\u0131 sa\u011flayan bir zamanda ger\u00e7ekle\u015ftirilir. Denetimler, EC\/EU tip testi de dahil olmak \u00fczere \u00fcr\u00fcn testi ve uygunluk de\u011ferlendirmesi ile desteklenebilir.<\/span><\/p>\n<p><span style=\"font-weight: 400;\">Denetimler, di\u011fer hususlar\u0131n yan\u0131 s\u0131ra<\/span><\/p>\n<ul>\n<li style=\"font-weight: 400;\"><span style=\"font-weight: 400;\">\u00fcretim veya bir \u00fcretim hatt\u0131n\u0131n uygulanmas\u0131 i\u00e7in gerekli \u015fartlar\u0131n kar\u015f\u0131land\u0131\u011f\u0131n\u0131 teyit etmek;<\/span><\/li>\n<\/ul>\n<ul>\n<li style=\"font-weight: 400;\"><span style=\"font-weight: 400;\">CE, B, KC, ATEX gibi \u00fcr\u00fcn etiketleme gerekliliklerine uygunlu\u011fu teyit edin.<\/span><\/li>\n<\/ul>\n<p><span style=\"font-weight: 400;\">Denetimin ard\u0131ndan m\u00fc\u015fteri, gerekliliklerin yerine getirilmesine ili\u015fkin bir de\u011ferlendirme ve \u00f6rne\u011fin ilgili risklerin azalt\u0131lmas\u0131 olas\u0131l\u0131\u011f\u0131na ili\u015fkin \u00f6zel tavsiyeler i\u00e7eren bir rapor al\u0131r.<\/span><\/p>\n<p><span style=\"font-weight: 400;\">ICR Polska Sp. z o.o. taraf\u0131ndan ger\u00e7ekle\u015ftirilen bir denetim s\u0131ras\u0131nda M\u00fc\u015fteri ilerleme ve k\u0131smi g\u00f6zlemler hakk\u0131nda bilgilendirilir ve nihai rapor m\u00fc\u015fteri ile g\u00f6r\u00fc\u015f\u00fcl\u00fcr.<\/span><\/p>\n<p><b>Denetimler <\/b><\/p>\n<p><span style=\"font-weight: 400;\">Denetim, ICR Polska Sp. z o.o. taraf\u0131ndan ger\u00e7ekle\u015ftirilen ve bir giri\u015fimci i\u00e7in hizmet veya mal tedarik\u00e7isinin kapsaml\u0131 bir \u015fekilde h\u0131zl\u0131 ve g\u00fcvenilir bir \u015fekilde de\u011ferlendirilmesine olanak tan\u0131yan bir hizmettir. ICR Polska Sp. z o.o. denet\u00e7ilerinin ba\u011f\u0131ms\u0131zl\u0131\u011f\u0131 ve onaylanm\u0131\u015f yetkinli\u011fi, tedarik\u00e7inin kendisine emanet edilen g\u00f6revleri sipari\u015f veren giri\u015fimcinin beklentileri ve gereksinimleri do\u011frultusunda yerine getirme kabiliyetinin objektif bir \u015fekilde de\u011ferlendirilmesine olanak tan\u0131r.<\/span><\/p>\n<p><span style=\"font-weight: 400;\">M\u00fc\u015fterinin ihtiya\u00e7 ve gereksinimlerine g\u00f6re \u00f6zel olarak tasarlanan denetim, di\u011fer hususlar\u0131n yan\u0131 s\u0131ra, \u00e7o\u011funlukla ba\u011f\u0131ms\u0131z olarak y\u00fcr\u00fct\u00fclen bir de\u011ferlendirmedir:<\/span><\/p>\n<ul>\n<li style=\"font-weight: 400;\"><span style=\"font-weight: 400;\">Belirli m\u00fc\u015fteri gereksinimlerini, \u00fcr\u00fcnlerin teknik \u00f6zelliklerini, kurumsal ve\/veya yasal gereksinimleri ya da \u015firket veya mal sahibi taraf\u0131ndan dayat\u0131lan di\u011fer kriterleri kar\u015f\u0131lama becerisi;<\/span><\/li>\n<li style=\"font-weight: 400;\"><span style=\"font-weight: 400;\">sa\u011fl\u0131k ve g\u00fcvenlik, \u00e7evre koruma, ki\u015fisel verilerin korunmas\u0131 (RODO) ve bilgi koruma gerekliliklerini kar\u015f\u0131lama becerisi;<\/span><\/li>\n<li style=\"font-weight: 400;\"><span style=\"font-weight: 400;\">LEAN, 6 Sigma, 5S, SMED, KAIZEN gibi kalite programlar\u0131n\u0131n kriterlerini kar\u015f\u0131lama becerisi.<\/span><\/li>\n<\/ul>\n<p><span style=\"font-weight: 400;\">Audit, a\u015fa\u011f\u0131dakileri yapmak isteyen i\u015fletmeler i\u00e7in esnek ve kapsaml\u0131 bir \u00e7\u00f6z\u00fcmd\u00fcr:<\/span><\/p>\n<ul>\n<li style=\"font-weight: 400;\"><span style=\"font-weight: 400;\">\u0130\u00e7 ve d\u0131\u015f s\u00fcre\u00e7lerin optimizasyonu ile sa\u011flanan i\u015f ve tedarik zincirine y\u00f6nelik f\u0131rsat ve tehditleri belirlemek ve bunlardan yararlanmak;<\/span><\/li>\n<li style=\"font-weight: 400;\"><span style=\"font-weight: 400;\">\u00fcretim s\u00fcre\u00e7leri ve\/veya sa\u011flanan hizmetler dahil olmak \u00fczere i\u00e7 ve d\u0131\u015f s\u00fcre\u00e7leri iyile\u015ftirmek;<\/span><\/li>\n<li style=\"font-weight: 400;\"><span style=\"font-weight: 400;\">\u0130\u015fletmedeki riskleri belirlemek ve etkin bir \u015fekilde azaltmak;<\/span><\/li>\n<li style=\"font-weight: 400;\"><span style=\"font-weight: 400;\">\u0130\u015f i\u00e7in gerekli teknik ve yasal gereklilikleri, y\u00fcklenici y\u00f6nergelerini ve i\u00e7 politikalar\u0131 kar\u015f\u0131lamak.<\/span><\/li>\n<\/ul>\n<p><span style=\"font-weight: 400;\">Denetimin ard\u0131ndan m\u00fc\u015fteri, tedarik\u00e7inin gereklilikleri yerine getirmesine ili\u015fkin bir de\u011ferlendirme ve \u00f6rne\u011fin kaynaklar\u0131n nas\u0131l daha iyi tahsis edilece\u011fi, risklerin nas\u0131l azalt\u0131laca\u011f\u0131 ve etkili d\u0131\u015f payda\u015flar veya i\u00e7 s\u00fcre\u00e7ler dikkate al\u0131narak tedarik\u00e7iyle ilgili f\u0131rsatlardan nas\u0131l yararlan\u0131laca\u011f\u0131 gibi \u00f6zel tavsiyeler i\u00e7eren bir rapor al\u0131r.<\/span><\/p>\n<p class=\"translation-block\"><span style=\"font-weight: 400\">ICR Polska Sp. z o.o. taraf\u0131ndan y\u00fcr\u00fct\u00fclen bir denetim s\u0131ras\u0131nda. M\u00fc\u015fteri, ilerleme ve k\u0131smi sonu\u00e7lar hakk\u0131nda s\u00fcrekli olarak bilgilendirilir ve nihai rapor, talep \u00fczerine <\/span>tedarik\u00e7inin kat\u0131l\u0131m\u0131yla m\u00fc\u015fteriyle g\u00f6r\u00fc\u015f\u00fcl\u00fcr.<\/p>\n<p>&nbsp;<\/p>","protected":false},"excerpt":{"rendered":"<p>Denetimler Denetimler ICR Polska Sp. z o.o. \u00e7al\u0131\u015fanlar\u0131 taraf\u0131ndan kurulu\u015fun yetkinli\u011fi kapsam\u0131nda, \u00f6zellikle belirli standartlar\u0131n gerekliliklerine ve a\u015fa\u011f\u0131daki direktiflerin gerekliliklerine uygunlu\u011fu teyit etmek i\u00e7in ger\u00e7ekle\u015ftirilir: makine 2006\/42\/EC, al\u00e7ak gerilim 2014\/35\/EU, elektromanyetik uyumluluk EMC 2014\/30\/EU ve radyo RED 2014\/53\/EU, patlay\u0131c\u0131 ortamlar ve potansiyel olarak patlay\u0131c\u0131 ortamlarda kullan\u0131lmas\u0131 ama\u00e7lanan ekipman ATEX 2014\/34\/EU ve A\u011f Kodu....&nbsp;<a href=\"https:\/\/icrturkey.com\/tr\/inspekcje-i-audity\/\" rel=\"bookmark\">Daha fazlas\u0131n\u0131 oku \"<span class=\"screen-reader-text\">Tefti\u015fler ve Denetimler<\/span><\/a><\/p>","protected":false},"author":1,"featured_media":1137,"parent":0,"menu_order":0,"comment_status":"closed","ping_status":"closed","template":"","meta":{"neve_meta_sidebar":"","neve_meta_container":"","neve_meta_enable_content_width":"off","neve_meta_content_width":70,"neve_meta_title_alignment":"","neve_meta_author_avatar":"","neve_post_elements_order":"","neve_meta_disable_header":"","neve_meta_disable_footer":"","neve_meta_disable_title":"","footnotes":""},"class_list":["post-1971","page","type-page","status-publish","has-post-thumbnail","hentry"],"yoast_head":"<!-- This site is optimized with the Yoast SEO plugin v27.3 - https:\/\/yoast.com\/product\/yoast-seo-wordpress\/ -->\n<title>Inspekcje i Audity - ICR TURKEY - tests and certification<\/title>\n<meta name=\"robots\" content=\"index, follow, max-snippet:-1, max-image-preview:large, max-video-preview:-1\" \/>\n<link rel=\"canonical\" href=\"https:\/\/icrturkey.com\/tr\/inspekcje-i-audity\/\" \/>\n<meta property=\"og:locale\" content=\"tr_TR\" \/>\n<meta property=\"og:type\" content=\"article\" \/>\n<meta property=\"og:title\" content=\"Inspekcje i Audity - ICR TURKEY - tests and certification\" \/>\n<meta property=\"og:description\" content=\"Inspekcje Inspekcje s\u0105 prowadzone przez pracownik\u00f3w ICR Polska Sp. z o.o. w zakresie kompetencji jednostki, w szczeg\u00f3lno\u015bci celem potwierdzenia spe\u0142nienia wymaga\u0144 norm szczeg\u00f3\u0142owych i wymaga\u0144 dyrektyw: maszynowej 2006\/42\/EC, niskonapi\u0119ciowej 2014\/35\/EU, kompatybilno\u015bci elektromagnetycznej EMC 2014\/30\/EU i radiowej RED 2014\/53\/EU, stref zagro\u017conych wybuchem i urz\u0105dze\u0144 przeznaczonych do pracy w atmosferach potencjalnie wybuchowych ATEX 2014\/34\/EU oraz Kodeksu sieciowego&hellip;&nbsp;Daha fazlas\u0131n\u0131 oku &raquo;Inspekcje i Audity\" \/>\n<meta property=\"og:url\" content=\"https:\/\/icrturkey.com\/tr\/inspekcje-i-audity\/\" \/>\n<meta property=\"og:site_name\" content=\"ICR TURKEY - tests and certification\" \/>\n<meta property=\"article:modified_time\" content=\"2023-01-13T17:11:48+00:00\" \/>\n<meta name=\"twitter:card\" content=\"summary_large_image\" \/>\n<meta name=\"twitter:label1\" content=\"Tahmini okuma s\u00fcresi\" \/>\n\t<meta name=\"twitter:data1\" content=\"3 dakika\" \/>\n<script type=\"application\/ld+json\" class=\"yoast-schema-graph\">{\"@context\":\"https:\\\/\\\/schema.org\",\"@graph\":[{\"@type\":\"WebPage\",\"@id\":\"https:\\\/\\\/icrturkey.com\\\/inspekcje-i-audity\\\/\",\"url\":\"https:\\\/\\\/icrturkey.com\\\/inspekcje-i-audity\\\/\",\"name\":\"Inspekcje i Audity - ICR TURKEY - tests and certification\",\"isPartOf\":{\"@id\":\"https:\\\/\\\/icrturkey.com\\\/#website\"},\"primaryImageOfPage\":{\"@id\":\"https:\\\/\\\/icrturkey.com\\\/inspekcje-i-audity\\\/#primaryimage\"},\"image\":{\"@id\":\"https:\\\/\\\/icrturkey.com\\\/inspekcje-i-audity\\\/#primaryimage\"},\"thumbnailUrl\":\"\",\"datePublished\":\"2019-05-22T20:16:17+00:00\",\"dateModified\":\"2023-01-13T17:11:48+00:00\",\"breadcrumb\":{\"@id\":\"https:\\\/\\\/icrturkey.com\\\/inspekcje-i-audity\\\/#breadcrumb\"},\"inLanguage\":\"tr\",\"potentialAction\":[{\"@type\":\"ReadAction\",\"target\":[\"https:\\\/\\\/icrturkey.com\\\/inspekcje-i-audity\\\/\"]}]},{\"@type\":\"ImageObject\",\"inLanguage\":\"tr\",\"@id\":\"https:\\\/\\\/icrturkey.com\\\/inspekcje-i-audity\\\/#primaryimage\",\"url\":\"\",\"contentUrl\":\"\"},{\"@type\":\"BreadcrumbList\",\"@id\":\"https:\\\/\\\/icrturkey.com\\\/inspekcje-i-audity\\\/#breadcrumb\",\"itemListElement\":[{\"@type\":\"ListItem\",\"position\":1,\"name\":\"Strona g\u0142\u00f3wna\",\"item\":\"https:\\\/\\\/icrturkey.com\\\/\"},{\"@type\":\"ListItem\",\"position\":2,\"name\":\"Inspekcje i Audity\"}]},{\"@type\":\"WebSite\",\"@id\":\"https:\\\/\\\/icrturkey.com\\\/#website\",\"url\":\"https:\\\/\\\/icrturkey.com\\\/\",\"name\":\"ICR TURKEY - tests and certification\",\"description\":\"CE certification, CE certificate, ISO certificate, RED testing, product testing and certification, electrical product testing, medical device testing, ATEX, IECEx, FCC, product certification, EMC testing, machinery certification, CE machines, training, electronic product testing, testing 2014\\\/53\\\/EU, drone certification, ISO 13485 certificate, ISO 9001 certificate, NC RfG\",\"publisher\":{\"@id\":\"https:\\\/\\\/icrturkey.com\\\/#\\\/schema\\\/person\\\/43aa01c7e4d61d03230a6e3e9d4e7ef2\"},\"potentialAction\":[{\"@type\":\"SearchAction\",\"target\":{\"@type\":\"EntryPoint\",\"urlTemplate\":\"https:\\\/\\\/icrturkey.com\\\/?s={search_term_string}\"},\"query-input\":{\"@type\":\"PropertyValueSpecification\",\"valueRequired\":true,\"valueName\":\"search_term_string\"}}],\"inLanguage\":\"tr\"},{\"@type\":[\"Person\",\"Organization\"],\"@id\":\"https:\\\/\\\/icrturkey.com\\\/#\\\/schema\\\/person\\\/43aa01c7e4d61d03230a6e3e9d4e7ef2\",\"name\":\"admin\",\"image\":{\"@type\":\"ImageObject\",\"inLanguage\":\"tr\",\"@id\":\"https:\\\/\\\/icrturkey.com\\\/wp-content\\\/uploads\\\/2019\\\/05\\\/cropped-logo-icr.32f04ad5-1-1.png\",\"url\":\"https:\\\/\\\/icrturkey.com\\\/wp-content\\\/uploads\\\/2019\\\/05\\\/cropped-logo-icr.32f04ad5-1-1.png\",\"contentUrl\":\"https:\\\/\\\/icrturkey.com\\\/wp-content\\\/uploads\\\/2019\\\/05\\\/cropped-logo-icr.32f04ad5-1-1.png\",\"width\":400,\"height\":148,\"caption\":\"admin\"},\"logo\":{\"@id\":\"https:\\\/\\\/icrturkey.com\\\/wp-content\\\/uploads\\\/2019\\\/05\\\/cropped-logo-icr.32f04ad5-1-1.png\"}}]}<\/script>\n<!-- \/ Yoast SEO plugin. -->","yoast_head_json":{"title":"G\u00f6zetim ve denetimler - ICR T\u00dcRK\u0130YE - testler ve belgelendirme","robots":{"index":"index","follow":"follow","max-snippet":"max-snippet:-1","max-image-preview":"max-image-preview:large","max-video-preview":"max-video-preview:-1"},"canonical":"https:\/\/icrturkey.com\/tr\/inspekcje-i-audity\/","og_locale":"tr_TR","og_type":"article","og_title":"Inspekcje i Audity - ICR TURKEY - tests and certification","og_description":"Inspekcje Inspekcje s\u0105 prowadzone przez pracownik\u00f3w ICR Polska Sp. z o.o. w zakresie kompetencji jednostki, w szczeg\u00f3lno\u015bci celem potwierdzenia spe\u0142nienia wymaga\u0144 norm szczeg\u00f3\u0142owych i wymaga\u0144 dyrektyw: maszynowej 2006\/42\/EC, niskonapi\u0119ciowej 2014\/35\/EU, kompatybilno\u015bci elektromagnetycznej EMC 2014\/30\/EU i radiowej RED 2014\/53\/EU, stref zagro\u017conych wybuchem i urz\u0105dze\u0144 przeznaczonych do pracy w atmosferach potencjalnie wybuchowych ATEX 2014\/34\/EU oraz Kodeksu sieciowego&hellip;&nbsp;Daha fazlas\u0131n\u0131 oku &raquo;Inspekcje i Audity","og_url":"https:\/\/icrturkey.com\/tr\/inspekcje-i-audity\/","og_site_name":"ICR TURKEY - tests and certification","article_modified_time":"2023-01-13T17:11:48+00:00","twitter_card":"summary_large_image","twitter_misc":{"Tahmini okuma s\u00fcresi":"3 dakika"},"schema":{"@context":"https:\/\/schema.org","@graph":[{"@type":"WebPage","@id":"https:\/\/icrturkey.com\/inspekcje-i-audity\/","url":"https:\/\/icrturkey.com\/inspekcje-i-audity\/","name":"G\u00f6zetim ve denetimler - ICR T\u00dcRK\u0130YE - testler ve belgelendirme","isPartOf":{"@id":"https:\/\/icrturkey.com\/#website"},"primaryImageOfPage":{"@id":"https:\/\/icrturkey.com\/inspekcje-i-audity\/#primaryimage"},"image":{"@id":"https:\/\/icrturkey.com\/inspekcje-i-audity\/#primaryimage"},"thumbnailUrl":"","datePublished":"2019-05-22T20:16:17+00:00","dateModified":"2023-01-13T17:11:48+00:00","breadcrumb":{"@id":"https:\/\/icrturkey.com\/inspekcje-i-audity\/#breadcrumb"},"inLanguage":"tr","potentialAction":[{"@type":"ReadAction","target":["https:\/\/icrturkey.com\/inspekcje-i-audity\/"]}]},{"@type":"ImageObject","inLanguage":"tr","@id":"https:\/\/icrturkey.com\/inspekcje-i-audity\/#primaryimage","url":"","contentUrl":""},{"@type":"BreadcrumbList","@id":"https:\/\/icrturkey.com\/inspekcje-i-audity\/#breadcrumb","itemListElement":[{"@type":"ListItem","position":1,"name":"Strona g\u0142\u00f3wna","item":"https:\/\/icrturkey.com\/"},{"@type":"ListItem","position":2,"name":"Inspekcje i Audity"}]},{"@type":"WebSite","@id":"https:\/\/icrturkey.com\/#website","url":"https:\/\/icrturkey.com\/","name":"ICR T\u00dcRK\u0130YE - testler ve belgelendirme","description":"CE sertifikas\u0131, CE sertifikas\u0131, ISO sertifikas\u0131, RED testi, \u00fcr\u00fcn testi ve sertifikasyonu, elektrikli \u00fcr\u00fcn testi, t\u0131bbi cihaz testi, ATEX, IECEx, FCC, \u00fcr\u00fcn sertifikasyonu, EMC testi, makine sertifikasyonu, CE makineleri, e\u011fitim, elektronik \u00fcr\u00fcn testi, 2014\/53\/EU testi, drone sertifikasyonu, ISO 13485 sertifikas\u0131, ISO 9001 sertifikas\u0131, NC RfG","publisher":{"@id":"https:\/\/icrturkey.com\/#\/schema\/person\/43aa01c7e4d61d03230a6e3e9d4e7ef2"},"potentialAction":[{"@type":"SearchAction","target":{"@type":"EntryPoint","urlTemplate":"https:\/\/icrturkey.com\/?s={search_term_string}"},"query-input":{"@type":"PropertyValueSpecification","valueRequired":true,"valueName":"search_term_string"}}],"inLanguage":"tr"},{"@type":["Person","Organization"],"@id":"https:\/\/icrturkey.com\/#\/schema\/person\/43aa01c7e4d61d03230a6e3e9d4e7ef2","name":"Y\u00f6netici","image":{"@type":"ImageObject","inLanguage":"tr","@id":"https:\/\/icrturkey.com\/wp-content\/uploads\/2019\/05\/cropped-logo-icr.32f04ad5-1-1.png","url":"https:\/\/icrturkey.com\/wp-content\/uploads\/2019\/05\/cropped-logo-icr.32f04ad5-1-1.png","contentUrl":"https:\/\/icrturkey.com\/wp-content\/uploads\/2019\/05\/cropped-logo-icr.32f04ad5-1-1.png","width":400,"height":148,"caption":"admin"},"logo":{"@id":"https:\/\/icrturkey.com\/wp-content\/uploads\/2019\/05\/cropped-logo-icr.32f04ad5-1-1.png"}}]}},"_links":{"self":[{"href":"https:\/\/icrturkey.com\/tr\/wp-json\/wp\/v2\/pages\/1971","targetHints":{"allow":["GET"]}}],"collection":[{"href":"https:\/\/icrturkey.com\/tr\/wp-json\/wp\/v2\/pages"}],"about":[{"href":"https:\/\/icrturkey.com\/tr\/wp-json\/wp\/v2\/types\/page"}],"author":[{"embeddable":true,"href":"https:\/\/icrturkey.com\/tr\/wp-json\/wp\/v2\/users\/1"}],"replies":[{"embeddable":true,"href":"https:\/\/icrturkey.com\/tr\/wp-json\/wp\/v2\/comments?post=1971"}],"version-history":[{"count":6,"href":"https:\/\/icrturkey.com\/tr\/wp-json\/wp\/v2\/pages\/1971\/revisions"}],"predecessor-version":[{"id":7811,"href":"https:\/\/icrturkey.com\/tr\/wp-json\/wp\/v2\/pages\/1971\/revisions\/7811"}],"wp:featuredmedia":[{"embeddable":true,"href":"https:\/\/icrturkey.com\/tr\/wp-json\/"}],"wp:attachment":[{"href":"https:\/\/icrturkey.com\/tr\/wp-json\/wp\/v2\/media?parent=1971"}],"curies":[{"name":"wp","href":"https:\/\/api.w.org\/{rel}","templated":true}]}}