{"id":1966,"date":"2019-05-22T19:48:15","date_gmt":"2019-05-22T19:48:15","guid":{"rendered":"http:\/\/icrpolska.e-ksperci.pl\/?page_id=1966"},"modified":"2023-02-19T18:09:03","modified_gmt":"2023-02-19T17:09:03","slug":"oznakowanie-ce","status":"publish","type":"page","link":"https:\/\/icrturkey.com\/tr\/certyfikacja-wyrobow\/oznakowanie-ce\/","title":{"rendered":"CE i\u015fareti"},"content":{"rendered":"<p class=\"translation-block\">\u00dcr\u00fcnlere CE i\u015fareti konulmas\u0131 ve \u00fcretici\/ithalat\u00e7\u0131 taraf\u0131ndan uygunluk beyan\u0131 d\u00fczenlenmesi zorunlulu\u011funun temelinde, \u00fcr\u00fcnlerin sat\u0131n al\u0131nmas\u0131ndan bertaraf\u0131na kadar, m\u00fc\u015fteri ve kullan\u0131c\u0131lara y\u00f6nelik kullan\u0131m g\u00fcvenli\u011finin sa\u011flanmas\u0131 d\u00fc\u015f\u00fcncesi yatmaktad\u0131r. <strong>Uygunluk Beyan\u0131<\/strong>, \u00fcreticinin \u00fcr\u00fcn\u00fcn Avrupa Birli\u011fi direktifleri ve\/veya y\u00f6netmeliklerinin temel gerekliliklerine uygunlu\u011funu de\u011ferlendirdi\u011finin teyididir. Bir\u00e7ok \u00fcr\u00fcn i\u00e7in uygunluk beyan\u0131n\u0131n, \u00fcretici\/ithalat\u00e7\u0131dan ba\u011f\u0131ms\u0131z, yetkili ve ba\u011f\u0131ms\u0131z bir kurulu\u015f, yani bildirilmi\u015f kurulu\u015f taraf\u0131ndan onaylanmas\u0131 gerekir; buna <strong>zorunlu sertifikasyon<\/strong> denir. Di\u011fer \u00fcr\u00fcnler i\u00e7in  bu sertifika, \u00fcr\u00fcn\u00fcn g\u00fcvenli kullan\u0131m\u0131n\u0131 ve \u00e7evreye minimum etkisini hem \u00fcretici hem de son kullan\u0131c\u0131 i\u00e7in garanti eden,  g\u00f6n\u00fcll\u00fc\u011fe dayal\u0131 ve faydal\u0131 bir belgedir.<\/p>\n<p class=\"translation-block\">ICR Polska Sp. z o. o. Polonya Akreditasyon Merkezi (PCA) taraf\u0131ndan akredite edilmi\u015f bir \u00fcr\u00fcn belgelendirme kurulu\u015fudur - Akreditasyon numaras\u0131 <a href=\"https:\/\/icrturkey.com\/wp-content\/uploads\/2019\/06\/AC_197.pdf\" target=\"_self\" rel=\"noopener noreferrer\">AC 197<\/a>. Ayn\u0131 zamanda tam uygunluk de\u011ferlendirmesi yapt\u0131\u011f\u0131m\u0131z direktifler i\u00e7in bir Avrupa Onaylanm\u0131\u015f Kurulu\u015fudur: (<a href=\"http:\/\/ec.europa.eu\/growth\/tools-databases\/nando\/index.cfm?fuseaction=notifiedbody.notifiedbody&amp;refe_cd=NANDO_INPUT_233263\" target=\"_self\" rel=\"noopener noreferrer\">NB No. 2703<\/a>)\n Makine G\u00fcvenli\u011fi Direktifi MD (<a href=\"https:\/\/eur-lex.europa.eu\/legal-content\/PL\/TXT\/PDF\/?uri=CELEX:32006L0042&amp;from=PL\" target=\"_self\" rel=\"noopener noreferrer\">2006\/42\/EC<\/a>); Elektromanyetik Uyumluluk Direktifi EMC (<a href=\"https:\/\/eur-lex.europa.eu\/legal-content\/EN\/TXT\/PDF\/?uri=CELEX:32014L0030&amp;from=EN\" target=\"_self\" rel=\"noopener noreferrer\">2014\/30\/EU<\/a>); RED Radyo Ekipman\u0131 Direktifi (<a href=\"https:\/\/eur-lex.europa.eu\/legal-content\/PL\/TXT\/PDF\/?uri=CELEX:32014L0053&amp;from=EN\" target=\"_self\" rel=\"noopener noreferrer\">2014\/53\/UE<\/a>); Ppotansiyel Olarak Patlay\u0131c\u0131 Ortamlarda \u00c7al\u0131\u015fan Elektrikli Ekipman Direktifi ATEX (<a href=\"https:\/\/eur-lex.europa.eu\/legal-content\/PL\/TXT\/PDF\/?uri=CELEX:32014L0034&amp;from=PL\" target=\"_self\" rel=\"noopener noreferrer\">2014\/34\/UE<\/a>).<\/p>\n<p><img decoding=\"async\" class=\"size-medium wp-image-8778 alignleft\" src=\"https:\/\/icrturkey.com\/wp-content\/uploads\/2023\/02\/CE2703-300x104.png\" alt=\"\" width=\"300\" height=\"104\" srcset=\"https:\/\/icrturkey.com\/wp-content\/uploads\/2023\/02\/CE2703-300x104.png 300w, https:\/\/icrturkey.com\/wp-content\/uploads\/2023\/02\/CE2703-18x6.png 18w, https:\/\/icrturkey.com\/wp-content\/uploads\/2023\/02\/CE2703.png 555w\" sizes=\"(max-width: 300px) 100vw, 300px\" \/><\/p>\n<p class=\"translation-block\">\u00dcretim sisteminin de\u011ferlendirilmesi onaylanm\u0131\u015f bir kurulu\u015fun kat\u0131l\u0131m\u0131 ile ger\u00e7ekle\u015ftirilmi\u015fse, bu kurulu\u015fun kimlik numaras\u0131 CE i\u015faretinin yan\u0131na ili\u015ftirilir. Bu t\u00fcr bir de\u011ferlendirme ATEX Direktifi <a href=\"https:\/\/eur-lex.europa.eu\/legal-content\/PL\/TXT\/PDF\/?uri=CELEX:32014L0034&amp;from=PL\" target=\"_blank\" rel=\"noopener noreferrer\">2014\/34\/EU<\/a> ve Medikal Cihaz Direktifi MDR Y\u00f6netmeli\u011fi <a href=\"https:\/\/eur-lex.europa.eu\/legal-content\/PL\/TXT\/PDF\/?uri=CELEX:32017R0745&amp;from=PL\" target=\"_blank\" rel=\"noopener\">(EU)2017\/745<\/a> i\u00e7in zorunludur.<\/p>\n<p class=\"translation-block\">Daha fazla bilgi i\u00e7in sizi <a href=\"mailto:icrpolska@icrqa.com\" target=\"_self\">ileti\u015fime ge\u00e7meye<\/a> davet ediyoruz.<\/p>","protected":false},"excerpt":{"rendered":"<p>M\u00fc\u015fterilere ve kullan\u0131c\u0131lara piyasada bulunan \u00fcr\u00fcnlerin g\u00fcvenli bir \u015fekilde kullan\u0131lmas\u0131n\u0131 sa\u011flamak - sat\u0131n alma a\u015famas\u0131ndan elden \u00e7\u0131karma a\u015famas\u0131na kadar - \u00fcr\u00fcnlere CE i\u015fareti ili\u015ftirme y\u00fck\u00fcml\u00fcl\u00fc\u011f\u00fcn\u00fcn ve \u00fcretici\/ithalat\u00e7\u0131 taraf\u0131ndan d\u00fczenlenen uygunluk beyan\u0131n\u0131n arkas\u0131ndaki ana fikirdir. Uygunluk beyan\u0131, \u00fcreticinin \u00fcr\u00fcn\u00fcn Avrupa Birli\u011fi direktifleri ve\/veya y\u00f6netmeliklerinin temel gerekliliklerine uygunlu\u011funa ili\u015fkin bir de\u011ferlendirme yapt\u0131\u011f\u0131n\u0131n teyididir. Bir\u00e7ok \u00fcr\u00fcn i\u00e7in uygunluk beyan\u0131 ...&nbsp;<a href=\"https:\/\/icrturkey.com\/tr\/certyfikacja-wyrobow\/oznakowanie-ce\/\" rel=\"bookmark\">Daha fazlas\u0131n\u0131 oku \"<span class=\"screen-reader-text\">CE i\u015fareti<\/span><\/a><\/p>","protected":false},"author":1,"featured_media":1769,"parent":211,"menu_order":0,"comment_status":"closed","ping_status":"closed","template":"","meta":{"neve_meta_sidebar":"","neve_meta_container":"","neve_meta_enable_content_width":"off","neve_meta_content_width":70,"neve_meta_title_alignment":"","neve_meta_author_avatar":"","neve_post_elements_order":"","neve_meta_disable_header":"","neve_meta_disable_footer":"","neve_meta_disable_title":"","footnotes":""},"class_list":["post-1966","page","type-page","status-publish","has-post-thumbnail","hentry"],"yoast_head":"<!-- This site is optimized with the Yoast SEO plugin v27.3 - https:\/\/yoast.com\/product\/yoast-seo-wordpress\/ -->\n<title>Oznakowanie CE - ICR TURKEY - tests and certification<\/title>\n<meta name=\"robots\" content=\"index, follow, max-snippet:-1, max-image-preview:large, max-video-preview:-1\" \/>\n<link rel=\"canonical\" href=\"https:\/\/icrturkey.com\/tr\/certyfikacja-wyrobow\/oznakowanie-ce\/\" \/>\n<meta property=\"og:locale\" content=\"tr_TR\" \/>\n<meta property=\"og:type\" content=\"article\" \/>\n<meta property=\"og:title\" content=\"Oznakowanie CE - ICR TURKEY - tests and certification\" \/>\n<meta property=\"og:description\" content=\"Zapewnienie klientom i u\u017cytkownikom bezpiecze\u0144stwa u\u017cytkowania wyrob\u00f3w dost\u0119pnych na rynku \u2013 od zakupu do ich utylizacji \u2013 to g\u0142\u00f3wna idea obowi\u0105zku umieszczania na wyrobach oznakowania CE i deklaracji zgodno\u015bci wystawianej przez producenta\/importera. Deklaracja zgodno\u015bci jest potwierdzeniem przeprowadzenia przez producenta oceny zgodno\u015bci wyrobu z wymaganiami zasadniczymi dyrektyw i\/lub rozporz\u0105dze\u0144 Unii Europejskiej. Dla wielu wyrob\u00f3w deklaracja zgodno\u015bci&hellip;&nbsp;Daha fazlas\u0131n\u0131 oku &raquo;Oznakowanie CE\" \/>\n<meta property=\"og:url\" content=\"https:\/\/icrturkey.com\/tr\/certyfikacja-wyrobow\/oznakowanie-ce\/\" \/>\n<meta property=\"og:site_name\" content=\"ICR TURKEY - tests and certification\" \/>\n<meta property=\"article:modified_time\" content=\"2023-02-19T17:09:03+00:00\" \/>\n<meta name=\"twitter:card\" content=\"summary_large_image\" \/>\n<meta name=\"twitter:label1\" content=\"Tahmini okuma s\u00fcresi\" \/>\n\t<meta name=\"twitter:data1\" content=\"2 dakika\" \/>\n<script type=\"application\/ld+json\" class=\"yoast-schema-graph\">{\"@context\":\"https:\\\/\\\/schema.org\",\"@graph\":[{\"@type\":\"WebPage\",\"@id\":\"https:\\\/\\\/icrturkey.com\\\/certyfikacja-wyrobow\\\/oznakowanie-ce\\\/\",\"url\":\"https:\\\/\\\/icrturkey.com\\\/certyfikacja-wyrobow\\\/oznakowanie-ce\\\/\",\"name\":\"Oznakowanie CE - ICR TURKEY - tests and certification\",\"isPartOf\":{\"@id\":\"https:\\\/\\\/icrturkey.com\\\/#website\"},\"primaryImageOfPage\":{\"@id\":\"https:\\\/\\\/icrturkey.com\\\/certyfikacja-wyrobow\\\/oznakowanie-ce\\\/#primaryimage\"},\"image\":{\"@id\":\"https:\\\/\\\/icrturkey.com\\\/certyfikacja-wyrobow\\\/oznakowanie-ce\\\/#primaryimage\"},\"thumbnailUrl\":\"\",\"datePublished\":\"2019-05-22T19:48:15+00:00\",\"dateModified\":\"2023-02-19T17:09:03+00:00\",\"breadcrumb\":{\"@id\":\"https:\\\/\\\/icrturkey.com\\\/certyfikacja-wyrobow\\\/oznakowanie-ce\\\/#breadcrumb\"},\"inLanguage\":\"tr\",\"potentialAction\":[{\"@type\":\"ReadAction\",\"target\":[\"https:\\\/\\\/icrturkey.com\\\/certyfikacja-wyrobow\\\/oznakowanie-ce\\\/\"]}]},{\"@type\":\"ImageObject\",\"inLanguage\":\"tr\",\"@id\":\"https:\\\/\\\/icrturkey.com\\\/certyfikacja-wyrobow\\\/oznakowanie-ce\\\/#primaryimage\",\"url\":\"\",\"contentUrl\":\"\"},{\"@type\":\"BreadcrumbList\",\"@id\":\"https:\\\/\\\/icrturkey.com\\\/certyfikacja-wyrobow\\\/oznakowanie-ce\\\/#breadcrumb\",\"itemListElement\":[{\"@type\":\"ListItem\",\"position\":1,\"name\":\"Strona g\u0142\u00f3wna\",\"item\":\"https:\\\/\\\/icrturkey.com\\\/\"},{\"@type\":\"ListItem\",\"position\":2,\"name\":\"Certyfikacja wyrob\u00f3w\",\"item\":\"https:\\\/\\\/icrturkey.com\\\/certyfikacja-wyrobow\\\/\"},{\"@type\":\"ListItem\",\"position\":3,\"name\":\"Oznakowanie CE\"}]},{\"@type\":\"WebSite\",\"@id\":\"https:\\\/\\\/icrturkey.com\\\/#website\",\"url\":\"https:\\\/\\\/icrturkey.com\\\/\",\"name\":\"ICR TURKEY - tests and certification\",\"description\":\"CE certification, CE certificate, ISO certificate, RED testing, product testing and certification, electrical product testing, medical device testing, ATEX, IECEx, FCC, product certification, EMC testing, machinery certification, CE machines, training, electronic product testing, testing 2014\\\/53\\\/EU, drone certification, ISO 13485 certificate, ISO 9001 certificate, NC RfG\",\"publisher\":{\"@id\":\"https:\\\/\\\/icrturkey.com\\\/#\\\/schema\\\/person\\\/43aa01c7e4d61d03230a6e3e9d4e7ef2\"},\"potentialAction\":[{\"@type\":\"SearchAction\",\"target\":{\"@type\":\"EntryPoint\",\"urlTemplate\":\"https:\\\/\\\/icrturkey.com\\\/?s={search_term_string}\"},\"query-input\":{\"@type\":\"PropertyValueSpecification\",\"valueRequired\":true,\"valueName\":\"search_term_string\"}}],\"inLanguage\":\"tr\"},{\"@type\":[\"Person\",\"Organization\"],\"@id\":\"https:\\\/\\\/icrturkey.com\\\/#\\\/schema\\\/person\\\/43aa01c7e4d61d03230a6e3e9d4e7ef2\",\"name\":\"admin\",\"image\":{\"@type\":\"ImageObject\",\"inLanguage\":\"tr\",\"@id\":\"https:\\\/\\\/icrturkey.com\\\/wp-content\\\/uploads\\\/2019\\\/05\\\/cropped-logo-icr.32f04ad5-1-1.png\",\"url\":\"https:\\\/\\\/icrturkey.com\\\/wp-content\\\/uploads\\\/2019\\\/05\\\/cropped-logo-icr.32f04ad5-1-1.png\",\"contentUrl\":\"https:\\\/\\\/icrturkey.com\\\/wp-content\\\/uploads\\\/2019\\\/05\\\/cropped-logo-icr.32f04ad5-1-1.png\",\"width\":400,\"height\":148,\"caption\":\"admin\"},\"logo\":{\"@id\":\"https:\\\/\\\/icrturkey.com\\\/wp-content\\\/uploads\\\/2019\\\/05\\\/cropped-logo-icr.32f04ad5-1-1.png\"}}]}<\/script>\n<!-- \/ Yoast SEO plugin. -->","yoast_head_json":{"title":"CE i\u015fareti - ICR T\u00dcRK\u0130YE - testler ve belgelendirme","robots":{"index":"index","follow":"follow","max-snippet":"max-snippet:-1","max-image-preview":"max-image-preview:large","max-video-preview":"max-video-preview:-1"},"canonical":"https:\/\/icrturkey.com\/tr\/certyfikacja-wyrobow\/oznakowanie-ce\/","og_locale":"tr_TR","og_type":"article","og_title":"Oznakowanie CE - ICR TURKEY - tests and certification","og_description":"Zapewnienie klientom i u\u017cytkownikom bezpiecze\u0144stwa u\u017cytkowania wyrob\u00f3w dost\u0119pnych na rynku \u2013 od zakupu do ich utylizacji \u2013 to g\u0142\u00f3wna idea obowi\u0105zku umieszczania na wyrobach oznakowania CE i deklaracji zgodno\u015bci wystawianej przez producenta\/importera. Deklaracja zgodno\u015bci jest potwierdzeniem przeprowadzenia przez producenta oceny zgodno\u015bci wyrobu z wymaganiami zasadniczymi dyrektyw i\/lub rozporz\u0105dze\u0144 Unii Europejskiej. Dla wielu wyrob\u00f3w deklaracja zgodno\u015bci&hellip;&nbsp;Daha fazlas\u0131n\u0131 oku &raquo;Oznakowanie CE","og_url":"https:\/\/icrturkey.com\/tr\/certyfikacja-wyrobow\/oznakowanie-ce\/","og_site_name":"ICR TURKEY - tests and certification","article_modified_time":"2023-02-19T17:09:03+00:00","twitter_card":"summary_large_image","twitter_misc":{"Tahmini okuma s\u00fcresi":"2 dakika"},"schema":{"@context":"https:\/\/schema.org","@graph":[{"@type":"WebPage","@id":"https:\/\/icrturkey.com\/certyfikacja-wyrobow\/oznakowanie-ce\/","url":"https:\/\/icrturkey.com\/certyfikacja-wyrobow\/oznakowanie-ce\/","name":"CE i\u015fareti - ICR T\u00dcRK\u0130YE - testler ve belgelendirme","isPartOf":{"@id":"https:\/\/icrturkey.com\/#website"},"primaryImageOfPage":{"@id":"https:\/\/icrturkey.com\/certyfikacja-wyrobow\/oznakowanie-ce\/#primaryimage"},"image":{"@id":"https:\/\/icrturkey.com\/certyfikacja-wyrobow\/oznakowanie-ce\/#primaryimage"},"thumbnailUrl":"","datePublished":"2019-05-22T19:48:15+00:00","dateModified":"2023-02-19T17:09:03+00:00","breadcrumb":{"@id":"https:\/\/icrturkey.com\/certyfikacja-wyrobow\/oznakowanie-ce\/#breadcrumb"},"inLanguage":"tr","potentialAction":[{"@type":"ReadAction","target":["https:\/\/icrturkey.com\/certyfikacja-wyrobow\/oznakowanie-ce\/"]}]},{"@type":"ImageObject","inLanguage":"tr","@id":"https:\/\/icrturkey.com\/certyfikacja-wyrobow\/oznakowanie-ce\/#primaryimage","url":"","contentUrl":""},{"@type":"BreadcrumbList","@id":"https:\/\/icrturkey.com\/certyfikacja-wyrobow\/oznakowanie-ce\/#breadcrumb","itemListElement":[{"@type":"ListItem","position":1,"name":"Strona g\u0142\u00f3wna","item":"https:\/\/icrturkey.com\/"},{"@type":"ListItem","position":2,"name":"Certyfikacja wyrob\u00f3w","item":"https:\/\/icrturkey.com\/certyfikacja-wyrobow\/"},{"@type":"ListItem","position":3,"name":"Oznakowanie CE"}]},{"@type":"WebSite","@id":"https:\/\/icrturkey.com\/#website","url":"https:\/\/icrturkey.com\/","name":"ICR T\u00dcRK\u0130YE - testler ve belgelendirme","description":"CE sertifikas\u0131, CE sertifikas\u0131, ISO sertifikas\u0131, RED testi, \u00fcr\u00fcn testi ve sertifikasyonu, elektrikli \u00fcr\u00fcn testi, t\u0131bbi cihaz testi, ATEX, IECEx, FCC, \u00fcr\u00fcn sertifikasyonu, EMC testi, makine sertifikasyonu, CE makineleri, e\u011fitim, elektronik \u00fcr\u00fcn testi, 2014\/53\/EU testi, drone sertifikasyonu, ISO 13485 sertifikas\u0131, ISO 9001 sertifikas\u0131, NC RfG","publisher":{"@id":"https:\/\/icrturkey.com\/#\/schema\/person\/43aa01c7e4d61d03230a6e3e9d4e7ef2"},"potentialAction":[{"@type":"SearchAction","target":{"@type":"EntryPoint","urlTemplate":"https:\/\/icrturkey.com\/?s={search_term_string}"},"query-input":{"@type":"PropertyValueSpecification","valueRequired":true,"valueName":"search_term_string"}}],"inLanguage":"tr"},{"@type":["Person","Organization"],"@id":"https:\/\/icrturkey.com\/#\/schema\/person\/43aa01c7e4d61d03230a6e3e9d4e7ef2","name":"Y\u00f6netici","image":{"@type":"ImageObject","inLanguage":"tr","@id":"https:\/\/icrturkey.com\/wp-content\/uploads\/2019\/05\/cropped-logo-icr.32f04ad5-1-1.png","url":"https:\/\/icrturkey.com\/wp-content\/uploads\/2019\/05\/cropped-logo-icr.32f04ad5-1-1.png","contentUrl":"https:\/\/icrturkey.com\/wp-content\/uploads\/2019\/05\/cropped-logo-icr.32f04ad5-1-1.png","width":400,"height":148,"caption":"admin"},"logo":{"@id":"https:\/\/icrturkey.com\/wp-content\/uploads\/2019\/05\/cropped-logo-icr.32f04ad5-1-1.png"}}]}},"_links":{"self":[{"href":"https:\/\/icrturkey.com\/tr\/wp-json\/wp\/v2\/pages\/1966","targetHints":{"allow":["GET"]}}],"collection":[{"href":"https:\/\/icrturkey.com\/tr\/wp-json\/wp\/v2\/pages"}],"about":[{"href":"https:\/\/icrturkey.com\/tr\/wp-json\/wp\/v2\/types\/page"}],"author":[{"embeddable":true,"href":"https:\/\/icrturkey.com\/tr\/wp-json\/wp\/v2\/users\/1"}],"replies":[{"embeddable":true,"href":"https:\/\/icrturkey.com\/tr\/wp-json\/wp\/v2\/comments?post=1966"}],"version-history":[{"count":11,"href":"https:\/\/icrturkey.com\/tr\/wp-json\/wp\/v2\/pages\/1966\/revisions"}],"predecessor-version":[{"id":8792,"href":"https:\/\/icrturkey.com\/tr\/wp-json\/wp\/v2\/pages\/1966\/revisions\/8792"}],"up":[{"embeddable":true,"href":"https:\/\/icrturkey.com\/tr\/wp-json\/wp\/v2\/pages\/211"}],"wp:featuredmedia":[{"embeddable":true,"href":"https:\/\/icrturkey.com\/tr\/wp-json\/"}],"wp:attachment":[{"href":"https:\/\/icrturkey.com\/tr\/wp-json\/wp\/v2\/media?parent=1966"}],"curies":[{"name":"wp","href":"https:\/\/api.w.org\/{rel}","templated":true}]}}