{"id":1951,"date":"2019-05-22T19:17:19","date_gmt":"2019-05-22T19:17:19","guid":{"rendered":"http:\/\/icrpolska.e-ksperci.pl\/?page_id=1951"},"modified":"2022-09-07T22:54:09","modified_gmt":"2022-09-07T20:54:09","slug":"pn-en-iso-14065","status":"publish","type":"page","link":"https:\/\/icrturkey.com\/tr\/certyfikacja-systemow\/pn-en-iso-14065\/","title":{"rendered":"EN 14065"},"content":{"rendered":"<p class=\"translation-block\"><strong>EN 14065<\/strong>, tekstil \u00fcr\u00fcnlerinin kullan\u0131m ama\u00e7lar\u0131na uygun bir \u015fekilde, belirli mikrobiyolojik kalite standartlar\u0131n\u0131 kar\u015f\u0131lamalar\u0131n\u0131 sa\u011flar. <strong>EN 14065<\/strong> standard\u0131, Y\u0131kama \u0130\u015flemine Tabi Tutulmu\u015f Tekstiller \u2013 Biyolojik Kirlenme Kontrol Sistemi; ila\u00e7, t\u0131p, sa\u011fl\u0131k, kozmetik ve g\u0131da end\u00fcstrilerinde kullan\u0131lan ve \u00e7ama\u015f\u0131rhanede y\u0131kama i\u015flemine tabi tutulan tekstiller i\u00e7in ge\u00e7erlidir. Bu standarda g\u00f6re kurulan sistem, madde 7.3'\u00fcn gereklilikleri haricinde, ISO 9001'den bilinen s\u00fcre\u00e7 yakla\u015f\u0131m\u0131n\u0131 takip eder. EN 14065, 20 Kas\u0131m 2002 tarihinde CEN (Avrupa Standardizasyon Komitesi) taraf\u0131ndan olu\u015fturulmu\u015f, 2003 y\u0131l\u0131nda orijinal versiyonuyla Polonya Standartlar\u0131 setine dahil edilmi\u015f, standard\u0131n Polonya versiyonu ise Nisan 2005'te Polonya Standardizasyon Komitesi taraf\u0131ndan tan\u0131t\u0131lm\u0131\u015ft\u0131r. RABC (Risk Analizi ve Biyokontaminasyon Kontrol\u00fc), geleneksel su bazl\u0131 \u00e7ama\u015f\u0131rhanelerin yan\u0131 s\u0131ra 'temiz oda' konsepti alt\u0131nda faaliyet g\u00f6steren \u00e7ama\u015f\u0131rhaneler i\u00e7in Avrupa davran\u0131\u015f standard\u0131d\u0131r.<\/p>\n<h4>EN 14065'in Faydalar\u0131:<\/h4>\n<ul>\n<li>Personel i\u00e7in hijyenik ko\u015fullar\u0131n sa\u011flanmas\u0131,<\/li>\n<li>Y\u0131kanan tekstil \u00fcr\u00fcnleri i\u00e7in do\u011fru hijyen ko\u015fullar\u0131n\u0131n sa\u011flanmas\u0131,<\/li>\n<li>Yasa ve y\u00f6netmeliklere uygunlu\u011fun sa\u011flanmas\u0131,<\/li>\n<li>M\u00fc\u015fteriler i\u00e7in hizmet kalitesi ve hijyen ko\u015fullar\u0131na \u00f6zen g\u00f6sterilmesi,<\/li>\n<li>Yeni m\u00fc\u015fterilere ve i\u015f ortaklar\u0131na eri\u015fimin kolayla\u015ft\u0131r\u0131lmas\u0131,<\/li>\n<li>RABC sertifikas\u0131na ihtiya\u00e7 duyan \u015firketler i\u00e7in \u00e7\u00f6z\u00fcm,<\/li>\n<li>RABC sisteminin uygulanmas\u0131 ve belgelendirilmesi yoluyla \u015firketin rekabet g\u00fcc\u00fcn\u00fcn art\u0131r\u0131lmas\u0131.<\/li>\n<\/ul>","protected":false},"excerpt":{"rendered":"<p>EN 14065, \u00e7ama\u015f\u0131r y\u0131kama i\u015fleminden sonra tekstil \u00fcr\u00fcnlerinin mikrobiyolojik kalitesini sa\u011flamak i\u00e7in bir y\u00f6netim sisteminin geli\u015ftirilmesine y\u00f6nelik ilkeleri a\u00e7\u0131klamaktad\u0131r. Bu standarda g\u00f6re kurulan sistem, madde 7.3'\u00fcn gereklilikleri haricinde, ISO 9001'den bilinen s\u00fcre\u00e7 yakla\u015f\u0131m\u0131n\u0131 takip eder. EN 14065, 20 Kas\u0131m 2002'de CEN (Avrupa Standardizasyon Komitesi) taraf\u0131ndan olu\u015fturulmu\u015f ve 20 Kas\u0131m 2002'de Polonya Standartlar\u0131 setine dahil edilmi\u015ftir.&nbsp;<a href=\"https:\/\/icrturkey.com\/tr\/certyfikacja-systemow\/pn-en-iso-14065\/\" rel=\"bookmark\">Daha fazlas\u0131n\u0131 oku \"<span class=\"screen-reader-text\">EN 14065<\/span><\/a><\/p>","protected":false},"author":1,"featured_media":1070,"parent":162,"menu_order":0,"comment_status":"closed","ping_status":"closed","template":"","meta":{"neve_meta_sidebar":"","neve_meta_container":"","neve_meta_enable_content_width":"off","neve_meta_content_width":70,"neve_meta_title_alignment":"","neve_meta_author_avatar":"","neve_post_elements_order":"","neve_meta_disable_header":"","neve_meta_disable_footer":"","neve_meta_disable_title":"","footnotes":""},"class_list":["post-1951","page","type-page","status-publish","has-post-thumbnail","hentry"],"yoast_head":"<!-- This site is optimized with the Yoast SEO plugin v27.3 - https:\/\/yoast.com\/product\/yoast-seo-wordpress\/ -->\n<title>EN 14065 - ICR TURKEY - tests and certification<\/title>\n<meta name=\"robots\" content=\"index, follow, max-snippet:-1, max-image-preview:large, max-video-preview:-1\" \/>\n<link rel=\"canonical\" href=\"https:\/\/icrturkey.com\/tr\/certyfikacja-systemow\/pn-en-iso-14065\/\" \/>\n<meta property=\"og:locale\" content=\"tr_TR\" \/>\n<meta property=\"og:type\" content=\"article\" \/>\n<meta property=\"og:title\" content=\"EN 14065 - ICR TURKEY - tests and certification\" \/>\n<meta property=\"og:description\" content=\"Norma EN 14065 opisuje zasady opracowania systemu zarz\u0105dzania zapewniaj\u0105cego jako\u015b\u0107 mikrobiologiczn\u0105 tekstyli\u00f3w po obr\u00f3bce w pralni. Ustanowiony wed\u0142ug tej normy system zgodny jest z podej\u015bciem procesowym znanym z ISO 9001, z wyj\u0105tkiem wymaga\u0144 pkt 7.3. Norma EN 14065 zosta\u0142a ustanowiona przez CEN (Europejski Komitet Normalizacyjny) 20 listopada 2002 r., wprowadzona do zbioru Polskich Norm w&hellip;&nbsp;Daha fazlas\u0131n\u0131 oku &raquo;EN 14065\" \/>\n<meta property=\"og:url\" content=\"https:\/\/icrturkey.com\/tr\/certyfikacja-systemow\/pn-en-iso-14065\/\" \/>\n<meta property=\"og:site_name\" content=\"ICR TURKEY - tests and certification\" \/>\n<meta property=\"article:modified_time\" content=\"2022-09-07T20:54:09+00:00\" \/>\n<meta name=\"twitter:card\" content=\"summary_large_image\" \/>\n<meta name=\"twitter:label1\" content=\"Tahmini okuma s\u00fcresi\" \/>\n\t<meta name=\"twitter:data1\" content=\"1 dakika\" \/>\n<script type=\"application\/ld+json\" class=\"yoast-schema-graph\">{\"@context\":\"https:\\\/\\\/schema.org\",\"@graph\":[{\"@type\":\"WebPage\",\"@id\":\"https:\\\/\\\/icrturkey.com\\\/certyfikacja-systemow\\\/pn-en-iso-14065\\\/\",\"url\":\"https:\\\/\\\/icrturkey.com\\\/certyfikacja-systemow\\\/pn-en-iso-14065\\\/\",\"name\":\"EN 14065 - ICR TURKEY - tests and certification\",\"isPartOf\":{\"@id\":\"https:\\\/\\\/icrturkey.com\\\/#website\"},\"primaryImageOfPage\":{\"@id\":\"https:\\\/\\\/icrturkey.com\\\/certyfikacja-systemow\\\/pn-en-iso-14065\\\/#primaryimage\"},\"image\":{\"@id\":\"https:\\\/\\\/icrturkey.com\\\/certyfikacja-systemow\\\/pn-en-iso-14065\\\/#primaryimage\"},\"thumbnailUrl\":\"\",\"datePublished\":\"2019-05-22T19:17:19+00:00\",\"dateModified\":\"2022-09-07T20:54:09+00:00\",\"breadcrumb\":{\"@id\":\"https:\\\/\\\/icrturkey.com\\\/certyfikacja-systemow\\\/pn-en-iso-14065\\\/#breadcrumb\"},\"inLanguage\":\"tr\",\"potentialAction\":[{\"@type\":\"ReadAction\",\"target\":[\"https:\\\/\\\/icrturkey.com\\\/certyfikacja-systemow\\\/pn-en-iso-14065\\\/\"]}]},{\"@type\":\"ImageObject\",\"inLanguage\":\"tr\",\"@id\":\"https:\\\/\\\/icrturkey.com\\\/certyfikacja-systemow\\\/pn-en-iso-14065\\\/#primaryimage\",\"url\":\"\",\"contentUrl\":\"\"},{\"@type\":\"BreadcrumbList\",\"@id\":\"https:\\\/\\\/icrturkey.com\\\/certyfikacja-systemow\\\/pn-en-iso-14065\\\/#breadcrumb\",\"itemListElement\":[{\"@type\":\"ListItem\",\"position\":1,\"name\":\"Strona g\u0142\u00f3wna\",\"item\":\"https:\\\/\\\/icrturkey.com\\\/\"},{\"@type\":\"ListItem\",\"position\":2,\"name\":\"Certyfikacja system\u00f3w ISO\",\"item\":\"https:\\\/\\\/icrturkey.com\\\/certyfikacja-systemow\\\/\"},{\"@type\":\"ListItem\",\"position\":3,\"name\":\"EN 14065\"}]},{\"@type\":\"WebSite\",\"@id\":\"https:\\\/\\\/icrturkey.com\\\/#website\",\"url\":\"https:\\\/\\\/icrturkey.com\\\/\",\"name\":\"ICR TURKEY - tests and certification\",\"description\":\"CE certification, CE certificate, ISO certificate, RED testing, product testing and certification, electrical product testing, medical device testing, ATEX, IECEx, FCC, product certification, EMC testing, machinery certification, CE machines, training, electronic product testing, testing 2014\\\/53\\\/EU, drone certification, ISO 13485 certificate, ISO 9001 certificate, NC RfG\",\"publisher\":{\"@id\":\"https:\\\/\\\/icrturkey.com\\\/#\\\/schema\\\/person\\\/43aa01c7e4d61d03230a6e3e9d4e7ef2\"},\"potentialAction\":[{\"@type\":\"SearchAction\",\"target\":{\"@type\":\"EntryPoint\",\"urlTemplate\":\"https:\\\/\\\/icrturkey.com\\\/?s={search_term_string}\"},\"query-input\":{\"@type\":\"PropertyValueSpecification\",\"valueRequired\":true,\"valueName\":\"search_term_string\"}}],\"inLanguage\":\"tr\"},{\"@type\":[\"Person\",\"Organization\"],\"@id\":\"https:\\\/\\\/icrturkey.com\\\/#\\\/schema\\\/person\\\/43aa01c7e4d61d03230a6e3e9d4e7ef2\",\"name\":\"admin\",\"image\":{\"@type\":\"ImageObject\",\"inLanguage\":\"tr\",\"@id\":\"https:\\\/\\\/icrturkey.com\\\/wp-content\\\/uploads\\\/2019\\\/05\\\/cropped-logo-icr.32f04ad5-1-1.png\",\"url\":\"https:\\\/\\\/icrturkey.com\\\/wp-content\\\/uploads\\\/2019\\\/05\\\/cropped-logo-icr.32f04ad5-1-1.png\",\"contentUrl\":\"https:\\\/\\\/icrturkey.com\\\/wp-content\\\/uploads\\\/2019\\\/05\\\/cropped-logo-icr.32f04ad5-1-1.png\",\"width\":400,\"height\":148,\"caption\":\"admin\"},\"logo\":{\"@id\":\"https:\\\/\\\/icrturkey.com\\\/wp-content\\\/uploads\\\/2019\\\/05\\\/cropped-logo-icr.32f04ad5-1-1.png\"}}]}<\/script>\n<!-- \/ Yoast SEO plugin. -->","yoast_head_json":{"title":"EN 14065 - ICR T\u00dcRK\u0130YE - testler ve belgelendirme","robots":{"index":"index","follow":"follow","max-snippet":"max-snippet:-1","max-image-preview":"max-image-preview:large","max-video-preview":"max-video-preview:-1"},"canonical":"https:\/\/icrturkey.com\/tr\/certyfikacja-systemow\/pn-en-iso-14065\/","og_locale":"tr_TR","og_type":"article","og_title":"EN 14065 - ICR TURKEY - tests and certification","og_description":"Norma EN 14065 opisuje zasady opracowania systemu zarz\u0105dzania zapewniaj\u0105cego jako\u015b\u0107 mikrobiologiczn\u0105 tekstyli\u00f3w po obr\u00f3bce w pralni. Ustanowiony wed\u0142ug tej normy system zgodny jest z podej\u015bciem procesowym znanym z ISO 9001, z wyj\u0105tkiem wymaga\u0144 pkt 7.3. Norma EN 14065 zosta\u0142a ustanowiona przez CEN (Europejski Komitet Normalizacyjny) 20 listopada 2002 r., wprowadzona do zbioru Polskich Norm w&hellip;&nbsp;Daha fazlas\u0131n\u0131 oku &raquo;EN 14065","og_url":"https:\/\/icrturkey.com\/tr\/certyfikacja-systemow\/pn-en-iso-14065\/","og_site_name":"ICR TURKEY - tests and certification","article_modified_time":"2022-09-07T20:54:09+00:00","twitter_card":"summary_large_image","twitter_misc":{"Tahmini okuma s\u00fcresi":"1 dakika"},"schema":{"@context":"https:\/\/schema.org","@graph":[{"@type":"WebPage","@id":"https:\/\/icrturkey.com\/certyfikacja-systemow\/pn-en-iso-14065\/","url":"https:\/\/icrturkey.com\/certyfikacja-systemow\/pn-en-iso-14065\/","name":"EN 14065 - ICR T\u00dcRK\u0130YE - testler ve belgelendirme","isPartOf":{"@id":"https:\/\/icrturkey.com\/#website"},"primaryImageOfPage":{"@id":"https:\/\/icrturkey.com\/certyfikacja-systemow\/pn-en-iso-14065\/#primaryimage"},"image":{"@id":"https:\/\/icrturkey.com\/certyfikacja-systemow\/pn-en-iso-14065\/#primaryimage"},"thumbnailUrl":"","datePublished":"2019-05-22T19:17:19+00:00","dateModified":"2022-09-07T20:54:09+00:00","breadcrumb":{"@id":"https:\/\/icrturkey.com\/certyfikacja-systemow\/pn-en-iso-14065\/#breadcrumb"},"inLanguage":"tr","potentialAction":[{"@type":"ReadAction","target":["https:\/\/icrturkey.com\/certyfikacja-systemow\/pn-en-iso-14065\/"]}]},{"@type":"ImageObject","inLanguage":"tr","@id":"https:\/\/icrturkey.com\/certyfikacja-systemow\/pn-en-iso-14065\/#primaryimage","url":"","contentUrl":""},{"@type":"BreadcrumbList","@id":"https:\/\/icrturkey.com\/certyfikacja-systemow\/pn-en-iso-14065\/#breadcrumb","itemListElement":[{"@type":"ListItem","position":1,"name":"Strona g\u0142\u00f3wna","item":"https:\/\/icrturkey.com\/"},{"@type":"ListItem","position":2,"name":"Certyfikacja system\u00f3w ISO","item":"https:\/\/icrturkey.com\/certyfikacja-systemow\/"},{"@type":"ListItem","position":3,"name":"EN 14065"}]},{"@type":"WebSite","@id":"https:\/\/icrturkey.com\/#website","url":"https:\/\/icrturkey.com\/","name":"ICR T\u00dcRK\u0130YE - testler ve belgelendirme","description":"CE sertifikas\u0131, CE sertifikas\u0131, ISO sertifikas\u0131, RED testi, \u00fcr\u00fcn testi ve sertifikasyonu, elektrikli \u00fcr\u00fcn testi, t\u0131bbi cihaz testi, ATEX, IECEx, FCC, \u00fcr\u00fcn sertifikasyonu, EMC testi, makine sertifikasyonu, CE makineleri, e\u011fitim, elektronik \u00fcr\u00fcn testi, 2014\/53\/EU testi, drone sertifikasyonu, ISO 13485 sertifikas\u0131, ISO 9001 sertifikas\u0131, NC RfG","publisher":{"@id":"https:\/\/icrturkey.com\/#\/schema\/person\/43aa01c7e4d61d03230a6e3e9d4e7ef2"},"potentialAction":[{"@type":"SearchAction","target":{"@type":"EntryPoint","urlTemplate":"https:\/\/icrturkey.com\/?s={search_term_string}"},"query-input":{"@type":"PropertyValueSpecification","valueRequired":true,"valueName":"search_term_string"}}],"inLanguage":"tr"},{"@type":["Person","Organization"],"@id":"https:\/\/icrturkey.com\/#\/schema\/person\/43aa01c7e4d61d03230a6e3e9d4e7ef2","name":"Y\u00f6netici","image":{"@type":"ImageObject","inLanguage":"tr","@id":"https:\/\/icrturkey.com\/wp-content\/uploads\/2019\/05\/cropped-logo-icr.32f04ad5-1-1.png","url":"https:\/\/icrturkey.com\/wp-content\/uploads\/2019\/05\/cropped-logo-icr.32f04ad5-1-1.png","contentUrl":"https:\/\/icrturkey.com\/wp-content\/uploads\/2019\/05\/cropped-logo-icr.32f04ad5-1-1.png","width":400,"height":148,"caption":"admin"},"logo":{"@id":"https:\/\/icrturkey.com\/wp-content\/uploads\/2019\/05\/cropped-logo-icr.32f04ad5-1-1.png"}}]}},"_links":{"self":[{"href":"https:\/\/icrturkey.com\/tr\/wp-json\/wp\/v2\/pages\/1951","targetHints":{"allow":["GET"]}}],"collection":[{"href":"https:\/\/icrturkey.com\/tr\/wp-json\/wp\/v2\/pages"}],"about":[{"href":"https:\/\/icrturkey.com\/tr\/wp-json\/wp\/v2\/types\/page"}],"author":[{"embeddable":true,"href":"https:\/\/icrturkey.com\/tr\/wp-json\/wp\/v2\/users\/1"}],"replies":[{"embeddable":true,"href":"https:\/\/icrturkey.com\/tr\/wp-json\/wp\/v2\/comments?post=1951"}],"version-history":[{"count":3,"href":"https:\/\/icrturkey.com\/tr\/wp-json\/wp\/v2\/pages\/1951\/revisions"}],"predecessor-version":[{"id":3300,"href":"https:\/\/icrturkey.com\/tr\/wp-json\/wp\/v2\/pages\/1951\/revisions\/3300"}],"up":[{"embeddable":true,"href":"https:\/\/icrturkey.com\/tr\/wp-json\/wp\/v2\/pages\/162"}],"wp:featuredmedia":[{"embeddable":true,"href":"https:\/\/icrturkey.com\/tr\/wp-json\/"}],"wp:attachment":[{"href":"https:\/\/icrturkey.com\/tr\/wp-json\/wp\/v2\/media?parent=1951"}],"curies":[{"name":"wp","href":"https:\/\/api.w.org\/{rel}","templated":true}]}}