{"id":1945,"date":"2019-05-22T19:08:36","date_gmt":"2019-05-22T19:08:36","guid":{"rendered":"http:\/\/icrpolska.e-ksperci.pl\/?page_id=1945"},"modified":"2022-09-07T23:06:54","modified_gmt":"2022-09-07T21:06:54","slug":"iso-45001-system-zarzadzania-bezpieczenstwem-i-higiena-pracy","status":"publish","type":"page","link":"https:\/\/icrturkey.com\/tr\/certyfikacja-systemow\/iso-45001-system-zarzadzania-bezpieczenstwem-i-higiena-pracy\/","title":{"rendered":"ISO 45001 \u0130\u015f Sa\u011fl\u0131\u011f\u0131 ve G\u00fcvenli\u011fi Y\u00f6netim Sistemi"},"content":{"rendered":"<br \/>\n<h2>ISO 45001 nedir?<\/h2>\n<p class=\"translation-block\"><strong>ISO 45001<\/strong> (\u0130\u015f Sa\u011fl\u0131\u011f\u0131 ve G\u00fcvenli\u011fi Y\u00f6netim Sistemi), i\u015fyerinde meydana gelebilecek \u00e7al\u0131\u015fanlar\u0131n sa\u011fl\u0131k ve g\u00fcvenlik risklerini \u00f6ng\u00f6rmek ve \u00f6nlemek i\u00e7in tasarlanm\u0131\u015f bir y\u00f6netim sistemidir. Sistem, \u00e7al\u0131\u015fanlar\u0131n sa\u011fl\u0131k ve g\u00fcvenli\u011fi ile ilgili unsurlar\u0131 iyile\u015ftirir ve y\u00f6netir<\/p>\n<h4>ISO 45001'in Faydalar\u0131:<\/h4>\n<ul>\n<li>Uluslararas\u0131 trendlerle proaktif olarak ilgilenme becerisi kazand\u0131rmak,<\/li>\n<li>D\u0131\u015f pazara giri\u015fi kolayla\u015ft\u0131rmak i\u00e7in uluslararas\u0131 ticaretin \u00f6n\u00fcndeki sa\u011fl\u0131k ve g\u00fcvenlik engellerini ortadan kald\u0131rmak,<\/li>\n<li>ILO ve di\u011fer uluslararas\u0131 gruplar\u0131n direktiflerine uygunluk garantisi sa\u011flamak,<\/li>\n<li>ISO 9001 ve ISO 14001 ile benzer yap\u0131ya sahip entegre bir sistemin kolayl\u0131kla olu\u015fturulmas\u0131 ve etkin kalite\/\u00e7evre\/g\u00fcvenlik y\u00f6netim sistemlerinin uygulanabilmesi,<\/li>\n<li>Sa\u011fl\u0131k ve g\u00fcvenlik hususlar\u0131n\u0131 de\u011ferlendirmek,<\/li>\n<li>Can ve mal g\u00fcvenli\u011fini korumak i\u00e7in potansiyel i\u015fyeri tehlikelerinin s\u00fcrekli y\u00f6netimi\/\u00f6nlenmesi yoluyla kazalar\u0131n \u00f6nemli \u00f6l\u00e7\u00fcde azalt\u0131lmas\u0131,<\/li>\n<li>\u0130\u015f sa\u011fl\u0131\u011f\u0131 ve g\u00fcvenli\u011fi risklerinin mali boyutlar\u0131n\u0131 azaltmak,<\/li>\n<li>Kazalar\u0131 azaltarak kaza maliyetlerini d\u00fc\u015f\u00fcrmek,<\/li>\n<li>Payda\u015flar i\u00e7in yat\u0131r\u0131m istikrar\u0131 sa\u011flamak,<\/li>\n<li>Sosyal bask\u0131 ile ba\u015fa \u00e7\u0131kabilme becerisi g\u00f6stermek,<\/li>\n<li>Kamuoyunun artan g\u00fcvenlik beklentilerinin kar\u015f\u0131lanmas\u0131,<\/li>\n<li>\u0130\u015f y\u00f6netiminde artan istikrar,<\/li>\n<li>Yasa ve y\u00f6netmelikler kar\u015f\u0131s\u0131nda g\u00fc\u00e7l\u00fc bir y\u00f6netim anlay\u0131\u015f\u0131 g\u00f6stermek,<\/li>\n<li>Yerel ve uluslararas\u0131 yasa ve y\u00f6netmeliklerle proaktif olarak ilgilenme becerisi sa\u011flamak,<\/li>\n<li>Uluslararas\u0131 i\u015fg\u00fcc\u00fc topluluklar\u0131n\u0131n daha iyi izlenmesi.<\/li>\n<\/ul>","protected":false},"excerpt":{"rendered":"<p>ISO 45001 Nedir? ISO 45001 (\u0130\u015f Sa\u011fl\u0131\u011f\u0131 ve G\u00fcvenli\u011fi Y\u00f6netim Sistemi), i\u015fyerinde meydana gelebilecek \u00e7al\u0131\u015fan sa\u011fl\u0131\u011f\u0131 ve g\u00fcvenli\u011fine y\u00f6nelik riskleri \u00f6ng\u00f6rmek ve \u00f6nlemek i\u00e7in tasarlanm\u0131\u015f bir y\u00f6netim sistemidir. Sistem, \u00e7al\u0131\u015fanlar\u0131n sa\u011fl\u0131k ve g\u00fcvenli\u011fi ile ilgili unsurlar\u0131 iyile\u015ftirir ve y\u00f6netir ISO 45001'in Faydalar\u0131: Proaktif olarak...&nbsp;<a href=\"https:\/\/icrturkey.com\/tr\/certyfikacja-systemow\/iso-45001-system-zarzadzania-bezpieczenstwem-i-higiena-pracy\/\" rel=\"bookmark\">Daha fazlas\u0131n\u0131 oku \"<span class=\"screen-reader-text\">ISO 45001 \u0130\u015f Sa\u011fl\u0131\u011f\u0131 ve G\u00fcvenli\u011fi Y\u00f6netim Sistemi<\/span><\/a><\/p>","protected":false},"author":1,"featured_media":1065,"parent":162,"menu_order":0,"comment_status":"closed","ping_status":"closed","template":"","meta":{"neve_meta_sidebar":"","neve_meta_container":"","neve_meta_enable_content_width":"off","neve_meta_content_width":70,"neve_meta_title_alignment":"","neve_meta_author_avatar":"","neve_post_elements_order":"","neve_meta_disable_header":"","neve_meta_disable_footer":"","neve_meta_disable_title":"","footnotes":""},"class_list":["post-1945","page","type-page","status-publish","has-post-thumbnail","hentry"],"yoast_head":"<!-- This site is optimized with the Yoast SEO plugin v27.3 - https:\/\/yoast.com\/product\/yoast-seo-wordpress\/ -->\n<title>ISO 45001 System Zarz\u0105dzania Bezpiecze\u0144stwem i Higien\u0105 Pracy - ICR TURKEY - tests and certification<\/title>\n<meta name=\"robots\" content=\"index, follow, max-snippet:-1, max-image-preview:large, max-video-preview:-1\" \/>\n<link rel=\"canonical\" href=\"https:\/\/icrturkey.com\/tr\/certyfikacja-systemow\/iso-45001-system-zarzadzania-bezpieczenstwem-i-higiena-pracy\/\" \/>\n<meta property=\"og:locale\" content=\"tr_TR\" \/>\n<meta property=\"og:type\" content=\"article\" \/>\n<meta property=\"og:title\" content=\"ISO 45001 System Zarz\u0105dzania Bezpiecze\u0144stwem i Higien\u0105 Pracy - ICR TURKEY - tests and certification\" \/>\n<meta property=\"og:description\" content=\"Czym jest ISO 45001? ISO 45001 (System Zarz\u0105dzania Bezpiecze\u0144stwem i Higien\u0105 Pracy) to system zarz\u0105dzania, kt\u00f3ry ma za zadanie przewidzie\u0107 zagro\u017cenia dla zdrowia i bezpiecze\u0144stwa pracownik\u00f3w, mog\u0105ce wyst\u0105pi\u0107 w miejscu pracy oraz zapobiec im. System poprawia oraz zarz\u0105dza elementami zwi\u0105zanymi z bezpiecze\u0144stwem i higien\u0105 pracy pracownik\u00f3w Korzy\u015bci wynikaj\u0105ce z ISO 45001: Zdolno\u015b\u0107 do aktywnego radzenia&hellip;&nbsp;Daha fazlas\u0131n\u0131 oku &raquo;ISO 45001 System Zarz\u0105dzania Bezpiecze\u0144stwem i Higien\u0105 Pracy\" \/>\n<meta property=\"og:url\" content=\"https:\/\/icrturkey.com\/tr\/certyfikacja-systemow\/iso-45001-system-zarzadzania-bezpieczenstwem-i-higiena-pracy\/\" \/>\n<meta property=\"og:site_name\" content=\"ICR TURKEY - tests and certification\" \/>\n<meta property=\"article:modified_time\" content=\"2022-09-07T21:06:54+00:00\" \/>\n<meta name=\"twitter:card\" content=\"summary_large_image\" \/>\n<meta name=\"twitter:label1\" content=\"Tahmini okuma s\u00fcresi\" \/>\n\t<meta name=\"twitter:data1\" content=\"2 dakika\" \/>\n<script type=\"application\/ld+json\" class=\"yoast-schema-graph\">{\"@context\":\"https:\\\/\\\/schema.org\",\"@graph\":[{\"@type\":\"WebPage\",\"@id\":\"https:\\\/\\\/icrturkey.com\\\/certyfikacja-systemow\\\/iso-45001-system-zarzadzania-bezpieczenstwem-i-higiena-pracy\\\/\",\"url\":\"https:\\\/\\\/icrturkey.com\\\/certyfikacja-systemow\\\/iso-45001-system-zarzadzania-bezpieczenstwem-i-higiena-pracy\\\/\",\"name\":\"ISO 45001 System Zarz\u0105dzania Bezpiecze\u0144stwem i Higien\u0105 Pracy - ICR TURKEY - tests and certification\",\"isPartOf\":{\"@id\":\"https:\\\/\\\/icrturkey.com\\\/#website\"},\"primaryImageOfPage\":{\"@id\":\"https:\\\/\\\/icrturkey.com\\\/certyfikacja-systemow\\\/iso-45001-system-zarzadzania-bezpieczenstwem-i-higiena-pracy\\\/#primaryimage\"},\"image\":{\"@id\":\"https:\\\/\\\/icrturkey.com\\\/certyfikacja-systemow\\\/iso-45001-system-zarzadzania-bezpieczenstwem-i-higiena-pracy\\\/#primaryimage\"},\"thumbnailUrl\":\"\",\"datePublished\":\"2019-05-22T19:08:36+00:00\",\"dateModified\":\"2022-09-07T21:06:54+00:00\",\"breadcrumb\":{\"@id\":\"https:\\\/\\\/icrturkey.com\\\/certyfikacja-systemow\\\/iso-45001-system-zarzadzania-bezpieczenstwem-i-higiena-pracy\\\/#breadcrumb\"},\"inLanguage\":\"tr\",\"potentialAction\":[{\"@type\":\"ReadAction\",\"target\":[\"https:\\\/\\\/icrturkey.com\\\/certyfikacja-systemow\\\/iso-45001-system-zarzadzania-bezpieczenstwem-i-higiena-pracy\\\/\"]}]},{\"@type\":\"ImageObject\",\"inLanguage\":\"tr\",\"@id\":\"https:\\\/\\\/icrturkey.com\\\/certyfikacja-systemow\\\/iso-45001-system-zarzadzania-bezpieczenstwem-i-higiena-pracy\\\/#primaryimage\",\"url\":\"\",\"contentUrl\":\"\"},{\"@type\":\"BreadcrumbList\",\"@id\":\"https:\\\/\\\/icrturkey.com\\\/certyfikacja-systemow\\\/iso-45001-system-zarzadzania-bezpieczenstwem-i-higiena-pracy\\\/#breadcrumb\",\"itemListElement\":[{\"@type\":\"ListItem\",\"position\":1,\"name\":\"Strona g\u0142\u00f3wna\",\"item\":\"https:\\\/\\\/icrturkey.com\\\/\"},{\"@type\":\"ListItem\",\"position\":2,\"name\":\"Certyfikacja system\u00f3w ISO\",\"item\":\"https:\\\/\\\/icrturkey.com\\\/certyfikacja-systemow\\\/\"},{\"@type\":\"ListItem\",\"position\":3,\"name\":\"ISO 45001 System Zarz\u0105dzania Bezpiecze\u0144stwem i Higien\u0105 Pracy\"}]},{\"@type\":\"WebSite\",\"@id\":\"https:\\\/\\\/icrturkey.com\\\/#website\",\"url\":\"https:\\\/\\\/icrturkey.com\\\/\",\"name\":\"ICR TURKEY - tests and certification\",\"description\":\"CE certification, CE certificate, ISO certificate, RED testing, product testing and certification, electrical product testing, medical device testing, ATEX, IECEx, FCC, product certification, EMC testing, machinery certification, CE machines, training, electronic product testing, testing 2014\\\/53\\\/EU, drone certification, ISO 13485 certificate, ISO 9001 certificate, NC RfG\",\"publisher\":{\"@id\":\"https:\\\/\\\/icrturkey.com\\\/#\\\/schema\\\/person\\\/43aa01c7e4d61d03230a6e3e9d4e7ef2\"},\"potentialAction\":[{\"@type\":\"SearchAction\",\"target\":{\"@type\":\"EntryPoint\",\"urlTemplate\":\"https:\\\/\\\/icrturkey.com\\\/?s={search_term_string}\"},\"query-input\":{\"@type\":\"PropertyValueSpecification\",\"valueRequired\":true,\"valueName\":\"search_term_string\"}}],\"inLanguage\":\"tr\"},{\"@type\":[\"Person\",\"Organization\"],\"@id\":\"https:\\\/\\\/icrturkey.com\\\/#\\\/schema\\\/person\\\/43aa01c7e4d61d03230a6e3e9d4e7ef2\",\"name\":\"admin\",\"image\":{\"@type\":\"ImageObject\",\"inLanguage\":\"tr\",\"@id\":\"https:\\\/\\\/icrturkey.com\\\/wp-content\\\/uploads\\\/2019\\\/05\\\/cropped-logo-icr.32f04ad5-1-1.png\",\"url\":\"https:\\\/\\\/icrturkey.com\\\/wp-content\\\/uploads\\\/2019\\\/05\\\/cropped-logo-icr.32f04ad5-1-1.png\",\"contentUrl\":\"https:\\\/\\\/icrturkey.com\\\/wp-content\\\/uploads\\\/2019\\\/05\\\/cropped-logo-icr.32f04ad5-1-1.png\",\"width\":400,\"height\":148,\"caption\":\"admin\"},\"logo\":{\"@id\":\"https:\\\/\\\/icrturkey.com\\\/wp-content\\\/uploads\\\/2019\\\/05\\\/cropped-logo-icr.32f04ad5-1-1.png\"}}]}<\/script>\n<!-- \/ Yoast SEO plugin. -->","yoast_head_json":{"title":"ISO 45001 \u0130\u015f sa\u011fl\u0131\u011f\u0131 ve g\u00fcvenli\u011fi y\u00f6netim sistemi - ICR TURKEY - testler ve belgelendirme","robots":{"index":"index","follow":"follow","max-snippet":"max-snippet:-1","max-image-preview":"max-image-preview:large","max-video-preview":"max-video-preview:-1"},"canonical":"https:\/\/icrturkey.com\/tr\/certyfikacja-systemow\/iso-45001-system-zarzadzania-bezpieczenstwem-i-higiena-pracy\/","og_locale":"tr_TR","og_type":"article","og_title":"ISO 45001 System Zarz\u0105dzania Bezpiecze\u0144stwem i Higien\u0105 Pracy - ICR TURKEY - tests and certification","og_description":"Czym jest ISO 45001? ISO 45001 (System Zarz\u0105dzania Bezpiecze\u0144stwem i Higien\u0105 Pracy) to system zarz\u0105dzania, kt\u00f3ry ma za zadanie przewidzie\u0107 zagro\u017cenia dla zdrowia i bezpiecze\u0144stwa pracownik\u00f3w, mog\u0105ce wyst\u0105pi\u0107 w miejscu pracy oraz zapobiec im. System poprawia oraz zarz\u0105dza elementami zwi\u0105zanymi z bezpiecze\u0144stwem i higien\u0105 pracy pracownik\u00f3w Korzy\u015bci wynikaj\u0105ce z ISO 45001: Zdolno\u015b\u0107 do aktywnego radzenia&hellip;&nbsp;Daha fazlas\u0131n\u0131 oku &raquo;ISO 45001 System Zarz\u0105dzania Bezpiecze\u0144stwem i Higien\u0105 Pracy","og_url":"https:\/\/icrturkey.com\/tr\/certyfikacja-systemow\/iso-45001-system-zarzadzania-bezpieczenstwem-i-higiena-pracy\/","og_site_name":"ICR TURKEY - tests and certification","article_modified_time":"2022-09-07T21:06:54+00:00","twitter_card":"summary_large_image","twitter_misc":{"Tahmini okuma s\u00fcresi":"2 dakika"},"schema":{"@context":"https:\/\/schema.org","@graph":[{"@type":"WebPage","@id":"https:\/\/icrturkey.com\/certyfikacja-systemow\/iso-45001-system-zarzadzania-bezpieczenstwem-i-higiena-pracy\/","url":"https:\/\/icrturkey.com\/certyfikacja-systemow\/iso-45001-system-zarzadzania-bezpieczenstwem-i-higiena-pracy\/","name":"ISO 45001 \u0130\u015f sa\u011fl\u0131\u011f\u0131 ve g\u00fcvenli\u011fi y\u00f6netim sistemi - ICR TURKEY - testler ve belgelendirme","isPartOf":{"@id":"https:\/\/icrturkey.com\/#website"},"primaryImageOfPage":{"@id":"https:\/\/icrturkey.com\/certyfikacja-systemow\/iso-45001-system-zarzadzania-bezpieczenstwem-i-higiena-pracy\/#primaryimage"},"image":{"@id":"https:\/\/icrturkey.com\/certyfikacja-systemow\/iso-45001-system-zarzadzania-bezpieczenstwem-i-higiena-pracy\/#primaryimage"},"thumbnailUrl":"","datePublished":"2019-05-22T19:08:36+00:00","dateModified":"2022-09-07T21:06:54+00:00","breadcrumb":{"@id":"https:\/\/icrturkey.com\/certyfikacja-systemow\/iso-45001-system-zarzadzania-bezpieczenstwem-i-higiena-pracy\/#breadcrumb"},"inLanguage":"tr","potentialAction":[{"@type":"ReadAction","target":["https:\/\/icrturkey.com\/certyfikacja-systemow\/iso-45001-system-zarzadzania-bezpieczenstwem-i-higiena-pracy\/"]}]},{"@type":"ImageObject","inLanguage":"tr","@id":"https:\/\/icrturkey.com\/certyfikacja-systemow\/iso-45001-system-zarzadzania-bezpieczenstwem-i-higiena-pracy\/#primaryimage","url":"","contentUrl":""},{"@type":"BreadcrumbList","@id":"https:\/\/icrturkey.com\/certyfikacja-systemow\/iso-45001-system-zarzadzania-bezpieczenstwem-i-higiena-pracy\/#breadcrumb","itemListElement":[{"@type":"ListItem","position":1,"name":"Strona g\u0142\u00f3wna","item":"https:\/\/icrturkey.com\/"},{"@type":"ListItem","position":2,"name":"Certyfikacja system\u00f3w ISO","item":"https:\/\/icrturkey.com\/certyfikacja-systemow\/"},{"@type":"ListItem","position":3,"name":"ISO 45001 System Zarz\u0105dzania Bezpiecze\u0144stwem i Higien\u0105 Pracy"}]},{"@type":"WebSite","@id":"https:\/\/icrturkey.com\/#website","url":"https:\/\/icrturkey.com\/","name":"ICR T\u00dcRK\u0130YE - testler ve belgelendirme","description":"CE sertifikas\u0131, CE sertifikas\u0131, ISO sertifikas\u0131, RED testi, \u00fcr\u00fcn testi ve sertifikasyonu, elektrikli \u00fcr\u00fcn testi, t\u0131bbi cihaz testi, ATEX, IECEx, FCC, \u00fcr\u00fcn sertifikasyonu, EMC testi, makine sertifikasyonu, CE makineleri, e\u011fitim, elektronik \u00fcr\u00fcn testi, 2014\/53\/EU testi, drone sertifikasyonu, ISO 13485 sertifikas\u0131, ISO 9001 sertifikas\u0131, NC RfG","publisher":{"@id":"https:\/\/icrturkey.com\/#\/schema\/person\/43aa01c7e4d61d03230a6e3e9d4e7ef2"},"potentialAction":[{"@type":"SearchAction","target":{"@type":"EntryPoint","urlTemplate":"https:\/\/icrturkey.com\/?s={search_term_string}"},"query-input":{"@type":"PropertyValueSpecification","valueRequired":true,"valueName":"search_term_string"}}],"inLanguage":"tr"},{"@type":["Person","Organization"],"@id":"https:\/\/icrturkey.com\/#\/schema\/person\/43aa01c7e4d61d03230a6e3e9d4e7ef2","name":"Y\u00f6netici","image":{"@type":"ImageObject","inLanguage":"tr","@id":"https:\/\/icrturkey.com\/wp-content\/uploads\/2019\/05\/cropped-logo-icr.32f04ad5-1-1.png","url":"https:\/\/icrturkey.com\/wp-content\/uploads\/2019\/05\/cropped-logo-icr.32f04ad5-1-1.png","contentUrl":"https:\/\/icrturkey.com\/wp-content\/uploads\/2019\/05\/cropped-logo-icr.32f04ad5-1-1.png","width":400,"height":148,"caption":"admin"},"logo":{"@id":"https:\/\/icrturkey.com\/wp-content\/uploads\/2019\/05\/cropped-logo-icr.32f04ad5-1-1.png"}}]}},"_links":{"self":[{"href":"https:\/\/icrturkey.com\/tr\/wp-json\/wp\/v2\/pages\/1945","targetHints":{"allow":["GET"]}}],"collection":[{"href":"https:\/\/icrturkey.com\/tr\/wp-json\/wp\/v2\/pages"}],"about":[{"href":"https:\/\/icrturkey.com\/tr\/wp-json\/wp\/v2\/types\/page"}],"author":[{"embeddable":true,"href":"https:\/\/icrturkey.com\/tr\/wp-json\/wp\/v2\/users\/1"}],"replies":[{"embeddable":true,"href":"https:\/\/icrturkey.com\/tr\/wp-json\/wp\/v2\/comments?post=1945"}],"version-history":[{"count":1,"href":"https:\/\/icrturkey.com\/tr\/wp-json\/wp\/v2\/pages\/1945\/revisions"}],"predecessor-version":[{"id":5635,"href":"https:\/\/icrturkey.com\/tr\/wp-json\/wp\/v2\/pages\/1945\/revisions\/5635"}],"up":[{"embeddable":true,"href":"https:\/\/icrturkey.com\/tr\/wp-json\/wp\/v2\/pages\/162"}],"wp:featuredmedia":[{"embeddable":true,"href":"https:\/\/icrturkey.com\/tr\/wp-json\/"}],"wp:attachment":[{"href":"https:\/\/icrturkey.com\/tr\/wp-json\/wp\/v2\/media?parent=1945"}],"curies":[{"name":"wp","href":"https:\/\/api.w.org\/{rel}","templated":true}]}}