{"id":1918,"date":"2019-05-22T07:39:43","date_gmt":"2019-05-22T07:39:43","guid":{"rendered":"http:\/\/icrpolska.e-ksperci.pl\/?page_id=1918"},"modified":"2022-09-07T23:06:39","modified_gmt":"2022-09-07T21:06:39","slug":"iso-14001","status":"publish","type":"page","link":"https:\/\/icrturkey.com\/tr\/certyfikacja-systemow\/iso-14001\/","title":{"rendered":"ISO 14001"},"content":{"rendered":"<p><strong>ISO 14001 nedir?<\/strong><\/p>\n<p class=\"translation-block\"><strong>ISO 14001<\/strong>, ISO taraf\u0131ndan d\u00fczenlenen \u00e7evre y\u00f6netim sistemleri i\u00e7in uluslararas\u0131 standartt\u0131r.<\/p>\n<p class=\"translation-block\">Daha spesifik olarak, <strong>ISO 14001<\/strong>, kurulu\u015fun faaliyeti s\u0131ras\u0131nda ortaya \u00e7\u0131kan \u00e7evre boyutlar\u0131n\u0131n sistematik olarak belirlenmesi, de\u011ferlendirilmesi, kontrol\u00fc ve iyile\u015ftirilmesi yoluyla kurulu\u015fun kar\u015f\u0131la\u015ft\u0131\u011f\u0131 \u00e7evresel risklerin s\u00fcrekli olarak ortadan kald\u0131r\u0131lmas\u0131 veya azalt\u0131lmas\u0131 \u015feklinde bir kurulu\u015fun katk\u0131s\u0131n\u0131 gerektiren bir y\u00f6netim sistemidir.<\/p>\n<p>D\u00fcnya \u00e7ap\u0131nda bir \u00e7evre y\u00f6netim sistemi i\u00e7in gereklilikler end\u00fcstrinin t\u00fcm alanlar\u0131na yay\u0131lm\u0131\u015ft\u0131r ve baz\u0131lar\u0131nda bir \u00e7evre y\u00f6netim sistemi i\u015f hedeflerine ula\u015fmak i\u00e7in zorunlu bir fakt\u00f6rd\u00fcr.<br \/>\nStandart, ISO 9001 (QMS) gibi, b\u00fcy\u00fckl\u00fc\u011f\u00fc ne olursa olsun, herhangi bir sekt\u00f6rdeki herhangi bir kurulu\u015fa uygulanabilir.<\/p>\n<p>ISO 14001, bir y\u00f6netim sistemi konseptinin temelini olu\u015fturan Planla-Uygula-Kontrol Et-\u00d6nlem Al modeline g\u00f6re, kurulu\u015f \u00fczerindeki \u00e7evresel etkiyi dikkate alarak, kontrol ederek ve denetleyerek t\u00fcm \u00e7evre y\u00f6netim sistemlerini geli\u015ftirebilir.<\/p>\n<p><img fetchpriority=\"high\" decoding=\"async\" class=\"alignnone wp-image-2533 size-full\" src=\"https:\/\/icrturkey.com\/wp-content\/uploads\/2019\/06\/AdobeStock_43226126_iso14001_2000.jpg\" alt=\"ISO 14001\" width=\"2000\" height=\"1333\" srcset=\"https:\/\/icrturkey.com\/wp-content\/uploads\/2019\/06\/AdobeStock_43226126_iso14001_2000.jpg 2000w, https:\/\/icrturkey.com\/wp-content\/uploads\/2019\/06\/AdobeStock_43226126_iso14001_2000-300x200.jpg 300w, https:\/\/icrturkey.com\/wp-content\/uploads\/2019\/06\/AdobeStock_43226126_iso14001_2000-768x512.jpg 768w, https:\/\/icrturkey.com\/wp-content\/uploads\/2019\/06\/AdobeStock_43226126_iso14001_2000-1024x682.jpg 1024w\" sizes=\"(max-width: 2000px) 100vw, 2000px\" \/><\/p>\n<p><strong>ISO 14001'in Faydalar\u0131:<\/strong><\/p>\n<ul>\n<li>Gelecek nesiller i\u00e7in \u00e7evreyi korumak,<\/li>\n<li>Bu standart, \u015firketlerin rekabet g\u00fcc\u00fcn\u00fc g\u00fc\u00e7lendirmek i\u00e7in bir ara\u00e7 olarak kullan\u0131l\u0131r,<\/li>\n<li>H\u00fck\u00fcmet organlar\u0131 ve uluslararas\u0131 gruplar taraf\u0131ndan olu\u015fturulan \u00e7e\u015fitli \u00e7evresel d\u00fczenlemelerle proaktif olarak ilgilenme becerisi geli\u015ftirmek,<\/li>\n<li>M\u00fc\u015fteriler ve \u00e7evre \u00f6rg\u00fctleri de dahil olmak \u00fczere payda\u015flardan gelen bask\u0131larla etkin bir \u015fekilde ba\u015fa \u00e7\u0131kabilme becerisi geli\u015ftirmek,<\/li>\n<li>\u00c7evresel risklerin etkin kontrol\u00fcn\u00fc sa\u011flamak,<\/li>\n<li>Rekabet\u00e7i s\u00fcre\u00e7ler geli\u015ftirmek,<\/li>\n<li>Tasarruf sa\u011flamak,<\/li>\n<li>Devlet kurumlar\u0131, yerel topluluklar, m\u00fc\u015fteriler ve \u00e7evre \u00f6rg\u00fctleri de dahil olmak \u00fczere t\u00fcm payda\u015flarla iyi ili\u015fkiler s\u00fcrd\u00fcrmek,<\/li>\n<li>M\u00fc\u015fteri (yat\u0131r\u0131mc\u0131) memnuniyeti sa\u011flamak.<\/li>\n<\/ul>","protected":false},"excerpt":{"rendered":"<p>ISO 14001 nedir? ISO 14001, ISO taraf\u0131ndan d\u00fczenlenen \u00e7evre y\u00f6netim sistemleri i\u00e7in uluslararas\u0131 bir standartt\u0131r. Daha spesifik olarak ISO 14001, bir kurulu\u015fun, kurulu\u015fun y\u00f6netimi s\u0131ras\u0131nda ortaya \u00e7\u0131kan \u00e7evresel hususlar\u0131 sistematik olarak tan\u0131mlayarak, de\u011ferlendirerek, kontrol ederek ve iyile\u015ftirerek, kurulu\u015fun kar\u015f\u0131la\u015ft\u0131\u011f\u0131 \u00e7evresel risklerin s\u00fcrekli olarak ortadan kald\u0131r\u0131lmas\u0131na veya azalt\u0131lmas\u0131na katk\u0131da bulunmas\u0131n\u0131 gerektiren bir y\u00f6netim sistemidir. Bir y\u00f6netim sistemi i\u00e7in gereklilikler ...&nbsp;<a href=\"https:\/\/icrturkey.com\/tr\/certyfikacja-systemow\/iso-14001\/\" rel=\"bookmark\">Daha fazlas\u0131n\u0131 oku \"<span class=\"screen-reader-text\">ISO 14001<\/span><\/a><\/p>","protected":false},"author":1,"featured_media":1163,"parent":162,"menu_order":0,"comment_status":"closed","ping_status":"closed","template":"","meta":{"neve_meta_sidebar":"","neve_meta_container":"","neve_meta_enable_content_width":"off","neve_meta_content_width":70,"neve_meta_title_alignment":"","neve_meta_author_avatar":"","neve_post_elements_order":"","neve_meta_disable_header":"","neve_meta_disable_footer":"","neve_meta_disable_title":"","footnotes":""},"class_list":["post-1918","page","type-page","status-publish","has-post-thumbnail","hentry"],"yoast_head":"<!-- This site is optimized with the Yoast SEO plugin v27.3 - https:\/\/yoast.com\/product\/yoast-seo-wordpress\/ -->\n<title>ISO 14001 - ICR TURKEY - tests and certification<\/title>\n<meta name=\"robots\" content=\"index, follow, max-snippet:-1, max-image-preview:large, max-video-preview:-1\" \/>\n<link rel=\"canonical\" href=\"https:\/\/icrturkey.com\/tr\/certyfikacja-systemow\/iso-14001\/\" \/>\n<meta property=\"og:locale\" content=\"tr_TR\" \/>\n<meta property=\"og:type\" content=\"article\" \/>\n<meta property=\"og:title\" content=\"ISO 14001 - ICR TURKEY - tests and certification\" \/>\n<meta property=\"og:description\" content=\"Czym jest ISO 14001? ISO 14001 jest mi\u0119dzynarodowym standardem dla system\u00f3w zarz\u0105dzania \u015brodowiskowego regulowanym przez ISO. A dok\u0142adniej, ISO 14001 jest system zarz\u0105dzania, wymagaj\u0105cym wk\u0142adu organizacji w postaci ci\u0105g\u0142ego usuwania lub zmniejszania zagro\u017ce\u0144 \u015brodowiskowych, jakie napotyka organizacja, poprzez systematyczne identyfikowanie, ocenianie, kontrolowania i poprawianie aspekt\u00f3w \u015brodowiskowych, powstaj\u0105cych w trakcie zarz\u0105dzania organizacj\u0105. Wymagania dotycz\u0105ce systemu zarz\u0105dzania&hellip;&nbsp;Daha fazlas\u0131n\u0131 oku &raquo;ISO 14001\" \/>\n<meta property=\"og:url\" content=\"https:\/\/icrturkey.com\/tr\/certyfikacja-systemow\/iso-14001\/\" \/>\n<meta property=\"og:site_name\" content=\"ICR TURKEY - tests and certification\" \/>\n<meta property=\"article:modified_time\" content=\"2022-09-07T21:06:39+00:00\" \/>\n<meta name=\"twitter:card\" content=\"summary_large_image\" \/>\n<meta name=\"twitter:label1\" content=\"Tahmini okuma s\u00fcresi\" \/>\n\t<meta name=\"twitter:data1\" content=\"2 dakika\" \/>\n<script type=\"application\/ld+json\" class=\"yoast-schema-graph\">{\"@context\":\"https:\\\/\\\/schema.org\",\"@graph\":[{\"@type\":\"WebPage\",\"@id\":\"https:\\\/\\\/icrturkey.com\\\/certyfikacja-systemow\\\/iso-14001\\\/\",\"url\":\"https:\\\/\\\/icrturkey.com\\\/certyfikacja-systemow\\\/iso-14001\\\/\",\"name\":\"ISO 14001 - ICR TURKEY - tests and certification\",\"isPartOf\":{\"@id\":\"https:\\\/\\\/icrturkey.com\\\/#website\"},\"primaryImageOfPage\":{\"@id\":\"https:\\\/\\\/icrturkey.com\\\/certyfikacja-systemow\\\/iso-14001\\\/#primaryimage\"},\"image\":{\"@id\":\"https:\\\/\\\/icrturkey.com\\\/certyfikacja-systemow\\\/iso-14001\\\/#primaryimage\"},\"thumbnailUrl\":\"\",\"datePublished\":\"2019-05-22T07:39:43+00:00\",\"dateModified\":\"2022-09-07T21:06:39+00:00\",\"breadcrumb\":{\"@id\":\"https:\\\/\\\/icrturkey.com\\\/certyfikacja-systemow\\\/iso-14001\\\/#breadcrumb\"},\"inLanguage\":\"tr\",\"potentialAction\":[{\"@type\":\"ReadAction\",\"target\":[\"https:\\\/\\\/icrturkey.com\\\/certyfikacja-systemow\\\/iso-14001\\\/\"]}]},{\"@type\":\"ImageObject\",\"inLanguage\":\"tr\",\"@id\":\"https:\\\/\\\/icrturkey.com\\\/certyfikacja-systemow\\\/iso-14001\\\/#primaryimage\",\"url\":\"\",\"contentUrl\":\"\"},{\"@type\":\"BreadcrumbList\",\"@id\":\"https:\\\/\\\/icrturkey.com\\\/certyfikacja-systemow\\\/iso-14001\\\/#breadcrumb\",\"itemListElement\":[{\"@type\":\"ListItem\",\"position\":1,\"name\":\"Strona g\u0142\u00f3wna\",\"item\":\"https:\\\/\\\/icrturkey.com\\\/\"},{\"@type\":\"ListItem\",\"position\":2,\"name\":\"Certyfikacja system\u00f3w ISO\",\"item\":\"https:\\\/\\\/icrturkey.com\\\/certyfikacja-systemow\\\/\"},{\"@type\":\"ListItem\",\"position\":3,\"name\":\"ISO 14001\"}]},{\"@type\":\"WebSite\",\"@id\":\"https:\\\/\\\/icrturkey.com\\\/#website\",\"url\":\"https:\\\/\\\/icrturkey.com\\\/\",\"name\":\"ICR TURKEY - tests and certification\",\"description\":\"CE certification, CE certificate, ISO certificate, RED testing, product testing and certification, electrical product testing, medical device testing, ATEX, IECEx, FCC, product certification, EMC testing, machinery certification, CE machines, training, electronic product testing, testing 2014\\\/53\\\/EU, drone certification, ISO 13485 certificate, ISO 9001 certificate, NC RfG\",\"publisher\":{\"@id\":\"https:\\\/\\\/icrturkey.com\\\/#\\\/schema\\\/person\\\/43aa01c7e4d61d03230a6e3e9d4e7ef2\"},\"potentialAction\":[{\"@type\":\"SearchAction\",\"target\":{\"@type\":\"EntryPoint\",\"urlTemplate\":\"https:\\\/\\\/icrturkey.com\\\/?s={search_term_string}\"},\"query-input\":{\"@type\":\"PropertyValueSpecification\",\"valueRequired\":true,\"valueName\":\"search_term_string\"}}],\"inLanguage\":\"tr\"},{\"@type\":[\"Person\",\"Organization\"],\"@id\":\"https:\\\/\\\/icrturkey.com\\\/#\\\/schema\\\/person\\\/43aa01c7e4d61d03230a6e3e9d4e7ef2\",\"name\":\"admin\",\"image\":{\"@type\":\"ImageObject\",\"inLanguage\":\"tr\",\"@id\":\"https:\\\/\\\/icrturkey.com\\\/wp-content\\\/uploads\\\/2019\\\/05\\\/cropped-logo-icr.32f04ad5-1-1.png\",\"url\":\"https:\\\/\\\/icrturkey.com\\\/wp-content\\\/uploads\\\/2019\\\/05\\\/cropped-logo-icr.32f04ad5-1-1.png\",\"contentUrl\":\"https:\\\/\\\/icrturkey.com\\\/wp-content\\\/uploads\\\/2019\\\/05\\\/cropped-logo-icr.32f04ad5-1-1.png\",\"width\":400,\"height\":148,\"caption\":\"admin\"},\"logo\":{\"@id\":\"https:\\\/\\\/icrturkey.com\\\/wp-content\\\/uploads\\\/2019\\\/05\\\/cropped-logo-icr.32f04ad5-1-1.png\"}}]}<\/script>\n<!-- \/ Yoast SEO plugin. -->","yoast_head_json":{"title":"ISO 14001 - ICR T\u00dcRK\u0130YE - testler ve belgelendirme","robots":{"index":"index","follow":"follow","max-snippet":"max-snippet:-1","max-image-preview":"max-image-preview:large","max-video-preview":"max-video-preview:-1"},"canonical":"https:\/\/icrturkey.com\/tr\/certyfikacja-systemow\/iso-14001\/","og_locale":"tr_TR","og_type":"article","og_title":"ISO 14001 - ICR TURKEY - tests and certification","og_description":"Czym jest ISO 14001? ISO 14001 jest mi\u0119dzynarodowym standardem dla system\u00f3w zarz\u0105dzania \u015brodowiskowego regulowanym przez ISO. A dok\u0142adniej, ISO 14001 jest system zarz\u0105dzania, wymagaj\u0105cym wk\u0142adu organizacji w postaci ci\u0105g\u0142ego usuwania lub zmniejszania zagro\u017ce\u0144 \u015brodowiskowych, jakie napotyka organizacja, poprzez systematyczne identyfikowanie, ocenianie, kontrolowania i poprawianie aspekt\u00f3w \u015brodowiskowych, powstaj\u0105cych w trakcie zarz\u0105dzania organizacj\u0105. Wymagania dotycz\u0105ce systemu zarz\u0105dzania&hellip;&nbsp;Daha fazlas\u0131n\u0131 oku &raquo;ISO 14001","og_url":"https:\/\/icrturkey.com\/tr\/certyfikacja-systemow\/iso-14001\/","og_site_name":"ICR TURKEY - tests and certification","article_modified_time":"2022-09-07T21:06:39+00:00","twitter_card":"summary_large_image","twitter_misc":{"Tahmini okuma s\u00fcresi":"2 dakika"},"schema":{"@context":"https:\/\/schema.org","@graph":[{"@type":"WebPage","@id":"https:\/\/icrturkey.com\/certyfikacja-systemow\/iso-14001\/","url":"https:\/\/icrturkey.com\/certyfikacja-systemow\/iso-14001\/","name":"ISO 14001 - ICR T\u00dcRK\u0130YE - testler ve belgelendirme","isPartOf":{"@id":"https:\/\/icrturkey.com\/#website"},"primaryImageOfPage":{"@id":"https:\/\/icrturkey.com\/certyfikacja-systemow\/iso-14001\/#primaryimage"},"image":{"@id":"https:\/\/icrturkey.com\/certyfikacja-systemow\/iso-14001\/#primaryimage"},"thumbnailUrl":"","datePublished":"2019-05-22T07:39:43+00:00","dateModified":"2022-09-07T21:06:39+00:00","breadcrumb":{"@id":"https:\/\/icrturkey.com\/certyfikacja-systemow\/iso-14001\/#breadcrumb"},"inLanguage":"tr","potentialAction":[{"@type":"ReadAction","target":["https:\/\/icrturkey.com\/certyfikacja-systemow\/iso-14001\/"]}]},{"@type":"ImageObject","inLanguage":"tr","@id":"https:\/\/icrturkey.com\/certyfikacja-systemow\/iso-14001\/#primaryimage","url":"","contentUrl":""},{"@type":"BreadcrumbList","@id":"https:\/\/icrturkey.com\/certyfikacja-systemow\/iso-14001\/#breadcrumb","itemListElement":[{"@type":"ListItem","position":1,"name":"Strona g\u0142\u00f3wna","item":"https:\/\/icrturkey.com\/"},{"@type":"ListItem","position":2,"name":"Certyfikacja system\u00f3w ISO","item":"https:\/\/icrturkey.com\/certyfikacja-systemow\/"},{"@type":"ListItem","position":3,"name":"ISO 14001"}]},{"@type":"WebSite","@id":"https:\/\/icrturkey.com\/#website","url":"https:\/\/icrturkey.com\/","name":"ICR T\u00dcRK\u0130YE - testler ve belgelendirme","description":"CE sertifikas\u0131, CE sertifikas\u0131, ISO sertifikas\u0131, RED testi, \u00fcr\u00fcn testi ve sertifikasyonu, elektrikli \u00fcr\u00fcn testi, t\u0131bbi cihaz testi, ATEX, IECEx, FCC, \u00fcr\u00fcn sertifikasyonu, EMC testi, makine sertifikasyonu, CE makineleri, e\u011fitim, elektronik \u00fcr\u00fcn testi, 2014\/53\/EU testi, drone sertifikasyonu, ISO 13485 sertifikas\u0131, ISO 9001 sertifikas\u0131, NC RfG","publisher":{"@id":"https:\/\/icrturkey.com\/#\/schema\/person\/43aa01c7e4d61d03230a6e3e9d4e7ef2"},"potentialAction":[{"@type":"SearchAction","target":{"@type":"EntryPoint","urlTemplate":"https:\/\/icrturkey.com\/?s={search_term_string}"},"query-input":{"@type":"PropertyValueSpecification","valueRequired":true,"valueName":"search_term_string"}}],"inLanguage":"tr"},{"@type":["Person","Organization"],"@id":"https:\/\/icrturkey.com\/#\/schema\/person\/43aa01c7e4d61d03230a6e3e9d4e7ef2","name":"Y\u00f6netici","image":{"@type":"ImageObject","inLanguage":"tr","@id":"https:\/\/icrturkey.com\/wp-content\/uploads\/2019\/05\/cropped-logo-icr.32f04ad5-1-1.png","url":"https:\/\/icrturkey.com\/wp-content\/uploads\/2019\/05\/cropped-logo-icr.32f04ad5-1-1.png","contentUrl":"https:\/\/icrturkey.com\/wp-content\/uploads\/2019\/05\/cropped-logo-icr.32f04ad5-1-1.png","width":400,"height":148,"caption":"admin"},"logo":{"@id":"https:\/\/icrturkey.com\/wp-content\/uploads\/2019\/05\/cropped-logo-icr.32f04ad5-1-1.png"}}]}},"_links":{"self":[{"href":"https:\/\/icrturkey.com\/tr\/wp-json\/wp\/v2\/pages\/1918","targetHints":{"allow":["GET"]}}],"collection":[{"href":"https:\/\/icrturkey.com\/tr\/wp-json\/wp\/v2\/pages"}],"about":[{"href":"https:\/\/icrturkey.com\/tr\/wp-json\/wp\/v2\/types\/page"}],"author":[{"embeddable":true,"href":"https:\/\/icrturkey.com\/tr\/wp-json\/wp\/v2\/users\/1"}],"replies":[{"embeddable":true,"href":"https:\/\/icrturkey.com\/tr\/wp-json\/wp\/v2\/comments?post=1918"}],"version-history":[{"count":6,"href":"https:\/\/icrturkey.com\/tr\/wp-json\/wp\/v2\/pages\/1918\/revisions"}],"predecessor-version":[{"id":4752,"href":"https:\/\/icrturkey.com\/tr\/wp-json\/wp\/v2\/pages\/1918\/revisions\/4752"}],"up":[{"embeddable":true,"href":"https:\/\/icrturkey.com\/tr\/wp-json\/wp\/v2\/pages\/162"}],"wp:featuredmedia":[{"embeddable":true,"href":"https:\/\/icrturkey.com\/tr\/wp-json\/"}],"wp:attachment":[{"href":"https:\/\/icrturkey.com\/tr\/wp-json\/wp\/v2\/media?parent=1918"}],"curies":[{"name":"wp","href":"https:\/\/api.w.org\/{rel}","templated":true}]}}