{"id":16998,"date":"2025-04-24T09:20:54","date_gmt":"2025-04-24T07:20:54","guid":{"rendered":"https:\/\/icrpolska.com\/?page_id=16998"},"modified":"2025-04-24T09:54:44","modified_gmt":"2025-04-24T07:54:44","slug":"uslugi-inspekcyjne","status":"publish","type":"page","link":"https:\/\/icrturkey.com\/tr\/uslugi-inspekcyjne\/","title":{"rendered":"Denetim hizmetleri"},"content":{"rendered":"<p><strong>ICR Polonya'da G\u00f6zetim Hizmeti - \u00dcr\u00fcnlerinizin Kalite ve Uygunlu\u011funu Sa\u011flay\u0131n<\/strong><\/p>\n<p><strong>\u00a0<\/strong>ICR Polska olarak, \u00fcretim sahas\u0131ndan \u00e7\u0131kmadan veya m\u00fc\u015fterilere ula\u015fmadan \u00f6nce mallar\u0131n kalitesinden ve uygunlu\u011fundan emin olman\u0131n ne kadar \u00f6nemli oldu\u011funu anl\u0131yoruz. Bizim hizmetimiz <strong>denetimler<\/strong> tedarik zincirinin farkl\u0131 a\u015famalar\u0131ndaki \u00fcr\u00fcnlerin ba\u011f\u0131ms\u0131z ve profesyonel bir \u015fekilde de\u011ferlendirilmesini sa\u011flamak \u00fczere tasarlanm\u0131\u015ft\u0131r.<\/p>\n<p><span style=\"text-decoration: underline;\"><strong>\u00a0<\/strong><strong>Denetim hizmetlerimizin kapsam\u0131:<\/strong><\/span><\/p>\n<p>\u00dcretimin farkl\u0131 a\u015famalar\u0131na ve m\u00fc\u015fterilerimizin ihtiya\u00e7lar\u0131na g\u00f6re uyarlanm\u0131\u015f \u00e7ok \u00e7e\u015fitli g\u00f6zetim hizmetleri sunuyoruz:<\/p>\n<ul>\n<li><strong>\u00dcretim \u00d6ncesi Denetim (PPI):<\/strong> \u00dcretim s\u00fcrecinin plan ve gerekliliklere g\u00f6re ilerledi\u011finden emin olmak i\u00e7in hammaddelerin, bile\u015fenlerin ve ilk \u00fcretim a\u015famalar\u0131n\u0131n de\u011ferlendirilmesi.<\/li>\n<li><strong>\u00dcretim Denetimi S\u0131ras\u0131nda (DPI):<\/strong> \u00dcretim s\u00fcrecinde kaliteyi izlemek, potansiyel sorunlar\u0131 tespit etmek ve s\u00fcrekli olarak d\u00fczeltici eylemler \u00f6nermek.<\/li>\n<li><strong>Sevkiyat \u00d6ncesi Denetim (PSI):<\/strong> Sevkiyat \u00f6ncesinde bitmi\u015f \u00fcr\u00fcnlerin miktar, kalite, ambalajlama, etiketleme ve sipari\u015fe uygunluk kontrolleri de dahil olmak \u00fczere kapsaml\u0131 bir \u015fekilde de\u011ferlendirilmesi.<\/li>\n<li><strong>Y\u00fckleme Denetimi (LS):<\/strong> Talimatlara g\u00f6re uygun \u015fekilde emniyete al\u0131nd\u0131klar\u0131ndan ve y\u00fcklendiklerinden emin olmak i\u00e7in mallar\u0131n y\u00fckleme s\u00fcrecini izleyin.<\/li>\n<li><strong>Bo\u015faltma Denetimi (ABD):<\/strong> Mallar\u0131n var\u0131\u015f yerine ula\u015ft\u0131\u011f\u0131nda durumunun do\u011frulanmas\u0131, nakliye s\u0131ras\u0131nda meydana gelen herhangi bir hasar\u0131n kontrol edilmesi.<\/li>\n<li><strong>M\u00fc\u015fterinin ihtiya\u00e7lar\u0131na g\u00f6re uyarlanm\u0131\u015f denetimler:<\/strong> Ayr\u0131ca, m\u00fc\u015fterinin bireysel gereksinimlerine ve sekt\u00f6r\u00fcne g\u00f6re uyarlanm\u0131\u015f belirli bir kapsamda denetimler de sunuyoruz.<\/li>\n<\/ul>\n<p><span style=\"text-decoration: underline;\"><strong>Neden ICR Polska'n\u0131n g\u00f6zetim hizmetlerini kullanmal\u0131s\u0131n\u0131z?<\/strong><\/span><\/p>\n<ul>\n<li><strong>Risk azaltma:<\/strong> \u0130ade, \u015fikayet ve itibar kayb\u0131 gibi hatal\u0131 \u00fcr\u00fcnlerle ili\u015fkili maliyetli sorunlardan ka\u00e7\u0131n\u0131n.<\/li>\n<li><strong>Kayna\u011f\u0131nda kalite kontrol\u00fc:<\/strong> Mallar\u0131n kalitesi hakk\u0131nda daha sevk edilmeden \u00f6nce bilgi edinin ve olas\u0131 sorunlar\u0131 h\u0131zl\u0131 bir \u015fekilde tespit edip d\u00fczeltin.<\/li>\n<li><strong>Uyumluluk:<\/strong> \u00dcr\u00fcnlerin ge\u00e7erli standartlar\u0131, spesifikasyonlar\u0131 ve m\u00fc\u015fteri gereksinimlerini kar\u015f\u0131lad\u0131\u011f\u0131ndan emin olun.<\/li>\n<li><strong>Ba\u011f\u0131ms\u0131z de\u011ferlendirme:<\/strong> Denetimlerimiz objektif ve tarafs\u0131zd\u0131r, mallar\u0131n durumu hakk\u0131nda g\u00fcvenilir bilgi sa\u011flar.<\/li>\n<li><strong>Zaman ve para tasarrufu:<\/strong> Sorunlar\u0131 erken bir a\u015famada \u00f6nleyerek, daha sonraki m\u00fcdahalelerle ili\u015fkili zaman ve maliyetlerden tasarruf edersiniz.<\/li>\n<li><strong>G\u00fcven olu\u015fturma:<\/strong> D\u00fczenli denetimler, \u015firket ile m\u00fc\u015fterileri ve i\u015f ortaklar\u0131 aras\u0131ndaki g\u00fcveni peki\u015ftirir.<\/li>\n<li><strong>\u00d6zel raporlama:<\/strong> Foto\u011fraflar\u0131, \u00f6l\u00e7\u00fcmleri ve di\u011fer ilgili bilgileri i\u00e7eren ayr\u0131nt\u0131l\u0131 inceleme raporlar\u0131n\u0131 ihtiya\u00e7lar\u0131n\u0131za g\u00f6re uyarlanm\u0131\u015f bir formatta sunuyoruz.<\/li>\n<\/ul>\n<p><span style=\"text-decoration: underline;\"><strong>Bu hizmet kimin i\u00e7in?<\/strong><\/span><\/p>\n<ul>\n<li>Yurt d\u0131\u015f\u0131na ihracat yapan \u00fcretici ve tedarik\u00e7iler<\/li>\n<li>Standartlara uygunluk bekleyen ithalat\u00e7\u0131lar ve distrib\u00fct\u00f6rler<\/li>\n<li>Teknik, end\u00fcstriyel ve medikal sekt\u00f6rlerdeki \u015firketler<\/li>\n<li>\u00dcr\u00fcnlerinin son kullan\u0131c\u0131n\u0131n beklentilerini kar\u015f\u0131lad\u0131\u011f\u0131ndan emin olmak isteyen herkes<\/li>\n<\/ul>\n<p><span style=\"text-decoration: underline;\"><strong>\u00a0<\/strong><strong>ICR Polonya ile denetim s\u00fcreci nas\u0131l i\u015fliyor?<\/strong><\/span><\/p>\n<ol>\n<li><strong>Bir soru\u015fturma yapmak:<\/strong> Denetim ihtiya\u00e7lar\u0131n\u0131z ve gereksinimleriniz i\u00e7in bizimle ileti\u015fime ge\u00e7in. A\u015fa\u011f\u0131daki ileti\u015fim formunu (ba\u015fvuru) kullanabilir veya bizi do\u011frudan arayabilirsiniz.<\/li>\n<li><strong>Teklif haz\u0131rl\u0131\u011f\u0131:<\/strong> Teklif temelinde, denetimin kapsam\u0131, yeri, tarihi ve di\u011fer ilgili fakt\u00f6rleri g\u00f6z \u00f6n\u00fcnde bulundurarak ayr\u0131nt\u0131l\u0131 ve rekabet\u00e7i bir teklif haz\u0131rlayaca\u011f\u0131z.<\/li>\n<li><strong>Detaylar\u0131n belirlenmesi:<\/strong> Teklifi kabul etti\u011finizde, ekibimiz ayr\u0131nt\u0131l\u0131 bir inceleme plan\u0131 ve gerekli bilgileri d\u00fczenlemek i\u00e7in sizinle ileti\u015fime ge\u00e7ecektir.<\/li>\n<li><strong>Denetimlerin ger\u00e7ekle\u015ftirilmesi:<\/strong> Deneyimli denet\u00e7ilerimiz, uygun denetim y\u00f6ntemlerini ve ara\u00e7lar\u0131n\u0131 kullanarak, \u00fczerinde anla\u015fmaya var\u0131lan kapsam ve prosed\u00fcrlere g\u00f6re denetimi ger\u00e7ekle\u015ftirecektir.<\/li>\n<li><strong>Rapor haz\u0131rlama:<\/strong> Denetimin sonunda, de\u011ferlendirmenin objektif sonu\u00e7lar\u0131n\u0131, foto\u011fraflar\u0131 (varsa) ve her t\u00fcrl\u00fc yorum ve tavsiyeleri i\u00e7eren ayr\u0131nt\u0131l\u0131 bir rapor alacaks\u0131n\u0131z.<\/li>\n<li><strong>Daha fazla i\u015fbirli\u011fi:<\/strong> Denetim sonu\u00e7lar\u0131na dayanarak, d\u00fczeltici faaliyetlerin denetlenmesi veya yeniden denetim gibi ba\u015fka eylemler \u00f6nerebiliriz.<\/li>\n<\/ol>\n<p>Hizmetin ayr\u0131nt\u0131lar\u0131, a\u015fa\u011f\u0131daki ba\u015fvurunun tamamlanmas\u0131 \u00fczerine Ba\u015fvuru Sahibi ile bireysel olarak kararla\u015ft\u0131r\u0131l\u0131r:<\/p>\n<p><img decoding=\"async\" class=\"alignnone wp-image-2678\" src=\"https:\/\/icrturkey.com\/wp-content\/uploads\/2019\/06\/word.jpg\" alt=\"\" width=\"20\" height=\"20\" srcset=\"https:\/\/icrturkey.com\/wp-content\/uploads\/2019\/06\/word.jpg 208w, https:\/\/icrturkey.com\/wp-content\/uploads\/2019\/06\/word-150x150.jpg 150w\" sizes=\"(max-width: 20px) 100vw, 20px\" \/> <a href=\"https:\/\/icrturkey.com\/wp-content\/uploads\/2025\/04\/Wniosek-inspekcja_PL_ENG.docx\">Teklif-denetim<\/a><a href=\"https:\/\/icrturkey.com\/wp-content\/uploads\/2025\/04\/Wniosek-inspekcja_PL_ENG.docx\">.<\/a><\/p>","protected":false},"excerpt":{"rendered":"<p>ICR Polska'da G\u00f6zetim Hizmeti - \u00dcr\u00fcnlerinizin Kalite ve Uygunlu\u011funu Sa\u011flay\u0131n ICR Polska'da, \u00fcretim sahas\u0131ndan \u00e7\u0131kmadan veya m\u00fc\u015fterilerinize ula\u015fmadan \u00f6nce mallar\u0131n kalite ve uygunlu\u011fundan emin olman\u0131n ne kadar \u00f6nemli oldu\u011funu biliyoruz. G\u00f6zetim hizmetimiz, tedarik zincirinin \u00e7e\u015fitli a\u015famalar\u0131nda \u00fcr\u00fcnlerin ba\u011f\u0131ms\u0131z ve profesyonel bir \u015fekilde de\u011ferlendirilmesini sa\u011flamak \u00fczere tasarlanm\u0131\u015ft\u0131r.  G\u00f6zetim hizmetlerimizin kapsam\u0131:.&nbsp;<a href=\"https:\/\/icrturkey.com\/tr\/uslugi-inspekcyjne\/\" rel=\"bookmark\">Daha fazlas\u0131n\u0131 oku \"<span class=\"screen-reader-text\">Denetim hizmetleri<\/span><\/a><\/p>","protected":false},"author":2,"featured_media":0,"parent":0,"menu_order":0,"comment_status":"closed","ping_status":"closed","template":"","meta":{"neve_meta_sidebar":"","neve_meta_container":"","neve_meta_enable_content_width":"off","neve_meta_content_width":100,"neve_meta_title_alignment":"","neve_meta_author_avatar":"","neve_post_elements_order":"","neve_meta_disable_header":"","neve_meta_disable_footer":"","neve_meta_disable_title":"","footnotes":""},"class_list":["post-16998","page","type-page","status-publish","hentry"],"yoast_head":"<!-- This site is optimized with the Yoast SEO plugin v27.3 - https:\/\/yoast.com\/product\/yoast-seo-wordpress\/ -->\n<title>Us\u0142ugi inspekcyjne - ICR TURKEY - tests and certification<\/title>\n<meta name=\"robots\" content=\"index, follow, max-snippet:-1, max-image-preview:large, max-video-preview:-1\" \/>\n<link rel=\"canonical\" href=\"https:\/\/icrturkey.com\/tr\/uslugi-inspekcyjne\/\" \/>\n<meta property=\"og:locale\" content=\"tr_TR\" \/>\n<meta property=\"og:type\" content=\"article\" \/>\n<meta property=\"og:title\" content=\"Us\u0142ugi inspekcyjne - ICR TURKEY - tests and certification\" \/>\n<meta property=\"og:description\" content=\"Us\u0142uga Inspekcji w ICR Polska &#8211; Zapewnij Jako\u015b\u0107 i Zgodno\u015b\u0107 Twoich Produkt\u00f3w \u00a0W ICR Polska rozumiemy, jak kluczowa jest pewno\u015b\u0107 co do jako\u015bci i zgodno\u015bci towar\u00f3w, zanim opuszcz\u0105 miejsce produkcji lub trafi\u0105 do klient\u00f3w. Nasza us\u0142uga inspekcji zosta\u0142a zaprojektowana, aby zapewni\u0107 niezale\u017cn\u0105 i profesjonaln\u0105 ocen\u0119 produkt\u00f3w na r\u00f3\u017cnych etapach \u0142a\u0144cucha dostaw. \u00a0Zakres naszych us\u0142ug inspekcyjnych:&hellip;&nbsp;Daha fazlas\u0131n\u0131 oku &raquo;Us\u0142ugi inspekcyjne\" \/>\n<meta property=\"og:url\" content=\"https:\/\/icrturkey.com\/tr\/uslugi-inspekcyjne\/\" \/>\n<meta property=\"og:site_name\" content=\"ICR TURKEY - tests and certification\" \/>\n<meta property=\"article:modified_time\" content=\"2025-04-24T07:54:44+00:00\" \/>\n<meta property=\"og:image\" content=\"https:\/\/icrturkey.com\/wp-content\/uploads\/2019\/06\/word.jpg\" \/>\n\t<meta property=\"og:image:width\" content=\"208\" \/>\n\t<meta property=\"og:image:height\" content=\"208\" \/>\n\t<meta property=\"og:image:type\" content=\"image\/jpeg\" \/>\n<meta name=\"twitter:card\" content=\"summary_large_image\" \/>\n<meta name=\"twitter:label1\" content=\"Tahmini okuma s\u00fcresi\" \/>\n\t<meta name=\"twitter:data1\" content=\"4 dakika\" \/>\n<script type=\"application\/ld+json\" class=\"yoast-schema-graph\">{\"@context\":\"https:\\\/\\\/schema.org\",\"@graph\":[{\"@type\":\"WebPage\",\"@id\":\"https:\\\/\\\/icrturkey.com\\\/uslugi-inspekcyjne\\\/\",\"url\":\"https:\\\/\\\/icrturkey.com\\\/uslugi-inspekcyjne\\\/\",\"name\":\"Us\u0142ugi inspekcyjne - ICR TURKEY - tests and certification\",\"isPartOf\":{\"@id\":\"https:\\\/\\\/icrturkey.com\\\/#website\"},\"primaryImageOfPage\":{\"@id\":\"https:\\\/\\\/icrturkey.com\\\/uslugi-inspekcyjne\\\/#primaryimage\"},\"image\":{\"@id\":\"https:\\\/\\\/icrturkey.com\\\/uslugi-inspekcyjne\\\/#primaryimage\"},\"thumbnailUrl\":\"https:\\\/\\\/icrturkey.com\\\/wp-content\\\/uploads\\\/2019\\\/06\\\/word.jpg\",\"datePublished\":\"2025-04-24T07:20:54+00:00\",\"dateModified\":\"2025-04-24T07:54:44+00:00\",\"breadcrumb\":{\"@id\":\"https:\\\/\\\/icrturkey.com\\\/uslugi-inspekcyjne\\\/#breadcrumb\"},\"inLanguage\":\"tr\",\"potentialAction\":[{\"@type\":\"ReadAction\",\"target\":[\"https:\\\/\\\/icrturkey.com\\\/uslugi-inspekcyjne\\\/\"]}]},{\"@type\":\"ImageObject\",\"inLanguage\":\"tr\",\"@id\":\"https:\\\/\\\/icrturkey.com\\\/uslugi-inspekcyjne\\\/#primaryimage\",\"url\":\"https:\\\/\\\/icrturkey.com\\\/wp-content\\\/uploads\\\/2019\\\/06\\\/word.jpg\",\"contentUrl\":\"https:\\\/\\\/icrturkey.com\\\/wp-content\\\/uploads\\\/2019\\\/06\\\/word.jpg\"},{\"@type\":\"BreadcrumbList\",\"@id\":\"https:\\\/\\\/icrturkey.com\\\/uslugi-inspekcyjne\\\/#breadcrumb\",\"itemListElement\":[{\"@type\":\"ListItem\",\"position\":1,\"name\":\"Strona g\u0142\u00f3wna\",\"item\":\"https:\\\/\\\/icrturkey.com\\\/\"},{\"@type\":\"ListItem\",\"position\":2,\"name\":\"Us\u0142ugi inspekcyjne\"}]},{\"@type\":\"WebSite\",\"@id\":\"https:\\\/\\\/icrturkey.com\\\/#website\",\"url\":\"https:\\\/\\\/icrturkey.com\\\/\",\"name\":\"ICR TURKEY - tests and certification\",\"description\":\"CE certification, CE certificate, ISO certificate, RED testing, product testing and certification, electrical product testing, medical device testing, ATEX, IECEx, FCC, product certification, EMC testing, machinery certification, CE machines, training, electronic product testing, testing 2014\\\/53\\\/EU, drone certification, ISO 13485 certificate, ISO 9001 certificate, NC RfG\",\"publisher\":{\"@id\":\"https:\\\/\\\/icrturkey.com\\\/#\\\/schema\\\/person\\\/43aa01c7e4d61d03230a6e3e9d4e7ef2\"},\"potentialAction\":[{\"@type\":\"SearchAction\",\"target\":{\"@type\":\"EntryPoint\",\"urlTemplate\":\"https:\\\/\\\/icrturkey.com\\\/?s={search_term_string}\"},\"query-input\":{\"@type\":\"PropertyValueSpecification\",\"valueRequired\":true,\"valueName\":\"search_term_string\"}}],\"inLanguage\":\"tr\"},{\"@type\":[\"Person\",\"Organization\"],\"@id\":\"https:\\\/\\\/icrturkey.com\\\/#\\\/schema\\\/person\\\/43aa01c7e4d61d03230a6e3e9d4e7ef2\",\"name\":\"admin\",\"image\":{\"@type\":\"ImageObject\",\"inLanguage\":\"tr\",\"@id\":\"https:\\\/\\\/icrturkey.com\\\/wp-content\\\/uploads\\\/2019\\\/05\\\/cropped-logo-icr.32f04ad5-1-1.png\",\"url\":\"https:\\\/\\\/icrturkey.com\\\/wp-content\\\/uploads\\\/2019\\\/05\\\/cropped-logo-icr.32f04ad5-1-1.png\",\"contentUrl\":\"https:\\\/\\\/icrturkey.com\\\/wp-content\\\/uploads\\\/2019\\\/05\\\/cropped-logo-icr.32f04ad5-1-1.png\",\"width\":400,\"height\":148,\"caption\":\"admin\"},\"logo\":{\"@id\":\"https:\\\/\\\/icrturkey.com\\\/wp-content\\\/uploads\\\/2019\\\/05\\\/cropped-logo-icr.32f04ad5-1-1.png\"}}]}<\/script>\n<!-- \/ Yoast SEO plugin. -->","yoast_head_json":{"title":"G\u00f6zetim hizmetleri - ICR T\u00dcRK\u0130YE - testler ve belgelendirme","robots":{"index":"index","follow":"follow","max-snippet":"max-snippet:-1","max-image-preview":"max-image-preview:large","max-video-preview":"max-video-preview:-1"},"canonical":"https:\/\/icrturkey.com\/tr\/uslugi-inspekcyjne\/","og_locale":"tr_TR","og_type":"article","og_title":"Us\u0142ugi inspekcyjne - ICR TURKEY - tests and certification","og_description":"Us\u0142uga Inspekcji w ICR Polska &#8211; Zapewnij Jako\u015b\u0107 i Zgodno\u015b\u0107 Twoich Produkt\u00f3w \u00a0W ICR Polska rozumiemy, jak kluczowa jest pewno\u015b\u0107 co do jako\u015bci i zgodno\u015bci towar\u00f3w, zanim opuszcz\u0105 miejsce produkcji lub trafi\u0105 do klient\u00f3w. Nasza us\u0142uga inspekcji zosta\u0142a zaprojektowana, aby zapewni\u0107 niezale\u017cn\u0105 i profesjonaln\u0105 ocen\u0119 produkt\u00f3w na r\u00f3\u017cnych etapach \u0142a\u0144cucha dostaw. \u00a0Zakres naszych us\u0142ug inspekcyjnych:&hellip;&nbsp;Daha fazlas\u0131n\u0131 oku &raquo;Us\u0142ugi inspekcyjne","og_url":"https:\/\/icrturkey.com\/tr\/uslugi-inspekcyjne\/","og_site_name":"ICR TURKEY - tests and certification","article_modified_time":"2025-04-24T07:54:44+00:00","og_image":[{"width":208,"height":208,"url":"https:\/\/icrturkey.com\/wp-content\/uploads\/2019\/06\/word.jpg","type":"image\/jpeg"}],"twitter_card":"summary_large_image","twitter_misc":{"Tahmini okuma s\u00fcresi":"4 dakika"},"schema":{"@context":"https:\/\/schema.org","@graph":[{"@type":"WebPage","@id":"https:\/\/icrturkey.com\/uslugi-inspekcyjne\/","url":"https:\/\/icrturkey.com\/uslugi-inspekcyjne\/","name":"G\u00f6zetim hizmetleri - ICR T\u00dcRK\u0130YE - testler ve belgelendirme","isPartOf":{"@id":"https:\/\/icrturkey.com\/#website"},"primaryImageOfPage":{"@id":"https:\/\/icrturkey.com\/uslugi-inspekcyjne\/#primaryimage"},"image":{"@id":"https:\/\/icrturkey.com\/uslugi-inspekcyjne\/#primaryimage"},"thumbnailUrl":"https:\/\/icrturkey.com\/wp-content\/uploads\/2019\/06\/word.jpg","datePublished":"2025-04-24T07:20:54+00:00","dateModified":"2025-04-24T07:54:44+00:00","breadcrumb":{"@id":"https:\/\/icrturkey.com\/uslugi-inspekcyjne\/#breadcrumb"},"inLanguage":"tr","potentialAction":[{"@type":"ReadAction","target":["https:\/\/icrturkey.com\/uslugi-inspekcyjne\/"]}]},{"@type":"ImageObject","inLanguage":"tr","@id":"https:\/\/icrturkey.com\/uslugi-inspekcyjne\/#primaryimage","url":"https:\/\/icrturkey.com\/wp-content\/uploads\/2019\/06\/word.jpg","contentUrl":"https:\/\/icrturkey.com\/wp-content\/uploads\/2019\/06\/word.jpg"},{"@type":"BreadcrumbList","@id":"https:\/\/icrturkey.com\/uslugi-inspekcyjne\/#breadcrumb","itemListElement":[{"@type":"ListItem","position":1,"name":"Strona g\u0142\u00f3wna","item":"https:\/\/icrturkey.com\/"},{"@type":"ListItem","position":2,"name":"Us\u0142ugi inspekcyjne"}]},{"@type":"WebSite","@id":"https:\/\/icrturkey.com\/#website","url":"https:\/\/icrturkey.com\/","name":"ICR T\u00dcRK\u0130YE - testler ve belgelendirme","description":"CE sertifikas\u0131, CE sertifikas\u0131, ISO sertifikas\u0131, RED testi, \u00fcr\u00fcn testi ve sertifikasyonu, elektrikli \u00fcr\u00fcn testi, t\u0131bbi cihaz testi, ATEX, IECEx, FCC, \u00fcr\u00fcn sertifikasyonu, EMC testi, makine sertifikasyonu, CE makineleri, e\u011fitim, elektronik \u00fcr\u00fcn testi, 2014\/53\/EU testi, drone sertifikasyonu, ISO 13485 sertifikas\u0131, ISO 9001 sertifikas\u0131, NC RfG","publisher":{"@id":"https:\/\/icrturkey.com\/#\/schema\/person\/43aa01c7e4d61d03230a6e3e9d4e7ef2"},"potentialAction":[{"@type":"SearchAction","target":{"@type":"EntryPoint","urlTemplate":"https:\/\/icrturkey.com\/?s={search_term_string}"},"query-input":{"@type":"PropertyValueSpecification","valueRequired":true,"valueName":"search_term_string"}}],"inLanguage":"tr"},{"@type":["Person","Organization"],"@id":"https:\/\/icrturkey.com\/#\/schema\/person\/43aa01c7e4d61d03230a6e3e9d4e7ef2","name":"Y\u00f6netici","image":{"@type":"ImageObject","inLanguage":"tr","@id":"https:\/\/icrturkey.com\/wp-content\/uploads\/2019\/05\/cropped-logo-icr.32f04ad5-1-1.png","url":"https:\/\/icrturkey.com\/wp-content\/uploads\/2019\/05\/cropped-logo-icr.32f04ad5-1-1.png","contentUrl":"https:\/\/icrturkey.com\/wp-content\/uploads\/2019\/05\/cropped-logo-icr.32f04ad5-1-1.png","width":400,"height":148,"caption":"admin"},"logo":{"@id":"https:\/\/icrturkey.com\/wp-content\/uploads\/2019\/05\/cropped-logo-icr.32f04ad5-1-1.png"}}]}},"_links":{"self":[{"href":"https:\/\/icrturkey.com\/tr\/wp-json\/wp\/v2\/pages\/16998","targetHints":{"allow":["GET"]}}],"collection":[{"href":"https:\/\/icrturkey.com\/tr\/wp-json\/wp\/v2\/pages"}],"about":[{"href":"https:\/\/icrturkey.com\/tr\/wp-json\/wp\/v2\/types\/page"}],"author":[{"embeddable":true,"href":"https:\/\/icrturkey.com\/tr\/wp-json\/wp\/v2\/users\/2"}],"replies":[{"embeddable":true,"href":"https:\/\/icrturkey.com\/tr\/wp-json\/wp\/v2\/comments?post=16998"}],"version-history":[{"count":4,"href":"https:\/\/icrturkey.com\/tr\/wp-json\/wp\/v2\/pages\/16998\/revisions"}],"predecessor-version":[{"id":17002,"href":"https:\/\/icrturkey.com\/tr\/wp-json\/wp\/v2\/pages\/16998\/revisions\/17002"}],"wp:attachment":[{"href":"https:\/\/icrturkey.com\/tr\/wp-json\/wp\/v2\/media?parent=16998"}],"curies":[{"name":"wp","href":"https:\/\/api.w.org\/{rel}","templated":true}]}}