{"id":16326,"date":"2025-03-06T15:21:23","date_gmt":"2025-03-06T14:21:23","guid":{"rendered":"https:\/\/icrpolska.com\/?page_id=16326"},"modified":"2025-03-06T15:29:55","modified_gmt":"2025-03-06T14:29:55","slug":"cyberbezpieczenstwo","status":"publish","type":"page","link":"https:\/\/icrturkey.com\/tr\/badania-wyrobow\/cyberbezpieczenstwo\/","title":{"rendered":"Siber g\u00fcvenlik"},"content":{"rendered":"<p>ETSI standard\u0131 EN 303 645 V3.1.3'e g\u00f6re bir a\u011f altyap\u0131s\u0131na (\u00f6rn. internet veya ev a\u011f\u0131) ba\u011fl\u0131 olan t\u00fcketici Nesnelerin \u0130nterneti cihazlar\u0131n\u0131n g\u00fcvenlik testlerini sunuyoruz<br \/>\nT\u00fcketici nesnelerin interneti cihazlar\u0131na \u00f6rnekler:<br \/>\n- \u00e7ocuk oyuncaklar\u0131 ve bebek monit\u00f6rleri,<br \/>\n- duman dedekt\u00f6rleri ve kap\u0131 kilitleri gibi g\u00fcvenlikle ilgili \u00fcr\u00fcnler,<br \/>\n- IoT baz istasyonlar\u0131 ve birden fazla cihaz\u0131n ba\u011fl\u0131 oldu\u011fu hub'lar,<br \/>\n- ak\u0131ll\u0131 kameralar, televizyonlar ve hoparl\u00f6rler,<br \/>\n- ta\u015f\u0131nabilir sa\u011fl\u0131k takip cihazlar\u0131,<br \/>\n- ev otomasyonu ve alarm sistemleri, \u00f6zellikle de bunlar\u0131n a\u011f ge\u00e7itleri ve hub'lar\u0131,<br \/>\n- \u00e7ama\u015f\u0131r makinesi ve buzdolab\u0131 gibi cihazlar,<br \/>\n- ak\u0131ll\u0131 ev elemanlar\u0131.<\/p>\n<p>Radyo ekipmanlar\u0131 i\u00e7in siber g\u00fcvenlik testleri sunuyoruz:<br \/>\n- a\u011f ve a\u011f\u0131n \u00e7al\u0131\u015fmas\u0131 \u00fczerinde istenmeyen etki veya a\u011f kaynaklar\u0131n\u0131n uygun olmayan bir \u015fekilde kullan\u0131lmas\u0131 ve b\u00f6ylece kabul edilemez bir hizmet bozulmas\u0131na neden olmas\u0131,<br \/>\n- kullan\u0131c\u0131n\u0131n ve abonenin ki\u015fisel verilerinin ve gizlili\u011finin korunmas\u0131,<br \/>\n- doland\u0131r\u0131c\u0131l\u0131k korumas\u0131.<br \/>\nTestler EN 18031-1:2024, EN 18031-2:2024, EN 18031-3:2024'e g\u00f6re ger\u00e7ekle\u015ftirilir.<\/p>","protected":false},"excerpt":{"rendered":"<p>ETSI EN 303 645 V3.1.3'e g\u00f6re bir a\u011f altyap\u0131s\u0131na (\u00f6rn. internet veya ev a\u011f\u0131) ba\u011fl\u0131 olan Nesnelerin \u0130nterneti t\u00fcketici cihazlar\u0131n\u0131n g\u00fcvenlik testlerini sunuyoruz: - \u00e7ocuk oyuncaklar\u0131 ve bebek monit\u00f6rleri, - duman dedekt\u00f6rleri ve kap\u0131 kilitleri gibi g\u00fcvenlikle ilgili \u00fcr\u00fcnler, - baz istasyonlar\u0131...&nbsp;<a href=\"https:\/\/icrturkey.com\/tr\/badania-wyrobow\/cyberbezpieczenstwo\/\" rel=\"bookmark\">Daha fazlas\u0131n\u0131 oku \"<span class=\"screen-reader-text\">Siber g\u00fcvenlik<\/span><\/a><\/p>","protected":false},"author":2,"featured_media":0,"parent":979,"menu_order":0,"comment_status":"closed","ping_status":"closed","template":"","meta":{"neve_meta_sidebar":"","neve_meta_container":"","neve_meta_enable_content_width":"off","neve_meta_content_width":100,"neve_meta_title_alignment":"","neve_meta_author_avatar":"","neve_post_elements_order":"","neve_meta_disable_header":"","neve_meta_disable_footer":"","neve_meta_disable_title":"","footnotes":""},"class_list":["post-16326","page","type-page","status-publish","hentry"],"yoast_head":"<!-- This site is optimized with the Yoast SEO plugin v27.3 - https:\/\/yoast.com\/product\/yoast-seo-wordpress\/ -->\n<title>Cyberbezpiecze\u0144stwo - ICR TURKEY - tests and certification<\/title>\n<meta name=\"robots\" content=\"index, follow, max-snippet:-1, max-image-preview:large, max-video-preview:-1\" \/>\n<link rel=\"canonical\" href=\"https:\/\/icrturkey.com\/tr\/badania-wyrobow\/cyberbezpieczenstwo\/\" \/>\n<meta property=\"og:locale\" content=\"tr_TR\" \/>\n<meta property=\"og:type\" content=\"article\" \/>\n<meta property=\"og:title\" content=\"Cyberbezpiecze\u0144stwo - ICR TURKEY - tests and certification\" \/>\n<meta property=\"og:description\" content=\"Oferujemy badania z zakresu bezpiecze\u0144stwa konsumenckich urz\u0105dze\u0144 Internetu rzeczy, kt\u00f3re s\u0105 pod\u0142\u0105czone do infrastruktury sieciowej (np. internetu lub sieci domowej) wed\u0142ug normy ETSI EN 303 645 V3.1.3 Przyk\u0142ady konsumenckich urz\u0105dze\u0144 internetu rzeczy: &#8211; zabawki dla dzieci i monitory dzieci\u0119ce, &#8211; produkty zwi\u0105zane z bezpiecze\u0144stwem, takie jak czujniki dymu i zamki do drzwi, &#8211; stacje bazowe&hellip;&nbsp;Daha fazlas\u0131n\u0131 oku &raquo;Cyberbezpiecze\u0144stwo\" \/>\n<meta property=\"og:url\" content=\"https:\/\/icrturkey.com\/tr\/badania-wyrobow\/cyberbezpieczenstwo\/\" \/>\n<meta property=\"og:site_name\" content=\"ICR TURKEY - tests and certification\" \/>\n<meta property=\"article:modified_time\" content=\"2025-03-06T14:29:55+00:00\" \/>\n<meta name=\"twitter:card\" content=\"summary_large_image\" \/>\n<meta name=\"twitter:label1\" content=\"Tahmini okuma s\u00fcresi\" \/>\n\t<meta name=\"twitter:data1\" content=\"1 dakika\" \/>\n<script type=\"application\/ld+json\" class=\"yoast-schema-graph\">{\"@context\":\"https:\\\/\\\/schema.org\",\"@graph\":[{\"@type\":\"WebPage\",\"@id\":\"https:\\\/\\\/icrturkey.com\\\/badania-wyrobow\\\/cyberbezpieczenstwo\\\/\",\"url\":\"https:\\\/\\\/icrturkey.com\\\/badania-wyrobow\\\/cyberbezpieczenstwo\\\/\",\"name\":\"Cyberbezpiecze\u0144stwo - ICR TURKEY - tests and certification\",\"isPartOf\":{\"@id\":\"https:\\\/\\\/icrturkey.com\\\/#website\"},\"datePublished\":\"2025-03-06T14:21:23+00:00\",\"dateModified\":\"2025-03-06T14:29:55+00:00\",\"breadcrumb\":{\"@id\":\"https:\\\/\\\/icrturkey.com\\\/badania-wyrobow\\\/cyberbezpieczenstwo\\\/#breadcrumb\"},\"inLanguage\":\"tr\",\"potentialAction\":[{\"@type\":\"ReadAction\",\"target\":[\"https:\\\/\\\/icrturkey.com\\\/badania-wyrobow\\\/cyberbezpieczenstwo\\\/\"]}]},{\"@type\":\"BreadcrumbList\",\"@id\":\"https:\\\/\\\/icrturkey.com\\\/badania-wyrobow\\\/cyberbezpieczenstwo\\\/#breadcrumb\",\"itemListElement\":[{\"@type\":\"ListItem\",\"position\":1,\"name\":\"Strona g\u0142\u00f3wna\",\"item\":\"https:\\\/\\\/icrturkey.com\\\/\"},{\"@type\":\"ListItem\",\"position\":2,\"name\":\"Badania wyrob\u00f3w\",\"item\":\"https:\\\/\\\/icrturkey.com\\\/badania-wyrobow\\\/\"},{\"@type\":\"ListItem\",\"position\":3,\"name\":\"Cyberbezpiecze\u0144stwo\"}]},{\"@type\":\"WebSite\",\"@id\":\"https:\\\/\\\/icrturkey.com\\\/#website\",\"url\":\"https:\\\/\\\/icrturkey.com\\\/\",\"name\":\"ICR TURKEY - tests and certification\",\"description\":\"CE certification, CE certificate, ISO certificate, RED testing, product testing and certification, electrical product testing, medical device testing, ATEX, IECEx, FCC, product certification, EMC testing, machinery certification, CE machines, training, electronic product testing, testing 2014\\\/53\\\/EU, drone certification, ISO 13485 certificate, ISO 9001 certificate, NC RfG\",\"publisher\":{\"@id\":\"https:\\\/\\\/icrturkey.com\\\/#\\\/schema\\\/person\\\/43aa01c7e4d61d03230a6e3e9d4e7ef2\"},\"potentialAction\":[{\"@type\":\"SearchAction\",\"target\":{\"@type\":\"EntryPoint\",\"urlTemplate\":\"https:\\\/\\\/icrturkey.com\\\/?s={search_term_string}\"},\"query-input\":{\"@type\":\"PropertyValueSpecification\",\"valueRequired\":true,\"valueName\":\"search_term_string\"}}],\"inLanguage\":\"tr\"},{\"@type\":[\"Person\",\"Organization\"],\"@id\":\"https:\\\/\\\/icrturkey.com\\\/#\\\/schema\\\/person\\\/43aa01c7e4d61d03230a6e3e9d4e7ef2\",\"name\":\"admin\",\"image\":{\"@type\":\"ImageObject\",\"inLanguage\":\"tr\",\"@id\":\"https:\\\/\\\/icrturkey.com\\\/wp-content\\\/uploads\\\/2019\\\/05\\\/cropped-logo-icr.32f04ad5-1-1.png\",\"url\":\"https:\\\/\\\/icrturkey.com\\\/wp-content\\\/uploads\\\/2019\\\/05\\\/cropped-logo-icr.32f04ad5-1-1.png\",\"contentUrl\":\"https:\\\/\\\/icrturkey.com\\\/wp-content\\\/uploads\\\/2019\\\/05\\\/cropped-logo-icr.32f04ad5-1-1.png\",\"width\":400,\"height\":148,\"caption\":\"admin\"},\"logo\":{\"@id\":\"https:\\\/\\\/icrturkey.com\\\/wp-content\\\/uploads\\\/2019\\\/05\\\/cropped-logo-icr.32f04ad5-1-1.png\"}}]}<\/script>\n<!-- \/ Yoast SEO plugin. -->","yoast_head_json":{"title":"Siber g\u00fcvenlik - ICR T\u00dcRK\u0130YE - testler ve belgelendirme","robots":{"index":"index","follow":"follow","max-snippet":"max-snippet:-1","max-image-preview":"max-image-preview:large","max-video-preview":"max-video-preview:-1"},"canonical":"https:\/\/icrturkey.com\/tr\/badania-wyrobow\/cyberbezpieczenstwo\/","og_locale":"tr_TR","og_type":"article","og_title":"Cyberbezpiecze\u0144stwo - ICR TURKEY - tests and certification","og_description":"Oferujemy badania z zakresu bezpiecze\u0144stwa konsumenckich urz\u0105dze\u0144 Internetu rzeczy, kt\u00f3re s\u0105 pod\u0142\u0105czone do infrastruktury sieciowej (np. internetu lub sieci domowej) wed\u0142ug normy ETSI EN 303 645 V3.1.3 Przyk\u0142ady konsumenckich urz\u0105dze\u0144 internetu rzeczy: &#8211; zabawki dla dzieci i monitory dzieci\u0119ce, &#8211; produkty zwi\u0105zane z bezpiecze\u0144stwem, takie jak czujniki dymu i zamki do drzwi, &#8211; stacje bazowe&hellip;&nbsp;Daha fazlas\u0131n\u0131 oku &raquo;Cyberbezpiecze\u0144stwo","og_url":"https:\/\/icrturkey.com\/tr\/badania-wyrobow\/cyberbezpieczenstwo\/","og_site_name":"ICR TURKEY - tests and certification","article_modified_time":"2025-03-06T14:29:55+00:00","twitter_card":"summary_large_image","twitter_misc":{"Tahmini okuma s\u00fcresi":"1 dakika"},"schema":{"@context":"https:\/\/schema.org","@graph":[{"@type":"WebPage","@id":"https:\/\/icrturkey.com\/badania-wyrobow\/cyberbezpieczenstwo\/","url":"https:\/\/icrturkey.com\/badania-wyrobow\/cyberbezpieczenstwo\/","name":"Siber g\u00fcvenlik - ICR T\u00dcRK\u0130YE - testler ve belgelendirme","isPartOf":{"@id":"https:\/\/icrturkey.com\/#website"},"datePublished":"2025-03-06T14:21:23+00:00","dateModified":"2025-03-06T14:29:55+00:00","breadcrumb":{"@id":"https:\/\/icrturkey.com\/badania-wyrobow\/cyberbezpieczenstwo\/#breadcrumb"},"inLanguage":"tr","potentialAction":[{"@type":"ReadAction","target":["https:\/\/icrturkey.com\/badania-wyrobow\/cyberbezpieczenstwo\/"]}]},{"@type":"BreadcrumbList","@id":"https:\/\/icrturkey.com\/badania-wyrobow\/cyberbezpieczenstwo\/#breadcrumb","itemListElement":[{"@type":"ListItem","position":1,"name":"Strona g\u0142\u00f3wna","item":"https:\/\/icrturkey.com\/"},{"@type":"ListItem","position":2,"name":"Badania wyrob\u00f3w","item":"https:\/\/icrturkey.com\/badania-wyrobow\/"},{"@type":"ListItem","position":3,"name":"Cyberbezpiecze\u0144stwo"}]},{"@type":"WebSite","@id":"https:\/\/icrturkey.com\/#website","url":"https:\/\/icrturkey.com\/","name":"ICR T\u00dcRK\u0130YE - testler ve belgelendirme","description":"CE sertifikas\u0131, CE sertifikas\u0131, ISO sertifikas\u0131, RED testi, \u00fcr\u00fcn testi ve sertifikasyonu, elektrikli \u00fcr\u00fcn testi, t\u0131bbi cihaz testi, ATEX, IECEx, FCC, \u00fcr\u00fcn sertifikasyonu, EMC testi, makine sertifikasyonu, CE makineleri, e\u011fitim, elektronik \u00fcr\u00fcn testi, 2014\/53\/EU testi, drone sertifikasyonu, ISO 13485 sertifikas\u0131, ISO 9001 sertifikas\u0131, NC RfG","publisher":{"@id":"https:\/\/icrturkey.com\/#\/schema\/person\/43aa01c7e4d61d03230a6e3e9d4e7ef2"},"potentialAction":[{"@type":"SearchAction","target":{"@type":"EntryPoint","urlTemplate":"https:\/\/icrturkey.com\/?s={search_term_string}"},"query-input":{"@type":"PropertyValueSpecification","valueRequired":true,"valueName":"search_term_string"}}],"inLanguage":"tr"},{"@type":["Person","Organization"],"@id":"https:\/\/icrturkey.com\/#\/schema\/person\/43aa01c7e4d61d03230a6e3e9d4e7ef2","name":"Y\u00f6netici","image":{"@type":"ImageObject","inLanguage":"tr","@id":"https:\/\/icrturkey.com\/wp-content\/uploads\/2019\/05\/cropped-logo-icr.32f04ad5-1-1.png","url":"https:\/\/icrturkey.com\/wp-content\/uploads\/2019\/05\/cropped-logo-icr.32f04ad5-1-1.png","contentUrl":"https:\/\/icrturkey.com\/wp-content\/uploads\/2019\/05\/cropped-logo-icr.32f04ad5-1-1.png","width":400,"height":148,"caption":"admin"},"logo":{"@id":"https:\/\/icrturkey.com\/wp-content\/uploads\/2019\/05\/cropped-logo-icr.32f04ad5-1-1.png"}}]}},"_links":{"self":[{"href":"https:\/\/icrturkey.com\/tr\/wp-json\/wp\/v2\/pages\/16326","targetHints":{"allow":["GET"]}}],"collection":[{"href":"https:\/\/icrturkey.com\/tr\/wp-json\/wp\/v2\/pages"}],"about":[{"href":"https:\/\/icrturkey.com\/tr\/wp-json\/wp\/v2\/types\/page"}],"author":[{"embeddable":true,"href":"https:\/\/icrturkey.com\/tr\/wp-json\/wp\/v2\/users\/2"}],"replies":[{"embeddable":true,"href":"https:\/\/icrturkey.com\/tr\/wp-json\/wp\/v2\/comments?post=16326"}],"version-history":[{"count":6,"href":"https:\/\/icrturkey.com\/tr\/wp-json\/wp\/v2\/pages\/16326\/revisions"}],"predecessor-version":[{"id":16332,"href":"https:\/\/icrturkey.com\/tr\/wp-json\/wp\/v2\/pages\/16326\/revisions\/16332"}],"up":[{"embeddable":true,"href":"https:\/\/icrturkey.com\/tr\/wp-json\/wp\/v2\/pages\/979"}],"wp:attachment":[{"href":"https:\/\/icrturkey.com\/tr\/wp-json\/wp\/v2\/media?parent=16326"}],"curies":[{"name":"wp","href":"https:\/\/api.w.org\/{rel}","templated":true}]}}