{"id":12256,"date":"2023-12-18T09:06:09","date_gmt":"2023-12-18T08:06:09","guid":{"rendered":"https:\/\/icrpolska.com\/?page_id=12256"},"modified":"2023-12-18T10:56:10","modified_gmt":"2023-12-18T09:56:10","slug":"doc","status":"publish","type":"page","link":"https:\/\/icrturkey.com\/tr\/doc\/","title":{"rendered":"G\u00fcmr\u00fck ve ithalat belgeleri"},"content":{"rendered":"<div data-elementor-type=\"wp-page\" data-elementor-id=\"12256\" class=\"elementor elementor-12256\">\n\t\t\t\t\t\t<section class=\"elementor-section elementor-top-section elementor-element elementor-element-45f0b3b5 elementor-section-boxed elementor-section-height-default elementor-section-height-default\" data-id=\"45f0b3b5\" data-element_type=\"section\" data-e-type=\"section\">\n\t\t\t\t\t\t<div class=\"elementor-container elementor-column-gap-default\">\n\t\t\t\t\t<div class=\"elementor-column elementor-col-100 elementor-top-column elementor-element elementor-element-1a060b6\" data-id=\"1a060b6\" data-element_type=\"column\" data-e-type=\"column\">\n\t\t\t<div class=\"elementor-widget-wrap elementor-element-populated\">\n\t\t\t\t\t\t<div class=\"elementor-element elementor-element-f624789 elementor-widget elementor-widget-text-editor\" data-id=\"f624789\" data-element_type=\"widget\" data-e-type=\"widget\" data-widget_type=\"text-editor.default\">\n\t\t\t\t<div class=\"elementor-widget-container\">\n\t\t\t\t\t\t\t\t\t<p>B\u00f6lgeye giren \u00fcr\u00fcnler i\u00e7in g\u00fcmr\u00fck ve ithalat belgelerinin incelenmesini sunuyoruz:<\/p>\n<ul>\n<li>Avrupa Birli\u011fi<\/li>\n<li>Birle\u015fik Devletler<\/li>\n<li>Kanada<\/li>\n<li>G\u00fcney Kore<\/li>\n<\/ul>\n<p>\u0130thalat\u00e7\u0131lar ve ihracat\u00e7\u0131lar i\u00e7in sunuyoruz:<\/p>\n<ul>\n<li>Pazarlama y\u00f6netmeliklerine uyum i\u00e7in gerekli teknik ve in\u015faat belgelerinin belirlenmesi,<\/li>\n<li>\u00dcr\u00fcn i\u00e7in ge\u00e7erli olan Direktifler, Y\u00f6netmelikler, ulusal ve uluslararas\u0131 standartlar gibi d\u00fczenlemelerin tan\u0131mlanmas\u0131,<\/li>\n<li>Se\u00e7ilen belgelerin uygunluk de\u011ferlendirmesi, \u00f6rne\u011fin Uygunluk Beyan\u0131, Etiket, Kullan\u0131m Talimatlar\u0131, Harici bir laboratuvardan al\u0131nan test raporlar\u0131,<\/li>\n<\/ul>\n<p>CE, FCC, ISED, KC dahil olmak \u00fczere etiketleme kurallar\u0131na uygunluk i\u00e7in hizmetler y\u00fcr\u00fct\u00fcyoruz.<\/p>\n<p>Bizimle ileti\u015fime ge\u00e7mekten \u00e7ekinmeyin<span style=\"color: var( --e-global-color-text ); font-family: var( --e-global-typography-text-font-family ), Sans-serif; font-weight: var( --e-global-typography-text-font-weight ); background-color: var(--nv-site-bg);\">: <\/span><a style=\"font-family: var( --e-global-typography-text-font-family ), Sans-serif; font-weight: var( --e-global-typography-text-font-weight );\" href=\"mailto:icrpolska@icrqa.com\">icrpolska@icrqa.com<\/a><\/p>\n<p><span style=\"color: var( --e-global-color-text ); font-family: var( --e-global-typography-text-font-family ), Sans-serif; font-weight: var( --e-global-typography-text-font-weight ); background-color: var(--nv-site-bg);\">G\u00fcmr\u00fck ve ithalat belgelerinin incelenmesi hizmeti, verilen hibeden kaynaklanan faaliyetin bir par\u00e7as\u0131 de\u011fildir&nbsp;<\/span><span style=\"color: var( --e-global-color-text ); font-family: var( --e-global-typography-text-font-family ), Sans-serif; font-weight: var( --e-global-typography-text-font-weight ); background-color: var(--nv-site-bg);\">ICR Polonya&nbsp;<\/span><span style=\"color: var( --e-global-color-text ); font-family: var( --e-global-typography-text-font-family ), Sans-serif; font-weight: var( --e-global-typography-text-font-weight ); background-color: var(--nv-site-bg);\">akreditasyon ve bildirim (entegre bir y\u00f6netim sistemi kapsam\u0131nda de\u011fildir).<\/span><br><\/p>\n<p><\/p>\t\t\t\t\t\t\t\t<\/div>\n\t\t\t\t<\/div>\n\t\t\t\t\t<\/div>\n\t\t<\/div>\n\t\t\t\t\t<\/div>\n\t\t<\/section>\n\t\t\t\t<\/div>","protected":false},"excerpt":{"rendered":"<p>A\u015fa\u011f\u0131daki \u00fclkelere giren \u00fcr\u00fcnler i\u00e7in g\u00fcmr\u00fck ve ithalat belgelerine genel bir bak\u0131\u015f sunuyoruz: Avrupa Birli\u011fi Amerika Birle\u015fik Devletleri Kanada G\u00fcney Kore \u0130thalat\u00e7\u0131lar ve ihracat\u00e7\u0131lar i\u00e7in sunuyoruz: Pazarlama y\u00f6netmeliklerine uyum i\u00e7in gerekli teknik ve in\u015faat belgelerinin belirlenmesi, \u00dcr\u00fcn i\u00e7in ge\u00e7erli Direktifler, Y\u00f6netmelikler, ulusal ve uluslararas\u0131 standartlar gibi y\u00f6netmeliklerin belirlenmesi, Uygunluk Beyan\u0131 gibi se\u00e7ilen belgelerin uygunluk de\u011ferlendirmesi...&nbsp;<a href=\"https:\/\/icrturkey.com\/tr\/doc\/\" rel=\"bookmark\">Daha fazlas\u0131n\u0131 oku \"<span class=\"screen-reader-text\">G\u00fcmr\u00fck ve ithalat belgeleri<\/span><\/a><\/p>","protected":false},"author":2,"featured_media":0,"parent":0,"menu_order":0,"comment_status":"closed","ping_status":"closed","template":"","meta":{"neve_meta_sidebar":"","neve_meta_container":"","neve_meta_enable_content_width":"off","neve_meta_content_width":80,"neve_meta_title_alignment":"","neve_meta_author_avatar":"","neve_post_elements_order":"","neve_meta_disable_header":"","neve_meta_disable_footer":"","neve_meta_disable_title":"","footnotes":""},"class_list":["post-12256","page","type-page","status-publish","hentry"],"yoast_head":"<!-- This site is optimized with the Yoast SEO plugin v27.3 - https:\/\/yoast.com\/product\/yoast-seo-wordpress\/ -->\n<title>Dokumenty celno-importowe - ICR TURKEY - tests and certification<\/title>\n<meta name=\"robots\" content=\"index, follow, max-snippet:-1, max-image-preview:large, max-video-preview:-1\" \/>\n<link rel=\"canonical\" href=\"https:\/\/icrturkey.com\/tr\/doc\/\" \/>\n<meta property=\"og:locale\" content=\"tr_TR\" \/>\n<meta property=\"og:type\" content=\"article\" \/>\n<meta property=\"og:title\" content=\"Dokumenty celno-importowe - ICR TURKEY - tests and certification\" \/>\n<meta property=\"og:description\" content=\"Oferujemy przegl\u0105d dokumentacji celno-importowej dla wyrob\u00f3w wprowadzanych do obrotu na obszar: Unii Europejskiej Stan\u00f3w Zjednoczonych Kanady Korei Po\u0142udniowej Dla importer\u00f3w i eksporter\u00f3w proponujemy: Identyfikacj\u0119 wymaganych dokument\u00f3w techniczno-konstrukcyjnych na zgodno\u015b\u0107 z przepisami dot. wprowadzania do obrotu, Identyfikacj\u0119 przepis\u00f3w np. Dyrektyw, Rozporz\u0105dze\u0144, norm krajowych i mi\u0119dzynarodowych maj\u0105cych zastosowanie do wyrobu, Ocen\u0119 zgodno\u015bci wybranych dokument\u00f3w np. Deklaracji Zgodno\u015bci,&hellip;&nbsp;Daha fazlas\u0131n\u0131 oku &raquo;Dokumenty celno-importowe\" \/>\n<meta property=\"og:url\" content=\"https:\/\/icrturkey.com\/tr\/doc\/\" \/>\n<meta property=\"og:site_name\" content=\"ICR TURKEY - tests and certification\" \/>\n<meta property=\"article:modified_time\" content=\"2023-12-18T09:56:10+00:00\" \/>\n<meta name=\"twitter:card\" content=\"summary_large_image\" \/>\n<meta name=\"twitter:label1\" content=\"Tahmini okuma s\u00fcresi\" \/>\n\t<meta name=\"twitter:data1\" content=\"1 dakika\" \/>\n<script type=\"application\/ld+json\" class=\"yoast-schema-graph\">{\"@context\":\"https:\\\/\\\/schema.org\",\"@graph\":[{\"@type\":\"WebPage\",\"@id\":\"https:\\\/\\\/icrturkey.com\\\/doc\\\/\",\"url\":\"https:\\\/\\\/icrturkey.com\\\/doc\\\/\",\"name\":\"Dokumenty celno-importowe - ICR TURKEY - tests and certification\",\"isPartOf\":{\"@id\":\"https:\\\/\\\/icrturkey.com\\\/#website\"},\"datePublished\":\"2023-12-18T08:06:09+00:00\",\"dateModified\":\"2023-12-18T09:56:10+00:00\",\"breadcrumb\":{\"@id\":\"https:\\\/\\\/icrturkey.com\\\/doc\\\/#breadcrumb\"},\"inLanguage\":\"tr\",\"potentialAction\":[{\"@type\":\"ReadAction\",\"target\":[\"https:\\\/\\\/icrturkey.com\\\/doc\\\/\"]}]},{\"@type\":\"BreadcrumbList\",\"@id\":\"https:\\\/\\\/icrturkey.com\\\/doc\\\/#breadcrumb\",\"itemListElement\":[{\"@type\":\"ListItem\",\"position\":1,\"name\":\"Strona g\u0142\u00f3wna\",\"item\":\"https:\\\/\\\/icrturkey.com\\\/\"},{\"@type\":\"ListItem\",\"position\":2,\"name\":\"Dokumenty celno-importowe\"}]},{\"@type\":\"WebSite\",\"@id\":\"https:\\\/\\\/icrturkey.com\\\/#website\",\"url\":\"https:\\\/\\\/icrturkey.com\\\/\",\"name\":\"ICR TURKEY - tests and certification\",\"description\":\"CE certification, CE certificate, ISO certificate, RED testing, product testing and certification, electrical product testing, medical device testing, ATEX, IECEx, FCC, product certification, EMC testing, machinery certification, CE machines, training, electronic product testing, testing 2014\\\/53\\\/EU, drone certification, ISO 13485 certificate, ISO 9001 certificate, NC RfG\",\"publisher\":{\"@id\":\"https:\\\/\\\/icrturkey.com\\\/#\\\/schema\\\/person\\\/43aa01c7e4d61d03230a6e3e9d4e7ef2\"},\"potentialAction\":[{\"@type\":\"SearchAction\",\"target\":{\"@type\":\"EntryPoint\",\"urlTemplate\":\"https:\\\/\\\/icrturkey.com\\\/?s={search_term_string}\"},\"query-input\":{\"@type\":\"PropertyValueSpecification\",\"valueRequired\":true,\"valueName\":\"search_term_string\"}}],\"inLanguage\":\"tr\"},{\"@type\":[\"Person\",\"Organization\"],\"@id\":\"https:\\\/\\\/icrturkey.com\\\/#\\\/schema\\\/person\\\/43aa01c7e4d61d03230a6e3e9d4e7ef2\",\"name\":\"admin\",\"image\":{\"@type\":\"ImageObject\",\"inLanguage\":\"tr\",\"@id\":\"https:\\\/\\\/icrturkey.com\\\/wp-content\\\/uploads\\\/2019\\\/05\\\/cropped-logo-icr.32f04ad5-1-1.png\",\"url\":\"https:\\\/\\\/icrturkey.com\\\/wp-content\\\/uploads\\\/2019\\\/05\\\/cropped-logo-icr.32f04ad5-1-1.png\",\"contentUrl\":\"https:\\\/\\\/icrturkey.com\\\/wp-content\\\/uploads\\\/2019\\\/05\\\/cropped-logo-icr.32f04ad5-1-1.png\",\"width\":400,\"height\":148,\"caption\":\"admin\"},\"logo\":{\"@id\":\"https:\\\/\\\/icrturkey.com\\\/wp-content\\\/uploads\\\/2019\\\/05\\\/cropped-logo-icr.32f04ad5-1-1.png\"}}]}<\/script>\n<!-- \/ Yoast SEO plugin. -->","yoast_head_json":{"title":"G\u00fcmr\u00fck ve ithalat belgeleri - ICR T\u00dcRK\u0130YE - testler ve belgelendirme","robots":{"index":"index","follow":"follow","max-snippet":"max-snippet:-1","max-image-preview":"max-image-preview:large","max-video-preview":"max-video-preview:-1"},"canonical":"https:\/\/icrturkey.com\/tr\/doc\/","og_locale":"tr_TR","og_type":"article","og_title":"Dokumenty celno-importowe - ICR TURKEY - tests and certification","og_description":"Oferujemy przegl\u0105d dokumentacji celno-importowej dla wyrob\u00f3w wprowadzanych do obrotu na obszar: Unii Europejskiej Stan\u00f3w Zjednoczonych Kanady Korei Po\u0142udniowej Dla importer\u00f3w i eksporter\u00f3w proponujemy: Identyfikacj\u0119 wymaganych dokument\u00f3w techniczno-konstrukcyjnych na zgodno\u015b\u0107 z przepisami dot. wprowadzania do obrotu, Identyfikacj\u0119 przepis\u00f3w np. Dyrektyw, Rozporz\u0105dze\u0144, norm krajowych i mi\u0119dzynarodowych maj\u0105cych zastosowanie do wyrobu, Ocen\u0119 zgodno\u015bci wybranych dokument\u00f3w np. Deklaracji Zgodno\u015bci,&hellip;&nbsp;Daha fazlas\u0131n\u0131 oku &raquo;Dokumenty celno-importowe","og_url":"https:\/\/icrturkey.com\/tr\/doc\/","og_site_name":"ICR TURKEY - tests and certification","article_modified_time":"2023-12-18T09:56:10+00:00","twitter_card":"summary_large_image","twitter_misc":{"Tahmini okuma s\u00fcresi":"1 dakika"},"schema":{"@context":"https:\/\/schema.org","@graph":[{"@type":"WebPage","@id":"https:\/\/icrturkey.com\/doc\/","url":"https:\/\/icrturkey.com\/doc\/","name":"G\u00fcmr\u00fck ve ithalat belgeleri - ICR T\u00dcRK\u0130YE - testler ve belgelendirme","isPartOf":{"@id":"https:\/\/icrturkey.com\/#website"},"datePublished":"2023-12-18T08:06:09+00:00","dateModified":"2023-12-18T09:56:10+00:00","breadcrumb":{"@id":"https:\/\/icrturkey.com\/doc\/#breadcrumb"},"inLanguage":"tr","potentialAction":[{"@type":"ReadAction","target":["https:\/\/icrturkey.com\/doc\/"]}]},{"@type":"BreadcrumbList","@id":"https:\/\/icrturkey.com\/doc\/#breadcrumb","itemListElement":[{"@type":"ListItem","position":1,"name":"Strona g\u0142\u00f3wna","item":"https:\/\/icrturkey.com\/"},{"@type":"ListItem","position":2,"name":"Dokumenty celno-importowe"}]},{"@type":"WebSite","@id":"https:\/\/icrturkey.com\/#website","url":"https:\/\/icrturkey.com\/","name":"ICR T\u00dcRK\u0130YE - testler ve belgelendirme","description":"CE sertifikas\u0131, CE sertifikas\u0131, ISO sertifikas\u0131, RED testi, \u00fcr\u00fcn testi ve sertifikasyonu, elektrikli \u00fcr\u00fcn testi, t\u0131bbi cihaz testi, ATEX, IECEx, FCC, \u00fcr\u00fcn sertifikasyonu, EMC testi, makine sertifikasyonu, CE makineleri, e\u011fitim, elektronik \u00fcr\u00fcn testi, 2014\/53\/EU testi, drone sertifikasyonu, ISO 13485 sertifikas\u0131, ISO 9001 sertifikas\u0131, NC RfG","publisher":{"@id":"https:\/\/icrturkey.com\/#\/schema\/person\/43aa01c7e4d61d03230a6e3e9d4e7ef2"},"potentialAction":[{"@type":"SearchAction","target":{"@type":"EntryPoint","urlTemplate":"https:\/\/icrturkey.com\/?s={search_term_string}"},"query-input":{"@type":"PropertyValueSpecification","valueRequired":true,"valueName":"search_term_string"}}],"inLanguage":"tr"},{"@type":["Person","Organization"],"@id":"https:\/\/icrturkey.com\/#\/schema\/person\/43aa01c7e4d61d03230a6e3e9d4e7ef2","name":"Y\u00f6netici","image":{"@type":"ImageObject","inLanguage":"tr","@id":"https:\/\/icrturkey.com\/wp-content\/uploads\/2019\/05\/cropped-logo-icr.32f04ad5-1-1.png","url":"https:\/\/icrturkey.com\/wp-content\/uploads\/2019\/05\/cropped-logo-icr.32f04ad5-1-1.png","contentUrl":"https:\/\/icrturkey.com\/wp-content\/uploads\/2019\/05\/cropped-logo-icr.32f04ad5-1-1.png","width":400,"height":148,"caption":"admin"},"logo":{"@id":"https:\/\/icrturkey.com\/wp-content\/uploads\/2019\/05\/cropped-logo-icr.32f04ad5-1-1.png"}}]}},"_links":{"self":[{"href":"https:\/\/icrturkey.com\/tr\/wp-json\/wp\/v2\/pages\/12256","targetHints":{"allow":["GET"]}}],"collection":[{"href":"https:\/\/icrturkey.com\/tr\/wp-json\/wp\/v2\/pages"}],"about":[{"href":"https:\/\/icrturkey.com\/tr\/wp-json\/wp\/v2\/types\/page"}],"author":[{"embeddable":true,"href":"https:\/\/icrturkey.com\/tr\/wp-json\/wp\/v2\/users\/2"}],"replies":[{"embeddable":true,"href":"https:\/\/icrturkey.com\/tr\/wp-json\/wp\/v2\/comments?post=12256"}],"version-history":[{"count":22,"href":"https:\/\/icrturkey.com\/tr\/wp-json\/wp\/v2\/pages\/12256\/revisions"}],"predecessor-version":[{"id":12294,"href":"https:\/\/icrturkey.com\/tr\/wp-json\/wp\/v2\/pages\/12256\/revisions\/12294"}],"wp:attachment":[{"href":"https:\/\/icrturkey.com\/tr\/wp-json\/wp\/v2\/media?parent=12256"}],"curies":[{"name":"wp","href":"https:\/\/api.w.org\/{rel}","templated":true}]}}