{"id":7513,"date":"2023-01-05T19:21:41","date_gmt":"2023-01-05T18:21:41","guid":{"rendered":"https:\/\/icrpolska.com\/?page_id=7513"},"modified":"2025-06-11T09:33:24","modified_gmt":"2025-06-11T07:33:24","slug":"nc_rfg","status":"publish","type":"page","link":"https:\/\/icrturkey.com\/en\/certyfikacja-wyrobow\/nc_rfg\/","title":{"rendered":"NC RfG"},"content":{"rendered":"<p><strong>Network code - requirements for grid connection of generators<\/strong><\/p>\n<p>From May 1, 2022, it is mandatory to use a certificate confirming the fulfillment of:<\/p>\n<ol>\n<li>COMMISSION REGULATION (EU) 2016\/631 of 14 April 2016 establishing a network code on requirements for grid connection of generators (O.J. UE L 112\/1 of 27.4.2016)<\/li>\n<li>General Application Requirements resulting from the Commission Regulation (EU) 2016\/631 of 14 April 2016 establishing the network code on the requirements for connecting generators - approved by the Decision of the President of the Energy Regulatory Office (URE) DRE.WOSE.7128.550.2.2018.ZJ of 2 January 2019<\/li>\n<\/ol>\n<p>Based on the AC197 accreditation granted by PCA, ICR Polska is a certification body competent to assess generation units in accordance with the above-mentioned requirements.<\/p>\n<p>Our Certificates are issued on the basis of a certification program in accordance with the PTPiREE document \"Conditions and procedures for the use of certificates in the process of connecting energy generation modules to power grids\" - Edition 1.2 of April 28, 2021. and Edition 1.3 of October 1, 2024.<\/p>\n<p>We invite manufacturers and importers of power generation modules to use our services so that the products offered can be connected to power grids in the EU.<\/p>\n<p><img decoding=\"async\" class=\"alignnone wp-image-3362\" src=\"https:\/\/icrturkey.com\/wp-content\/uploads\/2019\/06\/Email-icon-e1560506652454.png\" alt=\"\" width=\"28\" height=\"20\" \/> <a href=\"mailto:icrpolska@icrqa.com?subject=NC_RfG%20Certificate&amp;body=I%20plan%20to%20certificate%20for%20NC_RfG.%0APlease,%20contact%20me%20to%20more%20information.%0A\">Please contact ICR Polska<\/a><\/p>\n<p>Do it to be at least one step ahead of the competition.<\/p>\n<p><a href=\"https:\/\/icrturkey.com\/wp-content\/uploads\/2019\/06\/Program-oceny-zgodno\u015bci-w-zakresie-ATEX.pdf\" target=\"_blank\" rel=\"noopener noreferrer\"><img decoding=\"async\" class=\"alignnone wp-image-2679\" src=\"https:\/\/icrturkey.com\/wp-content\/uploads\/2019\/06\/adobe.jpg\" alt=\"\" width=\"20\" height=\"21\" srcset=\"https:\/\/icrturkey.com\/wp-content\/uploads\/2019\/06\/adobe.jpg 218w, https:\/\/icrturkey.com\/wp-content\/uploads\/2019\/06\/adobe-150x150.jpg 150w\" sizes=\"(max-width: 20px) 100vw, 20px\" \/> <\/a><a href=\"https:\/\/icrturkey.com\/wp-content\/uploads\/2025\/06\/PC-P-07-10-6-Program-oceny-zgodnosci-sieci-energetyczne.pdf\" target=\"_blank\" rel=\"noopener\">Program of NC RfG equipment assessment (EU) 2016\/631<\/a><\/p>\n<p><a href=\"https:\/\/icrturkey.com\/wp-content\/uploads\/2022\/11\/F-P-07-01-1-1-wniosek-o-przeprowadzenie-oceny-sprzetu-2016-631.docx\" target=\"_blank\" rel=\"noopener\"><img decoding=\"async\" class=\"alignnone wp-image-2678\" src=\"https:\/\/icrturkey.com\/wp-content\/uploads\/2019\/06\/word.jpg\" sizes=\"(max-width: 20px) 100vw, 20px\" srcset=\"https:\/\/icrturkey.com\/wp-content\/uploads\/2019\/06\/word.jpg 208w, https:\/\/icrturkey.com\/wp-content\/uploads\/2019\/06\/word-150x150.jpg 150w\" alt=\"\" width=\"20\" height=\"20\" \/><\/a> <a href=\"https:\/\/icrturkey.com\/wp-content\/uploads\/2025\/06\/F-P-07-01-1-3-wniosek-o-przeprowadzenie-oceny-sprzetu-2016-631.docx\" target=\"_blank\" rel=\"noopener\">Application for NC RfG equipment assessment (Regulation EU) 2016\/631)<\/a><\/p>","protected":false},"excerpt":{"rendered":"<p>Grid Code - Connection of generating units to the electricity grid From 1 May 2022, it is mandatory to use a certificate confirming compliance with: Commission Regulation (EU) 2016\/631 of 14 April 2016 laying down the Grid Code on requirements for the connection of generating units to the grid (OJ EU L 112\/1 of 27.4.2016), the General Applicability Requirements under Regulation...&nbsp;<a href=\"https:\/\/icrturkey.com\/en\/certyfikacja-wyrobow\/nc_rfg\/\" rel=\"bookmark\">Read More \"<span class=\"screen-reader-text\">NC RfG<\/span><\/a><\/p>","protected":false},"author":2,"featured_media":0,"parent":211,"menu_order":0,"comment_status":"closed","ping_status":"closed","template":"","meta":{"neve_meta_sidebar":"left","neve_meta_container":"","neve_meta_enable_content_width":"off","neve_meta_content_width":100,"neve_meta_title_alignment":"","neve_meta_author_avatar":"","neve_post_elements_order":"","neve_meta_disable_header":"","neve_meta_disable_footer":"","neve_meta_disable_title":"","footnotes":""},"class_list":["post-7513","page","type-page","status-publish","hentry"],"yoast_head":"<!-- This site is optimized with the Yoast SEO plugin v27.3 - https:\/\/yoast.com\/product\/yoast-seo-wordpress\/ -->\n<title>NC RfG - ICR TURKEY - tests and certification<\/title>\n<meta name=\"robots\" content=\"index, follow, max-snippet:-1, max-image-preview:large, max-video-preview:-1\" \/>\n<link rel=\"canonical\" href=\"https:\/\/icrturkey.com\/en\/certyfikacja-wyrobow\/nc_rfg\/\" \/>\n<meta property=\"og:locale\" content=\"en_GB\" \/>\n<meta property=\"og:type\" content=\"article\" \/>\n<meta property=\"og:title\" content=\"NC RfG - ICR TURKEY - tests and certification\" \/>\n<meta property=\"og:description\" content=\"Kodeks sieciowy &#8211; przy\u0142\u0105czanie jednostek wytw\u00f3rczych do sieci elektroenergetycznych Od 1 maja 2022 r. jest wymagane obligatoryjne stosowanie certyfikatu potwierdzaj\u0105cego spe\u0142nienie: Rozporz\u0105dzenia Komisji (UE) 2016\/631 z dnia 14 kwietnia 2016 r. ustanawiaj\u0105cego kodeks sieci dotycz\u0105cy wymog\u00f3w w zakresie przy\u0142\u0105czenia jednostek wytw\u00f3rczych do sieci (Dz.U. UE L 112\/1 z 27.4.2016), Wymog\u00f3w Og\u00f3lnego Stosowania wynikaj\u0105cych z rozporz\u0105dzenia&hellip;&nbsp;Read More &raquo;NC RfG\" \/>\n<meta property=\"og:url\" content=\"https:\/\/icrturkey.com\/en\/certyfikacja-wyrobow\/nc_rfg\/\" \/>\n<meta property=\"og:site_name\" content=\"ICR TURKEY - tests and certification\" \/>\n<meta property=\"article:modified_time\" content=\"2025-06-11T07:33:24+00:00\" \/>\n<meta property=\"og:image\" content=\"https:\/\/icrturkey.com\/wp-content\/uploads\/2019\/06\/Email-icon-e1560506652454.png\" \/>\n\t<meta property=\"og:image:width\" content=\"35\" \/>\n\t<meta property=\"og:image:height\" content=\"25\" \/>\n\t<meta property=\"og:image:type\" content=\"image\/png\" \/>\n<meta name=\"twitter:card\" content=\"summary_large_image\" \/>\n<meta name=\"twitter:label1\" content=\"Estimated reading time\" \/>\n\t<meta name=\"twitter:data1\" content=\"2 minutes\" \/>\n<script type=\"application\/ld+json\" class=\"yoast-schema-graph\">{\"@context\":\"https:\\\/\\\/schema.org\",\"@graph\":[{\"@type\":\"WebPage\",\"@id\":\"https:\\\/\\\/icrturkey.com\\\/certyfikacja-wyrobow\\\/nc_rfg\\\/\",\"url\":\"https:\\\/\\\/icrturkey.com\\\/certyfikacja-wyrobow\\\/nc_rfg\\\/\",\"name\":\"NC RfG - ICR TURKEY - tests and certification\",\"isPartOf\":{\"@id\":\"https:\\\/\\\/icrturkey.com\\\/#website\"},\"primaryImageOfPage\":{\"@id\":\"https:\\\/\\\/icrturkey.com\\\/certyfikacja-wyrobow\\\/nc_rfg\\\/#primaryimage\"},\"image\":{\"@id\":\"https:\\\/\\\/icrturkey.com\\\/certyfikacja-wyrobow\\\/nc_rfg\\\/#primaryimage\"},\"thumbnailUrl\":\"https:\\\/\\\/icrturkey.com\\\/wp-content\\\/uploads\\\/2019\\\/06\\\/Email-icon-e1560506652454.png\",\"datePublished\":\"2023-01-05T18:21:41+00:00\",\"dateModified\":\"2025-06-11T07:33:24+00:00\",\"breadcrumb\":{\"@id\":\"https:\\\/\\\/icrturkey.com\\\/certyfikacja-wyrobow\\\/nc_rfg\\\/#breadcrumb\"},\"inLanguage\":\"en-GB\",\"potentialAction\":[{\"@type\":\"ReadAction\",\"target\":[\"https:\\\/\\\/icrturkey.com\\\/certyfikacja-wyrobow\\\/nc_rfg\\\/\"]}]},{\"@type\":\"ImageObject\",\"inLanguage\":\"en-GB\",\"@id\":\"https:\\\/\\\/icrturkey.com\\\/certyfikacja-wyrobow\\\/nc_rfg\\\/#primaryimage\",\"url\":\"https:\\\/\\\/icrturkey.com\\\/wp-content\\\/uploads\\\/2019\\\/06\\\/Email-icon-e1560506652454.png\",\"contentUrl\":\"https:\\\/\\\/icrturkey.com\\\/wp-content\\\/uploads\\\/2019\\\/06\\\/Email-icon-e1560506652454.png\"},{\"@type\":\"BreadcrumbList\",\"@id\":\"https:\\\/\\\/icrturkey.com\\\/certyfikacja-wyrobow\\\/nc_rfg\\\/#breadcrumb\",\"itemListElement\":[{\"@type\":\"ListItem\",\"position\":1,\"name\":\"Strona g\u0142\u00f3wna\",\"item\":\"https:\\\/\\\/icrturkey.com\\\/\"},{\"@type\":\"ListItem\",\"position\":2,\"name\":\"Certyfikacja wyrob\u00f3w\",\"item\":\"https:\\\/\\\/icrturkey.com\\\/certyfikacja-wyrobow\\\/\"},{\"@type\":\"ListItem\",\"position\":3,\"name\":\"NC RfG\"}]},{\"@type\":\"WebSite\",\"@id\":\"https:\\\/\\\/icrturkey.com\\\/#website\",\"url\":\"https:\\\/\\\/icrturkey.com\\\/\",\"name\":\"ICR TURKEY - tests and certification\",\"description\":\"CE certification, CE certificate, ISO certificate, RED testing, product testing and certification, electrical product testing, medical device testing, ATEX, IECEx, FCC, product certification, EMC testing, machinery certification, CE machines, training, electronic product testing, testing 2014\\\/53\\\/EU, drone certification, ISO 13485 certificate, ISO 9001 certificate, NC RfG\",\"publisher\":{\"@id\":\"https:\\\/\\\/icrturkey.com\\\/#\\\/schema\\\/person\\\/43aa01c7e4d61d03230a6e3e9d4e7ef2\"},\"potentialAction\":[{\"@type\":\"SearchAction\",\"target\":{\"@type\":\"EntryPoint\",\"urlTemplate\":\"https:\\\/\\\/icrturkey.com\\\/?s={search_term_string}\"},\"query-input\":{\"@type\":\"PropertyValueSpecification\",\"valueRequired\":true,\"valueName\":\"search_term_string\"}}],\"inLanguage\":\"en-GB\"},{\"@type\":[\"Person\",\"Organization\"],\"@id\":\"https:\\\/\\\/icrturkey.com\\\/#\\\/schema\\\/person\\\/43aa01c7e4d61d03230a6e3e9d4e7ef2\",\"name\":\"admin\",\"image\":{\"@type\":\"ImageObject\",\"inLanguage\":\"en-GB\",\"@id\":\"https:\\\/\\\/icrturkey.com\\\/wp-content\\\/uploads\\\/2019\\\/05\\\/cropped-logo-icr.32f04ad5-1-1.png\",\"url\":\"https:\\\/\\\/icrturkey.com\\\/wp-content\\\/uploads\\\/2019\\\/05\\\/cropped-logo-icr.32f04ad5-1-1.png\",\"contentUrl\":\"https:\\\/\\\/icrturkey.com\\\/wp-content\\\/uploads\\\/2019\\\/05\\\/cropped-logo-icr.32f04ad5-1-1.png\",\"width\":400,\"height\":148,\"caption\":\"admin\"},\"logo\":{\"@id\":\"https:\\\/\\\/icrturkey.com\\\/wp-content\\\/uploads\\\/2019\\\/05\\\/cropped-logo-icr.32f04ad5-1-1.png\"}}]}<\/script>\n<!-- \/ Yoast SEO plugin. -->","yoast_head_json":{"title":"NC RfG - ICR TURKEY - tests and certification","robots":{"index":"index","follow":"follow","max-snippet":"max-snippet:-1","max-image-preview":"max-image-preview:large","max-video-preview":"max-video-preview:-1"},"canonical":"https:\/\/icrturkey.com\/en\/certyfikacja-wyrobow\/nc_rfg\/","og_locale":"en_GB","og_type":"article","og_title":"NC RfG - ICR TURKEY - tests and certification","og_description":"Kodeks sieciowy &#8211; przy\u0142\u0105czanie jednostek wytw\u00f3rczych do sieci elektroenergetycznych Od 1 maja 2022 r. jest wymagane obligatoryjne stosowanie certyfikatu potwierdzaj\u0105cego spe\u0142nienie: Rozporz\u0105dzenia Komisji (UE) 2016\/631 z dnia 14 kwietnia 2016 r. ustanawiaj\u0105cego kodeks sieci dotycz\u0105cy wymog\u00f3w w zakresie przy\u0142\u0105czenia jednostek wytw\u00f3rczych do sieci (Dz.U. UE L 112\/1 z 27.4.2016), Wymog\u00f3w Og\u00f3lnego Stosowania wynikaj\u0105cych z rozporz\u0105dzenia&hellip;&nbsp;Read More &raquo;NC RfG","og_url":"https:\/\/icrturkey.com\/en\/certyfikacja-wyrobow\/nc_rfg\/","og_site_name":"ICR TURKEY - tests and certification","article_modified_time":"2025-06-11T07:33:24+00:00","og_image":[{"width":35,"height":25,"url":"https:\/\/icrturkey.com\/wp-content\/uploads\/2019\/06\/Email-icon-e1560506652454.png","type":"image\/png"}],"twitter_card":"summary_large_image","twitter_misc":{"Estimated reading time":"2 minutes"},"schema":{"@context":"https:\/\/schema.org","@graph":[{"@type":"WebPage","@id":"https:\/\/icrturkey.com\/certyfikacja-wyrobow\/nc_rfg\/","url":"https:\/\/icrturkey.com\/certyfikacja-wyrobow\/nc_rfg\/","name":"NC RfG - ICR TURKEY - tests and certification","isPartOf":{"@id":"https:\/\/icrturkey.com\/#website"},"primaryImageOfPage":{"@id":"https:\/\/icrturkey.com\/certyfikacja-wyrobow\/nc_rfg\/#primaryimage"},"image":{"@id":"https:\/\/icrturkey.com\/certyfikacja-wyrobow\/nc_rfg\/#primaryimage"},"thumbnailUrl":"https:\/\/icrturkey.com\/wp-content\/uploads\/2019\/06\/Email-icon-e1560506652454.png","datePublished":"2023-01-05T18:21:41+00:00","dateModified":"2025-06-11T07:33:24+00:00","breadcrumb":{"@id":"https:\/\/icrturkey.com\/certyfikacja-wyrobow\/nc_rfg\/#breadcrumb"},"inLanguage":"en-GB","potentialAction":[{"@type":"ReadAction","target":["https:\/\/icrturkey.com\/certyfikacja-wyrobow\/nc_rfg\/"]}]},{"@type":"ImageObject","inLanguage":"en-GB","@id":"https:\/\/icrturkey.com\/certyfikacja-wyrobow\/nc_rfg\/#primaryimage","url":"https:\/\/icrturkey.com\/wp-content\/uploads\/2019\/06\/Email-icon-e1560506652454.png","contentUrl":"https:\/\/icrturkey.com\/wp-content\/uploads\/2019\/06\/Email-icon-e1560506652454.png"},{"@type":"BreadcrumbList","@id":"https:\/\/icrturkey.com\/certyfikacja-wyrobow\/nc_rfg\/#breadcrumb","itemListElement":[{"@type":"ListItem","position":1,"name":"Strona g\u0142\u00f3wna","item":"https:\/\/icrturkey.com\/"},{"@type":"ListItem","position":2,"name":"Certyfikacja wyrob\u00f3w","item":"https:\/\/icrturkey.com\/certyfikacja-wyrobow\/"},{"@type":"ListItem","position":3,"name":"NC RfG"}]},{"@type":"WebSite","@id":"https:\/\/icrturkey.com\/#website","url":"https:\/\/icrturkey.com\/","name":"ICR TURKEY - tests and certification","description":"CE certification, CE certificate, ISO certificate, RED testing, product testing and certification, electrical product testing, medical device testing, ATEX, IECEx, FCC, product certification, EMC testing, machinery certification, CE machines, training, electronic product testing, testing 2014\/53\/EU, drone certification, ISO 13485 certificate, ISO 9001 certificate, NC RfG","publisher":{"@id":"https:\/\/icrturkey.com\/#\/schema\/person\/43aa01c7e4d61d03230a6e3e9d4e7ef2"},"potentialAction":[{"@type":"SearchAction","target":{"@type":"EntryPoint","urlTemplate":"https:\/\/icrturkey.com\/?s={search_term_string}"},"query-input":{"@type":"PropertyValueSpecification","valueRequired":true,"valueName":"search_term_string"}}],"inLanguage":"en-GB"},{"@type":["Person","Organization"],"@id":"https:\/\/icrturkey.com\/#\/schema\/person\/43aa01c7e4d61d03230a6e3e9d4e7ef2","name":"admin","image":{"@type":"ImageObject","inLanguage":"en-GB","@id":"https:\/\/icrturkey.com\/wp-content\/uploads\/2019\/05\/cropped-logo-icr.32f04ad5-1-1.png","url":"https:\/\/icrturkey.com\/wp-content\/uploads\/2019\/05\/cropped-logo-icr.32f04ad5-1-1.png","contentUrl":"https:\/\/icrturkey.com\/wp-content\/uploads\/2019\/05\/cropped-logo-icr.32f04ad5-1-1.png","width":400,"height":148,"caption":"admin"},"logo":{"@id":"https:\/\/icrturkey.com\/wp-content\/uploads\/2019\/05\/cropped-logo-icr.32f04ad5-1-1.png"}}]}},"_links":{"self":[{"href":"https:\/\/icrturkey.com\/en\/wp-json\/wp\/v2\/pages\/7513","targetHints":{"allow":["GET"]}}],"collection":[{"href":"https:\/\/icrturkey.com\/en\/wp-json\/wp\/v2\/pages"}],"about":[{"href":"https:\/\/icrturkey.com\/en\/wp-json\/wp\/v2\/types\/page"}],"author":[{"embeddable":true,"href":"https:\/\/icrturkey.com\/en\/wp-json\/wp\/v2\/users\/2"}],"replies":[{"embeddable":true,"href":"https:\/\/icrturkey.com\/en\/wp-json\/wp\/v2\/comments?post=7513"}],"version-history":[{"count":18,"href":"https:\/\/icrturkey.com\/en\/wp-json\/wp\/v2\/pages\/7513\/revisions"}],"predecessor-version":[{"id":17184,"href":"https:\/\/icrturkey.com\/en\/wp-json\/wp\/v2\/pages\/7513\/revisions\/17184"}],"up":[{"embeddable":true,"href":"https:\/\/icrturkey.com\/en\/wp-json\/wp\/v2\/pages\/211"}],"wp:attachment":[{"href":"https:\/\/icrturkey.com\/en\/wp-json\/wp\/v2\/media?parent=7513"}],"curies":[{"name":"wp","href":"https:\/\/api.w.org\/{rel}","templated":true}]}}