{"id":5813,"date":"2022-09-09T10:02:22","date_gmt":"2022-09-09T08:02:22","guid":{"rendered":"https:\/\/icrpolska.com\/?page_id=5813"},"modified":"2022-09-13T14:13:43","modified_gmt":"2022-09-13T12:13:43","slug":"ukca","status":"publish","type":"page","link":"https:\/\/icrturkey.com\/en\/ukca\/","title":{"rendered":"UKCA"},"content":{"rendered":"<div data-elementor-type=\"wp-page\" data-elementor-id=\"5813\" class=\"elementor elementor-5813\">\n\t\t\t\t\t\t<section class=\"elementor-section elementor-top-section elementor-element elementor-element-6c3c88be elementor-section-boxed elementor-section-height-default elementor-section-height-default\" data-id=\"6c3c88be\" data-element_type=\"section\" data-e-type=\"section\">\n\t\t\t\t\t\t<div class=\"elementor-container elementor-column-gap-default\">\n\t\t\t\t\t<div class=\"elementor-column elementor-col-100 elementor-top-column elementor-element elementor-element-79a24622\" data-id=\"79a24622\" data-element_type=\"column\" data-e-type=\"column\">\n\t\t\t<div class=\"elementor-widget-wrap elementor-element-populated\">\n\t\t\t\t\t\t<div class=\"elementor-element elementor-element-4f7d662f elementor-widget elementor-widget-text-editor\" data-id=\"4f7d662f\" data-element_type=\"widget\" data-e-type=\"widget\" data-widget_type=\"text-editor.default\">\n\t\t\t\t<div class=\"elementor-widget-container\">\n\t\t\t\t\t\t\t\t\t<img fetchpriority=\"high\" decoding=\"async\" class=\"size-full wp-image-5870 alignleft\" src=\"https:\/\/icrturkey.com\/wp-content\/uploads\/2022\/09\/ukca-mark.webp\" alt=\"\" width=\"240\" height=\"240\" srcset=\"https:\/\/icrturkey.com\/wp-content\/uploads\/2022\/09\/ukca-mark.webp 240w, https:\/\/icrturkey.com\/wp-content\/uploads\/2022\/09\/ukca-mark-150x150.webp 150w, https:\/\/icrturkey.com\/wp-content\/uploads\/2022\/09\/ukca-mark-12x12.webp 12w\" sizes=\"(max-width: 240px) 100vw, 240px\" \/><p>The UKCA marking is the product marking used for products being placed on the market in Great Britain (England, Scotland and Wales).<\/p>\n<p>The UKCA marking applies to most products previously subject to the CE marking. The technical requirements (sometimes referred to as \u2018essential requirements\u2019) you must meet for the UKCA marking will depend on the product specific legislation for your product.<\/p>\n<p>Conformity with these requirements can also be achieved by using designated standards (which the UK introduced to replace EU harmonised standards).<\/p>\n<p>By following designated standards, manufacturers can claim \u2018presumption of conformity\u2019 with the corresponding essential requirements that apply to their product.<\/p>\n<p>The UKCA marking can be used now. However, to allow businesses time to adjust, you will still be able to use the CE marking until 11 p.m. on 31 December 2022 in most cases.<\/p>\n<p>We offer confomity assessment by recognized and designated Approved Body for the UK (UKCA), we cooperate with, e.g. in scope of:<\/p>\n<p>\u2013 UK Radio Regulations \u2013 SI 2017\/1206<\/p>\n<p>\u2013 UK EMC Regulations \u2013 SI 2016\/1091<\/p>\t\t\t\t\t\t\t\t<\/div>\n\t\t\t\t<\/div>\n\t\t\t\t\t<\/div>\n\t\t<\/div>\n\t\t\t\t\t<\/div>\n\t\t<\/section>\n\t\t\t\t<\/div>","protected":false},"excerpt":{"rendered":"<p>UKCA is the marking for products marketed in the UK (England, Scotland and Wales). The UKCA marking applies to most products previously subject to CE marking. The technical requirements (sometimes referred to as 'essential requirements') that must be met for UKCA marking depend on the product-specific legislation. Compliance with these requirements can also be achieved through the use of designated standards....&nbsp;<a href=\"https:\/\/icrturkey.com\/en\/ukca\/\" rel=\"bookmark\">Read More \"<span class=\"screen-reader-text\">UKCA<\/span><\/a><\/p>","protected":false},"author":2,"featured_media":0,"parent":0,"menu_order":0,"comment_status":"closed","ping_status":"closed","template":"","meta":{"neve_meta_sidebar":"","neve_meta_container":"","neve_meta_enable_content_width":"off","neve_meta_content_width":70,"neve_meta_title_alignment":"","neve_meta_author_avatar":"","neve_post_elements_order":"","neve_meta_disable_header":"","neve_meta_disable_footer":"","neve_meta_disable_title":"","footnotes":""},"class_list":["post-5813","page","type-page","status-publish","hentry"],"yoast_head":"<!-- This site is optimized with the Yoast SEO plugin v27.3 - https:\/\/yoast.com\/product\/yoast-seo-wordpress\/ -->\n<title>UKCA - ICR TURKEY - tests and certification<\/title>\n<meta name=\"robots\" content=\"index, follow, max-snippet:-1, max-image-preview:large, max-video-preview:-1\" \/>\n<link rel=\"canonical\" href=\"https:\/\/icrturkey.com\/en\/ukca\/\" \/>\n<meta property=\"og:locale\" content=\"en_GB\" \/>\n<meta property=\"og:type\" content=\"article\" \/>\n<meta property=\"og:title\" content=\"UKCA - ICR TURKEY - tests and certification\" \/>\n<meta property=\"og:description\" content=\"UKCA\u00a0jest oznaczeniem produkt\u00f3w wprowadzanych na rynek w Wielkiej Brytanii (Anglii, Szkocji i Walii). Oznakowanie UKCA ma zastosowanie do wi\u0119kszo\u015bci produkt\u00f3w wcze\u015bniej podlegaj\u0105cych oznakowaniu CE. Wymagania techniczne (czasami okre\u015blane jako &#8222;zasadnicze wymagania&#8221;), kt\u00f3re musz\u0105 by\u0107 spe\u0142nione dla oznakowania UKCA zale\u017c\u0105 od przepis\u00f3w dotycz\u0105cych konkretnego produktu. Zgodno\u015b\u0107 z tymi wymaganiami mo\u017cna r\u00f3wnie\u017c osi\u0105gn\u0105\u0107 poprzez zastosowanie wyznaczonych norm&hellip;&nbsp;Read More &raquo;UKCA\" \/>\n<meta property=\"og:url\" content=\"https:\/\/icrturkey.com\/en\/ukca\/\" \/>\n<meta property=\"og:site_name\" content=\"ICR TURKEY - tests and certification\" \/>\n<meta property=\"article:modified_time\" content=\"2022-09-13T12:13:43+00:00\" \/>\n<meta property=\"og:image\" content=\"https:\/\/icrturkey.com\/wp-content\/uploads\/2022\/09\/ukca-mark.webp\" \/>\n<meta name=\"twitter:card\" content=\"summary_large_image\" \/>\n<meta name=\"twitter:label1\" content=\"Estimated reading time\" \/>\n\t<meta name=\"twitter:data1\" content=\"2 minutes\" \/>\n<script type=\"application\/ld+json\" class=\"yoast-schema-graph\">{\"@context\":\"https:\\\/\\\/schema.org\",\"@graph\":[{\"@type\":\"WebPage\",\"@id\":\"https:\\\/\\\/icrturkey.com\\\/ukca\\\/\",\"url\":\"https:\\\/\\\/icrturkey.com\\\/ukca\\\/\",\"name\":\"UKCA - ICR TURKEY - tests and certification\",\"isPartOf\":{\"@id\":\"https:\\\/\\\/icrturkey.com\\\/#website\"},\"primaryImageOfPage\":{\"@id\":\"https:\\\/\\\/icrturkey.com\\\/ukca\\\/#primaryimage\"},\"image\":{\"@id\":\"https:\\\/\\\/icrturkey.com\\\/ukca\\\/#primaryimage\"},\"thumbnailUrl\":\"https:\\\/\\\/icrturkey.com\\\/wp-content\\\/uploads\\\/2022\\\/09\\\/ukca-mark.webp\",\"datePublished\":\"2022-09-09T08:02:22+00:00\",\"dateModified\":\"2022-09-13T12:13:43+00:00\",\"breadcrumb\":{\"@id\":\"https:\\\/\\\/icrturkey.com\\\/ukca\\\/#breadcrumb\"},\"inLanguage\":\"en-GB\",\"potentialAction\":[{\"@type\":\"ReadAction\",\"target\":[\"https:\\\/\\\/icrturkey.com\\\/ukca\\\/\"]}]},{\"@type\":\"ImageObject\",\"inLanguage\":\"en-GB\",\"@id\":\"https:\\\/\\\/icrturkey.com\\\/ukca\\\/#primaryimage\",\"url\":\"https:\\\/\\\/icrturkey.com\\\/wp-content\\\/uploads\\\/2022\\\/09\\\/ukca-mark.webp\",\"contentUrl\":\"https:\\\/\\\/icrturkey.com\\\/wp-content\\\/uploads\\\/2022\\\/09\\\/ukca-mark.webp\"},{\"@type\":\"BreadcrumbList\",\"@id\":\"https:\\\/\\\/icrturkey.com\\\/ukca\\\/#breadcrumb\",\"itemListElement\":[{\"@type\":\"ListItem\",\"position\":1,\"name\":\"Strona g\u0142\u00f3wna\",\"item\":\"https:\\\/\\\/icrturkey.com\\\/\"},{\"@type\":\"ListItem\",\"position\":2,\"name\":\"UKCA\"}]},{\"@type\":\"WebSite\",\"@id\":\"https:\\\/\\\/icrturkey.com\\\/#website\",\"url\":\"https:\\\/\\\/icrturkey.com\\\/\",\"name\":\"ICR TURKEY - tests and certification\",\"description\":\"CE certification, CE certificate, ISO certificate, RED testing, product testing and certification, electrical product testing, medical device testing, ATEX, IECEx, FCC, product certification, EMC testing, machinery certification, CE machines, training, electronic product testing, testing 2014\\\/53\\\/EU, drone certification, ISO 13485 certificate, ISO 9001 certificate, NC RfG\",\"publisher\":{\"@id\":\"https:\\\/\\\/icrturkey.com\\\/#\\\/schema\\\/person\\\/43aa01c7e4d61d03230a6e3e9d4e7ef2\"},\"potentialAction\":[{\"@type\":\"SearchAction\",\"target\":{\"@type\":\"EntryPoint\",\"urlTemplate\":\"https:\\\/\\\/icrturkey.com\\\/?s={search_term_string}\"},\"query-input\":{\"@type\":\"PropertyValueSpecification\",\"valueRequired\":true,\"valueName\":\"search_term_string\"}}],\"inLanguage\":\"en-GB\"},{\"@type\":[\"Person\",\"Organization\"],\"@id\":\"https:\\\/\\\/icrturkey.com\\\/#\\\/schema\\\/person\\\/43aa01c7e4d61d03230a6e3e9d4e7ef2\",\"name\":\"admin\",\"image\":{\"@type\":\"ImageObject\",\"inLanguage\":\"en-GB\",\"@id\":\"https:\\\/\\\/icrturkey.com\\\/wp-content\\\/uploads\\\/2019\\\/05\\\/cropped-logo-icr.32f04ad5-1-1.png\",\"url\":\"https:\\\/\\\/icrturkey.com\\\/wp-content\\\/uploads\\\/2019\\\/05\\\/cropped-logo-icr.32f04ad5-1-1.png\",\"contentUrl\":\"https:\\\/\\\/icrturkey.com\\\/wp-content\\\/uploads\\\/2019\\\/05\\\/cropped-logo-icr.32f04ad5-1-1.png\",\"width\":400,\"height\":148,\"caption\":\"admin\"},\"logo\":{\"@id\":\"https:\\\/\\\/icrturkey.com\\\/wp-content\\\/uploads\\\/2019\\\/05\\\/cropped-logo-icr.32f04ad5-1-1.png\"}}]}<\/script>\n<!-- \/ Yoast SEO plugin. -->","yoast_head_json":{"title":"UKCA - ICR TURKEY - tests and certification","robots":{"index":"index","follow":"follow","max-snippet":"max-snippet:-1","max-image-preview":"max-image-preview:large","max-video-preview":"max-video-preview:-1"},"canonical":"https:\/\/icrturkey.com\/en\/ukca\/","og_locale":"en_GB","og_type":"article","og_title":"UKCA - ICR TURKEY - tests and certification","og_description":"UKCA\u00a0jest oznaczeniem produkt\u00f3w wprowadzanych na rynek w Wielkiej Brytanii (Anglii, Szkocji i Walii). Oznakowanie UKCA ma zastosowanie do wi\u0119kszo\u015bci produkt\u00f3w wcze\u015bniej podlegaj\u0105cych oznakowaniu CE. Wymagania techniczne (czasami okre\u015blane jako &#8222;zasadnicze wymagania&#8221;), kt\u00f3re musz\u0105 by\u0107 spe\u0142nione dla oznakowania UKCA zale\u017c\u0105 od przepis\u00f3w dotycz\u0105cych konkretnego produktu. Zgodno\u015b\u0107 z tymi wymaganiami mo\u017cna r\u00f3wnie\u017c osi\u0105gn\u0105\u0107 poprzez zastosowanie wyznaczonych norm&hellip;&nbsp;Read More &raquo;UKCA","og_url":"https:\/\/icrturkey.com\/en\/ukca\/","og_site_name":"ICR TURKEY - tests and certification","article_modified_time":"2022-09-13T12:13:43+00:00","og_image":[{"url":"https:\/\/icrturkey.com\/wp-content\/uploads\/2022\/09\/ukca-mark.webp","type":"","width":"","height":""}],"twitter_card":"summary_large_image","twitter_misc":{"Estimated reading time":"2 minutes"},"schema":{"@context":"https:\/\/schema.org","@graph":[{"@type":"WebPage","@id":"https:\/\/icrturkey.com\/ukca\/","url":"https:\/\/icrturkey.com\/ukca\/","name":"UKCA - ICR TURKEY - tests and certification","isPartOf":{"@id":"https:\/\/icrturkey.com\/#website"},"primaryImageOfPage":{"@id":"https:\/\/icrturkey.com\/ukca\/#primaryimage"},"image":{"@id":"https:\/\/icrturkey.com\/ukca\/#primaryimage"},"thumbnailUrl":"https:\/\/icrturkey.com\/wp-content\/uploads\/2022\/09\/ukca-mark.webp","datePublished":"2022-09-09T08:02:22+00:00","dateModified":"2022-09-13T12:13:43+00:00","breadcrumb":{"@id":"https:\/\/icrturkey.com\/ukca\/#breadcrumb"},"inLanguage":"en-GB","potentialAction":[{"@type":"ReadAction","target":["https:\/\/icrturkey.com\/ukca\/"]}]},{"@type":"ImageObject","inLanguage":"en-GB","@id":"https:\/\/icrturkey.com\/ukca\/#primaryimage","url":"https:\/\/icrturkey.com\/wp-content\/uploads\/2022\/09\/ukca-mark.webp","contentUrl":"https:\/\/icrturkey.com\/wp-content\/uploads\/2022\/09\/ukca-mark.webp"},{"@type":"BreadcrumbList","@id":"https:\/\/icrturkey.com\/ukca\/#breadcrumb","itemListElement":[{"@type":"ListItem","position":1,"name":"Strona g\u0142\u00f3wna","item":"https:\/\/icrturkey.com\/"},{"@type":"ListItem","position":2,"name":"UKCA"}]},{"@type":"WebSite","@id":"https:\/\/icrturkey.com\/#website","url":"https:\/\/icrturkey.com\/","name":"ICR TURKEY - tests and certification","description":"CE certification, CE certificate, ISO certificate, RED testing, product testing and certification, electrical product testing, medical device testing, ATEX, IECEx, FCC, product certification, EMC testing, machinery certification, CE machines, training, electronic product testing, testing 2014\/53\/EU, drone certification, ISO 13485 certificate, ISO 9001 certificate, NC RfG","publisher":{"@id":"https:\/\/icrturkey.com\/#\/schema\/person\/43aa01c7e4d61d03230a6e3e9d4e7ef2"},"potentialAction":[{"@type":"SearchAction","target":{"@type":"EntryPoint","urlTemplate":"https:\/\/icrturkey.com\/?s={search_term_string}"},"query-input":{"@type":"PropertyValueSpecification","valueRequired":true,"valueName":"search_term_string"}}],"inLanguage":"en-GB"},{"@type":["Person","Organization"],"@id":"https:\/\/icrturkey.com\/#\/schema\/person\/43aa01c7e4d61d03230a6e3e9d4e7ef2","name":"admin","image":{"@type":"ImageObject","inLanguage":"en-GB","@id":"https:\/\/icrturkey.com\/wp-content\/uploads\/2019\/05\/cropped-logo-icr.32f04ad5-1-1.png","url":"https:\/\/icrturkey.com\/wp-content\/uploads\/2019\/05\/cropped-logo-icr.32f04ad5-1-1.png","contentUrl":"https:\/\/icrturkey.com\/wp-content\/uploads\/2019\/05\/cropped-logo-icr.32f04ad5-1-1.png","width":400,"height":148,"caption":"admin"},"logo":{"@id":"https:\/\/icrturkey.com\/wp-content\/uploads\/2019\/05\/cropped-logo-icr.32f04ad5-1-1.png"}}]}},"_links":{"self":[{"href":"https:\/\/icrturkey.com\/en\/wp-json\/wp\/v2\/pages\/5813","targetHints":{"allow":["GET"]}}],"collection":[{"href":"https:\/\/icrturkey.com\/en\/wp-json\/wp\/v2\/pages"}],"about":[{"href":"https:\/\/icrturkey.com\/en\/wp-json\/wp\/v2\/types\/page"}],"author":[{"embeddable":true,"href":"https:\/\/icrturkey.com\/en\/wp-json\/wp\/v2\/users\/2"}],"replies":[{"embeddable":true,"href":"https:\/\/icrturkey.com\/en\/wp-json\/wp\/v2\/comments?post=5813"}],"version-history":[{"count":11,"href":"https:\/\/icrturkey.com\/en\/wp-json\/wp\/v2\/pages\/5813\/revisions"}],"predecessor-version":[{"id":6036,"href":"https:\/\/icrturkey.com\/en\/wp-json\/wp\/v2\/pages\/5813\/revisions\/6036"}],"wp:attachment":[{"href":"https:\/\/icrturkey.com\/en\/wp-json\/wp\/v2\/media?parent=5813"}],"curies":[{"name":"wp","href":"https:\/\/api.w.org\/{rel}","templated":true}]}}