{"id":435,"date":"2019-03-19T10:00:59","date_gmt":"2019-03-19T10:00:59","guid":{"rendered":"http:\/\/icrpolska.e-ksperci.pl\/?page_id=435"},"modified":"2023-03-16T14:21:01","modified_gmt":"2023-03-16T13:21:01","slug":"oferty-pracy","status":"publish","type":"page","link":"https:\/\/icrturkey.com\/en\/oferty-pracy\/","title":{"rendered":"Local job offers"},"content":{"rendered":"<p><strong>ICR Polska <\/strong>Ltd. started operations in 2014 as the European branch of ICR Co. Ltd, an international research and certification entity based in Seoul, South Korea.<\/p>\n<p>We have extensive activities in the area of TIC - Testing-Inspection-Certification at home and abroad.<\/p>\n<p>ICR Poland has recently undergone an assessment for certification of medical devices according to Regulation 2017\/745 - MDR, hence the search for people with experience and a parallel desire to develop in the above area.<\/p>\n<h3 align=\"center\"><b>Medical Device Certification Specialist\u00a0<\/b><\/h3>\n<p>Place of work: Warsaw, full-time<\/p>\n<p><strong>JOB DESCRIPTION:<\/strong><\/p>\n<ul>\n<li>Carry out formal and substantive evaluation of medical device documentation,<\/li>\n<li>Selection and supervision of experts carrying out a particular stage of certification,<\/li>\n<li>Conducting on-site audits at the client's premises (willingness to travel, including abroad),<\/li>\n<li>Working closely with current clients and potential clients,<\/li>\n<\/ul>\n<p><strong><b>REQUIREMENTS<\/b>:<\/strong><\/p>\n<ul>\n<li>Minimum of 3 years substantive experience in the area of medical devices,<\/li>\n<li>University degree in medicine, biotechnology, medicinal chemistry, medical analytics, biomedical engineering, materials engineering and related disciplines,<\/li>\n<li>Knowledge of legal and normative requirements for medical devices for CE purposes,<\/li>\n<li>Knowledge of quality management systems,<\/li>\n<li>Knowledge of English at an advanced level,<\/li>\n<\/ul>\n<p><strong><b>WE OFFER<\/b>:<\/strong><\/p>\n<ul>\n<li>employment under an employment contract,<\/li>\n<li>fixed salary and performance-related bonus,<\/li>\n<li>Opportunities for professional development through training and working in a dynamic international organisation,<\/li>\n<\/ul>\n<p>Company information:<\/p>\n<p><a href=\"https:\/\/icrturkey.com\/en\/\">https:\/\/icrturkey.com\/<\/a><\/p>\n<p><a href=\"http:\/\/icrqa.com\/\">http:\/\/icrqa.com\/<\/a><\/p>\n<hr \/>\n<h3 align=\"center\"><b>Management Systems Certification Specialist\u00a0<\/b><\/h3>\n<p><strong>JOB DESCRIPTION:<\/strong><\/p>\n<ul>\n<li>organising and keeping records of certification and supervision processes<\/li>\n<li>acquisition and cooperation with customers<\/li>\n<li>cooperation and supervision of auditors\/experts<\/li>\n<li>cooperation with national and foreign customers<\/li>\n<\/ul>\n<p><b>REQUIREMENTS:<\/b><\/p>\n<ul>\n<li>technical university degree<\/li>\n<li>min. 2 years' experience in a similar position, or in a technical position in the area of production, design or research<\/li>\n<li>knowledge of the ISO 9001, 14001, 13485 series of standards<\/li>\n<li>sufficient knowledge of the English language to be able to evaluate technical product documentation, communicate with customers<\/li>\n<li>knowledge of ISO\/IEC 17021 and ISO\/IEC 17065 would be an advantage<\/li>\n<\/ul>\n<p><b>WE OFFER:<\/b><\/p>\n<ul>\n<li>contractual or B2B employment<\/li>\n<li>working in a dynamic company and participating in interesting projects<\/li>\n<li>flexible starting times (between 7.00 - 8.30 a.m.),<\/li>\n<li>Opportunity for professional development in an international expert environment in a relaxed atmosphere,<\/li>\n<li>specialised training to maintain and develop your entitlements<\/li>\n<li>remuneration commensurate with competence<\/li>\n<\/ul>\n<p>&nbsp;<\/p>\n<hr \/>\n<p><strong>When sending your application, please include your written consent:<\/strong><br \/>\nI agree to the processing of my personal data contained in my application documents by ICR Polska Sp. z o. o. for the purposes necessary for the recruitment process. Notwithstanding the above, we would like to inform you that the Data Administrator reserves the right to contact selected persons who meet the criteria specified in the advertisement. At the same time, we provide you with information regarding the processing of your personal data in our recruitments taking place in accordance with the Regulation of the European Parliament and of the Council (EU) 2016\/679 of 27 April 2016 on the protection of natural persons in relation to the processing of personal data and on the free movement of such data and repealing Directive 95\/46\/EC (General Data Protection Regulation), hereinafter referred to as RODO:<\/p>\n<ol>\n<li>The administrator of your personal data indicated in your application documents is ICR Polska Sp. z o.o. with its registered office in Warsaw 03-944, Plac Przymierza 6, hereinafter referred to as Data Administrator.<\/li>\n<li>The data controller declares that it is responsible for fulfilling its obligations under data protection legislation, in particular with regard to the exercise of your rights.<\/li>\n<li>If you have any questions about our processing of your data, you can contact: icrpolska@icrqa.com<\/li>\n<li>Your personal data will be processed for the purpose of establishing a partnership.<\/li>\n<li>The provision by you in the provided cover letter, CV and\/or other documents of personal data such as first and last name, date of birth, address of residence (mailing address) and information on education and previous employment history is voluntary, however necessary and essential for the purpose of recruitment.  The data will be processed on the basis of Art.6(1)(b) RODO and Art.22(1) \u00a71. of the Labour Code.<\/li>\n<li>The provision of other data by you, such as your e-mail address, contact telephone number or photograph placed on your CV (image) is voluntary and their processing will take place on the basis of your consent granted on the basis of Article 6(1)(a) RODO.<\/li>\n<li>The recipient of your personal data is ICR Polska Sp. z o.o. and authorised employees\/co-workers of the Data Controller carrying out the recruitment process.<\/li>\n<li>Your personal data will be retained for the duration of the recruitment, not exceeding 12 months from receipt.<\/li>\n<li>With your consent, the data provided will be kept for the purposes of further recruitment for a maximum period of 24 months from the date of such consent.<\/li>\n<li>To the extent and in accordance with the principles set out in the DPA, you have the right to access the content of your data at any time and the right to rectification, erasure, restriction of processing, the right to data portability, the right to object and the right to withdraw consent to processing.<\/li>\n<li>The withdrawal of consent does not affect the lawfulness of the processing carried out before the withdrawal of consent.<\/li>\n<li>To withdraw your consent to the processing of your data or to request the deletion of data obtained in the course of the recruitment process, please write to the address of the Data Controller's registered office or by e-mail: icrpolska@icrqa.com<\/li>\n<li>Your personal data will not be transferred to a third country or international organisation.<\/li>\n<li>Your data will not be processed by automated means in such a way that any decisions could be made as a result of automated processing, other legal effects would be produced or your situation would otherwise be materially affected.<\/li>\n<li>Your data will not be profiled.<\/li>\n<li>You have the right to lodge a complaint with the President of the Personal Data Protection Authority if you consider that the processing of personal data concerning you is in breach of the law.<\/li>\n<\/ol>","protected":false},"excerpt":{"rendered":"<p>ICR Polska Sp. z o.o. started operations in 2014 as the European branch of ICR Co. Ltd, an international testing and certification entity based in Seoul, South Korea. We have extensive activities in the area of TIC - Testing-Inspection-Certification at home and abroad. ICR Poland has recently undergone an assessment for certification of medical devices according to Regulation 2017\/745....&nbsp;<a href=\"https:\/\/icrturkey.com\/en\/oferty-pracy\/\" rel=\"bookmark\">Read More \"<span class=\"screen-reader-text\">Local job offers<\/span><\/a><\/p>","protected":false},"author":1,"featured_media":259,"parent":0,"menu_order":0,"comment_status":"closed","ping_status":"closed","template":"","meta":{"neve_meta_sidebar":"","neve_meta_container":"","neve_meta_enable_content_width":"off","neve_meta_content_width":70,"neve_meta_title_alignment":"","neve_meta_author_avatar":"","neve_post_elements_order":"","neve_meta_disable_header":"","neve_meta_disable_footer":"","neve_meta_disable_title":"","footnotes":""},"class_list":["post-435","page","type-page","status-publish","has-post-thumbnail","hentry"],"yoast_head":"<!-- This site is optimized with the Yoast SEO plugin v27.3 - https:\/\/yoast.com\/product\/yoast-seo-wordpress\/ -->\n<title>Oferty pracy - ICR TURKEY - tests and certification<\/title>\n<meta name=\"robots\" content=\"index, follow, max-snippet:-1, max-image-preview:large, max-video-preview:-1\" \/>\n<link rel=\"canonical\" href=\"https:\/\/icrturkey.com\/en\/oferty-pracy\/\" \/>\n<meta property=\"og:locale\" content=\"en_GB\" \/>\n<meta property=\"og:type\" content=\"article\" \/>\n<meta property=\"og:title\" content=\"Oferty pracy - ICR TURKEY - tests and certification\" \/>\n<meta property=\"og:description\" content=\"ICR Polska Sp. z o.o. rozpocz\u0119\u0142a dzia\u0142alno\u015b\u0107 w 2014 jako Europejski oddzia\u0142 ICR Co. Ltd., mi\u0119dzynarodowej jednostki badawczo-certyfikuj\u0105cej z siedzib\u0105 w Seulu w Korei Po\u0142udniowej. Prowadzimy rozleg\u0142\u0105 dzia\u0142alno\u015b\u0107 w zakresie obszaru TIC \u2013 Testing-Inspection-Certification w kraju i zagranic\u0105. ICR Polska niedawno przesz\u0142a ocen\u0119 pod k\u0105tem uzyskania uprawnie\u0144 w zakresie certyfikacji wyrob\u00f3w medycznych wg Rozporz\u0105dzenia 2017\/745&hellip;&nbsp;Read More &raquo;Oferty pracy\" \/>\n<meta property=\"og:url\" content=\"https:\/\/icrturkey.com\/en\/oferty-pracy\/\" \/>\n<meta property=\"og:site_name\" content=\"ICR TURKEY - tests and certification\" \/>\n<meta property=\"article:modified_time\" content=\"2023-03-16T13:21:01+00:00\" \/>\n<meta name=\"twitter:card\" content=\"summary_large_image\" \/>\n<meta name=\"twitter:label1\" content=\"Estimated reading time\" \/>\n\t<meta name=\"twitter:data1\" content=\"6 minutes\" \/>\n<script type=\"application\/ld+json\" class=\"yoast-schema-graph\">{\"@context\":\"https:\\\/\\\/schema.org\",\"@graph\":[{\"@type\":\"WebPage\",\"@id\":\"https:\\\/\\\/icrturkey.com\\\/oferty-pracy\\\/\",\"url\":\"https:\\\/\\\/icrturkey.com\\\/oferty-pracy\\\/\",\"name\":\"Oferty pracy - ICR TURKEY - tests and certification\",\"isPartOf\":{\"@id\":\"https:\\\/\\\/icrturkey.com\\\/#website\"},\"primaryImageOfPage\":{\"@id\":\"https:\\\/\\\/icrturkey.com\\\/oferty-pracy\\\/#primaryimage\"},\"image\":{\"@id\":\"https:\\\/\\\/icrturkey.com\\\/oferty-pracy\\\/#primaryimage\"},\"thumbnailUrl\":\"\",\"datePublished\":\"2019-03-19T10:00:59+00:00\",\"dateModified\":\"2023-03-16T13:21:01+00:00\",\"breadcrumb\":{\"@id\":\"https:\\\/\\\/icrturkey.com\\\/oferty-pracy\\\/#breadcrumb\"},\"inLanguage\":\"en-GB\",\"potentialAction\":[{\"@type\":\"ReadAction\",\"target\":[\"https:\\\/\\\/icrturkey.com\\\/oferty-pracy\\\/\"]}]},{\"@type\":\"ImageObject\",\"inLanguage\":\"en-GB\",\"@id\":\"https:\\\/\\\/icrturkey.com\\\/oferty-pracy\\\/#primaryimage\",\"url\":\"\",\"contentUrl\":\"\"},{\"@type\":\"BreadcrumbList\",\"@id\":\"https:\\\/\\\/icrturkey.com\\\/oferty-pracy\\\/#breadcrumb\",\"itemListElement\":[{\"@type\":\"ListItem\",\"position\":1,\"name\":\"Strona g\u0142\u00f3wna\",\"item\":\"https:\\\/\\\/icrturkey.com\\\/\"},{\"@type\":\"ListItem\",\"position\":2,\"name\":\"Oferty pracy\"}]},{\"@type\":\"WebSite\",\"@id\":\"https:\\\/\\\/icrturkey.com\\\/#website\",\"url\":\"https:\\\/\\\/icrturkey.com\\\/\",\"name\":\"ICR TURKEY - tests and certification\",\"description\":\"CE certification, CE certificate, ISO certificate, RED testing, product testing and certification, electrical product testing, medical device testing, ATEX, IECEx, FCC, product certification, EMC testing, machinery certification, CE machines, training, electronic product testing, testing 2014\\\/53\\\/EU, drone certification, ISO 13485 certificate, ISO 9001 certificate, NC RfG\",\"publisher\":{\"@id\":\"https:\\\/\\\/icrturkey.com\\\/#\\\/schema\\\/person\\\/43aa01c7e4d61d03230a6e3e9d4e7ef2\"},\"potentialAction\":[{\"@type\":\"SearchAction\",\"target\":{\"@type\":\"EntryPoint\",\"urlTemplate\":\"https:\\\/\\\/icrturkey.com\\\/?s={search_term_string}\"},\"query-input\":{\"@type\":\"PropertyValueSpecification\",\"valueRequired\":true,\"valueName\":\"search_term_string\"}}],\"inLanguage\":\"en-GB\"},{\"@type\":[\"Person\",\"Organization\"],\"@id\":\"https:\\\/\\\/icrturkey.com\\\/#\\\/schema\\\/person\\\/43aa01c7e4d61d03230a6e3e9d4e7ef2\",\"name\":\"admin\",\"image\":{\"@type\":\"ImageObject\",\"inLanguage\":\"en-GB\",\"@id\":\"https:\\\/\\\/icrturkey.com\\\/wp-content\\\/uploads\\\/2019\\\/05\\\/cropped-logo-icr.32f04ad5-1-1.png\",\"url\":\"https:\\\/\\\/icrturkey.com\\\/wp-content\\\/uploads\\\/2019\\\/05\\\/cropped-logo-icr.32f04ad5-1-1.png\",\"contentUrl\":\"https:\\\/\\\/icrturkey.com\\\/wp-content\\\/uploads\\\/2019\\\/05\\\/cropped-logo-icr.32f04ad5-1-1.png\",\"width\":400,\"height\":148,\"caption\":\"admin\"},\"logo\":{\"@id\":\"https:\\\/\\\/icrturkey.com\\\/wp-content\\\/uploads\\\/2019\\\/05\\\/cropped-logo-icr.32f04ad5-1-1.png\"}}]}<\/script>\n<!-- \/ Yoast SEO plugin. -->","yoast_head_json":{"title":"Job vacancies - ICR TURKEY - tests and certification","robots":{"index":"index","follow":"follow","max-snippet":"max-snippet:-1","max-image-preview":"max-image-preview:large","max-video-preview":"max-video-preview:-1"},"canonical":"https:\/\/icrturkey.com\/en\/oferty-pracy\/","og_locale":"en_GB","og_type":"article","og_title":"Oferty pracy - ICR TURKEY - tests and certification","og_description":"ICR Polska Sp. z o.o. rozpocz\u0119\u0142a dzia\u0142alno\u015b\u0107 w 2014 jako Europejski oddzia\u0142 ICR Co. Ltd., mi\u0119dzynarodowej jednostki badawczo-certyfikuj\u0105cej z siedzib\u0105 w Seulu w Korei Po\u0142udniowej. Prowadzimy rozleg\u0142\u0105 dzia\u0142alno\u015b\u0107 w zakresie obszaru TIC \u2013 Testing-Inspection-Certification w kraju i zagranic\u0105. ICR Polska niedawno przesz\u0142a ocen\u0119 pod k\u0105tem uzyskania uprawnie\u0144 w zakresie certyfikacji wyrob\u00f3w medycznych wg Rozporz\u0105dzenia 2017\/745&hellip;&nbsp;Read More &raquo;Oferty pracy","og_url":"https:\/\/icrturkey.com\/en\/oferty-pracy\/","og_site_name":"ICR TURKEY - tests and certification","article_modified_time":"2023-03-16T13:21:01+00:00","twitter_card":"summary_large_image","twitter_misc":{"Estimated reading time":"6 minutes"},"schema":{"@context":"https:\/\/schema.org","@graph":[{"@type":"WebPage","@id":"https:\/\/icrturkey.com\/oferty-pracy\/","url":"https:\/\/icrturkey.com\/oferty-pracy\/","name":"Job vacancies - ICR TURKEY - tests and certification","isPartOf":{"@id":"https:\/\/icrturkey.com\/#website"},"primaryImageOfPage":{"@id":"https:\/\/icrturkey.com\/oferty-pracy\/#primaryimage"},"image":{"@id":"https:\/\/icrturkey.com\/oferty-pracy\/#primaryimage"},"thumbnailUrl":"","datePublished":"2019-03-19T10:00:59+00:00","dateModified":"2023-03-16T13:21:01+00:00","breadcrumb":{"@id":"https:\/\/icrturkey.com\/oferty-pracy\/#breadcrumb"},"inLanguage":"en-GB","potentialAction":[{"@type":"ReadAction","target":["https:\/\/icrturkey.com\/oferty-pracy\/"]}]},{"@type":"ImageObject","inLanguage":"en-GB","@id":"https:\/\/icrturkey.com\/oferty-pracy\/#primaryimage","url":"","contentUrl":""},{"@type":"BreadcrumbList","@id":"https:\/\/icrturkey.com\/oferty-pracy\/#breadcrumb","itemListElement":[{"@type":"ListItem","position":1,"name":"Strona g\u0142\u00f3wna","item":"https:\/\/icrturkey.com\/"},{"@type":"ListItem","position":2,"name":"Oferty pracy"}]},{"@type":"WebSite","@id":"https:\/\/icrturkey.com\/#website","url":"https:\/\/icrturkey.com\/","name":"ICR TURKEY - tests and certification","description":"CE certification, CE certificate, ISO certificate, RED testing, product testing and certification, electrical product testing, medical device testing, ATEX, IECEx, FCC, product certification, EMC testing, machinery certification, CE machines, training, electronic product testing, testing 2014\/53\/EU, drone certification, ISO 13485 certificate, ISO 9001 certificate, NC RfG","publisher":{"@id":"https:\/\/icrturkey.com\/#\/schema\/person\/43aa01c7e4d61d03230a6e3e9d4e7ef2"},"potentialAction":[{"@type":"SearchAction","target":{"@type":"EntryPoint","urlTemplate":"https:\/\/icrturkey.com\/?s={search_term_string}"},"query-input":{"@type":"PropertyValueSpecification","valueRequired":true,"valueName":"search_term_string"}}],"inLanguage":"en-GB"},{"@type":["Person","Organization"],"@id":"https:\/\/icrturkey.com\/#\/schema\/person\/43aa01c7e4d61d03230a6e3e9d4e7ef2","name":"admin","image":{"@type":"ImageObject","inLanguage":"en-GB","@id":"https:\/\/icrturkey.com\/wp-content\/uploads\/2019\/05\/cropped-logo-icr.32f04ad5-1-1.png","url":"https:\/\/icrturkey.com\/wp-content\/uploads\/2019\/05\/cropped-logo-icr.32f04ad5-1-1.png","contentUrl":"https:\/\/icrturkey.com\/wp-content\/uploads\/2019\/05\/cropped-logo-icr.32f04ad5-1-1.png","width":400,"height":148,"caption":"admin"},"logo":{"@id":"https:\/\/icrturkey.com\/wp-content\/uploads\/2019\/05\/cropped-logo-icr.32f04ad5-1-1.png"}}]}},"_links":{"self":[{"href":"https:\/\/icrturkey.com\/en\/wp-json\/wp\/v2\/pages\/435","targetHints":{"allow":["GET"]}}],"collection":[{"href":"https:\/\/icrturkey.com\/en\/wp-json\/wp\/v2\/pages"}],"about":[{"href":"https:\/\/icrturkey.com\/en\/wp-json\/wp\/v2\/types\/page"}],"author":[{"embeddable":true,"href":"https:\/\/icrturkey.com\/en\/wp-json\/wp\/v2\/users\/1"}],"replies":[{"embeddable":true,"href":"https:\/\/icrturkey.com\/en\/wp-json\/wp\/v2\/comments?post=435"}],"version-history":[{"count":3,"href":"https:\/\/icrturkey.com\/en\/wp-json\/wp\/v2\/pages\/435\/revisions"}],"predecessor-version":[{"id":9162,"href":"https:\/\/icrturkey.com\/en\/wp-json\/wp\/v2\/pages\/435\/revisions\/9162"}],"wp:featuredmedia":[{"embeddable":true,"href":"https:\/\/icrturkey.com\/en\/wp-json\/"}],"wp:attachment":[{"href":"https:\/\/icrturkey.com\/en\/wp-json\/wp\/v2\/media?parent=435"}],"curies":[{"name":"wp","href":"https:\/\/api.w.org\/{rel}","templated":true}]}}