{"id":4015,"date":"2020-10-28T20:22:01","date_gmt":"2020-10-28T19:22:01","guid":{"rendered":"https:\/\/icrpolska.com\/?page_id=4015"},"modified":"2023-02-20T11:27:09","modified_gmt":"2023-02-20T10:27:09","slug":"voc","status":"publish","type":"page","link":"https:\/\/icrturkey.com\/en\/voc\/","title":{"rendered":"VoC"},"content":{"rendered":"<p>Verification of Conformity (VoC) is a service not included in the granted accreditation and notification and is not related to the ICR Polska Co., Ltd. activities in this area (is not covered by an integrated management system).<\/p>\n<p>Verification of Conformity may include:<\/p>\n<ul>\n<li>Verification of technical documentation in terms of placing the product on the EU market or other economic \/ commercial space<\/li>\n<li>Verification of compliance with the essential requirements with regard to standards \/ technical specifications and regulations<\/li>\n<li>Verification of technical documentation along with checking the test report in terms of issuing a declaration of conformity<\/li>\n<\/ul>\n<p>&nbsp;<\/p>\n<p><a href=\"https:\/\/icrturkey.com\/en\/2022\/11\/05\/xi-2022-2\/\">Details<\/a> of the service are agreed individually with the Applicant after completing the application below.<\/p>\n<p><img decoding=\"async\" class=\"alignnone wp-image-2678\" src=\"https:\/\/icrturkey.com\/wp-content\/uploads\/2019\/06\/word.jpg\" alt=\"\" width=\"20\" height=\"20\" srcset=\"https:\/\/icrturkey.com\/wp-content\/uploads\/2019\/06\/word.jpg 208w, https:\/\/icrturkey.com\/wp-content\/uploads\/2019\/06\/word-150x150.jpg 150w\" sizes=\"(max-width: 20px) 100vw, 20px\" \/> <a href=\"https:\/\/icrturkey.com\/wp-content\/uploads\/2023\/02\/VoC_Application_2.01_02.01.2023.docx\">Application for Verification of Conformity.<\/a><\/p>","protected":false},"excerpt":{"rendered":"<p>Verification of Conformity (Verification of Conformity - VoC) is a service that is not part of the accreditation and notification granted and is not related to the activities carried out by ICR Polska Sp. z o.o. in this respect (it is not included in the integrated management system). Verification of compliance may include: Verification of technical documentation with a view to the introduction of the product on the EU market or other...&nbsp;<a href=\"https:\/\/icrturkey.com\/en\/voc\/\" rel=\"bookmark\">Read More \"<span class=\"screen-reader-text\">VoC<\/span><\/a><\/p>","protected":false},"author":2,"featured_media":0,"parent":0,"menu_order":0,"comment_status":"closed","ping_status":"closed","template":"","meta":{"neve_meta_sidebar":"","neve_meta_container":"","neve_meta_enable_content_width":"off","neve_meta_content_width":70,"neve_meta_title_alignment":"","neve_meta_author_avatar":"","neve_post_elements_order":"","neve_meta_disable_header":"","neve_meta_disable_footer":"","neve_meta_disable_title":"","footnotes":""},"class_list":["post-4015","page","type-page","status-publish","hentry"],"yoast_head":"<!-- This site is optimized with the Yoast SEO plugin v27.3 - https:\/\/yoast.com\/product\/yoast-seo-wordpress\/ -->\n<title>VoC - ICR TURKEY - tests and certification<\/title>\n<meta name=\"robots\" content=\"index, follow, max-snippet:-1, max-image-preview:large, max-video-preview:-1\" \/>\n<link rel=\"canonical\" href=\"https:\/\/icrturkey.com\/en\/voc\/\" \/>\n<meta property=\"og:locale\" content=\"en_GB\" \/>\n<meta property=\"og:type\" content=\"article\" \/>\n<meta property=\"og:title\" content=\"VoC - ICR TURKEY - tests and certification\" \/>\n<meta property=\"og:description\" content=\"Weryfikacja zgodno\u015bci (Verification of Conformity &#8211; VoC) to us\u0142uga nie wchodz\u0105ca w sk\u0142ad udzielonej akredytacji i notyfikacji i nie ma zwi\u0105zku z prowadzon\u0105 przez ICR Polska Sp. z o.o. dzia\u0142alno\u015bci\u0105 w tym zakresie (nie jest obj\u0119ta zintegrowanym systemem zarz\u0105dzania). Weryfikacja zgodno\u015bci mo\u017ce obejmowa\u0107: Weryfikacj\u0119 dokumentacji technicznej pod k\u0105tem wprowadzenia wyrobu na rynek EU lub innej&hellip;&nbsp;Read More &raquo;VoC\" \/>\n<meta property=\"og:url\" content=\"https:\/\/icrturkey.com\/en\/voc\/\" \/>\n<meta property=\"og:site_name\" content=\"ICR TURKEY - tests and certification\" \/>\n<meta property=\"article:modified_time\" content=\"2023-02-20T10:27:09+00:00\" \/>\n<meta property=\"og:image\" content=\"https:\/\/icrturkey.com\/wp-content\/uploads\/2019\/06\/word.jpg\" \/>\n<meta name=\"twitter:card\" content=\"summary_large_image\" \/>\n<meta name=\"twitter:label1\" content=\"Estimated reading time\" \/>\n\t<meta name=\"twitter:data1\" content=\"1 minute\" \/>\n<script type=\"application\/ld+json\" class=\"yoast-schema-graph\">{\"@context\":\"https:\\\/\\\/schema.org\",\"@graph\":[{\"@type\":\"WebPage\",\"@id\":\"https:\\\/\\\/icrturkey.com\\\/voc\\\/\",\"url\":\"https:\\\/\\\/icrturkey.com\\\/voc\\\/\",\"name\":\"VoC - ICR TURKEY - tests and certification\",\"isPartOf\":{\"@id\":\"https:\\\/\\\/icrturkey.com\\\/#website\"},\"primaryImageOfPage\":{\"@id\":\"https:\\\/\\\/icrturkey.com\\\/voc\\\/#primaryimage\"},\"image\":{\"@id\":\"https:\\\/\\\/icrturkey.com\\\/voc\\\/#primaryimage\"},\"thumbnailUrl\":\"https:\\\/\\\/icrturkey.com\\\/wp-content\\\/uploads\\\/2019\\\/06\\\/word.jpg\",\"datePublished\":\"2020-10-28T19:22:01+00:00\",\"dateModified\":\"2023-02-20T10:27:09+00:00\",\"breadcrumb\":{\"@id\":\"https:\\\/\\\/icrturkey.com\\\/voc\\\/#breadcrumb\"},\"inLanguage\":\"en-GB\",\"potentialAction\":[{\"@type\":\"ReadAction\",\"target\":[\"https:\\\/\\\/icrturkey.com\\\/voc\\\/\"]}]},{\"@type\":\"ImageObject\",\"inLanguage\":\"en-GB\",\"@id\":\"https:\\\/\\\/icrturkey.com\\\/voc\\\/#primaryimage\",\"url\":\"https:\\\/\\\/icrturkey.com\\\/wp-content\\\/uploads\\\/2019\\\/06\\\/word.jpg\",\"contentUrl\":\"https:\\\/\\\/icrturkey.com\\\/wp-content\\\/uploads\\\/2019\\\/06\\\/word.jpg\"},{\"@type\":\"BreadcrumbList\",\"@id\":\"https:\\\/\\\/icrturkey.com\\\/voc\\\/#breadcrumb\",\"itemListElement\":[{\"@type\":\"ListItem\",\"position\":1,\"name\":\"Strona g\u0142\u00f3wna\",\"item\":\"https:\\\/\\\/icrturkey.com\\\/\"},{\"@type\":\"ListItem\",\"position\":2,\"name\":\"VoC\"}]},{\"@type\":\"WebSite\",\"@id\":\"https:\\\/\\\/icrturkey.com\\\/#website\",\"url\":\"https:\\\/\\\/icrturkey.com\\\/\",\"name\":\"ICR TURKEY - tests and certification\",\"description\":\"CE certification, CE certificate, ISO certificate, RED testing, product testing and certification, electrical product testing, medical device testing, ATEX, IECEx, FCC, product certification, EMC testing, machinery certification, CE machines, training, electronic product testing, testing 2014\\\/53\\\/EU, drone certification, ISO 13485 certificate, ISO 9001 certificate, NC RfG\",\"publisher\":{\"@id\":\"https:\\\/\\\/icrturkey.com\\\/#\\\/schema\\\/person\\\/43aa01c7e4d61d03230a6e3e9d4e7ef2\"},\"potentialAction\":[{\"@type\":\"SearchAction\",\"target\":{\"@type\":\"EntryPoint\",\"urlTemplate\":\"https:\\\/\\\/icrturkey.com\\\/?s={search_term_string}\"},\"query-input\":{\"@type\":\"PropertyValueSpecification\",\"valueRequired\":true,\"valueName\":\"search_term_string\"}}],\"inLanguage\":\"en-GB\"},{\"@type\":[\"Person\",\"Organization\"],\"@id\":\"https:\\\/\\\/icrturkey.com\\\/#\\\/schema\\\/person\\\/43aa01c7e4d61d03230a6e3e9d4e7ef2\",\"name\":\"admin\",\"image\":{\"@type\":\"ImageObject\",\"inLanguage\":\"en-GB\",\"@id\":\"https:\\\/\\\/icrturkey.com\\\/wp-content\\\/uploads\\\/2019\\\/05\\\/cropped-logo-icr.32f04ad5-1-1.png\",\"url\":\"https:\\\/\\\/icrturkey.com\\\/wp-content\\\/uploads\\\/2019\\\/05\\\/cropped-logo-icr.32f04ad5-1-1.png\",\"contentUrl\":\"https:\\\/\\\/icrturkey.com\\\/wp-content\\\/uploads\\\/2019\\\/05\\\/cropped-logo-icr.32f04ad5-1-1.png\",\"width\":400,\"height\":148,\"caption\":\"admin\"},\"logo\":{\"@id\":\"https:\\\/\\\/icrturkey.com\\\/wp-content\\\/uploads\\\/2019\\\/05\\\/cropped-logo-icr.32f04ad5-1-1.png\"}}]}<\/script>\n<!-- \/ Yoast SEO plugin. -->","yoast_head_json":{"title":"VoC - ICR TURKEY - tests and certification","robots":{"index":"index","follow":"follow","max-snippet":"max-snippet:-1","max-image-preview":"max-image-preview:large","max-video-preview":"max-video-preview:-1"},"canonical":"https:\/\/icrturkey.com\/en\/voc\/","og_locale":"en_GB","og_type":"article","og_title":"VoC - ICR TURKEY - tests and certification","og_description":"Weryfikacja zgodno\u015bci (Verification of Conformity &#8211; VoC) to us\u0142uga nie wchodz\u0105ca w sk\u0142ad udzielonej akredytacji i notyfikacji i nie ma zwi\u0105zku z prowadzon\u0105 przez ICR Polska Sp. z o.o. dzia\u0142alno\u015bci\u0105 w tym zakresie (nie jest obj\u0119ta zintegrowanym systemem zarz\u0105dzania). Weryfikacja zgodno\u015bci mo\u017ce obejmowa\u0107: Weryfikacj\u0119 dokumentacji technicznej pod k\u0105tem wprowadzenia wyrobu na rynek EU lub innej&hellip;&nbsp;Read More &raquo;VoC","og_url":"https:\/\/icrturkey.com\/en\/voc\/","og_site_name":"ICR TURKEY - tests and certification","article_modified_time":"2023-02-20T10:27:09+00:00","og_image":[{"url":"https:\/\/icrturkey.com\/wp-content\/uploads\/2019\/06\/word.jpg","type":"","width":"","height":""}],"twitter_card":"summary_large_image","twitter_misc":{"Estimated reading time":"1 minute"},"schema":{"@context":"https:\/\/schema.org","@graph":[{"@type":"WebPage","@id":"https:\/\/icrturkey.com\/voc\/","url":"https:\/\/icrturkey.com\/voc\/","name":"VoC - ICR TURKEY - tests and certification","isPartOf":{"@id":"https:\/\/icrturkey.com\/#website"},"primaryImageOfPage":{"@id":"https:\/\/icrturkey.com\/voc\/#primaryimage"},"image":{"@id":"https:\/\/icrturkey.com\/voc\/#primaryimage"},"thumbnailUrl":"https:\/\/icrturkey.com\/wp-content\/uploads\/2019\/06\/word.jpg","datePublished":"2020-10-28T19:22:01+00:00","dateModified":"2023-02-20T10:27:09+00:00","breadcrumb":{"@id":"https:\/\/icrturkey.com\/voc\/#breadcrumb"},"inLanguage":"en-GB","potentialAction":[{"@type":"ReadAction","target":["https:\/\/icrturkey.com\/voc\/"]}]},{"@type":"ImageObject","inLanguage":"en-GB","@id":"https:\/\/icrturkey.com\/voc\/#primaryimage","url":"https:\/\/icrturkey.com\/wp-content\/uploads\/2019\/06\/word.jpg","contentUrl":"https:\/\/icrturkey.com\/wp-content\/uploads\/2019\/06\/word.jpg"},{"@type":"BreadcrumbList","@id":"https:\/\/icrturkey.com\/voc\/#breadcrumb","itemListElement":[{"@type":"ListItem","position":1,"name":"Strona g\u0142\u00f3wna","item":"https:\/\/icrturkey.com\/"},{"@type":"ListItem","position":2,"name":"VoC"}]},{"@type":"WebSite","@id":"https:\/\/icrturkey.com\/#website","url":"https:\/\/icrturkey.com\/","name":"ICR TURKEY - tests and certification","description":"CE certification, CE certificate, ISO certificate, RED testing, product testing and certification, electrical product testing, medical device testing, ATEX, IECEx, FCC, product certification, EMC testing, machinery certification, CE machines, training, electronic product testing, testing 2014\/53\/EU, drone certification, ISO 13485 certificate, ISO 9001 certificate, NC RfG","publisher":{"@id":"https:\/\/icrturkey.com\/#\/schema\/person\/43aa01c7e4d61d03230a6e3e9d4e7ef2"},"potentialAction":[{"@type":"SearchAction","target":{"@type":"EntryPoint","urlTemplate":"https:\/\/icrturkey.com\/?s={search_term_string}"},"query-input":{"@type":"PropertyValueSpecification","valueRequired":true,"valueName":"search_term_string"}}],"inLanguage":"en-GB"},{"@type":["Person","Organization"],"@id":"https:\/\/icrturkey.com\/#\/schema\/person\/43aa01c7e4d61d03230a6e3e9d4e7ef2","name":"admin","image":{"@type":"ImageObject","inLanguage":"en-GB","@id":"https:\/\/icrturkey.com\/wp-content\/uploads\/2019\/05\/cropped-logo-icr.32f04ad5-1-1.png","url":"https:\/\/icrturkey.com\/wp-content\/uploads\/2019\/05\/cropped-logo-icr.32f04ad5-1-1.png","contentUrl":"https:\/\/icrturkey.com\/wp-content\/uploads\/2019\/05\/cropped-logo-icr.32f04ad5-1-1.png","width":400,"height":148,"caption":"admin"},"logo":{"@id":"https:\/\/icrturkey.com\/wp-content\/uploads\/2019\/05\/cropped-logo-icr.32f04ad5-1-1.png"}}]}},"_links":{"self":[{"href":"https:\/\/icrturkey.com\/en\/wp-json\/wp\/v2\/pages\/4015","targetHints":{"allow":["GET"]}}],"collection":[{"href":"https:\/\/icrturkey.com\/en\/wp-json\/wp\/v2\/pages"}],"about":[{"href":"https:\/\/icrturkey.com\/en\/wp-json\/wp\/v2\/types\/page"}],"author":[{"embeddable":true,"href":"https:\/\/icrturkey.com\/en\/wp-json\/wp\/v2\/users\/2"}],"replies":[{"embeddable":true,"href":"https:\/\/icrturkey.com\/en\/wp-json\/wp\/v2\/comments?post=4015"}],"version-history":[{"count":10,"href":"https:\/\/icrturkey.com\/en\/wp-json\/wp\/v2\/pages\/4015\/revisions"}],"predecessor-version":[{"id":8799,"href":"https:\/\/icrturkey.com\/en\/wp-json\/wp\/v2\/pages\/4015\/revisions\/8799"}],"wp:attachment":[{"href":"https:\/\/icrturkey.com\/en\/wp-json\/wp\/v2\/media?parent=4015"}],"curies":[{"name":"wp","href":"https:\/\/api.w.org\/{rel}","templated":true}]}}