{"id":3528,"date":"2019-09-30T19:10:29","date_gmt":"2019-09-30T17:10:29","guid":{"rendered":"http:\/\/icrpolska.com\/?page_id=3528"},"modified":"2025-06-11T09:28:44","modified_gmt":"2025-06-11T07:28:44","slug":"certyfikacja-dronow","status":"publish","type":"page","link":"https:\/\/icrturkey.com\/en\/certyfikacja-wyrobow\/certyfikacja-dronow\/","title":{"rendered":"DRONs Certification"},"content":{"rendered":"<p><a href=\"https:\/\/icrturkey.com\/wp-content\/uploads\/2019\/06\/Program-oceny-zgodno\u015bci-w-zakresie-ATEX.pdf\" target=\"_blank\" rel=\"noopener noreferrer\"><img decoding=\"async\" class=\"alignnone wp-image-2679\" src=\"https:\/\/icrturkey.com\/wp-content\/uploads\/2019\/06\/adobe.jpg\" alt=\"\" width=\"20\" height=\"21\" srcset=\"https:\/\/icrturkey.com\/wp-content\/uploads\/2019\/06\/adobe.jpg 218w, https:\/\/icrturkey.com\/wp-content\/uploads\/2019\/06\/adobe-150x150.jpg 150w\" sizes=\"(max-width: 20px) 100vw, 20px\" \/><\/a><a href=\"https:\/\/icrturkey.com\/wp-content\/uploads\/2025\/06\/PC-P-07-09-Program-oceny-zgodnosci-2-kol-3.pdf\" target=\"_blank\" rel=\"noopener noreferrer\" data-wp-editing=\"1\"> Program of mandatory assessment on UAS\/DRON ((EU) 2019\/945)<\/a> + <a href=\"https:\/\/icrturkey.com\/wp-content\/uploads\/2022\/01\/F-P-07-38-1.pdf\" target=\"_blank\" rel=\"noopener noreferrer\">list of technical specifications<\/a><\/p>\n<p>ICR Polska Co., Ltd. to meet the needs of manufacturers, importers and users, it conducts voluntary compliance assessment and certification of Unmanned Aerial Vehicles (DRON). At the moment, DRON certification is still voluntary, but in the future it will significantly facilitate obtaining a mandatory certificate issued by an EU Notified Body.<\/p>\n<p class=\"translation-block\">On unmanned air systems and unmanned air system operators from third countries, a new Commission Delegated Regulation No <a href=\"https:\/\/eur-lex.europa.eu\/legal-content\/EN\/TXT\/PDF\/?uri=CELEX:32019R0945&amp;from=EN\" target=\"_self\" rel=\"noopener noreferrer\">2019\/945<\/a> entered into force from 1 July 2019. This regulation introduces the essential technical requirements applicable to unmanned air systems operated in accordance with the principles set out in the European Commission Implementing Regulation No. <a href=\"https:\/\/eur-lex.europa.eu\/legal-content\/EN\/TXT\/PDF\/?uri=CELEX:32019R0947&amp;from=EN\" target=\"_self\" rel=\"noopener noreferrer\">2019\/947<\/a> of May 24, 2019 on regulations and procedures for the operation of Unmanned Aircraft. Similarly to other New Approach Directives, the delegated regulation regulates the design, production and placing on the internal market of the EU Unmanned Aerial Vehicles (DRON) performing operations in the so-called open category, i.e. performing operations with the lowest degree of risk. With the introduction of these technical requirements, DRONs will also be subject to supervision in the open category.<\/p>\n<p class=\"translation-block\">According to the implementing regulation, some unmanned aerial vehicles put on the market before 1 July 2022. Which do not comply with the delegated regulation, they can still be operated under the particular conditions set out in Article. 20 of <a href=\"https:\/\/eur-lex.europa.eu\/legal-content\/EN\/TXT\/PDF\/?uri=CELEX:32019R0947&amp;from=EN\" target=\"_self\">implementing regulation<\/a>.<\/p>\n<p class=\"translation-block\">The delegated regulation puts the rules for placing on the internal market of the European Union and for the free movement in the EU of unmanned air systems intended for use in the open category. These rules concern, among others the manufacturer's obligation to carry out a product conformity assessment (i.e. DRON assessment) with the requirements set out in detail in the Annex to the Delegated Regulation and the relevant harmonized standards. Therefore, DRONs operated in the open category must have:<\/p>\n<p>As with other EU directives, some of the procedures by which the manufacturer will be able to assess the product's conformity before its placing on the EU market will include certification, i.e. a third party conformity assessment - notified body (in accordance with Regulation 2019\/945).<\/p>\n<p><strong>You can already certify DRON at ICR Polska Co., Ltd. Now.<\/strong><\/p>\n<p><img decoding=\"async\" class=\"alignnone wp-image-3362\" src=\"https:\/\/icrturkey.com\/wp-content\/uploads\/2019\/06\/Email-icon-e1560506652454.png\" alt=\"\" width=\"28\" height=\"20\" \/> <a href=\"mailto:icrpolska@icrqa.com?subject=DRON%20Certificate&amp;body=I%20plan%20to%20certificate%20DRON.%0APlease,%20contact%20me%20to%20more%20information.%0A\">Please contact ICR Polska<\/a><\/p>\n<p>Do it to be at least one step ahead of the competition.<\/p>","protected":false},"excerpt":{"rendered":"<p>Conformity assessment programme for BSP\/DRON ((EU) 2019\/945) + list of technical specifications ICR Polska Sp. z o.o. to meet the needs of manufacturers, importers and users is conducting voluntary conformity assessment and certification of Unmanned Aerial Vehicles (DRONs). At the moment, DRON certification is still voluntary, but prospectively it will make it much easier in the future to obtain a mandatory certificate issued by a Notified Body....&nbsp;<a href=\"https:\/\/icrturkey.com\/en\/certyfikacja-wyrobow\/certyfikacja-dronow\/\" rel=\"bookmark\">Read More \"<span class=\"screen-reader-text\">DRONs Certification<\/span><\/a><\/p>","protected":false},"author":2,"featured_media":0,"parent":211,"menu_order":0,"comment_status":"closed","ping_status":"closed","template":"","meta":{"neve_meta_sidebar":"","neve_meta_container":"","neve_meta_enable_content_width":"off","neve_meta_content_width":70,"neve_meta_title_alignment":"","neve_meta_author_avatar":"","neve_post_elements_order":"","neve_meta_disable_header":"","neve_meta_disable_footer":"","neve_meta_disable_title":"","footnotes":""},"class_list":["post-3528","page","type-page","status-publish","hentry"],"yoast_head":"<!-- This site is optimized with the Yoast SEO plugin v27.3 - https:\/\/yoast.com\/product\/yoast-seo-wordpress\/ -->\n<title>Certyfikacja DRON\u00f3w - ICR TURKEY - tests and certification<\/title>\n<meta name=\"robots\" content=\"index, follow, max-snippet:-1, max-image-preview:large, max-video-preview:-1\" \/>\n<link rel=\"canonical\" href=\"https:\/\/icrturkey.com\/en\/certyfikacja-wyrobow\/certyfikacja-dronow\/\" \/>\n<meta property=\"og:locale\" content=\"en_GB\" \/>\n<meta property=\"og:type\" content=\"article\" \/>\n<meta property=\"og:title\" content=\"Certyfikacja DRON\u00f3w - ICR TURKEY - tests and certification\" \/>\n<meta property=\"og:description\" content=\"Program oceny zgodno\u015bci w zakresie BSP\/DRON ((UE) 2019\/945) + lista specyfikacji technicznych ICR Polska Sp. z o.o. wychodz\u0105c naprzeciw potrzebom producent\u00f3w, importer\u00f3w i u\u017cytkownik\u00f3w prowadzi dobrowoln\u0105 ocen\u0119 zgodno\u015bci i certyfikacj\u0119 Bezza\u0142ogowych Statk\u00f3w Powietrznych (DRON). W tej chwili certyfikacja DRON\u00f3w jest jeszcze dobrowolna, ale perspektywicznie znacznie u\u0142atwi w przysz\u0142o\u015bci uzyskanie obowi\u0105zkowego certyfikatu wydanego przez Jednostk\u0119 Notyfikowan\u0105&hellip;&nbsp;Read More &raquo;Certyfikacja DRON\u00f3w\" \/>\n<meta property=\"og:url\" content=\"https:\/\/icrturkey.com\/en\/certyfikacja-wyrobow\/certyfikacja-dronow\/\" \/>\n<meta property=\"og:site_name\" content=\"ICR TURKEY - tests and certification\" \/>\n<meta property=\"article:modified_time\" content=\"2025-06-11T07:28:44+00:00\" \/>\n<meta property=\"og:image\" content=\"https:\/\/icrturkey.com\/wp-content\/uploads\/2019\/06\/adobe.jpg\" \/>\n\t<meta property=\"og:image:width\" content=\"218\" \/>\n\t<meta property=\"og:image:height\" content=\"231\" \/>\n\t<meta property=\"og:image:type\" content=\"image\/jpeg\" \/>\n<meta name=\"twitter:card\" content=\"summary_large_image\" \/>\n<meta name=\"twitter:label1\" content=\"Estimated reading time\" \/>\n\t<meta name=\"twitter:data1\" content=\"3 minutes\" \/>\n<script type=\"application\/ld+json\" class=\"yoast-schema-graph\">{\"@context\":\"https:\\\/\\\/schema.org\",\"@graph\":[{\"@type\":\"WebPage\",\"@id\":\"https:\\\/\\\/icrturkey.com\\\/certyfikacja-wyrobow\\\/certyfikacja-dronow\\\/\",\"url\":\"https:\\\/\\\/icrturkey.com\\\/certyfikacja-wyrobow\\\/certyfikacja-dronow\\\/\",\"name\":\"Certyfikacja DRON\u00f3w - ICR TURKEY - tests and certification\",\"isPartOf\":{\"@id\":\"https:\\\/\\\/icrturkey.com\\\/#website\"},\"primaryImageOfPage\":{\"@id\":\"https:\\\/\\\/icrturkey.com\\\/certyfikacja-wyrobow\\\/certyfikacja-dronow\\\/#primaryimage\"},\"image\":{\"@id\":\"https:\\\/\\\/icrturkey.com\\\/certyfikacja-wyrobow\\\/certyfikacja-dronow\\\/#primaryimage\"},\"thumbnailUrl\":\"https:\\\/\\\/icrturkey.com\\\/wp-content\\\/uploads\\\/2019\\\/06\\\/adobe.jpg\",\"datePublished\":\"2019-09-30T17:10:29+00:00\",\"dateModified\":\"2025-06-11T07:28:44+00:00\",\"breadcrumb\":{\"@id\":\"https:\\\/\\\/icrturkey.com\\\/certyfikacja-wyrobow\\\/certyfikacja-dronow\\\/#breadcrumb\"},\"inLanguage\":\"en-GB\",\"potentialAction\":[{\"@type\":\"ReadAction\",\"target\":[\"https:\\\/\\\/icrturkey.com\\\/certyfikacja-wyrobow\\\/certyfikacja-dronow\\\/\"]}]},{\"@type\":\"ImageObject\",\"inLanguage\":\"en-GB\",\"@id\":\"https:\\\/\\\/icrturkey.com\\\/certyfikacja-wyrobow\\\/certyfikacja-dronow\\\/#primaryimage\",\"url\":\"https:\\\/\\\/icrturkey.com\\\/wp-content\\\/uploads\\\/2019\\\/06\\\/adobe.jpg\",\"contentUrl\":\"https:\\\/\\\/icrturkey.com\\\/wp-content\\\/uploads\\\/2019\\\/06\\\/adobe.jpg\"},{\"@type\":\"BreadcrumbList\",\"@id\":\"https:\\\/\\\/icrturkey.com\\\/certyfikacja-wyrobow\\\/certyfikacja-dronow\\\/#breadcrumb\",\"itemListElement\":[{\"@type\":\"ListItem\",\"position\":1,\"name\":\"Strona g\u0142\u00f3wna\",\"item\":\"https:\\\/\\\/icrturkey.com\\\/\"},{\"@type\":\"ListItem\",\"position\":2,\"name\":\"Certyfikacja wyrob\u00f3w\",\"item\":\"https:\\\/\\\/icrturkey.com\\\/certyfikacja-wyrobow\\\/\"},{\"@type\":\"ListItem\",\"position\":3,\"name\":\"Certyfikacja DRON\u00f3w\"}]},{\"@type\":\"WebSite\",\"@id\":\"https:\\\/\\\/icrturkey.com\\\/#website\",\"url\":\"https:\\\/\\\/icrturkey.com\\\/\",\"name\":\"ICR TURKEY - tests and certification\",\"description\":\"CE certification, CE certificate, ISO certificate, RED testing, product testing and certification, electrical product testing, medical device testing, ATEX, IECEx, FCC, product certification, EMC testing, machinery certification, CE machines, training, electronic product testing, testing 2014\\\/53\\\/EU, drone certification, ISO 13485 certificate, ISO 9001 certificate, NC RfG\",\"publisher\":{\"@id\":\"https:\\\/\\\/icrturkey.com\\\/#\\\/schema\\\/person\\\/43aa01c7e4d61d03230a6e3e9d4e7ef2\"},\"potentialAction\":[{\"@type\":\"SearchAction\",\"target\":{\"@type\":\"EntryPoint\",\"urlTemplate\":\"https:\\\/\\\/icrturkey.com\\\/?s={search_term_string}\"},\"query-input\":{\"@type\":\"PropertyValueSpecification\",\"valueRequired\":true,\"valueName\":\"search_term_string\"}}],\"inLanguage\":\"en-GB\"},{\"@type\":[\"Person\",\"Organization\"],\"@id\":\"https:\\\/\\\/icrturkey.com\\\/#\\\/schema\\\/person\\\/43aa01c7e4d61d03230a6e3e9d4e7ef2\",\"name\":\"admin\",\"image\":{\"@type\":\"ImageObject\",\"inLanguage\":\"en-GB\",\"@id\":\"https:\\\/\\\/icrturkey.com\\\/wp-content\\\/uploads\\\/2019\\\/05\\\/cropped-logo-icr.32f04ad5-1-1.png\",\"url\":\"https:\\\/\\\/icrturkey.com\\\/wp-content\\\/uploads\\\/2019\\\/05\\\/cropped-logo-icr.32f04ad5-1-1.png\",\"contentUrl\":\"https:\\\/\\\/icrturkey.com\\\/wp-content\\\/uploads\\\/2019\\\/05\\\/cropped-logo-icr.32f04ad5-1-1.png\",\"width\":400,\"height\":148,\"caption\":\"admin\"},\"logo\":{\"@id\":\"https:\\\/\\\/icrturkey.com\\\/wp-content\\\/uploads\\\/2019\\\/05\\\/cropped-logo-icr.32f04ad5-1-1.png\"}}]}<\/script>\n<!-- \/ Yoast SEO plugin. -->","yoast_head_json":{"title":"DRON certification - ICR TURKEY - tests and certification","robots":{"index":"index","follow":"follow","max-snippet":"max-snippet:-1","max-image-preview":"max-image-preview:large","max-video-preview":"max-video-preview:-1"},"canonical":"https:\/\/icrturkey.com\/en\/certyfikacja-wyrobow\/certyfikacja-dronow\/","og_locale":"en_GB","og_type":"article","og_title":"Certyfikacja DRON\u00f3w - ICR TURKEY - tests and certification","og_description":"Program oceny zgodno\u015bci w zakresie BSP\/DRON ((UE) 2019\/945) + lista specyfikacji technicznych ICR Polska Sp. z o.o. wychodz\u0105c naprzeciw potrzebom producent\u00f3w, importer\u00f3w i u\u017cytkownik\u00f3w prowadzi dobrowoln\u0105 ocen\u0119 zgodno\u015bci i certyfikacj\u0119 Bezza\u0142ogowych Statk\u00f3w Powietrznych (DRON). W tej chwili certyfikacja DRON\u00f3w jest jeszcze dobrowolna, ale perspektywicznie znacznie u\u0142atwi w przysz\u0142o\u015bci uzyskanie obowi\u0105zkowego certyfikatu wydanego przez Jednostk\u0119 Notyfikowan\u0105&hellip;&nbsp;Read More &raquo;Certyfikacja DRON\u00f3w","og_url":"https:\/\/icrturkey.com\/en\/certyfikacja-wyrobow\/certyfikacja-dronow\/","og_site_name":"ICR TURKEY - tests and certification","article_modified_time":"2025-06-11T07:28:44+00:00","og_image":[{"width":218,"height":231,"url":"https:\/\/icrturkey.com\/wp-content\/uploads\/2019\/06\/adobe.jpg","type":"image\/jpeg"}],"twitter_card":"summary_large_image","twitter_misc":{"Estimated reading time":"3 minutes"},"schema":{"@context":"https:\/\/schema.org","@graph":[{"@type":"WebPage","@id":"https:\/\/icrturkey.com\/certyfikacja-wyrobow\/certyfikacja-dronow\/","url":"https:\/\/icrturkey.com\/certyfikacja-wyrobow\/certyfikacja-dronow\/","name":"DRON certification - ICR TURKEY - tests and certification","isPartOf":{"@id":"https:\/\/icrturkey.com\/#website"},"primaryImageOfPage":{"@id":"https:\/\/icrturkey.com\/certyfikacja-wyrobow\/certyfikacja-dronow\/#primaryimage"},"image":{"@id":"https:\/\/icrturkey.com\/certyfikacja-wyrobow\/certyfikacja-dronow\/#primaryimage"},"thumbnailUrl":"https:\/\/icrturkey.com\/wp-content\/uploads\/2019\/06\/adobe.jpg","datePublished":"2019-09-30T17:10:29+00:00","dateModified":"2025-06-11T07:28:44+00:00","breadcrumb":{"@id":"https:\/\/icrturkey.com\/certyfikacja-wyrobow\/certyfikacja-dronow\/#breadcrumb"},"inLanguage":"en-GB","potentialAction":[{"@type":"ReadAction","target":["https:\/\/icrturkey.com\/certyfikacja-wyrobow\/certyfikacja-dronow\/"]}]},{"@type":"ImageObject","inLanguage":"en-GB","@id":"https:\/\/icrturkey.com\/certyfikacja-wyrobow\/certyfikacja-dronow\/#primaryimage","url":"https:\/\/icrturkey.com\/wp-content\/uploads\/2019\/06\/adobe.jpg","contentUrl":"https:\/\/icrturkey.com\/wp-content\/uploads\/2019\/06\/adobe.jpg"},{"@type":"BreadcrumbList","@id":"https:\/\/icrturkey.com\/certyfikacja-wyrobow\/certyfikacja-dronow\/#breadcrumb","itemListElement":[{"@type":"ListItem","position":1,"name":"Strona g\u0142\u00f3wna","item":"https:\/\/icrturkey.com\/"},{"@type":"ListItem","position":2,"name":"Certyfikacja wyrob\u00f3w","item":"https:\/\/icrturkey.com\/certyfikacja-wyrobow\/"},{"@type":"ListItem","position":3,"name":"Certyfikacja DRON\u00f3w"}]},{"@type":"WebSite","@id":"https:\/\/icrturkey.com\/#website","url":"https:\/\/icrturkey.com\/","name":"ICR TURKEY - tests and certification","description":"CE certification, CE certificate, ISO certificate, RED testing, product testing and certification, electrical product testing, medical device testing, ATEX, IECEx, FCC, product certification, EMC testing, machinery certification, CE machines, training, electronic product testing, testing 2014\/53\/EU, drone certification, ISO 13485 certificate, ISO 9001 certificate, NC RfG","publisher":{"@id":"https:\/\/icrturkey.com\/#\/schema\/person\/43aa01c7e4d61d03230a6e3e9d4e7ef2"},"potentialAction":[{"@type":"SearchAction","target":{"@type":"EntryPoint","urlTemplate":"https:\/\/icrturkey.com\/?s={search_term_string}"},"query-input":{"@type":"PropertyValueSpecification","valueRequired":true,"valueName":"search_term_string"}}],"inLanguage":"en-GB"},{"@type":["Person","Organization"],"@id":"https:\/\/icrturkey.com\/#\/schema\/person\/43aa01c7e4d61d03230a6e3e9d4e7ef2","name":"admin","image":{"@type":"ImageObject","inLanguage":"en-GB","@id":"https:\/\/icrturkey.com\/wp-content\/uploads\/2019\/05\/cropped-logo-icr.32f04ad5-1-1.png","url":"https:\/\/icrturkey.com\/wp-content\/uploads\/2019\/05\/cropped-logo-icr.32f04ad5-1-1.png","contentUrl":"https:\/\/icrturkey.com\/wp-content\/uploads\/2019\/05\/cropped-logo-icr.32f04ad5-1-1.png","width":400,"height":148,"caption":"admin"},"logo":{"@id":"https:\/\/icrturkey.com\/wp-content\/uploads\/2019\/05\/cropped-logo-icr.32f04ad5-1-1.png"}}]}},"_links":{"self":[{"href":"https:\/\/icrturkey.com\/en\/wp-json\/wp\/v2\/pages\/3528","targetHints":{"allow":["GET"]}}],"collection":[{"href":"https:\/\/icrturkey.com\/en\/wp-json\/wp\/v2\/pages"}],"about":[{"href":"https:\/\/icrturkey.com\/en\/wp-json\/wp\/v2\/types\/page"}],"author":[{"embeddable":true,"href":"https:\/\/icrturkey.com\/en\/wp-json\/wp\/v2\/users\/2"}],"replies":[{"embeddable":true,"href":"https:\/\/icrturkey.com\/en\/wp-json\/wp\/v2\/comments?post=3528"}],"version-history":[{"count":11,"href":"https:\/\/icrturkey.com\/en\/wp-json\/wp\/v2\/pages\/3528\/revisions"}],"predecessor-version":[{"id":17180,"href":"https:\/\/icrturkey.com\/en\/wp-json\/wp\/v2\/pages\/3528\/revisions\/17180"}],"up":[{"embeddable":true,"href":"https:\/\/icrturkey.com\/en\/wp-json\/wp\/v2\/pages\/211"}],"wp:attachment":[{"href":"https:\/\/icrturkey.com\/en\/wp-json\/wp\/v2\/media?parent=3528"}],"curies":[{"name":"wp","href":"https:\/\/api.w.org\/{rel}","templated":true}]}}