{"id":3437,"date":"2019-09-03T13:20:11","date_gmt":"2019-09-03T11:20:11","guid":{"rendered":"http:\/\/icrpolska.com\/?page_id=3437"},"modified":"2022-07-20T15:02:09","modified_gmt":"2022-07-20T13:02:09","slug":"energystar","status":"publish","type":"page","link":"https:\/\/icrturkey.com\/en\/energystar\/","title":{"rendered":"EnergyStar"},"content":{"rendered":"<p><img decoding=\"async\" class=\"alignleft\" src=\"https:\/\/icrturkey.com\/wp-content\/uploads\/2019\/09\/EnergyStar.jpg\" alt=\"Energy Star\" width=\"156\" height=\"158\" \/>Energy Star is an international program aimed at promoting energy-saving products and reducing the emission of gases that cause the greenhouse effect. Products meeting the program requirements are marked with a special label.<\/p>\n<p>Energy Star was initiated in 1992 by two institutions: the Environmental Protection Agency (EPA or USEPA) and the United States Department of Energy (DOE).<\/p>\n<p>Currently - from July 1, 2009 - the Energy Star 5.0 standard applies.<\/p>\n<p>Initiated as a voluntary labeling program to identify and promote energy-saving products, Energy Star began with computer and printer labels. In 1995, the program was significantly expanded by introducing labels for home heating and air conditioning systems.<\/p>\n<p>Elements of the Energy Star program have been adopted in the common European market, as well as in Canada, USA, Australia, Japan and Taiwan.<\/p>\n<p>Energy Star specifications for individual products are set by EPA and relate to, among others:<\/p>\n<ul>\n<li style=\"list-style-type: none;\">\n<ul>\n<li>computers<\/li>\n<li>servers<\/li>\n<li>peripherals<\/li>\n<li>heating, cooling and air conditioning products and systems<\/li>\n<li>home electronics<\/li>\n<li>imaging equipment (televisions, video projectors, etc.)<\/li>\n<li>lighting<\/li>\n<li>new homes<\/li>\n<\/ul>\n<\/li>\n<\/ul>\n<p>Every year, the EPA conducts worldwide energy efficiency assessments:<br \/>\n\u2013 buildings<br \/>\n\u2013 industrial and other facilities<\/p>\n<p>Reports are available on the Energy Star website<\/p>\n<p>ICR Polska provides comprehensive assistance in preparing products to meet the Energy Star specifications, primarily testing and certification.<\/p>\n<p><strong>Energy Star is the simple choice for energy efficiency.<\/strong><\/p>","protected":false},"excerpt":{"rendered":"<p>Energy Star is an international programme designed to promote energy-efficient products and reduce the emission of greenhouse gases. Products that meet the programme's requirements are marked with a special label. Energy Star was initiated in 1992 by two institutions: The US Environmental Protection Agency (EPA or USEPA) and the United States Department of Energy (United States Department of...&nbsp;<a href=\"https:\/\/icrturkey.com\/en\/energystar\/\" rel=\"bookmark\">Read More \"<span class=\"screen-reader-text\">EnergyStar<\/span><\/a><\/p>","protected":false},"author":2,"featured_media":0,"parent":0,"menu_order":0,"comment_status":"closed","ping_status":"closed","template":"","meta":{"neve_meta_sidebar":"","neve_meta_container":"","neve_meta_enable_content_width":"off","neve_meta_content_width":70,"neve_meta_title_alignment":"","neve_meta_author_avatar":"","neve_post_elements_order":"","neve_meta_disable_header":"","neve_meta_disable_footer":"","neve_meta_disable_title":"","footnotes":""},"class_list":["post-3437","page","type-page","status-publish","hentry"],"yoast_head":"<!-- This site is optimized with the Yoast SEO plugin v27.3 - https:\/\/yoast.com\/product\/yoast-seo-wordpress\/ -->\n<title>EnergyStar - ICR TURKEY - tests and certification<\/title>\n<meta name=\"robots\" content=\"index, follow, max-snippet:-1, max-image-preview:large, max-video-preview:-1\" \/>\n<link rel=\"canonical\" href=\"https:\/\/icrturkey.com\/en\/energystar\/\" \/>\n<meta property=\"og:locale\" content=\"en_GB\" \/>\n<meta property=\"og:type\" content=\"article\" \/>\n<meta property=\"og:title\" content=\"EnergyStar - ICR TURKEY - tests and certification\" \/>\n<meta property=\"og:description\" content=\"Energy Star to mi\u0119dzynarodowy program maj\u0105cy na celu promowanie produkt\u00f3w energooszcz\u0119dnych i zmniejszenie wydzielania gaz\u00f3w b\u0119d\u0105cych przyczyn\u0105 efektu cieplarnianego. Wyroby spe\u0142niaj\u0105ce wymagania programu s\u0105 oznakowane specjaln\u0105 etykiet\u0105. Energy Star zainicjowa\u0142y w 1992 roku dwie instytucje: Ameryka\u0144ska Agencja Ochrony \u015arodowiska (Environmental Protection Agency &#8211; EPA lub USEPA) oraz Departament Energii Stan\u00f3w Zjednoczonych (United States Department of&hellip;&nbsp;Read More &raquo;EnergyStar\" \/>\n<meta property=\"og:url\" content=\"https:\/\/icrturkey.com\/en\/energystar\/\" \/>\n<meta property=\"og:site_name\" content=\"ICR TURKEY - tests and certification\" \/>\n<meta property=\"article:modified_time\" content=\"2022-07-20T13:02:09+00:00\" \/>\n<meta property=\"og:image\" content=\"https:\/\/icrturkey.com\/wp-content\/uploads\/2019\/09\/EnergyStar.jpg\" \/>\n<meta name=\"twitter:card\" content=\"summary_large_image\" \/>\n<meta name=\"twitter:label1\" content=\"Estimated reading time\" \/>\n\t<meta name=\"twitter:data1\" content=\"2 minutes\" \/>\n<script type=\"application\/ld+json\" class=\"yoast-schema-graph\">{\"@context\":\"https:\\\/\\\/schema.org\",\"@graph\":[{\"@type\":\"WebPage\",\"@id\":\"https:\\\/\\\/icrturkey.com\\\/energystar\\\/\",\"url\":\"https:\\\/\\\/icrturkey.com\\\/energystar\\\/\",\"name\":\"EnergyStar - ICR TURKEY - tests and certification\",\"isPartOf\":{\"@id\":\"https:\\\/\\\/icrturkey.com\\\/#website\"},\"primaryImageOfPage\":{\"@id\":\"https:\\\/\\\/icrturkey.com\\\/energystar\\\/#primaryimage\"},\"image\":{\"@id\":\"https:\\\/\\\/icrturkey.com\\\/energystar\\\/#primaryimage\"},\"thumbnailUrl\":\"https:\\\/\\\/icrturkey.com\\\/wp-content\\\/uploads\\\/2019\\\/09\\\/EnergyStar.jpg\",\"datePublished\":\"2019-09-03T11:20:11+00:00\",\"dateModified\":\"2022-07-20T13:02:09+00:00\",\"breadcrumb\":{\"@id\":\"https:\\\/\\\/icrturkey.com\\\/energystar\\\/#breadcrumb\"},\"inLanguage\":\"en-GB\",\"potentialAction\":[{\"@type\":\"ReadAction\",\"target\":[\"https:\\\/\\\/icrturkey.com\\\/energystar\\\/\"]}]},{\"@type\":\"ImageObject\",\"inLanguage\":\"en-GB\",\"@id\":\"https:\\\/\\\/icrturkey.com\\\/energystar\\\/#primaryimage\",\"url\":\"https:\\\/\\\/icrturkey.com\\\/wp-content\\\/uploads\\\/2019\\\/09\\\/EnergyStar.jpg\",\"contentUrl\":\"https:\\\/\\\/icrturkey.com\\\/wp-content\\\/uploads\\\/2019\\\/09\\\/EnergyStar.jpg\"},{\"@type\":\"BreadcrumbList\",\"@id\":\"https:\\\/\\\/icrturkey.com\\\/energystar\\\/#breadcrumb\",\"itemListElement\":[{\"@type\":\"ListItem\",\"position\":1,\"name\":\"Strona g\u0142\u00f3wna\",\"item\":\"https:\\\/\\\/icrturkey.com\\\/\"},{\"@type\":\"ListItem\",\"position\":2,\"name\":\"EnergyStar\"}]},{\"@type\":\"WebSite\",\"@id\":\"https:\\\/\\\/icrturkey.com\\\/#website\",\"url\":\"https:\\\/\\\/icrturkey.com\\\/\",\"name\":\"ICR TURKEY - tests and certification\",\"description\":\"CE certification, CE certificate, ISO certificate, RED testing, product testing and certification, electrical product testing, medical device testing, ATEX, IECEx, FCC, product certification, EMC testing, machinery certification, CE machines, training, electronic product testing, testing 2014\\\/53\\\/EU, drone certification, ISO 13485 certificate, ISO 9001 certificate, NC RfG\",\"publisher\":{\"@id\":\"https:\\\/\\\/icrturkey.com\\\/#\\\/schema\\\/person\\\/43aa01c7e4d61d03230a6e3e9d4e7ef2\"},\"potentialAction\":[{\"@type\":\"SearchAction\",\"target\":{\"@type\":\"EntryPoint\",\"urlTemplate\":\"https:\\\/\\\/icrturkey.com\\\/?s={search_term_string}\"},\"query-input\":{\"@type\":\"PropertyValueSpecification\",\"valueRequired\":true,\"valueName\":\"search_term_string\"}}],\"inLanguage\":\"en-GB\"},{\"@type\":[\"Person\",\"Organization\"],\"@id\":\"https:\\\/\\\/icrturkey.com\\\/#\\\/schema\\\/person\\\/43aa01c7e4d61d03230a6e3e9d4e7ef2\",\"name\":\"admin\",\"image\":{\"@type\":\"ImageObject\",\"inLanguage\":\"en-GB\",\"@id\":\"https:\\\/\\\/icrturkey.com\\\/wp-content\\\/uploads\\\/2019\\\/05\\\/cropped-logo-icr.32f04ad5-1-1.png\",\"url\":\"https:\\\/\\\/icrturkey.com\\\/wp-content\\\/uploads\\\/2019\\\/05\\\/cropped-logo-icr.32f04ad5-1-1.png\",\"contentUrl\":\"https:\\\/\\\/icrturkey.com\\\/wp-content\\\/uploads\\\/2019\\\/05\\\/cropped-logo-icr.32f04ad5-1-1.png\",\"width\":400,\"height\":148,\"caption\":\"admin\"},\"logo\":{\"@id\":\"https:\\\/\\\/icrturkey.com\\\/wp-content\\\/uploads\\\/2019\\\/05\\\/cropped-logo-icr.32f04ad5-1-1.png\"}}]}<\/script>\n<!-- \/ Yoast SEO plugin. -->","yoast_head_json":{"title":"EnergyStar - ICR TURKEY - tests and certification","robots":{"index":"index","follow":"follow","max-snippet":"max-snippet:-1","max-image-preview":"max-image-preview:large","max-video-preview":"max-video-preview:-1"},"canonical":"https:\/\/icrturkey.com\/en\/energystar\/","og_locale":"en_GB","og_type":"article","og_title":"EnergyStar - ICR TURKEY - tests and certification","og_description":"Energy Star to mi\u0119dzynarodowy program maj\u0105cy na celu promowanie produkt\u00f3w energooszcz\u0119dnych i zmniejszenie wydzielania gaz\u00f3w b\u0119d\u0105cych przyczyn\u0105 efektu cieplarnianego. Wyroby spe\u0142niaj\u0105ce wymagania programu s\u0105 oznakowane specjaln\u0105 etykiet\u0105. Energy Star zainicjowa\u0142y w 1992 roku dwie instytucje: Ameryka\u0144ska Agencja Ochrony \u015arodowiska (Environmental Protection Agency &#8211; EPA lub USEPA) oraz Departament Energii Stan\u00f3w Zjednoczonych (United States Department of&hellip;&nbsp;Read More &raquo;EnergyStar","og_url":"https:\/\/icrturkey.com\/en\/energystar\/","og_site_name":"ICR TURKEY - tests and certification","article_modified_time":"2022-07-20T13:02:09+00:00","og_image":[{"url":"https:\/\/icrturkey.com\/wp-content\/uploads\/2019\/09\/EnergyStar.jpg","type":"","width":"","height":""}],"twitter_card":"summary_large_image","twitter_misc":{"Estimated reading time":"2 minutes"},"schema":{"@context":"https:\/\/schema.org","@graph":[{"@type":"WebPage","@id":"https:\/\/icrturkey.com\/energystar\/","url":"https:\/\/icrturkey.com\/energystar\/","name":"EnergyStar - ICR TURKEY - tests and certification","isPartOf":{"@id":"https:\/\/icrturkey.com\/#website"},"primaryImageOfPage":{"@id":"https:\/\/icrturkey.com\/energystar\/#primaryimage"},"image":{"@id":"https:\/\/icrturkey.com\/energystar\/#primaryimage"},"thumbnailUrl":"https:\/\/icrturkey.com\/wp-content\/uploads\/2019\/09\/EnergyStar.jpg","datePublished":"2019-09-03T11:20:11+00:00","dateModified":"2022-07-20T13:02:09+00:00","breadcrumb":{"@id":"https:\/\/icrturkey.com\/energystar\/#breadcrumb"},"inLanguage":"en-GB","potentialAction":[{"@type":"ReadAction","target":["https:\/\/icrturkey.com\/energystar\/"]}]},{"@type":"ImageObject","inLanguage":"en-GB","@id":"https:\/\/icrturkey.com\/energystar\/#primaryimage","url":"https:\/\/icrturkey.com\/wp-content\/uploads\/2019\/09\/EnergyStar.jpg","contentUrl":"https:\/\/icrturkey.com\/wp-content\/uploads\/2019\/09\/EnergyStar.jpg"},{"@type":"BreadcrumbList","@id":"https:\/\/icrturkey.com\/energystar\/#breadcrumb","itemListElement":[{"@type":"ListItem","position":1,"name":"Strona g\u0142\u00f3wna","item":"https:\/\/icrturkey.com\/"},{"@type":"ListItem","position":2,"name":"EnergyStar"}]},{"@type":"WebSite","@id":"https:\/\/icrturkey.com\/#website","url":"https:\/\/icrturkey.com\/","name":"ICR TURKEY - tests and certification","description":"CE certification, CE certificate, ISO certificate, RED testing, product testing and certification, electrical product testing, medical device testing, ATEX, IECEx, FCC, product certification, EMC testing, machinery certification, CE machines, training, electronic product testing, testing 2014\/53\/EU, drone certification, ISO 13485 certificate, ISO 9001 certificate, NC RfG","publisher":{"@id":"https:\/\/icrturkey.com\/#\/schema\/person\/43aa01c7e4d61d03230a6e3e9d4e7ef2"},"potentialAction":[{"@type":"SearchAction","target":{"@type":"EntryPoint","urlTemplate":"https:\/\/icrturkey.com\/?s={search_term_string}"},"query-input":{"@type":"PropertyValueSpecification","valueRequired":true,"valueName":"search_term_string"}}],"inLanguage":"en-GB"},{"@type":["Person","Organization"],"@id":"https:\/\/icrturkey.com\/#\/schema\/person\/43aa01c7e4d61d03230a6e3e9d4e7ef2","name":"admin","image":{"@type":"ImageObject","inLanguage":"en-GB","@id":"https:\/\/icrturkey.com\/wp-content\/uploads\/2019\/05\/cropped-logo-icr.32f04ad5-1-1.png","url":"https:\/\/icrturkey.com\/wp-content\/uploads\/2019\/05\/cropped-logo-icr.32f04ad5-1-1.png","contentUrl":"https:\/\/icrturkey.com\/wp-content\/uploads\/2019\/05\/cropped-logo-icr.32f04ad5-1-1.png","width":400,"height":148,"caption":"admin"},"logo":{"@id":"https:\/\/icrturkey.com\/wp-content\/uploads\/2019\/05\/cropped-logo-icr.32f04ad5-1-1.png"}}]}},"_links":{"self":[{"href":"https:\/\/icrturkey.com\/en\/wp-json\/wp\/v2\/pages\/3437","targetHints":{"allow":["GET"]}}],"collection":[{"href":"https:\/\/icrturkey.com\/en\/wp-json\/wp\/v2\/pages"}],"about":[{"href":"https:\/\/icrturkey.com\/en\/wp-json\/wp\/v2\/types\/page"}],"author":[{"embeddable":true,"href":"https:\/\/icrturkey.com\/en\/wp-json\/wp\/v2\/users\/2"}],"replies":[{"embeddable":true,"href":"https:\/\/icrturkey.com\/en\/wp-json\/wp\/v2\/comments?post=3437"}],"version-history":[{"count":4,"href":"https:\/\/icrturkey.com\/en\/wp-json\/wp\/v2\/pages\/3437\/revisions"}],"predecessor-version":[{"id":4756,"href":"https:\/\/icrturkey.com\/en\/wp-json\/wp\/v2\/pages\/3437\/revisions\/4756"}],"wp:attachment":[{"href":"https:\/\/icrturkey.com\/en\/wp-json\/wp\/v2\/media?parent=3437"}],"curies":[{"name":"wp","href":"https:\/\/api.w.org\/{rel}","templated":true}]}}