{"id":2577,"date":"2019-06-04T01:00:54","date_gmt":"2019-06-03T23:00:54","guid":{"rendered":"http:\/\/nowa.icrpolska.com\/?page_id=2577"},"modified":"2022-12-08T11:47:00","modified_gmt":"2022-12-08T10:47:00","slug":"icr-polska","status":"publish","type":"page","link":"https:\/\/icrturkey.com\/en\/icr-polska\/","title":{"rendered":"ICR Polska"},"content":{"rendered":"<p>ICR Polska sp. z o.o. rozpocz\u0119\u0142a swoj\u0105 dzia\u0142alno\u015b\u0107 w 2015 roku, jako pierwszy w Europie oddzia\u0142 Korea\u0144skiej jednostki certyfikuj\u0105cej ICR Co. Ltd. \u2013 International Certification Registrar z siedzib\u0105 w Gimpo-si obok Seulu, Korea Po\u0142udniowa<\/p>\n<div style=\"width: 720px;\" class=\"wp-video\"><!--[if lt IE 9]><script>document.createElement('video');<\/script><![endif]-->\n<video class=\"wp-video-shortcode\" id=\"video-2577-1\" width=\"720\" height=\"404\" loop autoplay preload=\"metadata\" controls=\"controls\"><source type=\"video\/mp4\" src=\"https:\/\/icrturkey.com\/wp-content\/uploads\/2021\/11\/introduction-of-icr-lab.mp4?_=1\" \/><a href=\"https:\/\/icrturkey.com\/wp-content\/uploads\/2021\/11\/introduction-of-icr-lab.mp4\">https:\/\/icrturkey.com\/wp-content\/uploads\/2021\/11\/introduction-of-icr-lab.mp4<\/a><\/video><\/div>\n<p><strong>ICR Korea<\/strong><\/p>\n<p>ICR Korea jest uznan\u0105 jednostk\u0105 certyfikuj\u0105c\u0105 w Azji, kt\u00f3rej g\u0142\u00f3wnymi rynkami jest m.in. Korea, Chiny, Taiwan, Wietnam, USA. Oferuje m.in. akredytowane (ISO\/IEC 17025) badania w jednym z najnowocze\u015bniejszych laboratori\u00f3w w regionie do cel\u00f3w uzyskania m.in CE, FCC, IECEx, IECEE-CB, KC.<\/p>\n<p>Wi\u0119cej o ICR Korea w <a href=\"https:\/\/icrturkey.com\/wp-content\/uploads\/2019\/06\/20190121icr-brochureenglish_8e4.pdf\" target=\"_blank\" rel=\"noopener noreferrer\">broszurze<\/a>,\u00a0 na <a href=\"http:\/\/www.icrqa.com\/renewal_eng\/main\/main.asp\" target=\"_blank\" rel=\"noopener noreferrer\">stronie<\/a> oraz w newsletterach.<\/p>\n<div id='gallery-1' class='gallery galleryid-2577 gallery-columns-2 gallery-size-large'><figure class='gallery-item'>\n\t\t\t<div class='gallery-icon landscape'>\n\t\t\t\t<a href='https:\/\/icrturkey.com\/wp-content\/uploads\/2019\/06\/DSC5911-1024x683.jpg'><img fetchpriority=\"high\" decoding=\"async\" width=\"1024\" height=\"683\" src=\"https:\/\/icrturkey.com\/wp-content\/uploads\/2019\/06\/DSC5911-1024x683-1024x683.jpg\" class=\"attachment-large size-large\" alt=\"\" srcset=\"https:\/\/icrturkey.com\/wp-content\/uploads\/2019\/06\/DSC5911-1024x683.jpg 1024w, https:\/\/icrturkey.com\/wp-content\/uploads\/2019\/06\/DSC5911-1024x683-300x200.jpg 300w, https:\/\/icrturkey.com\/wp-content\/uploads\/2019\/06\/DSC5911-1024x683-768x512.jpg 768w\" sizes=\"(max-width: 1024px) 100vw, 1024px\" \/><\/a>\n\t\t\t<\/div><\/figure><figure class='gallery-item'>\n\t\t\t<div class='gallery-icon landscape'>\n\t\t\t\t<a href='https:\/\/icrturkey.com\/wp-content\/uploads\/2019\/06\/DJI_0157-1024x683.jpg'><img decoding=\"async\" width=\"1024\" height=\"683\" src=\"https:\/\/icrturkey.com\/wp-content\/uploads\/2019\/06\/DJI_0157-1024x683-1024x683.jpg\" class=\"attachment-large size-large\" alt=\"\" srcset=\"https:\/\/icrturkey.com\/wp-content\/uploads\/2019\/06\/DJI_0157-1024x683.jpg 1024w, https:\/\/icrturkey.com\/wp-content\/uploads\/2019\/06\/DJI_0157-1024x683-300x200.jpg 300w, https:\/\/icrturkey.com\/wp-content\/uploads\/2019\/06\/DJI_0157-1024x683-768x512.jpg 768w\" sizes=\"(max-width: 1024px) 100vw, 1024px\" \/><\/a>\n\t\t\t<\/div><\/figure><figure class='gallery-item'>\n\t\t\t<div class='gallery-icon landscape'>\n\t\t\t\t<a href='https:\/\/icrturkey.com\/wp-content\/uploads\/2019\/06\/DJI_0145-1024x683.jpg'><img decoding=\"async\" width=\"1024\" height=\"683\" src=\"https:\/\/icrturkey.com\/wp-content\/uploads\/2019\/06\/DJI_0145-1024x683-1024x683.jpg\" class=\"attachment-large size-large\" alt=\"\" srcset=\"https:\/\/icrturkey.com\/wp-content\/uploads\/2019\/06\/DJI_0145-1024x683.jpg 1024w, https:\/\/icrturkey.com\/wp-content\/uploads\/2019\/06\/DJI_0145-1024x683-300x200.jpg 300w, https:\/\/icrturkey.com\/wp-content\/uploads\/2019\/06\/DJI_0145-1024x683-768x512.jpg 768w\" sizes=\"(max-width: 1024px) 100vw, 1024px\" \/><\/a>\n\t\t\t<\/div><\/figure><figure class='gallery-item'>\n\t\t\t<div class='gallery-icon landscape'>\n\t\t\t\t<a href='https:\/\/icrturkey.com\/wp-content\/uploads\/2019\/06\/DSC5909-1024x683.jpg'><img loading=\"lazy\" decoding=\"async\" width=\"1024\" height=\"683\" src=\"https:\/\/icrturkey.com\/wp-content\/uploads\/2019\/06\/DSC5909-1024x683-1024x683.jpg\" class=\"attachment-large size-large\" alt=\"\" srcset=\"https:\/\/icrturkey.com\/wp-content\/uploads\/2019\/06\/DSC5909-1024x683.jpg 1024w, https:\/\/icrturkey.com\/wp-content\/uploads\/2019\/06\/DSC5909-1024x683-300x200.jpg 300w, https:\/\/icrturkey.com\/wp-content\/uploads\/2019\/06\/DSC5909-1024x683-768x512.jpg 768w\" sizes=\"(max-width: 1024px) 100vw, 1024px\" \/><\/a>\n\t\t\t<\/div><\/figure>\n\t\t<\/div>\n\n<p><strong>Nasze us\u0142ugi<\/strong><\/p>\n<p>ICR Polska realizuje g\u0142\u00f3wnie us\u0142ugi bada\u0144, certyfikacji, inspekcji, audit\u00f3w oraz innych us\u0142ug techniczno-managerskich w oparciu o indywidualne ustalenia z klientem.<br \/>\nOferujemy r\u00f3wnie\u017c pomoc w uzyskaniu dost\u0119pu do rynku Rosyjskiego (EAC) \u2013 Euroazjatyckiej Unii Celnej, Chin, Korei, USA i Kanady.<br \/>\nNasi pracownicy posiadaj\u0105 wieloletnie do\u015bwiadczenie w krajowych i zagranicznych laboratoriach i jednostkach certyfikuj\u0105cych.<br \/>\nG\u0142\u00f3wne biuro ICR Polska znajduje si\u0119 w Warszawie na Saskiej K\u0119pie\/Plac Przymierza 6, Warszawa.<\/p>\n","protected":false},"excerpt":{"rendered":"<p>ICR Polska sp. z o.o. started its activities in 2015 as the first European branch of the Korean certification body ICR Co. Ltd. - International Certification Registrar based in Gimpo-si next to Seoul, South Korea ICR Korea ICR Korea is a recognised certification body in Asia, whose main markets include Korea, China, Taiwan, Vietnam, USA, among others. It offers...&nbsp;<a href=\"https:\/\/icrturkey.com\/en\/icr-polska\/\" rel=\"bookmark\">Read More \"<span class=\"screen-reader-text\">ICR Polska<\/span><\/a><\/p>","protected":false},"author":1,"featured_media":0,"parent":0,"menu_order":0,"comment_status":"closed","ping_status":"closed","template":"","meta":{"neve_meta_sidebar":"left","neve_meta_container":"","neve_meta_enable_content_width":"off","neve_meta_content_width":70,"neve_meta_title_alignment":"","neve_meta_author_avatar":"","neve_post_elements_order":"","neve_meta_disable_header":"","neve_meta_disable_footer":"","neve_meta_disable_title":"","footnotes":""},"class_list":["post-2577","page","type-page","status-publish","hentry"],"yoast_head":"<!-- This site is optimized with the Yoast SEO plugin v27.3 - https:\/\/yoast.com\/product\/yoast-seo-wordpress\/ -->\n<title>ICR Polska - ICR TURKEY - tests and certification<\/title>\n<meta name=\"robots\" content=\"index, follow, max-snippet:-1, max-image-preview:large, max-video-preview:-1\" \/>\n<link rel=\"canonical\" href=\"https:\/\/icrturkey.com\/en\/icr-polska\/\" \/>\n<meta property=\"og:locale\" content=\"en_GB\" \/>\n<meta property=\"og:type\" content=\"article\" \/>\n<meta property=\"og:title\" content=\"ICR Polska - ICR TURKEY - tests and certification\" \/>\n<meta property=\"og:description\" content=\"ICR Polska sp. z o.o. rozpocz\u0119\u0142a swoj\u0105 dzia\u0142alno\u015b\u0107 w 2015 roku, jako pierwszy w Europie oddzia\u0142 Korea\u0144skiej jednostki certyfikuj\u0105cej ICR Co. Ltd. \u2013 International Certification Registrar z siedzib\u0105 w Gimpo-si obok Seulu, Korea Po\u0142udniowa ICR Korea ICR Korea jest uznan\u0105 jednostk\u0105 certyfikuj\u0105c\u0105 w Azji, kt\u00f3rej g\u0142\u00f3wnymi rynkami jest m.in. Korea, Chiny, Taiwan, Wietnam, USA. Oferuje&hellip;&nbsp;Read More &raquo;ICR Polska\" \/>\n<meta property=\"og:url\" content=\"https:\/\/icrturkey.com\/en\/icr-polska\/\" \/>\n<meta property=\"og:site_name\" content=\"ICR TURKEY - tests and certification\" \/>\n<meta property=\"article:modified_time\" content=\"2022-12-08T10:47:00+00:00\" \/>\n<meta property=\"og:image\" content=\"https:\/\/icrturkey.com\/wp-content\/uploads\/2019\/06\/DSC5911-1024x683-1024x683.jpg\" \/>\n<meta name=\"twitter:card\" content=\"summary_large_image\" \/>\n<meta name=\"twitter:label1\" content=\"Estimated reading time\" \/>\n\t<meta name=\"twitter:data1\" content=\"1 minute\" \/>\n<script type=\"application\/ld+json\" class=\"yoast-schema-graph\">{\"@context\":\"https:\\\/\\\/schema.org\",\"@graph\":[{\"@type\":\"WebPage\",\"@id\":\"https:\\\/\\\/icrturkey.com\\\/icr-polska\\\/\",\"url\":\"https:\\\/\\\/icrturkey.com\\\/icr-polska\\\/\",\"name\":\"ICR Polska - ICR TURKEY - tests and certification\",\"isPartOf\":{\"@id\":\"https:\\\/\\\/icrturkey.com\\\/#website\"},\"datePublished\":\"2019-06-03T23:00:54+00:00\",\"dateModified\":\"2022-12-08T10:47:00+00:00\",\"breadcrumb\":{\"@id\":\"https:\\\/\\\/icrturkey.com\\\/icr-polska\\\/#breadcrumb\"},\"inLanguage\":\"en-GB\",\"potentialAction\":[{\"@type\":\"ReadAction\",\"target\":[\"https:\\\/\\\/icrturkey.com\\\/icr-polska\\\/\"]}]},{\"@type\":\"BreadcrumbList\",\"@id\":\"https:\\\/\\\/icrturkey.com\\\/icr-polska\\\/#breadcrumb\",\"itemListElement\":[{\"@type\":\"ListItem\",\"position\":1,\"name\":\"Strona g\u0142\u00f3wna\",\"item\":\"https:\\\/\\\/icrturkey.com\\\/\"},{\"@type\":\"ListItem\",\"position\":2,\"name\":\"ICR Polska\"}]},{\"@type\":\"WebSite\",\"@id\":\"https:\\\/\\\/icrturkey.com\\\/#website\",\"url\":\"https:\\\/\\\/icrturkey.com\\\/\",\"name\":\"ICR TURKEY - tests and certification\",\"description\":\"CE certification, CE certificate, ISO certificate, RED testing, product testing and certification, electrical product testing, medical device testing, ATEX, IECEx, FCC, product certification, EMC testing, machinery certification, CE machines, training, electronic product testing, testing 2014\\\/53\\\/EU, drone certification, ISO 13485 certificate, ISO 9001 certificate, NC RfG\",\"publisher\":{\"@id\":\"https:\\\/\\\/icrturkey.com\\\/#\\\/schema\\\/person\\\/43aa01c7e4d61d03230a6e3e9d4e7ef2\"},\"potentialAction\":[{\"@type\":\"SearchAction\",\"target\":{\"@type\":\"EntryPoint\",\"urlTemplate\":\"https:\\\/\\\/icrturkey.com\\\/?s={search_term_string}\"},\"query-input\":{\"@type\":\"PropertyValueSpecification\",\"valueRequired\":true,\"valueName\":\"search_term_string\"}}],\"inLanguage\":\"en-GB\"},{\"@type\":[\"Person\",\"Organization\"],\"@id\":\"https:\\\/\\\/icrturkey.com\\\/#\\\/schema\\\/person\\\/43aa01c7e4d61d03230a6e3e9d4e7ef2\",\"name\":\"admin\",\"image\":{\"@type\":\"ImageObject\",\"inLanguage\":\"en-GB\",\"@id\":\"https:\\\/\\\/icrturkey.com\\\/wp-content\\\/uploads\\\/2019\\\/05\\\/cropped-logo-icr.32f04ad5-1-1.png\",\"url\":\"https:\\\/\\\/icrturkey.com\\\/wp-content\\\/uploads\\\/2019\\\/05\\\/cropped-logo-icr.32f04ad5-1-1.png\",\"contentUrl\":\"https:\\\/\\\/icrturkey.com\\\/wp-content\\\/uploads\\\/2019\\\/05\\\/cropped-logo-icr.32f04ad5-1-1.png\",\"width\":400,\"height\":148,\"caption\":\"admin\"},\"logo\":{\"@id\":\"https:\\\/\\\/icrturkey.com\\\/wp-content\\\/uploads\\\/2019\\\/05\\\/cropped-logo-icr.32f04ad5-1-1.png\"}}]}<\/script>\n<!-- \/ Yoast SEO plugin. -->","yoast_head_json":{"title":"ICR Poland - ICR TURKEY - tests and certification","robots":{"index":"index","follow":"follow","max-snippet":"max-snippet:-1","max-image-preview":"max-image-preview:large","max-video-preview":"max-video-preview:-1"},"canonical":"https:\/\/icrturkey.com\/en\/icr-polska\/","og_locale":"en_GB","og_type":"article","og_title":"ICR Polska - ICR TURKEY - tests and certification","og_description":"ICR Polska sp. z o.o. rozpocz\u0119\u0142a swoj\u0105 dzia\u0142alno\u015b\u0107 w 2015 roku, jako pierwszy w Europie oddzia\u0142 Korea\u0144skiej jednostki certyfikuj\u0105cej ICR Co. Ltd. \u2013 International Certification Registrar z siedzib\u0105 w Gimpo-si obok Seulu, Korea Po\u0142udniowa ICR Korea ICR Korea jest uznan\u0105 jednostk\u0105 certyfikuj\u0105c\u0105 w Azji, kt\u00f3rej g\u0142\u00f3wnymi rynkami jest m.in. Korea, Chiny, Taiwan, Wietnam, USA. Oferuje&hellip;&nbsp;Read More &raquo;ICR Polska","og_url":"https:\/\/icrturkey.com\/en\/icr-polska\/","og_site_name":"ICR TURKEY - tests and certification","article_modified_time":"2022-12-08T10:47:00+00:00","og_image":[{"url":"https:\/\/icrturkey.com\/wp-content\/uploads\/2019\/06\/DSC5911-1024x683-1024x683.jpg","type":"","width":"","height":""}],"twitter_card":"summary_large_image","twitter_misc":{"Estimated reading time":"1 minute"},"schema":{"@context":"https:\/\/schema.org","@graph":[{"@type":"WebPage","@id":"https:\/\/icrturkey.com\/icr-polska\/","url":"https:\/\/icrturkey.com\/icr-polska\/","name":"ICR Poland - ICR TURKEY - tests and certification","isPartOf":{"@id":"https:\/\/icrturkey.com\/#website"},"datePublished":"2019-06-03T23:00:54+00:00","dateModified":"2022-12-08T10:47:00+00:00","breadcrumb":{"@id":"https:\/\/icrturkey.com\/icr-polska\/#breadcrumb"},"inLanguage":"en-GB","potentialAction":[{"@type":"ReadAction","target":["https:\/\/icrturkey.com\/icr-polska\/"]}]},{"@type":"BreadcrumbList","@id":"https:\/\/icrturkey.com\/icr-polska\/#breadcrumb","itemListElement":[{"@type":"ListItem","position":1,"name":"Strona g\u0142\u00f3wna","item":"https:\/\/icrturkey.com\/"},{"@type":"ListItem","position":2,"name":"ICR Polska"}]},{"@type":"WebSite","@id":"https:\/\/icrturkey.com\/#website","url":"https:\/\/icrturkey.com\/","name":"ICR TURKEY - tests and certification","description":"CE certification, CE certificate, ISO certificate, RED testing, product testing and certification, electrical product testing, medical device testing, ATEX, IECEx, FCC, product certification, EMC testing, machinery certification, CE machines, training, electronic product testing, testing 2014\/53\/EU, drone certification, ISO 13485 certificate, ISO 9001 certificate, NC RfG","publisher":{"@id":"https:\/\/icrturkey.com\/#\/schema\/person\/43aa01c7e4d61d03230a6e3e9d4e7ef2"},"potentialAction":[{"@type":"SearchAction","target":{"@type":"EntryPoint","urlTemplate":"https:\/\/icrturkey.com\/?s={search_term_string}"},"query-input":{"@type":"PropertyValueSpecification","valueRequired":true,"valueName":"search_term_string"}}],"inLanguage":"en-GB"},{"@type":["Person","Organization"],"@id":"https:\/\/icrturkey.com\/#\/schema\/person\/43aa01c7e4d61d03230a6e3e9d4e7ef2","name":"admin","image":{"@type":"ImageObject","inLanguage":"en-GB","@id":"https:\/\/icrturkey.com\/wp-content\/uploads\/2019\/05\/cropped-logo-icr.32f04ad5-1-1.png","url":"https:\/\/icrturkey.com\/wp-content\/uploads\/2019\/05\/cropped-logo-icr.32f04ad5-1-1.png","contentUrl":"https:\/\/icrturkey.com\/wp-content\/uploads\/2019\/05\/cropped-logo-icr.32f04ad5-1-1.png","width":400,"height":148,"caption":"admin"},"logo":{"@id":"https:\/\/icrturkey.com\/wp-content\/uploads\/2019\/05\/cropped-logo-icr.32f04ad5-1-1.png"}}]}},"_links":{"self":[{"href":"https:\/\/icrturkey.com\/en\/wp-json\/wp\/v2\/pages\/2577","targetHints":{"allow":["GET"]}}],"collection":[{"href":"https:\/\/icrturkey.com\/en\/wp-json\/wp\/v2\/pages"}],"about":[{"href":"https:\/\/icrturkey.com\/en\/wp-json\/wp\/v2\/types\/page"}],"author":[{"embeddable":true,"href":"https:\/\/icrturkey.com\/en\/wp-json\/wp\/v2\/users\/1"}],"replies":[{"embeddable":true,"href":"https:\/\/icrturkey.com\/en\/wp-json\/wp\/v2\/comments?post=2577"}],"version-history":[{"count":24,"href":"https:\/\/icrturkey.com\/en\/wp-json\/wp\/v2\/pages\/2577\/revisions"}],"predecessor-version":[{"id":7274,"href":"https:\/\/icrturkey.com\/en\/wp-json\/wp\/v2\/pages\/2577\/revisions\/7274"}],"wp:attachment":[{"href":"https:\/\/icrturkey.com\/en\/wp-json\/wp\/v2\/media?parent=2577"}],"curies":[{"name":"wp","href":"https:\/\/api.w.org\/{rel}","templated":true}]}}