{"id":2430,"date":"2019-06-03T12:35:35","date_gmt":"2019-06-03T10:35:35","guid":{"rendered":"http:\/\/nowa.icrpolska.com\/?page_id=2430"},"modified":"2024-12-10T14:51:36","modified_gmt":"2024-12-10T13:51:36","slug":"iecex","status":"publish","type":"page","link":"https:\/\/icrturkey.com\/en\/iecex\/","title":{"rendered":"IECEx"},"content":{"rendered":"<div data-elementor-type=\"wp-page\" data-elementor-id=\"2430\" class=\"elementor elementor-2430\">\n\t\t\t\t\t\t<section class=\"elementor-section elementor-top-section elementor-element elementor-element-3b021474 elementor-section-boxed elementor-section-height-default elementor-section-height-default\" data-id=\"3b021474\" data-element_type=\"section\" data-e-type=\"section\">\n\t\t\t\t\t\t<div class=\"elementor-container elementor-column-gap-default\">\n\t\t\t\t\t<div class=\"elementor-column elementor-col-100 elementor-top-column elementor-element elementor-element-3647aceb\" data-id=\"3647aceb\" data-element_type=\"column\" data-e-type=\"column\">\n\t\t\t<div class=\"elementor-widget-wrap elementor-element-populated\">\n\t\t\t\t\t\t<div class=\"elementor-element elementor-element-35547234 elementor-widget elementor-widget-text-editor\" data-id=\"35547234\" data-element_type=\"widget\" data-e-type=\"widget\" data-widget_type=\"text-editor.default\">\n\t\t\t\t<div class=\"elementor-widget-container\">\n\t\t\t\t\t\t\t\t\t<p><img decoding=\"async\" class=\"wp-image-2883 alignleft\" src=\"https:\/\/icrturkey.com\/wp-content\/uploads\/2024\/12\/IECEx.png\" alt=\"\" width=\"142\" height=\"119\" \/><\/p><p>\u00a0<\/p><p>The worldwide IECEx system was created to facilitate international trade in equipment and services for use in explosive atmospheres (Ex devices \/ products) while maintaining the required level of safety. This system provides, among others:<\/p><p>\u00a0<\/p><ul><li>reduction of testing and certification costs for the manufacturer;<\/li><li>shortening the time of placing the product on the market;<\/li><li>one, generally available international database of Ex products;<\/li><li>uniform criteria for the evaluation and verification of products regardless of the place of production and use.<\/li><\/ul><p class=\"translation-block\">More information on the entire range of IECEx activities can be found at <a href=\"https:\/\/www.iecex.com\/\" target=\"_self\" rel=\"open noreferrer\"> https:\/\/www.iecex.com\/ <\/a><\/p><p>Ex devices are designed to work in explosive atmospheres, i.e. in areas \/ zones where flammable liquids, vapors, gases or dusts may be present in sufficient quantities to cause a fire or explosion.<\/p><p>Currently, such zones exist in both production plants of many industries, as well as in service and warehousing plants, eg:<\/p><ul><li>mining and plants related to coal transmission and storage<\/li><li>refueling stations for cars or planes, gas stations<\/li><li>oil refineries, drilling platforms and processing plants<\/li><li>chemical processing plants<\/li><li>pharmaceutical plants<\/li><li>printing industry, production of paper and textiles<\/li><li>operating rooms of hospitals<\/li><li>varnishes and paint-rooms<\/li><li>biomass processing plants<\/li><li>sewage treatment plants<\/li><li>gas pipelines and distribution centers<\/li><li>grain processing and storage facilities<\/li><li>wood processing plants<\/li><li>sugar refineries<\/li><li>workshops for the machining of metal materials, especially aluminum<\/li><\/ul><p>ICR Polska provides research, evaluation of the production system and certification of products intended for operation in potentially explosive atmospheres of worldwide reach within the IECEx system.<\/p><p>The testing and evaluation of the production system can be carried out in parallel with the activities resulting from the European ATEX directive.<\/p><p>We provide a wide scope of tests covering the majority of used methods of explosion protection of electrical and non-electrical equipment.<\/p>\t\t\t\t\t\t\t\t<\/div>\n\t\t\t\t<\/div>\n\t\t\t\t\t<\/div>\n\t\t<\/div>\n\t\t\t\t\t<\/div>\n\t\t<\/section>\n\t\t\t\t<\/div>","protected":false},"excerpt":{"rendered":"<p>\u00a0 The worldwide IECEx system was created to facilitate international trade in equipment and services for use in explosive atmospheres (Ex equipment\/products), while maintaining the required level of safety. Among other things, the system provides: reduced testing and certification costs for the manufacturer; reduced time to market; a single, freely available international database of Ex products; uniform evaluation criteria and...&nbsp;<a href=\"https:\/\/icrturkey.com\/en\/iecex\/\" rel=\"bookmark\">Read More \"<span class=\"screen-reader-text\">IECEx<\/span><\/a><\/p>","protected":false},"author":1,"featured_media":0,"parent":0,"menu_order":0,"comment_status":"closed","ping_status":"closed","template":"","meta":{"neve_meta_sidebar":"","neve_meta_container":"","neve_meta_enable_content_width":"off","neve_meta_content_width":70,"neve_meta_title_alignment":"","neve_meta_author_avatar":"","neve_post_elements_order":"","neve_meta_disable_header":"","neve_meta_disable_footer":"","neve_meta_disable_title":"","footnotes":""},"class_list":["post-2430","page","type-page","status-publish","hentry"],"yoast_head":"<!-- This site is optimized with the Yoast SEO plugin v27.3 - https:\/\/yoast.com\/product\/yoast-seo-wordpress\/ -->\n<title>IECEx - ICR TURKEY - tests and certification<\/title>\n<meta name=\"robots\" content=\"index, follow, max-snippet:-1, max-image-preview:large, max-video-preview:-1\" \/>\n<link rel=\"canonical\" href=\"https:\/\/icrturkey.com\/en\/iecex\/\" \/>\n<meta property=\"og:locale\" content=\"en_GB\" \/>\n<meta property=\"og:type\" content=\"article\" \/>\n<meta property=\"og:title\" content=\"IECEx - ICR TURKEY - tests and certification\" \/>\n<meta property=\"og:description\" content=\"\u00a0 Og\u00f3lno\u015bwiatowy system IECEx powsta\u0142 w celu u\u0142atwienie mi\u0119dzynarodowego handlu sprz\u0119tem i us\u0142ugami do u\u017cytku w atmosferach wybuchowych (urz\u0105dzenia\/wyroby Ex), przy zachowaniu wymaganego poziomu bezpiecze\u0144stwa. System ten zapewnia m.in.: \u00a0 ograniczenie koszt\u00f3w bada\u0144 i certyfikacji dla producenta; skr\u00f3cenie czasu procesu wprowadzania wyrobu na rynek; jedn\u0105, og\u00f3lnodost\u0119pn\u0105 mi\u0119dzynarodow\u0105 baz\u0119 danych wyrob\u00f3w Ex; jednolite kryteria oceny i&hellip;&nbsp;Read More &raquo;IECEx\" \/>\n<meta property=\"og:url\" content=\"https:\/\/icrturkey.com\/en\/iecex\/\" \/>\n<meta property=\"og:site_name\" content=\"ICR TURKEY - tests and certification\" \/>\n<meta property=\"article:modified_time\" content=\"2024-12-10T13:51:36+00:00\" \/>\n<meta property=\"og:image\" content=\"https:\/\/icrturkey.com\/wp-content\/uploads\/2019\/06\/IECEx_logo-e1733837645360.png\" \/>\n\t<meta property=\"og:image:width\" content=\"161\" \/>\n\t<meta property=\"og:image:height\" content=\"135\" \/>\n\t<meta property=\"og:image:type\" content=\"image\/png\" \/>\n<meta name=\"twitter:card\" content=\"summary_large_image\" \/>\n<meta name=\"twitter:label1\" content=\"Estimated reading time\" \/>\n\t<meta name=\"twitter:data1\" content=\"2 minutes\" \/>\n<script type=\"application\/ld+json\" class=\"yoast-schema-graph\">{\"@context\":\"https:\\\/\\\/schema.org\",\"@graph\":[{\"@type\":\"WebPage\",\"@id\":\"https:\\\/\\\/icrturkey.com\\\/iecex\\\/\",\"url\":\"https:\\\/\\\/icrturkey.com\\\/iecex\\\/\",\"name\":\"IECEx - ICR TURKEY - tests and certification\",\"isPartOf\":{\"@id\":\"https:\\\/\\\/icrturkey.com\\\/#website\"},\"primaryImageOfPage\":{\"@id\":\"https:\\\/\\\/icrturkey.com\\\/iecex\\\/#primaryimage\"},\"image\":{\"@id\":\"https:\\\/\\\/icrturkey.com\\\/iecex\\\/#primaryimage\"},\"thumbnailUrl\":\"https:\\\/\\\/icrturkey.com\\\/wp-content\\\/uploads\\\/2024\\\/12\\\/IECEx.png\",\"datePublished\":\"2019-06-03T10:35:35+00:00\",\"dateModified\":\"2024-12-10T13:51:36+00:00\",\"breadcrumb\":{\"@id\":\"https:\\\/\\\/icrturkey.com\\\/iecex\\\/#breadcrumb\"},\"inLanguage\":\"en-GB\",\"potentialAction\":[{\"@type\":\"ReadAction\",\"target\":[\"https:\\\/\\\/icrturkey.com\\\/iecex\\\/\"]}]},{\"@type\":\"ImageObject\",\"inLanguage\":\"en-GB\",\"@id\":\"https:\\\/\\\/icrturkey.com\\\/iecex\\\/#primaryimage\",\"url\":\"https:\\\/\\\/icrturkey.com\\\/wp-content\\\/uploads\\\/2024\\\/12\\\/IECEx.png\",\"contentUrl\":\"https:\\\/\\\/icrturkey.com\\\/wp-content\\\/uploads\\\/2024\\\/12\\\/IECEx.png\"},{\"@type\":\"BreadcrumbList\",\"@id\":\"https:\\\/\\\/icrturkey.com\\\/iecex\\\/#breadcrumb\",\"itemListElement\":[{\"@type\":\"ListItem\",\"position\":1,\"name\":\"Strona g\u0142\u00f3wna\",\"item\":\"https:\\\/\\\/icrturkey.com\\\/\"},{\"@type\":\"ListItem\",\"position\":2,\"name\":\"IECEx\"}]},{\"@type\":\"WebSite\",\"@id\":\"https:\\\/\\\/icrturkey.com\\\/#website\",\"url\":\"https:\\\/\\\/icrturkey.com\\\/\",\"name\":\"ICR TURKEY - tests and certification\",\"description\":\"CE certification, CE certificate, ISO certificate, RED testing, product testing and certification, electrical product testing, medical device testing, ATEX, IECEx, FCC, product certification, EMC testing, machinery certification, CE machines, training, electronic product testing, testing 2014\\\/53\\\/EU, drone certification, ISO 13485 certificate, ISO 9001 certificate, NC RfG\",\"publisher\":{\"@id\":\"https:\\\/\\\/icrturkey.com\\\/#\\\/schema\\\/person\\\/43aa01c7e4d61d03230a6e3e9d4e7ef2\"},\"potentialAction\":[{\"@type\":\"SearchAction\",\"target\":{\"@type\":\"EntryPoint\",\"urlTemplate\":\"https:\\\/\\\/icrturkey.com\\\/?s={search_term_string}\"},\"query-input\":{\"@type\":\"PropertyValueSpecification\",\"valueRequired\":true,\"valueName\":\"search_term_string\"}}],\"inLanguage\":\"en-GB\"},{\"@type\":[\"Person\",\"Organization\"],\"@id\":\"https:\\\/\\\/icrturkey.com\\\/#\\\/schema\\\/person\\\/43aa01c7e4d61d03230a6e3e9d4e7ef2\",\"name\":\"admin\",\"image\":{\"@type\":\"ImageObject\",\"inLanguage\":\"en-GB\",\"@id\":\"https:\\\/\\\/icrturkey.com\\\/wp-content\\\/uploads\\\/2019\\\/05\\\/cropped-logo-icr.32f04ad5-1-1.png\",\"url\":\"https:\\\/\\\/icrturkey.com\\\/wp-content\\\/uploads\\\/2019\\\/05\\\/cropped-logo-icr.32f04ad5-1-1.png\",\"contentUrl\":\"https:\\\/\\\/icrturkey.com\\\/wp-content\\\/uploads\\\/2019\\\/05\\\/cropped-logo-icr.32f04ad5-1-1.png\",\"width\":400,\"height\":148,\"caption\":\"admin\"},\"logo\":{\"@id\":\"https:\\\/\\\/icrturkey.com\\\/wp-content\\\/uploads\\\/2019\\\/05\\\/cropped-logo-icr.32f04ad5-1-1.png\"}}]}<\/script>\n<!-- \/ Yoast SEO plugin. -->","yoast_head_json":{"title":"IECEx - ICR TURKEY - tests and certification","robots":{"index":"index","follow":"follow","max-snippet":"max-snippet:-1","max-image-preview":"max-image-preview:large","max-video-preview":"max-video-preview:-1"},"canonical":"https:\/\/icrturkey.com\/en\/iecex\/","og_locale":"en_GB","og_type":"article","og_title":"IECEx - ICR TURKEY - tests and certification","og_description":"\u00a0 Og\u00f3lno\u015bwiatowy system IECEx powsta\u0142 w celu u\u0142atwienie mi\u0119dzynarodowego handlu sprz\u0119tem i us\u0142ugami do u\u017cytku w atmosferach wybuchowych (urz\u0105dzenia\/wyroby Ex), przy zachowaniu wymaganego poziomu bezpiecze\u0144stwa. System ten zapewnia m.in.: \u00a0 ograniczenie koszt\u00f3w bada\u0144 i certyfikacji dla producenta; skr\u00f3cenie czasu procesu wprowadzania wyrobu na rynek; jedn\u0105, og\u00f3lnodost\u0119pn\u0105 mi\u0119dzynarodow\u0105 baz\u0119 danych wyrob\u00f3w Ex; jednolite kryteria oceny i&hellip;&nbsp;Read More &raquo;IECEx","og_url":"https:\/\/icrturkey.com\/en\/iecex\/","og_site_name":"ICR TURKEY - tests and certification","article_modified_time":"2024-12-10T13:51:36+00:00","og_image":[{"width":161,"height":135,"url":"https:\/\/icrturkey.com\/wp-content\/uploads\/2019\/06\/IECEx_logo-e1733837645360.png","type":"image\/png"}],"twitter_card":"summary_large_image","twitter_misc":{"Estimated reading time":"2 minutes"},"schema":{"@context":"https:\/\/schema.org","@graph":[{"@type":"WebPage","@id":"https:\/\/icrturkey.com\/iecex\/","url":"https:\/\/icrturkey.com\/iecex\/","name":"IECEx - ICR TURKEY - tests and certification","isPartOf":{"@id":"https:\/\/icrturkey.com\/#website"},"primaryImageOfPage":{"@id":"https:\/\/icrturkey.com\/iecex\/#primaryimage"},"image":{"@id":"https:\/\/icrturkey.com\/iecex\/#primaryimage"},"thumbnailUrl":"https:\/\/icrturkey.com\/wp-content\/uploads\/2024\/12\/IECEx.png","datePublished":"2019-06-03T10:35:35+00:00","dateModified":"2024-12-10T13:51:36+00:00","breadcrumb":{"@id":"https:\/\/icrturkey.com\/iecex\/#breadcrumb"},"inLanguage":"en-GB","potentialAction":[{"@type":"ReadAction","target":["https:\/\/icrturkey.com\/iecex\/"]}]},{"@type":"ImageObject","inLanguage":"en-GB","@id":"https:\/\/icrturkey.com\/iecex\/#primaryimage","url":"https:\/\/icrturkey.com\/wp-content\/uploads\/2024\/12\/IECEx.png","contentUrl":"https:\/\/icrturkey.com\/wp-content\/uploads\/2024\/12\/IECEx.png"},{"@type":"BreadcrumbList","@id":"https:\/\/icrturkey.com\/iecex\/#breadcrumb","itemListElement":[{"@type":"ListItem","position":1,"name":"Strona g\u0142\u00f3wna","item":"https:\/\/icrturkey.com\/"},{"@type":"ListItem","position":2,"name":"IECEx"}]},{"@type":"WebSite","@id":"https:\/\/icrturkey.com\/#website","url":"https:\/\/icrturkey.com\/","name":"ICR TURKEY - tests and certification","description":"CE certification, CE certificate, ISO certificate, RED testing, product testing and certification, electrical product testing, medical device testing, ATEX, IECEx, FCC, product certification, EMC testing, machinery certification, CE machines, training, electronic product testing, testing 2014\/53\/EU, drone certification, ISO 13485 certificate, ISO 9001 certificate, NC RfG","publisher":{"@id":"https:\/\/icrturkey.com\/#\/schema\/person\/43aa01c7e4d61d03230a6e3e9d4e7ef2"},"potentialAction":[{"@type":"SearchAction","target":{"@type":"EntryPoint","urlTemplate":"https:\/\/icrturkey.com\/?s={search_term_string}"},"query-input":{"@type":"PropertyValueSpecification","valueRequired":true,"valueName":"search_term_string"}}],"inLanguage":"en-GB"},{"@type":["Person","Organization"],"@id":"https:\/\/icrturkey.com\/#\/schema\/person\/43aa01c7e4d61d03230a6e3e9d4e7ef2","name":"admin","image":{"@type":"ImageObject","inLanguage":"en-GB","@id":"https:\/\/icrturkey.com\/wp-content\/uploads\/2019\/05\/cropped-logo-icr.32f04ad5-1-1.png","url":"https:\/\/icrturkey.com\/wp-content\/uploads\/2019\/05\/cropped-logo-icr.32f04ad5-1-1.png","contentUrl":"https:\/\/icrturkey.com\/wp-content\/uploads\/2019\/05\/cropped-logo-icr.32f04ad5-1-1.png","width":400,"height":148,"caption":"admin"},"logo":{"@id":"https:\/\/icrturkey.com\/wp-content\/uploads\/2019\/05\/cropped-logo-icr.32f04ad5-1-1.png"}}]}},"_links":{"self":[{"href":"https:\/\/icrturkey.com\/en\/wp-json\/wp\/v2\/pages\/2430","targetHints":{"allow":["GET"]}}],"collection":[{"href":"https:\/\/icrturkey.com\/en\/wp-json\/wp\/v2\/pages"}],"about":[{"href":"https:\/\/icrturkey.com\/en\/wp-json\/wp\/v2\/types\/page"}],"author":[{"embeddable":true,"href":"https:\/\/icrturkey.com\/en\/wp-json\/wp\/v2\/users\/1"}],"replies":[{"embeddable":true,"href":"https:\/\/icrturkey.com\/en\/wp-json\/wp\/v2\/comments?post=2430"}],"version-history":[{"count":15,"href":"https:\/\/icrturkey.com\/en\/wp-json\/wp\/v2\/pages\/2430\/revisions"}],"predecessor-version":[{"id":14907,"href":"https:\/\/icrturkey.com\/en\/wp-json\/wp\/v2\/pages\/2430\/revisions\/14907"}],"wp:attachment":[{"href":"https:\/\/icrturkey.com\/en\/wp-json\/wp\/v2\/media?parent=2430"}],"curies":[{"name":"wp","href":"https:\/\/api.w.org\/{rel}","templated":true}]}}