{"id":2428,"date":"2019-06-03T12:35:18","date_gmt":"2019-06-03T10:35:18","guid":{"rendered":"http:\/\/nowa.icrpolska.com\/?page_id=2428"},"modified":"2023-04-04T14:55:37","modified_gmt":"2023-04-04T12:55:37","slug":"fcc","status":"publish","type":"page","link":"https:\/\/icrturkey.com\/en\/fcc\/","title":{"rendered":"FCC \/ ISED"},"content":{"rendered":"<p><img decoding=\"async\" class=\"alignleft wp-image-2682\" src=\"https:\/\/icrturkey.com\/wp-content\/uploads\/2019\/06\/FCC_New_Logo-300x252.png\" alt=\"FCC - Federal Communications Commission\" width=\"150\" height=\"126\" srcset=\"https:\/\/icrturkey.com\/wp-content\/uploads\/2019\/06\/FCC_New_Logo-300x252.png 300w, https:\/\/icrturkey.com\/wp-content\/uploads\/2019\/06\/FCC_New_Logo-768x645.png 768w, https:\/\/icrturkey.com\/wp-content\/uploads\/2019\/06\/FCC_New_Logo-1024x860.png 1024w, https:\/\/icrturkey.com\/wp-content\/uploads\/2019\/06\/FCC_New_Logo.png 1200w\" sizes=\"(max-width: 150px) 100vw, 150px\" \/><\/p>\n<p><strong>FCC<\/strong> \u2013 Federal Communications Commission - deals with the admission of communication devices such as radio, television, wireless network device, satellite communication devices for use in the US.<\/p>\n<p>The FCC has created criteria that determine the possibility of marking the FCC product and registration as an approved product.<\/p>\n<p>All radio devices are divided into the following groups:<\/p>\n<p>A: Unlicensed radio devices, incl:<\/p>\n<p>A1: Low power transmitters operating at frequencies below 1 GHz (except for scattering spectrum devices), alarm systems, devices emitting radio waves unintentionally (eg personal computers and associated peripherals and TV interface devices) and consumer ISM devices subject to certification (eg microwave ovens, RF lighting and other consumer ISM devices).<\/p>\n<p>A2: Low power transmitters operating at frequencies above 1 GHz, except for scattered spectrum devices.<\/p>\n<p>A4: Unlicensed national information infrastructure (UNII) devices and low power transmitters using distributed spectrum techniques.<\/p>\n<p>B: Licensed radio equipment.<\/p>\n<p>B1: Commercial mobile services in 47 CFR Parts 20, 22 (cellular), 24, 25 and 27.<\/p>\n<p>B2: General mobile radio services in 47 CFR parts 22 (non-cellular), 73, 74, 90, 95 and 97.<\/p>\n<p>ICR Poland, through the ICR laboratory, enables testing and then certification ending with obtaining an FCC Grant for products, required when placing them on the U.S. market.<\/p>\n<p>We also provide support for manufacturers during registration in the FCC system.<\/p>\n<hr \/>\n<p><img decoding=\"async\" class=\"wp-image-9514 alignleft\" src=\"https:\/\/icrturkey.com\/wp-content\/uploads\/2023\/04\/ca-flag-300x162.jpg\" alt=\"\" width=\"285\" height=\"154\" srcset=\"https:\/\/icrturkey.com\/wp-content\/uploads\/2023\/04\/ca-flag-300x162.jpg 300w, https:\/\/icrturkey.com\/wp-content\/uploads\/2023\/04\/ca-flag-1024x554.jpg 1024w, https:\/\/icrturkey.com\/wp-content\/uploads\/2023\/04\/ca-flag-768x415.jpg 768w, https:\/\/icrturkey.com\/wp-content\/uploads\/2023\/04\/ca-flag-1536x830.jpg 1536w, https:\/\/icrturkey.com\/wp-content\/uploads\/2023\/04\/ca-flag-2048x1107.jpg 2048w, https:\/\/icrturkey.com\/wp-content\/uploads\/2023\/04\/ca-flag-18x10.jpg 18w\" sizes=\"(max-width: 285px) 100vw, 285px\" \/><\/p>\n<p><strong>ISED<\/strong> \u2013 The Directorate of Regulatory Standards (DRS) of Innovation, Science and Economic Development Canada develops technical standards, regulations and procedures for radio, terminal and interference-causing equipment in Canada.<\/p>\n<p>ICR Poland, through the ICR laboratory, enables testing and then certification:<\/p>\n<p>\u2013 radio equipment according to RSS-xxx specification<\/p>\n<p>\u2013 interference causing devices in accordance with ICES-xxx specifications<\/p>\n<p>For more information, please contact us <a href=\"call: +48 22 115 70 62\">by phone<\/a> or <a href=\"mailto: icrpolska@icrpolska.com\">email<\/a>.<\/p>","protected":false},"excerpt":{"rendered":"<p>The FCC - Federal Communications Commission - is in charge of approving communication devices such as radio, television, wireless network equipment, satellite communication devices for use in the USA. The FCC has created criteria that determine whether a product can be labelled by the FCC and registered as an approved product. All radio equipment is divided into the following groups: A: Unlicensed radio devices, including.&nbsp;<a href=\"https:\/\/icrturkey.com\/en\/fcc\/\" rel=\"bookmark\">Read More \"<span class=\"screen-reader-text\">FCC \/ ISED<\/span><\/a><\/p>","protected":false},"author":1,"featured_media":0,"parent":0,"menu_order":0,"comment_status":"closed","ping_status":"closed","template":"","meta":{"neve_meta_sidebar":"","neve_meta_container":"","neve_meta_enable_content_width":"off","neve_meta_content_width":70,"neve_meta_title_alignment":"","neve_meta_author_avatar":"","neve_post_elements_order":"","neve_meta_disable_header":"","neve_meta_disable_footer":"","neve_meta_disable_title":"","footnotes":""},"class_list":["post-2428","page","type-page","status-publish","hentry"],"yoast_head":"<!-- This site is optimized with the Yoast SEO plugin v27.3 - https:\/\/yoast.com\/product\/yoast-seo-wordpress\/ -->\n<title>FCC \/ ISED - ICR TURKEY - tests and certification<\/title>\n<meta name=\"robots\" content=\"index, follow, max-snippet:-1, max-image-preview:large, max-video-preview:-1\" \/>\n<link rel=\"canonical\" href=\"https:\/\/icrturkey.com\/en\/fcc\/\" \/>\n<meta property=\"og:locale\" content=\"en_GB\" \/>\n<meta property=\"og:type\" content=\"article\" \/>\n<meta property=\"og:title\" content=\"FCC \/ ISED - ICR TURKEY - tests and certification\" \/>\n<meta property=\"og:description\" content=\"FCC \u2013 Federal Communications Commission \u2013 zajmuje si\u0119 dopuszczaniem urz\u0105dze\u0144 komunikacyjnych takich jak radio, telewizja, urz\u0105dzenie sieci bezprzewodowej, urz\u0105dzenia komunikacji satelitarnej do u\u017cytkowania na terenie USA. FCC stworzy\u0142a kryteria, kt\u00f3re warunkuj\u0105 mo\u017cliwo\u015b\u0107 oznakowania wyrobu FCC i rejestracji jako wyrobu dopuszczonego do obrotu. Wszystkie urz\u0105dzenie radiowe podzielono na nast\u0119puj\u0105ce grupy: A: Nielicencjonowane urz\u0105dzenia radiowe, w tym&hellip;&nbsp;Read More &raquo;FCC \/ ISED\" \/>\n<meta property=\"og:url\" content=\"https:\/\/icrturkey.com\/en\/fcc\/\" \/>\n<meta property=\"og:site_name\" content=\"ICR TURKEY - tests and certification\" \/>\n<meta property=\"article:modified_time\" content=\"2023-04-04T12:55:37+00:00\" \/>\n<meta property=\"og:image\" content=\"https:\/\/icrturkey.com\/wp-content\/uploads\/2019\/06\/FCC_New_Logo-300x252.png\" \/>\n<meta name=\"twitter:card\" content=\"summary_large_image\" \/>\n<meta name=\"twitter:label1\" content=\"Estimated reading time\" \/>\n\t<meta name=\"twitter:data1\" content=\"3 minutes\" \/>\n<script type=\"application\/ld+json\" class=\"yoast-schema-graph\">{\"@context\":\"https:\\\/\\\/schema.org\",\"@graph\":[{\"@type\":\"WebPage\",\"@id\":\"https:\\\/\\\/icrturkey.com\\\/fcc\\\/\",\"url\":\"https:\\\/\\\/icrturkey.com\\\/fcc\\\/\",\"name\":\"FCC \\\/ ISED - ICR TURKEY - tests and certification\",\"isPartOf\":{\"@id\":\"https:\\\/\\\/icrturkey.com\\\/#website\"},\"primaryImageOfPage\":{\"@id\":\"https:\\\/\\\/icrturkey.com\\\/fcc\\\/#primaryimage\"},\"image\":{\"@id\":\"https:\\\/\\\/icrturkey.com\\\/fcc\\\/#primaryimage\"},\"thumbnailUrl\":\"https:\\\/\\\/icrturkey.com\\\/wp-content\\\/uploads\\\/2019\\\/06\\\/FCC_New_Logo-300x252.png\",\"datePublished\":\"2019-06-03T10:35:18+00:00\",\"dateModified\":\"2023-04-04T12:55:37+00:00\",\"breadcrumb\":{\"@id\":\"https:\\\/\\\/icrturkey.com\\\/fcc\\\/#breadcrumb\"},\"inLanguage\":\"en-GB\",\"potentialAction\":[{\"@type\":\"ReadAction\",\"target\":[\"https:\\\/\\\/icrturkey.com\\\/fcc\\\/\"]}]},{\"@type\":\"ImageObject\",\"inLanguage\":\"en-GB\",\"@id\":\"https:\\\/\\\/icrturkey.com\\\/fcc\\\/#primaryimage\",\"url\":\"https:\\\/\\\/icrturkey.com\\\/wp-content\\\/uploads\\\/2019\\\/06\\\/FCC_New_Logo-300x252.png\",\"contentUrl\":\"https:\\\/\\\/icrturkey.com\\\/wp-content\\\/uploads\\\/2019\\\/06\\\/FCC_New_Logo-300x252.png\"},{\"@type\":\"BreadcrumbList\",\"@id\":\"https:\\\/\\\/icrturkey.com\\\/fcc\\\/#breadcrumb\",\"itemListElement\":[{\"@type\":\"ListItem\",\"position\":1,\"name\":\"Strona g\u0142\u00f3wna\",\"item\":\"https:\\\/\\\/icrturkey.com\\\/\"},{\"@type\":\"ListItem\",\"position\":2,\"name\":\"FCC \\\/ ISED\"}]},{\"@type\":\"WebSite\",\"@id\":\"https:\\\/\\\/icrturkey.com\\\/#website\",\"url\":\"https:\\\/\\\/icrturkey.com\\\/\",\"name\":\"ICR TURKEY - tests and certification\",\"description\":\"CE certification, CE certificate, ISO certificate, RED testing, product testing and certification, electrical product testing, medical device testing, ATEX, IECEx, FCC, product certification, EMC testing, machinery certification, CE machines, training, electronic product testing, testing 2014\\\/53\\\/EU, drone certification, ISO 13485 certificate, ISO 9001 certificate, NC RfG\",\"publisher\":{\"@id\":\"https:\\\/\\\/icrturkey.com\\\/#\\\/schema\\\/person\\\/43aa01c7e4d61d03230a6e3e9d4e7ef2\"},\"potentialAction\":[{\"@type\":\"SearchAction\",\"target\":{\"@type\":\"EntryPoint\",\"urlTemplate\":\"https:\\\/\\\/icrturkey.com\\\/?s={search_term_string}\"},\"query-input\":{\"@type\":\"PropertyValueSpecification\",\"valueRequired\":true,\"valueName\":\"search_term_string\"}}],\"inLanguage\":\"en-GB\"},{\"@type\":[\"Person\",\"Organization\"],\"@id\":\"https:\\\/\\\/icrturkey.com\\\/#\\\/schema\\\/person\\\/43aa01c7e4d61d03230a6e3e9d4e7ef2\",\"name\":\"admin\",\"image\":{\"@type\":\"ImageObject\",\"inLanguage\":\"en-GB\",\"@id\":\"https:\\\/\\\/icrturkey.com\\\/wp-content\\\/uploads\\\/2019\\\/05\\\/cropped-logo-icr.32f04ad5-1-1.png\",\"url\":\"https:\\\/\\\/icrturkey.com\\\/wp-content\\\/uploads\\\/2019\\\/05\\\/cropped-logo-icr.32f04ad5-1-1.png\",\"contentUrl\":\"https:\\\/\\\/icrturkey.com\\\/wp-content\\\/uploads\\\/2019\\\/05\\\/cropped-logo-icr.32f04ad5-1-1.png\",\"width\":400,\"height\":148,\"caption\":\"admin\"},\"logo\":{\"@id\":\"https:\\\/\\\/icrturkey.com\\\/wp-content\\\/uploads\\\/2019\\\/05\\\/cropped-logo-icr.32f04ad5-1-1.png\"}}]}<\/script>\n<!-- \/ Yoast SEO plugin. -->","yoast_head_json":{"title":"FCC \/ ISED - ICR TURKEY - tests and certification","robots":{"index":"index","follow":"follow","max-snippet":"max-snippet:-1","max-image-preview":"max-image-preview:large","max-video-preview":"max-video-preview:-1"},"canonical":"https:\/\/icrturkey.com\/en\/fcc\/","og_locale":"en_GB","og_type":"article","og_title":"FCC \/ ISED - ICR TURKEY - tests and certification","og_description":"FCC \u2013 Federal Communications Commission \u2013 zajmuje si\u0119 dopuszczaniem urz\u0105dze\u0144 komunikacyjnych takich jak radio, telewizja, urz\u0105dzenie sieci bezprzewodowej, urz\u0105dzenia komunikacji satelitarnej do u\u017cytkowania na terenie USA. FCC stworzy\u0142a kryteria, kt\u00f3re warunkuj\u0105 mo\u017cliwo\u015b\u0107 oznakowania wyrobu FCC i rejestracji jako wyrobu dopuszczonego do obrotu. Wszystkie urz\u0105dzenie radiowe podzielono na nast\u0119puj\u0105ce grupy: A: Nielicencjonowane urz\u0105dzenia radiowe, w tym&hellip;&nbsp;Read More &raquo;FCC \/ ISED","og_url":"https:\/\/icrturkey.com\/en\/fcc\/","og_site_name":"ICR TURKEY - tests and certification","article_modified_time":"2023-04-04T12:55:37+00:00","og_image":[{"url":"https:\/\/icrturkey.com\/wp-content\/uploads\/2019\/06\/FCC_New_Logo-300x252.png","type":"","width":"","height":""}],"twitter_card":"summary_large_image","twitter_misc":{"Estimated reading time":"3 minutes"},"schema":{"@context":"https:\/\/schema.org","@graph":[{"@type":"WebPage","@id":"https:\/\/icrturkey.com\/fcc\/","url":"https:\/\/icrturkey.com\/fcc\/","name":"FCC \/ ISED - ICR TURKEY - tests and certification","isPartOf":{"@id":"https:\/\/icrturkey.com\/#website"},"primaryImageOfPage":{"@id":"https:\/\/icrturkey.com\/fcc\/#primaryimage"},"image":{"@id":"https:\/\/icrturkey.com\/fcc\/#primaryimage"},"thumbnailUrl":"https:\/\/icrturkey.com\/wp-content\/uploads\/2019\/06\/FCC_New_Logo-300x252.png","datePublished":"2019-06-03T10:35:18+00:00","dateModified":"2023-04-04T12:55:37+00:00","breadcrumb":{"@id":"https:\/\/icrturkey.com\/fcc\/#breadcrumb"},"inLanguage":"en-GB","potentialAction":[{"@type":"ReadAction","target":["https:\/\/icrturkey.com\/fcc\/"]}]},{"@type":"ImageObject","inLanguage":"en-GB","@id":"https:\/\/icrturkey.com\/fcc\/#primaryimage","url":"https:\/\/icrturkey.com\/wp-content\/uploads\/2019\/06\/FCC_New_Logo-300x252.png","contentUrl":"https:\/\/icrturkey.com\/wp-content\/uploads\/2019\/06\/FCC_New_Logo-300x252.png"},{"@type":"BreadcrumbList","@id":"https:\/\/icrturkey.com\/fcc\/#breadcrumb","itemListElement":[{"@type":"ListItem","position":1,"name":"Strona g\u0142\u00f3wna","item":"https:\/\/icrturkey.com\/"},{"@type":"ListItem","position":2,"name":"FCC \/ ISED"}]},{"@type":"WebSite","@id":"https:\/\/icrturkey.com\/#website","url":"https:\/\/icrturkey.com\/","name":"ICR TURKEY - tests and certification","description":"CE certification, CE certificate, ISO certificate, RED testing, product testing and certification, electrical product testing, medical device testing, ATEX, IECEx, FCC, product certification, EMC testing, machinery certification, CE machines, training, electronic product testing, testing 2014\/53\/EU, drone certification, ISO 13485 certificate, ISO 9001 certificate, NC RfG","publisher":{"@id":"https:\/\/icrturkey.com\/#\/schema\/person\/43aa01c7e4d61d03230a6e3e9d4e7ef2"},"potentialAction":[{"@type":"SearchAction","target":{"@type":"EntryPoint","urlTemplate":"https:\/\/icrturkey.com\/?s={search_term_string}"},"query-input":{"@type":"PropertyValueSpecification","valueRequired":true,"valueName":"search_term_string"}}],"inLanguage":"en-GB"},{"@type":["Person","Organization"],"@id":"https:\/\/icrturkey.com\/#\/schema\/person\/43aa01c7e4d61d03230a6e3e9d4e7ef2","name":"admin","image":{"@type":"ImageObject","inLanguage":"en-GB","@id":"https:\/\/icrturkey.com\/wp-content\/uploads\/2019\/05\/cropped-logo-icr.32f04ad5-1-1.png","url":"https:\/\/icrturkey.com\/wp-content\/uploads\/2019\/05\/cropped-logo-icr.32f04ad5-1-1.png","contentUrl":"https:\/\/icrturkey.com\/wp-content\/uploads\/2019\/05\/cropped-logo-icr.32f04ad5-1-1.png","width":400,"height":148,"caption":"admin"},"logo":{"@id":"https:\/\/icrturkey.com\/wp-content\/uploads\/2019\/05\/cropped-logo-icr.32f04ad5-1-1.png"}}]}},"_links":{"self":[{"href":"https:\/\/icrturkey.com\/en\/wp-json\/wp\/v2\/pages\/2428","targetHints":{"allow":["GET"]}}],"collection":[{"href":"https:\/\/icrturkey.com\/en\/wp-json\/wp\/v2\/pages"}],"about":[{"href":"https:\/\/icrturkey.com\/en\/wp-json\/wp\/v2\/types\/page"}],"author":[{"embeddable":true,"href":"https:\/\/icrturkey.com\/en\/wp-json\/wp\/v2\/users\/1"}],"replies":[{"embeddable":true,"href":"https:\/\/icrturkey.com\/en\/wp-json\/wp\/v2\/comments?post=2428"}],"version-history":[{"count":15,"href":"https:\/\/icrturkey.com\/en\/wp-json\/wp\/v2\/pages\/2428\/revisions"}],"predecessor-version":[{"id":9522,"href":"https:\/\/icrturkey.com\/en\/wp-json\/wp\/v2\/pages\/2428\/revisions\/9522"}],"wp:attachment":[{"href":"https:\/\/icrturkey.com\/en\/wp-json\/wp\/v2\/media?parent=2428"}],"curies":[{"name":"wp","href":"https:\/\/api.w.org\/{rel}","templated":true}]}}