{"id":2017,"date":"2019-05-28T10:56:22","date_gmt":"2019-05-28T10:56:22","guid":{"rendered":"http:\/\/icrpolska.e-ksperci.pl\/?page_id=2017"},"modified":"2024-03-26T11:59:34","modified_gmt":"2024-03-26T10:59:34","slug":"md-2006-42-we-bezpieczenstwo-maszyn","status":"publish","type":"page","link":"https:\/\/icrturkey.com\/en\/certyfikacja-wyrobow\/md-2006-42-we-bezpieczenstwo-maszyn\/","title":{"rendered":"MD 2006\/42\/EC \u2013 Machinery Safety"},"content":{"rendered":"<p><span style=\"font-weight: 400;\">The mandatory conformity assessment program within the scope of the Machinery Directive covers products listed in Annex IV of the Directive. These include:<\/span><\/p>\n<ul>\n<li style=\"font-weight: 400;\"><span style=\"font-weight: 400;\">Mechanical, hydraulic and pneumatic presses, including press brakes, for cold metal working;<\/span><\/li>\n<li style=\"font-weight: 400;\"><span style=\"font-weight: 400;\">Injection molding machines or presses for plastic products, with manual feeding or receiving;<\/span><\/li>\n<li style=\"font-weight: 400;\"><span style=\"font-weight: 400;\">Injection molding machines or presses for rubber products, with manual feeding or receiving;<\/span><\/li>\n<li style=\"font-weight: 400;\"><span style=\"font-weight: 400;\">Circular saws, band saws;<\/span><\/li>\n<li style=\"font-weight: 400;\"><span style=\"font-weight: 400;\">planing machines<\/span><\/li>\n<li style=\"font-weight: 400;\"><span style=\"font-weight: 400;\">milling machines<\/span><\/li>\n<li style=\"font-weight: 400;\"><span style=\"font-weight: 400;\">Lifts for servicing vehicles;<\/span><\/li>\n<li style=\"font-weight: 400;\"><span style=\"font-weight: 400;\">Devices for the lifting of persons or of persons and goods involving a hazard of falling from a vertical height of more than three metres<\/span><\/li>\n<\/ul>\n<p><span style=\"font-weight: 400;\">as well as:<\/span><\/p>\n<ul>\n<li style=\"font-weight: 400;\"><span style=\"font-weight: 400;\">Protective devices designed to detect the presence of persons;<\/span><\/li>\n<li style=\"font-weight: 400;\"><span style=\"font-weight: 400;\">Logic units to ensure safety functions.<\/span><\/li>\n<\/ul>\n<p><span style=\"font-weight: 400;\">A summary of the positive mandatory assessment of a product within the scope of the Machinery Directive is the issuance of an EC Type Examination Certificate.<\/span><\/p>\n<p><strong>More:<\/strong><\/p>\n<p><a href=\"https:\/\/icrturkey.com\/wp-content\/uploads\/2019\/06\/Program-oceny-zgodno\u015bci-w-zakresie-MD.pdf\" target=\"_blank\" rel=\"noopener noreferrer\"><img decoding=\"async\" class=\"wp-image-2679 alignnone\" src=\"https:\/\/icrturkey.com\/wp-content\/uploads\/2019\/06\/adobe.jpg\" alt=\"\" width=\"20\" height=\"21\" srcset=\"https:\/\/icrturkey.com\/wp-content\/uploads\/2019\/06\/adobe.jpg 218w, https:\/\/icrturkey.com\/wp-content\/uploads\/2019\/06\/adobe-150x150.jpg 150w\" sizes=\"(max-width: 20px) 100vw, 20px\" \/><\/a><a href=\"https:\/\/icrturkey.com\/wp-content\/uploads\/2021\/01\/PC-P-07-03_16.pdf\" target=\"_blank\" rel=\"noopener noreferrer\">\u00a0Program of mandatory assessment on MD (2006\/42\/EC)<\/a><a href=\"https:\/\/icrturkey.com\/wp-content\/uploads\/2020\/10\/PC-P-07-03_Program_MD15.pdf\" target=\"_blank\" rel=\"noopener noreferrer\"> + <\/a><a href=\"https:\/\/icrturkey.com\/wp-content\/uploads\/2023\/11\/F-P-07-36_05a_MD.pdf\" target=\"_blank\" rel=\"noopener noreferrer\">list of technical specifications<\/a><\/p>\n<p><a href=\"https:\/\/icrturkey.com\/wp-content\/uploads\/2019\/06\/Wniosek-o-certyfikacj\u0119-systemu.docx\"><img decoding=\"async\" class=\"alignnone wp-image-2678\" src=\"https:\/\/icrturkey.com\/wp-content\/uploads\/2019\/06\/word.jpg\" alt=\"\" width=\"20\" height=\"20\" srcset=\"https:\/\/icrturkey.com\/wp-content\/uploads\/2019\/06\/word.jpg 208w, https:\/\/icrturkey.com\/wp-content\/uploads\/2019\/06\/word-150x150.jpg 150w\" sizes=\"(max-width: 20px) 100vw, 20px\" \/><\/a><a href=\"https:\/\/icrturkey.com\/wp-content\/uploads\/2024\/03\/F-P-07-02_9.docx\" target=\"_blank\" rel=\"noopener noreferrer\">\u00a0Wniosek_Application_Mandatory Assessment<\/a><\/p>","protected":false},"excerpt":{"rendered":"<p>The mandatory conformity assessment programme for the Machinery Directive covers the products listed in Annex IV of the Directive. These include: Mechanical, hydraulic and pneumatic presses, including press brakes, for the cold working of metals; Injection moulding machines or presses for plastics, with manual loading or unloading; Injection moulding machines or presses for rubber products, with manual loading or unloading;....&nbsp;<a href=\"https:\/\/icrturkey.com\/en\/certyfikacja-wyrobow\/md-2006-42-we-bezpieczenstwo-maszyn\/\" rel=\"bookmark\">Read More \"<span class=\"screen-reader-text\">MD 2006\/42\/EC \u2013 Machinery Safety<\/span><\/a><\/p>","protected":false},"author":1,"featured_media":1147,"parent":211,"menu_order":0,"comment_status":"closed","ping_status":"closed","template":"","meta":{"neve_meta_sidebar":"","neve_meta_container":"","neve_meta_enable_content_width":"off","neve_meta_content_width":70,"neve_meta_title_alignment":"","neve_meta_author_avatar":"","neve_post_elements_order":"","neve_meta_disable_header":"","neve_meta_disable_footer":"","neve_meta_disable_title":"","footnotes":""},"class_list":["post-2017","page","type-page","status-publish","has-post-thumbnail","hentry"],"yoast_head":"<!-- This site is optimized with the Yoast SEO plugin v27.3 - https:\/\/yoast.com\/product\/yoast-seo-wordpress\/ -->\n<title>MD 2006\/42\/WE \u2013 bezpiecze\u0144stwo maszyn - ICR TURKEY - tests and certification<\/title>\n<meta name=\"robots\" content=\"index, follow, max-snippet:-1, max-image-preview:large, max-video-preview:-1\" \/>\n<link rel=\"canonical\" href=\"https:\/\/icrturkey.com\/en\/certyfikacja-wyrobow\/md-2006-42-we-bezpieczenstwo-maszyn\/\" \/>\n<meta property=\"og:locale\" content=\"en_GB\" \/>\n<meta property=\"og:type\" content=\"article\" \/>\n<meta property=\"og:title\" content=\"MD 2006\/42\/WE \u2013 bezpiecze\u0144stwo maszyn - ICR TURKEY - tests and certification\" \/>\n<meta property=\"og:description\" content=\"Programem obowi\u0105zkowej oceny zgodno\u015bci w zakresie dyrektywy maszynowej obj\u0119te s\u0105 wyroby wymienione w Za\u0142\u0105czniku IV Dyrektywy. S\u0105 to m.in.: Prasy mechaniczne, hydrauliczne i pneumatyczne, w tym prasy kraw\u0119dziowe, do obr\u00f3bki metali na zimno; Wtryskarki lub prasy do tworzyw sztucznych, z r\u0119cznym podawaniem lub odbieraniem; Wtryskarki lub prasy do wyrob\u00f3w gumowych, z r\u0119cznym podawaniem lub odbieraniem;&hellip;&nbsp;Read More &raquo;MD 2006\/42\/WE \u2013 bezpiecze\u0144stwo maszyn\" \/>\n<meta property=\"og:url\" content=\"https:\/\/icrturkey.com\/en\/certyfikacja-wyrobow\/md-2006-42-we-bezpieczenstwo-maszyn\/\" \/>\n<meta property=\"og:site_name\" content=\"ICR TURKEY - tests and certification\" \/>\n<meta property=\"article:modified_time\" content=\"2024-03-26T10:59:34+00:00\" \/>\n<meta name=\"twitter:card\" content=\"summary_large_image\" \/>\n<meta name=\"twitter:label1\" content=\"Estimated reading time\" \/>\n\t<meta name=\"twitter:data1\" content=\"2 minutes\" \/>\n<script type=\"application\/ld+json\" class=\"yoast-schema-graph\">{\"@context\":\"https:\\\/\\\/schema.org\",\"@graph\":[{\"@type\":\"WebPage\",\"@id\":\"https:\\\/\\\/icrturkey.com\\\/certyfikacja-wyrobow\\\/md-2006-42-we-bezpieczenstwo-maszyn\\\/\",\"url\":\"https:\\\/\\\/icrturkey.com\\\/certyfikacja-wyrobow\\\/md-2006-42-we-bezpieczenstwo-maszyn\\\/\",\"name\":\"MD 2006\\\/42\\\/WE \u2013 bezpiecze\u0144stwo maszyn - ICR TURKEY - tests and certification\",\"isPartOf\":{\"@id\":\"https:\\\/\\\/icrturkey.com\\\/#website\"},\"primaryImageOfPage\":{\"@id\":\"https:\\\/\\\/icrturkey.com\\\/certyfikacja-wyrobow\\\/md-2006-42-we-bezpieczenstwo-maszyn\\\/#primaryimage\"},\"image\":{\"@id\":\"https:\\\/\\\/icrturkey.com\\\/certyfikacja-wyrobow\\\/md-2006-42-we-bezpieczenstwo-maszyn\\\/#primaryimage\"},\"thumbnailUrl\":\"\",\"datePublished\":\"2019-05-28T10:56:22+00:00\",\"dateModified\":\"2024-03-26T10:59:34+00:00\",\"breadcrumb\":{\"@id\":\"https:\\\/\\\/icrturkey.com\\\/certyfikacja-wyrobow\\\/md-2006-42-we-bezpieczenstwo-maszyn\\\/#breadcrumb\"},\"inLanguage\":\"en-GB\",\"potentialAction\":[{\"@type\":\"ReadAction\",\"target\":[\"https:\\\/\\\/icrturkey.com\\\/certyfikacja-wyrobow\\\/md-2006-42-we-bezpieczenstwo-maszyn\\\/\"]}]},{\"@type\":\"ImageObject\",\"inLanguage\":\"en-GB\",\"@id\":\"https:\\\/\\\/icrturkey.com\\\/certyfikacja-wyrobow\\\/md-2006-42-we-bezpieczenstwo-maszyn\\\/#primaryimage\",\"url\":\"\",\"contentUrl\":\"\"},{\"@type\":\"BreadcrumbList\",\"@id\":\"https:\\\/\\\/icrturkey.com\\\/certyfikacja-wyrobow\\\/md-2006-42-we-bezpieczenstwo-maszyn\\\/#breadcrumb\",\"itemListElement\":[{\"@type\":\"ListItem\",\"position\":1,\"name\":\"Strona g\u0142\u00f3wna\",\"item\":\"https:\\\/\\\/icrturkey.com\\\/\"},{\"@type\":\"ListItem\",\"position\":2,\"name\":\"Certyfikacja wyrob\u00f3w\",\"item\":\"https:\\\/\\\/icrturkey.com\\\/certyfikacja-wyrobow\\\/\"},{\"@type\":\"ListItem\",\"position\":3,\"name\":\"MD 2006\\\/42\\\/WE \u2013 bezpiecze\u0144stwo maszyn\"}]},{\"@type\":\"WebSite\",\"@id\":\"https:\\\/\\\/icrturkey.com\\\/#website\",\"url\":\"https:\\\/\\\/icrturkey.com\\\/\",\"name\":\"ICR TURKEY - tests and certification\",\"description\":\"CE certification, CE certificate, ISO certificate, RED testing, product testing and certification, electrical product testing, medical device testing, ATEX, IECEx, FCC, product certification, EMC testing, machinery certification, CE machines, training, electronic product testing, testing 2014\\\/53\\\/EU, drone certification, ISO 13485 certificate, ISO 9001 certificate, NC RfG\",\"publisher\":{\"@id\":\"https:\\\/\\\/icrturkey.com\\\/#\\\/schema\\\/person\\\/43aa01c7e4d61d03230a6e3e9d4e7ef2\"},\"potentialAction\":[{\"@type\":\"SearchAction\",\"target\":{\"@type\":\"EntryPoint\",\"urlTemplate\":\"https:\\\/\\\/icrturkey.com\\\/?s={search_term_string}\"},\"query-input\":{\"@type\":\"PropertyValueSpecification\",\"valueRequired\":true,\"valueName\":\"search_term_string\"}}],\"inLanguage\":\"en-GB\"},{\"@type\":[\"Person\",\"Organization\"],\"@id\":\"https:\\\/\\\/icrturkey.com\\\/#\\\/schema\\\/person\\\/43aa01c7e4d61d03230a6e3e9d4e7ef2\",\"name\":\"admin\",\"image\":{\"@type\":\"ImageObject\",\"inLanguage\":\"en-GB\",\"@id\":\"https:\\\/\\\/icrturkey.com\\\/wp-content\\\/uploads\\\/2019\\\/05\\\/cropped-logo-icr.32f04ad5-1-1.png\",\"url\":\"https:\\\/\\\/icrturkey.com\\\/wp-content\\\/uploads\\\/2019\\\/05\\\/cropped-logo-icr.32f04ad5-1-1.png\",\"contentUrl\":\"https:\\\/\\\/icrturkey.com\\\/wp-content\\\/uploads\\\/2019\\\/05\\\/cropped-logo-icr.32f04ad5-1-1.png\",\"width\":400,\"height\":148,\"caption\":\"admin\"},\"logo\":{\"@id\":\"https:\\\/\\\/icrturkey.com\\\/wp-content\\\/uploads\\\/2019\\\/05\\\/cropped-logo-icr.32f04ad5-1-1.png\"}}]}<\/script>\n<!-- \/ Yoast SEO plugin. -->","yoast_head_json":{"title":"MD 2006\/42\/EC - Safety of machinery - ICR TURKEY - tests and certification","robots":{"index":"index","follow":"follow","max-snippet":"max-snippet:-1","max-image-preview":"max-image-preview:large","max-video-preview":"max-video-preview:-1"},"canonical":"https:\/\/icrturkey.com\/en\/certyfikacja-wyrobow\/md-2006-42-we-bezpieczenstwo-maszyn\/","og_locale":"en_GB","og_type":"article","og_title":"MD 2006\/42\/WE \u2013 bezpiecze\u0144stwo maszyn - ICR TURKEY - tests and certification","og_description":"Programem obowi\u0105zkowej oceny zgodno\u015bci w zakresie dyrektywy maszynowej obj\u0119te s\u0105 wyroby wymienione w Za\u0142\u0105czniku IV Dyrektywy. S\u0105 to m.in.: Prasy mechaniczne, hydrauliczne i pneumatyczne, w tym prasy kraw\u0119dziowe, do obr\u00f3bki metali na zimno; Wtryskarki lub prasy do tworzyw sztucznych, z r\u0119cznym podawaniem lub odbieraniem; Wtryskarki lub prasy do wyrob\u00f3w gumowych, z r\u0119cznym podawaniem lub odbieraniem;&hellip;&nbsp;Read More &raquo;MD 2006\/42\/WE \u2013 bezpiecze\u0144stwo maszyn","og_url":"https:\/\/icrturkey.com\/en\/certyfikacja-wyrobow\/md-2006-42-we-bezpieczenstwo-maszyn\/","og_site_name":"ICR TURKEY - tests and certification","article_modified_time":"2024-03-26T10:59:34+00:00","twitter_card":"summary_large_image","twitter_misc":{"Estimated reading time":"2 minutes"},"schema":{"@context":"https:\/\/schema.org","@graph":[{"@type":"WebPage","@id":"https:\/\/icrturkey.com\/certyfikacja-wyrobow\/md-2006-42-we-bezpieczenstwo-maszyn\/","url":"https:\/\/icrturkey.com\/certyfikacja-wyrobow\/md-2006-42-we-bezpieczenstwo-maszyn\/","name":"MD 2006\/42\/EC - Safety of machinery - ICR TURKEY - tests and certification","isPartOf":{"@id":"https:\/\/icrturkey.com\/#website"},"primaryImageOfPage":{"@id":"https:\/\/icrturkey.com\/certyfikacja-wyrobow\/md-2006-42-we-bezpieczenstwo-maszyn\/#primaryimage"},"image":{"@id":"https:\/\/icrturkey.com\/certyfikacja-wyrobow\/md-2006-42-we-bezpieczenstwo-maszyn\/#primaryimage"},"thumbnailUrl":"","datePublished":"2019-05-28T10:56:22+00:00","dateModified":"2024-03-26T10:59:34+00:00","breadcrumb":{"@id":"https:\/\/icrturkey.com\/certyfikacja-wyrobow\/md-2006-42-we-bezpieczenstwo-maszyn\/#breadcrumb"},"inLanguage":"en-GB","potentialAction":[{"@type":"ReadAction","target":["https:\/\/icrturkey.com\/certyfikacja-wyrobow\/md-2006-42-we-bezpieczenstwo-maszyn\/"]}]},{"@type":"ImageObject","inLanguage":"en-GB","@id":"https:\/\/icrturkey.com\/certyfikacja-wyrobow\/md-2006-42-we-bezpieczenstwo-maszyn\/#primaryimage","url":"","contentUrl":""},{"@type":"BreadcrumbList","@id":"https:\/\/icrturkey.com\/certyfikacja-wyrobow\/md-2006-42-we-bezpieczenstwo-maszyn\/#breadcrumb","itemListElement":[{"@type":"ListItem","position":1,"name":"Strona g\u0142\u00f3wna","item":"https:\/\/icrturkey.com\/"},{"@type":"ListItem","position":2,"name":"Certyfikacja wyrob\u00f3w","item":"https:\/\/icrturkey.com\/certyfikacja-wyrobow\/"},{"@type":"ListItem","position":3,"name":"MD 2006\/42\/WE \u2013 bezpiecze\u0144stwo maszyn"}]},{"@type":"WebSite","@id":"https:\/\/icrturkey.com\/#website","url":"https:\/\/icrturkey.com\/","name":"ICR TURKEY - tests and certification","description":"CE certification, CE certificate, ISO certificate, RED testing, product testing and certification, electrical product testing, medical device testing, ATEX, IECEx, FCC, product certification, EMC testing, machinery certification, CE machines, training, electronic product testing, testing 2014\/53\/EU, drone certification, ISO 13485 certificate, ISO 9001 certificate, NC RfG","publisher":{"@id":"https:\/\/icrturkey.com\/#\/schema\/person\/43aa01c7e4d61d03230a6e3e9d4e7ef2"},"potentialAction":[{"@type":"SearchAction","target":{"@type":"EntryPoint","urlTemplate":"https:\/\/icrturkey.com\/?s={search_term_string}"},"query-input":{"@type":"PropertyValueSpecification","valueRequired":true,"valueName":"search_term_string"}}],"inLanguage":"en-GB"},{"@type":["Person","Organization"],"@id":"https:\/\/icrturkey.com\/#\/schema\/person\/43aa01c7e4d61d03230a6e3e9d4e7ef2","name":"admin","image":{"@type":"ImageObject","inLanguage":"en-GB","@id":"https:\/\/icrturkey.com\/wp-content\/uploads\/2019\/05\/cropped-logo-icr.32f04ad5-1-1.png","url":"https:\/\/icrturkey.com\/wp-content\/uploads\/2019\/05\/cropped-logo-icr.32f04ad5-1-1.png","contentUrl":"https:\/\/icrturkey.com\/wp-content\/uploads\/2019\/05\/cropped-logo-icr.32f04ad5-1-1.png","width":400,"height":148,"caption":"admin"},"logo":{"@id":"https:\/\/icrturkey.com\/wp-content\/uploads\/2019\/05\/cropped-logo-icr.32f04ad5-1-1.png"}}]}},"_links":{"self":[{"href":"https:\/\/icrturkey.com\/en\/wp-json\/wp\/v2\/pages\/2017","targetHints":{"allow":["GET"]}}],"collection":[{"href":"https:\/\/icrturkey.com\/en\/wp-json\/wp\/v2\/pages"}],"about":[{"href":"https:\/\/icrturkey.com\/en\/wp-json\/wp\/v2\/types\/page"}],"author":[{"embeddable":true,"href":"https:\/\/icrturkey.com\/en\/wp-json\/wp\/v2\/users\/1"}],"replies":[{"embeddable":true,"href":"https:\/\/icrturkey.com\/en\/wp-json\/wp\/v2\/comments?post=2017"}],"version-history":[{"count":11,"href":"https:\/\/icrturkey.com\/en\/wp-json\/wp\/v2\/pages\/2017\/revisions"}],"predecessor-version":[{"id":12968,"href":"https:\/\/icrturkey.com\/en\/wp-json\/wp\/v2\/pages\/2017\/revisions\/12968"}],"up":[{"embeddable":true,"href":"https:\/\/icrturkey.com\/en\/wp-json\/wp\/v2\/pages\/211"}],"wp:featuredmedia":[{"embeddable":true,"href":"https:\/\/icrturkey.com\/en\/wp-json\/"}],"wp:attachment":[{"href":"https:\/\/icrturkey.com\/en\/wp-json\/wp\/v2\/media?parent=2017"}],"curies":[{"name":"wp","href":"https:\/\/api.w.org\/{rel}","templated":true}]}}