{"id":1945,"date":"2019-05-22T19:08:36","date_gmt":"2019-05-22T19:08:36","guid":{"rendered":"http:\/\/icrpolska.e-ksperci.pl\/?page_id=1945"},"modified":"2022-09-07T23:06:54","modified_gmt":"2022-09-07T21:06:54","slug":"iso-45001-system-zarzadzania-bezpieczenstwem-i-higiena-pracy","status":"publish","type":"page","link":"https:\/\/icrturkey.com\/en\/certyfikacja-systemow\/iso-45001-system-zarzadzania-bezpieczenstwem-i-higiena-pracy\/","title":{"rendered":"ISO 45001 Occupational Health and Safety Management System"},"content":{"rendered":"<br \/>\n<h2>What is ISO 45001?<\/h2>\n<p class=\"translation-block\"><strong> ISO 45001 <\/strong> (Occupational Health and Safety Management System) is a management system that is designed to anticipate and prevent health and safety risks for employees that may occur in the workplace. The system improves and manages elements related to the safety and hygiene of employees<\/p>\n<h4>Benefits of ISO 45001:<\/h4>\n<ul>\n<li>Ability to actively deal with international trends<\/li>\n<li>Elimination of barriers in international trade related to occupational health and safety in order to facilitate entering the foreign market<\/li>\n<li>The guarantee of freeing yourself from international pressure groups such as ILO and others<\/li>\n<li>Easy construction of an integrated system with the ISO 9001 and ISO 14001 standards, with a similar structure and the possibility of introducing effective quality \/ environmental \/ safety management systems<\/li>\n<li>Aspects of safety and hygiene<\/li>\n<li>Significant reduction of the number of accidents through continuous management \/ prevention of potential hazards in the workplace, aimed at protecting life and property<\/li>\n<li>The financial benefits<\/li>\n<li>Benefits from reducing accident costs by reducing the number of accidents<\/li>\n<li>Stability of investments for interested parties<\/li>\n<li>Ability to deal with social pressure<\/li>\n<li>Meeting social expectations related to increased security<\/li>\n<li>Increased stability in work management<\/li>\n<li>Enhanced statutory and regulatory provisions<\/li>\n<li>Ability to actively deal with local and international regulations and regulations<\/li>\n<li>Strengthened monitoring of international work communities<\/li>\n<\/ul>","protected":false},"excerpt":{"rendered":"<p>What is ISO 45001? ISO 45001 (Occupational Health and Safety Management System) is a management system that is designed to predict and prevent risks to employee health and safety that may occur in the workplace. The system improves and manages elements related to the health and safety of employees Benefits of ISO 45001: Ability to proactively deal...&nbsp;<a href=\"https:\/\/icrturkey.com\/en\/certyfikacja-systemow\/iso-45001-system-zarzadzania-bezpieczenstwem-i-higiena-pracy\/\" rel=\"bookmark\">Read More \"<span class=\"screen-reader-text\">ISO 45001 Occupational Health and Safety Management System<\/span><\/a><\/p>","protected":false},"author":1,"featured_media":1065,"parent":162,"menu_order":0,"comment_status":"closed","ping_status":"closed","template":"","meta":{"neve_meta_sidebar":"","neve_meta_container":"","neve_meta_enable_content_width":"off","neve_meta_content_width":70,"neve_meta_title_alignment":"","neve_meta_author_avatar":"","neve_post_elements_order":"","neve_meta_disable_header":"","neve_meta_disable_footer":"","neve_meta_disable_title":"","footnotes":""},"class_list":["post-1945","page","type-page","status-publish","has-post-thumbnail","hentry"],"yoast_head":"<!-- This site is optimized with the Yoast SEO plugin v27.3 - https:\/\/yoast.com\/product\/yoast-seo-wordpress\/ -->\n<title>ISO 45001 System Zarz\u0105dzania Bezpiecze\u0144stwem i Higien\u0105 Pracy - ICR TURKEY - tests and certification<\/title>\n<meta name=\"robots\" content=\"index, follow, max-snippet:-1, max-image-preview:large, max-video-preview:-1\" \/>\n<link rel=\"canonical\" href=\"https:\/\/icrturkey.com\/en\/certyfikacja-systemow\/iso-45001-system-zarzadzania-bezpieczenstwem-i-higiena-pracy\/\" \/>\n<meta property=\"og:locale\" content=\"en_GB\" \/>\n<meta property=\"og:type\" content=\"article\" \/>\n<meta property=\"og:title\" content=\"ISO 45001 System Zarz\u0105dzania Bezpiecze\u0144stwem i Higien\u0105 Pracy - ICR TURKEY - tests and certification\" \/>\n<meta property=\"og:description\" content=\"Czym jest ISO 45001? ISO 45001 (System Zarz\u0105dzania Bezpiecze\u0144stwem i Higien\u0105 Pracy) to system zarz\u0105dzania, kt\u00f3ry ma za zadanie przewidzie\u0107 zagro\u017cenia dla zdrowia i bezpiecze\u0144stwa pracownik\u00f3w, mog\u0105ce wyst\u0105pi\u0107 w miejscu pracy oraz zapobiec im. System poprawia oraz zarz\u0105dza elementami zwi\u0105zanymi z bezpiecze\u0144stwem i higien\u0105 pracy pracownik\u00f3w Korzy\u015bci wynikaj\u0105ce z ISO 45001: Zdolno\u015b\u0107 do aktywnego radzenia&hellip;&nbsp;Read More &raquo;ISO 45001 System Zarz\u0105dzania Bezpiecze\u0144stwem i Higien\u0105 Pracy\" \/>\n<meta property=\"og:url\" content=\"https:\/\/icrturkey.com\/en\/certyfikacja-systemow\/iso-45001-system-zarzadzania-bezpieczenstwem-i-higiena-pracy\/\" \/>\n<meta property=\"og:site_name\" content=\"ICR TURKEY - tests and certification\" \/>\n<meta property=\"article:modified_time\" content=\"2022-09-07T21:06:54+00:00\" \/>\n<meta name=\"twitter:card\" content=\"summary_large_image\" \/>\n<meta name=\"twitter:label1\" content=\"Estimated reading time\" \/>\n\t<meta name=\"twitter:data1\" content=\"2 minutes\" \/>\n<script type=\"application\/ld+json\" class=\"yoast-schema-graph\">{\"@context\":\"https:\\\/\\\/schema.org\",\"@graph\":[{\"@type\":\"WebPage\",\"@id\":\"https:\\\/\\\/icrturkey.com\\\/certyfikacja-systemow\\\/iso-45001-system-zarzadzania-bezpieczenstwem-i-higiena-pracy\\\/\",\"url\":\"https:\\\/\\\/icrturkey.com\\\/certyfikacja-systemow\\\/iso-45001-system-zarzadzania-bezpieczenstwem-i-higiena-pracy\\\/\",\"name\":\"ISO 45001 System Zarz\u0105dzania Bezpiecze\u0144stwem i Higien\u0105 Pracy - ICR TURKEY - tests and certification\",\"isPartOf\":{\"@id\":\"https:\\\/\\\/icrturkey.com\\\/#website\"},\"primaryImageOfPage\":{\"@id\":\"https:\\\/\\\/icrturkey.com\\\/certyfikacja-systemow\\\/iso-45001-system-zarzadzania-bezpieczenstwem-i-higiena-pracy\\\/#primaryimage\"},\"image\":{\"@id\":\"https:\\\/\\\/icrturkey.com\\\/certyfikacja-systemow\\\/iso-45001-system-zarzadzania-bezpieczenstwem-i-higiena-pracy\\\/#primaryimage\"},\"thumbnailUrl\":\"\",\"datePublished\":\"2019-05-22T19:08:36+00:00\",\"dateModified\":\"2022-09-07T21:06:54+00:00\",\"breadcrumb\":{\"@id\":\"https:\\\/\\\/icrturkey.com\\\/certyfikacja-systemow\\\/iso-45001-system-zarzadzania-bezpieczenstwem-i-higiena-pracy\\\/#breadcrumb\"},\"inLanguage\":\"en-GB\",\"potentialAction\":[{\"@type\":\"ReadAction\",\"target\":[\"https:\\\/\\\/icrturkey.com\\\/certyfikacja-systemow\\\/iso-45001-system-zarzadzania-bezpieczenstwem-i-higiena-pracy\\\/\"]}]},{\"@type\":\"ImageObject\",\"inLanguage\":\"en-GB\",\"@id\":\"https:\\\/\\\/icrturkey.com\\\/certyfikacja-systemow\\\/iso-45001-system-zarzadzania-bezpieczenstwem-i-higiena-pracy\\\/#primaryimage\",\"url\":\"\",\"contentUrl\":\"\"},{\"@type\":\"BreadcrumbList\",\"@id\":\"https:\\\/\\\/icrturkey.com\\\/certyfikacja-systemow\\\/iso-45001-system-zarzadzania-bezpieczenstwem-i-higiena-pracy\\\/#breadcrumb\",\"itemListElement\":[{\"@type\":\"ListItem\",\"position\":1,\"name\":\"Strona g\u0142\u00f3wna\",\"item\":\"https:\\\/\\\/icrturkey.com\\\/\"},{\"@type\":\"ListItem\",\"position\":2,\"name\":\"Certyfikacja system\u00f3w ISO\",\"item\":\"https:\\\/\\\/icrturkey.com\\\/certyfikacja-systemow\\\/\"},{\"@type\":\"ListItem\",\"position\":3,\"name\":\"ISO 45001 System Zarz\u0105dzania Bezpiecze\u0144stwem i Higien\u0105 Pracy\"}]},{\"@type\":\"WebSite\",\"@id\":\"https:\\\/\\\/icrturkey.com\\\/#website\",\"url\":\"https:\\\/\\\/icrturkey.com\\\/\",\"name\":\"ICR TURKEY - tests and certification\",\"description\":\"CE certification, CE certificate, ISO certificate, RED testing, product testing and certification, electrical product testing, medical device testing, ATEX, IECEx, FCC, product certification, EMC testing, machinery certification, CE machines, training, electronic product testing, testing 2014\\\/53\\\/EU, drone certification, ISO 13485 certificate, ISO 9001 certificate, NC RfG\",\"publisher\":{\"@id\":\"https:\\\/\\\/icrturkey.com\\\/#\\\/schema\\\/person\\\/43aa01c7e4d61d03230a6e3e9d4e7ef2\"},\"potentialAction\":[{\"@type\":\"SearchAction\",\"target\":{\"@type\":\"EntryPoint\",\"urlTemplate\":\"https:\\\/\\\/icrturkey.com\\\/?s={search_term_string}\"},\"query-input\":{\"@type\":\"PropertyValueSpecification\",\"valueRequired\":true,\"valueName\":\"search_term_string\"}}],\"inLanguage\":\"en-GB\"},{\"@type\":[\"Person\",\"Organization\"],\"@id\":\"https:\\\/\\\/icrturkey.com\\\/#\\\/schema\\\/person\\\/43aa01c7e4d61d03230a6e3e9d4e7ef2\",\"name\":\"admin\",\"image\":{\"@type\":\"ImageObject\",\"inLanguage\":\"en-GB\",\"@id\":\"https:\\\/\\\/icrturkey.com\\\/wp-content\\\/uploads\\\/2019\\\/05\\\/cropped-logo-icr.32f04ad5-1-1.png\",\"url\":\"https:\\\/\\\/icrturkey.com\\\/wp-content\\\/uploads\\\/2019\\\/05\\\/cropped-logo-icr.32f04ad5-1-1.png\",\"contentUrl\":\"https:\\\/\\\/icrturkey.com\\\/wp-content\\\/uploads\\\/2019\\\/05\\\/cropped-logo-icr.32f04ad5-1-1.png\",\"width\":400,\"height\":148,\"caption\":\"admin\"},\"logo\":{\"@id\":\"https:\\\/\\\/icrturkey.com\\\/wp-content\\\/uploads\\\/2019\\\/05\\\/cropped-logo-icr.32f04ad5-1-1.png\"}}]}<\/script>\n<!-- \/ Yoast SEO plugin. -->","yoast_head_json":{"title":"ISO 45001 Occupational health and safety management system - ICR TURKEY - tests and certification","robots":{"index":"index","follow":"follow","max-snippet":"max-snippet:-1","max-image-preview":"max-image-preview:large","max-video-preview":"max-video-preview:-1"},"canonical":"https:\/\/icrturkey.com\/en\/certyfikacja-systemow\/iso-45001-system-zarzadzania-bezpieczenstwem-i-higiena-pracy\/","og_locale":"en_GB","og_type":"article","og_title":"ISO 45001 System Zarz\u0105dzania Bezpiecze\u0144stwem i Higien\u0105 Pracy - ICR TURKEY - tests and certification","og_description":"Czym jest ISO 45001? ISO 45001 (System Zarz\u0105dzania Bezpiecze\u0144stwem i Higien\u0105 Pracy) to system zarz\u0105dzania, kt\u00f3ry ma za zadanie przewidzie\u0107 zagro\u017cenia dla zdrowia i bezpiecze\u0144stwa pracownik\u00f3w, mog\u0105ce wyst\u0105pi\u0107 w miejscu pracy oraz zapobiec im. System poprawia oraz zarz\u0105dza elementami zwi\u0105zanymi z bezpiecze\u0144stwem i higien\u0105 pracy pracownik\u00f3w Korzy\u015bci wynikaj\u0105ce z ISO 45001: Zdolno\u015b\u0107 do aktywnego radzenia&hellip;&nbsp;Read More &raquo;ISO 45001 System Zarz\u0105dzania Bezpiecze\u0144stwem i Higien\u0105 Pracy","og_url":"https:\/\/icrturkey.com\/en\/certyfikacja-systemow\/iso-45001-system-zarzadzania-bezpieczenstwem-i-higiena-pracy\/","og_site_name":"ICR TURKEY - tests and certification","article_modified_time":"2022-09-07T21:06:54+00:00","twitter_card":"summary_large_image","twitter_misc":{"Estimated reading time":"2 minutes"},"schema":{"@context":"https:\/\/schema.org","@graph":[{"@type":"WebPage","@id":"https:\/\/icrturkey.com\/certyfikacja-systemow\/iso-45001-system-zarzadzania-bezpieczenstwem-i-higiena-pracy\/","url":"https:\/\/icrturkey.com\/certyfikacja-systemow\/iso-45001-system-zarzadzania-bezpieczenstwem-i-higiena-pracy\/","name":"ISO 45001 Occupational health and safety management system - ICR TURKEY - tests and certification","isPartOf":{"@id":"https:\/\/icrturkey.com\/#website"},"primaryImageOfPage":{"@id":"https:\/\/icrturkey.com\/certyfikacja-systemow\/iso-45001-system-zarzadzania-bezpieczenstwem-i-higiena-pracy\/#primaryimage"},"image":{"@id":"https:\/\/icrturkey.com\/certyfikacja-systemow\/iso-45001-system-zarzadzania-bezpieczenstwem-i-higiena-pracy\/#primaryimage"},"thumbnailUrl":"","datePublished":"2019-05-22T19:08:36+00:00","dateModified":"2022-09-07T21:06:54+00:00","breadcrumb":{"@id":"https:\/\/icrturkey.com\/certyfikacja-systemow\/iso-45001-system-zarzadzania-bezpieczenstwem-i-higiena-pracy\/#breadcrumb"},"inLanguage":"en-GB","potentialAction":[{"@type":"ReadAction","target":["https:\/\/icrturkey.com\/certyfikacja-systemow\/iso-45001-system-zarzadzania-bezpieczenstwem-i-higiena-pracy\/"]}]},{"@type":"ImageObject","inLanguage":"en-GB","@id":"https:\/\/icrturkey.com\/certyfikacja-systemow\/iso-45001-system-zarzadzania-bezpieczenstwem-i-higiena-pracy\/#primaryimage","url":"","contentUrl":""},{"@type":"BreadcrumbList","@id":"https:\/\/icrturkey.com\/certyfikacja-systemow\/iso-45001-system-zarzadzania-bezpieczenstwem-i-higiena-pracy\/#breadcrumb","itemListElement":[{"@type":"ListItem","position":1,"name":"Strona g\u0142\u00f3wna","item":"https:\/\/icrturkey.com\/"},{"@type":"ListItem","position":2,"name":"Certyfikacja system\u00f3w ISO","item":"https:\/\/icrturkey.com\/certyfikacja-systemow\/"},{"@type":"ListItem","position":3,"name":"ISO 45001 System Zarz\u0105dzania Bezpiecze\u0144stwem i Higien\u0105 Pracy"}]},{"@type":"WebSite","@id":"https:\/\/icrturkey.com\/#website","url":"https:\/\/icrturkey.com\/","name":"ICR TURKEY - tests and certification","description":"CE certification, CE certificate, ISO certificate, RED testing, product testing and certification, electrical product testing, medical device testing, ATEX, IECEx, FCC, product certification, EMC testing, machinery certification, CE machines, training, electronic product testing, testing 2014\/53\/EU, drone certification, ISO 13485 certificate, ISO 9001 certificate, NC RfG","publisher":{"@id":"https:\/\/icrturkey.com\/#\/schema\/person\/43aa01c7e4d61d03230a6e3e9d4e7ef2"},"potentialAction":[{"@type":"SearchAction","target":{"@type":"EntryPoint","urlTemplate":"https:\/\/icrturkey.com\/?s={search_term_string}"},"query-input":{"@type":"PropertyValueSpecification","valueRequired":true,"valueName":"search_term_string"}}],"inLanguage":"en-GB"},{"@type":["Person","Organization"],"@id":"https:\/\/icrturkey.com\/#\/schema\/person\/43aa01c7e4d61d03230a6e3e9d4e7ef2","name":"admin","image":{"@type":"ImageObject","inLanguage":"en-GB","@id":"https:\/\/icrturkey.com\/wp-content\/uploads\/2019\/05\/cropped-logo-icr.32f04ad5-1-1.png","url":"https:\/\/icrturkey.com\/wp-content\/uploads\/2019\/05\/cropped-logo-icr.32f04ad5-1-1.png","contentUrl":"https:\/\/icrturkey.com\/wp-content\/uploads\/2019\/05\/cropped-logo-icr.32f04ad5-1-1.png","width":400,"height":148,"caption":"admin"},"logo":{"@id":"https:\/\/icrturkey.com\/wp-content\/uploads\/2019\/05\/cropped-logo-icr.32f04ad5-1-1.png"}}]}},"_links":{"self":[{"href":"https:\/\/icrturkey.com\/en\/wp-json\/wp\/v2\/pages\/1945","targetHints":{"allow":["GET"]}}],"collection":[{"href":"https:\/\/icrturkey.com\/en\/wp-json\/wp\/v2\/pages"}],"about":[{"href":"https:\/\/icrturkey.com\/en\/wp-json\/wp\/v2\/types\/page"}],"author":[{"embeddable":true,"href":"https:\/\/icrturkey.com\/en\/wp-json\/wp\/v2\/users\/1"}],"replies":[{"embeddable":true,"href":"https:\/\/icrturkey.com\/en\/wp-json\/wp\/v2\/comments?post=1945"}],"version-history":[{"count":1,"href":"https:\/\/icrturkey.com\/en\/wp-json\/wp\/v2\/pages\/1945\/revisions"}],"predecessor-version":[{"id":5635,"href":"https:\/\/icrturkey.com\/en\/wp-json\/wp\/v2\/pages\/1945\/revisions\/5635"}],"up":[{"embeddable":true,"href":"https:\/\/icrturkey.com\/en\/wp-json\/wp\/v2\/pages\/162"}],"wp:featuredmedia":[{"embeddable":true,"href":"https:\/\/icrturkey.com\/en\/wp-json\/"}],"wp:attachment":[{"href":"https:\/\/icrturkey.com\/en\/wp-json\/wp\/v2\/media?parent=1945"}],"curies":[{"name":"wp","href":"https:\/\/api.w.org\/{rel}","templated":true}]}}