{"id":1923,"date":"2019-05-22T07:56:47","date_gmt":"2019-05-22T07:56:47","guid":{"rendered":"http:\/\/icrpolska.e-ksperci.pl\/?page_id=1923"},"modified":"2022-09-07T22:58:41","modified_gmt":"2022-09-07T20:58:41","slug":"iso-13485","status":"publish","type":"page","link":"https:\/\/icrturkey.com\/en\/certyfikacja-systemow\/iso-13485\/","title":{"rendered":"ISO 13485"},"content":{"rendered":"<p>&nbsp;<\/p>\n<h4>What is ISO 13485?<\/h4>\n<p>The international ISO 13485 standard \"Medical devices - Quality management systems - Requirements for regulatory purposes\" refers to quality management systems in the manufacture of medical devices. It defines the requirements for a quality management system that should be met by the organization throughout the production cycle. The requirements of the ISO 13485 standard apply to the organization regardless of its size and type.<\/p>\n<h4>The scope of application of the standard:<\/h4>\n<p>The ISO 13485 standard contains QMS requirements when the organization needs to demonstrate its ability to deliver medical devices and related services, constantly meeting customer requirements and applicable regulations. Such organizations may be involved in at least one stage of the product life cycle, including design and development, production, storage and distribution, installation or service of a medical device, and design and development or provision of related services (e.g. technical support).<\/p>\n<p>This standard may also be used by suppliers or external parties that provide the product to such an organization, including QMS related services.<\/p>\n<h4>General requirements:<\/h4>\n<p>Each organization should:<\/p>\n<ul>\n<li>Document the quality management system and maintain its effectiveness;<\/li>\n<li>Establish, implement and maintain all requirements, procedures, activities included in the standard;<\/li>\n<li>Determine the processes needed in the QMS and their application in the organisation;<\/li>\n<li>Apply a risk-based approach to supervising relevant processes;<\/li>\n<li>Determine the sequence of these processes and their interaction;<\/li>\n<li>Manage these processes accordingly<\/li>\n<li>Document the validation procedures for the use of computer software used in QMS;<\/li>\n<\/ul>\n<h4>Benefits of ISO 13485:<\/h4>\n<ul>\n<li>Increase the company's credibility;<\/li>\n<li>The ability to access domestic and foreign markets;<\/li>\n<li>Increasing the competitiveness of the organisation;<\/li>\n<li>Organisational processes become more transparent;<\/li>\n<li>Minimizing the risk of a defective product;<\/li>\n<li>Reducing the amount of complaints.<\/li>\n<\/ul>\n<h4>Who should be ISO 13485 certified?<\/h4>\n<p>The quality management system according to ISO 13485 is introduced by manufacturers of medical devices and by other companies dealing in activities in the medical devices industry (eg: companies servicing medical equipment).<\/p>\n<p>&nbsp;<\/p>","protected":false},"excerpt":{"rendered":"<p>&nbsp; What is ISO 13485? The international standard ISO 13485 'Medical devices - Quality management systems - Requirements for regulatory purposes' deals with quality management systems for the manufacture of medical devices. It defines the requirements for a quality management system that should be met by an organisation throughout the production cycle. The requirements of ISO 13485 apply to organisations regardless of...&nbsp;<a href=\"https:\/\/icrturkey.com\/en\/certyfikacja-systemow\/iso-13485\/\" rel=\"bookmark\">Read More \"<span class=\"screen-reader-text\">ISO 13485<\/span><\/a><\/p>","protected":false},"author":1,"featured_media":1063,"parent":162,"menu_order":0,"comment_status":"closed","ping_status":"closed","template":"","meta":{"neve_meta_sidebar":"","neve_meta_container":"","neve_meta_enable_content_width":"off","neve_meta_content_width":70,"neve_meta_title_alignment":"","neve_meta_author_avatar":"","neve_post_elements_order":"","neve_meta_disable_header":"","neve_meta_disable_footer":"","neve_meta_disable_title":"","footnotes":""},"class_list":["post-1923","page","type-page","status-publish","has-post-thumbnail","hentry"],"yoast_head":"<!-- This site is optimized with the Yoast SEO plugin v27.3 - https:\/\/yoast.com\/product\/yoast-seo-wordpress\/ -->\n<title>ISO 13485 - ICR TURKEY - tests and certification<\/title>\n<meta name=\"robots\" content=\"index, follow, max-snippet:-1, max-image-preview:large, max-video-preview:-1\" \/>\n<link rel=\"canonical\" href=\"https:\/\/icrturkey.com\/en\/certyfikacja-systemow\/iso-13485\/\" \/>\n<meta property=\"og:locale\" content=\"en_GB\" \/>\n<meta property=\"og:type\" content=\"article\" \/>\n<meta property=\"og:title\" content=\"ISO 13485 - ICR TURKEY - tests and certification\" \/>\n<meta property=\"og:description\" content=\"&nbsp; Czym jest ISO 13485? Mi\u0119dzynarodowa norma ISO 13485 \u201eWyroby medyczne &#8212; Systemy zarz\u0105dzania jako\u015bci\u0105 &#8212; Wymagania do cel\u00f3w przepis\u00f3w prawnych&#8221; dotyczy system\u00f3w zarz\u0105dzania jako\u015bci\u0105 w produkcji wyrob\u00f3w medycznych. Okre\u015bla ona wymagania dla systemu zarz\u0105dzania jako\u015bci\u0105, kt\u00f3re powinny by\u0107 spe\u0142nione przez organizacj\u0119 w ca\u0142ym cyklu produkcji. Wymagania normy ISO 13485 maj\u0105 zastosowanie do organizacji niezale\u017cnie&hellip;&nbsp;Read More &raquo;ISO 13485\" \/>\n<meta property=\"og:url\" content=\"https:\/\/icrturkey.com\/en\/certyfikacja-systemow\/iso-13485\/\" \/>\n<meta property=\"og:site_name\" content=\"ICR TURKEY - tests and certification\" \/>\n<meta property=\"article:modified_time\" content=\"2022-09-07T20:58:41+00:00\" \/>\n<meta name=\"twitter:card\" content=\"summary_large_image\" \/>\n<meta name=\"twitter:label1\" content=\"Estimated reading time\" \/>\n\t<meta name=\"twitter:data1\" content=\"2 minutes\" \/>\n<script type=\"application\/ld+json\" class=\"yoast-schema-graph\">{\"@context\":\"https:\\\/\\\/schema.org\",\"@graph\":[{\"@type\":\"WebPage\",\"@id\":\"https:\\\/\\\/icrturkey.com\\\/certyfikacja-systemow\\\/iso-13485\\\/\",\"url\":\"https:\\\/\\\/icrturkey.com\\\/certyfikacja-systemow\\\/iso-13485\\\/\",\"name\":\"ISO 13485 - ICR TURKEY - tests and certification\",\"isPartOf\":{\"@id\":\"https:\\\/\\\/icrturkey.com\\\/#website\"},\"primaryImageOfPage\":{\"@id\":\"https:\\\/\\\/icrturkey.com\\\/certyfikacja-systemow\\\/iso-13485\\\/#primaryimage\"},\"image\":{\"@id\":\"https:\\\/\\\/icrturkey.com\\\/certyfikacja-systemow\\\/iso-13485\\\/#primaryimage\"},\"thumbnailUrl\":\"\",\"datePublished\":\"2019-05-22T07:56:47+00:00\",\"dateModified\":\"2022-09-07T20:58:41+00:00\",\"breadcrumb\":{\"@id\":\"https:\\\/\\\/icrturkey.com\\\/certyfikacja-systemow\\\/iso-13485\\\/#breadcrumb\"},\"inLanguage\":\"en-GB\",\"potentialAction\":[{\"@type\":\"ReadAction\",\"target\":[\"https:\\\/\\\/icrturkey.com\\\/certyfikacja-systemow\\\/iso-13485\\\/\"]}]},{\"@type\":\"ImageObject\",\"inLanguage\":\"en-GB\",\"@id\":\"https:\\\/\\\/icrturkey.com\\\/certyfikacja-systemow\\\/iso-13485\\\/#primaryimage\",\"url\":\"\",\"contentUrl\":\"\"},{\"@type\":\"BreadcrumbList\",\"@id\":\"https:\\\/\\\/icrturkey.com\\\/certyfikacja-systemow\\\/iso-13485\\\/#breadcrumb\",\"itemListElement\":[{\"@type\":\"ListItem\",\"position\":1,\"name\":\"Strona g\u0142\u00f3wna\",\"item\":\"https:\\\/\\\/icrturkey.com\\\/\"},{\"@type\":\"ListItem\",\"position\":2,\"name\":\"Certyfikacja system\u00f3w ISO\",\"item\":\"https:\\\/\\\/icrturkey.com\\\/certyfikacja-systemow\\\/\"},{\"@type\":\"ListItem\",\"position\":3,\"name\":\"ISO 13485\"}]},{\"@type\":\"WebSite\",\"@id\":\"https:\\\/\\\/icrturkey.com\\\/#website\",\"url\":\"https:\\\/\\\/icrturkey.com\\\/\",\"name\":\"ICR TURKEY - tests and certification\",\"description\":\"CE certification, CE certificate, ISO certificate, RED testing, product testing and certification, electrical product testing, medical device testing, ATEX, IECEx, FCC, product certification, EMC testing, machinery certification, CE machines, training, electronic product testing, testing 2014\\\/53\\\/EU, drone certification, ISO 13485 certificate, ISO 9001 certificate, NC RfG\",\"publisher\":{\"@id\":\"https:\\\/\\\/icrturkey.com\\\/#\\\/schema\\\/person\\\/43aa01c7e4d61d03230a6e3e9d4e7ef2\"},\"potentialAction\":[{\"@type\":\"SearchAction\",\"target\":{\"@type\":\"EntryPoint\",\"urlTemplate\":\"https:\\\/\\\/icrturkey.com\\\/?s={search_term_string}\"},\"query-input\":{\"@type\":\"PropertyValueSpecification\",\"valueRequired\":true,\"valueName\":\"search_term_string\"}}],\"inLanguage\":\"en-GB\"},{\"@type\":[\"Person\",\"Organization\"],\"@id\":\"https:\\\/\\\/icrturkey.com\\\/#\\\/schema\\\/person\\\/43aa01c7e4d61d03230a6e3e9d4e7ef2\",\"name\":\"admin\",\"image\":{\"@type\":\"ImageObject\",\"inLanguage\":\"en-GB\",\"@id\":\"https:\\\/\\\/icrturkey.com\\\/wp-content\\\/uploads\\\/2019\\\/05\\\/cropped-logo-icr.32f04ad5-1-1.png\",\"url\":\"https:\\\/\\\/icrturkey.com\\\/wp-content\\\/uploads\\\/2019\\\/05\\\/cropped-logo-icr.32f04ad5-1-1.png\",\"contentUrl\":\"https:\\\/\\\/icrturkey.com\\\/wp-content\\\/uploads\\\/2019\\\/05\\\/cropped-logo-icr.32f04ad5-1-1.png\",\"width\":400,\"height\":148,\"caption\":\"admin\"},\"logo\":{\"@id\":\"https:\\\/\\\/icrturkey.com\\\/wp-content\\\/uploads\\\/2019\\\/05\\\/cropped-logo-icr.32f04ad5-1-1.png\"}}]}<\/script>\n<!-- \/ Yoast SEO plugin. -->","yoast_head_json":{"title":"ISO 13485 - ICR TURKEY - tests and certification","robots":{"index":"index","follow":"follow","max-snippet":"max-snippet:-1","max-image-preview":"max-image-preview:large","max-video-preview":"max-video-preview:-1"},"canonical":"https:\/\/icrturkey.com\/en\/certyfikacja-systemow\/iso-13485\/","og_locale":"en_GB","og_type":"article","og_title":"ISO 13485 - ICR TURKEY - tests and certification","og_description":"&nbsp; Czym jest ISO 13485? Mi\u0119dzynarodowa norma ISO 13485 \u201eWyroby medyczne &#8212; Systemy zarz\u0105dzania jako\u015bci\u0105 &#8212; Wymagania do cel\u00f3w przepis\u00f3w prawnych&#8221; dotyczy system\u00f3w zarz\u0105dzania jako\u015bci\u0105 w produkcji wyrob\u00f3w medycznych. Okre\u015bla ona wymagania dla systemu zarz\u0105dzania jako\u015bci\u0105, kt\u00f3re powinny by\u0107 spe\u0142nione przez organizacj\u0119 w ca\u0142ym cyklu produkcji. Wymagania normy ISO 13485 maj\u0105 zastosowanie do organizacji niezale\u017cnie&hellip;&nbsp;Read More &raquo;ISO 13485","og_url":"https:\/\/icrturkey.com\/en\/certyfikacja-systemow\/iso-13485\/","og_site_name":"ICR TURKEY - tests and certification","article_modified_time":"2022-09-07T20:58:41+00:00","twitter_card":"summary_large_image","twitter_misc":{"Estimated reading time":"2 minutes"},"schema":{"@context":"https:\/\/schema.org","@graph":[{"@type":"WebPage","@id":"https:\/\/icrturkey.com\/certyfikacja-systemow\/iso-13485\/","url":"https:\/\/icrturkey.com\/certyfikacja-systemow\/iso-13485\/","name":"ISO 13485 - ICR TURKEY - tests and certification","isPartOf":{"@id":"https:\/\/icrturkey.com\/#website"},"primaryImageOfPage":{"@id":"https:\/\/icrturkey.com\/certyfikacja-systemow\/iso-13485\/#primaryimage"},"image":{"@id":"https:\/\/icrturkey.com\/certyfikacja-systemow\/iso-13485\/#primaryimage"},"thumbnailUrl":"","datePublished":"2019-05-22T07:56:47+00:00","dateModified":"2022-09-07T20:58:41+00:00","breadcrumb":{"@id":"https:\/\/icrturkey.com\/certyfikacja-systemow\/iso-13485\/#breadcrumb"},"inLanguage":"en-GB","potentialAction":[{"@type":"ReadAction","target":["https:\/\/icrturkey.com\/certyfikacja-systemow\/iso-13485\/"]}]},{"@type":"ImageObject","inLanguage":"en-GB","@id":"https:\/\/icrturkey.com\/certyfikacja-systemow\/iso-13485\/#primaryimage","url":"","contentUrl":""},{"@type":"BreadcrumbList","@id":"https:\/\/icrturkey.com\/certyfikacja-systemow\/iso-13485\/#breadcrumb","itemListElement":[{"@type":"ListItem","position":1,"name":"Strona g\u0142\u00f3wna","item":"https:\/\/icrturkey.com\/"},{"@type":"ListItem","position":2,"name":"Certyfikacja system\u00f3w ISO","item":"https:\/\/icrturkey.com\/certyfikacja-systemow\/"},{"@type":"ListItem","position":3,"name":"ISO 13485"}]},{"@type":"WebSite","@id":"https:\/\/icrturkey.com\/#website","url":"https:\/\/icrturkey.com\/","name":"ICR TURKEY - tests and certification","description":"CE certification, CE certificate, ISO certificate, RED testing, product testing and certification, electrical product testing, medical device testing, ATEX, IECEx, FCC, product certification, EMC testing, machinery certification, CE machines, training, electronic product testing, testing 2014\/53\/EU, drone certification, ISO 13485 certificate, ISO 9001 certificate, NC RfG","publisher":{"@id":"https:\/\/icrturkey.com\/#\/schema\/person\/43aa01c7e4d61d03230a6e3e9d4e7ef2"},"potentialAction":[{"@type":"SearchAction","target":{"@type":"EntryPoint","urlTemplate":"https:\/\/icrturkey.com\/?s={search_term_string}"},"query-input":{"@type":"PropertyValueSpecification","valueRequired":true,"valueName":"search_term_string"}}],"inLanguage":"en-GB"},{"@type":["Person","Organization"],"@id":"https:\/\/icrturkey.com\/#\/schema\/person\/43aa01c7e4d61d03230a6e3e9d4e7ef2","name":"admin","image":{"@type":"ImageObject","inLanguage":"en-GB","@id":"https:\/\/icrturkey.com\/wp-content\/uploads\/2019\/05\/cropped-logo-icr.32f04ad5-1-1.png","url":"https:\/\/icrturkey.com\/wp-content\/uploads\/2019\/05\/cropped-logo-icr.32f04ad5-1-1.png","contentUrl":"https:\/\/icrturkey.com\/wp-content\/uploads\/2019\/05\/cropped-logo-icr.32f04ad5-1-1.png","width":400,"height":148,"caption":"admin"},"logo":{"@id":"https:\/\/icrturkey.com\/wp-content\/uploads\/2019\/05\/cropped-logo-icr.32f04ad5-1-1.png"}}]}},"_links":{"self":[{"href":"https:\/\/icrturkey.com\/en\/wp-json\/wp\/v2\/pages\/1923","targetHints":{"allow":["GET"]}}],"collection":[{"href":"https:\/\/icrturkey.com\/en\/wp-json\/wp\/v2\/pages"}],"about":[{"href":"https:\/\/icrturkey.com\/en\/wp-json\/wp\/v2\/types\/page"}],"author":[{"embeddable":true,"href":"https:\/\/icrturkey.com\/en\/wp-json\/wp\/v2\/users\/1"}],"replies":[{"embeddable":true,"href":"https:\/\/icrturkey.com\/en\/wp-json\/wp\/v2\/comments?post=1923"}],"version-history":[{"count":4,"href":"https:\/\/icrturkey.com\/en\/wp-json\/wp\/v2\/pages\/1923\/revisions"}],"predecessor-version":[{"id":3295,"href":"https:\/\/icrturkey.com\/en\/wp-json\/wp\/v2\/pages\/1923\/revisions\/3295"}],"up":[{"embeddable":true,"href":"https:\/\/icrturkey.com\/en\/wp-json\/wp\/v2\/pages\/162"}],"wp:featuredmedia":[{"embeddable":true,"href":"https:\/\/icrturkey.com\/en\/wp-json\/"}],"wp:attachment":[{"href":"https:\/\/icrturkey.com\/en\/wp-json\/wp\/v2\/media?parent=1923"}],"curies":[{"name":"wp","href":"https:\/\/api.w.org\/{rel}","templated":true}]}}