{"id":16326,"date":"2025-03-06T15:21:23","date_gmt":"2025-03-06T14:21:23","guid":{"rendered":"https:\/\/icrpolska.com\/?page_id=16326"},"modified":"2025-03-06T15:29:55","modified_gmt":"2025-03-06T14:29:55","slug":"cyberbezpieczenstwo","status":"publish","type":"page","link":"https:\/\/icrturkey.com\/en\/badania-wyrobow\/cyberbezpieczenstwo\/","title":{"rendered":"Cyber security"},"content":{"rendered":"<p>We offer security testing of consumer Internet of Things devices that are connected to a network infrastructure (e.g. internet or home network) according to ETSI standard EN 303 645 V3.1.3<br \/>\nExamples of consumer internet of things devices:<br \/>\n- children's toys and baby monitors,<br \/>\n- security-related products such as smoke detectors and door locks,<br \/>\n- IoT base stations and hubs to which multiple devices are connected,<br \/>\n- smart cameras, televisions and speakers,<br \/>\n- portable health trackers,<br \/>\n- home automation and alarm systems, in particular their gateways and hubs,<br \/>\n- appliances such as washing machines and refrigerators,<br \/>\n- smart home elements.<\/p>\n<p>We offer cybersecurity testing for radio equipment in:<br \/>\n- undesirable impact on the network and its operation or use of network resources in an inappropriate manner, thereby causing an unacceptable degradation of service,<br \/>\n- protection of the user's and subscriber's personal data and privacy,<br \/>\n- fraud protection.<br \/>\nTests are carried out according to EN 18031-1: 2024, EN 18031-2:2024, EN 18031-3:2024.<\/p>","protected":false},"excerpt":{"rendered":"<p>We offer security testing of consumer Internet of Things devices that are connected to a network infrastructure (e.g. internet or home network) according to ETSI EN 303 645 V3.1.3 Examples of consumer Internet of Things devices: - children's toys and baby monitors, - security-related products such as smoke detectors and door locks, - base stations...&nbsp;<a href=\"https:\/\/icrturkey.com\/en\/badania-wyrobow\/cyberbezpieczenstwo\/\" rel=\"bookmark\">Read More \"<span class=\"screen-reader-text\">Cyber security<\/span><\/a><\/p>","protected":false},"author":2,"featured_media":0,"parent":979,"menu_order":0,"comment_status":"closed","ping_status":"closed","template":"","meta":{"neve_meta_sidebar":"","neve_meta_container":"","neve_meta_enable_content_width":"off","neve_meta_content_width":100,"neve_meta_title_alignment":"","neve_meta_author_avatar":"","neve_post_elements_order":"","neve_meta_disable_header":"","neve_meta_disable_footer":"","neve_meta_disable_title":"","footnotes":""},"class_list":["post-16326","page","type-page","status-publish","hentry"],"yoast_head":"<!-- This site is optimized with the Yoast SEO plugin v27.3 - https:\/\/yoast.com\/product\/yoast-seo-wordpress\/ -->\n<title>Cyberbezpiecze\u0144stwo - ICR TURKEY - tests and certification<\/title>\n<meta name=\"robots\" content=\"index, follow, max-snippet:-1, max-image-preview:large, max-video-preview:-1\" \/>\n<link rel=\"canonical\" href=\"https:\/\/icrturkey.com\/en\/badania-wyrobow\/cyberbezpieczenstwo\/\" \/>\n<meta property=\"og:locale\" content=\"en_GB\" \/>\n<meta property=\"og:type\" content=\"article\" \/>\n<meta property=\"og:title\" content=\"Cyberbezpiecze\u0144stwo - ICR TURKEY - tests and certification\" \/>\n<meta property=\"og:description\" content=\"Oferujemy badania z zakresu bezpiecze\u0144stwa konsumenckich urz\u0105dze\u0144 Internetu rzeczy, kt\u00f3re s\u0105 pod\u0142\u0105czone do infrastruktury sieciowej (np. internetu lub sieci domowej) wed\u0142ug normy ETSI EN 303 645 V3.1.3 Przyk\u0142ady konsumenckich urz\u0105dze\u0144 internetu rzeczy: &#8211; zabawki dla dzieci i monitory dzieci\u0119ce, &#8211; produkty zwi\u0105zane z bezpiecze\u0144stwem, takie jak czujniki dymu i zamki do drzwi, &#8211; stacje bazowe&hellip;&nbsp;Read More &raquo;Cyberbezpiecze\u0144stwo\" \/>\n<meta property=\"og:url\" content=\"https:\/\/icrturkey.com\/en\/badania-wyrobow\/cyberbezpieczenstwo\/\" \/>\n<meta property=\"og:site_name\" content=\"ICR TURKEY - tests and certification\" \/>\n<meta property=\"article:modified_time\" content=\"2025-03-06T14:29:55+00:00\" \/>\n<meta name=\"twitter:card\" content=\"summary_large_image\" \/>\n<meta name=\"twitter:label1\" content=\"Estimated reading time\" \/>\n\t<meta name=\"twitter:data1\" content=\"1 minute\" \/>\n<script type=\"application\/ld+json\" class=\"yoast-schema-graph\">{\"@context\":\"https:\\\/\\\/schema.org\",\"@graph\":[{\"@type\":\"WebPage\",\"@id\":\"https:\\\/\\\/icrturkey.com\\\/badania-wyrobow\\\/cyberbezpieczenstwo\\\/\",\"url\":\"https:\\\/\\\/icrturkey.com\\\/badania-wyrobow\\\/cyberbezpieczenstwo\\\/\",\"name\":\"Cyberbezpiecze\u0144stwo - ICR TURKEY - tests and certification\",\"isPartOf\":{\"@id\":\"https:\\\/\\\/icrturkey.com\\\/#website\"},\"datePublished\":\"2025-03-06T14:21:23+00:00\",\"dateModified\":\"2025-03-06T14:29:55+00:00\",\"breadcrumb\":{\"@id\":\"https:\\\/\\\/icrturkey.com\\\/badania-wyrobow\\\/cyberbezpieczenstwo\\\/#breadcrumb\"},\"inLanguage\":\"en-GB\",\"potentialAction\":[{\"@type\":\"ReadAction\",\"target\":[\"https:\\\/\\\/icrturkey.com\\\/badania-wyrobow\\\/cyberbezpieczenstwo\\\/\"]}]},{\"@type\":\"BreadcrumbList\",\"@id\":\"https:\\\/\\\/icrturkey.com\\\/badania-wyrobow\\\/cyberbezpieczenstwo\\\/#breadcrumb\",\"itemListElement\":[{\"@type\":\"ListItem\",\"position\":1,\"name\":\"Strona g\u0142\u00f3wna\",\"item\":\"https:\\\/\\\/icrturkey.com\\\/\"},{\"@type\":\"ListItem\",\"position\":2,\"name\":\"Badania wyrob\u00f3w\",\"item\":\"https:\\\/\\\/icrturkey.com\\\/badania-wyrobow\\\/\"},{\"@type\":\"ListItem\",\"position\":3,\"name\":\"Cyberbezpiecze\u0144stwo\"}]},{\"@type\":\"WebSite\",\"@id\":\"https:\\\/\\\/icrturkey.com\\\/#website\",\"url\":\"https:\\\/\\\/icrturkey.com\\\/\",\"name\":\"ICR TURKEY - tests and certification\",\"description\":\"CE certification, CE certificate, ISO certificate, RED testing, product testing and certification, electrical product testing, medical device testing, ATEX, IECEx, FCC, product certification, EMC testing, machinery certification, CE machines, training, electronic product testing, testing 2014\\\/53\\\/EU, drone certification, ISO 13485 certificate, ISO 9001 certificate, NC RfG\",\"publisher\":{\"@id\":\"https:\\\/\\\/icrturkey.com\\\/#\\\/schema\\\/person\\\/43aa01c7e4d61d03230a6e3e9d4e7ef2\"},\"potentialAction\":[{\"@type\":\"SearchAction\",\"target\":{\"@type\":\"EntryPoint\",\"urlTemplate\":\"https:\\\/\\\/icrturkey.com\\\/?s={search_term_string}\"},\"query-input\":{\"@type\":\"PropertyValueSpecification\",\"valueRequired\":true,\"valueName\":\"search_term_string\"}}],\"inLanguage\":\"en-GB\"},{\"@type\":[\"Person\",\"Organization\"],\"@id\":\"https:\\\/\\\/icrturkey.com\\\/#\\\/schema\\\/person\\\/43aa01c7e4d61d03230a6e3e9d4e7ef2\",\"name\":\"admin\",\"image\":{\"@type\":\"ImageObject\",\"inLanguage\":\"en-GB\",\"@id\":\"https:\\\/\\\/icrturkey.com\\\/wp-content\\\/uploads\\\/2019\\\/05\\\/cropped-logo-icr.32f04ad5-1-1.png\",\"url\":\"https:\\\/\\\/icrturkey.com\\\/wp-content\\\/uploads\\\/2019\\\/05\\\/cropped-logo-icr.32f04ad5-1-1.png\",\"contentUrl\":\"https:\\\/\\\/icrturkey.com\\\/wp-content\\\/uploads\\\/2019\\\/05\\\/cropped-logo-icr.32f04ad5-1-1.png\",\"width\":400,\"height\":148,\"caption\":\"admin\"},\"logo\":{\"@id\":\"https:\\\/\\\/icrturkey.com\\\/wp-content\\\/uploads\\\/2019\\\/05\\\/cropped-logo-icr.32f04ad5-1-1.png\"}}]}<\/script>\n<!-- \/ Yoast SEO plugin. -->","yoast_head_json":{"title":"Cyber security - ICR TURKEY - tests and certification","robots":{"index":"index","follow":"follow","max-snippet":"max-snippet:-1","max-image-preview":"max-image-preview:large","max-video-preview":"max-video-preview:-1"},"canonical":"https:\/\/icrturkey.com\/en\/badania-wyrobow\/cyberbezpieczenstwo\/","og_locale":"en_GB","og_type":"article","og_title":"Cyberbezpiecze\u0144stwo - ICR TURKEY - tests and certification","og_description":"Oferujemy badania z zakresu bezpiecze\u0144stwa konsumenckich urz\u0105dze\u0144 Internetu rzeczy, kt\u00f3re s\u0105 pod\u0142\u0105czone do infrastruktury sieciowej (np. internetu lub sieci domowej) wed\u0142ug normy ETSI EN 303 645 V3.1.3 Przyk\u0142ady konsumenckich urz\u0105dze\u0144 internetu rzeczy: &#8211; zabawki dla dzieci i monitory dzieci\u0119ce, &#8211; produkty zwi\u0105zane z bezpiecze\u0144stwem, takie jak czujniki dymu i zamki do drzwi, &#8211; stacje bazowe&hellip;&nbsp;Read More &raquo;Cyberbezpiecze\u0144stwo","og_url":"https:\/\/icrturkey.com\/en\/badania-wyrobow\/cyberbezpieczenstwo\/","og_site_name":"ICR TURKEY - tests and certification","article_modified_time":"2025-03-06T14:29:55+00:00","twitter_card":"summary_large_image","twitter_misc":{"Estimated reading time":"1 minute"},"schema":{"@context":"https:\/\/schema.org","@graph":[{"@type":"WebPage","@id":"https:\/\/icrturkey.com\/badania-wyrobow\/cyberbezpieczenstwo\/","url":"https:\/\/icrturkey.com\/badania-wyrobow\/cyberbezpieczenstwo\/","name":"Cyber security - ICR TURKEY - tests and certification","isPartOf":{"@id":"https:\/\/icrturkey.com\/#website"},"datePublished":"2025-03-06T14:21:23+00:00","dateModified":"2025-03-06T14:29:55+00:00","breadcrumb":{"@id":"https:\/\/icrturkey.com\/badania-wyrobow\/cyberbezpieczenstwo\/#breadcrumb"},"inLanguage":"en-GB","potentialAction":[{"@type":"ReadAction","target":["https:\/\/icrturkey.com\/badania-wyrobow\/cyberbezpieczenstwo\/"]}]},{"@type":"BreadcrumbList","@id":"https:\/\/icrturkey.com\/badania-wyrobow\/cyberbezpieczenstwo\/#breadcrumb","itemListElement":[{"@type":"ListItem","position":1,"name":"Strona g\u0142\u00f3wna","item":"https:\/\/icrturkey.com\/"},{"@type":"ListItem","position":2,"name":"Badania wyrob\u00f3w","item":"https:\/\/icrturkey.com\/badania-wyrobow\/"},{"@type":"ListItem","position":3,"name":"Cyberbezpiecze\u0144stwo"}]},{"@type":"WebSite","@id":"https:\/\/icrturkey.com\/#website","url":"https:\/\/icrturkey.com\/","name":"ICR TURKEY - tests and certification","description":"CE certification, CE certificate, ISO certificate, RED testing, product testing and certification, electrical product testing, medical device testing, ATEX, IECEx, FCC, product certification, EMC testing, machinery certification, CE machines, training, electronic product testing, testing 2014\/53\/EU, drone certification, ISO 13485 certificate, ISO 9001 certificate, NC RfG","publisher":{"@id":"https:\/\/icrturkey.com\/#\/schema\/person\/43aa01c7e4d61d03230a6e3e9d4e7ef2"},"potentialAction":[{"@type":"SearchAction","target":{"@type":"EntryPoint","urlTemplate":"https:\/\/icrturkey.com\/?s={search_term_string}"},"query-input":{"@type":"PropertyValueSpecification","valueRequired":true,"valueName":"search_term_string"}}],"inLanguage":"en-GB"},{"@type":["Person","Organization"],"@id":"https:\/\/icrturkey.com\/#\/schema\/person\/43aa01c7e4d61d03230a6e3e9d4e7ef2","name":"admin","image":{"@type":"ImageObject","inLanguage":"en-GB","@id":"https:\/\/icrturkey.com\/wp-content\/uploads\/2019\/05\/cropped-logo-icr.32f04ad5-1-1.png","url":"https:\/\/icrturkey.com\/wp-content\/uploads\/2019\/05\/cropped-logo-icr.32f04ad5-1-1.png","contentUrl":"https:\/\/icrturkey.com\/wp-content\/uploads\/2019\/05\/cropped-logo-icr.32f04ad5-1-1.png","width":400,"height":148,"caption":"admin"},"logo":{"@id":"https:\/\/icrturkey.com\/wp-content\/uploads\/2019\/05\/cropped-logo-icr.32f04ad5-1-1.png"}}]}},"_links":{"self":[{"href":"https:\/\/icrturkey.com\/en\/wp-json\/wp\/v2\/pages\/16326","targetHints":{"allow":["GET"]}}],"collection":[{"href":"https:\/\/icrturkey.com\/en\/wp-json\/wp\/v2\/pages"}],"about":[{"href":"https:\/\/icrturkey.com\/en\/wp-json\/wp\/v2\/types\/page"}],"author":[{"embeddable":true,"href":"https:\/\/icrturkey.com\/en\/wp-json\/wp\/v2\/users\/2"}],"replies":[{"embeddable":true,"href":"https:\/\/icrturkey.com\/en\/wp-json\/wp\/v2\/comments?post=16326"}],"version-history":[{"count":6,"href":"https:\/\/icrturkey.com\/en\/wp-json\/wp\/v2\/pages\/16326\/revisions"}],"predecessor-version":[{"id":16332,"href":"https:\/\/icrturkey.com\/en\/wp-json\/wp\/v2\/pages\/16326\/revisions\/16332"}],"up":[{"embeddable":true,"href":"https:\/\/icrturkey.com\/en\/wp-json\/wp\/v2\/pages\/979"}],"wp:attachment":[{"href":"https:\/\/icrturkey.com\/en\/wp-json\/wp\/v2\/media?parent=16326"}],"curies":[{"name":"wp","href":"https:\/\/api.w.org\/{rel}","templated":true}]}}