{"id":12902,"date":"2024-03-22T10:12:17","date_gmt":"2024-03-22T09:12:17","guid":{"rendered":"https:\/\/icrpolska.com\/?page_id=12902"},"modified":"2024-06-26T19:14:20","modified_gmt":"2024-06-26T17:14:20","slug":"iso-19443","status":"publish","type":"page","link":"https:\/\/icrturkey.com\/en\/certyfikacja-systemow\/iso-19443\/","title":{"rendered":"ISO 19443"},"content":{"rendered":"<p><strong>What is ISO 19443<\/strong><\/p>\n<p>ISO 19443 is a system that covers systematic methodologies and procedures for the effective quality management of the nuclear supply chain at nuclear power plants, nuclear infrastructure facilities and nuclear power producers. Based on ISO 9001, ISO 19443 adds 'nuclear safety culture' and 'nuclear quality assurance programme requirement' is an international ITNS certification that is critical for nuclear safety service providers to assess whether they are meeting quality, reliability and operating effectively.<\/p>\n<p>\u203b Nuclear safety: the achievement of appropriate operating conditions, the prevention of accidents and the mitigation of the consequences of accidents, resulting in the protection of workers, the public and the environment from excessive radiation hazards.<\/p>\n<p>\u203b ITNS (important for nuclear safety): the characteristics of a product, service, object or activity, the failure of which may result in excessive radiation exposure to humans or the environment.<\/p>\n<p>&nbsp;<\/p>\n<p><strong># Main requirements of ISO 19443 <\/strong><\/p>\n<p>&nbsp;<\/p>\n<ol>\n<li><strong> Nuclear safety culture: <\/strong>Nuclear safety culture refers to the accumulation of characteristics and attitudes of an organisation or individual that considers nuclear safety as a top priority and makes decisions by following the relevant regulations and considering nuclear safety as a top priority. It stipulates that the performance of work should be recognised as core values and behaviours.<\/li>\n<li><strong> Identification of ITNS positions and activities<\/strong>: It is required to identify the characteristics of products, services, objects or activities whose failure could expose people or the environment to excessive radiation and to take preventive action in advance.<\/li>\n<li><strong> A graded approach: <\/strong>method used to ensure that quality control, documentation, monitoring and measurement requirements are appropriate to the materiality of nuclear safety, and requires that the associated requirements are managed through classification.<\/li>\n<li><strong> Commercial grade product or activity: <\/strong>It is an item (see paragraph 3.6) or activity (see paragraph 3.1) that has an impact on nuclear safety and that has not been designed, manufactured or constructed in accordance with the specified requirements for nuclear material<strong>.<\/strong><\/li>\n<li><strong> Counterfeit\/fraudulent\/suspect product (CFS): <\/strong>If CFS elements are detected, they should be treated as non-compliance and stakeholders, including the customer, should be informed immediately.<\/li>\n<\/ol>\n<p><img fetchpriority=\"high\" decoding=\"async\" class=\"alignnone wp-image-12912\" src=\"https:\/\/icrturkey.com\/wp-content\/uploads\/2024\/03\/ISO19443-300x178.png\" alt=\"\" width=\"584\" height=\"346\" srcset=\"https:\/\/icrturkey.com\/wp-content\/uploads\/2024\/03\/ISO19443-300x178.png 300w, https:\/\/icrturkey.com\/wp-content\/uploads\/2024\/03\/ISO19443-18x12.png 18w, https:\/\/icrturkey.com\/wp-content\/uploads\/2024\/03\/ISO19443.png 698w\" sizes=\"(max-width: 584px) 100vw, 584px\" \/><\/p>\n<p><strong>Benefits of ISO 19443<\/strong><\/p>\n<ol>\n<li><strong> Quality improvement: <\/strong>ISO 19443 improves the quality of products, services and processes. Advanced quality control procedures reduce product defects and increase customer satisfaction.<\/li>\n<li><strong> Improving safety and reliability: <\/strong>ISO 19443 contributes to strengthening the nuclear safety culture and increasing the reliability of nuclear power plants. Reduce the likelihood of accidents and disasters through compliance with safety-related requirements and appropriate risk management.<\/li>\n<li><strong> Prevention of counterfeit, fraudulent or suspect products (CFS): <\/strong>Establish ISO 19443 to transparently disclose the origin and manufacturer of products and improve supplier verification and monitoring to prevent suspect products. 19443 helps organisations strengthen preparedness and maintain quality and safety against counterfeiting, fraud and suspicious items, and provides consumers with safe and reliable products.<\/li>\n<li><strong> Strengthening regulation and compliance: <\/strong>The nuclear industry is tightly regulated and compliance with safety and quality regulations is crucial. ISO 19443 reinforces compliance with relevant laws and regulations, thereby helping an organisation to remain compliant.<\/li>\n<li><strong> Greater customer satisfaction: <\/strong>As quality improves, the satisfaction of customers, users and related stakeholders improves. Safe and reliable operation of nuclear power plants builds customer confidence.<\/li>\n<li><strong> Drive a culture of continuous improvement: <\/strong>A quality management system promotes continuous improvement in an organisation. Continuously improve your organisation's capabilities and performance by using data and feedback to improve processes and solve problems.<\/li>\n<\/ol>\n<p><strong>Presentation of the structure of ISO 19443:2018 in the PDCA cycle<\/strong><\/p>\n<p><strong>\u00a0<\/strong><\/p>\n<p><strong>ISO 19443:2018 requirements <\/strong><\/p>\n<table width=\"601\">\n<tbody>\n<tr>\n<td colspan=\"2\" width=\"601\"><strong>4 Context of the organisation<\/strong><\/td>\n<\/tr>\n<tr>\n<td width=\"66\"><strong>4.1<\/strong><\/td>\n<td width=\"535\"><strong>Understanding the organisation and its context<\/strong><\/td>\n<\/tr>\n<tr>\n<td width=\"66\"><strong>4.2<\/strong><\/td>\n<td width=\"535\"><strong>Understanding the needs and expectations of stakeholders<\/strong><\/td>\n<\/tr>\n<tr>\n<td width=\"66\"><strong>4.3<\/strong><\/td>\n<td width=\"535\"><strong>Definition of the scope of the quality management system<\/strong><\/td>\n<\/tr>\n<tr>\n<td width=\"66\"><strong>4.4<\/strong><\/td>\n<td width=\"535\"><strong>Quality management system and its processes<\/strong><\/td>\n<\/tr>\n<tr>\n<td colspan=\"2\" width=\"601\"><strong>5 Leadership<\/strong><\/td>\n<\/tr>\n<tr>\n<td width=\"66\"><strong>5.1<\/strong><\/td>\n<td width=\"535\"><strong>Leadership and commitment.<\/strong><\/td>\n<\/tr>\n<tr>\n<td width=\"66\"><strong>5.1.1<\/strong><\/td>\n<td width=\"535\"><strong>General<\/strong><\/td>\n<\/tr>\n<tr>\n<td width=\"66\"><strong>5.1.2<\/strong><\/td>\n<td width=\"535\"><strong>Customer focus<\/strong><\/td>\n<\/tr>\n<tr>\n<td width=\"66\"><strong>5.1.3<\/strong><\/td>\n<td width=\"535\"><strong>Nuclear safety culture<\/strong><\/td>\n<\/tr>\n<tr>\n<td width=\"66\"><strong>5.2<\/strong><\/td>\n<td width=\"535\"><strong>Policy<\/strong><\/td>\n<\/tr>\n<tr>\n<td width=\"66\"><strong>5.2.1<\/strong><\/td>\n<td width=\"535\"><strong>Establishing a quality policy<\/strong><\/td>\n<\/tr>\n<tr>\n<td width=\"66\"><strong>5.2.2<\/strong><\/td>\n<td width=\"535\"><strong>Communication of quality policy<\/strong><\/td>\n<\/tr>\n<tr>\n<td width=\"66\"><strong>5.3<\/strong><\/td>\n<td width=\"535\"><strong>Organisational roles, responsibilities and powers<\/strong><\/td>\n<\/tr>\n<tr>\n<td colspan=\"2\" width=\"601\"><strong>6. Planning<\/strong><\/td>\n<\/tr>\n<tr>\n<td width=\"66\"><strong>6.1<\/strong><\/td>\n<td width=\"535\"><strong>Actions to counter threats and opportunities<\/strong><\/td>\n<\/tr>\n<tr>\n<td width=\"66\"><strong>6.1.3<\/strong><\/td>\n<td width=\"535\"><strong>Identification of ITNS positions and activities<\/strong><\/td>\n<\/tr>\n<tr>\n<td width=\"66\"><strong>6.1.4<\/strong><\/td>\n<td width=\"535\"><strong>A step-by-step approach to applying quality requirements<\/strong><\/td>\n<\/tr>\n<tr>\n<td width=\"66\"><strong>6.2<\/strong><\/td>\n<td width=\"535\"><strong>Quality objectives and planning to achieve them<\/strong><\/td>\n<\/tr>\n<tr>\n<td width=\"66\"><strong>6.3<\/strong><\/td>\n<td width=\"535\"><strong>Planning for change<\/strong><\/td>\n<\/tr>\n<tr>\n<td colspan=\"2\" width=\"601\"><strong>7 Support<\/strong><\/td>\n<\/tr>\n<tr>\n<td width=\"66\"><strong>7.1<\/strong><\/td>\n<td width=\"535\"><strong>General<\/strong><\/td>\n<\/tr>\n<tr>\n<td width=\"66\"><strong>7.1.2<\/strong><\/td>\n<td width=\"535\"><strong>People<\/strong><\/td>\n<\/tr>\n<tr>\n<td width=\"66\"><strong>7.1.3<\/strong><\/td>\n<td width=\"535\"><strong>Infrastructure<\/strong><\/td>\n<\/tr>\n<tr>\n<td width=\"66\"><strong>7.1.4<\/strong><\/td>\n<td width=\"535\"><strong>Process environment<\/strong><\/td>\n<\/tr>\n<tr>\n<td width=\"66\"><strong>7.1.5<\/strong><\/td>\n<td width=\"535\"><strong>Monitoring and measuring resources<\/strong><\/td>\n<\/tr>\n<tr>\n<td width=\"66\"><strong>7.1.6<\/strong><\/td>\n<td width=\"535\"><strong>Organisational knowledge<\/strong><\/td>\n<\/tr>\n<tr>\n<td width=\"66\"><strong>7.2<\/strong><\/td>\n<td width=\"535\"><strong>Competence<\/strong><\/td>\n<\/tr>\n<tr>\n<td width=\"66\"><strong>7.3<\/strong><\/td>\n<td width=\"535\"><strong>Awareness<\/strong><\/td>\n<\/tr>\n<tr>\n<td width=\"66\"><strong>7.4<\/strong><\/td>\n<td width=\"535\"><strong>Communication<\/strong><\/td>\n<\/tr>\n<tr>\n<td width=\"66\"><strong>7.5<\/strong><\/td>\n<td width=\"535\"><strong>Documented information<\/strong><\/td>\n<\/tr>\n<tr>\n<td width=\"66\"><strong>7.5.2<\/strong><\/td>\n<td width=\"535\"><strong>Creation and updating<\/strong><\/td>\n<\/tr>\n<tr>\n<td width=\"66\"><strong>7.5.3<\/strong><\/td>\n<td width=\"535\"><strong>Control of documented information<\/strong><\/td>\n<\/tr>\n<tr>\n<td colspan=\"2\" width=\"601\"><strong>8 Action<\/strong><\/td>\n<\/tr>\n<tr>\n<td width=\"66\"><strong>8.1<\/strong><\/td>\n<td width=\"535\"><strong>Operational planning and control<\/strong><\/td>\n<\/tr>\n<tr>\n<td width=\"66\"><strong>8.1.1<\/strong><\/td>\n<td width=\"535\"><strong>Regulations on counterfeit, fraudulent or suspect products (CFS)<\/strong><\/td>\n<\/tr>\n<tr>\n<td width=\"66\"><strong>8.2<\/strong><\/td>\n<td width=\"535\"><strong>Product and service requirements<\/strong><\/td>\n<\/tr>\n<tr>\n<td width=\"66\"><strong>8.2.1<\/strong><\/td>\n<td width=\"535\"><strong>Communication with the customer<\/strong><\/td>\n<\/tr>\n<tr>\n<td width=\"66\"><strong>8.2.2<\/strong><\/td>\n<td width=\"535\"><strong>Definition of product and service requirements<\/strong><\/td>\n<\/tr>\n<tr>\n<td width=\"66\"><strong>8.2.3<\/strong><\/td>\n<td width=\"535\"><strong>Overview of product and service requirements<\/strong><\/td>\n<\/tr>\n<tr>\n<td width=\"66\"><strong>8.2.4<\/strong><\/td>\n<td width=\"535\"><strong>Changes in product and service requirements<\/strong><\/td>\n<\/tr>\n<tr>\n<td width=\"66\"><strong>8.3<\/strong><\/td>\n<td width=\"535\"><strong>Design and development of products and services<\/strong><\/td>\n<\/tr>\n<tr>\n<td width=\"66\"><strong>8.3.2<\/strong><\/td>\n<td width=\"535\"><strong>Design and development planning<\/strong><\/td>\n<\/tr>\n<tr>\n<td width=\"66\"><strong>8.3.3<\/strong><\/td>\n<td width=\"535\"><strong>Design and development inputs<\/strong><\/td>\n<\/tr>\n<tr>\n<td width=\"66\"><strong>8.3.4<\/strong><\/td>\n<td width=\"535\"><strong>Design and development controls<\/strong><\/td>\n<\/tr>\n<tr>\n<td width=\"66\"><strong>8.3.4.1<\/strong><\/td>\n<td width=\"535\"><strong>Design and development, verification and validation testing<\/strong><\/td>\n<\/tr>\n<tr>\n<td width=\"66\"><strong>8.3.5<\/strong><\/td>\n<td width=\"535\"><strong>Design and development results<\/strong><\/td>\n<\/tr>\n<tr>\n<td width=\"66\"><strong>8.3.6<\/strong><\/td>\n<td width=\"535\"><strong>Design and development changes<\/strong><\/td>\n<\/tr>\n<tr>\n<td width=\"66\"><strong>8.4<\/strong><\/td>\n<td width=\"535\"><strong>Control of externally supplied processes, products and services<\/strong><\/td>\n<\/tr>\n<tr>\n<td width=\"66\"><strong>8.4.1<\/strong><\/td>\n<td width=\"535\"><strong>General<\/strong><\/td>\n<\/tr>\n<tr>\n<td width=\"66\"><strong>8.4.2<\/strong><\/td>\n<td width=\"535\"><strong>Type and scope of controls<\/strong><\/td>\n<\/tr>\n<tr>\n<td width=\"66\"><strong>8.4.3<\/strong><\/td>\n<td width=\"535\"><strong>Information for external suppliers<\/strong><\/td>\n<\/tr>\n<tr>\n<td width=\"66\"><strong>8.5<\/strong><\/td>\n<td width=\"535\"><strong>Production and provision of services<\/strong><\/td>\n<\/tr>\n<tr>\n<td width=\"66\"><strong>8.5.1<\/strong><\/td>\n<td width=\"535\"><strong>Control of production and service provision<\/strong><\/td>\n<\/tr>\n<tr>\n<td width=\"66\"><strong>8.5.1.1<\/strong><\/td>\n<td width=\"535\"><strong>Control of production equipment<\/strong><\/td>\n<\/tr>\n<tr>\n<td width=\"66\"><strong>8.5.1.2<\/strong><\/td>\n<td width=\"535\"><strong>Monitoring and measurement activities<\/strong><\/td>\n<\/tr>\n<tr>\n<td width=\"66\"><strong>8.5.2<\/strong><\/td>\n<td width=\"535\"><strong>Identification and traceability<\/strong><\/td>\n<\/tr>\n<tr>\n<td width=\"66\"><strong>8.5.3<\/strong><\/td>\n<td width=\"535\"><strong>Property belonging to customers or external suppliers<\/strong><\/td>\n<\/tr>\n<tr>\n<td width=\"66\"><strong>8.5.4<\/strong><\/td>\n<td width=\"535\"><strong>Maintenance<\/strong><\/td>\n<\/tr>\n<tr>\n<td width=\"66\"><strong>8.5.5<\/strong><\/td>\n<td width=\"535\"><strong>Post-delivery activities<\/strong><\/td>\n<\/tr>\n<tr>\n<td width=\"66\"><strong>8.5.6<\/strong><\/td>\n<td width=\"535\"><strong>Change control<\/strong><\/td>\n<\/tr>\n<tr>\n<td width=\"66\"><strong>8.6<\/strong><\/td>\n<td width=\"535\"><strong>Marketing of products and services<\/strong><\/td>\n<\/tr>\n<tr>\n<td width=\"66\"><strong>8.7<\/strong><\/td>\n<td width=\"535\"><strong>Control of incompatible outputs<\/strong><\/td>\n<\/tr>\n<tr>\n<td colspan=\"2\" width=\"601\"><strong>9. performance evaluation<\/strong><\/td>\n<\/tr>\n<tr>\n<td width=\"66\"><strong>9.1<\/strong><\/td>\n<td width=\"535\"><strong>Monitoring, measurement, analysis and evaluation<\/strong><\/td>\n<\/tr>\n<tr>\n<td width=\"66\"><strong>9.1.2<\/strong><\/td>\n<td width=\"535\"><strong>Customer satisfaction<\/strong><\/td>\n<\/tr>\n<tr>\n<td width=\"66\"><strong>9.1.3<\/strong><\/td>\n<td width=\"535\"><strong>Analysis and evaluation<\/strong><\/td>\n<\/tr>\n<tr>\n<td width=\"66\"><strong>9.2<\/strong><\/td>\n<td width=\"535\"><strong>Internal audit<\/strong><\/td>\n<\/tr>\n<tr>\n<td width=\"66\"><strong>9.3<\/strong><\/td>\n<td width=\"535\"><strong>Management review<\/strong><\/td>\n<\/tr>\n<tr>\n<td width=\"66\"><strong>9.3.2<\/strong><\/td>\n<td width=\"535\"><strong>Management review input data<\/strong><\/td>\n<\/tr>\n<tr>\n<td width=\"66\"><strong>9.3.3<\/strong><\/td>\n<td width=\"535\"><strong>Results of the management review<\/strong><\/td>\n<\/tr>\n<tr>\n<td colspan=\"2\" width=\"601\"><strong>10. improving<\/strong><\/td>\n<\/tr>\n<tr>\n<td width=\"66\"><strong>10.1<\/strong><\/td>\n<td width=\"535\"><strong>General<\/strong><\/td>\n<\/tr>\n<tr>\n<td width=\"66\"><strong>10.2<\/strong><\/td>\n<td width=\"535\"><strong>Non-compliance and corrective action<\/strong><\/td>\n<\/tr>\n<tr>\n<td width=\"66\"><strong>10.3<\/strong><\/td>\n<td width=\"535\"><strong>Continuous improvement<\/strong><\/td>\n<\/tr>\n<\/tbody>\n<\/table>\n<p><strong>\u00a0<\/strong><\/p>","protected":false},"excerpt":{"rendered":"<p>What is ISO 19443 ISO 19443 is a system that includes systematic methodologies and procedures for the effective quality management of the nuclear supply chain at nuclear power plants, nuclear infrastructure facilities and nuclear power producers. Based on ISO 9001, ISO 19443 adds a 'nuclear safety culture' and a 'nuclear quality assurance programme requirement' to the ITNS international certification,...&nbsp;<a href=\"https:\/\/icrturkey.com\/en\/certyfikacja-systemow\/iso-19443\/\" rel=\"bookmark\">Read More \"<span class=\"screen-reader-text\">ISO 19443<\/span><\/a><\/p>","protected":false},"author":2,"featured_media":0,"parent":162,"menu_order":0,"comment_status":"closed","ping_status":"closed","template":"","meta":{"neve_meta_sidebar":"","neve_meta_container":"","neve_meta_enable_content_width":"off","neve_meta_content_width":70,"neve_meta_title_alignment":"","neve_meta_author_avatar":"","neve_post_elements_order":"","neve_meta_disable_header":"","neve_meta_disable_footer":"","neve_meta_disable_title":"","footnotes":""},"class_list":["post-12902","page","type-page","status-publish","hentry"],"yoast_head":"<!-- This site is optimized with the Yoast SEO plugin v27.3 - https:\/\/yoast.com\/product\/yoast-seo-wordpress\/ -->\n<title>ISO 19443 - ICR TURKEY - tests and certification<\/title>\n<meta name=\"robots\" content=\"index, follow, max-snippet:-1, max-image-preview:large, max-video-preview:-1\" \/>\n<link rel=\"canonical\" href=\"https:\/\/icrturkey.com\/en\/certyfikacja-systemow\/iso-19443\/\" \/>\n<meta property=\"og:locale\" content=\"en_GB\" \/>\n<meta property=\"og:type\" content=\"article\" \/>\n<meta property=\"og:title\" content=\"ISO 19443 - ICR TURKEY - tests and certification\" \/>\n<meta property=\"og:description\" content=\"Co to jest ISO 19443 ISO 19443 to system, kt\u00f3ry obejmuje systematyczne metodologie i procedury skutecznego zarz\u0105dzania jako\u015bci\u0105 \u0142a\u0144cucha dostaw energii j\u0105drowej w elektrowniach j\u0105drowych, obiektach infrastruktury j\u0105drowej i producentach energii j\u0105drowej. W oparciu o norm\u0119 ISO 9001, norma ISO 19443 dodaje &#8222;kultur\u0119 bezpiecze\u0144stwa j\u0105drowego&#8221; i &#8222;wym\u00f3g programu zapewnienia jako\u015bci j\u0105drowej&#8221; to mi\u0119dzynarodowa certyfikacja ITNS,&hellip;&nbsp;Read More &raquo;ISO 19443\" \/>\n<meta property=\"og:url\" content=\"https:\/\/icrturkey.com\/en\/certyfikacja-systemow\/iso-19443\/\" \/>\n<meta property=\"og:site_name\" content=\"ICR TURKEY - tests and certification\" \/>\n<meta property=\"article:modified_time\" content=\"2024-06-26T17:14:20+00:00\" \/>\n<meta property=\"og:image\" content=\"https:\/\/icrturkey.com\/wp-content\/uploads\/2024\/03\/ISO19443-300x178.png\" \/>\n<meta name=\"twitter:card\" content=\"summary_large_image\" \/>\n<meta name=\"twitter:label1\" content=\"Estimated reading time\" \/>\n\t<meta name=\"twitter:data1\" content=\"6 minutes\" \/>\n<script type=\"application\/ld+json\" class=\"yoast-schema-graph\">{\"@context\":\"https:\\\/\\\/schema.org\",\"@graph\":[{\"@type\":\"WebPage\",\"@id\":\"https:\\\/\\\/icrturkey.com\\\/certyfikacja-systemow\\\/iso-19443\\\/\",\"url\":\"https:\\\/\\\/icrturkey.com\\\/certyfikacja-systemow\\\/iso-19443\\\/\",\"name\":\"ISO 19443 - ICR TURKEY - tests and certification\",\"isPartOf\":{\"@id\":\"https:\\\/\\\/icrturkey.com\\\/#website\"},\"primaryImageOfPage\":{\"@id\":\"https:\\\/\\\/icrturkey.com\\\/certyfikacja-systemow\\\/iso-19443\\\/#primaryimage\"},\"image\":{\"@id\":\"https:\\\/\\\/icrturkey.com\\\/certyfikacja-systemow\\\/iso-19443\\\/#primaryimage\"},\"thumbnailUrl\":\"https:\\\/\\\/icrturkey.com\\\/wp-content\\\/uploads\\\/2024\\\/03\\\/ISO19443-300x178.png\",\"datePublished\":\"2024-03-22T09:12:17+00:00\",\"dateModified\":\"2024-06-26T17:14:20+00:00\",\"breadcrumb\":{\"@id\":\"https:\\\/\\\/icrturkey.com\\\/certyfikacja-systemow\\\/iso-19443\\\/#breadcrumb\"},\"inLanguage\":\"en-GB\",\"potentialAction\":[{\"@type\":\"ReadAction\",\"target\":[\"https:\\\/\\\/icrturkey.com\\\/certyfikacja-systemow\\\/iso-19443\\\/\"]}]},{\"@type\":\"ImageObject\",\"inLanguage\":\"en-GB\",\"@id\":\"https:\\\/\\\/icrturkey.com\\\/certyfikacja-systemow\\\/iso-19443\\\/#primaryimage\",\"url\":\"https:\\\/\\\/icrturkey.com\\\/wp-content\\\/uploads\\\/2024\\\/03\\\/ISO19443-300x178.png\",\"contentUrl\":\"https:\\\/\\\/icrturkey.com\\\/wp-content\\\/uploads\\\/2024\\\/03\\\/ISO19443-300x178.png\"},{\"@type\":\"BreadcrumbList\",\"@id\":\"https:\\\/\\\/icrturkey.com\\\/certyfikacja-systemow\\\/iso-19443\\\/#breadcrumb\",\"itemListElement\":[{\"@type\":\"ListItem\",\"position\":1,\"name\":\"Strona g\u0142\u00f3wna\",\"item\":\"https:\\\/\\\/icrturkey.com\\\/\"},{\"@type\":\"ListItem\",\"position\":2,\"name\":\"Certyfikacja system\u00f3w ISO\",\"item\":\"https:\\\/\\\/icrturkey.com\\\/certyfikacja-systemow\\\/\"},{\"@type\":\"ListItem\",\"position\":3,\"name\":\"ISO 19443\"}]},{\"@type\":\"WebSite\",\"@id\":\"https:\\\/\\\/icrturkey.com\\\/#website\",\"url\":\"https:\\\/\\\/icrturkey.com\\\/\",\"name\":\"ICR TURKEY - tests and certification\",\"description\":\"CE certification, CE certificate, ISO certificate, RED testing, product testing and certification, electrical product testing, medical device testing, ATEX, IECEx, FCC, product certification, EMC testing, machinery certification, CE machines, training, electronic product testing, testing 2014\\\/53\\\/EU, drone certification, ISO 13485 certificate, ISO 9001 certificate, NC RfG\",\"publisher\":{\"@id\":\"https:\\\/\\\/icrturkey.com\\\/#\\\/schema\\\/person\\\/43aa01c7e4d61d03230a6e3e9d4e7ef2\"},\"potentialAction\":[{\"@type\":\"SearchAction\",\"target\":{\"@type\":\"EntryPoint\",\"urlTemplate\":\"https:\\\/\\\/icrturkey.com\\\/?s={search_term_string}\"},\"query-input\":{\"@type\":\"PropertyValueSpecification\",\"valueRequired\":true,\"valueName\":\"search_term_string\"}}],\"inLanguage\":\"en-GB\"},{\"@type\":[\"Person\",\"Organization\"],\"@id\":\"https:\\\/\\\/icrturkey.com\\\/#\\\/schema\\\/person\\\/43aa01c7e4d61d03230a6e3e9d4e7ef2\",\"name\":\"admin\",\"image\":{\"@type\":\"ImageObject\",\"inLanguage\":\"en-GB\",\"@id\":\"https:\\\/\\\/icrturkey.com\\\/wp-content\\\/uploads\\\/2019\\\/05\\\/cropped-logo-icr.32f04ad5-1-1.png\",\"url\":\"https:\\\/\\\/icrturkey.com\\\/wp-content\\\/uploads\\\/2019\\\/05\\\/cropped-logo-icr.32f04ad5-1-1.png\",\"contentUrl\":\"https:\\\/\\\/icrturkey.com\\\/wp-content\\\/uploads\\\/2019\\\/05\\\/cropped-logo-icr.32f04ad5-1-1.png\",\"width\":400,\"height\":148,\"caption\":\"admin\"},\"logo\":{\"@id\":\"https:\\\/\\\/icrturkey.com\\\/wp-content\\\/uploads\\\/2019\\\/05\\\/cropped-logo-icr.32f04ad5-1-1.png\"}}]}<\/script>\n<!-- \/ Yoast SEO plugin. -->","yoast_head_json":{"title":"ISO 19443 - ICR TURKEY - tests and certification","robots":{"index":"index","follow":"follow","max-snippet":"max-snippet:-1","max-image-preview":"max-image-preview:large","max-video-preview":"max-video-preview:-1"},"canonical":"https:\/\/icrturkey.com\/en\/certyfikacja-systemow\/iso-19443\/","og_locale":"en_GB","og_type":"article","og_title":"ISO 19443 - ICR TURKEY - tests and certification","og_description":"Co to jest ISO 19443 ISO 19443 to system, kt\u00f3ry obejmuje systematyczne metodologie i procedury skutecznego zarz\u0105dzania jako\u015bci\u0105 \u0142a\u0144cucha dostaw energii j\u0105drowej w elektrowniach j\u0105drowych, obiektach infrastruktury j\u0105drowej i producentach energii j\u0105drowej. W oparciu o norm\u0119 ISO 9001, norma ISO 19443 dodaje &#8222;kultur\u0119 bezpiecze\u0144stwa j\u0105drowego&#8221; i &#8222;wym\u00f3g programu zapewnienia jako\u015bci j\u0105drowej&#8221; to mi\u0119dzynarodowa certyfikacja ITNS,&hellip;&nbsp;Read More &raquo;ISO 19443","og_url":"https:\/\/icrturkey.com\/en\/certyfikacja-systemow\/iso-19443\/","og_site_name":"ICR TURKEY - tests and certification","article_modified_time":"2024-06-26T17:14:20+00:00","og_image":[{"url":"https:\/\/icrturkey.com\/wp-content\/uploads\/2024\/03\/ISO19443-300x178.png","type":"","width":"","height":""}],"twitter_card":"summary_large_image","twitter_misc":{"Estimated reading time":"6 minutes"},"schema":{"@context":"https:\/\/schema.org","@graph":[{"@type":"WebPage","@id":"https:\/\/icrturkey.com\/certyfikacja-systemow\/iso-19443\/","url":"https:\/\/icrturkey.com\/certyfikacja-systemow\/iso-19443\/","name":"ISO 19443 - ICR TURKEY - tests and certification","isPartOf":{"@id":"https:\/\/icrturkey.com\/#website"},"primaryImageOfPage":{"@id":"https:\/\/icrturkey.com\/certyfikacja-systemow\/iso-19443\/#primaryimage"},"image":{"@id":"https:\/\/icrturkey.com\/certyfikacja-systemow\/iso-19443\/#primaryimage"},"thumbnailUrl":"https:\/\/icrturkey.com\/wp-content\/uploads\/2024\/03\/ISO19443-300x178.png","datePublished":"2024-03-22T09:12:17+00:00","dateModified":"2024-06-26T17:14:20+00:00","breadcrumb":{"@id":"https:\/\/icrturkey.com\/certyfikacja-systemow\/iso-19443\/#breadcrumb"},"inLanguage":"en-GB","potentialAction":[{"@type":"ReadAction","target":["https:\/\/icrturkey.com\/certyfikacja-systemow\/iso-19443\/"]}]},{"@type":"ImageObject","inLanguage":"en-GB","@id":"https:\/\/icrturkey.com\/certyfikacja-systemow\/iso-19443\/#primaryimage","url":"https:\/\/icrturkey.com\/wp-content\/uploads\/2024\/03\/ISO19443-300x178.png","contentUrl":"https:\/\/icrturkey.com\/wp-content\/uploads\/2024\/03\/ISO19443-300x178.png"},{"@type":"BreadcrumbList","@id":"https:\/\/icrturkey.com\/certyfikacja-systemow\/iso-19443\/#breadcrumb","itemListElement":[{"@type":"ListItem","position":1,"name":"Strona g\u0142\u00f3wna","item":"https:\/\/icrturkey.com\/"},{"@type":"ListItem","position":2,"name":"Certyfikacja system\u00f3w ISO","item":"https:\/\/icrturkey.com\/certyfikacja-systemow\/"},{"@type":"ListItem","position":3,"name":"ISO 19443"}]},{"@type":"WebSite","@id":"https:\/\/icrturkey.com\/#website","url":"https:\/\/icrturkey.com\/","name":"ICR TURKEY - tests and certification","description":"CE certification, CE certificate, ISO certificate, RED testing, product testing and certification, electrical product testing, medical device testing, ATEX, IECEx, FCC, product certification, EMC testing, machinery certification, CE machines, training, electronic product testing, testing 2014\/53\/EU, drone certification, ISO 13485 certificate, ISO 9001 certificate, NC RfG","publisher":{"@id":"https:\/\/icrturkey.com\/#\/schema\/person\/43aa01c7e4d61d03230a6e3e9d4e7ef2"},"potentialAction":[{"@type":"SearchAction","target":{"@type":"EntryPoint","urlTemplate":"https:\/\/icrturkey.com\/?s={search_term_string}"},"query-input":{"@type":"PropertyValueSpecification","valueRequired":true,"valueName":"search_term_string"}}],"inLanguage":"en-GB"},{"@type":["Person","Organization"],"@id":"https:\/\/icrturkey.com\/#\/schema\/person\/43aa01c7e4d61d03230a6e3e9d4e7ef2","name":"admin","image":{"@type":"ImageObject","inLanguage":"en-GB","@id":"https:\/\/icrturkey.com\/wp-content\/uploads\/2019\/05\/cropped-logo-icr.32f04ad5-1-1.png","url":"https:\/\/icrturkey.com\/wp-content\/uploads\/2019\/05\/cropped-logo-icr.32f04ad5-1-1.png","contentUrl":"https:\/\/icrturkey.com\/wp-content\/uploads\/2019\/05\/cropped-logo-icr.32f04ad5-1-1.png","width":400,"height":148,"caption":"admin"},"logo":{"@id":"https:\/\/icrturkey.com\/wp-content\/uploads\/2019\/05\/cropped-logo-icr.32f04ad5-1-1.png"}}]}},"_links":{"self":[{"href":"https:\/\/icrturkey.com\/en\/wp-json\/wp\/v2\/pages\/12902","targetHints":{"allow":["GET"]}}],"collection":[{"href":"https:\/\/icrturkey.com\/en\/wp-json\/wp\/v2\/pages"}],"about":[{"href":"https:\/\/icrturkey.com\/en\/wp-json\/wp\/v2\/types\/page"}],"author":[{"embeddable":true,"href":"https:\/\/icrturkey.com\/en\/wp-json\/wp\/v2\/users\/2"}],"replies":[{"embeddable":true,"href":"https:\/\/icrturkey.com\/en\/wp-json\/wp\/v2\/comments?post=12902"}],"version-history":[{"count":7,"href":"https:\/\/icrturkey.com\/en\/wp-json\/wp\/v2\/pages\/12902\/revisions"}],"predecessor-version":[{"id":13304,"href":"https:\/\/icrturkey.com\/en\/wp-json\/wp\/v2\/pages\/12902\/revisions\/13304"}],"up":[{"embeddable":true,"href":"https:\/\/icrturkey.com\/en\/wp-json\/wp\/v2\/pages\/162"}],"wp:attachment":[{"href":"https:\/\/icrturkey.com\/en\/wp-json\/wp\/v2\/media?parent=12902"}],"curies":[{"name":"wp","href":"https:\/\/api.w.org\/{rel}","templated":true}]}}